{"id":16176,"date":"2025-01-20T08:37:12","date_gmt":"2025-01-20T08:37:12","guid":{"rendered":"https:\/\/www.hydraulic-cylinders.net\/product\/arm-cylinderfor-caterpillar-large-excavator-e345d\/"},"modified":"2025-01-20T08:37:14","modified_gmt":"2025-01-20T08:37:14","slug":"arm-cylinderfor-caterpillar-large-excavator-e345d","status":"publish","type":"product","link":"https:\/\/www.hydraulic-cylinders.net\/lv\/products\/arm-cylinderfor-caterpillar-large-excavator-e345d\/","title":{"rendered":"Sviras cilindrs Caterpillar lielajam ekskavatoram E345D"},"content":{"rendered":"<p>Sviras cilindrs Caterpillar lielajam ekskavatoram E345D<\/p>\n<p>Ievads<\/p>\n<p>Sviras cilindrs ir hidraulisk\u0101 cilindra veids, kas \u012bpa\u0161i izstr\u0101d\u0101ts, lai nodro\u0161in\u0101tu line\u0101ru kust\u012bbu un jaudu da\u017e\u0101du veidu ma\u0161\u012bnu, piem\u0113ram, ekskavatoru, celt\u0146u un meh\u0101nisko sviru, svirai. Sviras cilindram ir iz\u0161\u0137iro\u0161a noz\u012bme hidrauliskaj\u0101s sist\u0113m\u0101s, \u013caujot pielikumiem vai piederumiem efekt\u012bvi p\u0101rvietoties un vad\u012bties. \u0160ie cilindri ne tikai nodro\u0161ina vienm\u0113r\u012bgu kust\u012bbu, bet ar\u012b iztur lielas slodzes, nodro\u0161inot ma\u0161\u012bnu efekt\u012bvu darb\u012bbu un uzticam\u012bbu da\u017e\u0101dos ekspluat\u0101cijas apst\u0101k\u013cos.<\/p>\n<p>Defin\u012bcija<\/p>\n<p>Sviras cilindrs, kas paz\u012bstams ar\u012b k\u0101 str\u0113les cilindrs, ir hidraulisk\u0101 cilindra veids, kas nodro\u0161ina line\u0101ru kust\u012bbu un jaudu da\u017e\u0101du veidu ma\u0161\u012bnu svirai. Cilindrs parasti ir izgatavots no augstas iztur\u012bbas materi\u0101liem un tam ir virzu\u013ca un stie\u0146a mezgls, kas p\u0101rvietojas cilindra korpus\u0101 un \u0101rpus t\u0101, lai nodro\u0161in\u0101tu line\u0101ru kust\u012bbu, kas nepiecie\u0161ama sviras darb\u012bbai.<\/p>\n<p>Funkcijas<\/p>\n<p>1. Augstas efektivit\u0101tes transmisija: sviras cilindrs nodro\u0161ina jaud\u012bgu line\u0101ru kust\u012bbu un sp\u0113ku, garant\u0113jot meh\u0101nisk\u0101s sviras efekt\u012bvu darb\u012bbu da\u017e\u0101d\u0101s darb\u012bb\u0101s.<\/p>\n<p>2. Prec\u012bza vad\u012bba: rokas cilindrs var pan\u0101kt prec\u012bzu kust\u012bbas vad\u012bbu, izmantojot hidraulisko sist\u0113mu, padarot pievienoto instrumentu darb\u012bbu elast\u012bg\u0101ku un prec\u012bz\u0101ku.<\/p>\n<p>3. Sp\u0113c\u012bga iztur\u012bba: sviras cilindrs parasti ir izgatavots no augstas stipr\u012bbas materi\u0101liem ar labu nodilumiztur\u012bbu un iztur\u012bbu pret koroziju, padarot to piem\u0113rotu ilgsto\u0161ai lieto\u0161anai skarbos apst\u0101k\u013cos.<\/p>\n<p>4. Daudzfunkcion\u0101la piel\u0101go\u0161an\u0101s sp\u0113ja: \u0161os cilindrus var pla\u0161i izmantot da\u017e\u0101da veida ma\u0161\u012bn\u0101s, piem\u0113ram, ekskavatoros, celt\u0146os un meh\u0101niskaj\u0101s svir\u0101s, lai izpild\u012btu da\u017e\u0101das ekspluat\u0101cijas pras\u012bbas.<\/p>\n<p>5. Vienk\u0101r\u0161a apkope: sviras cilindra konstrukcija ir veidota t\u0101, lai to b\u016btu viegli apkopt un nomain\u012bt, padarot to \u0113rt\u0101ku regul\u0101r\u0101m p\u0101rbaud\u0113m un apkopei, samazinot iek\u0101rtu d\u012bkst\u0101ves laiku.<\/p>\n<p>Ra\u017eo\u0161ana<\/p>\n<p>M\u016bsu uz\u0146\u0113mums ra\u017eo pla\u0161u hidraulisko cilindru kl\u0101stu, tostarp sviras cilindru Caterpillar lielajam ekskavatoram E345D. M\u016bsu produkti var lieliski aizst\u0101t \u0161os hidrauliskos cilindrus kvalit\u0101tes un veiktsp\u0113jas zi\u0146\u0101. M\u0113s izmantojam augst\u0101k\u0101s klases digit\u0101l\u0101s ra\u017eo\u0161anas iek\u0101rtas un profesion\u0101las test\u0113\u0161anas sist\u0113mas, lai optimiz\u0113tu ra\u017eo\u0161anas platformu un uzlabotu produktu kvalit\u0101tes kontroles procesus, demonstr\u0113jot sp\u0113c\u012bgas inov\u0101ciju sp\u0113jas.<\/p>\n<p>Pieteikumi<\/p>\n<p>Sviras cilindru var izmantot da\u017e\u0101d\u0101s nozar\u0113s, piem\u0113ram:<\/p>\n<p>1. B\u016bvniec\u012bbas in\u017eenierija: sviras cilindru izmanto, lai kontrol\u0113tu ekskavatoru un celt\u0146u kausa vai str\u0113les kust\u012bbu zemes p\u0101rvieto\u0161anas, materi\u0101lu apstr\u0101des un konstrukciju uzst\u0101d\u012b\u0161anas darbos.<\/p>\n<p>2. Ra\u017eo\u0161ana: sviras cilindrs tiek izmantots meh\u0101nisko sviru line\u0101rai kust\u012bbai automatiz\u0113t\u0101s ra\u017eo\u0161anas l\u012bnij\u0101s mont\u0101\u017eai, metin\u0101\u0161anai un apstr\u0101dei, lai uzlabotu ra\u017eo\u0161anas efektivit\u0101ti un precizit\u0101ti.<\/p>\n<p>3. Lauksaimniec\u012bbas tehnika: sviras cilindru izmanto, lai vad\u012btu vad\u012bbas sviras kust\u012bbu lauksaimniec\u012bbas tehnik\u0101, piem\u0113ram, kombainos un s\u0113jma\u0161\u012bn\u0101s, t\u0101diem uzdevumiem k\u0101 s\u0113\u0161ana, m\u0113slo\u0161ana un ra\u017eas nov\u0101k\u0161ana.<\/p>\n<p>4. Kalnr\u016bpniec\u012bba: rokas cilindru izmanto, lai kontrol\u0113tu rokas kust\u012bbu kalnr\u016bpniec\u012bbas iek\u0101rt\u0101s miner\u0101lu ieguvei un transport\u0113\u0161anai.<\/p>\n<p>5. Lo\u0123istika un transport\u0113\u0161ana: sviras cilindrs tiek izmantots, lai kontrol\u0113tu dak\u0161as kust\u012bbu iekr\u0101v\u0113jos un apstr\u0101des robotos materi\u0101lu apstr\u0101dei un krau\u0161anai.<\/p>\n<p>Dizaina apsv\u0113rumi un atlases krit\u0113riji<\/p>\n<p>Sviru cilindri j\u0101izv\u0113las, pamatojoties uz to nestsp\u0113ju, bl\u012bv\u0113jumu, iztur\u012bbu, dro\u0161\u012bbu un apkopes iesp\u0113j\u0101m. Da\u017ei projekt\u0113\u0161anas apsv\u0113rumi un atlases krit\u0113riji ietver:<\/p>\n<p>1. Nestsp\u0113ja: rokas cilindram j\u0101b\u016bt konstru\u0113tam t\u0101, lai tas iztur\u0113tu rokas kust\u012bbas maksim\u0101lo slodzi, lai nodro\u0161in\u0101tu dro\u0161u un uzticamu darb\u012bbu.<\/p>\n<p>2. Bl\u012bv\u0113jums: lai nov\u0113rstu e\u013c\u013cas nopl\u016bdi un net\u012brumu un gru\u017eu iek\u013c\u016b\u0161anu, j\u0101izmanto da\u017e\u0101da veida bl\u012bv\u0113jumi, piem\u0113ram, virzu\u013ca bl\u012bvsl\u0113gi, stie\u0146a bl\u012bvsl\u0113gi \u200b\u200bun stikla t\u012br\u012bt\u0101ju bl\u012bvsl\u0113gi.<\/p>\n<p>3. Iztur\u012bba: sviras cilindram j\u0101b\u016bt izgatavotam no augstas iztur\u012bbas materi\u0101liem ar labu nodilumiztur\u012bbu un korozijas iztur\u012bbu, lai nodro\u0161in\u0101tu ilgsto\u0161u lieto\u0161anu skarbos apst\u0101k\u013cos.<\/p>\n<p>4. Dro\u0161\u012bba: rokas cilindram j\u0101b\u016bt apr\u012bkotam ar dro\u0161\u012bbas ier\u012bc\u0113m, piem\u0113ram, spiediena samazin\u0101\u0161anas v\u0101rstiem un amortiz\u0101cijas ier\u012bc\u0113m, lai nov\u0113rstu negad\u012bjumus, ko izraisa p\u0101rm\u0113r\u012bgs spiediens vai trieciens.<\/p>\n<p>5. Apkope: sviras cilindram j\u0101b\u016bt viegli kopjamam un remont\u0113jamam, ar vienk\u0101r\u0161u un \u0101tru demont\u0101\u017eu un mont\u0101\u017eu, samazinot iek\u0101rtu d\u012bkst\u0101ves laiku.<\/p>\n<p>Bl\u012bv\u0113\u0161ana un e\u013c\u013co\u0161ana<\/p>\n<p>Sviru cilindros tiek izmantoti da\u017e\u0101di bl\u012bv\u0113jumu veidi, piem\u0113ram, virzu\u013ca bl\u012bv\u0113jumi, stie\u0146a bl\u012bv\u0113jumi un stikla t\u012br\u012bt\u0101ju bl\u012bv\u0113jumi, lai nov\u0113rstu e\u013c\u013cas nopl\u016bdi un net\u012brumu un gru\u017eu iek\u013c\u016b\u0161anu. Bl\u012bv\u0113jumi ir izgatavoti no nodilumiztur\u012bgiem materi\u0101liem, piem\u0113ram, poliuret\u0101na un nitrila gumijas. Cilindra korpuss un v\u012btnes gala virsmas ir smalki apstr\u0101d\u0101tas, lai uzlabotu nodilumiztur\u012bbu. Lai nodro\u0161in\u0101tu vienm\u0113r\u012bgu darb\u012bbu un pagarin\u0101tu cilindra kalpo\u0161anas laiku, ir nepiecie\u0161ama regul\u0101ra e\u013c\u013co\u0161ana ar hidraulisko e\u013c\u013cu.<\/p>\n<p>P\u0101rbaude un profilaktisk\u0101 apkope<\/p>\n<p>Lai nodro\u0161in\u0101tu dro\u0161u un uzticamu darb\u012bbu, ir nepiecie\u0161ama regul\u0101ra p\u0101rbaude un profilaktisk\u0101 apkope, lai nodro\u0161in\u0101tu sviras cilindru darb\u012bbu. Da\u017ei profilaktisk\u0101s apkopes pas\u0101kumi ietver:<\/p>\n<p>1. Regul\u0101ri p\u0101rbaudiet bl\u012bv\u0113jumu, virzu\u013cu stie\u0146u un cilindru korpusu st\u0101vokli, vai nav nodiluma, boj\u0101jumu, korozijas un e\u013c\u013cas nopl\u016bdes.<\/p>\n<p>2. Regul\u0101ri p\u0101rbaudiet darba spiedienu un amortiz\u0101cijas ier\u012bces, lai nodro\u0161in\u0101tu dro\u0161u un stabilu darb\u012bbu.<\/p>\n<p>3. Regul\u0101ri nomainiet hidraulisko e\u013c\u013cu, lai uztur\u0113tu pareizu e\u013c\u013co\u0161anu un nov\u0113rstu pies\u0101r\u0146ojumu.<\/p>\n<p>4. Periodiski p\u0101rbaudiet savienojumus un deta\u013cas, vai t\u0101s nav va\u013c\u012bgas vai boj\u0101tas.<\/p>\n<p>Uzst\u0101d\u012b\u0161anas rokasgr\u0101mata<\/p>\n<p>1. Uzst\u0101diet cilindru saska\u0146\u0101 ar ra\u017eot\u0101ja nor\u0101d\u012bjumiem, p\u0101rliecinoties, ka cilindrs ir pareizi izl\u012bdzin\u0101ts ar stiprin\u0101jumu un hidrauliskie savienojumi ir dro\u0161i.<\/p>\n<p>2. Pievelciet savienojumus l\u012bdz ieteicamajiem griezes momentiem.<\/p>\n<p>3. Pirms darba uzs\u0101k\u0161anas piepildiet cilindru ar hidraulisko e\u013c\u013cu.<\/p>\n<p>Dro\u0161\u012bbas apsv\u0113rumi un vides faktori<\/p>\n<p>Dro\u0161\u012bba ir kritiski svar\u012bgs apsv\u0113rums, str\u0101d\u0101jot ar ma\u0161\u012bn\u0101m ar sviras cilindriem. Operatoriem j\u0101b\u016bt pien\u0101c\u012bgi apm\u0101c\u012btiem hidraulisko iek\u0101rtu dro\u0161\u0101 lieto\u0161an\u0101 un ekspluat\u0101cij\u0101. Vides faktori, piem\u0113ram, temperat\u016bra, mitrums un saskare ar kod\u012bg\u0101m viel\u0101m, var ietekm\u0113t cilindra veiktsp\u0113ju un kalpo\u0161anas laiku.<\/p>\n<p>Probl\u0113mu nov\u0113r\u0161ana un bie\u017ei sastopamas probl\u0113mas<\/p>\n<p>Bie\u017ei sastopamas probl\u0113mas ar sviras cilindriem ir nopl\u016bde, nepietiekams vai p\u0101rm\u0113r\u012bgs sp\u0113ks un neparasts troksnis. Probl\u0113mu nov\u0113r\u0161anas padomi un risin\u0101jumi ietver:<\/p>\n<p>1. P\u0101rbaudiet bl\u012bves, virzu\u013ca stie\u0146us un cilindru korpusus, vai tie nav nodilu\u0161i, boj\u0101ti vai korozijas, un, ja nepiecie\u0161ams, nomainiet tos.<\/p>\n<p>2. P\u0101rbaudiet hidraulisk\u0101s e\u013c\u013cas l\u012bmeni un kvalit\u0101ti un, ja nepiecie\u0161ams, nomainiet to.<\/p>\n<p>3. P\u0101rbaudiet darba spiedienu un noregul\u0113jiet to pareizaj\u0101 l\u012bmen\u012b.<\/p>\n<p>4. P\u0101rbaudiet amortiz\u0101cijas ier\u012bces, vai t\u0101s nav boj\u0101tas vai nodilu\u0161as, un nepiecie\u0161am\u012bbas gad\u012bjum\u0101 nomainiet t\u0101s.<\/p>\n<p>Secin\u0101jums<\/p>\n<p>M\u016bsu uz\u0146\u0113mums ir profesion\u0101ls rezerves hidraulisko cilindru ra\u017eot\u0101js ar pla\u0161u produktu kl\u0101stu un ir k\u013cuvis par vienu no vado\u0161ajiem hidraulisko cilindru ra\u017eot\u0101jiem un vairumtirdzniec\u012bbas izplat\u012bt\u0101jiem viet\u0113j\u0101 un starptautiskaj\u0101 tirg\u016b. M\u0113s vienm\u0113r iev\u0113rojam izcilas kvalit\u0101tes principu, nep\u0101rtraukti uzlabojam savu tehnolo\u0123iju l\u012bmeni un ra\u017eo\u0161anas efektivit\u0101ti, k\u0101 ar\u012b nodro\u0161in\u0101m klientiem daudzveid\u012bgus produktus un piel\u0101gotus pakalpojumus.<\/p>","protected":false},"excerpt":{"rendered":"<p>Arm Cylinder For Caterpillar Large Excavator E345D Introduction The arm cylinder is a type of hydraulic cylinder specially designed to provide linear movement and power to the arm of various types of machinery such as excavators, cranes, and mechanical arms. The arm cylinder plays a critical role in hydraulic systems, enabling attachments or accessories to [&hellip;]<\/p>","protected":false},"featured_media":14777,"comment_status":"open","ping_status":"closed","template":"","meta":{"_et_pb_use_builder":"","_et_pb_old_content":"","_et_gb_content_width":""},"product_brand":[],"product_cat":[1497],"product_tag":[1498,1496],"class_list":{"0":"post-16176","1":"product","2":"type-product","3":"status-publish","4":"has-post-thumbnail","6":"product_cat-arm-cylinders","7":"product_tag-arm-cylinders","8":"product_tag-hydraulic-cylinders","10":"first","11":"instock","12":"shipping-taxable","13":"product-type-simple"},"amp_enabled":true,"_links":{"self":[{"href":"https:\/\/www.hydraulic-cylinders.net\/lv\/wp-json\/wp\/v2\/product\/16176","targetHints":{"allow":["GET"]}}],"collection":[{"href":"https:\/\/www.hydraulic-cylinders.net\/lv\/wp-json\/wp\/v2\/product"}],"about":[{"href":"https:\/\/www.hydraulic-cylinders.net\/lv\/wp-json\/wp\/v2\/types\/product"}],"replies":[{"embeddable":true,"href":"https:\/\/www.hydraulic-cylinders.net\/lv\/wp-json\/wp\/v2\/comments?post=16176"}],"wp:featuredmedia":[{"embeddable":true,"href":"https:\/\/www.hydraulic-cylinders.net\/lv\/wp-json\/wp\/v2\/media\/14777"}],"wp:attachment":[{"href":"https:\/\/www.hydraulic-cylinders.net\/lv\/wp-json\/wp\/v2\/media?parent=16176"}],"wp:term":[{"taxonomy":"product_brand","embeddable":true,"href":"https:\/\/www.hydraulic-cylinders.net\/lv\/wp-json\/wp\/v2\/product_brand?post=16176"},{"taxonomy":"product_cat","embeddable":true,"href":"https:\/\/www.hydraulic-cylinders.net\/lv\/wp-json\/wp\/v2\/product_cat?post=16176"},{"taxonomy":"product_tag","embeddable":true,"href":"https:\/\/www.hydraulic-cylinders.net\/lv\/wp-json\/wp\/v2\/product_tag?post=16176"}],"curies":[{"name":"wp","href":"https:\/\/api.w.org\/{rel}","templated":true}]}}