{"id":16184,"date":"2025-01-20T08:37:45","date_gmt":"2025-01-20T08:37:45","guid":{"rendered":"https:\/\/www.hydraulic-cylinders.net\/product\/arm-cylinderfor-caterpillar-large-excavator-e374fl\/"},"modified":"2025-01-20T08:37:47","modified_gmt":"2025-01-20T08:37:47","slug":"arm-cylinderfor-caterpillar-large-excavator-e374fl","status":"publish","type":"product","link":"https:\/\/www.hydraulic-cylinders.net\/lv\/products\/arm-cylinderfor-caterpillar-large-excavator-e374fl\/","title":{"rendered":"Sviras cilindrs Caterpillar lielajam ekskavatoram E374FL"},"content":{"rendered":"<h1>Sviras cilindrs Caterpillar lielajam ekskavatoram E374FL<\/h1>\n<h2>Ievads<\/h2>\n<p>Caterpillar liel\u0101 ekskavatora E374FL sviras cilindrs ir specializ\u0113ts hidrauliskais cilindrs, kas paredz\u0113ts, lai nodro\u0161in\u0101tu line\u0101ru kust\u012bbu un jaudu da\u017e\u0101du ma\u0161\u012bnu, piem\u0113ram, ekskavatoru, celt\u0146u un robotiz\u0113tu roku, svirai. Sviras cilindram ir iz\u0161\u0137iro\u0161a noz\u012bme hidrauliskaj\u0101s sist\u0113m\u0101s, nodro\u0161inot efekt\u012bvu papildu instrumentu vai stiprin\u0101jumu p\u0101rvieto\u0161anu un vad\u012bbu. \u0160ie cilindri ne tikai nodro\u0161ina vienm\u0113r\u012bgu kust\u012bbu, bet ar\u012b iztur lielas slodzes, garant\u0113jot augstu darb\u012bbas efektivit\u0101ti un uzticam\u012bbu da\u017e\u0101dos darba apst\u0101k\u013cos.<\/p>\n<p><img decoding=\"async\" src=\"https:\/\/www.hydraulic-cylinders.net\/wp-content\/uploads\/2025\/01\/songte-company-2.webp\" alt=\"Sviras cilindra att\u0113ls\"><\/p>\n<h2>Funkcijas<\/h2>\n<ul>\n<li><strong>Augstas efektivit\u0101tes p\u0101rraide:<\/strong> Sviras cilindrs nodro\u0161ina jaud\u012bgu line\u0101ru kust\u012bbu un sp\u0113ku, garant\u0113jot ma\u0161\u012bnas rokas augstu veiktsp\u0113ju da\u017e\u0101d\u0101s darb\u012bb\u0101s.<\/li>\n<li><strong>Prec\u012bza kontrole:<\/strong> Izmantojot hidraulisko sist\u0113mu, rokas cilindrs nodro\u0161ina prec\u012bzu kust\u012bbas kontroli, padarot papildu instrumentu darb\u012bbu elast\u012bg\u0101ku un prec\u012bz\u0101ku.<\/li>\n<li><strong>Iztur\u012bba:<\/strong> Sviru cilindri parasti tiek ra\u017eoti, izmantojot augstas stipr\u012bbas materi\u0101lus, kas nodro\u0161ina izcilu iztur\u012bbu pret nodilumu un koroziju, padarot tos piem\u0113rotus ilgsto\u0161ai lieto\u0161anai skarbos apst\u0101k\u013cos.<\/li>\n<li><strong>Daudzfunkcion\u0101la piel\u0101go\u0161an\u0101s sp\u0113ja:<\/strong> \u0160os cilindrus var pla\u0161i pielietot da\u017e\u0101da veida ma\u0161\u012bn\u0101m, piem\u0113ram, ekskavatoriem, celt\u0146iem un robotiz\u0113t\u0101m rok\u0101m, piel\u0101gojoties da\u017e\u0101d\u0101m darba pras\u012bb\u0101m.<\/li>\n<li><strong>Vienk\u0101r\u0161a apkope:<\/strong> Ar m\u0113r\u0137i atvieglot apkopi un nomai\u0146u, sviru cilindri atvieglo regul\u0101ras p\u0101rbaudes un apkopi, samazinot iek\u0101rtu d\u012bkst\u0101ves laiku.<\/li>\n<\/ul>\n<p><img decoding=\"async\" src=\"https:\/\/www.hydraulic-cylinders.net\/wp-content\/uploads\/2025\/01\/songte-oil-pipes-and-spare-parts.webp\" alt=\"Hidraulisk\u0101 cilindra att\u0113ls\"><\/p>\n<h2>Pieteikumi<\/h2>\n<p>Caterpillar liel\u0101 ekskavatora E374FL sviras cilindrs tiek izmantots da\u017e\u0101d\u0101s nozar\u0113s:<\/p>\n<ul>\n<li><strong>B\u016bvniec\u012bbas in\u017eenierija:<\/strong> Ekskavatoros un celt\u0146os sviras cilindrs kontrol\u0113 kausu vai str\u0113les kust\u012bbu, atvieglojot zemes darbus, materi\u0101lu apstr\u0101di un konstrukciju uzst\u0101d\u012b\u0161anu.<\/li>\n<li><strong>Ra\u017eo\u0161anas nozare:<\/strong> Automatiz\u0113t\u0101s ra\u017eo\u0161anas l\u012bnij\u0101s rokas cilindrs nodro\u0161ina robotiz\u0113tu roku kust\u012bbu, atvieglojot mont\u0101\u017eas, metin\u0101\u0161anas un materi\u0101lu apstr\u0101des procesus, t\u0101d\u0113j\u0101di uzlabojot ra\u017eo\u0161anas efektivit\u0101ti un precizit\u0101ti.<\/li>\n<li><strong>Lauksaimniec\u012bbas tehnika:<\/strong> Lauksaimniec\u012bbas ma\u0161\u012bn\u0101s, piem\u0113ram, kombainos un s\u0113jma\u0161\u012bn\u0101s, sviras cilindrs kontrol\u0113 vad\u012bbas sviru kust\u012bbu t\u0101diem uzdevumiem k\u0101 st\u0101d\u012b\u0161ana, m\u0113slo\u0161ana un ra\u017eas nov\u0101k\u0161ana.<\/li>\n<li><strong>Kalnr\u016bpniec\u012bba:<\/strong> Kalnr\u016bpniec\u012bbas iek\u0101rt\u0101s sviras cilindrs kontrol\u0113 kalnr\u016bpniec\u012bbas ma\u0161\u012bnu sviras kust\u012bbu r\u016bdas ieguvei un transport\u0113\u0161anai.<\/li>\n<li><strong>Lo\u0123istika un transports:<\/strong> Iekr\u0101v\u0113jos un apstr\u0101des robotos rokas cilindrs kontrol\u0113 dak\u0161u pacel\u0161anu un kust\u012bbu, nodro\u0161inot materi\u0101lu apstr\u0101di un sakrau\u0161anu.<\/li>\n<\/ul>\n<h2>Dizaina apsv\u0113rumi un atlases krit\u0113riji<\/h2>\n<ul>\n<li><strong>Nestsp\u0113ja:<\/strong> Sviras cilindra konstrukcij\u0101 ir \u0146emta v\u0113r\u0101 sp\u0113ja iztur\u0113t paredz\u0113t\u0101s slodzes un sp\u0113kus.<\/li>\n<li><strong>Bl\u012bv\u0113jums:<\/strong> Da\u017e\u0101di bl\u012bv\u0113\u0161anas elementi, piem\u0113ram, virzu\u013ca bl\u012bvsl\u0113gi \u200b\u200bun stie\u0146u bl\u012bvsl\u0113gi, kas izgatavoti no nodilumiztur\u012bgiem materi\u0101liem, piem\u0113ram, poliuret\u0101na un nitrila gumijas, nodro\u0161ina efekt\u012bvu bl\u012bv\u0113\u0161anas veiktsp\u0113ju.<\/li>\n<li><strong>Iztur\u012bba:<\/strong> Cilindra korpuss un v\u012bt\u0146otie gali tiek r\u016bp\u012bgi apstr\u0101d\u0101ti, lai uzlabotu nodilumiztur\u012bbu.<\/li>\n<li><strong>Dro\u0161\u012bba:<\/strong> Projekt\u0113\u0161anas proces\u0101 tiek \u0146emti v\u0113r\u0101 dro\u0161\u012bbas apsv\u0113rumi, lai nodro\u0161in\u0101tu rokas cilindra uzticamu un dro\u0161u darb\u012bbu.<\/li>\n<li><strong>Apkope:<\/strong> \u0160is dizains atvieglo apkopi un nomai\u0146u, nodro\u0161inot \u0113rtas periodiskas p\u0101rbaudes un samazinot d\u012bkst\u0101ves laiku.<\/li>\n<\/ul>\n<p><img decoding=\"async\" src=\"https:\/\/www.hydraulic-cylinders.net\/wp-content\/uploads\/2025\/01\/songte-cylinder-head-with-all-kinds-excavator-models.webp\" alt=\"Hidraulisk\u0101 cilindra att\u0113ls\"><\/p>\n<h2>Bl\u012bv\u0113\u0161ana un e\u013c\u013co\u0161ana<\/h2>\n<p>Sviras cilindr\u0101 tiek izmantoti da\u017e\u0101di bl\u012bv\u0113\u0161anas komponenti, piem\u0113ram, virzu\u013ca bl\u012bvsl\u0113gi \u200b\u200bun stie\u0146a bl\u012bvsl\u0113gi, kas izgatavoti no nodilumiztur\u012bgiem materi\u0101liem, piem\u0113ram, poliuret\u0101na un nitrila gumijas. Cilindra korpuss un v\u012bt\u0146otie gali tiek pak\u013cauti prec\u012bzai virsmas apstr\u0101dei, lai uzlabotu nodilumiztur\u012bbu. Lai nodro\u0161in\u0101tu vienm\u0113r\u012bgu darb\u012bbu un ilgm\u016b\u017e\u012bbu, ir nepiecie\u0161ama regul\u0101ra e\u013c\u013co\u0161ana ar atbilsto\u0161u hidraulisko e\u013c\u013cu.<\/p>\n<h2>Regul\u0101ra p\u0101rbaude un profilaktisk\u0101 apkope<\/h2>\n<ul>\n<li>Regul\u0101ri p\u0101rbaudiet sviras cilindru, vai nav nodiluma, nopl\u016b\u017eu vai boj\u0101jumu paz\u012bmju.<\/li>\n<li>Regul\u0101ri p\u0101rbaudiet hidraulisk\u0101s e\u013c\u013cas l\u012bmeni un kvalit\u0101ti.<\/li>\n<li>Nodro\u0161iniet pareizu sviras cilindra izl\u012bdzin\u0101\u0161anu un uzst\u0101d\u012b\u0161anu.<\/li>\n<li>Iev\u0113rojiet ra\u017eot\u0101ja ieteiktos apkopes interv\u0101lus un proced\u016bras.<\/li>\n<li>Lai nov\u0113rstu pies\u0101r\u0146ojumu, uzturiet sviras cilindru un t\u0101 apk\u0101rt\u0113jo virsmu t\u012bru.<\/li>\n<\/ul>\n<h2>Produkta uzst\u0101d\u012b\u0161anas rokasgr\u0101mata<\/h2>\n<p>Lai pareizi uzst\u0101d\u012btu sviras cilindru, veiciet t\u0101l\u0101k nor\u0101d\u012bt\u0101s darb\u012bbas.<\/p>\n<ol>\n<li>Sagatavojiet nepiecie\u0161amos instrumentus un apr\u012bkojumu.<\/li>\n<li>P\u0101rliecinieties, ka meh\u0101nisms atrodas stabil\u0101 un dro\u0161\u0101 st\u0101vokl\u012b.<\/li>\n<li>Uzman\u012bgi no\u0146emiet veco cilindru, ja t\u0101ds ir.<\/li>\n<li>P\u0101rbaudiet stiprin\u0101juma virsmas, vai taj\u0101s nav boj\u0101jumu vai gru\u017eu.<\/li>\n<li>Novietojiet sviras cilindru ar stiprin\u0101juma punktiem un nostipriniet to, izmantojot atbilsto\u0161us stiprin\u0101jumus.<\/li>\n<li>Pievienojiet hidraulisk\u0101s \u0161\u013c\u016btenes vai caurules saska\u0146\u0101 ar ra\u017eot\u0101ja nor\u0101d\u012bjumiem.<\/li>\n<li>Divreiz p\u0101rbaudiet visus savienojumus un pievelciet, ja nepiecie\u0161ams.<\/li>\n<li>Pirms norm\u0101las lieto\u0161anas ats\u0101k\u0161anas p\u0101rbaudiet sviras cilindra pareizu darb\u012bbu.<\/li>\n<\/ol>\n<p><img decoding=\"async\" src=\"https:\/\/www.hydraulic-cylinders.net\/wp-content\/uploads\/2025\/01\/songte-bushings-with-all-kinds-of-excavator-models.webp\" alt=\"Hidraulisk\u0101 cilindra att\u0113ls\"><\/p>\n<h2>Dro\u0161\u012bbas apsv\u0113rumi un vides faktori<\/h2>\n<p>Lietojot rokas cilindru, ir svar\u012bgi iev\u0113rot dro\u0161\u012bbas pas\u0101kumus, lai nodro\u0161in\u0101tu dro\u0161u darb\u012bbu un \u0146emtu v\u0113r\u0101 vides faktorus. Vienm\u0113r j\u0101izmanto atbilsto\u0161i dro\u0161\u012bbas pas\u0101kumi un apr\u012bkojums. J\u0101iev\u0113ro vides noteikumi un vadl\u012bnijas, lai l\u012bdz minimumam samazin\u0101tu jebk\u0101du iesp\u0113jamo negat\u012bvo ietekmi.<\/p>\n<h2>K\u013c\u016bmju diagnostika un bie\u017e\u0101k sastopam\u0101s probl\u0113mas<\/h2>\n<p>Bie\u017ei sastopamas k\u013c\u016bmes un probl\u0113mas, kas var rasties ar sviras cilindru, ir \u0161\u0101das:<\/p>\n<ul>\n<li>Nopl\u016bde no bl\u012bv\u0113m vai savienojumiem<\/li>\n<li>Neparasts troksnis darb\u012bbas laik\u0101<\/li>\n<li>L\u0113na vai saraust\u012bta kust\u012bba<\/li>\n<li>Nekonsekventa veiktsp\u0113ja<\/li>\n<li>P\u0101rm\u0113r\u012bgs cilindru deta\u013cu nodilums<\/li>\n<\/ul>\n<p>Lai risin\u0101tu \u0161\u012bs probl\u0113mas, apsveriet t\u0101l\u0101k nor\u0101d\u012bt\u0101s probl\u0113mu nov\u0113r\u0161anas un risin\u0101jumu iesp\u0113jas.<\/p>\n<ul>\n<li>P\u0101rbaudiet un nomainiet boj\u0101tus vai nolietotus bl\u012bv\u0113jumus un savienojumus.<\/li>\n<li>Regul\u0101ri iee\u013c\u013cojiet cilindru un t\u0101 sast\u0101vda\u013cas.<\/li>\n<li>Nodro\u0161iniet atbilsto\u0161u hidraulisk\u0101s e\u013c\u013cas l\u012bmeni un kvalit\u0101ti.<\/li>\n<li>P\u0101rbaudiet, vai hidrauliskaj\u0101 sist\u0113m\u0101 nav boj\u0101jumu vai nob\u012bdes.<\/li>\n<li>Lai ieg\u016btu konkr\u0113tus probl\u0113mu nov\u0113r\u0161anas so\u013cus, skatiet ra\u017eot\u0101ja nor\u0101d\u012bjumus.<\/li>\n<\/ul>\n<p><img decoding=\"async\" src=\"https:\/\/www.hydraulic-cylinders.net\/wp-content\/uploads\/2025\/01\/songte-chushion-collar.webp\" alt=\"Hidraulisk\u0101 cilindra att\u0113ls\"><\/p>\n<p>Atcerieties lo\u0123iski sak\u0101rtot rakstu, izmantot apak\u0161virsrakstus \u0113rtai navig\u0101cijai, iek\u013caut atbilsto\u0161us att\u0113lus vai diagrammas, lai uzlabotu izpratni, un nodro\u0161in\u0101t satura skaidr\u012bbu, kodol\u012bgumu un piem\u0113rot\u012bbu las\u012bt\u0101jiem ar da\u017e\u0101diem tehnisko zin\u0101\u0161anu l\u012bme\u0146iem.<\/p>\n<h2>Par mums<\/h2>\n<p>M\u0113s esam profesion\u0101ls hidraulisko cilindru ra\u017eot\u0101js un vado\u0161ais pieg\u0101d\u0101t\u0101js viet\u0113j\u0101 un starptautiskaj\u0101 tirg\u016b. M\u016bsu pla\u0161ais produktu kl\u0101sts un ap\u0146em\u0161an\u0101s sasniegt izcil\u012bbu ir padar\u012bjusi m\u016bs par vienu no uzticam\u0101kajiem hidraulisko cilindru ra\u017eot\u0101jiem un vairumtirgot\u0101jiem. M\u0113s iev\u0113rojam augstas kvalit\u0101tes ra\u017eo\u0161anas, industrializ\u0113tas ra\u017eo\u0161anas vad\u012bbas, nep\u0101rtrauktas tehnisko iesp\u0113ju uzlabo\u0161anas un ra\u017eo\u0161anas efektivit\u0101tes principus. Ievie\u0161ot modernu digit\u0101lo ra\u017eo\u0161anas apr\u012bkojumu un profesion\u0101las test\u0113\u0161anas sist\u0113mas, m\u0113s optimiz\u0113jam savu ra\u017eo\u0161anas platformu un uzlabojam produktu kvalit\u0101tes kontroles procesus, demonstr\u0113jot sp\u0113c\u012bgas inov\u0101ciju sp\u0113jas. M\u016bsu m\u0113r\u0137is ir apmierin\u0101t da\u017e\u0101das klientu vajadz\u012bbas, iev\u0113rojot efektivit\u0101tes, precizit\u0101tes un augstas kvalit\u0101tes principus.<\/p>\n<p><img decoding=\"async\" src=\"https:\/\/www.hydraulic-cylinders.net\/wp-content\/uploads\/2025\/01\/songte-company-4.webp\" alt=\"Uz\u0146\u0113muma t\u0113ls\"><br \/>\n<img decoding=\"async\" src=\"https:\/\/www.hydraulic-cylinders.net\/wp-content\/uploads\/2025\/01\/songte-company-3.webp\" alt=\"Uz\u0146\u0113muma t\u0113ls\"><\/p>\n<p>Turkl\u0101t m\u0113s lepojamies ar savu profesionalit\u0101ti, starptautiskajiem sertifik\u0101tiem, piel\u0101gotajiem pakalpojumiem un modern\u0101ko ra\u017eo\u0161anas apr\u012bkojumu.<\/p>","protected":false},"excerpt":{"rendered":"<p>Arm Cylinder For Caterpillar Large Excavator E374FL Introduction The Arm Cylinder for Caterpillar Large Excavator E374FL is a specialized hydraulic cylinder designed to provide linear motion and power to the arm of various machinery, such as excavators, cranes, and robotic arms. The Arm Cylinder plays a critical role in hydraulic systems, enabling the efficient movement [&hellip;]<\/p>","protected":false},"featured_media":14783,"comment_status":"open","ping_status":"closed","template":"","meta":{"_et_pb_use_builder":"","_et_pb_old_content":"","_et_gb_content_width":""},"product_brand":[],"product_cat":[1497],"product_tag":[1498,1496],"class_list":{"0":"post-16184","1":"product","2":"type-product","3":"status-publish","4":"has-post-thumbnail","6":"product_cat-arm-cylinders","7":"product_tag-arm-cylinders","8":"product_tag-hydraulic-cylinders","10":"first","11":"instock","12":"shipping-taxable","13":"product-type-simple"},"amp_enabled":true,"_links":{"self":[{"href":"https:\/\/www.hydraulic-cylinders.net\/lv\/wp-json\/wp\/v2\/product\/16184","targetHints":{"allow":["GET"]}}],"collection":[{"href":"https:\/\/www.hydraulic-cylinders.net\/lv\/wp-json\/wp\/v2\/product"}],"about":[{"href":"https:\/\/www.hydraulic-cylinders.net\/lv\/wp-json\/wp\/v2\/types\/product"}],"replies":[{"embeddable":true,"href":"https:\/\/www.hydraulic-cylinders.net\/lv\/wp-json\/wp\/v2\/comments?post=16184"}],"wp:featuredmedia":[{"embeddable":true,"href":"https:\/\/www.hydraulic-cylinders.net\/lv\/wp-json\/wp\/v2\/media\/14783"}],"wp:attachment":[{"href":"https:\/\/www.hydraulic-cylinders.net\/lv\/wp-json\/wp\/v2\/media?parent=16184"}],"wp:term":[{"taxonomy":"product_brand","embeddable":true,"href":"https:\/\/www.hydraulic-cylinders.net\/lv\/wp-json\/wp\/v2\/product_brand?post=16184"},{"taxonomy":"product_cat","embeddable":true,"href":"https:\/\/www.hydraulic-cylinders.net\/lv\/wp-json\/wp\/v2\/product_cat?post=16184"},{"taxonomy":"product_tag","embeddable":true,"href":"https:\/\/www.hydraulic-cylinders.net\/lv\/wp-json\/wp\/v2\/product_tag?post=16184"}],"curies":[{"name":"wp","href":"https:\/\/api.w.org\/{rel}","templated":true}]}}