{"id":16196,"date":"2025-01-20T08:38:50","date_gmt":"2025-01-20T08:38:50","guid":{"rendered":"https:\/\/www.hydraulic-cylinders.net\/product\/arm-cylinderfor-doosan-small-excavator-dx150lc-7\/"},"modified":"2025-01-20T08:38:52","modified_gmt":"2025-01-20T08:38:52","slug":"arm-cylinderfor-doosan-small-excavator-dx150lc-7","status":"publish","type":"product","link":"https:\/\/www.hydraulic-cylinders.net\/lv\/products\/arm-cylinderfor-doosan-small-excavator-dx150lc-7\/","title":{"rendered":"Sviras cilindrs Doosan mazajam ekskavatoram DX150LC-7"},"content":{"rendered":"<h2>Sviras cilindrs Doosan mazajam ekskavatoram DX150LC-7<\/h2>\n<h3>Ievads<\/h3>\n<p>Sviras cilindrs ir speci\u0101li izstr\u0101d\u0101ts hidrauliskais cilindrs, ko izmanto, lai nodro\u0161in\u0101tu line\u0101ru kust\u012bbu un jaudu da\u017e\u0101du veidu ma\u0161\u012bnu, tostarp ekskavatoru, celt\u0146u un meh\u0101nisko sviru, svir\u0101m. Sviras cilindram ir galven\u0101 loma hidrauliskaj\u0101 sist\u0113m\u0101, \u013caujot efekt\u012bvi p\u0101rvietot un kontrol\u0113t papildu instrumentus vai stiprin\u0101jumus. \u0160ie cilindri ne tikai nodro\u0161ina vienm\u0113r\u012bgu kust\u012bbu, bet ar\u012b iztur lielas slodzes, nodro\u0161inot ma\u0161\u012bnas efekt\u012bvu darb\u012bbu un uzticam\u012bbu da\u017e\u0101dos ekspluat\u0101cijas apst\u0101k\u013cos.<\/p>\n<p><img decoding=\"async\" src=\"https:\/\/www.hydraulic-cylinders.net\/wp-content\/uploads\/2025\/01\/songte-company-2.webp\"><\/p>\n<h3>Funkcijas<\/h3>\n<ul>\n<li>Efekt\u012bva jaudas p\u0101rvade: Sviras cilindrs nodro\u0161ina sp\u0113c\u012bgu line\u0101ru kust\u012bbu un sp\u0113ku, garant\u0113jot meh\u0101nisk\u0101s sviras efekt\u012bvu darb\u012bbu da\u017e\u0101du darb\u012bbu laik\u0101.<\/li>\n<li>Prec\u012bza vad\u012bba: Izmantojot hidraulisko sist\u0113mu, rokas cilindrs var pan\u0101kt prec\u012bzu kust\u012bbas vad\u012bbu, padarot papildu instrumentu darb\u012bbu elast\u012bg\u0101ku un prec\u012bz\u0101ku.<\/li>\n<li>Iztur\u012bba: Sviru cilindri parasti ir izgatavoti no augstas stipr\u012bbas materi\u0101liem un tiem ir laba nodilumiztur\u012bba un korozijas iztur\u012bba, padarot tos piem\u0113rotus ilgsto\u0161ai lieto\u0161anai skarbos apst\u0101k\u013cos.<\/li>\n<li>Daudzfunkcion\u0101la piel\u0101go\u0161an\u0101s sp\u0113ja: \u0161os cilindrus var pla\u0161i izmantot da\u017e\u0101d\u0101s ma\u0161\u012bn\u0101s, piem\u0113ram, ekskavatoros, celt\u0146os un meh\u0101niskaj\u0101s svir\u0101s, piel\u0101gojoties da\u017e\u0101d\u0101m darba pras\u012bb\u0101m.<\/li>\n<li>Vienk\u0101r\u0161a apkope: Projekt\u0113jot \u0146emta v\u0113r\u0101 vienk\u0101r\u0161a apkope un nomai\u0146a, padarot regul\u0101ras p\u0101rbaudes un apkopi \u0113rt\u0101ku, k\u0101 ar\u012b samazinot iek\u0101rtu d\u012bkst\u0101ves laiku.<\/li>\n<\/ul>\n<p>M\u0113s varam ra\u017eot \u0161o produktu, un m\u016bsu produkts var lieliski aizst\u0101t \u0161os hidrauliskos cilindrus.<\/p>\n<p><img decoding=\"async\" src=\"https:\/\/www.hydraulic-cylinders.net\/wp-content\/uploads\/2025\/01\/songte-oil-pipes-and-spare-parts.webp\"><\/p>\n<h3>Pieteikumi<\/h3>\n<p>Sviras cilindram ir da\u017e\u0101di pielietojumi, piem\u0113ram:<\/p>\n<ul>\n<li>B\u016bvniec\u012bba: Ekskavatoros un celt\u0146os sviras cilindrs tiek izmantots, lai vad\u012btu l\u0101pstu vai str\u0113les kust\u012bbu, veicot zemes darbus, materi\u0101lu apstr\u0101di un konstrukciju uzst\u0101d\u012b\u0161anu.<\/li>\n<li>Ra\u017eo\u0161ana: Automatiz\u0113t\u0101s ra\u017eo\u0161anas l\u012bnij\u0101s sviras cilindrs tiek izmantots meh\u0101nisko sviru p\u0101rvieto\u0161anai, mont\u0101\u017eas, metin\u0101\u0161anas un apstr\u0101des procesu veik\u0161anai, uzlabojot ra\u017eo\u0161anas efektivit\u0101ti un precizit\u0101ti.<\/li>\n<li>Lauksaimniec\u012bbas tehnika: Lauksaimniec\u012bbas tehnik\u0101, piem\u0113ram, kombainos un s\u0113jma\u0161\u012bn\u0101s, sviras cilindri kontrol\u0113 vad\u012bbas sviras kust\u012bbu, veicot t\u0101dus uzdevumus k\u0101 s\u0113\u0161ana, m\u0113slo\u0161ana un ra\u017eas nov\u0101k\u0161ana.<\/li>\n<li>Kalnr\u016bpniec\u012bba: Kalnr\u016bpniec\u012bbas iek\u0101rt\u0101s rokas cilindrs tiek izmantots, lai kontrol\u0113tu kalnr\u016bpniec\u012bbas iek\u0101rtu roku kust\u012bbu, veicot r\u016bdas ieguvi un transport\u0113\u0161anu.<\/li>\n<li>Lo\u0123istika un transports: Iekr\u0101v\u0113jos un apstr\u0101des robotos rokas cilindrs tiek izmantots, lai kontrol\u0113tu dak\u0161u pacel\u0161anu un kust\u012bbu, nodro\u0161inot materi\u0101lu apstr\u0101di un sakrau\u0161anu.<\/li>\n<\/ul>\n<h3>Dizaina apsv\u0113rumi un atlases krit\u0113riji<\/h3>\n<p>No konstrukcijas viedok\u013ca sviras cilindriem ir j\u0101iztur noteikta slodze, j\u0101b\u016bt labam bl\u012bv\u0113jumam, iztur\u012bbai, dro\u0161\u012bbai un remont\u0113jam\u012bbai. Svar\u012bg\u0101kie apsv\u0113rumi ir \u0161\u0101di:<\/p>\n<ul>\n<li>Celtsp\u0113ja: Sviras cilindram j\u0101b\u016bt pietiekami iztur\u012bgam, lai atbalst\u012btu tehnikas un jebkuru papildu instrumentu vai stiprin\u0101jumu slodzi.<\/li>\n<li>Bl\u012bv\u0113jums: Lai nov\u0113rstu hidraulisk\u0101s e\u013c\u013cas nopl\u016bdi un nodro\u0161in\u0101tu dro\u0161u darb\u012bbu, j\u0101izmanto da\u017e\u0101di bl\u012bv\u0113\u0161anas elementi, piem\u0113ram, virzu\u013ca bl\u012bves un stie\u0146a bl\u012bves.<\/li>\n<li>Iztur\u012bba: Cilindra korpusam un v\u012btnes gala virsm\u0101m j\u0101b\u016bt smalki apstr\u0101d\u0101t\u0101m, lai uzlabotu nodilumiztur\u012bbu.<\/li>\n<li>Dro\u0161\u012bba: Projekt\u0113jot j\u0101\u0146em v\u0113r\u0101 operatora dro\u0161\u012bba lieto\u0161anas laik\u0101, tostarp t\u0101di jaut\u0101jumi k\u0101 p\u0101rslodzes aizsardz\u012bba un av\u0101rijas aptur\u0113\u0161ana.<\/li>\n<li>Remont\u0113jam\u012bba: konstrukciju j\u0101b\u016bt viegli izjaucamai un saliekamai, k\u0101 ar\u012b viegli nomain\u0101mai deta\u013c\u0101m apkopes laik\u0101.<\/li>\n<\/ul>\n<p><img decoding=\"async\" src=\"https:\/\/www.hydraulic-cylinders.net\/wp-content\/uploads\/2025\/01\/songte-cylinder-head-with-all-kinds-excavator-models.webp\"><\/p>\n<h3>Bl\u012bv\u0113\u0161ana un e\u013c\u013co\u0161ana<\/h3>\n<p>Lai nov\u0113rstu hidraulisk\u0101s e\u013c\u013cas nopl\u016bdi un nodro\u0161in\u0101tu dro\u0161u darb\u012bbu, j\u0101izmanto da\u017e\u0101di bl\u012bv\u0113\u0161anas elementi, piem\u0113ram, virzu\u013ca bl\u012bves un stie\u0146a bl\u012bves. Bl\u012bv\u0113\u0161anas elementiem j\u0101b\u016bt izgatavotiem no nodilumiztur\u012bgiem materi\u0101liem, piem\u0113ram, poliuret\u0101na, nitrila gumijas utt. Cilindra korpusam un v\u012btnes gala virsm\u0101m j\u0101b\u016bt smalki apstr\u0101d\u0101t\u0101m, lai uzlabotu nodilumiztur\u012bbu. E\u013c\u013co\u0161anai nepiecie\u0161ams regul\u0101ri pievienot atbilsto\u0161u hidraulisk\u0101s e\u013c\u013cas daudzumu.<\/p>\n<h3>Apkope un profilakse<\/h3>\n<p>J\u0101veic regul\u0101ras p\u0101rbaudes un apkope, tostarp j\u0101nomaina nolietotas vai boj\u0101tas deta\u013cas, j\u0101p\u0101rbauda, \u200b\u200bvai nav nopl\u016b\u017eu, un j\u0101nov\u0113r\u0161 hidraulisk\u0101s e\u013c\u013cas pies\u0101r\u0146ojums. Hidraulisko e\u013c\u013cu ieteicams nomain\u012bt ik p\u0113c 1000 darba stund\u0101m. Prevent\u012bvie pas\u0101kumi ietver pareizas darb\u012bbas nodro\u0161in\u0101\u0161anu, p\u0101rslodzes vai p\u0113k\u0161\u0146u slodzes izmai\u0146u nov\u0113r\u0161anu, k\u0101 ar\u012b skarbu darba vides ietekm\u0113\u0161anu.<\/p>\n<p><img decoding=\"async\" src=\"https:\/\/www.hydraulic-cylinders.net\/wp-content\/uploads\/2025\/01\/songte-chushion-collar.webp\"><\/p>\n<h3>Instal\u0101cijas rokasgr\u0101mata<\/h3>\n<p>Pirms uzst\u0101d\u012b\u0161anas p\u0101rliecinieties, vai mont\u0101\u017eas virsma ir t\u012bra un bez asumiem vai net\u012brumiem, kas var\u0113tu saboj\u0101t cilindru. Pievelkot stiprin\u0101juma skr\u016bves, izmantojiet griezes momenta atsl\u0113gu, lai p\u0101rliecin\u0101tos, ka tiek pielietots pareizs griezes moments. P\u0113c uzst\u0101d\u012b\u0161anas p\u0101rbaudiet, vai nav nopl\u016b\u017eu vai citu probl\u0113mu, un veiciet testa braucienu, lai p\u0101rliecin\u0101tos par pareizu darb\u012bbu.<\/p>\n<h3>Dro\u0161\u012bbas un vides apsv\u0113rumi<\/h3>\n<p>T\u0101 k\u0101, lietojot sviras cilindrus, ir svar\u012bgi iev\u0113rot dro\u0161\u012bbas pas\u0101kumus, ir svar\u012bgi nodro\u0161in\u0101t operatoriem pietiekamu apm\u0101c\u012bbu un izgl\u012bt\u012bbu, lai samazin\u0101tu negad\u012bjumu risku. Vides apsv\u0113rumi ietver pareizu izlietot\u0101s hidraulisk\u0101s e\u013c\u013cas un citu apkopes laik\u0101 radu\u0161os atkritumu utiliz\u0101ciju.<\/p>\n<h3>Probl\u0113mu nov\u0113r\u0161ana un bie\u017ei sastopamas probl\u0113mas<\/h3>\n<p>Da\u017eas bie\u017ei sastopamas probl\u0113mas, kas var rasties sviras cilindru lieto\u0161anas laik\u0101, ir nopl\u016bdes, nepietiekams spiediens un neparasts troksnis. \u0160\u012bs probl\u0113mas var diagnostic\u0113t, p\u0101rbaudot nopl\u016bdes, m\u0113rot spiedienu un klausoties neparast\u0101s ska\u0146\u0101s. Risin\u0101jumi var ietvert nolietotu vai boj\u0101tu deta\u013cu nomai\u0146u, spiediena regul\u0113\u0161anu vai hidraulisk\u0101s e\u013c\u013cas pies\u0101r\u0146ojuma p\u0101rbaudi.<\/p>\n<p>Autors: lil<\/p>\n<p><img decoding=\"async\" src=\"https:\/\/www.hydraulic-cylinders.net\/wp-content\/uploads\/2025\/01\/songte-company-4.webp\"><br \/>\n<img decoding=\"async\" src=\"https:\/\/www.hydraulic-cylinders.net\/wp-content\/uploads\/2025\/01\/songte-company-3.webp\"><\/p>","protected":false},"excerpt":{"rendered":"<p>Arm Cylinder For Doosan Small Excavator DX150LC-7 Introduction An arm cylinder is a specially designed hydraulic cylinder used to provide linear motion and power to arms of various types of machinery including excavators, cranes, and mechanical arms. The arm cylinder plays a key role in the hydraulic system, allowing additional tools or attachments to be [&hellip;]<\/p>","protected":false},"featured_media":14777,"comment_status":"open","ping_status":"closed","template":"","meta":{"_et_pb_use_builder":"","_et_pb_old_content":"","_et_gb_content_width":""},"product_brand":[],"product_cat":[1497],"product_tag":[1498,1496],"class_list":{"0":"post-16196","1":"product","2":"type-product","3":"status-publish","4":"has-post-thumbnail","6":"product_cat-arm-cylinders","7":"product_tag-arm-cylinders","8":"product_tag-hydraulic-cylinders","10":"first","11":"instock","12":"shipping-taxable","13":"product-type-simple"},"amp_enabled":true,"_links":{"self":[{"href":"https:\/\/www.hydraulic-cylinders.net\/lv\/wp-json\/wp\/v2\/product\/16196","targetHints":{"allow":["GET"]}}],"collection":[{"href":"https:\/\/www.hydraulic-cylinders.net\/lv\/wp-json\/wp\/v2\/product"}],"about":[{"href":"https:\/\/www.hydraulic-cylinders.net\/lv\/wp-json\/wp\/v2\/types\/product"}],"replies":[{"embeddable":true,"href":"https:\/\/www.hydraulic-cylinders.net\/lv\/wp-json\/wp\/v2\/comments?post=16196"}],"wp:featuredmedia":[{"embeddable":true,"href":"https:\/\/www.hydraulic-cylinders.net\/lv\/wp-json\/wp\/v2\/media\/14777"}],"wp:attachment":[{"href":"https:\/\/www.hydraulic-cylinders.net\/lv\/wp-json\/wp\/v2\/media?parent=16196"}],"wp:term":[{"taxonomy":"product_brand","embeddable":true,"href":"https:\/\/www.hydraulic-cylinders.net\/lv\/wp-json\/wp\/v2\/product_brand?post=16196"},{"taxonomy":"product_cat","embeddable":true,"href":"https:\/\/www.hydraulic-cylinders.net\/lv\/wp-json\/wp\/v2\/product_cat?post=16196"},{"taxonomy":"product_tag","embeddable":true,"href":"https:\/\/www.hydraulic-cylinders.net\/lv\/wp-json\/wp\/v2\/product_tag?post=16196"}],"curies":[{"name":"wp","href":"https:\/\/api.w.org\/{rel}","templated":true}]}}