{"id":16206,"date":"2025-01-20T08:39:45","date_gmt":"2025-01-20T08:39:45","guid":{"rendered":"https:\/\/www.hydraulic-cylinders.net\/product\/arm-cylinderfor-doosan-middle-excavator-dh215-9e-2\/"},"modified":"2025-01-20T08:39:47","modified_gmt":"2025-01-20T08:39:47","slug":"arm-cylinderfor-doosan-middle-excavator-dh215-9e-2","status":"publish","type":"product","link":"https:\/\/www.hydraulic-cylinders.net\/lv\/products\/arm-cylinderfor-doosan-middle-excavator-dh215-9e-2\/","title":{"rendered":"Sviras cilindrs Doosan vid\u0113jam ekskavatoram DH215-9E"},"content":{"rendered":"<h1>Doosan vid\u0113j\u0101 ekskavatora DH215-9E rokas cilindrs<\/h1>\n<h2>Ievads<\/h2>\n<p>Sviras cilindrs ir speci\u0101li izstr\u0101d\u0101ts hidrauliskais cilindrs, kas nodro\u0161ina line\u0101ru kust\u012bbu un jaudu da\u017e\u0101du veidu ma\u0161\u012bnu, piem\u0113ram, ekskavatoru, celt\u0146u un robotiz\u0113tu roku, svirai. Tam ir iz\u0161\u0137iro\u0161a noz\u012bme hidrauliskaj\u0101s sist\u0113m\u0101s, nodro\u0161inot efekt\u012bvu papildu instrumentu vai stiprin\u0101jumu p\u0101rvieto\u0161anu un vad\u012bbu. \u0160ie cilindri ne tikai nodro\u0161ina vienm\u0113r\u012bgu kust\u012bbu, bet ar\u012b iztur lielas slodzes, nodro\u0161inot ma\u0161\u012bnu efekt\u012bvu darb\u012bbu un uzticam\u012bbu da\u017e\u0101dos darba apst\u0101k\u013cos.<\/p>\n<h3>Defin\u012bcija un skaidrojums<\/h3>\n<p>Str\u0113les cilindrs, kas paz\u012bstams ar\u012b k\u0101 str\u0113les cilindrs vai hidrauliskais sviras cilindrs, ir hidrauliska sast\u0101vda\u013ca, kas atbild par ekskavatora vai l\u012bdz\u012bga apr\u012bkojuma sviras izstiep\u0161anu un ievilk\u0161anu. Tas sast\u0101v no cilindriska korpusa, virzu\u013ca un stie\u0146a, kas darbojas kop\u0101, lai nodro\u0161in\u0101tu nepiecie\u0161amo sp\u0113ku sviras kust\u012bbai. Hidrauliskais \u0161\u0137idrums tiek pak\u013cauts spiedienam un ievad\u012bts cilindr\u0101, izraisot virzu\u013ca kust\u012bbu, kas savuk\u0101rt izstiepj vai ievelk sviru. Tas \u013cauj ekskavatoram veikt da\u017e\u0101dus uzdevumus, piem\u0113ram, rak\u0161anu, cel\u0161anu un materi\u0101lu apstr\u0101di.<\/p>\n<p><img decoding=\"async\" src=\"https:\/\/www.hydraulic-cylinders.net\/wp-content\/uploads\/2025\/01\/songte-company-2.webp\" alt=\"Sviras cilindra att\u0113ls\"><\/p>\n<h2>Funkcijas<\/h2>\n<ul>\n<li><strong>Augstas efektivit\u0101tes p\u0101rraide:<\/strong> Sviras cilindrs nodro\u0161ina jaud\u012bgu line\u0101ru kust\u012bbu un sp\u0113ku, garant\u0113jot ma\u0161\u012bnas sviras augstas veiktsp\u0113jas iesp\u0113jas da\u017e\u0101d\u0101s oper\u0101cij\u0101s.<\/li>\n<li><strong>Prec\u012bza kontrole:<\/strong> Izmantojot hidraulisko sist\u0113mu, rokas cilindrs nodro\u0161ina prec\u012bzu kust\u012bbas kontroli, padarot pievienoto instrumentu darb\u012bbu elast\u012bg\u0101ku un prec\u012bz\u0101ku.<\/li>\n<li><strong>Iztur\u012bba:<\/strong> Sviru cilindri parasti ir izgatavoti no augstas iztur\u012bbas materi\u0101liem, kas nodro\u0161ina izcilu nodilumiztur\u012bbu un iztur\u012bbu pret koroziju, padarot tos piem\u0113rotus ilgsto\u0161ai lieto\u0161anai skarbos apst\u0101k\u013cos.<\/li>\n<li><strong>Daudzfunkcion\u0101la piel\u0101go\u0161an\u0101s sp\u0113ja:<\/strong> \u0160os cilindrus var pla\u0161i izmantot da\u017e\u0101d\u0101s meh\u0101nisk\u0101s iek\u0101rt\u0101s, piem\u0113ram, ekskavatoros, celt\u0146os un robotiz\u0113t\u0101s rok\u0101s, piel\u0101gojoties da\u017e\u0101d\u0101m darba pras\u012bb\u0101m.<\/li>\n<li><strong>Vienk\u0101r\u0161a apkope:<\/strong> Projekt\u0113jot \u0146emta v\u0113r\u0101 apkopes un nomai\u0146as vienk\u0101r\u0161\u012bba, padarot regul\u0101ru p\u0101rbaudi un apkopi \u0113rt\u0101ku, t\u0101d\u0113j\u0101di samazinot iek\u0101rtu d\u012bkst\u0101ves laiku.<\/li>\n<\/ul>\n<p><img decoding=\"async\" src=\"https:\/\/www.hydraulic-cylinders.net\/wp-content\/uploads\/2025\/01\/songte-oil-pipes-and-spare-parts.webp\" alt=\"Sviras cilindra rezerves da\u013cas\"><\/p>\n<h2>Pieteikumi<\/h2>\n<p>Sviras cilindrs tiek izmantots da\u017e\u0101d\u0101s nozar\u0113s un sektoros:<\/p>\n<h3>1. B\u016bvniec\u012bbas in\u017eenierija<\/h3>\n<p>Ekskavatoros un celt\u0146os sviras cilindrs kontrol\u0113 kausa vai str\u0113les kust\u012bbu, atvieglojot zemes p\u0101rvieto\u0161anu, materi\u0101lu apstr\u0101di un konstrukciju uzst\u0101d\u012b\u0161anu.<\/p>\n<h3>2. Ra\u017eo\u0161ana<\/h3>\n<p>Automatiz\u0113t\u0101s ra\u017eo\u0161anas l\u012bnij\u0101s rokas cilindrs tiek izmantots robotiz\u0113tu roku kust\u012bbai, nodro\u0161inot t\u0101dus procesus k\u0101 mont\u0101\u017ea, metin\u0101\u0161ana un materi\u0101lu apstr\u0101de, t\u0101d\u0113j\u0101di uzlabojot ra\u017eo\u0161anas efektivit\u0101ti un precizit\u0101ti.<\/p>\n<h3>3. Lauksaimniec\u012bbas tehnika<\/h3>\n<p>Lauksaimniec\u012bbas ma\u0161\u012bn\u0101s, piem\u0113ram, kombainos un s\u0113jma\u0161\u012bn\u0101s, sviras cilindrs kontrol\u0113 vad\u012bbas sviras kust\u012bbu, veicot t\u0101dus uzdevumus k\u0101 s\u0113\u0161ana, m\u0113slo\u0161ana un ra\u017eas nov\u0101k\u0161ana.<\/p>\n<h3>4. Kalnr\u016bpniec\u012bba<\/h3>\n<p>Kalnr\u016bpniec\u012bbas iek\u0101rt\u0101s sviras cilindrs kontrol\u0113 kalnr\u016bpniec\u012bbas iek\u0101rtu sviru kust\u012bbu, atvieglojot miner\u0101lu ieguvi un transport\u0113\u0161anu.<\/p>\n<h3>5. Lo\u0123istika un transports<\/h3>\n<p>Iekr\u0101v\u0113jos un apstr\u0101des robotos rokas cilindrs kontrol\u0113 dak\u0161u pacel\u0161anu un kust\u012bbu, nodro\u0161inot materi\u0101lu apstr\u0101di un sakrau\u0161anu.<\/p>\n<p><img decoding=\"async\" src=\"https:\/\/www.hydraulic-cylinders.net\/wp-content\/uploads\/2025\/01\/songte-chushion-collar.webp\" alt=\"Sviras cilindra pielietojumi\"><\/p>\n<h2>Dizaina apsv\u0113rumi un atlases krit\u0113riji<\/h2>\n<p>Izv\u0113loties un projekt\u0113jot cilindru, j\u0101\u0146em v\u0113r\u0101 vair\u0101ki faktori:<\/p>\n<h3>1. Nestsp\u0113ja<\/h3>\n<p>Sviras cilindram j\u0101sp\u0113j iztur\u0113t maksim\u0101lo slodzi, ar ko tas saskarsies ekspluat\u0101cijas laik\u0101, bez boj\u0101jumiem vai deform\u0101cijas. Cilindra materi\u0101ls, izm\u0113ri un konstrukcija ir r\u016bp\u012bgi j\u0101izv\u0113las, lai nodro\u0161in\u0101tu pietiekamu nestsp\u0113ju.<\/p>\n<h3>2. Bl\u012bv\u0113\u0161ana<\/h3>\n<p>Pareiza bl\u012bv\u0113\u0161anas sist\u0113ma ir b\u016btiska, lai nov\u0113rstu hidraulisk\u0101 \u0161\u0137idruma nopl\u016bdi un uztur\u0113tu cilindra efektivit\u0101ti. Da\u017e\u0101d\u0101m bl\u012bv\u0113\u0161anas sast\u0101vda\u013c\u0101m, piem\u0113ram, virzu\u013ca bl\u012bv\u0113m un stie\u0146a bl\u012bv\u0113m, j\u0101b\u016bt izgatavot\u0101m no iztur\u012bgiem un nodilumiztur\u012bgiem materi\u0101liem, lai nodro\u0161in\u0101tu ilgsto\u0161u darb\u012bbu.<\/p>\n<h3>3. Iztur\u012bba<\/h3>\n<p>Sviras cilindram j\u0101b\u016bt izgatavotam no materi\u0101liem, kas nodro\u0161ina izcilu iztur\u012bbu un iztur\u012bbu pret nodilumu un koroziju. Tas nodro\u0161ina cilindra ilgm\u016b\u017e\u012bbu un uzticamu darb\u012bbu pat sare\u017e\u0123\u012btos darba apst\u0101k\u013cos.<\/p>\n<h3>4. Dro\u0161\u012bba<\/h3>\n<p>Dro\u0161\u012bbas apsv\u0113rumi j\u0101iek\u013cauj rokas cilindra konstrukcij\u0101, piem\u0113ram, j\u0101iek\u013cauj dro\u0161\u012bbas v\u0101rsti, lai nov\u0113rstu p\u0113k\u0161\u0146as kust\u012bbas vai p\u0101rslodzi. Lai nodro\u0161in\u0101tu dro\u0161u darb\u012bbu, j\u0101nodro\u0161ina ar\u012b atbilsto\u0161as \u200b\u200buzst\u0101d\u012b\u0161anas un apkopes instrukcijas.<\/p>\n<h3>5. Uzturam\u012bba<\/h3>\n<p>Sviras cilindra konstrukcijai j\u0101b\u016bt t\u0101dai, lai atvieglotu deta\u013cu apkopi un nomai\u0146u. Tas ietver pieejamus p\u0101rbaudes punktus, skaidrus apkopes proced\u016bru nor\u0101d\u012bjumus un standarta deta\u013cu izmanto\u0161anu \u0113rtai ieg\u0101dei.<\/p>\n<p><img decoding=\"async\" src=\"https:\/\/www.hydraulic-cylinders.net\/wp-content\/uploads\/2025\/01\/songte-cylinder-head-with-all-kinds-excavator-models.webp\" alt=\"Sviras cilindra dizains\"><\/p>\n<h2>Bl\u012bv\u0113\u0161ana un e\u013c\u013co\u0161ana<\/h2>\n<p>Sviras cilindr\u0101 tiek izmantoti da\u017e\u0101di bl\u012bv\u0113\u0161anas komponenti, piem\u0113ram, virzu\u013ca bl\u012bv\u0113jumi un stie\u0146a bl\u012bv\u0113jumi, lai nodro\u0161in\u0101tu pareizu bl\u012bv\u0113jumu un nov\u0113rstu hidraulisk\u0101 \u0161\u0137idruma nopl\u016bdi. \u0160ie bl\u012bv\u0113jumi ir izgatavoti no nodilumiztur\u012bgiem materi\u0101liem, piem\u0113ram, poliuret\u0101na un nitrila gumijas. Cilindra korpuss un v\u012bt\u0146otie gali tiek r\u016bp\u012bgi apstr\u0101d\u0101ti, lai uzlabotu nodilumiztur\u012bbu. Lai nodro\u0161in\u0101tu vienm\u0113r\u012bgu darb\u012bbu un pagarin\u0101tu cilindra kalpo\u0161anas laiku, ir nepiecie\u0161ama regul\u0101ra e\u013c\u013co\u0161ana ar atbilsto\u0161u hidraulisk\u0101s e\u013c\u013cas daudzumu.<\/p>\n<h2>Regul\u0101ra p\u0101rbaude un profilaktisk\u0101 apkope<\/h2>\n<p>Lai nodro\u0161in\u0101tu optim\u0101lu sviras cilindra darb\u012bbu un ilgm\u016b\u017e\u012bbu, j\u0101veic regul\u0101ra p\u0101rbaude un profilaktisk\u0101 apkope:<\/p>\n<h3>1. P\u0101rbaudiet, vai bl\u012bv\u0113m un cit\u0101m sast\u0101vda\u013c\u0101m nav nopl\u016b\u017eu un nodiluma paz\u012bmju.<\/h3>\n<h3>2. P\u0101rbaudiet cilindra korpusu, vai nav boj\u0101jumu vai korozijas paz\u012bmju.<\/h3>\n<h3>3. P\u0101rbaudiet mont\u0101\u017eas kron\u0161teinu un savienojumu integrit\u0101ti.<\/h3>\n<h3>4. Iee\u013c\u013cojiet visas kust\u012bg\u0101s da\u013cas ar ieteicamo hidraulisko e\u013c\u013cu.<\/h3>\n<h3>5. Uzraugiet hidraulisko sist\u0113mu, vai nav radu\u0161\u0101s jebk\u0101das neatbilst\u012bbas vai veiktsp\u0113jas izmai\u0146as.<\/h3>\n<p><img decoding=\"async\" src=\"https:\/\/www.hydraulic-cylinders.net\/wp-content\/uploads\/2025\/01\/songte-bushings-with-all-kinds-of-excavator-models.webp\" alt=\"Sviras cilindra apkope\"><\/p>\n<h2>Produkta uzst\u0101d\u012b\u0161anas rokasgr\u0101mata<\/h2>\n<p>Pareiza sviras cilindra uzst\u0101d\u012b\u0161ana ir \u013coti svar\u012bga t\u0101 efekt\u012bvai darb\u012bbai un ilgm\u016b\u017e\u012bbai. Lai nodro\u0161in\u0101tu pareizu uzst\u0101d\u012b\u0161anu, veiciet t\u0101l\u0101k nor\u0101d\u012bt\u0101s darb\u012bbas.<\/p>\n<h3>1. Pirms uzst\u0101d\u012b\u0161anas p\u0101rliecinieties, vai hidrauliskaj\u0101 sist\u0113m\u0101 nav spiediena.<\/h3>\n<h3>2. Novietojiet sviras cilindru ar mont\u0101\u017eas kron\u0161teiniem un nostipriniet to, izmantojot atbilsto\u0161\u0101s skr\u016bves un stiprin\u0101jumus.<\/h3>\n<h3>3. Pievienojiet hidraulisk\u0101s \u0161\u013c\u016btenes cilindram saska\u0146\u0101 ar ra\u017eot\u0101ja nor\u0101d\u012bjumiem.<\/h3>\n<h3>4. V\u0113lreiz p\u0101rbaudiet visu savienojumu un veidgabalu stingr\u012bbu.<\/h3>\n<h3>5. P\u0113c uzst\u0101d\u012b\u0161anas veiciet r\u016bp\u012bgu funkcion\u0101lo p\u0101rbaudi, lai p\u0101rliecin\u0101tos par pareizu darb\u012bbu.<\/h3>\n<p><img decoding=\"async\" src=\"https:\/\/www.hydraulic-cylinders.net\/wp-content\/uploads\/2025\/01\/songte-company-4.webp\" alt=\"Uz\u0146\u0113muma t\u0113ls\"><br \/>\n<img decoding=\"async\" src=\"https:\/\/www.hydraulic-cylinders.net\/wp-content\/uploads\/2025\/01\/songte-company-3.webp\" alt=\"Uz\u0146\u0113muma t\u0113ls\"><\/p>\n<p>Autors: lil<\/p>","protected":false},"excerpt":{"rendered":"<p>Arm Cylinder for Doosan Middle Excavator DH215-9E Introduction The arm cylinder is a specially designed hydraulic cylinder that provides linear motion and power to the arm of various types of machinery, such as excavators, cranes, and robotic arms. It plays a crucial role in hydraulic systems, enabling the efficient movement and control of additional tools [&hellip;]<\/p>","protected":false},"featured_media":14777,"comment_status":"open","ping_status":"closed","template":"","meta":{"_et_pb_use_builder":"","_et_pb_old_content":"","_et_gb_content_width":""},"product_brand":[],"product_cat":[1497],"product_tag":[1498,1496],"class_list":{"0":"post-16206","1":"product","2":"type-product","3":"status-publish","4":"has-post-thumbnail","6":"product_cat-arm-cylinders","7":"product_tag-arm-cylinders","8":"product_tag-hydraulic-cylinders","10":"first","11":"instock","12":"shipping-taxable","13":"product-type-simple"},"amp_enabled":true,"_links":{"self":[{"href":"https:\/\/www.hydraulic-cylinders.net\/lv\/wp-json\/wp\/v2\/product\/16206","targetHints":{"allow":["GET"]}}],"collection":[{"href":"https:\/\/www.hydraulic-cylinders.net\/lv\/wp-json\/wp\/v2\/product"}],"about":[{"href":"https:\/\/www.hydraulic-cylinders.net\/lv\/wp-json\/wp\/v2\/types\/product"}],"replies":[{"embeddable":true,"href":"https:\/\/www.hydraulic-cylinders.net\/lv\/wp-json\/wp\/v2\/comments?post=16206"}],"wp:featuredmedia":[{"embeddable":true,"href":"https:\/\/www.hydraulic-cylinders.net\/lv\/wp-json\/wp\/v2\/media\/14777"}],"wp:attachment":[{"href":"https:\/\/www.hydraulic-cylinders.net\/lv\/wp-json\/wp\/v2\/media?parent=16206"}],"wp:term":[{"taxonomy":"product_brand","embeddable":true,"href":"https:\/\/www.hydraulic-cylinders.net\/lv\/wp-json\/wp\/v2\/product_brand?post=16206"},{"taxonomy":"product_cat","embeddable":true,"href":"https:\/\/www.hydraulic-cylinders.net\/lv\/wp-json\/wp\/v2\/product_cat?post=16206"},{"taxonomy":"product_tag","embeddable":true,"href":"https:\/\/www.hydraulic-cylinders.net\/lv\/wp-json\/wp\/v2\/product_tag?post=16206"}],"curies":[{"name":"wp","href":"https:\/\/api.w.org\/{rel}","templated":true}]}}