{"id":1623,"date":"2023-10-08T08:41:38","date_gmt":"2023-10-08T08:41:38","guid":{"rendered":"https:\/\/hydraulic-cylinders.net\/?post_type=product&#038;p=1623"},"modified":"2025-04-11T02:55:33","modified_gmt":"2025-04-11T02:55:33","slug":"press-return-cylinder","status":"publish","type":"product","link":"https:\/\/www.hydraulic-cylinders.net\/lv\/products\/press-return-cylinder\/","title":{"rendered":"Nospiediet atgrie\u0161anas cilindru"},"content":{"rendered":"<h1 style=\"text-align: center;\"><strong>Nospiediet atgrie\u0161anas cilindru<\/strong><\/h1>\n<p><img loading=\"lazy\" decoding=\"async\" class=\"aligncenter wp-image-1624\" src=\"https:\/\/hydraulic-cylinders.net\/wp-content\/uploads\/2023\/10\/return-cylinder-1-300x300.webp\" alt=\"\" width=\"400\" height=\"400\" \/><\/p>\n<p>Preses atgrie\u0161anas cilindrs ir b\u016btiska sast\u0101vda\u013ca pres\u0113\u0161anas darb\u012bbu optimiz\u0113\u0161anai da\u017e\u0101d\u0101s nozar\u0113s. Pateicoties t\u0101 uzlabotaj\u0101m funkcij\u0101m un uzticamajai veiktsp\u0113jai, \u0161is cilindrs pied\u0101v\u0101 uzlabotu efektivit\u0101ti, precizit\u0101ti un dro\u0161\u012bbu.<\/p>\n<p>Preses atgrie\u0161anas cilindrs ir v\u0113rt\u012bgs, lai uzlabotu efektivit\u0101ti, precizit\u0101ti un dro\u0161\u012bbu pres\u0113\u0161anas oper\u0101cij\u0101s. Pateicoties t\u0101 iztur\u012bgajai konstrukcijai, prec\u012bzajai pozicion\u0113\u0161anai, efekt\u012bvajai atgrie\u0161anai un integr\u0113taj\u0101m dro\u0161\u012bbas funkcij\u0101m, \u0161is cilindrs \u013cauj sasniegt izcilus rezult\u0101tus. Iev\u0113rojot ieteicam\u0101s lieto\u0161anas metodes un apkopes praksi, j\u016bs varat maksim\u0101li palielin\u0101t pres\u0113\u0161anas oper\u0101ciju veiktsp\u0113ju, produktivit\u0101ti un kalpo\u0161anas laiku. Izv\u0113lieties preses atgrie\u0161anas cilindru, lai racionaliz\u0113tu kritiskos procesus un uzlabotu darb\u012bbas izcil\u012bbu.<\/p>\n<p>Nospiediet atgrie\u0161anas cilindru galven\u0101s \u012bpa\u0161\u012bbas:<\/p>\n<ol>\n<li>Iztur\u012bga konstrukcija:<\/li>\n<\/ol>\n<ul>\n<li>Preses atgrie\u0161anas cilindrs ir izgatavots no augstas kvalit\u0101tes materi\u0101liem, kas nodro\u0161ina iztur\u012bbu un ilgm\u016b\u017e\u012bbu.<\/li>\n<li>T\u0101 iztur\u012bgais dizains var iztur\u0113t lielas slodzes un skarbus ekspluat\u0101cijas apst\u0101k\u013cus, nodro\u0161inot uzticamu veiktsp\u0113ju sare\u017e\u0123\u012btos r\u016bpnieciskos apst\u0101k\u013cos.<\/li>\n<\/ul>\n<ol start=\"2\">\n<li>Prec\u012bza pozicion\u0113\u0161ana:<\/li>\n<\/ol>\n<ul>\n<li>\u0160is cilindrs pied\u0101v\u0101 prec\u012bzu pozicion\u0113\u0161anas kontroli, kas \u013cauj prec\u012bzi izl\u012bdzin\u0101t preses atgrie\u0161anas meh\u0101nismu.<\/li>\n<li>T\u0101 izcil\u0101 precizit\u0101te nodro\u0161ina vienm\u0113r\u012bgu un uzticamu pozicion\u0113\u0161anu, samazinot k\u013c\u016bdu vai nepareizas izl\u012bdzin\u0101\u0161anas risku.<\/li>\n<\/ul>\n<ol start=\"3\">\n<li>Efekt\u012bva atdeve:<\/li>\n<\/ol>\n<ul>\n<li>Preses atgrie\u0161anas cilindrs nodro\u0161ina \u0101tru un efekt\u012bvu preses meh\u0101nisma atgrie\u0161anu s\u0101kuma poz\u012bcij\u0101.<\/li>\n<li>T\u0101 jaud\u012bg\u0101 hidraulisk\u0101 sist\u0113ma nodro\u0161ina \u0101tru kust\u012bbu, samazinot d\u012bkst\u0101ves laiku un palielinot kop\u0113jo produktivit\u0101ti.<\/li>\n<\/ul>\n<ol start=\"4\">\n<li>Dro\u0161\u012bbas funkcijas:<\/li>\n<\/ol>\n<ul>\n<li>\u0160aj\u0101 cilindr\u0101 ir iek\u013cautas dro\u0161\u012bbas funkcijas, piem\u0113ram, spiediena samazin\u0101\u0161anas v\u0101rsti un av\u0101rijas aptur\u0113\u0161anas meh\u0101nismi.<\/li>\n<li>\u0160\u012bs dro\u0161\u012bbas funkcijas pal\u012bdz aizsarg\u0101t presi un operatoru, nov\u0113r\u0161ot negad\u012bjumus un samazinot boj\u0101jumu risku.<\/li>\n<\/ul>\n<h2><strong>Nospiediet atgrie\u0161anas cilindra parametru:<\/strong><\/h2>\n<table border=\"1\" cellspacing=\"0\" cellpadding=\"0\">\n<tbody>\n<tr>\n<td>Produkta nosaukums<\/td>\n<td>Hidraulisk\u0101 preses atgrie\u0161anas cilindrs<\/td>\n<\/tr>\n<tr>\n<td>Funkcijas:<\/td>\n<td>Nodro\u0161ina atgrie\u0161an\u0101s sp\u0113ku galvenajam cilindram un s\u0101nu cilindram, kas ir sadal\u012bts virzu\u013ca tipa\/virzu\u013ca tipa cilindros<\/td>\n<\/tr>\n<tr>\n<td>Urbuma diametrs:<\/td>\n<td>180 mm\uff5e410 mm<\/td>\n<\/tr>\n<tr>\n<td>Stie\u0146a diametrs:<\/td>\n<td>\u00a0120 mm\uff5e360 mm<br \/>\nG\u0101jiens \u22644500 mm<\/td>\n<\/tr>\n<tr>\n<td>Vilces sp\u0113ks:<\/td>\n<td>Maksim\u0101l\u0101 jauda 2612 kN<br \/>\n(Cauruma diametrs: 410 mm\/spiediens 31,5 MPa)<\/td>\n<\/tr>\n<tr>\n<td>Virzulis:<\/td>\n<td>\u00a0140 mm\uff5e360 mm<br \/>\nG\u0101jiens \u22643000 mm<\/td>\n<\/tr>\n<tr>\n<td>Virzu\u013ca vilces sp\u0113ks:<\/td>\n<td>Maksim\u0101l\u0101 jauda 3206 kN<br \/>\n(Virzulis 360 mm\/spiediens 31,5 MPa)<\/td>\n<\/tr>\n<tr>\n<td>Hidraulisk\u0101 preses atgrie\u0161anas cilindra pielietojumi:<\/td>\n<td>Hidraulisk\u0101 prese<\/td>\n<\/tr>\n<\/tbody>\n<\/table>\n<div class=\"txtboxL\">\n<div><\/div>\n<div class=\"txtboxL\">Funkcijas:<\/div>\n<div class=\"txtboxR\">Nodro\u0161ina atgrie\u0161an\u0101s sp\u0113ku galvenajam cilindram un s\u0101nu cilindram, kas ir sadal\u012bts virzu\u013ca tipa\/virzu\u013ca tipa cilindros<\/div>\n<div class=\"txtboxL\">Specifik\u0101cija:<br \/>\nVirzulis<\/div>\n<div class=\"txtboxR\">Urbuma diametrs: 180 mm ~ 410 mm<br \/>\nStie\u0146a diametrs: 120 mm\uff5e360 mm<br \/>\nG\u0101jiens \u22644500 mm<\/div>\n<div class=\"txtboxL\">Vilces sp\u0113ks:<\/div>\n<div class=\"txtboxR\">Maksim\u0101l\u0101 jauda 2612 kN<br \/>\n(Cauruma diametrs: 410 mm\/spiediens 31,5 MPa)<\/div>\n<div class=\"txtboxL\">Specifik\u0101cija:<br \/>\nVirzulis<\/div>\n<div class=\"txtboxR\">Virzulis: 140 mm\uff5e360 mm<br \/>\nG\u0101jiens \u22643000 mm<\/div>\n<div class=\"txtboxL\">Vilces sp\u0113ks:<\/div>\n<div class=\"txtboxR\">Maksim\u0101l\u0101 jauda 3206 kN<br \/>\n(Virzulis 360 mm\/spiediens 31,5 MPa)<\/div>\n<\/div>\n<h2><strong>Preses cilindru r\u016bpn\u012bca:<\/strong><\/h2>\n<p><img loading=\"lazy\" decoding=\"async\" class=\"alignnone wp-image-1619 size-full\" src=\"https:\/\/hydraulic-cylinders.net\/wp-content\/uploads\/2023\/10\/press-cylinder.webp\" alt=\"\" width=\"1418\" height=\"946\" srcset=\"https:\/\/hydraulic-cylinders.net\/wp-content\/uploads\/2023\/10\/press-cylinder.webp 1418w, https:\/\/hydraulic-cylinders.net\/wp-content\/uploads\/2023\/10\/press-cylinder-1280x854.webp 1280w, https:\/\/hydraulic-cylinders.net\/wp-content\/uploads\/2023\/10\/press-cylinder-980x654.webp 980w, https:\/\/hydraulic-cylinders.net\/wp-content\/uploads\/2023\/10\/press-cylinder-480x320.webp 480w\" sizes=\"(min-width: 0px) and (max-width: 480px) 480px, (min-width: 481px) and (max-width: 980px) 980px, (min-width: 981px) and (max-width: 1280px) 1280px, (min-width: 1281px) 1418px, 100vw\" \/><\/p>\n<h2><strong>Preses atgrie\u0161anas cilindra lieto\u0161anas metode<\/strong><strong>:<\/strong><\/h2>\n<ol>\n<li><strong>Instal\u0113\u0161ana un integr\u0101cija:<\/strong><\/li>\n<\/ol>\n<ul>\n<li>Dro\u0161i piestipriniet preses atgrie\u0161anas cilindru pie preses r\u0101mja vai tam paredz\u0113t\u0101s mont\u0101\u017eas vietas.<\/li>\n<li>Nodro\u0161iniet pareizu izl\u012bdzin\u0101\u0161anu un savienojumu, iev\u0113rojot ra\u017eot\u0101ja vadl\u012bnijas un ieteikumus.<\/li>\n<\/ul>\n<ol start=\"2\">\n<li><strong>Hidrauliskie savienojumi:<\/strong><\/li>\n<\/ol>\n<ul>\n<li>Pievienojiet preses atgrie\u0161anas cilindru hidrauliskajam sp\u0113ka agreg\u0101tam, izmantojot atbilsto\u0161as \u200b\u200bhidraulisk\u0101s \u0161\u013c\u016btenes un veidgabalus.<\/li>\n<li>P\u0101rliecinieties, vai hidrauliskie savienojumi ir dro\u0161i un bez nopl\u016bd\u0113m, lai nodro\u0161in\u0101tu efekt\u012bvu \u0161\u0137idruma p\u0101rnesi un dro\u0161u darb\u012bbu.<\/li>\n<\/ul>\n<ol start=\"3\">\n<li><strong>Pozicion\u0113\u0161anas regul\u0113\u0161ana:<\/strong><\/li>\n<\/ol>\n<ul>\n<li>Piel\u0101gojiet preses atgrie\u0161anas cilindra novietojumu atbilsto\u0161i j\u016bsu pres\u0113\u0161anas pielietojuma \u012bpa\u0161aj\u0101m pras\u012bb\u0101m.<\/li>\n<li>Lai nodro\u0161in\u0101tu optim\u0101lu veiktsp\u0113ju, iev\u0113rojiet ra\u017eot\u0101ja nor\u0101d\u012bjumus, lai iestat\u012btu v\u0113lam\u0101s s\u0101kuma un atgrie\u0161an\u0101s poz\u012bcijas.<\/li>\n<\/ul>\n<ol start=\"4\">\n<li><strong>Darb\u012bbas kontrole:<\/strong><\/li>\n<\/ol>\n<ul>\n<li>Iepaz\u012bstieties ar preses atgrie\u0161anas cilindra nodro\u0161in\u0101taj\u0101m vad\u012bbas ier\u012bc\u0113m.<\/li>\n<li>Izprotiet, k\u0101 uzs\u0101kt atpaka\u013cgaitas kust\u012bbu un papildu funkcijas, piem\u0113ram, \u0101truma kontroli vai av\u0101rijas aptur\u0113\u0161anas funkcijas.<\/li>\n<\/ul>\n<h2><strong>K\u0101du hidraulikas likumu izmanto brem\u017eu sist\u0113ma?<\/strong><\/h2>\n<p>Transportl\u012bdzek\u013cu brem\u017eu sist\u0113m\u0101 parasti tiek izmantots Pask\u0101la hidraulikas likums. Pask\u0101la likums nosaka, ka, pieliekot spiedienu uz ierobe\u017eotu \u0161\u0137idrumu, spiediens tiek vien\u0101di p\u0101rnests visos virzienos. Hidraulisk\u0101s brem\u017eu sist\u0113mas kontekst\u0101 \u0161is princips \u013cauj sp\u0113ka p\u0101rnesi no brem\u017eu ped\u0101\u013ca uz pa\u0161\u0101m bremz\u0113m.<\/p>\n<p>\u0160eit ir vienk\u0101r\u0161ots skaidrojums par to, k\u0101 brem\u017eu sist\u0113ma izmanto Pask\u0101la likumu:<\/p>\n<ol>\n<li><strong>Brem\u017eu ped\u0101\u013ca pielietojums:<\/strong>\n<ul>\n<li>Kad vad\u012bt\u0101js nospie\u017e brem\u017eu ped\u0101li, galvenajam cilindram tiek pielikts meh\u0101nisks sp\u0113ks.<\/li>\n<\/ul>\n<\/li>\n<li><strong>Galvenais cilindrs:<\/strong>\n<ul>\n<li>Galvenaj\u0101 brem\u017eu cilindr\u0101 ir virzulis, kas p\u0101rvietojas, rea\u0123\u0113jot uz brem\u017eu ped\u0101\u013ca pielikto sp\u0113ku.<\/li>\n<li>Virzulis p\u0101rvietojas, radot spiedienu uz brem\u017eu \u0161\u0137idrumu, kas atrodas galvenaj\u0101 brem\u017eu cilindr\u0101.<\/li>\n<\/ul>\n<\/li>\n<li><strong>Spiediena p\u0101rraide:<\/strong>\n<ul>\n<li>\u0160aj\u0101 br\u012bd\u012b sp\u0113l\u0113 lomu Pask\u0101la likums.<\/li>\n<li>Virzu\u013ca kust\u012bbas rad\u012btais spiediens tiek vienm\u0113r\u012bgi p\u0101rnests pa brem\u017eu \u0161\u0137idrumu visos virzienos.<\/li>\n<\/ul>\n<\/li>\n<li><strong>Hidraulisk\u0101s l\u012bnijas:<\/strong>\n<ul>\n<li>Brem\u017eu \u0161\u0137idrums zem spiediena pl\u016bst pa hidrauliskaj\u0101m l\u012bnij\u0101m vai brem\u017eu caurul\u0113m.<\/li>\n<li>\u0160\u012bs l\u012bnijas savieno galveno cilindru ar brem\u017eu suportiem vai rite\u0146u cilindriem pie katra rite\u0146a.<\/li>\n<\/ul>\n<\/li>\n<li><strong>Brem\u017eu suporti\/rite\u0146u cilindri:<\/strong>\n<ul>\n<li>Brem\u017eu suporti (disku bremz\u0113s) vai rite\u0146u cilindri (trumu\u013ca bremz\u0113s) sa\u0146em spiediena brem\u017eu \u0161\u0137idrumu pie katra rite\u0146a.<\/li>\n<li>Spiediens liek suportiem vai cilindriem iedarboties uz brem\u017eu klu\u010diem vai kurp\u0113m, kas spie\u017eas pret brem\u017eu diskiem vai trumu\u013ciem.<\/li>\n<\/ul>\n<\/li>\n<li><strong>Berzes un bremz\u0113\u0161anas darb\u012bba:<\/strong>\n<ul>\n<li>Berze starp brem\u017eu klu\u010diem un rotoriem (vai kurp\u0113m un trumu\u013ciem) pal\u0113nina vai aptur transportl\u012bdzek\u013ca rite\u0146us.<\/li>\n<\/ul>\n<\/li>\n<\/ol>\n<h2><strong>R\u016bpn\u012bcas iesp\u0113jas un jauda:<\/strong><\/h2>\n<h3>(1) Mont\u0101\u017ea<\/h3>\n<p>Mums ir pirmklas\u012bga neatkar\u012bga p\u0113tniec\u012bbas un att\u012bst\u012bbas mont\u0101\u017eas platforma. Hidraulisko cilindru ra\u017eo\u0161anas darbn\u012bc\u0101 ir \u010detras pusautom\u0101tiskas pacel\u0161anas cilindru mont\u0101\u017eas l\u012bnijas un viena autom\u0101tisk\u0101 sl\u012bpuma cilindru mont\u0101\u017eas l\u012bnija ar projekt\u0113to gada ra\u017eo\u0161anas jaudu 1 miljons vien\u012bbu. Speci\u0101lo cilindru darbn\u012bca ir apr\u012bkota ar da\u017e\u0101du specifik\u0101ciju pusautom\u0101tisku t\u012br\u012b\u0161anas mont\u0101\u017eas sist\u0113mu ar projekt\u0113to gada ra\u017eo\u0161anas jaudu 200 000 vien\u012bbu un apr\u012bkota ar slaven\u0101m CNC apstr\u0101des iek\u0101rt\u0101m, apstr\u0101des centru, augstas precizit\u0101tes cilindru apstr\u0101des speci\u0101lo apr\u012bkojumu, robotiz\u0113tu metin\u0101\u0161anas iek\u0101rtu, autom\u0101tisku t\u012br\u012b\u0161anas iek\u0101rtu, autom\u0101tisku cilindru mont\u0101\u017eas iek\u0101rtu un autom\u0101tisku kr\u0101so\u0161anas ra\u017eo\u0161anas l\u012bniju. Eso\u0161ais kritiskais apr\u012bkojums ir vair\u0101k nek\u0101 300 komplektu (komplektu). Optim\u0101la iek\u0101rtu resursu sadale un efekt\u012bva izmanto\u0161ana nodro\u0161ina produktu precizit\u0101tes pras\u012bbas un apmierina produktu augst\u0101s kvalit\u0101tes pras\u012bbas.<\/p>\n<p><img loading=\"lazy\" decoding=\"async\" class=\"alignnone wp-image-626\" src=\"https:\/\/hydraulic-cylinders.net\/wp-content\/uploads\/2023\/08\/hydraulic-cylinder-product-1-300x158.webp\" alt=\"\" width=\"495\" height=\"260\" srcset=\"https:\/\/hydraulic-cylinders.net\/wp-content\/uploads\/2023\/08\/hydraulic-cylinder-product-1-300x158.webp 495w, https:\/\/hydraulic-cylinders.net\/wp-content\/uploads\/2023\/08\/hydraulic-cylinder-product-1-480x252.webp 480w\" sizes=\"(min-width: 0px) and (max-width: 480px) 480px, (min-width: 481px) 495px, 100vw\" \/> <img loading=\"lazy\" decoding=\"async\" class=\"alignnone wp-image-627\" src=\"https:\/\/hydraulic-cylinders.net\/wp-content\/uploads\/2023\/08\/hydraulic-cylinder-product-2-300x189.webp\" alt=\"\" width=\"413\" height=\"260\" \/><\/p>\n<h3>(2) Apstr\u0101de<\/h3>\n<p>Apstr\u0101des cehs ir apr\u012bkots ar piel\u0101gotu sl\u012bpo slie\u017eu virpo\u0161anas centru, apstr\u0101des centru, \u0101trgaitas asin\u0101\u0161anas ma\u0161\u012bnu, metin\u0101\u0161anas robotu un citu saist\u012btu apr\u012bkojumu, kas var apstr\u0101d\u0101t cilindriskas caurules ar maksim\u0101lo iek\u0161\u0113jo diametru 400 mm un maksim\u0101lo garumu 6 metri.<\/p>\n<p><img loading=\"lazy\" decoding=\"async\" class=\"alignnone wp-image-628 size-large\" src=\"https:\/\/hydraulic-cylinders.net\/wp-content\/uploads\/2023\/08\/hydraulic-cylinder-product-3-1024x391.webp\" alt=\"\" width=\"1024\" height=\"391\" srcset=\"https:\/\/hydraulic-cylinders.net\/wp-content\/uploads\/2023\/08\/hydraulic-cylinder-product-3-980x374.webp 980w, https:\/\/hydraulic-cylinders.net\/wp-content\/uploads\/2023\/08\/hydraulic-cylinder-product-3-480x183.webp 480w\" sizes=\"(min-width: 0px) and (max-width: 480px) 480px, (min-width: 481px) and (max-width: 980px) 980px, (min-width: 981px) 1024px, 100vw\" \/><\/p>\n<h3>(3) Metin\u0101\u0161ana<\/h3>\n<p><img loading=\"lazy\" decoding=\"async\" class=\"alignnone wp-image-629 size-large\" src=\"https:\/\/hydraulic-cylinders.net\/wp-content\/uploads\/2023\/08\/hydraulic-cylinder-product-4-1024x510.webp\" alt=\"\" width=\"1024\" height=\"510\" srcset=\"https:\/\/hydraulic-cylinders.net\/wp-content\/uploads\/2023\/08\/hydraulic-cylinder-product-4-980x488.webp 980w, https:\/\/hydraulic-cylinders.net\/wp-content\/uploads\/2023\/08\/hydraulic-cylinder-product-4-480x239.webp 480w\" sizes=\"(min-width: 0px) and (max-width: 480px) 480px, (min-width: 481px) and (max-width: 980px) 980px, (min-width: 981px) 1024px, 100vw\" \/><\/p>\n<h3>(4) Kr\u0101so\u0161ana un p\u0101rkl\u0101\u0161ana<\/h3>\n<p>Ar maz\u0101m un vid\u0113ja izm\u0113ra cilindrisk\u0101m autom\u0101tisk\u0101m \u016bdens b\u0101zes kr\u0101su p\u0101rkl\u0101\u0161anas l\u012bnij\u0101m, lai pan\u0101ktu autom\u0101tisku robotu iekrau\u0161anu un izkrau\u0161anu un autom\u0101tisku izsmidzin\u0101\u0161anu, projekt\u0113t\u0101 jauda ir 4000 gabali mai\u0146\u0101;<br \/>\nMums ir ar\u012b pusautom\u0101tiska kr\u0101su ra\u017eo\u0161anas l\u012bnija lieliem baloniem, ko darbina \u0137\u0113des piedzi\u0146a, ar 60 kastu konstrukcijas jaudu vien\u0101 mai\u0146\u0101.<\/p>\n<p><img loading=\"lazy\" decoding=\"async\" class=\"alignnone wp-image-630\" src=\"https:\/\/hydraulic-cylinders.net\/wp-content\/uploads\/2023\/08\/hydraulic-cylinder-product-5-300x213.webp\" alt=\"\" width=\"366\" height=\"260\" \/> <img loading=\"lazy\" decoding=\"async\" class=\"alignnone wp-image-631\" src=\"https:\/\/hydraulic-cylinders.net\/wp-content\/uploads\/2023\/08\/hydraulic-cylinder-product-6-300x225.webp\" alt=\"\" width=\"347\" height=\"260\" \/><\/p>\n<h3>(5) Test\u0113\u0161ana<\/h3>\n<p>Mums ir augst\u0101k\u0101s klases p\u0101rbaudes iek\u0101rtas un test\u0113\u0161anas stendi, lai nodro\u0161in\u0101tu, ka balona veiktsp\u0113ja atbilst pras\u012bb\u0101m.<\/p>\n<p><img loading=\"lazy\" decoding=\"async\" class=\"alignnone wp-image-632\" src=\"https:\/\/hydraulic-cylinders.net\/wp-content\/uploads\/2023\/08\/hydraulic-cylinder-product-8-300x200.webp\" alt=\"\" width=\"389\" height=\"260\" \/><\/p>\n<p>&nbsp;<\/p>\n<p>&nbsp;<\/p>\n<p>M\u0113s esam viens no lab\u0101kajiem hidraulisko cilindru ra\u017eot\u0101jiem. M\u0113s varam pied\u0101v\u0101t visaptvero\u0161us hidrauliskos cilindrus. M\u0113s nodro\u0161in\u0101m ar\u012b atbilsto\u0161us <a href=\"https:\/\/hzpt.com\/agricultural-pto-gearbox\/\" target=\"_blank\" rel=\"noopener\">lauksaimniec\u012bbas p\u0101rnesumk\u0101rbas<\/a>. M\u0113s esam eksport\u0113ju\u0161i savus produktus klientiem vis\u0101 pasaul\u0113 un esam ieguvu\u0161i labu reput\u0101ciju, pateicoties m\u016bsu izcilajai produktu kvalit\u0101tei un p\u0113cp\u0101rdo\u0161anas servisam. M\u0113s aicin\u0101m klientus no valsts un \u0101rvalst\u012bm sazin\u0101ties ar mums, lai risin\u0101tu biznesa sarunas, apmain\u012btos ar inform\u0101ciju un... <a href=\"https:\/\/www.hydraulic-cylinders.net\/lv\/contact-us\/\">sadarboties ar mums<\/a>!<\/p>","protected":false},"excerpt":{"rendered":"<p>Press Return Cylinder The press return cylinder is a vital component in optimizing pressing operations in various industries. With its advanced features and reliable performance, this cylinder offers enhanced efficiency, accuracy, and safety. The press return cylinder is valuable for enhancing efficiency, accuracy, and safety in pressing operations. With its robust construction, precise positioning, efficient [&hellip;]<\/p>","protected":false},"featured_media":1625,"comment_status":"open","ping_status":"closed","template":"","meta":{"_et_pb_use_builder":"","_et_pb_old_content":"","_et_gb_content_width":""},"product_brand":[],"product_cat":[1522,1549,1376],"product_tag":[1380],"class_list":{"0":"post-1623","1":"product","2":"type-product","3":"status-publish","4":"has-post-thumbnail","6":"product_cat-press-hydraulic-cylinders","7":"product_cat-single-acting-hydraulic-cylinder","8":"product_cat-hydraulic-cylinder","9":"product_tag-hydraulic-cylinder","11":"first","12":"instock","13":"shipping-taxable","14":"product-type-simple"},"amp_enabled":true,"_links":{"self":[{"href":"https:\/\/www.hydraulic-cylinders.net\/lv\/wp-json\/wp\/v2\/product\/1623","targetHints":{"allow":["GET"]}}],"collection":[{"href":"https:\/\/www.hydraulic-cylinders.net\/lv\/wp-json\/wp\/v2\/product"}],"about":[{"href":"https:\/\/www.hydraulic-cylinders.net\/lv\/wp-json\/wp\/v2\/types\/product"}],"replies":[{"embeddable":true,"href":"https:\/\/www.hydraulic-cylinders.net\/lv\/wp-json\/wp\/v2\/comments?post=1623"}],"wp:featuredmedia":[{"embeddable":true,"href":"https:\/\/www.hydraulic-cylinders.net\/lv\/wp-json\/wp\/v2\/media\/1625"}],"wp:attachment":[{"href":"https:\/\/www.hydraulic-cylinders.net\/lv\/wp-json\/wp\/v2\/media?parent=1623"}],"wp:term":[{"taxonomy":"product_brand","embeddable":true,"href":"https:\/\/www.hydraulic-cylinders.net\/lv\/wp-json\/wp\/v2\/product_brand?post=1623"},{"taxonomy":"product_cat","embeddable":true,"href":"https:\/\/www.hydraulic-cylinders.net\/lv\/wp-json\/wp\/v2\/product_cat?post=1623"},{"taxonomy":"product_tag","embeddable":true,"href":"https:\/\/www.hydraulic-cylinders.net\/lv\/wp-json\/wp\/v2\/product_tag?post=1623"}],"curies":[{"name":"wp","href":"https:\/\/api.w.org\/{rel}","templated":true}]}}