{"id":16241,"date":"2025-01-20T08:42:56","date_gmt":"2025-01-20T08:42:56","guid":{"rendered":"https:\/\/www.hydraulic-cylinders.net\/product\/arm-cylinderfor-hyundai-middle-excavator-r215-5-7c-9\/"},"modified":"2025-01-20T08:42:58","modified_gmt":"2025-01-20T08:42:58","slug":"arm-cylinderfor-hyundai-middle-excavator-r215-5-7c-9","status":"publish","type":"product","link":"https:\/\/www.hydraulic-cylinders.net\/lv\/products\/arm-cylinderfor-hyundai-middle-excavator-r215-5-7c-9\/","title":{"rendered":"Sviras cilindrs Hyundai vid\u0113j\u0101 ekskavatora R215-5-7c-9"},"content":{"rendered":"<h2>Hyundai vid\u0113j\u0101 ekskavatora R215-5-7c-9 sviras cilindrs<\/h2>\n<h3>Ievads<\/h3>\n<p>Sviras cilindrs ir speci\u0101li izstr\u0101d\u0101ts hidrauliskais cilindrs, kas nodro\u0161ina line\u0101ru kust\u012bbu un jaudu da\u017e\u0101du veidu ma\u0161\u012bnu, tostarp ekskavatoru, celt\u0146u un robotiz\u0113tu roku, svir\u0101m. Sviras cilindram ir iz\u0161\u0137iro\u0161a noz\u012bme hidrauliskaj\u0101 sist\u0113m\u0101, nodro\u0161inot efekt\u012bvu agreg\u0101tu un piederumu kust\u012bbu un vad\u012bbu. \u0160ie cilindri ne tikai nodro\u0161ina vienm\u0113r\u012bgu kust\u012bbu, bet ar\u012b iztur lielas slodzes, nodro\u0161inot ma\u0161\u012bnu efekt\u012bvu darb\u012bbu un uzticam\u012bbu da\u017e\u0101dos darba apst\u0101k\u013cos.<\/p>\n<p><img decoding=\"async\" src=\"https:\/\/www.hydraulic-cylinders.net\/wp-content\/uploads\/2025\/01\/songte-company-2.webp\"><\/p>\n<h3>Funkcijas<\/h3>\n<ul>\n<li><strong>Augstas efektivit\u0101tes transmisija:<\/strong> Rokas cilindrs nodro\u0161ina jaud\u012bgu line\u0101ru kust\u012bbu un sp\u0113ku, garant\u0113jot robotiz\u0113t\u0101s rokas augstu efektivit\u0101ti da\u017e\u0101d\u0101s oper\u0101cij\u0101s.<\/li>\n<li><strong>Prec\u012bza kontrole:<\/strong> Izmantojot hidraulisko sist\u0113mu, rokas cilindrs var pan\u0101kt prec\u012bzu kust\u012bbas vad\u012bbu, padarot pielikumu darb\u012bbu elast\u012bg\u0101ku un prec\u012bz\u0101ku.<\/li>\n<li><strong>Iztur\u012bgs:<\/strong> Roku cilindri parasti ir izgatavoti no augstas iztur\u012bbas materi\u0101liem, kuriem ir laba nodilumiztur\u012bba un korozijas iztur\u012bba, un tie ir piem\u0113roti ilgsto\u0161ai lieto\u0161anai skarbos apst\u0101k\u013cos.<\/li>\n<li><strong>Daudzfunkcion\u0101la piel\u0101go\u0161an\u0101s sp\u0113ja:<\/strong> \u0160os cilindrus var pla\u0161i izmantot da\u017e\u0101d\u0101s meh\u0101nisk\u0101s iek\u0101rt\u0101s, piem\u0113ram, ekskavatoros, celt\u0146os un robotiz\u0113t\u0101s rok\u0101s, piel\u0101gojoties da\u017e\u0101d\u0101m darba pras\u012bb\u0101m.<\/li>\n<li><strong>Vienk\u0101r\u0161a apkope:<\/strong> Projekt\u0113jot \u0146emta v\u0113r\u0101 apkopes un nomai\u0146as vienk\u0101r\u0161\u012bba, padarot regul\u0101ras p\u0101rbaudes un apkopi \u0113rt\u0101ku un samazinot iek\u0101rtu d\u012bkst\u0101ves laiku.<\/li>\n<\/ul>\n<p>M\u0113s varam ra\u017eot \u0161o produktu, un m\u016bsu produkti var lieliski aizst\u0101t \u0161os hidrauliskos cilindrus.<\/p>\n<p><img decoding=\"async\" src=\"https:\/\/www.hydraulic-cylinders.net\/wp-content\/uploads\/2025\/01\/songte-oil-pipes-and-spare-parts.webp\"><\/p>\n<h3>Pieteikumi<\/h3>\n<p>Sviras cilindrs tiek pla\u0161i izmantots da\u017e\u0101d\u0101s nozar\u0113s:<\/p>\n<ul>\n<li><strong>B\u016bvniec\u012bbas in\u017eenierija:<\/strong> Ekskavatoros un celt\u0146os sviras cilindru izmanto, lai kontrol\u0113tu kausu vai str\u0113les kust\u012bbu zemes darbos, materi\u0101lu apstr\u0101d\u0113 un konstrukciju uzst\u0101d\u012b\u0161an\u0101.<\/li>\n<li><strong>Ra\u017eo\u0161ana:<\/strong> Automatiz\u0113t\u0101s ra\u017eo\u0161anas l\u012bnij\u0101s rokas cilindrs tiek izmantots robotiz\u0113tu roku p\u0101rvieto\u0161anai, mont\u0101\u017eas, metin\u0101\u0161anas un apstr\u0101des procesos, uzlabojot ra\u017eo\u0161anas efektivit\u0101ti un precizit\u0101ti.<\/li>\n<li><strong>Lauksaimniec\u012bbas tehnika:<\/strong> Lauksaimniec\u012bbas ma\u0161\u012bn\u0101s, piem\u0113ram, kombainos un s\u0113jma\u0161\u012bn\u0101s, sviras cilindrs kontrol\u0113 vad\u012bbas sviras kust\u012bbu, veicot t\u0101dus uzdevumus k\u0101 s\u0113\u0161ana, m\u0113slo\u0161ana un ra\u017eas nov\u0101k\u0161ana.<\/li>\n<li><strong>Kalnr\u016bpniec\u012bba:<\/strong> Kalnr\u016bpniec\u012bbas iek\u0101rt\u0101s sviras cilindrs tiek izmantots, lai kontrol\u0113tu kalnr\u016bpniec\u012bbas iek\u0101rtu sviru kust\u012bbu kalnr\u016bpniec\u012bb\u0101 un materi\u0101lu apstr\u0101d\u0113.<\/li>\n<li><strong>Lo\u0123istika un transports:<\/strong> Iekr\u0101v\u0113jos un apstr\u0101des robotos rokas cilindrs kontrol\u0113 dak\u0161as pacel\u0161anu un kust\u012bbu, realiz\u0113jot materi\u0101lu apstr\u0101di un sakrau\u0161anu.<\/li>\n<\/ul>\n<h3>Dizaina apsv\u0113rumi un atlases krit\u0113riji<\/h3>\n<p>Sviras cilindrs ir svar\u012bga hidraulisk\u0101s sist\u0113mas sast\u0101vda\u013ca, un t\u0101 veiktsp\u0113ja un kvalit\u0101te ir cie\u0161i saist\u012bta ar ma\u0161\u012bnas kop\u0113jo efektivit\u0101ti un dro\u0161\u012bbu. J\u0101\u0146em v\u0113r\u0101 \u0161\u0101di projekt\u0113\u0161anas apsv\u0113rumi un izv\u0113les krit\u0113riji:<\/p>\n<ul>\n<li><strong>Nestsp\u0113ja:<\/strong> Sviras cilindram j\u0101sp\u0113j iztur\u0113t maksim\u0101lo tehnikas un piederumu slodzi, nodro\u0161inot efekt\u012bvu un dro\u0161u darb\u012bbu.<\/li>\n<li><strong>Bl\u012bv\u0113juma veiktsp\u0113ja:<\/strong> J\u0101izmanto da\u017e\u0101di bl\u012bv\u0113\u0161anas komponenti, piem\u0113ram, virzu\u013ca bl\u012bvsl\u0113gi \u200b\u200bun stie\u0146u bl\u012bvsl\u0113gi, un bl\u012bv\u0113\u0161anas materi\u0101li, piem\u0113ram, poliuret\u0101ns un nitrilgumija, j\u0101izv\u0113las atbilsto\u0161i to nodilumiztur\u012bbai.<\/li>\n<li><strong>Iztur\u012bba:<\/strong> Cilindra korpuss un v\u012bt\u0146ot\u0101 gala virsma ir j\u0101apstr\u0101d\u0101 smalki, lai uzlabotu nodilumiztur\u012bbu un iztur\u012bbu pret koroziju.<\/li>\n<li><strong>Dro\u0161\u012bba:<\/strong> Sviras cilindram j\u0101b\u016bt apr\u012bkotam ar dro\u0161\u012bbas ier\u012bc\u0113m, piem\u0113ram, p\u0101rslodzes aizsardz\u012bbu un av\u0101rijas aptur\u0113\u0161anu, lai nodro\u0161in\u0101tu dro\u0161u darb\u012bbu.<\/li>\n<li><strong>Uzturam\u012bba:<\/strong> Sviras cilindra konstrukcijai j\u0101b\u016bt viegli kopjamai un remont\u0113jamai, samazinot d\u012bkst\u0101ves laiku un apkopes izmaksas.<\/li>\n<\/ul>\n<p><img decoding=\"async\" src=\"https:\/\/www.hydraulic-cylinders.net\/wp-content\/uploads\/2025\/01\/songte-cylinder-head-with-all-kinds-excavator-models.webp\"><\/p>\n<h3>Bl\u012bv\u0113\u0161ana un e\u013c\u013co\u0161ana<\/h3>\n<p>Lai saglab\u0101tu sviras cilindra veiktsp\u0113ju un pagarin\u0101tu t\u0101 kalpo\u0161anas laiku, tam ir nepiecie\u0161ams atbilsto\u0161s bl\u012bv\u0113jums un e\u013c\u013co\u0161ana. J\u0101veic \u0161\u0101di pas\u0101kumi:<\/p>\n<ul>\n<li><strong>Izmantojot da\u017e\u0101dus bl\u012bv\u0113juma komponentus:<\/strong> Sviras cilindram j\u0101b\u016bt apr\u012bkotam ar da\u017e\u0101diem bl\u012bv\u0113juma komponentiem, piem\u0113ram, virzu\u013ca bl\u012bv\u0113jumiem un stie\u0146a bl\u012bv\u0113jumiem, lai nodro\u0161in\u0101tu labu bl\u012bv\u0113juma veiktsp\u0113ju.<\/li>\n<li><strong>Nodilumiztur\u012bgu materi\u0101lu izv\u0113le:<\/strong> Bl\u012bvmateri\u0101li, piem\u0113ram, poliuret\u0101ns un nitrilgumija, j\u0101izv\u0113las atbilsto\u0161i to nodilumiztur\u012bbai.<\/li>\n<li><strong>Cilindra korpusa un v\u012bt\u0146ot\u0101s gala virsmas smalka apstr\u0101de:<\/strong> Cilindra korpuss un v\u012bt\u0146ot\u0101 gala virsma ir j\u0101apstr\u0101d\u0101 smalki, lai uzlabotu nodilumiztur\u012bbu un iztur\u012bbu pret koroziju.<\/li>\n<li><strong>Regul\u0101ri pievienojiet hidraulisko e\u013c\u013cu e\u013c\u013co\u0161anai:<\/strong> E\u013c\u013co\u0161anai regul\u0101ri j\u0101pievieno atbilsto\u0161s hidraulisk\u0101s e\u013c\u013cas daudzums.<\/li>\n<\/ul>\n<h3>Apkope un prevent\u012bvie pas\u0101kumi<\/h3>\n<p>Pareiza apkope un prevent\u012bvie pas\u0101kumi var pal\u012bdz\u0113t pagarin\u0101t sviras cilindra kalpo\u0161anas laiku un samazin\u0101t d\u012bkst\u0101ves laiku. J\u0101veic \u0161\u0101di pas\u0101kumi:<\/p>\n<ul>\n<li><strong>Regul\u0101ras p\u0101rbaudes:<\/strong> Lai savlaic\u012bgi atkl\u0101tu probl\u0113mas un nov\u0113rstu to ra\u0161anos, j\u0101veic regul\u0101ras p\u0101rbaudes.<\/li>\n<li><strong>Nodilu\u0161u vai boj\u0101tu deta\u013cu nomai\u0146a:<\/strong> Nolietotas vai boj\u0101tas deta\u013cas j\u0101nomaina savlaic\u012bgi, lai neietekm\u0113tu sviras cilindra darb\u012bbu un dro\u0161\u012bbu.<\/li>\n<li><strong>Prevent\u012bv\u0101 apkope:<\/strong> Lai samazin\u0101tu nodilumu un nov\u0113rstu iesp\u0113jam\u0101s probl\u0113mas, j\u0101veic regul\u0101ra profilaktisk\u0101 apkope, piem\u0113ram, t\u012br\u012b\u0161ana un e\u013c\u013co\u0161ana.<\/li>\n<\/ul>\n<p><img decoding=\"async\" src=\"https:\/\/www.hydraulic-cylinders.net\/wp-content\/uploads\/2025\/01\/songte-chushion-collar.webp\"><\/p>\n<h3>Instal\u0101cijas rokasgr\u0101mata<\/h3>\n<p>Sviras cilindrs j\u0101uzst\u0101da un j\u0101izmanto saska\u0146\u0101 ar \u0161\u0101d\u0101m vadl\u012bnij\u0101m:<\/p>\n<ul>\n<li><strong>Izv\u0113lieties atbilsto\u0161o instal\u0113\u0161anas vietu:<\/strong> Uzst\u0101d\u012b\u0161anas vieta j\u0101izv\u0113las atbilsto\u0161i tehnikas un pielikumu \u012bpa\u0161aj\u0101m pras\u012bb\u0101m.<\/li>\n<li><strong>Nodro\u0161iniet pareizu uzst\u0101d\u012b\u0161anas virzienu:<\/strong> Lai nodro\u0161in\u0101tu pareizu darb\u012bbu, sviras cilindrs j\u0101uzst\u0101da pareizaj\u0101 virzien\u0101.<\/li>\n<li><strong>Pareizi pievienojiet hidraulisk\u0101s e\u013c\u013cas caurules:<\/strong> Hidraulisk\u0101s e\u013c\u013cas caurul\u0113m j\u0101b\u016bt pareizi savienot\u0101m, lai nodro\u0161in\u0101tu vienm\u0113r\u012bgu pl\u016bsmu un nov\u0113rstu nopl\u016bdes.<\/li>\n<li><strong>Piel\u0101gojiet spiedienu:<\/strong> Spiediens j\u0101piel\u0101go atbilsto\u0161am l\u012bmenim atbilsto\u0161i tehnikas un piederumu \u012bpa\u0161aj\u0101m pras\u012bb\u0101m.<\/li>\n<\/ul>\n<h3>Dro\u0161\u012bbas apsv\u0113rumi un vides faktori<\/h3>\n<p>Lietojot rokas cilindru, j\u0101iev\u0113ro dro\u0161\u012bbas pas\u0101kumi, jo tas ir svar\u012bga tehnikas sast\u0101vda\u013ca. J\u0101\u0146em v\u0113r\u0101 ar\u012b vides faktori, piem\u0113ram, temperat\u016bra un mitrums, un j\u0101veic atbilsto\u0161i pas\u0101kumi, lai nodro\u0161in\u0101tu rokas cilindra dro\u0161u un efekt\u012bvu darb\u012bbu.<\/p>\n<h3>Probl\u0113mu nov\u0113r\u0161ana un bie\u017ei sastopamas probl\u0113mas<\/h3>\n<p>T\u0101l\u0101k ir nor\u0101d\u012btas bie\u017ei sastopamas probl\u0113mas un risin\u0101jumi, kas saist\u012bti ar sviras cilindru:<\/p>\n<ul>\n<li><strong>Nopl\u016bde:<\/strong> Nopl\u016bdi var izrais\u012bt boj\u0101ti bl\u012bv\u0113juma komponenti vai nepareiza uzst\u0101d\u012b\u0161ana. Nomainiet boj\u0101tos komponentus vai piel\u0101gojiet uzst\u0101d\u012b\u0161anu p\u0113c nepiecie\u0161am\u012bbas.<\/li>\n<li><strong>P\u0101rkar\u0161ana:<\/strong> P\u0101rkar\u0161anu var izrais\u012bt nepietiekama e\u013c\u013cas padeve vai p\u0101rm\u0113r\u012bga slodze. P\u0101rbaudiet e\u013c\u013cas padevi un, ja nepiecie\u0161ams, samaziniet slodzi.<\/li>\n<li><strong>Neparasts troksnis:<\/strong> Neparastu troksni var izrais\u012bt va\u013c\u012bgas deta\u013cas vai sviras cilindra boj\u0101jumi. Pievelciet va\u013c\u012bg\u0101s deta\u013cas vai nomainiet boj\u0101t\u0101s deta\u013cas p\u0113c nepiecie\u0161am\u012bbas.<\/li>\n<\/ul>\n<p>Prevent\u012bvie pas\u0101kumi, piem\u0113ram, regul\u0101ra apkope un p\u0101rbaudes, var pal\u012bdz\u0113t samazin\u0101t \u0161o probl\u0113mu ra\u0161anos.<\/p>\n<p><img decoding=\"async\" src=\"https:\/\/www.hydraulic-cylinders.net\/wp-content\/uploads\/2025\/01\/songte-bushings-with-all-kinds-of-excavator-models.webp\"><\/p>\n<h3>Par mums<\/h3>\n<p>M\u0113s esam profesion\u0101ls rezerves hidraulisko cilindru ra\u017eot\u0101js ar pla\u0161u produktu kl\u0101stu un esam k\u013cuvu\u0161i par vienu no vado\u0161ajiem hidraulisko cilindru ra\u017eot\u0101jiem un vairumtirdzniec\u012bbas izplat\u012bt\u0101jiem viet\u0113j\u0101 un starptautiskaj\u0101 tirg\u016b. M\u0113s vienm\u0113r iev\u0113rojam izcilas kvalit\u0101tes principu, pa\u013caujoties uz smalku ra\u017eo\u0161anas darbn\u012bcu industrializ\u0113to ra\u017eo\u0161anas vad\u012bbas strat\u0113\u0123iju, past\u0101v\u012bgi uzlabojot m\u016bsu tehnolo\u0123ijas un ra\u017eo\u0161anas efektivit\u0101ti. Ievie\u0161ot augstas klases digit\u0101l\u0101s ra\u017eo\u0161anas iek\u0101rtas un profesion\u0101las test\u0113\u0161anas sist\u0113mas, m\u0113s nep\u0101rtraukti optimiz\u0113jam savu ra\u017eo\u0161anas platformu, uzlabojam produktu kvalit\u0101tes kontroles procesu un mums ir sp\u0113c\u012bgas inov\u0101ciju iesp\u0113jas. M\u016bsu m\u0113r\u0137is ir apmierin\u0101t klientu da\u017e\u0101d\u0101s vajadz\u012bbas ar augstu efektivit\u0101ti, precizit\u0101ti un augstas kvalit\u0101tes principiem.<\/p>\n<p>M\u0113s specializ\u0113jamies piel\u0101gotu pakalpojumu snieg\u0161an\u0101 hidrauliskajiem cilindriem, un mums ir starptautiski sertifik\u0101ti, piem\u0113ram, ISO9001 un CE. Mums ir modernas ra\u017eo\u0161anas iek\u0101rtas un profesion\u0101ls tehniskais person\u0101ls, un m\u0113s varam savlaic\u012bgi nodro\u0161in\u0101t klientus ar augstas kvalit\u0101tes produktiem un pakalpojumiem. M\u0113s ar\u012b nodro\u0161in\u0101m lielisku p\u0113cp\u0101rdo\u0161anas apkalpo\u0161anu un tehnisko atbalstu, lai nodro\u0161in\u0101tu klientu apmierin\u0101t\u012bbu.<\/p>\n<p><img decoding=\"async\" src=\"https:\/\/www.hydraulic-cylinders.net\/wp-content\/uploads\/2025\/01\/songte-company-4.webp\"><br \/>\n<img decoding=\"async\" src=\"https:\/\/www.hydraulic-cylinders.net\/wp-content\/uploads\/2025\/01\/songte-company-3.webp\"><\/p>\n<p>Autors: lil<\/p>","protected":false},"excerpt":{"rendered":"<p>Arm Cylinder for Hyundai Middle Excavator R215-5-7c-9 Introduction The arm cylinder is a specially designed hydraulic cylinder that provides linear motion and power to the arms of various types of machinery including excavators, cranes, and robotic arms. The arm cylinder plays a crucial role in the hydraulic system, enabling the effective movement and control of [&hellip;]<\/p>","protected":false},"featured_media":14763,"comment_status":"open","ping_status":"closed","template":"","meta":{"_et_pb_use_builder":"","_et_pb_old_content":"","_et_gb_content_width":""},"product_brand":[],"product_cat":[1497],"product_tag":[1498,1496],"class_list":{"0":"post-16241","1":"product","2":"type-product","3":"status-publish","4":"has-post-thumbnail","6":"product_cat-arm-cylinders","7":"product_tag-arm-cylinders","8":"product_tag-hydraulic-cylinders","10":"first","11":"instock","12":"shipping-taxable","13":"product-type-simple"},"amp_enabled":true,"_links":{"self":[{"href":"https:\/\/www.hydraulic-cylinders.net\/lv\/wp-json\/wp\/v2\/product\/16241","targetHints":{"allow":["GET"]}}],"collection":[{"href":"https:\/\/www.hydraulic-cylinders.net\/lv\/wp-json\/wp\/v2\/product"}],"about":[{"href":"https:\/\/www.hydraulic-cylinders.net\/lv\/wp-json\/wp\/v2\/types\/product"}],"replies":[{"embeddable":true,"href":"https:\/\/www.hydraulic-cylinders.net\/lv\/wp-json\/wp\/v2\/comments?post=16241"}],"wp:featuredmedia":[{"embeddable":true,"href":"https:\/\/www.hydraulic-cylinders.net\/lv\/wp-json\/wp\/v2\/media\/14763"}],"wp:attachment":[{"href":"https:\/\/www.hydraulic-cylinders.net\/lv\/wp-json\/wp\/v2\/media?parent=16241"}],"wp:term":[{"taxonomy":"product_brand","embeddable":true,"href":"https:\/\/www.hydraulic-cylinders.net\/lv\/wp-json\/wp\/v2\/product_brand?post=16241"},{"taxonomy":"product_cat","embeddable":true,"href":"https:\/\/www.hydraulic-cylinders.net\/lv\/wp-json\/wp\/v2\/product_cat?post=16241"},{"taxonomy":"product_tag","embeddable":true,"href":"https:\/\/www.hydraulic-cylinders.net\/lv\/wp-json\/wp\/v2\/product_tag?post=16241"}],"curies":[{"name":"wp","href":"https:\/\/api.w.org\/{rel}","templated":true}]}}