{"id":16252,"date":"2025-01-20T08:59:39","date_gmt":"2025-01-20T08:59:39","guid":{"rendered":"https:\/\/www.hydraulic-cylinders.net\/product\/arm-cylinderfor-hyundai-large-excavator-r350lc-7\/"},"modified":"2025-01-20T08:59:41","modified_gmt":"2025-01-20T08:59:41","slug":"arm-cylinderfor-hyundai-large-excavator-r350lc-7","status":"publish","type":"product","link":"https:\/\/www.hydraulic-cylinders.net\/lv\/products\/arm-cylinderfor-hyundai-large-excavator-r350lc-7\/","title":{"rendered":"Sviras cilindrs Hyundai lielajam ekskavatoram R350LC-7"},"content":{"rendered":"<h1>Hyundai lielizm\u0113ra ekskavatora R350LC-7 sviras cilindrs<\/h1>\n<h2>Ievads<\/h2>\n<p>Sviras cilindrs k\u0101 speci\u0101li izstr\u0101d\u0101ts hidrauliskais cilindrs galvenok\u0101rt tiek izmantots, lai nodro\u0161in\u0101tu line\u0101ru kust\u012bbu un jaudu da\u017e\u0101du veidu ma\u0161\u012bnu, piem\u0113ram, ekskavatoru, celt\u0146u un meh\u0101nisko sviru, svir\u0101m. Tam ir iz\u0161\u0137iro\u0161a noz\u012bme hidrauliskaj\u0101 sist\u0113m\u0101, \u013caujot pielikumiem vai piederumiem efekt\u012bvi p\u0101rvietoties un vad\u012bties. \u0160ie cilindri ne tikai pan\u0101k vienm\u0113r\u012bgu kust\u012bbu, bet ar\u012b iztur lielas slodzes, nodro\u0161inot ma\u0161\u012bnu efekt\u012bvu darb\u012bbu un uzticam\u012bbu da\u017e\u0101dos ekspluat\u0101cijas apst\u0101k\u013cos.<\/p>\n<p><img decoding=\"async\" src=\"https:\/\/www.hydraulic-cylinders.net\/wp-content\/uploads\/2025\/01\/songte-company-2.webp\"><\/p>\n<h2>Funkcijas<\/h2>\n<ul>\n<li>\n<h3>Augstas efektivit\u0101tes transmisija<\/h3>\n<p>Sviras cilindrs var nodro\u0161in\u0101t jaud\u012bgu line\u0101ru kust\u012bbu un sp\u0113ku, garant\u0113jot meh\u0101nisk\u0101s sviras augstu efektivit\u0101ti da\u017e\u0101d\u0101s darb\u012bb\u0101s.<\/p>\n<\/li>\n<li>\n<h3>Prec\u012bza vad\u012bba<\/h3>\n<p>Izmantojot hidraulisko sist\u0113mu, rokas cilindrs var pan\u0101kt prec\u012bzu kust\u012bbas vad\u012bbu, padarot pielikumu darb\u012bbu elast\u012bg\u0101ku un prec\u012bz\u0101ku.<\/p>\n<\/li>\n<li>\n<h3>Sp\u0113c\u012bga iztur\u012bba<\/h3>\n<p>Roku cilindri parasti ir izgatavoti no augstas iztur\u012bbas materi\u0101liem, ar labu nodilumiztur\u012bbu un iztur\u012bbu pret koroziju, kas ir piem\u0113roti ilgsto\u0161ai lieto\u0161anai skarbos apst\u0101k\u013cos.<\/p>\n<\/li>\n<li>\n<h3>Daudzfunkcion\u0101la piel\u0101go\u0161an\u0101s sp\u0113ja<\/h3>\n<p>\u0160os cilindrus var pla\u0161i izmantot da\u017e\u0101da veida ma\u0161\u012bn\u0101s, piem\u0113ram, ekskavatoros, celt\u0146os un meh\u0101niskaj\u0101s svir\u0101s, lai apmierin\u0101tu da\u017e\u0101das darba pras\u012bbas.<\/p>\n<\/li>\n<li>\n<h3>Vienk\u0101r\u0161a apkope<\/h3>\n<p>Tas ir izstr\u0101d\u0101ts, lai atvieglotu apkopi un nomai\u0146u, padarot regul\u0101ru p\u0101rbaudi un apkopi \u0113rt\u0101ku, samazinot iek\u0101rtu d\u012bkst\u0101ves laiku.<\/p>\n<\/li>\n<\/ul>\n<p>M\u0113s varam perfekti ra\u017eot \u0161o produktu, lai nomain\u012btu \u0161os hidrauliskos cilindrus.<\/p>\n<p><img decoding=\"async\" src=\"https:\/\/www.hydraulic-cylinders.net\/wp-content\/uploads\/2025\/01\/songte-oil-pipes-and-spare-parts.webp\"><\/p>\n<h2>Pieteikumi<\/h2>\n<p>Sviru cilindri tiek pla\u0161i izmantoti da\u017e\u0101d\u0101s nozar\u0113s un scen\u0101rijos, tostarp, bet ne tikai:<\/p>\n<ul>\n<li>\n<h3>B\u016bvniec\u012bbas in\u017eenierija<\/h3>\n<p>Str\u0113les cilindri tiek izmantoti, lai kontrol\u0113tu kausu vai str\u0113les kust\u012bbu ekskavatoros un celt\u0146os zemes darbu, materi\u0101lu apstr\u0101des un konstrukciju uzst\u0101d\u012b\u0161anas laik\u0101.<\/p>\n<\/li>\n<li>\n<h3>Ra\u017eo\u0161anas nozare<\/h3>\n<p>Roku cilindri tiek izmantoti meh\u0101nisko roku p\u0101rvieto\u0161anai automatiz\u0113t\u0101s ra\u017eo\u0161anas l\u012bnij\u0101s mont\u0101\u017eas, metin\u0101\u0161anas un apstr\u0101des procesos, uzlabojot ra\u017eo\u0161anas efektivit\u0101ti un precizit\u0101ti.<\/p>\n<\/li>\n<li>\n<h3>Lauksaimniec\u012bbas tehnika<\/h3>\n<p>Sviru cilindri kontrol\u0113 darba sviru kust\u012bbu lauksaimniec\u012bbas ma\u0161\u012bn\u0101s, piem\u0113ram, kombainos un s\u0113jma\u0161\u012bn\u0101s, veicot s\u0113\u0161anas, m\u0113slo\u0161anas un ra\u017eas nov\u0101k\u0161anas darbus.<\/p>\n<\/li>\n<li>\n<h3>Kalnr\u016bpniec\u012bba<\/h3>\n<p>Rokas cilindri tiek izmantoti, lai kontrol\u0113tu kalnr\u016bpniec\u012bbas iek\u0101rtu rokas kust\u012bbu miner\u0101lu ieguvei un transport\u0113\u0161anai. <\/p>\n<\/li>\n<li>\n<h3>Lo\u0123istika un transports<\/h3>\n<p>Roku cilindri tiek izmantoti, lai kontrol\u0113tu dak\u0161u pacel\u0161anu un kust\u012bbu iekr\u0101v\u0113jos un apstr\u0101des robotos, realiz\u0113jot materi\u0101lu apstr\u0101di un sakrau\u0161anu.<\/p>\n<\/li>\n<\/ul>\n<h2>Dizaina apsv\u0113rumi un atlases krit\u0113riji<\/h2>\n<p>Izv\u0113loties un projekt\u0113jot cilindra sviras, j\u0101\u0146em v\u0113r\u0101 da\u017e\u0101di faktori, tostarp:<\/p>\n<ul>\n<li>\n<h3>Nestsp\u0113ja<\/h3>\n<p>Sviru cilindriem j\u0101sp\u0113j iztur\u0113t maksim\u0101lo sp\u0113ku darba apst\u0101k\u013cos, nodro\u0161inot ma\u0161\u012bnas dro\u0161\u012bbu un stabilit\u0101ti.<\/p>\n<\/li>\n<li>\n<h3>Bl\u012bv\u0113\u0161anas veiktsp\u0113ja<\/h3>\n<p>Lai nodro\u0161in\u0101tu uzticamu bl\u012bv\u0113juma veiktsp\u0113ju un nov\u0113rstu nopl\u016bdes, j\u0101izv\u0113las da\u017e\u0101di bl\u012bv\u0113juma komponenti, piem\u0113ram, virzu\u013ca bl\u012bv\u0113jumi un stie\u0146a bl\u012bv\u0113jumi.<\/p>\n<\/li>\n<li>\n<h3>Iztur\u012bba<\/h3>\n<p>Balona korpusam un deta\u013c\u0101m j\u0101b\u016bt izgatavot\u0101m no augstas stipr\u012bbas materi\u0101liem un t\u0101m j\u0101veic virsmas apstr\u0101de, lai uzlabotu nodilumiztur\u012bbu un korozijas iztur\u012bbu, pagarinot kalpo\u0161anas laiku.<\/p>\n<\/li>\n<li>\n<h3>Dro\u0161\u012bba<\/h3>\n<p>Sviru cilindriem j\u0101b\u016bt apr\u012bkotiem ar dro\u0161\u012bbas ier\u012bc\u0113m, piem\u0113ram, bufera ier\u012bc\u0113m, lai nodro\u0161in\u0101tu dro\u0161u un vienm\u0113r\u012bgu darb\u012bbu, samazinot negad\u012bjumu risku.<\/p>\n<\/li>\n<li>\n<h3>Apkope<\/h3>\n<p>Projekt\u0113jot j\u0101\u0146em v\u0113r\u0101 viegla piek\u013cuve deta\u013cu, piem\u0113ram, bl\u012bv\u0113jumu un gult\u0146u, apkopei un nomai\u0146ai, t\u0101d\u0113j\u0101di samazinot apkopes laiku un izmaksas.<\/p>\n<\/li>\n<\/ul>\n<p><img decoding=\"async\" src=\"https:\/\/www.hydraulic-cylinders.net\/wp-content\/uploads\/2025\/01\/songte-cylinder-head-with-all-kinds-excavator-models.webp\"><\/p>\n<h2>Bl\u012bv\u0113\u0161ana un e\u013c\u013co\u0161ana<\/h2>\n<p>Sviru cilindros tiek izmantoti da\u017e\u0101di bl\u012bv\u0113\u0161anas komponenti, piem\u0113ram, virzu\u013ca bl\u012bvsl\u0113gi \u200b\u200bun stie\u0146a bl\u012bvsl\u0113gi, kas izgatavoti no nodilumiztur\u012bgiem materi\u0101liem, piem\u0113ram, poliuret\u0101na un nitrila gumijas, lai nodro\u0161in\u0101tu uzticamu bl\u012bv\u0113\u0161anas veiktsp\u0113ju un nov\u0113rstu nopl\u016bdes. Cilindra korpuss un v\u012btnes gala virsma tiek r\u016bp\u012bgi apstr\u0101d\u0101ta, lai uzlabotu nodilumiztur\u012bbu. Regul\u0101ra e\u013c\u013co\u0161ana ar piem\u0113rotu hidraulisko e\u013c\u013cu ar\u012b pal\u012bdz samazin\u0101t nodilumu un pagarin\u0101t cilindra kalpo\u0161anas laiku.<\/p>\n<h2>Apkope un prevent\u012bvie pas\u0101kumi<\/h2>\n<p>Regul\u0101ras p\u0101rbaudes un profilaktisk\u0101 apkope ir b\u016btiska sviras cilindriem. J\u0101piev\u0113r\u0161 uzman\u012bba bl\u012bv\u0113juma deta\u013cu st\u0101voklim, nopl\u016b\u017eu kl\u0101tb\u016btnei un nodiluma paz\u012bm\u0113m. T\u012br\u012bba ir \u013coti svar\u012bga, lai saglab\u0101tu veiktsp\u0113ju un pagarin\u0101tu cilindra kalpo\u0161anas laiku. Ieteicams uztur\u0113t hidraulisko sist\u0113mu t\u012bru, regul\u0101ri main\u012bt hidraulisko e\u013c\u013cu un nov\u0113rst cilindra pies\u0101r\u0146o\u0161anu. Novir\u017eu, piem\u0113ram, neparasta trok\u0161\u0146a vai vibr\u0101cijas, gad\u012bjum\u0101 ir nepiecie\u0161ama t\u016bl\u012bt\u0113ja apkope un remonts, lai izvair\u012btos no turpm\u0101kiem apr\u012bkojuma boj\u0101jumiem.<\/p>\n<p><img decoding=\"async\" src=\"https:\/\/www.hydraulic-cylinders.net\/wp-content\/uploads\/2025\/01\/songte-chushion-collar.webp\"><\/p>\n<h2>Produkta uzst\u0101d\u012b\u0161anas rokasgr\u0101mata<\/h2>\n<p>Sviras cilindru uzst\u0101d\u012b\u0161ana j\u0101veic saska\u0146\u0101 ar ra\u017eot\u0101ja ieteikumiem un instrukcij\u0101m. P\u0101rbaudiet cilindra sader\u012bbu un izl\u012bdzin\u0101\u0161anu ar tehniku, p\u0101rliecinieties par bl\u012bv\u0113jumu pareizu uzst\u0101d\u012b\u0161anu un pievelciet skr\u016bves un uzgrie\u017e\u0146us ar nor\u0101d\u012bto griezes momentu. Pirms ekspluat\u0101cijas p\u0101rbaudiet hidraulisk\u0101s sist\u0113mas un cilindra integrit\u0101ti un t\u012br\u012bbu, k\u0101 ar\u012b veiciet izm\u0113\u0123in\u0101juma darb\u012bbu, lai p\u0101rliecin\u0101tos par iek\u0101rtas darb\u012bbu un dro\u0161\u012bbu.<\/p>\n<h2>Dro\u0161\u012bbas apsv\u0113rumi un vides faktori<\/h2>\n<p>Sviru cilindri j\u0101darbina un j\u0101apkopj saska\u0146\u0101 ar dro\u0161\u012bbas vadl\u012bnij\u0101m un noteikumiem, lai nodro\u0161in\u0101tu operatoru un vides dro\u0161\u012bbu. Nepareiza lieto\u0161ana vai apkope var izrais\u012bt iek\u0101rtu boj\u0101jumus, nopl\u016bdes vai negad\u012bjumus, nodarot kait\u0113jumu cilv\u0113kiem un videi. T\u0101p\u0113c ir svar\u012bgi b\u016bt apm\u0101c\u012btam un kvalific\u0113tam hidraulisko iek\u0101rtu ekspluat\u0101cij\u0101 un apkop\u0113, k\u0101 ar\u012b iev\u0113rot dro\u0161\u012bbas proced\u016bras un standartus.<\/p>\n<h2>K\u013c\u016bmju diagnostika un probl\u0113mu nov\u0113r\u0161ana<\/h2>\n<p>Jebkura sviras cilindra boj\u0101juma vai darb\u012bbas trauc\u0113jumu gad\u012bjum\u0101 ieteicams veikt sistem\u0101tisku un r\u016bp\u012bgu diagnostiku, lai noteiktu galveno c\u0113loni un veiktu atbilsto\u0161us pas\u0101kumus. Bie\u017ei sastopamas probl\u0113mas ir nopl\u016bde, neparasts troksnis vai vibr\u0101cija, l\u0113na vai nestabila kust\u012bba, k\u0101 ar\u012b cilindra korpusa vai t\u0101 sast\u0101vda\u013cu boj\u0101jumi. Boj\u0101jumus var izrais\u012bt da\u017e\u0101di iemesli, piem\u0113ram, nodilums, pies\u0101r\u0146ojums, boj\u0101jumi vai nepareiza uzst\u0101d\u012b\u0161ana. Pamatojoties uz diagnozi, j\u0101veic atbilsto\u0161as \u200b\u200bprobl\u0113mu nov\u0113r\u0161anas metodes, piem\u0113ram, boj\u0101to vai nodilu\u0161o sast\u0101vda\u013cu remonts vai nomai\u0146a, cilindra t\u012br\u012b\u0161ana vai hidraulisk\u0101s sist\u0113mas parametru piel\u0101go\u0161ana.<\/p>\n<p><img decoding=\"async\" src=\"https:\/\/www.hydraulic-cylinders.net\/wp-content\/uploads\/2025\/01\/songte-bushings-with-all-kinds-of-excavator-models.webp\"><\/p>\n<h2>Par Songte Hydraulic<\/h2>\n<p>Songte Hydraulic ir vado\u0161ais hidraulisko cilindru ra\u017eot\u0101js un vairumtirgot\u0101js viet\u0113j\u0101 un starptautiskaj\u0101 tirg\u016b. M\u016bsu produktu kl\u0101sts ir no standarta l\u012bdz piel\u0101gotiem hidrauliskajiem cilindriem, lai atbilstu da\u017e\u0101diem r\u016bpnieciskiem pielietojumiem. M\u0113s iev\u0113rojam izcilas kvalit\u0101tes principu un nep\u0101rtraukti uzlabojam savas ra\u017eo\u0161anas tehnolo\u0123ijas un efektivit\u0101ti. Pateicoties m\u016bsu modernaj\u0101m digit\u0101laj\u0101m ra\u017eo\u0161anas iek\u0101rt\u0101m un profesion\u0101laj\u0101m test\u0113\u0161anas sist\u0113m\u0101m, mums ir sp\u0113c\u012bgas inov\u0101ciju iesp\u0113jas un stingri kvalit\u0101tes kontroles procesi. M\u016bsu m\u0113r\u0137is ir nodro\u0161in\u0101t augstas kvalit\u0101tes un efekt\u012bvus hidrauliskos produktus, lai apmierin\u0101tu m\u016bsu klientu da\u017e\u0101d\u0101s vajadz\u012bbas.<\/p>\n<h3>Profesionalit\u0101te<\/h3>\n<p>Mums ir pieredz\u0113ju\u0161u in\u017eenieru un tehni\u0137u komanda, kas specializ\u0113jas hidraulisko cilindru projekt\u0113\u0161an\u0101, izstr\u0101d\u0113 un ra\u017eo\u0161an\u0101. M\u0113s pied\u0101v\u0101jam profesion\u0101lus un piel\u0101gotus risin\u0101jumus, lai apmierin\u0101tu da\u017e\u0101du nozaru un klientu \u012bpa\u0161\u0101s pras\u012bbas.<\/p>\n<h3>Starptautisk\u0101 sertifik\u0101cija<\/h3>\n<p>M\u016bsu produkti ir sertific\u0113ti ar ISO9001, CE un SGS, kas nodro\u0161ina atbilst\u012bbu starptautiskajiem kvalit\u0101tes un dro\u0161\u012bbas standartiem. Esam izveidoju\u0161i glob\u0101lu tirdzniec\u012bbas t\u012bklu un eksport\u0113ju\u0161i savus produktus uz daudz\u0101m valst\u012bm un re\u0123ioniem vis\u0101 pasaul\u0113.<\/p>\n<h3>Piel\u0101gots pakalpojums<\/h3>\n<p>M\u0113s pied\u0101v\u0101jam piel\u0101gotus pakalpojumus, lai apmierin\u0101tu m\u016bsu klientu unik\u0101l\u0101s vajadz\u012bbas, piem\u0113ram, piel\u0101gotu dizainu, logotipa druk\u0101\u0161anu un iepakojumu. M\u0113s cen\u0161amies sniegt m\u016bsu klientiem vislab\u0101kos iesp\u0113jamos risin\u0101jumus un nodibin\u0101t ar vi\u0146iem ilgtermi\u0146a attiec\u012bbas.<\/p>\n<h3>Ra\u017eo\u0161anas iek\u0101rtas<\/h3>\n<p>Mums ir pilns modernu ra\u017eo\u0161anas iek\u0101rtu kl\u0101sts, tostarp CNC apstr\u0101des centri, autom\u0101tisk\u0101s metin\u0101\u0161anas iek\u0101rtas un test\u0113\u0161anas sist\u0113mas, lai nodro\u0161in\u0101tu augstas kvalit\u0101tes un efekt\u012bvus ra\u017eo\u0161anas procesus.<\/p>\n<h3>P\u0113cp\u0101rdo\u0161anas serviss<\/h3>\n<p>M\u0113s pied\u0101v\u0101jam visaptvero\u0161u p\u0113cp\u0101rdo\u0161anas servisu, tostarp tehnisko atbalstu, garantiju un apkopi. M\u016bsu profesion\u0101l\u0101 servisa komanda vienm\u0113r ir gatava pal\u012bdz\u0113t m\u016bsu klientiem un atrisin\u0101t vi\u0146u probl\u0113mas.<\/p>\n<p><img decoding=\"async\" src=\"https:\/\/www.hydraulic-cylinders.net\/wp-content\/uploads\/2025\/01\/songte-company-4.webp\"><br \/>\n<img decoding=\"async\" src=\"https:\/\/www.hydraulic-cylinders.net\/wp-content\/uploads\/2025\/01\/songte-company-3.webp\"><\/p>\n<p>Autors: lil<\/p>","protected":false},"excerpt":{"rendered":"<p>Arm Cylinder For Hyundai Large Excavator R350LC-7 Introduction Arm cylinder, as a specially designed hydraulic cylinder, is mainly used to provide linear motion and power for the arms of various types of machinery, such as excavators, cranes, and mechanical arms. It plays a crucial role in the hydraulic system, allowing attachments or accessories to move [&hellip;]<\/p>","protected":false},"featured_media":14766,"comment_status":"open","ping_status":"closed","template":"","meta":{"_et_pb_use_builder":"","_et_pb_old_content":"","_et_gb_content_width":""},"product_brand":[],"product_cat":[1497],"product_tag":[1498,1496],"class_list":{"0":"post-16252","1":"product","2":"type-product","3":"status-publish","4":"has-post-thumbnail","6":"product_cat-arm-cylinders","7":"product_tag-arm-cylinders","8":"product_tag-hydraulic-cylinders","10":"first","11":"instock","12":"shipping-taxable","13":"product-type-simple"},"amp_enabled":true,"_links":{"self":[{"href":"https:\/\/www.hydraulic-cylinders.net\/lv\/wp-json\/wp\/v2\/product\/16252","targetHints":{"allow":["GET"]}}],"collection":[{"href":"https:\/\/www.hydraulic-cylinders.net\/lv\/wp-json\/wp\/v2\/product"}],"about":[{"href":"https:\/\/www.hydraulic-cylinders.net\/lv\/wp-json\/wp\/v2\/types\/product"}],"replies":[{"embeddable":true,"href":"https:\/\/www.hydraulic-cylinders.net\/lv\/wp-json\/wp\/v2\/comments?post=16252"}],"wp:featuredmedia":[{"embeddable":true,"href":"https:\/\/www.hydraulic-cylinders.net\/lv\/wp-json\/wp\/v2\/media\/14766"}],"wp:attachment":[{"href":"https:\/\/www.hydraulic-cylinders.net\/lv\/wp-json\/wp\/v2\/media?parent=16252"}],"wp:term":[{"taxonomy":"product_brand","embeddable":true,"href":"https:\/\/www.hydraulic-cylinders.net\/lv\/wp-json\/wp\/v2\/product_brand?post=16252"},{"taxonomy":"product_cat","embeddable":true,"href":"https:\/\/www.hydraulic-cylinders.net\/lv\/wp-json\/wp\/v2\/product_cat?post=16252"},{"taxonomy":"product_tag","embeddable":true,"href":"https:\/\/www.hydraulic-cylinders.net\/lv\/wp-json\/wp\/v2\/product_tag?post=16252"}],"curies":[{"name":"wp","href":"https:\/\/api.w.org\/{rel}","templated":true}]}}