{"id":1626,"date":"2023-10-08T08:46:25","date_gmt":"2023-10-08T08:46:25","guid":{"rendered":"https:\/\/hydraulic-cylinders.net\/?post_type=product&#038;p=1626"},"modified":"2025-04-11T03:46:32","modified_gmt":"2025-04-11T03:46:32","slug":"press-lateral-shift-anvil-cylinder","status":"publish","type":"product","link":"https:\/\/www.hydraulic-cylinders.net\/lv\/products\/press-lateral-shift-anvil-cylinder\/","title":{"rendered":"Nospiediet s\u0101nu nob\u012bdes laktas cilindru"},"content":{"rendered":"<h1 style=\"text-align: center;\"><strong>Nospiediet s\u0101nu nob\u012bdes laktas cilindru<\/strong><\/h1>\n<p><img loading=\"lazy\" decoding=\"async\" class=\"aligncenter wp-image-1627\" src=\"https:\/\/hydraulic-cylinders.net\/wp-content\/uploads\/2023\/10\/lateral-shift-anvil-cylinder-300x300.webp\" alt=\"\" width=\"400\" height=\"400\" \/><\/p>\n<p>Preses s\u0101nu nob\u012bdes laktas cilindrs ir vismodern\u0101k\u0101 sast\u0101vda\u013ca, kas paredz\u0113ta pres\u0113\u0161anas darb\u012bbu optimiz\u0113\u0161anai da\u017e\u0101d\u0101s nozar\u0113s. Pateicoties t\u0101 uzlabotaj\u0101m funkcij\u0101m un uzticamajai veiktsp\u0113jai, \u0161is cilindrs pied\u0101v\u0101 uzlabotu precizit\u0101ti, efektivit\u0101ti un daudzpus\u012bbu.<\/p>\n<p>Preses s\u0101nu nob\u012bdes laktas cilindrs ir jaud\u012bgs instruments precizit\u0101tes, efektivit\u0101tes un daudzpus\u012bbas uzlabo\u0161anai pres\u0113\u0161anas oper\u0101cij\u0101s. Pateicoties t\u0101 s\u0101nu nob\u012bdes iesp\u0113jai, augstajai precizit\u0101tei, \u0101trajam procesam un sader\u012bbai ar da\u017e\u0101diem pielietojumiem, \u0161is cilindrs \u013cauj sasniegt izcilus rezult\u0101tus. Iev\u0113rojot ieteicam\u0101s lieto\u0161anas metodes un apkopes praksi, j\u016bs varat maksim\u0101li palielin\u0101t pres\u0113\u0161anas oper\u0101ciju veiktsp\u0113ju, produktivit\u0101ti un kalpo\u0161anas laiku. Izv\u0113lieties preses s\u0101nu nob\u012bdes laktas cilindru, lai racionaliz\u0113tu pres\u0113\u0161anas procesus un atkl\u0101tu jaunus precizit\u0101tes un efektivit\u0101tes l\u012bme\u0146us.<\/p>\n<p>Preses s\u0101nu nob\u012bdes laktas cilindra galven\u0101s \u012bpa\u0161\u012bbas:<\/p>\n<ol>\n<li>S\u0101nu nob\u012bdes iesp\u0113ja:<\/li>\n<\/ol>\n<ul>\n<li>Preses s\u0101nu nob\u012bdes laktas cilindram ir unik\u0101ls s\u0101nu nob\u012bdes meh\u0101nisms, kas \u013cauj prec\u012bzi pozicion\u0113t laktu.<\/li>\n<li>\u0160\u012b s\u0101nu nob\u012bdes iesp\u0113ja nodro\u0161ina prec\u012bzu izl\u012bdzin\u0101\u0161anu ar pres\u0113jamo materi\u0101lu, nodro\u0161inot optim\u0101lus rezult\u0101tus un samazinot iestat\u012b\u0161anas laiku.<\/li>\n<\/ul>\n<ol start=\"2\">\n<li>Augsta precizit\u0101te:<\/li>\n<\/ol>\n<ul>\n<li>\u0160is cilindrs nodro\u0161ina izcilu precizit\u0101ti s\u0101nu nob\u012bd\u0113, \u013caujot prec\u012bzi regul\u0113t laktas poz\u012bciju.<\/li>\n<li>Ar savu augsto precizit\u0101ti tas nodro\u0161ina vienm\u0113r\u012bgu un prec\u012bzu izl\u012bdzin\u0101\u0161anu, k\u0101 rezult\u0101t\u0101 tiek pan\u0101kta izcila pres\u0113\u0161anas kvalit\u0101te.<\/li>\n<\/ul>\n<ol start=\"3\">\n<li>\u0100tra un efekt\u012bva darb\u012bba:<\/li>\n<\/ol>\n<ul>\n<li>Preses s\u0101nu nob\u012bdes laktas cilindrs ir paredz\u0113ts \u0101trai un efekt\u012bvai darb\u012bbai, maksim\u0101li palielinot produktivit\u0101ti.<\/li>\n<li>T\u0101 uzlabot\u0101 hidraulisk\u0101 sist\u0113ma nodro\u0161ina \u0101tru s\u0101nu p\u0101rsl\u0113g\u0161anos, samazinot cikla laikus un palielinot kop\u0113jo jaudu.<\/li>\n<\/ul>\n<ol start=\"4\">\n<li>Daudzpus\u012bba:<\/li>\n<\/ol>\n<ul>\n<li>\u0160is cilindrs ir sader\u012bgs ar pla\u0161u pres\u0113\u0161anas pielietojumu kl\u0101stu, piel\u0101gojoties da\u017e\u0101diem materi\u0101liem un form\u0101m.<\/li>\n<li>Neatkar\u012bgi no t\u0101, vai str\u0101d\u0101jat ar lok\u0161\u0146u met\u0101lu, plastmasu vai citiem materi\u0101liem, preses s\u0101nu nob\u012bdes laktas cilindrs pied\u0101v\u0101 daudzpus\u012bbu, lai apmierin\u0101tu j\u016bsu pres\u0113\u0161anas vajadz\u012bbas.<\/li>\n<\/ul>\n<h2><strong>Preses s\u0101nu nob\u012bdes lakta cilindra parametrs:<\/strong><\/h2>\n<table border=\"1\" cellspacing=\"0\" cellpadding=\"0\">\n<tbody>\n<tr>\n<td>Produkta nosaukums<\/td>\n<td>Hidraulisk\u0101s preses s\u0101nu nob\u012bdes lakta cilindrs<\/td>\n<\/tr>\n<tr>\n<td>Funkcijas:<\/td>\n<td>P\u0101rvietojiet laktu s\u0101niski<\/td>\n<\/tr>\n<tr>\n<td>Urbuma diametrs:<\/td>\n<td>125 mm\uff5e250 mm<\/td>\n<\/tr>\n<tr>\n<td>Stie\u0146a diametrs:<\/td>\n<td>90 mm\uff5e180 mm<br \/>\nG\u0101jiens \u22645500 mm<\/td>\n<\/tr>\n<tr>\n<td>Vilces sp\u0113ks:<\/td>\n<td>Maksim\u0101l\u0101 jauda 1546 kN<br \/>\n(Cauruma diametrs: 250 mm\/spiediens 31,5 MPa)<\/td>\n<\/tr>\n<tr>\n<td>S\u0101nu nob\u012bdes lakta cilindra pielietojumi:<\/td>\n<td>Hidraulisk\u0101 prese<\/td>\n<\/tr>\n<\/tbody>\n<\/table>\n<div><\/div>\n<div class=\"txtboxL\">\n<div class=\"txtboxL\">\n<div class=\"txtboxL\">Funkcijas:<\/div>\n<div class=\"txtboxR\">P\u0101rvietojiet laktu s\u0101niski<\/div>\n<div class=\"txtboxL\">Specifik\u0101cija:<\/div>\n<div class=\"txtboxR\">Urbuma diametrs: 125 mm ~ 250 mm<br \/>\nStie\u0146a diametrs: 90 mm ~ 180 mm<br \/>\nG\u0101jiens \u22645500 mm<\/div>\n<div class=\"txtboxL\">Vilces sp\u0113ks:<\/div>\n<div class=\"txtboxR\">Maksim\u0101l\u0101 jauda 1546 kN<br \/>\n(Cauruma diametrs: 250 mm\/spiediens 31,5 MPa)<\/div>\n<\/div>\n<\/div>\n<h2><strong>Preses cilindru r\u016bpn\u012bca:<\/strong><\/h2>\n<p><img loading=\"lazy\" decoding=\"async\" class=\"alignnone wp-image-1619 size-full\" src=\"https:\/\/hydraulic-cylinders.net\/wp-content\/uploads\/2023\/10\/press-cylinder.webp\" alt=\"\" width=\"1418\" height=\"946\" srcset=\"https:\/\/hydraulic-cylinders.net\/wp-content\/uploads\/2023\/10\/press-cylinder.webp 1418w, https:\/\/hydraulic-cylinders.net\/wp-content\/uploads\/2023\/10\/press-cylinder-1280x854.webp 1280w, https:\/\/hydraulic-cylinders.net\/wp-content\/uploads\/2023\/10\/press-cylinder-980x654.webp 980w, https:\/\/hydraulic-cylinders.net\/wp-content\/uploads\/2023\/10\/press-cylinder-480x320.webp 480w\" sizes=\"(min-width: 0px) and (max-width: 480px) 480px, (min-width: 481px) and (max-width: 980px) 980px, (min-width: 981px) and (max-width: 1280px) 1280px, (min-width: 1281px) 1418px, 100vw\" \/><\/p>\n<h2><strong>Preses s\u0101nu nob\u012bdes lakta cilindra lieto\u0161anas metode<\/strong><strong>:<\/strong><\/h2>\n<ol>\n<li><strong>Instal\u0113\u0161ana un integr\u0101cija:<\/strong><\/li>\n<\/ol>\n<ul>\n<li>Dro\u0161i piestipriniet preses s\u0101nu nob\u012bdes laktas cilindru pie preses r\u0101mja vai tam paredz\u0113t\u0101s mont\u0101\u017eas vietas.<\/li>\n<li>Nodro\u0161iniet pareizu izl\u012bdzin\u0101\u0161anu un savienojumu, iev\u0113rojot ra\u017eot\u0101ja vadl\u012bnijas un ieteikumus.<\/li>\n<\/ul>\n<ol start=\"2\">\n<li><strong>Hidrauliskie savienojumi:<\/strong><\/li>\n<\/ol>\n<ul>\n<li>Pievienojiet preses s\u0101nu nob\u012bdes laktas cilindru hidrauliskajam sp\u0113ka agreg\u0101tam, izmantojot atbilsto\u0161as \u200b\u200b\u0161\u013c\u016btenes un veidgabalus.<\/li>\n<li>P\u0101rliecinieties, vai hidrauliskie savienojumi ir dro\u0161i un bez nopl\u016bd\u0113m, lai nodro\u0161in\u0101tu efekt\u012bvu \u0161\u0137idruma p\u0101rnesi un dro\u0161u darb\u012bbu.<\/li>\n<\/ul>\n<ol start=\"3\">\n<li><strong>Pozicion\u0113\u0161anas regul\u0113\u0161ana:<\/strong><\/li>\n<\/ol>\n<ul>\n<li>Piel\u0101gojiet laktas s\u0101nu nob\u012bdes poz\u012bciju atbilsto\u0161i j\u016bsu pres\u0113\u0161anas pielietojuma \u012bpa\u0161aj\u0101m pras\u012bb\u0101m.<\/li>\n<li>Izmantojiet s\u0101nu nob\u012bdes meh\u0101nismu, lai pan\u0101ktu prec\u012bzu izl\u012bdzin\u0101\u0161anu ar pres\u0113jamo materi\u0101lu.<\/li>\n<\/ul>\n<ol start=\"4\">\n<li><strong>Darb\u012bbas kontrole:<\/strong><\/li>\n<\/ol>\n<ul>\n<li>Iepaz\u012bstieties ar preses s\u0101nu nob\u012bdes laktas cilindra nodro\u0161in\u0101taj\u0101m vad\u012bbas ier\u012bc\u0113m.<\/li>\n<li>Izprotiet, k\u0101 uzs\u0101kt s\u0101nu nob\u012bdes kust\u012bbu un visas papildu funkcijas, piem\u0113ram, \u0101truma kontroli vai poz\u012bcijas blo\u0137\u0113\u0161anas meh\u0101nismus.<\/li>\n<\/ul>\n<h2><strong>K\u0101 atbr\u012bvot spiedienu hidrauliskaj\u0101 sist\u0113m\u0101?<\/strong><\/h2>\n<p>Spiediena samazin\u0101\u0161ana hidrauliskaj\u0101 sist\u0113m\u0101 ir \u013coti svar\u012bgs solis, lai nodro\u0161in\u0101tu dro\u0161\u012bbu un veiktu apkopi vai remontu. \u0160eit ir sniegta detaliz\u0113ta instrukcija par spiediena samazin\u0101\u0161anu hidrauliskaj\u0101 sist\u0113m\u0101:<\/p>\n<ol>\n<li><strong>Identific\u0113jiet baro\u0161anas avotu:<\/strong>\n<ul>\n<li>Nosakiet baro\u0161anas avotu, kas pieg\u0101d\u0101 spiedienu hidrauliskajai sist\u0113mai. Tas var\u0113tu b\u016bt elektromotors, ar dzin\u0113ju darbin\u0101ms s\u016bknis vai jebkur\u0161 cits baro\u0161anas avots.<\/li>\n<\/ul>\n<\/li>\n<li><strong>Izsl\u0113dziet baro\u0161anas avotu:<\/strong>\n<ul>\n<li>Izsl\u0113dziet vai izsl\u0113dziet baro\u0161anas avotu, kas \u0123ener\u0113 spiedienu hidrauliskajai sist\u0113mai.<\/li>\n<li>Ja tas ir elektromotors, izsl\u0113dziet str\u0101vas padevi vai atvienojiet to.<\/li>\n<li>Ar dzin\u0113ju darbin\u0101mam s\u016bknim izsl\u0113dziet dzin\u0113ju.<\/li>\n<\/ul>\n<\/li>\n<li><strong>Iesl\u0113dziet av\u0101rijas aptur\u0113\u0161anas sviru:<\/strong>\n<ul>\n<li>Ja j\u016bsu hidrauliskajai sist\u0113mai ir av\u0101rijas aptur\u0113\u0161anas poga vai svira, aktiviz\u0113jiet to, lai aptur\u0113tu turpm\u0101ku hidraulisk\u0101 spiediena \u0123ener\u0113\u0161anu.<\/li>\n<\/ul>\n<\/li>\n<li><strong>Atv\u0113liet laiku spiediena samazin\u0101\u0161anai:<\/strong>\n<ul>\n<li>P\u0113c baro\u0161anas avota izsl\u0113g\u0161anas un av\u0101rijas aptur\u0113\u0161anas iesl\u0113g\u0161anas \u013caujiet spiedienam izzust pietiekami daudz laika.<\/li>\n<li>Spiediena atbr\u012bvo\u0161anai nepiecie\u0161amais laiks b\u016bs atkar\u012bgs no hidraulisk\u0101s sist\u0113mas izm\u0113ra un sare\u017e\u0123\u012bt\u012bbas. Spiediena piln\u012bgai atbr\u012bvo\u0161anai var b\u016bt nepiecie\u0161amas da\u017eas min\u016btes vai ilg\u0101k.<\/li>\n<\/ul>\n<\/li>\n<li><strong>P\u0101rbaudiet spiediena atbr\u012bvo\u0161anu:<\/strong>\n<ul>\n<li>Lai p\u0101rliecin\u0101tos, ka spiediens ir atbr\u012bvots, p\u0101rbaudiet hidraulisk\u0101s sist\u0113mas spiediena m\u0113r\u012bt\u0101jus vai indikatorus, ja t\u0101di ir pieejami.<\/li>\n<li>Ja spiediena r\u0101d\u012bjums ir nulle vai tuvu nullei, tas nor\u0101da, ka spiediens ir veiksm\u012bgi atbr\u012bvots.<\/li>\n<\/ul>\n<\/li>\n<li><strong>Atliku\u0161\u0101 spiediena samazin\u0101\u0161ana:<\/strong>\n<ul>\n<li>Da\u017eos gad\u012bjumos pat p\u0113c baro\u0161anas avota izsl\u0113g\u0161anas hidrauliskaj\u0101 sist\u0113m\u0101 joproj\u0101m var b\u016bt atliku\u0161ais spiediens.<\/li>\n<li>Lai atbr\u012bvotu \u0161o atliku\u0161o spiedienu, atrodiet spiediena samazin\u0101\u0161anas v\u0101rstu hidrauliskaj\u0101 sist\u0113m\u0101.<\/li>\n<li>L\u0113n\u0101m atveriet spiediena samazin\u0101\u0161anas v\u0101rstu, izmantojot atbilsto\u0161us instrumentus (piem\u0113ram, uzgrie\u017e\u0146u atsl\u0113gu), lai pak\u0101peniski atbr\u012bvotu atliku\u0161o spiedienu.<\/li>\n<li>Atliku\u0161\u0101 spiediena atlai\u0161anas laik\u0101 esiet piesardz\u012bgs un uzman\u012bgs, lai nov\u0113rstu p\u0113k\u0161\u0146as kust\u012bbas vai hidraulisk\u0101 \u0161\u0137idruma iz\u0161\u013cakst\u012b\u0161anos.<\/li>\n<\/ul>\n<\/li>\n<li><strong>Divreiz p\u0101rbaudiet spiediena atbr\u012bvo\u0161anu:<\/strong>\n<ul>\n<li>P\u0113c atliku\u0161\u0101 spiediena samazin\u0101\u0161anas v\u0113lreiz p\u0101rbaudiet, vai spiediena indikatori r\u0101da nulles spiedienu vai tuvu tam.<\/li>\n<li>Vizu\u0101li p\u0101rbaudiet hidraulisko sist\u0113mu, vai nav redzamas kust\u012bbas vai spiediena palielin\u0101\u0161an\u0101s paz\u012bmes.<\/li>\n<\/ul>\n<\/li>\n<\/ol>\n<h2><strong>R\u016bpn\u012bcas iesp\u0113jas un jauda:<\/strong><\/h2>\n<h3>(1) Mont\u0101\u017ea<\/h3>\n<p>Mums ir pirmklas\u012bga neatkar\u012bga p\u0113tniec\u012bbas un att\u012bst\u012bbas mont\u0101\u017eas platforma. Hidraulisko cilindru ra\u017eo\u0161anas darbn\u012bc\u0101 ir \u010detras pusautom\u0101tiskas pacel\u0161anas cilindru mont\u0101\u017eas l\u012bnijas un viena autom\u0101tisk\u0101 sl\u012bpuma cilindru mont\u0101\u017eas l\u012bnija ar projekt\u0113to gada ra\u017eo\u0161anas jaudu 1 miljons vien\u012bbu. Speci\u0101lo cilindru darbn\u012bca ir apr\u012bkota ar da\u017e\u0101du specifik\u0101ciju pusautom\u0101tisku t\u012br\u012b\u0161anas mont\u0101\u017eas sist\u0113mu ar projekt\u0113to gada ra\u017eo\u0161anas jaudu 200 000 vien\u012bbu un apr\u012bkota ar slaven\u0101m CNC apstr\u0101des iek\u0101rt\u0101m, apstr\u0101des centru, augstas precizit\u0101tes cilindru apstr\u0101des speci\u0101lo apr\u012bkojumu, robotiz\u0113tu metin\u0101\u0161anas iek\u0101rtu, autom\u0101tisku t\u012br\u012b\u0161anas iek\u0101rtu, autom\u0101tisku cilindru mont\u0101\u017eas iek\u0101rtu un autom\u0101tisku kr\u0101so\u0161anas ra\u017eo\u0161anas l\u012bniju. Eso\u0161ais kritiskais apr\u012bkojums ir vair\u0101k nek\u0101 300 komplektu (komplektu). Optim\u0101la iek\u0101rtu resursu sadale un efekt\u012bva izmanto\u0161ana nodro\u0161ina produktu precizit\u0101tes pras\u012bbas un apmierina produktu augst\u0101s kvalit\u0101tes pras\u012bbas.<\/p>\n<p><img loading=\"lazy\" decoding=\"async\" class=\"alignnone wp-image-626\" src=\"https:\/\/hydraulic-cylinders.net\/wp-content\/uploads\/2023\/08\/hydraulic-cylinder-product-1-300x158.webp\" alt=\"\" width=\"495\" height=\"260\" srcset=\"https:\/\/hydraulic-cylinders.net\/wp-content\/uploads\/2023\/08\/hydraulic-cylinder-product-1-300x158.webp 495w, https:\/\/hydraulic-cylinders.net\/wp-content\/uploads\/2023\/08\/hydraulic-cylinder-product-1-480x252.webp 480w\" sizes=\"(min-width: 0px) and (max-width: 480px) 480px, (min-width: 481px) 495px, 100vw\" \/> <img loading=\"lazy\" decoding=\"async\" class=\"alignnone wp-image-627\" src=\"https:\/\/hydraulic-cylinders.net\/wp-content\/uploads\/2023\/08\/hydraulic-cylinder-product-2-300x189.webp\" alt=\"\" width=\"413\" height=\"260\" \/><\/p>\n<h3>(2) Apstr\u0101de<\/h3>\n<p>Apstr\u0101des cehs ir apr\u012bkots ar piel\u0101gotu sl\u012bpo slie\u017eu virpo\u0161anas centru, apstr\u0101des centru, \u0101trgaitas asin\u0101\u0161anas ma\u0161\u012bnu, metin\u0101\u0161anas robotu un citu saist\u012btu apr\u012bkojumu, kas var apstr\u0101d\u0101t cilindriskas caurules ar maksim\u0101lo iek\u0161\u0113jo diametru 400 mm un maksim\u0101lo garumu 6 metri.<\/p>\n<p><img loading=\"lazy\" decoding=\"async\" class=\"alignnone wp-image-628 size-large\" src=\"https:\/\/hydraulic-cylinders.net\/wp-content\/uploads\/2023\/08\/hydraulic-cylinder-product-3-1024x391.webp\" alt=\"\" width=\"1024\" height=\"391\" srcset=\"https:\/\/hydraulic-cylinders.net\/wp-content\/uploads\/2023\/08\/hydraulic-cylinder-product-3-980x374.webp 980w, https:\/\/hydraulic-cylinders.net\/wp-content\/uploads\/2023\/08\/hydraulic-cylinder-product-3-480x183.webp 480w\" sizes=\"(min-width: 0px) and (max-width: 480px) 480px, (min-width: 481px) and (max-width: 980px) 980px, (min-width: 981px) 1024px, 100vw\" \/><\/p>\n<h3>(3) Metin\u0101\u0161ana<\/h3>\n<p><img loading=\"lazy\" decoding=\"async\" class=\"alignnone wp-image-629 size-large\" src=\"https:\/\/hydraulic-cylinders.net\/wp-content\/uploads\/2023\/08\/hydraulic-cylinder-product-4-1024x510.webp\" alt=\"\" width=\"1024\" height=\"510\" srcset=\"https:\/\/hydraulic-cylinders.net\/wp-content\/uploads\/2023\/08\/hydraulic-cylinder-product-4-980x488.webp 980w, https:\/\/hydraulic-cylinders.net\/wp-content\/uploads\/2023\/08\/hydraulic-cylinder-product-4-480x239.webp 480w\" sizes=\"(min-width: 0px) and (max-width: 480px) 480px, (min-width: 481px) and (max-width: 980px) 980px, (min-width: 981px) 1024px, 100vw\" \/><\/p>\n<h3>(4) Kr\u0101so\u0161ana un p\u0101rkl\u0101\u0161ana<\/h3>\n<p>Ar maz\u0101m un vid\u0113ja izm\u0113ra cilindrisk\u0101m autom\u0101tisk\u0101m \u016bdens b\u0101zes kr\u0101su p\u0101rkl\u0101\u0161anas l\u012bnij\u0101m, lai pan\u0101ktu autom\u0101tisku robotu iekrau\u0161anu un izkrau\u0161anu un autom\u0101tisku izsmidzin\u0101\u0161anu, projekt\u0113t\u0101 jauda ir 4000 gabali mai\u0146\u0101;<br \/>\nMums ir ar\u012b pusautom\u0101tiska kr\u0101su ra\u017eo\u0161anas l\u012bnija lieliem baloniem, ko darbina \u0137\u0113des piedzi\u0146a, ar 60 kastu konstrukcijas jaudu vien\u0101 mai\u0146\u0101.<\/p>\n<p><img loading=\"lazy\" decoding=\"async\" class=\"alignnone wp-image-630\" src=\"https:\/\/hydraulic-cylinders.net\/wp-content\/uploads\/2023\/08\/hydraulic-cylinder-product-5-300x213.webp\" alt=\"\" width=\"366\" height=\"260\" \/> <img loading=\"lazy\" decoding=\"async\" class=\"alignnone wp-image-631\" src=\"https:\/\/hydraulic-cylinders.net\/wp-content\/uploads\/2023\/08\/hydraulic-cylinder-product-6-300x225.webp\" alt=\"\" width=\"347\" height=\"260\" \/><\/p>\n<h3>(5) Test\u0113\u0161ana<\/h3>\n<p>Mums ir augst\u0101k\u0101s klases p\u0101rbaudes iek\u0101rtas un test\u0113\u0161anas stendi, lai nodro\u0161in\u0101tu, ka balona veiktsp\u0113ja atbilst pras\u012bb\u0101m.<\/p>\n<p><img loading=\"lazy\" decoding=\"async\" class=\"alignnone wp-image-632\" src=\"https:\/\/hydraulic-cylinders.net\/wp-content\/uploads\/2023\/08\/hydraulic-cylinder-product-8-300x200.webp\" alt=\"\" width=\"389\" height=\"260\" \/><\/p>\n<p>&nbsp;<\/p>\n<p>&nbsp;<\/p>\n<p>M\u0113s esam viens no lab\u0101kajiem hidraulisko cilindru ra\u017eot\u0101jiem. M\u0113s varam pied\u0101v\u0101t visaptvero\u0161us hidrauliskos cilindrus. M\u0113s nodro\u0161in\u0101m ar\u012b atbilsto\u0161us <a href=\"https:\/\/hzpt.com\/agricultural-pto-gearbox\/\" target=\"_blank\" rel=\"noopener\">lauksaimniec\u012bbas p\u0101rnesumk\u0101rbas<\/a>. M\u0113s esam eksport\u0113ju\u0161i savus produktus klientiem vis\u0101 pasaul\u0113 un esam ieguvu\u0161i labu reput\u0101ciju, pateicoties m\u016bsu izcilajai produktu kvalit\u0101tei un p\u0113cp\u0101rdo\u0161anas servisam. M\u0113s aicin\u0101m klientus no valsts un \u0101rvalst\u012bm sazin\u0101ties ar mums, lai risin\u0101tu biznesa sarunas, apmain\u012btos ar inform\u0101ciju un... <a href=\"https:\/\/www.hydraulic-cylinders.net\/lv\/contact-us\/\">sadarboties ar mums<\/a>!<\/p>","protected":false},"excerpt":{"rendered":"<p>Press Lateral Shift Anvil Cylinder The press lateral shift anvil cylinder is a cutting-edge component designed to optimize pressing operations in various industries. With its advanced features and reliable performance, this cylinder offers enhanced precision, efficiency, and versatility. The press lateral shift anvil cylinder is a powerful tool for enhancing precision, efficiency, and versatility in [&hellip;]<\/p>","protected":false},"featured_media":1628,"comment_status":"open","ping_status":"closed","template":"","meta":{"_et_pb_use_builder":"","_et_pb_old_content":"","_et_gb_content_width":""},"product_brand":[],"product_cat":[1550,1522,1376],"product_tag":[1380],"class_list":{"0":"post-1626","1":"product","2":"type-product","3":"status-publish","4":"has-post-thumbnail","6":"product_cat-double-acting-hydraulic-cylinder","7":"product_cat-press-hydraulic-cylinders","8":"product_cat-hydraulic-cylinder","9":"product_tag-hydraulic-cylinder","11":"first","12":"instock","13":"shipping-taxable","14":"product-type-simple"},"amp_enabled":true,"_links":{"self":[{"href":"https:\/\/www.hydraulic-cylinders.net\/lv\/wp-json\/wp\/v2\/product\/1626","targetHints":{"allow":["GET"]}}],"collection":[{"href":"https:\/\/www.hydraulic-cylinders.net\/lv\/wp-json\/wp\/v2\/product"}],"about":[{"href":"https:\/\/www.hydraulic-cylinders.net\/lv\/wp-json\/wp\/v2\/types\/product"}],"replies":[{"embeddable":true,"href":"https:\/\/www.hydraulic-cylinders.net\/lv\/wp-json\/wp\/v2\/comments?post=1626"}],"wp:featuredmedia":[{"embeddable":true,"href":"https:\/\/www.hydraulic-cylinders.net\/lv\/wp-json\/wp\/v2\/media\/1628"}],"wp:attachment":[{"href":"https:\/\/www.hydraulic-cylinders.net\/lv\/wp-json\/wp\/v2\/media?parent=1626"}],"wp:term":[{"taxonomy":"product_brand","embeddable":true,"href":"https:\/\/www.hydraulic-cylinders.net\/lv\/wp-json\/wp\/v2\/product_brand?post=1626"},{"taxonomy":"product_cat","embeddable":true,"href":"https:\/\/www.hydraulic-cylinders.net\/lv\/wp-json\/wp\/v2\/product_cat?post=1626"},{"taxonomy":"product_tag","embeddable":true,"href":"https:\/\/www.hydraulic-cylinders.net\/lv\/wp-json\/wp\/v2\/product_tag?post=1626"}],"curies":[{"name":"wp","href":"https:\/\/api.w.org\/{rel}","templated":true}]}}