{"id":16267,"date":"2025-01-20T09:00:55","date_gmt":"2025-01-20T09:00:55","guid":{"rendered":"https:\/\/www.hydraulic-cylinders.net\/product\/arm-cylinderfor-kobelco-small-excavator-sk115\/"},"modified":"2025-01-20T09:00:57","modified_gmt":"2025-01-20T09:00:57","slug":"arm-cylinderfor-kobelco-small-excavator-sk115","status":"publish","type":"product","link":"https:\/\/www.hydraulic-cylinders.net\/lv\/products\/arm-cylinderfor-kobelco-small-excavator-sk115\/","title":{"rendered":"Kobelco maz\u0101 ekskavatora SK115 rokas cilindrs"},"content":{"rendered":"<p>Kobelco maz\u0101 ekskavatora SK115 rokas cilindrs<\/p>\n<p>Sviras cilindrs ir specializ\u0113ts hidrauliskais cilindrs, kas paredz\u0113ts, lai nodro\u0161in\u0101tu line\u0101ru kust\u012bbu un jaudu da\u017e\u0101du veidu ma\u0161\u012bnu, piem\u0113ram, ekskavatoru, celt\u0146u un meh\u0101nisko sviru, svirai. Sviras cilindram ir b\u016btiska loma hidrauliskaj\u0101 sist\u0113m\u0101, \u013caujot pielikumiem vai piederumiem efekt\u012bvi p\u0101rvietoties un vad\u012bties. \u0160ie cilindri ne tikai nodro\u0161ina vienm\u0113r\u012bgu kust\u012bbu, bet ar\u012b iztur lielas slodzes, nodro\u0161inot ma\u0161\u012bnas efekt\u012bvu darb\u012bbu un uzticam\u012bbu da\u017e\u0101dos ekspluat\u0101cijas apst\u0101k\u013cos.<\/p>\n<p>Funkcijas:<\/p>\n<p>1. Augstas efektivit\u0101tes transmisija: Sviras cilindrs var nodro\u0161in\u0101t jaud\u012bgu line\u0101ru kust\u012bbu un sp\u0113ku, garant\u0113jot meh\u0101nisk\u0101s sviras augstu veiktsp\u0113ju da\u017e\u0101d\u0101s darb\u012bb\u0101s.<br \/>\n2. Prec\u012bza vad\u012bba: Izmantojot hidraulisko sist\u0113mu, rokas cilindrs var pan\u0101kt prec\u012bzu kust\u012bbas vad\u012bbu, padarot pielikumu darb\u012bbu elast\u012bg\u0101ku un prec\u012bz\u0101ku.<br \/>\n3. Sp\u0113c\u012bga iztur\u012bba: Roku cilindri parasti ir izgatavoti no augstas iztur\u012bbas materi\u0101liem ar labu nodilumiztur\u012bbu un iztur\u012bbu pret koroziju, kas ir piem\u0113roti ilgsto\u0161ai lieto\u0161anai skarbos apst\u0101k\u013cos.<br \/>\n4. Daudzfunkcion\u0101la piel\u0101go\u0161an\u0101s sp\u0113ja: \u0161os cilindrus var pla\u0161i izmantot da\u017e\u0101da veida ma\u0161\u012bn\u0101s, piem\u0113ram, ekskavatoros, celt\u0146os un meh\u0101niskaj\u0101s svir\u0101s, piel\u0101gojoties da\u017e\u0101d\u0101m darba pras\u012bb\u0101m.<br \/>\n5. Vienk\u0101r\u0161a apkope: Projekt\u0113jot \u0146emta v\u0113r\u0101 apkopes un nomai\u0146as vienk\u0101r\u0161\u012bba, padarot regul\u0101ras p\u0101rbaudes un apkopi \u0113rt\u0101ku un samazinot iek\u0101rtu d\u012bkst\u0101ves laiku.<\/p>\n<p>M\u016bsu produkts var lieliski aizst\u0101t \u0161os hidrauliskos cilindrus.<\/p>\n<p>Lietojumi:<\/p>\n<p>1. B\u016bvniec\u012bbas in\u017eenierija: Ekskavatoros un celt\u0146os str\u0113les cilindri tiek izmantoti, lai kontrol\u0113tu kausu vai str\u0113les kust\u012bbu zemes p\u0101rvieto\u0161anas, materi\u0101lu apstr\u0101des un konstrukciju uzst\u0101d\u012b\u0161anas darbos.<br \/>\n2. Ra\u017eo\u0161anas nozare: Automatiz\u0113t\u0101s ra\u017eo\u0161anas l\u012bnij\u0101s roku cilindri tiek izmantoti meh\u0101nisko roku p\u0101rvieto\u0161anai, mont\u0101\u017eas, metin\u0101\u0161anas un apstr\u0101des procesiem, uzlabojot ra\u017eo\u0161anas efektivit\u0101ti un precizit\u0101ti.<br \/>\n3. Lauksaimniec\u012bbas tehnika: Lauksaimniec\u012bbas tehnik\u0101, piem\u0113ram, kombainos un s\u0113jma\u0161\u012bn\u0101s, sviras cilindri kontrol\u0113 vad\u012bbas sviras kust\u012bbu, veicot t\u0101dus uzdevumus k\u0101 st\u0101d\u012b\u0161ana, m\u0113slo\u0161ana un ra\u017eas nov\u0101k\u0161ana.<br \/>\n4. Kalnr\u016bpniec\u012bba: Kalnr\u016bpniec\u012bbas iek\u0101rt\u0101s rokas cilindrus izmanto, lai kontrol\u0113tu kalnr\u016bpniec\u012bbas iek\u0101rtu rokas kust\u012bbu, ieguvi un r\u016bdu apstr\u0101di.<br \/>\n5. Lo\u0123istika un transport\u0113\u0161ana: Iekr\u0101v\u0113jos un apstr\u0101des robotos roku cilindri tiek izmantoti, lai kontrol\u0113tu dak\u0161u pacel\u0161anu un kust\u012bbu, nodro\u0161inot materi\u0101lu apstr\u0101di un sakrau\u0161anu.<\/p>\n<p>Dizaina apsv\u0113rumi un atlases standarti:<\/p>\n<p>1. Kravnes\u012bba: Sviru cilindriem j\u0101b\u016bt ar atbilsto\u0161u kravnes\u012bbu, lai tie atbilstu da\u017e\u0101du ma\u0161\u012bnu darb\u012bbu pras\u012bb\u0101m.<br \/>\n2. Bl\u012bv\u0113jums: Lai nodro\u0161in\u0101tu cilindra bl\u012bv\u0113juma veiktsp\u0113ju, j\u0101izmanto da\u017e\u0101di bl\u012bv\u0113\u0161anas elementi, piem\u0113ram, virzu\u013ca bl\u012bv\u0113jums un stie\u0146a bl\u012bv\u0113jums. Bl\u012bv\u0113\u0161anas elementiem j\u0101b\u016bt izgatavotiem no nodilumiztur\u012bgiem materi\u0101liem, piem\u0113ram, poliuret\u0101na un nitrila gumijas.<br \/>\n3. Iztur\u012bba: Cilindra korpuss un v\u012bt\u0146ot\u0101 gala virsma ir j\u0101apstr\u0101d\u0101 smalki, lai uzlabotu nodilumiztur\u012bbu.<br \/>\n4. Dro\u0161\u012bba: Sviru cilindriem j\u0101b\u016bt apr\u012bkotiem ar uzticam\u0101m dro\u0161\u012bbas ier\u012bc\u0113m, lai nov\u0113rstu negad\u012bjumus, ko izraisa cilindra atteice.<br \/>\n5. Uzturam\u012bba: Projekt\u0113jot j\u0101\u0146em v\u0113r\u0101 apkopes un nomai\u0146as vienk\u0101r\u0161\u012bba, lai nov\u0113rstu iek\u0101rtu p\u0101rm\u0113r\u012bgu d\u012bkst\u0101vi.<\/p>\n<p>Bl\u012bv\u0113\u0161ana un e\u013c\u013co\u0161ana:<\/p>\n<p>Sviras cilindros tiek izmantoti da\u017e\u0101di bl\u012bv\u0113\u0161anas elementi, lai pan\u0101ktu labu bl\u012bv\u0113\u0161anas veiktsp\u0113ju. Bl\u012bv\u0113\u0161anas elementiem j\u0101b\u016bt izgatavotiem no nodilumiztur\u012bgiem materi\u0101liem, piem\u0113ram, poliuret\u0101na un nitrila gumijas. Cilindra korpusam un v\u012bt\u0146otajai gala virsmai j\u0101b\u016bt smalki apstr\u0101d\u0101tai, lai uzlabotu nodilumiztur\u012bbu. E\u013c\u013co\u0161anai nepiecie\u0161ama regul\u0101ra atbilsto\u0161as \u200b\u200bhidraulisk\u0101s e\u013c\u013cas uzpilde.<\/p>\n<p>Prevent\u012bv\u0101 apkope:<\/p>\n<p>1. Regul\u0101ri j\u0101p\u0101rbauda balons un visas t\u0101 sast\u0101vda\u013cas.<br \/>\n2. Regul\u0101ri p\u0101rbaudiet hidraulisk\u0101s e\u013c\u013cas l\u012bmeni un nomainiet e\u013c\u013cu un filtru p\u0113c nepiecie\u0161am\u012bbas.<br \/>\n3. Regul\u0101ri p\u0101rbaudiet bl\u012bv\u0113juma elementus un nomainiet tos p\u0113c nepiecie\u0161am\u012bbas.<br \/>\n4. Regul\u0101ri t\u012briet cilindru un citas sast\u0101vda\u013cas, lai nov\u0113rstu pies\u0101r\u0146ojumu.<\/p>\n<p>Instal\u0113\u0161anas rokasgr\u0101mata:<\/p>\n<p>1. Pirms uzst\u0101d\u012b\u0161anas p\u0101rbaudiet cilindra un iek\u0101rtas sader\u012bbu.<br \/>\n2. Pirms uzst\u0101d\u012b\u0161anas r\u016bp\u012bgi not\u012briet un p\u0101rbaudiet visas sast\u0101vda\u013cas.<br \/>\n3. Install the cylinder according to the manufacturer&#8217;s instructions.<br \/>\n4. Check the cylinder&#8217;s installation to ensure that it is secure and in the correct position.<br \/>\n5. Piepildiet cilindru ar atbilsto\u0161u hidraulisko e\u013c\u013cu.<\/p>\n<p>Dro\u0161\u012bbas apsv\u0113rumi:<\/p>\n<p>When operating the machinery that uses arm cylinders, it is essential to follow appropriate safety measures to prevent accidents. Safety precautions should be taken, such as wearing appropriate protective clothing, using reliable safety devices, and following the manufacturer&#8217;s instructions.<\/p>\n<p>K\u013c\u016bmju diagnostika un bie\u017e\u0101k sastopam\u0101s probl\u0113mas:<\/p>\n<p>1. Hidraulisk\u0101s e\u013c\u013cas nopl\u016bde no cilindra: P\u0101rbaudiet bl\u012bv\u0113juma elementus un nomainiet tos p\u0113c nepiecie\u0161am\u012bbas.<br \/>\n2. Nepietiekama cilindra jauda: p\u0101rbaudiet hidraulisko sist\u0113mu un p\u0101rliecinieties, vai sist\u0113mas spiediens ir atbilsto\u0161aj\u0101 diapazon\u0101.<br \/>\n3. Neparasts troksnis un vibr\u0101cija cilindra darb\u012bbas laik\u0101: P\u0101rbaudiet cilindra un citu sast\u0101vda\u013cu stiprin\u0101jumu un savienojumu, lai p\u0101rliecin\u0101tos, ka t\u0101s ir dro\u0161i nostiprin\u0101tas un pareiz\u0101 poz\u012bcij\u0101.<\/p>\n<p>Probl\u0113mu nov\u0113r\u0161anas padomi un risin\u0101jums:<\/p>\n<p>1. Nomainiet boj\u0101tos vai nodilu\u0161os bl\u012bv\u0113juma elementus.<br \/>\n2. P\u0101rbaudiet un noregul\u0113jiet hidraulisk\u0101s sist\u0113mas spiedienu.<br \/>\n3. P\u0101rbaudiet un p\u0101rvietojiet cilindru un citas sast\u0101vda\u013cas, lai nov\u0113rstu nepareizu izl\u012bdzin\u0101\u0161anu vai uzst\u0101d\u012b\u0161anu.<br \/>\n4. Regul\u0101ra profilaktisk\u0101 apkope pal\u012bdz\u0113s laikus atkl\u0101t probl\u0113mas un nov\u0113rst turpm\u0101kus boj\u0101jumus.<\/p>\n<p>Par mums:<\/p>\n<p>M\u0113s esam profesion\u0101ls rezerves hidraulisko cilindru ra\u017eot\u0101js ar daudzveid\u012bgu produktu kl\u0101stu, k\u013c\u016bstot par vienu no vado\u0161ajiem hidraulisko cilindru ra\u017eot\u0101jiem un vairumtirdzniec\u012bbas izplat\u012bt\u0101jiem gan m\u0101j\u0101s, gan \u0101rzem\u0113s. M\u0113s vienm\u0113r iev\u0113rojam izcilas kvalit\u0101tes principu, pa\u013caujamies uz prec\u012bz\u0101s ra\u017eo\u0161anas darbn\u012bcas industrializ\u0101cijas ra\u017eo\u0161anas vad\u012bbas strat\u0113\u0123iju, nep\u0101rtraukti uzlabojam savu tehnolo\u0123iju l\u012bmeni un ra\u017eo\u0161anas efektivit\u0101ti. Ievie\u0161ot augstas klases digit\u0101l\u0101s ra\u017eo\u0161anas iek\u0101rtas un profesion\u0101las test\u0113\u0161anas sist\u0113mas, m\u0113s nep\u0101rtraukti optimiz\u0113jam ra\u017eo\u0161anas platformu, uzlabojam produktu kvalit\u0101tes kontroles proced\u016bras un mums ir sp\u0113c\u012bgas inov\u0101ciju iesp\u0113jas. M\u016bsu m\u0113r\u0137is ir apmierin\u0101t klientu daudzveid\u012bg\u0101s vajadz\u012bbas ar augstu efektivit\u0101ti, precizit\u0101ti un augstas kvalit\u0101tes principiem.<\/p>\n<p>M\u0113s esam sertific\u0113ts uz\u0146\u0113mums, kas sniedz piel\u0101gotus pakalpojumus, mums ir modernas ra\u017eo\u0161anas iek\u0101rtas un m\u0113s pied\u0101v\u0101jam lielisku p\u0113cp\u0101rdo\u0161anas servisu.<\/p>\n<p>Autors: lil<\/p>","protected":false},"excerpt":{"rendered":"<p>Arm Cylinder for Kobelco Small Excavator SK115 Arm cylinder is a specialized hydraulic cylinder designed to provide linear motion and power to the arm of various types of machinery, such as excavators, cranes, and mechanical arms. The arm cylinder plays a vital role in the hydraulic system, enabling attachments or accessories to move and control [&hellip;]<\/p>","protected":false},"featured_media":14779,"comment_status":"open","ping_status":"closed","template":"","meta":{"_et_pb_use_builder":"","_et_pb_old_content":"","_et_gb_content_width":""},"product_brand":[],"product_cat":[1497],"product_tag":[1498,1496],"class_list":{"0":"post-16267","1":"product","2":"type-product","3":"status-publish","4":"has-post-thumbnail","6":"product_cat-arm-cylinders","7":"product_tag-arm-cylinders","8":"product_tag-hydraulic-cylinders","10":"first","11":"instock","12":"shipping-taxable","13":"product-type-simple"},"amp_enabled":true,"_links":{"self":[{"href":"https:\/\/www.hydraulic-cylinders.net\/lv\/wp-json\/wp\/v2\/product\/16267","targetHints":{"allow":["GET"]}}],"collection":[{"href":"https:\/\/www.hydraulic-cylinders.net\/lv\/wp-json\/wp\/v2\/product"}],"about":[{"href":"https:\/\/www.hydraulic-cylinders.net\/lv\/wp-json\/wp\/v2\/types\/product"}],"replies":[{"embeddable":true,"href":"https:\/\/www.hydraulic-cylinders.net\/lv\/wp-json\/wp\/v2\/comments?post=16267"}],"wp:featuredmedia":[{"embeddable":true,"href":"https:\/\/www.hydraulic-cylinders.net\/lv\/wp-json\/wp\/v2\/media\/14779"}],"wp:attachment":[{"href":"https:\/\/www.hydraulic-cylinders.net\/lv\/wp-json\/wp\/v2\/media?parent=16267"}],"wp:term":[{"taxonomy":"product_brand","embeddable":true,"href":"https:\/\/www.hydraulic-cylinders.net\/lv\/wp-json\/wp\/v2\/product_brand?post=16267"},{"taxonomy":"product_cat","embeddable":true,"href":"https:\/\/www.hydraulic-cylinders.net\/lv\/wp-json\/wp\/v2\/product_cat?post=16267"},{"taxonomy":"product_tag","embeddable":true,"href":"https:\/\/www.hydraulic-cylinders.net\/lv\/wp-json\/wp\/v2\/product_tag?post=16267"}],"curies":[{"name":"wp","href":"https:\/\/api.w.org\/{rel}","templated":true}]}}