{"id":16280,"date":"2025-01-20T09:02:01","date_gmt":"2025-01-20T09:02:01","guid":{"rendered":"https:\/\/www.hydraulic-cylinders.net\/product\/arm-cylinderfor-kobelco-middle-excavator-sk200-3-3e-5-6-6e-7-8\/"},"modified":"2025-01-20T09:02:03","modified_gmt":"2025-01-20T09:02:03","slug":"arm-cylinderfor-kobelco-middle-excavator-sk200-3-3e-5-6-6e-7-8","status":"publish","type":"product","link":"https:\/\/www.hydraulic-cylinders.net\/lv\/products\/arm-cylinderfor-kobelco-middle-excavator-sk200-3-3e-5-6-6e-7-8\/","title":{"rendered":"Kobelco vid\u0113j\u0101 ekskavatora sviras cilindrs SK200-3-3E-5-6-6E-7-8"},"content":{"rendered":"<h1>Kobelco vid\u0113j\u0101 ekskavatora sviras cilindrs SK200-3-3E-5-6-6E-7-8<\/h1>\n<h2>Ievads<\/h2>\n<p>\nSviras cilindrs ir speci\u0101li izstr\u0101d\u0101ts hidrauliskais cilindrs, kas nodro\u0161ina line\u0101ru kust\u012bbu un jaudu da\u017e\u0101du ma\u0161\u012bnu, piem\u0113ram, ekskavatoru, celt\u0146u un meh\u0101nisko sviru, svirai. Tam ir galven\u0101 loma hidrauliskaj\u0101s sist\u0113m\u0101s, nodro\u0161inot efekt\u012bvu papildu instrumentu vai stiprin\u0101jumu p\u0101rvieto\u0161anu un vad\u012bbu. \u0160ie cilindri ne tikai nodro\u0161ina vienm\u0113r\u012bgu kust\u012bbu, bet ar\u012b iztur lielas slodzes, nodro\u0161inot augstu ma\u0161\u012bnas efektivit\u0101ti un uzticam\u012bbu da\u017e\u0101dos ekspluat\u0101cijas apst\u0101k\u013cos.\n<\/p>\n<p><img decoding=\"async\" src=\"https:\/\/www.hydraulic-cylinders.net\/wp-content\/uploads\/2025\/01\/songte-company-2.webp\"><\/p>\n<h2>Funkcijas<\/h2>\n<ul>\n<li>\n<h3>Augstas efektivit\u0101tes p\u0101rraide<\/h3>\n<p>\n      Sviras cilindrs nodro\u0161ina jaud\u012bgu line\u0101ru kust\u012bbu un sp\u0113ku, garant\u0113jot efekt\u012bvu veiktsp\u0113ju da\u017e\u0101du darb\u012bbu laik\u0101.\n    <\/p>\n<\/li>\n<li>\n<h3>Prec\u012bza kontrole<\/h3>\n<p>\n      Izmantojot hidraulisko sist\u0113mu, rokas cilindrs nodro\u0161ina prec\u012bzu kust\u012bbas vad\u012bbu, padarot agreg\u0101tu darb\u012bbu elast\u012bg\u0101ku un prec\u012bz\u0101ku.\n    <\/p>\n<\/li>\n<li>\n<h3>Sp\u0113c\u012bga iztur\u012bba<\/h3>\n<p>\n      Sviras cilindrs parasti ir izgatavots no augstas iztur\u012bbas materi\u0101liem, kas nodro\u0161ina izcilu nodilumiztur\u012bbu un iztur\u012bbu pret koroziju, t\u0101p\u0113c ir piem\u0113rots ilgsto\u0161ai lieto\u0161anai skarbos apst\u0101k\u013cos.\n    <\/p>\n<\/li>\n<li>\n<h3>Daudzfunkcion\u0101la piel\u0101go\u0161an\u0101s sp\u0113ja<\/h3>\n<p>\n      \u0160ie cilindri ir pla\u0161i pielietojami da\u017e\u0101d\u0101m meh\u0101nisk\u0101m iek\u0101rt\u0101m, piem\u0113ram, ekskavatoriem, celt\u0146iem un meh\u0101niskaj\u0101m svir\u0101m, piel\u0101gojoties da\u017e\u0101d\u0101m darba pras\u012bb\u0101m.\n    <\/p>\n<\/li>\n<li>\n<h3>Vienk\u0101r\u0161a apkope<\/h3>\n<p>\n      Ar vienk\u0101r\u0161u apkopi un nomai\u0146u paredz\u0113ts sviras cilindrs atvieglo \u0113rtas periodiskas p\u0101rbaudes un apkopi, samazinot iek\u0101rtu d\u012bkst\u0101ves laiku.\n    <\/p>\n<\/li>\n<\/ul>\n<p><img decoding=\"async\" src=\"https:\/\/www.hydraulic-cylinders.net\/wp-content\/uploads\/2025\/01\/songte-oil-pipes-and-spare-parts.webp\"><\/p>\n<h2>Pieteikumi<\/h2>\n<ul>\n<li>\n<h3>B\u016bvniec\u012bbas in\u017eenierija<\/h3>\n<p>\n      Ekskavatoros un celt\u0146os sviras cilindrs kontrol\u0113 kausa vai str\u0113les kust\u012bbu, nodro\u0161inot zemes darbus, materi\u0101lu apstr\u0101di un konstrukciju uzst\u0101d\u012b\u0161anu.\n    <\/p>\n<\/li>\n<li>\n<h3>Ra\u017eo\u0161anas nozare<\/h3>\n<p>\n      Automatiz\u0113t\u0101s ra\u017eo\u0161anas l\u012bnij\u0101s rokas cilindrs tiek izmantots robotiz\u0113tu roku kust\u012bbai, nodro\u0161inot t\u0101dus procesus k\u0101 mont\u0101\u017ea, metin\u0101\u0161ana un materi\u0101lu apstr\u0101de, t\u0101d\u0113j\u0101di uzlabojot ra\u017eo\u0161anas efektivit\u0101ti un precizit\u0101ti.\n    <\/p>\n<\/li>\n<li>\n<h3>Lauksaimniec\u012bbas tehnika<\/h3>\n<p>\n      Lauksaimniec\u012bbas ma\u0161\u012bn\u0101s, piem\u0113ram, kombainos un s\u0113jma\u0161\u012bn\u0101s, sviras cilindrs kontrol\u0113 vad\u012bbas sviras kust\u012bbu, veicot t\u0101dus uzdevumus k\u0101 s\u0113\u0161ana, m\u0113slo\u0161ana un ra\u017eas nov\u0101k\u0161ana.\n    <\/p>\n<\/li>\n<li>\n<h3>Kalnr\u016bpniec\u012bba<\/h3>\n<p>\n      Kalnr\u016bpniec\u012bbas iek\u0101rt\u0101s rokas cilindrs tiek izmantots, lai kontrol\u0113tu kalnr\u016bpniec\u012bbas ma\u0161\u012bnu rokas kust\u012bbu, nodro\u0161inot miner\u0101lu ieguvi un transport\u0113\u0161anu.\n    <\/p>\n<\/li>\n<li>\n<h3>Lo\u0123istika un transports<\/h3>\n<p>\n      Iekr\u0101v\u0113jos un apstr\u0101des robotos rokas cilindrs kontrol\u0113 dak\u0161u pacel\u0161anu un kust\u012bbu, nodro\u0161inot materi\u0101lu apstr\u0101di un sakrau\u0161anu.\n    <\/p>\n<\/li>\n<\/ul>\n<h2>Dizaina apsv\u0113rumi un atlases krit\u0113riji<\/h2>\n<p><img decoding=\"async\" src=\"https:\/\/www.hydraulic-cylinders.net\/wp-content\/uploads\/2025\/01\/songte-cylinder-head-with-all-kinds-excavator-models.webp\"><\/p>\n<ul>\n<li>\n<h3>Nestsp\u0113ja<\/h3>\n<p>\n      Sviras cilindram j\u0101b\u016bt konstru\u0113tam t\u0101, lai tas iztur\u0113tu paredz\u0113to slodzi, lai nodro\u0161in\u0101tu dro\u0161u un efekt\u012bvu darb\u012bbu.\n    <\/p>\n<\/li>\n<li>\n<h3>Bl\u012bv\u0113\u0161ana<\/h3>\n<p>\n      Lai nodro\u0161in\u0101tu pareizu bl\u012bv\u0113jumu un nov\u0113rstu nopl\u016bdes, j\u0101izmanto da\u017e\u0101di bl\u012bv\u0113\u0161anas komponenti, piem\u0113ram, virzu\u013ca bl\u012bvsl\u0113gi \u200b\u200bun stie\u0146u bl\u012bvsl\u0113gi, kas izgatavoti no nodilumiztur\u012bgiem materi\u0101liem, piem\u0113ram, poliuret\u0101na un nitrila gumijas.\n    <\/p>\n<\/li>\n<li>\n<h3>Iztur\u012bba<\/h3>\n<p>\n      Cilindra korpusam un v\u012bt\u0146otaj\u0101m gala virsm\u0101m j\u0101veic smalka apstr\u0101de, lai uzlabotu nodilumiztur\u012bbu un nodro\u0161in\u0101tu ilgsto\u0161u darb\u012bbu.\n    <\/p>\n<\/li>\n<li>\n<h3>Dro\u0161\u012bba<\/h3>\n<p>\n      Projekt\u0113jum\u0101 j\u0101iek\u013cauj dro\u0161\u012bbas elementi, lai nov\u0113rstu negad\u012bjumus un nodro\u0161in\u0101tu operatoru un apk\u0101rt\u0113jo iek\u0101rtu aizsardz\u012bbu.\n    <\/p>\n<\/li>\n<li>\n<h3>Uzturam\u012bba<\/h3>\n<p>\n      Lai samazin\u0101tu d\u012bkst\u0101ves laiku un nodro\u0161in\u0101tu netrauc\u0113tu darb\u012bbu, j\u0101\u0146em v\u0113r\u0101 \u0113rta piek\u013cuve komponentiem regul\u0101rai p\u0101rbaudei, apkopei un savlaic\u012bgai nomai\u0146ai.\n    <\/p>\n<\/li>\n<\/ul>\n<h2>Bl\u012bv\u0113\u0161ana un e\u013c\u013co\u0161ana<\/h2>\n<p>\n  Lai nodro\u0161in\u0101tu pareizu bl\u012bv\u0113jumu, j\u0101izmanto da\u017e\u0101di bl\u012bv\u0113\u0161anas komponenti, piem\u0113ram, virzu\u013ca bl\u012bvsl\u0113gi \u200b\u200bun stie\u0146a bl\u012bvsl\u0113gi. \u0160ie bl\u012bvsl\u0113gi \u200b\u200bir izgatavoti no nodilumiztur\u012bgiem materi\u0101liem, piem\u0113ram, poliuret\u0101na un nitrila gumijas. Cilindra korpuss un v\u012bt\u0146ot\u0101s gala virsmas ir smalki apstr\u0101d\u0101tas, lai uzlabotu nodilumiztur\u012bbu. Lai nodro\u0161in\u0101tu vienm\u0113r\u012bgu darb\u012bbu un pagarin\u0101tu sviras cilindra kalpo\u0161anas laiku, ir nepiecie\u0161ama regul\u0101ra e\u013c\u013co\u0161ana ar atbilsto\u0161u hidraulisko e\u013c\u013cu.\n<\/p>\n<h2>Regul\u0101ra p\u0101rbaude un profilaktisk\u0101 apkope<\/h2>\n<ul>\n<li>\n<p>\n      Regul\u0101ri p\u0101rbaudiet sviras cilindru, vai nav nodiluma, nopl\u016bdes vai boj\u0101jumu paz\u012bmju. Nekav\u0113joties nomainiet visas nolietot\u0101s vai boj\u0101t\u0101s deta\u013cas.\n    <\/p>\n<\/li>\n<li>\n<p>\n      Lai nov\u0113rstu pies\u0101r\u0146ojumu un nodro\u0161in\u0101tu optim\u0101lu veiktsp\u0113ju, cilindru un t\u0101 sast\u0101vda\u013cas uzturiet t\u012bras no net\u012brumiem un gru\u017eiem.\n    <\/p>\n<\/li>\n<li>\n<p>\n      Regul\u0101ri uzraugiet hidraulisk\u0101s e\u013c\u013cas l\u012bmeni un kvalit\u0101ti. Nomainiet vai papildiniet hidraulisko e\u013c\u013cu p\u0113c nepiecie\u0161am\u012bbas.\n    <\/p>\n<\/li>\n<li>\n<p>\n      P\u0101rbaudiet visu savienojumu un veidgabalu stingr\u012bbu, lai nov\u0113rstu nopl\u016bdes.\n    <\/p>\n<\/li>\n<\/ul>\n<h2>Produkta uzst\u0101d\u012b\u0161anas rokasgr\u0101mata<\/h2>\n<p><img decoding=\"async\" src=\"https:\/\/www.hydraulic-cylinders.net\/wp-content\/uploads\/2025\/01\/songte-bushings-with-all-kinds-of-excavator-models.webp\"><\/p>\n<p>\n  1. Sagatavojiet uzst\u0101d\u012b\u0161anai nepiecie\u0161amos instrumentus un apr\u012bkojumu, tostarp piem\u0113rotu pacel\u0161anas ier\u012bci.\n<\/p>\n<p>\n  2. Pirms uzst\u0101d\u012b\u0161anas procesa uzs\u0101k\u0161anas p\u0101rliecinieties, vai ekskavators atrodas stabil\u0101 un dro\u0161\u0101 st\u0101vokl\u012b.\n<\/p>\n<p>\n  3. No\u0146emiet no sviras cilindra visus aizsargapvalkus vai iepakojuma materi\u0101lus.\n<\/p>\n<p>\n  4. Uzman\u012bgi novietojiet sviras cilindru atbilsto\u0161aj\u0101 viet\u0101, izl\u012bdzinot to ar ekskavatora stiprin\u0101juma punktiem.\n<\/p>\n<p>\n  5. Use the appropriate bolts and fasteners to secure the arm cylinder to the excavator&#8217;s frame.\n<\/p>\n<p>\n  6. Pievelciet visas skr\u016bves un stiprin\u0101jumus l\u012bdz nor\u0101d\u012btajam griezes momenta iestat\u012bjumiem.\n<\/p>\n<p>\n  7. Pievienojiet hidraulisk\u0101s \u0161\u013c\u016btenes sviras cilindram, nodro\u0161inot pareizu izl\u012bdzin\u0101\u0161anu un dro\u0161us savienojumus.\n<\/p>\n<p>\n  8. P\u0101rbaudiet rokas cilindra pareizu darb\u012bbu, p\u0101rvietojot roku piln\u0101 t\u0101s kust\u012bbas diapazon\u0101.\n<\/p>\n<p>\n  9. Ja tiek konstat\u0113tas jebk\u0101das probl\u0113mas vai novirzes no normas, attiec\u012bgi nov\u0113rt\u0113jiet un nov\u0113rsiet probl\u0113mu.\n<\/p>\n<p>\n  10. Kad sviras cilindrs ir pareizi uzst\u0101d\u012bts un darbojas, veiciet p\u0113d\u0113jo p\u0101rbaudi, lai p\u0101rliecin\u0101tos, ka visi savienojumi ir dro\u0161i un nav nopl\u016b\u017eu.\n<\/p>\n<h2>Dro\u0161\u012bbas apsv\u0113rumi un vides faktori<\/h2>\n<p>\n  Izmantojot rokas cilindru, ir \u013coti svar\u012bgi iev\u0113rot dro\u0161\u012bbas pas\u0101kumus, lai nov\u0113rstu negad\u012bjumus un nodro\u0161in\u0101tu operatoru un apk\u0101rt\u0113j\u0101 person\u0101la labsaj\u016btu. B\u016btiska ir atbilsto\u0161a apm\u0101c\u012bba un dro\u0161\u012bbas vadl\u012bniju iev\u0113ro\u0161ana. Turkl\u0101t, \u0146emot v\u0113r\u0101 t\u0101dus vides faktorus k\u0101 temperat\u016bra un mitrums, var optimiz\u0113t rokas cilindra veiktsp\u0113ju un ilgm\u016b\u017e\u012bbu.\n<\/p>\n<h2>K\u013c\u016bmju diagnostika un bie\u017e\u0101k sastopam\u0101s probl\u0113mas<\/h2>\n<p>\n  1. Nopl\u016bde: P\u0101rbaudiet, vai no sviras cilindra nav redzamas \u0161\u0137idruma nopl\u016bdes paz\u012bmes. P\u0101rbaudiet bl\u012bves un savienojumus, vai tie nav boj\u0101ti vai nodilu\u0161i.\n<\/p>\n<p>\n  2. Erratic motion: If the arm cylinder&#8217;s movement becomes inconsistent or jerky, it may indicate a problem with the hydraulic system or internal components.<\/p>","protected":false},"excerpt":{"rendered":"<p>Arm Cylinder For Kobelco Middle Excavator SK200-3-3E-5-6-6E-7-8 Introduction The arm cylinder is a specially designed hydraulic cylinder that provides linear motion and power to the arm of various machinery, such as excavators, cranes, and mechanical arms. It plays a key role in hydraulic systems, enabling the efficient movement and control of additional tools or attachments. [&hellip;]<\/p>","protected":false},"featured_media":14772,"comment_status":"open","ping_status":"closed","template":"","meta":{"_et_pb_use_builder":"","_et_pb_old_content":"","_et_gb_content_width":""},"product_brand":[],"product_cat":[1497],"product_tag":[1498,1496],"class_list":{"0":"post-16280","1":"product","2":"type-product","3":"status-publish","4":"has-post-thumbnail","6":"product_cat-arm-cylinders","7":"product_tag-arm-cylinders","8":"product_tag-hydraulic-cylinders","10":"first","11":"instock","12":"shipping-taxable","13":"product-type-simple"},"amp_enabled":true,"_links":{"self":[{"href":"https:\/\/www.hydraulic-cylinders.net\/lv\/wp-json\/wp\/v2\/product\/16280","targetHints":{"allow":["GET"]}}],"collection":[{"href":"https:\/\/www.hydraulic-cylinders.net\/lv\/wp-json\/wp\/v2\/product"}],"about":[{"href":"https:\/\/www.hydraulic-cylinders.net\/lv\/wp-json\/wp\/v2\/types\/product"}],"replies":[{"embeddable":true,"href":"https:\/\/www.hydraulic-cylinders.net\/lv\/wp-json\/wp\/v2\/comments?post=16280"}],"wp:featuredmedia":[{"embeddable":true,"href":"https:\/\/www.hydraulic-cylinders.net\/lv\/wp-json\/wp\/v2\/media\/14772"}],"wp:attachment":[{"href":"https:\/\/www.hydraulic-cylinders.net\/lv\/wp-json\/wp\/v2\/media?parent=16280"}],"wp:term":[{"taxonomy":"product_brand","embeddable":true,"href":"https:\/\/www.hydraulic-cylinders.net\/lv\/wp-json\/wp\/v2\/product_brand?post=16280"},{"taxonomy":"product_cat","embeddable":true,"href":"https:\/\/www.hydraulic-cylinders.net\/lv\/wp-json\/wp\/v2\/product_cat?post=16280"},{"taxonomy":"product_tag","embeddable":true,"href":"https:\/\/www.hydraulic-cylinders.net\/lv\/wp-json\/wp\/v2\/product_tag?post=16280"}],"curies":[{"name":"wp","href":"https:\/\/api.w.org\/{rel}","templated":true}]}}