{"id":1629,"date":"2023-10-08T08:53:04","date_gmt":"2023-10-08T08:53:04","guid":{"rendered":"https:\/\/hydraulic-cylinders.net\/?post_type=product&#038;p=1629"},"modified":"2025-04-11T03:46:29","modified_gmt":"2025-04-11T03:46:29","slug":"press-mobile-workbench-cylinder","status":"publish","type":"product","link":"https:\/\/www.hydraulic-cylinders.net\/lv\/products\/press-mobile-workbench-cylinder\/","title":{"rendered":"Preses mobilais darbagalda cilindrs"},"content":{"rendered":"<h1 style=\"text-align: center;\"><strong>Preses mobilais darbagalda cilindrs<\/strong><\/h1>\n<p><img loading=\"lazy\" decoding=\"async\" class=\"aligncenter wp-image-1630\" src=\"https:\/\/hydraulic-cylinders.net\/wp-content\/uploads\/2023\/10\/mobile-workbench-cylinder-300x300.webp\" alt=\"\" width=\"400\" height=\"400\" \/><\/p>\n<p>Mobilais darbagalda cilindrs pres\u0113\u0161anai ir revolucion\u0101rs produkts, kas izstr\u0101d\u0101ts, lai optimiz\u0113tu efektivit\u0101ti un daudzpus\u012bbu darbagaldu iestat\u012bjumos da\u017e\u0101d\u0101s nozar\u0113s. Pateicoties t\u0101 uzlabotaj\u0101m funkcij\u0101m un uzticamajai veiktsp\u0113jai, \u0161is cilindrs pied\u0101v\u0101 uzlabotu mobilit\u0101ti, stabilit\u0101ti un lieto\u0161anas \u0113rtumu.<\/p>\n<p>Preses mobilais darbagalda cilindrs ir revolucion\u0101rs papildin\u0101jums jebkuram darbagalda iek\u0101rtojumam, nodro\u0161inot uzlabotu mobilit\u0101ti, stabilit\u0101ti un daudzpus\u012bbu. Pateicoties t\u0101 vieglajai kust\u012bbai, augstuma regul\u0113\u0161anai un uzticamajam blo\u0137\u0113\u0161anas meh\u0101nismam, \u0161is cilindrs \u013cauj jums izveidot dinamisku un efekt\u012bvu darba vietu. Iev\u0113rojot ieteicam\u0101s lieto\u0161anas metodes un apkopes praksi, j\u016bs varat maksim\u0101li palielin\u0101t sava darbagalda iek\u0101rtojuma veiktsp\u0113ju, ilgm\u016b\u017e\u012bbu un dro\u0161\u012bbu. Izv\u0113lieties preses mobilo darbagalda cilindru, lai paaugstin\u0101tu produktivit\u0101ti, komfortu un \u0113rt\u012bbas darba vid\u0113.<\/p>\n<p>Preses mobil\u0101 darbagalda cilindra galven\u0101s \u012bpa\u0161\u012bbas:<\/p>\n<ol>\n<li>Uzlabota mobilit\u0101te:<\/li>\n<\/ol>\n<ul>\n<li>Preses mobilajam darbagalda cilindram ir iztur\u012bgs un uzticams mobilais meh\u0101nisms, kas \u013cauj bez piep\u016bles p\u0101rvietot darbagaldu.<\/li>\n<li>Ar gludi ripojo\u0161iem riten\u012b\u0161iem un iztur\u012bgo konstrukciju \u0161is cilindrs \u013cauj \u0113rti p\u0101rvietot darbagaldu, nov\u0113r\u0161ot nepiecie\u0161am\u012bbu to manu\u0101li pacelt vai izjaukt.<\/li>\n<\/ul>\n<ol start=\"2\">\n<li>Augstuma regul\u0113jam\u012bba:<\/li>\n<\/ol>\n<ul>\n<li>\u0160is cilindrs pied\u0101v\u0101 \u0113rtu augstuma regul\u0113\u0161anu, \u013caujot piel\u0101got darbagalda augstumu j\u016bsu \u012bpa\u0161aj\u0101m vajadz\u012bb\u0101m.<\/li>\n<li>Neatkar\u012bgi no t\u0101, vai jums nepiecie\u0161ama \u0113rta st\u0101vpoza vai zem\u0101ks augstums sare\u017e\u0123\u012btu uzdevumu veik\u0161anai, Press Mobile Workbench Cylinder nodro\u0161ina elast\u012bbu un piel\u0101go\u0161an\u0101s sp\u0113ju.<\/li>\n<\/ul>\n<ol start=\"3\">\n<li>Stabilit\u0101tes un blo\u0137\u0113\u0161anas meh\u0101nisms:<\/li>\n<\/ol>\n<ul>\n<li>Cilindrs ir apr\u012bkots ar dro\u0161u blo\u0137\u0113\u0161anas meh\u0101nismu, kas nodro\u0161ina stabilit\u0101ti un dro\u0161\u012bbu darbagalda lieto\u0161anas laik\u0101.<\/li>\n<li>Kad v\u0113lam\u0101 poz\u012bcija ir sasniegta, vienk\u0101r\u0161i iesl\u0113dziet blo\u0137\u0113\u0161anas meh\u0101nismu, lai nostiprin\u0101tu darbagaldu viet\u0101, nodro\u0161inot stabilu un stabilu darba vietu.<\/li>\n<\/ul>\n<ol start=\"4\">\n<li>Iztur\u012bga konstrukcija:<\/li>\n<\/ol>\n<ul>\n<li>Preses mobil\u0101 darbagalda cilindrs ir izgatavots no augstas kvalit\u0101tes materi\u0101liem, lai iztur\u0113tu lielas slodzes un regul\u0101ru lieto\u0161anu.<\/li>\n<li>T\u0101 iztur\u012bg\u0101 konstrukcija nodro\u0161ina ilgm\u016b\u017e\u012bbu un uzticam\u012bbu, padarot to par lielisku ieguld\u012bjumu j\u016bsu darba viet\u0101.<\/li>\n<\/ul>\n<h2><strong>Preses mobil\u0101 darbagalda cilindra parametrs:<\/strong><\/h2>\n<table border=\"1\" cellspacing=\"0\" cellpadding=\"0\">\n<tbody>\n<tr>\n<td>Produkta nosaukums<\/td>\n<td>Hidraulisk\u0101s preses mobilais darbagalda cilindrs<\/td>\n<\/tr>\n<tr>\n<td>Funkcijas:<\/td>\n<td>Vad\u012bt darbagaldu, lai p\u0101rvietotos<\/td>\n<\/tr>\n<tr>\n<td>Urbuma diametrs:<\/td>\n<td>125 mm\uff5e320 mm<\/td>\n<\/tr>\n<tr>\n<td>Stie\u0146a diametrs:<\/td>\n<td>90 mm\uff5e220 mm<br \/>\nG\u0101jiens \u22647500 mm<\/td>\n<\/tr>\n<tr>\n<td>Vilces sp\u0113ks:<\/td>\n<td>Maksim\u0101l\u0101 jauda 2533 kN<br \/>\n(Cilindra diametrs 320 mm\/spiediens 31,5 MPa)<\/td>\n<\/tr>\n<tr>\n<td>Mobil\u0101 darbagalda cilindra pielietojums:<\/td>\n<td>Hidraulisk\u0101 prese<\/td>\n<\/tr>\n<\/tbody>\n<\/table>\n<div class=\"txtboxL\">\n<div class=\"txtboxL\">\n<div class=\"txtboxL\">\n<div class=\"txtboxL\">Funkcijas:<\/div>\n<div class=\"txtboxR\">Vad\u012bt darbagaldu, lai p\u0101rvietotos<\/div>\n<div class=\"txtboxL\">Specifik\u0101cija:<\/div>\n<div class=\"txtboxR\">Urbuma diametrs: 125 mm ~ 320 mm<br \/>\nStie\u0146a diametrs: 90 mm ~ 220 mm<br \/>\nG\u0101jiens \u22647500 mm<\/div>\n<div class=\"txtboxL\">Vilces sp\u0113ks:<\/div>\n<div class=\"txtboxR\">Maksim\u0101l\u0101 jauda 2533 kN<br \/>\n(Cilindra diametrs 320 mm\/spiediens 31,5 MPa)<\/div>\n<\/div>\n<\/div>\n<\/div>\n<h2><strong>Preses cilindru r\u016bpn\u012bca:<\/strong><\/h2>\n<p><img loading=\"lazy\" decoding=\"async\" class=\"alignnone wp-image-1619 size-full\" src=\"https:\/\/hydraulic-cylinders.net\/wp-content\/uploads\/2023\/10\/press-cylinder.webp\" alt=\"\" width=\"1418\" height=\"946\" srcset=\"https:\/\/hydraulic-cylinders.net\/wp-content\/uploads\/2023\/10\/press-cylinder.webp 1418w, https:\/\/hydraulic-cylinders.net\/wp-content\/uploads\/2023\/10\/press-cylinder-1280x854.webp 1280w, https:\/\/hydraulic-cylinders.net\/wp-content\/uploads\/2023\/10\/press-cylinder-980x654.webp 980w, https:\/\/hydraulic-cylinders.net\/wp-content\/uploads\/2023\/10\/press-cylinder-480x320.webp 480w\" sizes=\"(min-width: 0px) and (max-width: 480px) 480px, (min-width: 481px) and (max-width: 980px) 980px, (min-width: 981px) and (max-width: 1280px) 1280px, (min-width: 1281px) 1418px, 100vw\" \/><\/p>\n<h2><strong>Preses mobil\u0101 darbagalda cilindra lieto\u0161anas metode<\/strong><strong>:<\/strong><\/h2>\n<ol>\n<li><strong>Mont\u0101\u017ea un uzst\u0101d\u012b\u0161ana:<\/strong><\/li>\n<\/ol>\n<ul>\n<li>S\u0101ciet ar preses mobil\u0101 darbagalda cilindra mont\u0101\u017eu saska\u0146\u0101 ar pievienotaj\u0101m instrukcij\u0101m vai ra\u017eot\u0101ja vadl\u012bnij\u0101m.<\/li>\n<li>P\u0101rliecinieties, vai visas sast\u0101vda\u013cas ir dro\u0161i nostiprin\u0101tas un savienojumi ir cie\u0161i pievilkti, lai garant\u0113tu stabilit\u0101ti un dro\u0161\u012bbu.<\/li>\n<\/ul>\n<ol start=\"2\">\n<li><strong>Augstuma regul\u0113\u0161ana:<\/strong><\/li>\n<\/ol>\n<ul>\n<li>Atrodiet augstuma regul\u0113\u0161anas meh\u0101nismu uz cilindra, lai noregul\u0113tu darbagalda augstumu.<\/li>\n<li>Izpildiet nor\u0101d\u012bjumus, lai paceltu vai nolaistu darbagaldu v\u0113lamaj\u0101 poz\u012bcij\u0101, nodro\u0161inot optim\u0101lu komfortu un ergonomiku.<\/li>\n<\/ul>\n<ol start=\"3\">\n<li><strong>Mobilit\u0101te un pozicion\u0113\u0161ana:<\/strong><\/li>\n<\/ol>\n<ul>\n<li>Kad nepiecie\u0161ams p\u0101rvietot darbagaldu, p\u0101rliecinieties, vai blo\u0137\u0113\u0161anas meh\u0101nisms ir atblo\u0137\u0113ts.<\/li>\n<li>Viegli pab\u012bdiet darbagaldu uz v\u0113lamo vietu, izmantojot gludi ripojo\u0161os rite\u0146us.<\/li>\n<li>Kad darbagalds ir novietots sav\u0101 viet\u0101, iesl\u0113dziet blo\u0137\u0113\u0161anas meh\u0101nismu, lai nostiprin\u0101tu to un nov\u0113rstu nejau\u0161u kust\u012bbu.<\/li>\n<\/ul>\n<h2><strong>K\u0101 izvad\u012bt gaisu no hidraulisk\u0101s sist\u0113mas?<\/strong><\/h2>\n<p>Gaisa izvad\u012b\u0161ana no hidraulisk\u0101s sist\u0113mas, kas paz\u012bstama ar\u012b k\u0101 sist\u0113mas atgaiso\u0161ana vai att\u012br\u012b\u0161ana, ir b\u016btiska, lai uztur\u0113tu pareizu darb\u012bbu un nov\u0113rstu t\u0101das probl\u0113mas k\u0101 porainas bremzes vai samazin\u0101tu veiktsp\u0113ju. \u0160eit ir sniegta detaliz\u0113ta instrukcija par to, k\u0101 izvad\u012bt gaisu no hidraulisk\u0101s sist\u0113mas:<\/p>\n<ol>\n<li><strong>Gaisa iepl\u016bdes punktu identific\u0113\u0161ana:<\/strong>\n<ul>\n<li>Nosakiet potenci\u0101los iek\u013c\u016b\u0161anas punktus, kur hidrauliskaj\u0101 sist\u0113m\u0101 var\u0113tu b\u016bt iek\u013cuvis gaiss. Bie\u017ei sastopamie iek\u013c\u016b\u0161anas punkti ir va\u013c\u012bgi savienojumi, boj\u0101ti bl\u012bv\u0113jumi vai nesen nomain\u012btas deta\u013cas.<\/li>\n<\/ul>\n<\/li>\n<li><strong>Apkopojiet nepiecie\u0161amos instrumentus un materi\u0101lus:<\/strong>\n<ul>\n<li>Pirms asi\u0146o\u0161anas procesa s\u0101k\u0161anas sagatavojiet nepiecie\u0161amos instrumentus un materi\u0101lus, tostarp uzgrie\u017e\u0146u atsl\u0113gu vai uzmavu komplektu, trauku \u0161\u0137idruma sav\u0101k\u0161anai, svaigu hidraulisko \u0161\u0137idrumu un aizsargcimdus.<\/li>\n<\/ul>\n<\/li>\n<li><strong>Atrodiet iztuk\u0161o\u0161anas v\u0101rstu:<\/strong>\n<ul>\n<li>Atrodiet hidraulisk\u0101s sist\u0113mas atgaiso\u0161anas v\u0101rstu(-us). Atgaiso\u0161anas v\u0101rsts parasti atrodas blakus komponentam, kas j\u0101atgaiso, piem\u0113ram, brem\u017eu suportam, saj\u016bga darba cilindram vai hidrauliskajam cilindram.<\/li>\n<\/ul>\n<\/li>\n<li><strong>Sagatavo\u0161anas so\u013ci:<\/strong>\n<ul>\n<li>P\u0101rliecinieties, vai hidraulisk\u0101 \u0161\u0137idruma tvertne ir piepild\u012bta l\u012bdz pareizajam l\u012bmenim. Tas pal\u012bdz\u0113s nov\u0113rst papildu gaisa iek\u013c\u016b\u0161anu sist\u0113m\u0101 atgaiso\u0161anas laik\u0101.<\/li>\n<li>Ja nepiecie\u0161ams, skatiet iek\u0101rtas rokasgr\u0101matu vai ra\u017eot\u0101ja nor\u0101d\u012bjumus, lai ieg\u016btu konkr\u0113tus nor\u0101d\u012bjumus par \u0161\u0137idruma veidu un ieteicamo atgaiso\u0161anas proced\u016bru.<\/li>\n<\/ul>\n<\/li>\n<li><strong>Atveriet iztuk\u0161o\u0161anas v\u0101rstu:<\/strong>\n<ul>\n<li>Izmantojot atbilsto\u0161u uzgrie\u017e\u0146u atsl\u0113gu vai uzgrie\u017e\u0146u atsl\u0113gu, uzman\u012bgi atskr\u016bv\u0113jiet atgaiso\u0161anas v\u0101rstu uz atgaiso\u0161anas komponenta. P\u0101rliecinieties, vai v\u0101rsts ir pietiekami samazin\u0101ts, lai var\u0113tu izpl\u016bst iesprostotais gaiss un \u0161\u0137idrums.<\/li>\n<\/ul>\n<\/li>\n<li><strong>Asi\u0146o\u0161anas proced\u016bra:<\/strong>\n<ul>\n<li>Kad izp\u016bt\u0113ja v\u0101rsts ir atv\u0113rts, pal\u016bdziet pal\u012bgam l\u0113n\u0101m rad\u012bt spiedienu hidrauliskaj\u0101 sist\u0113m\u0101, aktiviz\u0113jot atbilsto\u0161o vad\u012bbas ier\u012bci (piem\u0113ram, nospie\u017eot brem\u017eu ped\u0101li vai darbinot hidraulisko sviru).<\/li>\n<li>Spiedienam pieaugot, sist\u0113m\u0101 iesprostotie gaisa burbu\u013ci j\u0101s\u0101k izpl\u016bst caur atv\u0113rto izpl\u016bdes v\u0101rstu. \u013baujiet \u0161\u0137idrumam pl\u016bst, l\u012bdz visi redzamie gaisa burbu\u013ci ir izvad\u012bti un ir nov\u0113rojama vienm\u0113r\u012bga \u0161\u0137idruma pl\u016bsma.<\/li>\n<\/ul>\n<\/li>\n<li><strong>Aizveriet iztuk\u0161o\u0161anas v\u0101rstu:<\/strong>\n<ul>\n<li>Kad gaisa burbu\u013ci ir izvad\u012bti un no izpl\u016bdes v\u0101rsta pl\u016bst tikai \u0161\u0137idrums, cie\u0161i aizveriet v\u0101rstu, lai nov\u0113rstu turpm\u0101ku gaisa iek\u013c\u016b\u0161anu sist\u0113m\u0101.<\/li>\n<li>P\u0101rliecinieties, ka v\u0101rsts ir dro\u0161i aizv\u0113rts, ta\u010du izvairieties no p\u0101r\u0101k lielas pievilk\u0161anas, jo tas var saboj\u0101t v\u0101rstu vai t\u0101 bl\u012bv\u0113jumu.<\/li>\n<\/ul>\n<\/li>\n<li><strong>Atk\u0101rtojiet procesu:<\/strong>\n<ul>\n<li>Ja nepiecie\u0161ams, atk\u0101rtojiet atgaiso\u0161anas procesu katram hidraulisk\u0101s sist\u0113mas komponentam, s\u0101kot ar to, kas atrodas vistuv\u0101k hidraulisk\u0101 \u0161\u0137idruma rezervu\u0101ram, un virzoties uz t\u0101l\u0101ko komponentu.<\/li>\n<\/ul>\n<\/li>\n<li><strong>P\u0101rbaudiet \u0161\u0137idruma l\u012bmeni:<\/strong>\n<ul>\n<li>P\u0113c atgaiso\u0161anas procesa pabeig\u0161anas p\u0101rbaudiet hidraulisk\u0101 \u0161\u0137idruma l\u012bmeni rezervu\u0101r\u0101 un, ja nepiecie\u0161ams, papildiniet to. P\u0101rliecinieties, vai \u0161\u0137idruma l\u012bmenis ir ieteicamaj\u0101 diapazon\u0101.<\/li>\n<\/ul>\n<\/li>\n<li><strong>Testa sist\u0113mas funkcionalit\u0101te:<\/strong>\n<ul>\n<li>Kad atgaiso\u0161anas process ir pabeigts un sist\u0113ma ir pareizi nosl\u0113gta, p\u0101rbaudiet hidraulisk\u0101s sist\u0113mas funkcionalit\u0101ti, lai nodro\u0161in\u0101tu vienm\u0113r\u012bgu darb\u012bbu un optim\u0101lu veiktsp\u0113ju.<\/li>\n<\/ul>\n<\/li>\n<\/ol>\n<h2><strong>R\u016bpn\u012bcas iesp\u0113jas un jauda:<\/strong><\/h2>\n<h3>(1) Mont\u0101\u017ea<\/h3>\n<p>Mums ir pirmklas\u012bga neatkar\u012bga p\u0113tniec\u012bbas un att\u012bst\u012bbas mont\u0101\u017eas platforma. Hidraulisko cilindru ra\u017eo\u0161anas darbn\u012bc\u0101 ir \u010detras pusautom\u0101tiskas pacel\u0161anas cilindru mont\u0101\u017eas l\u012bnijas un viena autom\u0101tisk\u0101 sl\u012bpuma cilindru mont\u0101\u017eas l\u012bnija ar projekt\u0113to gada ra\u017eo\u0161anas jaudu 1 miljons vien\u012bbu. Speci\u0101lo cilindru darbn\u012bca ir apr\u012bkota ar da\u017e\u0101du specifik\u0101ciju pusautom\u0101tisku t\u012br\u012b\u0161anas mont\u0101\u017eas sist\u0113mu ar projekt\u0113to gada ra\u017eo\u0161anas jaudu 200 000 vien\u012bbu un apr\u012bkota ar slaven\u0101m CNC apstr\u0101des iek\u0101rt\u0101m, apstr\u0101des centru, augstas precizit\u0101tes cilindru apstr\u0101des speci\u0101lo apr\u012bkojumu, robotiz\u0113tu metin\u0101\u0161anas iek\u0101rtu, autom\u0101tisku t\u012br\u012b\u0161anas iek\u0101rtu, autom\u0101tisku cilindru mont\u0101\u017eas iek\u0101rtu un autom\u0101tisku kr\u0101so\u0161anas ra\u017eo\u0161anas l\u012bniju. Eso\u0161ais kritiskais apr\u012bkojums ir vair\u0101k nek\u0101 300 komplektu (komplektu). Optim\u0101la iek\u0101rtu resursu sadale un efekt\u012bva izmanto\u0161ana nodro\u0161ina produktu precizit\u0101tes pras\u012bbas un apmierina produktu augst\u0101s kvalit\u0101tes pras\u012bbas.<\/p>\n<p><img loading=\"lazy\" decoding=\"async\" class=\"alignnone wp-image-626\" src=\"https:\/\/hydraulic-cylinders.net\/wp-content\/uploads\/2023\/08\/hydraulic-cylinder-product-1-300x158.webp\" alt=\"\" width=\"495\" height=\"260\" srcset=\"https:\/\/hydraulic-cylinders.net\/wp-content\/uploads\/2023\/08\/hydraulic-cylinder-product-1-300x158.webp 495w, https:\/\/hydraulic-cylinders.net\/wp-content\/uploads\/2023\/08\/hydraulic-cylinder-product-1-480x252.webp 480w\" sizes=\"(min-width: 0px) and (max-width: 480px) 480px, (min-width: 481px) 495px, 100vw\" \/> <img loading=\"lazy\" decoding=\"async\" class=\"alignnone wp-image-627\" src=\"https:\/\/hydraulic-cylinders.net\/wp-content\/uploads\/2023\/08\/hydraulic-cylinder-product-2-300x189.webp\" alt=\"\" width=\"413\" height=\"260\" \/><\/p>\n<h3>(2) Apstr\u0101de<\/h3>\n<p>Apstr\u0101des cehs ir apr\u012bkots ar piel\u0101gotu sl\u012bpo slie\u017eu virpo\u0161anas centru, apstr\u0101des centru, \u0101trgaitas asin\u0101\u0161anas ma\u0161\u012bnu, metin\u0101\u0161anas robotu un citu saist\u012btu apr\u012bkojumu, kas var apstr\u0101d\u0101t cilindriskas caurules ar maksim\u0101lo iek\u0161\u0113jo diametru 400 mm un maksim\u0101lo garumu 6 metri.<\/p>\n<p><img loading=\"lazy\" decoding=\"async\" class=\"alignnone wp-image-628 size-large\" src=\"https:\/\/hydraulic-cylinders.net\/wp-content\/uploads\/2023\/08\/hydraulic-cylinder-product-3-1024x391.webp\" alt=\"\" width=\"1024\" height=\"391\" srcset=\"https:\/\/hydraulic-cylinders.net\/wp-content\/uploads\/2023\/08\/hydraulic-cylinder-product-3-980x374.webp 980w, https:\/\/hydraulic-cylinders.net\/wp-content\/uploads\/2023\/08\/hydraulic-cylinder-product-3-480x183.webp 480w\" sizes=\"(min-width: 0px) and (max-width: 480px) 480px, (min-width: 481px) and (max-width: 980px) 980px, (min-width: 981px) 1024px, 100vw\" \/><\/p>\n<h3>(3) Metin\u0101\u0161ana<\/h3>\n<p><img loading=\"lazy\" decoding=\"async\" class=\"alignnone wp-image-629 size-large\" src=\"https:\/\/hydraulic-cylinders.net\/wp-content\/uploads\/2023\/08\/hydraulic-cylinder-product-4-1024x510.webp\" alt=\"\" width=\"1024\" height=\"510\" srcset=\"https:\/\/hydraulic-cylinders.net\/wp-content\/uploads\/2023\/08\/hydraulic-cylinder-product-4-980x488.webp 980w, https:\/\/hydraulic-cylinders.net\/wp-content\/uploads\/2023\/08\/hydraulic-cylinder-product-4-480x239.webp 480w\" sizes=\"(min-width: 0px) and (max-width: 480px) 480px, (min-width: 481px) and (max-width: 980px) 980px, (min-width: 981px) 1024px, 100vw\" \/><\/p>\n<h3>(4) Kr\u0101so\u0161ana un p\u0101rkl\u0101\u0161ana<\/h3>\n<p>Ar maz\u0101m un vid\u0113ja izm\u0113ra cilindrisk\u0101m autom\u0101tisk\u0101m \u016bdens b\u0101zes kr\u0101su p\u0101rkl\u0101\u0161anas l\u012bnij\u0101m, lai pan\u0101ktu autom\u0101tisku robotu iekrau\u0161anu un izkrau\u0161anu un autom\u0101tisku izsmidzin\u0101\u0161anu, projekt\u0113t\u0101 jauda ir 4000 gabali mai\u0146\u0101;<br \/>\nMums ir ar\u012b pusautom\u0101tiska kr\u0101su ra\u017eo\u0161anas l\u012bnija lieliem baloniem, ko darbina \u0137\u0113des piedzi\u0146a, ar 60 kastu konstrukcijas jaudu vien\u0101 mai\u0146\u0101.<\/p>\n<p><img loading=\"lazy\" decoding=\"async\" class=\"alignnone wp-image-630\" src=\"https:\/\/hydraulic-cylinders.net\/wp-content\/uploads\/2023\/08\/hydraulic-cylinder-product-5-300x213.webp\" alt=\"\" width=\"366\" height=\"260\" \/> <img loading=\"lazy\" decoding=\"async\" class=\"alignnone wp-image-631\" src=\"https:\/\/hydraulic-cylinders.net\/wp-content\/uploads\/2023\/08\/hydraulic-cylinder-product-6-300x225.webp\" alt=\"\" width=\"347\" height=\"260\" \/><\/p>\n<h3>(5) Test\u0113\u0161ana<\/h3>\n<p>Mums ir augst\u0101k\u0101s klases p\u0101rbaudes iek\u0101rtas un test\u0113\u0161anas stendi, lai nodro\u0161in\u0101tu, ka balona veiktsp\u0113ja atbilst pras\u012bb\u0101m.<\/p>\n<p><img loading=\"lazy\" decoding=\"async\" class=\"alignnone wp-image-632\" src=\"https:\/\/hydraulic-cylinders.net\/wp-content\/uploads\/2023\/08\/hydraulic-cylinder-product-8-300x200.webp\" alt=\"\" width=\"389\" height=\"260\" \/><\/p>\n<p>&nbsp;<\/p>\n<p>&nbsp;<\/p>\n<p>M\u0113s esam viens no lab\u0101kajiem hidraulisko cilindru ra\u017eot\u0101jiem. M\u0113s varam pied\u0101v\u0101t visaptvero\u0161us hidrauliskos cilindrus. M\u0113s nodro\u0161in\u0101m ar\u012b atbilsto\u0161us <a href=\"https:\/\/hzpt.com\/agricultural-pto-gearbox\/\" target=\"_blank\" rel=\"noopener\">lauksaimniec\u012bbas p\u0101rnesumk\u0101rbas<\/a>. M\u0113s esam eksport\u0113ju\u0161i savus produktus klientiem vis\u0101 pasaul\u0113 un esam ieguvu\u0161i labu reput\u0101ciju, pateicoties m\u016bsu izcilajai produktu kvalit\u0101tei un p\u0113cp\u0101rdo\u0161anas servisam. M\u0113s aicin\u0101m klientus no valsts un \u0101rvalst\u012bm sazin\u0101ties ar mums, lai risin\u0101tu biznesa sarunas, apmain\u012btos ar inform\u0101ciju un... <a href=\"https:\/\/www.hydraulic-cylinders.net\/lv\/contact-us\/\">sadarboties ar mums<\/a>!<\/p>","protected":false},"excerpt":{"rendered":"<p>Press Mobile Workbench Cylinder The press mobile workbench cylinder is a revolutionary product designed to optimize efficiency and versatility in workbench setups across various industries. With its advanced features and reliable performance, this cylinder offers enhanced mobility, stability, and ease of use. The press mobile workbench cylinder is a game-changing addition to any workbench setup, [&hellip;]<\/p>","protected":false},"featured_media":1631,"comment_status":"open","ping_status":"closed","template":"","meta":{"_et_pb_use_builder":"","_et_pb_old_content":"","_et_gb_content_width":""},"product_brand":[],"product_cat":[1550,1522,1376],"product_tag":[1380],"class_list":{"0":"post-1629","1":"product","2":"type-product","3":"status-publish","4":"has-post-thumbnail","6":"product_cat-double-acting-hydraulic-cylinder","7":"product_cat-press-hydraulic-cylinders","8":"product_cat-hydraulic-cylinder","9":"product_tag-hydraulic-cylinder","11":"first","12":"instock","13":"shipping-taxable","14":"product-type-simple"},"amp_enabled":true,"_links":{"self":[{"href":"https:\/\/www.hydraulic-cylinders.net\/lv\/wp-json\/wp\/v2\/product\/1629","targetHints":{"allow":["GET"]}}],"collection":[{"href":"https:\/\/www.hydraulic-cylinders.net\/lv\/wp-json\/wp\/v2\/product"}],"about":[{"href":"https:\/\/www.hydraulic-cylinders.net\/lv\/wp-json\/wp\/v2\/types\/product"}],"replies":[{"embeddable":true,"href":"https:\/\/www.hydraulic-cylinders.net\/lv\/wp-json\/wp\/v2\/comments?post=1629"}],"wp:featuredmedia":[{"embeddable":true,"href":"https:\/\/www.hydraulic-cylinders.net\/lv\/wp-json\/wp\/v2\/media\/1631"}],"wp:attachment":[{"href":"https:\/\/www.hydraulic-cylinders.net\/lv\/wp-json\/wp\/v2\/media?parent=1629"}],"wp:term":[{"taxonomy":"product_brand","embeddable":true,"href":"https:\/\/www.hydraulic-cylinders.net\/lv\/wp-json\/wp\/v2\/product_brand?post=1629"},{"taxonomy":"product_cat","embeddable":true,"href":"https:\/\/www.hydraulic-cylinders.net\/lv\/wp-json\/wp\/v2\/product_cat?post=1629"},{"taxonomy":"product_tag","embeddable":true,"href":"https:\/\/www.hydraulic-cylinders.net\/lv\/wp-json\/wp\/v2\/product_tag?post=1629"}],"curies":[{"name":"wp","href":"https:\/\/api.w.org\/{rel}","templated":true}]}}