{"id":16290,"date":"2025-01-20T09:02:53","date_gmt":"2025-01-20T09:02:53","guid":{"rendered":"https:\/\/www.hydraulic-cylinders.net\/product\/arm-cylinderfor-kobelco-large-excavator-sk320-2-6\/"},"modified":"2025-01-20T09:02:56","modified_gmt":"2025-01-20T09:02:56","slug":"arm-cylinderfor-kobelco-large-excavator-sk320-2-6","status":"publish","type":"product","link":"https:\/\/www.hydraulic-cylinders.net\/lv\/products\/arm-cylinderfor-kobelco-large-excavator-sk320-2-6\/","title":{"rendered":"Kobelco lielizm\u0113ra ekskavatora SK320-2-6 sviras cilindrs"},"content":{"rendered":"<h1>Kobelco liel\u0101 ekskavatora SK320-2-6 rokas cilindrs<\/h1>\n<h2>Ievads<\/h2>\n<p>Sviras cilindrs ir hidraulisk\u0101 cilindra veids, kas paredz\u0113ts line\u0101ras kust\u012bbas un jaudas nodro\u0161in\u0101\u0161anai da\u017e\u0101du ma\u0161\u012bnu, piem\u0113ram, ekskavatoru, celt\u0146u un robotu, svir\u0101m. Tam ir iz\u0161\u0137iro\u0161a noz\u012bme hidrauliskaj\u0101s sist\u0113m\u0101s, nodro\u0161inot efekt\u012bvu pielikumu vai instrumentu kust\u012bbu un vad\u012bbu. \u0160ie cilindri ne tikai nodro\u0161ina vienm\u0113r\u012bgu kust\u012bbu, bet ar\u012b sp\u0113j iztur\u0113t lielas slodzes, nodro\u0161inot ma\u0161\u012bnu efekt\u012bvu darb\u012bbu un uzticam\u012bbu da\u017e\u0101dos darba apst\u0101k\u013cos.<\/p>\n<p><img decoding=\"async\" src=\"https:\/\/www.hydraulic-cylinders.net\/wp-content\/uploads\/2025\/01\/songte-company-2.webp\" alt=\"rokas cilindra att\u0113ls\"><\/p>\n<h3>Defin\u012bcija un skaidrojums<\/h3>\n<p>Sviras cilindrs ir hidrauliskais cilindrs, kas nodro\u0161ina line\u0101ru kust\u012bbu un jaudu ma\u0161\u012bnu svir\u0101m. Tas \u013cauj p\u0101rvietot un vad\u012bt pielikumus vai instrumentus, nodro\u0161inot efekt\u012bvu un uzticamu ma\u0161\u012bnu darb\u012bbu da\u017e\u0101dos darba apst\u0101k\u013cos. Sviras cilindri ir svar\u012bgas hidraulisko sist\u0113mu sast\u0101vda\u013cas, un tiem ir galven\u0101 loma ma\u0161\u012bnu kust\u012bb\u0101 un vad\u012bb\u0101.<\/p>\n<h2>Rokas cilindra \u012bpa\u0161\u012bbas<\/h2>\n<p>Sviras cilindriem ir da\u017e\u0101das \u012bpa\u0161\u012bbas, kas padara tos piem\u0113rotus lieto\u0161anai da\u017e\u0101d\u0101s ma\u0161\u012bn\u0101s. \u0160eit ir da\u017eas no galvenaj\u0101m iez\u012bm\u0113m:<\/p>\n<h3>Augstas efektivit\u0101tes p\u0101rraide<\/h3>\n<p>Rokas cilindrs var nodro\u0161in\u0101t jaud\u012bgu line\u0101ru kust\u012bbu un sp\u0113ku, garant\u0113jot ma\u0161\u012bnas rokas augstu efektivit\u0101ti un veiktsp\u0113ju da\u017e\u0101du darb\u012bbu laik\u0101.<\/p>\n<h3>Prec\u012bzijas kontrole<\/h3>\n<p>Izmantojot hidraulisk\u0101s sist\u0113mas, rokas cilindrs var pan\u0101kt prec\u012bzu kust\u012bbas vad\u012bbu, padarot pielikumu darb\u012bbu elast\u012bg\u0101ku un prec\u012bz\u0101ku.<\/p>\n<h3>Iztur\u012bgs<\/h3>\n<p>Sviru cilindri parasti ir izgatavoti no augstas iztur\u012bbas materi\u0101liem, tiem ir laba nodilumiztur\u012bba un korozijas iztur\u012bba. Tie ir piem\u0113roti ilgsto\u0161ai lieto\u0161anai skarbos vides apst\u0101k\u013cos.<\/p>\n<h3>Daudzfunkcion\u0101la piel\u0101go\u0161an\u0101s sp\u0113ja<\/h3>\n<p>\u0160os cilindrus var pla\u0161i izmantot da\u017e\u0101da veida ma\u0161\u012bn\u0101s, piem\u0113ram, ekskavatoros, celt\u0146os un robotos, un tie var piel\u0101goties da\u017e\u0101d\u0101m darba pras\u012bb\u0101m.<\/p>\n<h3>Vienk\u0101r\u0161a apkope<\/h3>\n<p>Sviru cilindru konstrukcija ir veidota t\u0101, lai tos b\u016btu viegli apkopt un nomain\u012bt, t\u0101d\u0113j\u0101di atvieglojot iek\u0101rtu regul\u0101ru p\u0101rbaudi un apkopi, k\u0101 ar\u012b samazinot iek\u0101rtu d\u012bkst\u0101ves laiku.<\/p>\n<p><img decoding=\"async\" src=\"https:\/\/www.hydraulic-cylinders.net\/wp-content\/uploads\/2025\/01\/songte-oil-pipes-and-spare-parts.webp\" alt=\"rezerves da\u013cu att\u0113ls\"><\/p>\n<h2>Rokas cilindra pielietojums<\/h2>\n<p>Sviru cilindriem ir da\u017e\u0101di pielietojumi da\u017e\u0101d\u0101s nozar\u0113s. \u0160eit ir da\u017ei no galvenajiem pielietojumiem:<\/p>\n<h3>B\u016bvniec\u012bbas in\u017eenierija<\/h3>\n<p>Str\u0113les cilindri tiek izmantoti ekskavatoros un celt\u0146os, lai kontrol\u0113tu kausu vai str\u0113les kust\u012bbu zemes p\u0101rvieto\u0161anas, materi\u0101lu apstr\u0101des un konstrukciju uzst\u0101d\u012b\u0161anas darbos.<\/p>\n<h3>Ra\u017eo\u0161ana<\/h3>\n<p>Roku cilindri tiek izmantoti robotiz\u0113t\u0101s rok\u0101s mont\u0101\u017eai, metin\u0101\u0161anai un materi\u0101lu apstr\u0101dei automatiz\u0113t\u0101s ra\u017eo\u0161anas l\u012bnij\u0101s, uzlabojot ra\u017eo\u0161anas efektivit\u0101ti un precizit\u0101ti.<\/p>\n<h3>Lauksaimniec\u012bbas tehnika<\/h3>\n<p>Sviras cilindri tiek izmantoti lauksaimniec\u012bbas ma\u0161\u012bn\u0101s, piem\u0113ram, kombainos un s\u0113jma\u0161\u012bn\u0101s, lai kontrol\u0113tu darbin\u0101\u0161anas sviras kust\u012bbu, veicot t\u0101dus uzdevumus k\u0101 st\u0101d\u012b\u0161ana, m\u0113slo\u0161ana un ra\u017eas nov\u0101k\u0161ana.<\/p>\n<h3>Kalnr\u016bpniec\u012bba<\/h3>\n<p>Kalnr\u016bpniec\u012bbas iek\u0101rt\u0101s tiek izmantoti rokas cilindri, lai kontrol\u0113tu kalnr\u016bpniec\u012bbas iek\u0101rtas rokas kust\u012bbu, veicot t\u0101dus uzdevumus k\u0101 kalnr\u016bpniec\u012bba un materi\u0101lu apstr\u0101de.<\/p>\n<h3>Lo\u0123istika un transports<\/h3>\n<p>Rokas cilindri tiek izmantoti iekr\u0101v\u0113jos un apstr\u0101des robotos, lai kontrol\u0113tu kravas dak\u0161u kust\u012bbu, nodro\u0161inot materi\u0101lu apstr\u0101di un sakrau\u0161anu.<\/p>\n<p><img decoding=\"async\" src=\"https:\/\/www.hydraulic-cylinders.net\/wp-content\/uploads\/2025\/01\/songte-chushion-collar.webp\" alt=\"spilvena apkakles att\u0113ls\"><\/p>\n<h2>Dizaina apsv\u0113rumi un atlases krit\u0113riji<\/h2>\n<p>Projekt\u0113jot un izv\u0113loties cilindru sviras, j\u0101\u0146em v\u0113r\u0101 vair\u0101ki faktori, tostarp:<\/p>\n<h3>Kravnes\u012bba<\/h3>\n<p>Sviras cilindram j\u0101sp\u0113j iztur\u0113t paredzam\u0101s slodzes ma\u0161\u012bn\u0101m, kur\u0101s tas tiek izmantots.<\/p>\n<h3>Bl\u012bv\u0113\u0161ana<\/h3>\n<p>Sviras cilindram j\u0101b\u016bt ar lab\u0101m bl\u012bv\u0113\u0161anas sp\u0113j\u0101m, lai nov\u0113rstu \u0161\u0137idruma nopl\u016bdi un nodro\u0161in\u0101tu efekt\u012bvu darb\u012bbu.<\/p>\n<h3>Iztur\u012bba<\/h3>\n<p>Sviras cilindram j\u0101b\u016bt izgatavotam no iztur\u012bgiem materi\u0101liem, tam j\u0101b\u016bt labai nodilumiztur\u012bbai un korozijas iztur\u012bbai, piem\u0113rotam ilgsto\u0161ai lieto\u0161anai skarbos vides apst\u0101k\u013cos.<\/p>\n<h3>Dro\u0161\u012bba<\/h3>\n<p>Sviras cilindram j\u0101b\u016bt konstru\u0113tam t\u0101, lai nodro\u0161in\u0101tu dro\u0161u darb\u012bbu un nov\u0113rstu negad\u012bjumus.<\/p>\n<h3>Uzturam\u012bba<\/h3>\n<p>Sviras cilindram j\u0101b\u016bt konstru\u0113tam t\u0101, lai to b\u016btu viegli apkopt un nomain\u012bt, samazinot iek\u0101rtu d\u012bkst\u0101ves laiku un apkopes izmaksas.<\/p>\n<p><img decoding=\"async\" src=\"https:\/\/www.hydraulic-cylinders.net\/wp-content\/uploads\/2025\/01\/songte-cylinder-head-with-all-kinds-excavator-models.webp\" alt=\"cilindra galvas att\u0113ls\"><\/p>\n<h2>Sviras cilindra bl\u012bv\u0113\u0161ana un e\u013c\u013co\u0161ana<\/h2>\n<p>Sviras cilindram tiek izmantoti da\u017e\u0101di bl\u012bv\u0113jumi, piem\u0113ram, virzu\u013ca bl\u012bv\u0113jumi un stie\u0146a bl\u012bv\u0113jumi, kas izgatavoti no nodilumiztur\u012bgiem materi\u0101liem, piem\u0113ram, poliuret\u0101na un nitrila gumijas, lai nov\u0113rstu \u0161\u0137idruma nopl\u016bdi un nodro\u0161in\u0101tu efekt\u012bvu darb\u012bbu. Cilindra korpuss un v\u012bt\u0146ot\u0101s gala virsmas ir smalki apstr\u0101d\u0101tas, lai uzlabotu nodilumiztur\u012bbu. Sviras cilindram nepiecie\u0161ama regul\u0101ra e\u013c\u013co\u0161ana ar piem\u0113rotu hidraulisko e\u013c\u013cu, lai nodro\u0161in\u0101tu efekt\u012bvu darb\u012bbu.<\/p>\n<h2>Apkope un prevent\u012bvie pas\u0101kumi<\/h2>\n<p>Lai nodro\u0161in\u0101tu efekt\u012bvu un uzticamu sviru cilindru darb\u012bbu, nepiecie\u0161ama regul\u0101ra p\u0101rbaude un apkope. \u0160eit ir da\u017ei prevent\u012bvie pas\u0101kumi:<\/p>\n<h3>Regul\u0101ra p\u0101rbaude<\/h3>\n<p>Sviru cilindri regul\u0101ri j\u0101p\u0101rbauda, \u200b\u200bvai nav nodiluma, boj\u0101jumu un \u0161\u0137idruma nopl\u016bdes paz\u012bmju. Visi defekti nekav\u0113joties j\u0101labo vai j\u0101nomaina.<\/p>\n<h3>Prevent\u012bv\u0101 apkope<\/h3>\n<p>Lai nodro\u0161in\u0101tu optim\u0101lu veiktsp\u0113ju, sviru cilindri regul\u0101ri j\u0101apkopj saska\u0146\u0101 ar ra\u017eot\u0101ja ieteikumiem. Tas ietver e\u013c\u013co\u0161anu, t\u012br\u012b\u0161anu un nodilu\u0161o deta\u013cu nomai\u0146u.<\/p>\n<h2>Sviras cilindra uzst\u0101d\u012b\u0161anas rokasgr\u0101mata<\/h2>\n<p>\u0160eit ir rokas cilindra uzst\u0101d\u012b\u0161anas rokasgr\u0101mata:<\/p>\n<h3>1.\u00a0darb\u012bba:<\/h3>\n<p>No\u0146emiet no iek\u0101rtas veco sviras cilindru.<\/p>\n<h3>2.\u00a0solis:<\/h3>\n<p>Uzst\u0101diet jauno sviras cilindru vec\u0101 viet\u0101.<\/p>\n<h3>3.\u00a0solis:<\/h3>\n<p>Pievienojiet hidraulisk\u0101s \u0161\u013c\u016btenes sviras cilindram.<\/p>\n<h3>4. darb\u012bba:<\/h3>\n<p>Piepildiet hidraulisko sist\u0113mu ar ieteicamo hidraulisko e\u013c\u013cu.<\/p>\n<h3>5. darb\u012bba:<\/h3>\n<p>Iedarbiniet iek\u0101rtu un p\u0101rbaudiet, vai rokas cilindrs darbojas pareizi.<\/p>\n<p><img decoding=\"async\" src=\"https:\/\/www.hydraulic-cylinders.net\/wp-content\/uploads\/2025\/01\/songte-bushings-with-all-kinds-of-excavator-models.webp\" alt=\"bukses att\u0113ls\"><\/p>\n<h2>Dro\u0161\u012bbas apsv\u0113rumi un vides faktori<\/h2>\n<p>Dro\u0161\u012bba ir \u013coti svar\u012bga, str\u0101d\u0101jot ar iek\u0101rt\u0101m un sviras cilindriem. J\u0101iev\u0113ro atbilsto\u0161i dro\u0161\u012bbas pas\u0101kumi, piem\u0113ram, j\u0101valk\u0101 aizsargl\u012bdzek\u013ci un j\u0101iev\u0113ro ra\u017eot\u0101ja nor\u0101d\u012bjumi. J\u0101\u0146em v\u0113r\u0101 ar\u012b t\u0101di vides faktori k\u0101 temperat\u016bra, mitrums un gaisa kvalit\u0101te, jo tie var ietekm\u0113t sviras cilindru veiktsp\u0113ju un iztur\u012bbu.<\/p>\n<h2>Probl\u0113mu nov\u0113r\u0161ana un bie\u017ei sastopamas probl\u0113mas<\/h2>\n<p>\u0160eit ir da\u017eas bie\u017ei sastopamas probl\u0113mas, kas var rasties ar sviru cilindriem, un probl\u0113mu nov\u0113r\u0161anas padomi:<\/p>\n<h3>Nopl\u016bde<\/h3>\n<p>Ja no sviras cilindra ir \u0161\u0137idruma nopl\u016bde, p\u0101rbaudiet bl\u012bves un, ja nepiecie\u0161ams, nomainiet t\u0101s.<\/p>\n<h3>Uzl\u012bm\u0113\u0161ana<\/h3>\n<p>Ja sviras cilindrs iespr\u016bst, tas var b\u016bt saist\u012bts ar net\u012brumiem vai gru\u017eiem hidrauliskaj\u0101 sist\u0113m\u0101. Not\u012briet sist\u0113mu un nomainiet visas boj\u0101t\u0101s deta\u013cas.<\/p>\n<h3>L\u0113n\u0101 kust\u012bba<\/h3>\n<p>Ja sviras cilindrs kustas l\u0113ni, tas var b\u016bt saist\u012bts ar zemu hidraulisko spiedienu. P\u0101rbaudiet hidraulisko spiedienu un, ja nepiecie\u0161ams, pievienojiet ieteicamo hidraulisko e\u013c\u013cu.<\/p>\n<h2>Secin\u0101jums<\/h2>\n<p>K\u0101 profesion\u0101ls svircilindru ra\u017eot\u0101js, m\u0113s pied\u0101v\u0101jam pla\u0161u produktu un pakalpojumu kl\u0101stu, lai apmierin\u0101tu da\u017e\u0101das klientu vajadz\u012bbas. M\u016bsu augstas kvalit\u0101tes produkti, modernas ra\u017eo\u0161anas iek\u0101rtas un profesion\u0101lie pakalpojumi ir padar\u012bju\u0161i m\u016bs par vado\u0161o hidraulisko cilindru ra\u017eot\u0101ju un vairumtirdzniec\u012bbas izplat\u012bt\u0101ju viet\u0113j\u0101 un starptautiskaj\u0101 tirg\u016b. M\u0113s esam ap\u0146\u0113mu\u0161ies nodro\u0161in\u0101t m\u016bsu klientiem efekt\u012bvus, prec\u012bzus un augstas kvalit\u0101tes produktus.<\/p>\n<p><img decoding=\"async\" src=\"https:\/\/www.hydraulic-cylinders.net\/wp-content\/uploads\/2025\/01\/songte-company-4.webp\" alt=\"uz\u0146\u0113muma t\u0113ls\"><br \/>\n<img decoding=\"async\" src=\"https:\/\/www.hydraulic-cylinders.net\/wp-content\/uploads\/2025\/01\/songte-company-3.webp\" alt=\"uz\u0146\u0113muma t\u0113ls\"><\/p>\n<p>M\u016bsu uz\u0146\u0113mums nodro\u0161ina profesion\u0101lus pakalpojumus, starptautisku sertifik\u0101ciju, piel\u0101gotus pakalpojumus, modernu ra\u017eo\u0161anas apr\u012bkojumu un p\u0113cp\u0101rdo\u0161anas pakalpojumus, lai apmierin\u0101tu m\u016bsu klientu da\u017e\u0101d\u0101s vajadz\u012bbas. Paldies, ka izlas\u012bj\u0101t \u0161o rakstu.<\/p>\n<p>Autors: lil<\/p>","protected":false},"excerpt":{"rendered":"<p>Arm Cylinder for Kobelco Large Excavator SK320-2-6 Introduction An arm cylinder is a type of hydraulic cylinder designed for providing linear motion and power to the arms of various machinery such as excavators, cranes, and robots. It plays a crucial role in hydraulic systems by enabling the effective movement and control of attachments or tools. [&hellip;]<\/p>","protected":false},"featured_media":14772,"comment_status":"open","ping_status":"closed","template":"","meta":{"_et_pb_use_builder":"","_et_pb_old_content":"","_et_gb_content_width":""},"product_brand":[],"product_cat":[1497],"product_tag":[1498,1496],"class_list":{"0":"post-16290","1":"product","2":"type-product","3":"status-publish","4":"has-post-thumbnail","6":"product_cat-arm-cylinders","7":"product_tag-arm-cylinders","8":"product_tag-hydraulic-cylinders","10":"first","11":"instock","12":"shipping-taxable","13":"product-type-simple"},"amp_enabled":true,"_links":{"self":[{"href":"https:\/\/www.hydraulic-cylinders.net\/lv\/wp-json\/wp\/v2\/product\/16290","targetHints":{"allow":["GET"]}}],"collection":[{"href":"https:\/\/www.hydraulic-cylinders.net\/lv\/wp-json\/wp\/v2\/product"}],"about":[{"href":"https:\/\/www.hydraulic-cylinders.net\/lv\/wp-json\/wp\/v2\/types\/product"}],"replies":[{"embeddable":true,"href":"https:\/\/www.hydraulic-cylinders.net\/lv\/wp-json\/wp\/v2\/comments?post=16290"}],"wp:featuredmedia":[{"embeddable":true,"href":"https:\/\/www.hydraulic-cylinders.net\/lv\/wp-json\/wp\/v2\/media\/14772"}],"wp:attachment":[{"href":"https:\/\/www.hydraulic-cylinders.net\/lv\/wp-json\/wp\/v2\/media?parent=16290"}],"wp:term":[{"taxonomy":"product_brand","embeddable":true,"href":"https:\/\/www.hydraulic-cylinders.net\/lv\/wp-json\/wp\/v2\/product_brand?post=16290"},{"taxonomy":"product_cat","embeddable":true,"href":"https:\/\/www.hydraulic-cylinders.net\/lv\/wp-json\/wp\/v2\/product_cat?post=16290"},{"taxonomy":"product_tag","embeddable":true,"href":"https:\/\/www.hydraulic-cylinders.net\/lv\/wp-json\/wp\/v2\/product_tag?post=16290"}],"curies":[{"name":"wp","href":"https:\/\/api.w.org\/{rel}","templated":true}]}}