{"id":16297,"date":"2025-01-20T09:03:23","date_gmt":"2025-01-20T09:03:23","guid":{"rendered":"https:\/\/www.hydraulic-cylinders.net\/product\/arm-cylinderfor-kobelco-large-excavator-sk330-8\/"},"modified":"2025-01-20T09:03:25","modified_gmt":"2025-01-20T09:03:25","slug":"arm-cylinderfor-kobelco-large-excavator-sk330-8","status":"publish","type":"product","link":"https:\/\/www.hydraulic-cylinders.net\/lv\/products\/arm-cylinderfor-kobelco-large-excavator-sk330-8\/","title":{"rendered":"Kobelco lielizm\u0113ra ekskavatora SK330-8 rokas cilindrs"},"content":{"rendered":"<p>Kobelco liel\u0101 ekskavatora SK330-8 rokas cilindrs<\/p>\n<p>Ievads<br \/>\nSviras cilindrs ir hidraulisk\u0101 cilindra veids, kas \u012bpa\u0161i izstr\u0101d\u0101ts, lai nodro\u0161in\u0101tu line\u0101ru kust\u012bbu un jaudu da\u017e\u0101du veidu ma\u0161\u012bn\u0101m, piem\u0113ram, ekskavatoriem, celt\u0146iem un manipulatoriem. Tam ir iz\u0161\u0137iro\u0161a noz\u012bme hidrauliskaj\u0101 sist\u0113m\u0101, \u013caujot efekt\u012bvi p\u0101rvietot un kontrol\u0113t papildu instrumentus vai stiprin\u0101jumus. \u0160ie cilindri ne tikai nodro\u0161ina vienm\u0113r\u012bgu kust\u012bbu, bet ar\u012b iztur lielas slodzes, nodro\u0161inot ma\u0161\u012bnu efekt\u012bvu darb\u012bbu un uzticam\u012bbu da\u017e\u0101dos ekspluat\u0101cijas apst\u0101k\u013cos.<\/p>\n<p>Defin\u012bcija un skaidrojums<br \/>\nSviras cilindrs ir hidrauliskais cilindrs, kas nodro\u0161ina line\u0101ru kust\u012bbu un jaudu da\u017e\u0101du veidu ma\u0161\u012bn\u0101m, piem\u0113ram, ekskavatoriem, celt\u0146iem un manipulatoriem. Tas ir specializ\u0113ta cilindra veids, kam ir iz\u0161\u0137iro\u0161a noz\u012bme hidrauliskaj\u0101 sist\u0113m\u0101, \u013caujot p\u0101rvietot un kontrol\u0113t papildu instrumentus vai stiprin\u0101jumus. Sviras cilindri ir paredz\u0113ti, lai nodro\u0161in\u0101tu vienm\u0113r\u012bgu kust\u012bbu un iztur\u0113tu lielas slodzes, garant\u0113jot ma\u0161\u012bnu efekt\u012bvu darb\u012bbu un uzticam\u012bbu da\u017e\u0101dos ekspluat\u0101cijas apst\u0101k\u013cos.<\/p>\n<p><img decoding=\"async\" src=\"https:\/\/www.hydraulic-cylinders.net\/wp-content\/uploads\/2025\/01\/songte-company-2.webp\"><\/p>\n<p>Funkcijas<br \/>\n\u0160\u012bs ir rokas cilindra \u012bpa\u0161\u012bbas:<br \/>\n1. Augstas efektivit\u0101tes transmisija: Rokas cilindri nodro\u0161ina jaud\u012bgu line\u0101ru kust\u012bbu un sp\u0113ku, garant\u0113jot manipulatora augstu efektivit\u0101ti.<br \/>\n2. Prec\u012bza vad\u012bba: Sviru cilindri var pan\u0101kt prec\u012bzu kust\u012bbas vad\u012bbu, izmantojot hidraulisko sist\u0113mu, padarot papildu instrumentu darb\u012bbu elast\u012bg\u0101ku un prec\u012bz\u0101ku.<br \/>\n3. Sp\u0113c\u012bga iztur\u012bba: Roku cilindri parasti ir izgatavoti no augstas iztur\u012bbas materi\u0101liem, tiem ir laba nodilumiztur\u012bba un iztur\u012bba pret koroziju, kas ir piem\u0113rota ilgsto\u0161ai lieto\u0161anai skarbos apst\u0101k\u013cos.<br \/>\n4. Daudzfunkcion\u0101la piel\u0101go\u0161an\u0101s sp\u0113ja: \u0161os cilindrus var pla\u0161i izmantot da\u017e\u0101d\u0101s meh\u0101nisk\u0101s iek\u0101rt\u0101s, piem\u0113ram, ekskavatoros, celt\u0146os un manipulatoros, piel\u0101gojoties da\u017e\u0101d\u0101m darba pras\u012bb\u0101m.<br \/>\n5. Vienk\u0101r\u0161a apkope: Sviru cilindri ir paredz\u0113ti vienk\u0101r\u0161ai apkopei un nomai\u0146ai, padarot regul\u0101ras p\u0101rbaudes un apkopi \u0113rt\u0101ku un samazinot iek\u0101rtu d\u012bkst\u0101ves laiku.<\/p>\n<p>M\u0113s varam ra\u017eot \u0161o produktu, lai perfekti aizst\u0101tu \u0161os hidrauliskos cilindrus.<\/p>\n<p><img decoding=\"async\" src=\"https:\/\/www.hydraulic-cylinders.net\/wp-content\/uploads\/2025\/01\/songte-oil-pipes-and-spare-parts.webp\"><\/p>\n<p>Pieteikumi<br \/>\n\u0160\u012bs ir sviras cilindra pielietojuma jomas:<br \/>\n1. B\u016bvniec\u012bbas in\u017eenierija: Ekskavatoros un celt\u0146os str\u0113les cilindrus izmanto, lai kontrol\u0113tu kausu vai pacel\u0161anas str\u0113les kust\u012bbu, veicot zemes darbus, materi\u0101lu apstr\u0101di un konstrukciju uzst\u0101d\u012b\u0161anu.<br \/>\n2. Ra\u017eo\u0161anas nozare: Automatiz\u0113t\u0101s ra\u017eo\u0161anas l\u012bnij\u0101s manipulatoru p\u0101rvieto\u0161anai, mont\u0101\u017eas, metin\u0101\u0161anas un apstr\u0101des procesu veik\u0161anai, uzlabojot ra\u017eo\u0161anas efektivit\u0101ti un precizit\u0101ti, tiek izmantoti roku cilindri.<br \/>\n3. Lauksaimniec\u012bbas tehnika: Lauksaimniec\u012bbas tehnik\u0101, piem\u0113ram, kombainos un s\u0113jma\u0161\u012bn\u0101s, sviru cilindri kontrol\u0113 darbin\u0101\u0161anas sviru kust\u012bbu un veic t\u0101dus uzdevumus k\u0101 s\u0113\u0161ana, m\u0113slo\u0161ana un ra\u017eas nov\u0101k\u0161ana.<br \/>\n4. Ieguve: Ieguves iek\u0101rt\u0101s rokas cilindrus izmanto, lai kontrol\u0113tu ieguves iek\u0101rtu rokas kust\u012bbu, veicot ieguvi un miner\u0101lu p\u0101rvad\u0101\u0161anu.<br \/>\n5. Lo\u0123istika un transport\u0113\u0161ana: Iekr\u0101v\u0113jos un apstr\u0101des robotos roku cilindri tiek izmantoti, lai kontrol\u0113tu dak\u0161u pacel\u0161anu un kust\u012bbu, realiz\u0113jot materi\u0101lu apstr\u0101di un sakrau\u0161anu.<\/p>\n<p>Projekt\u0113\u0161anas apsv\u0113rumi un atlases standarti<br \/>\nSviras cilindram ir \u0161\u0101di konstrukcijas apsv\u0113rumi un izv\u0113les standarti:<br \/>\n1. Nestsp\u0113ja: Sviras cilindram j\u0101sp\u0113j iztur\u0113t papildu instrumentu vai stiprin\u0101jumu svaru, ko tas nes\u012bs.<br \/>\n2. Bl\u012bv\u0113jums: Sviras cilindram ir nepiecie\u0161ams labs bl\u012bv\u0113jums, lai nov\u0113rstu hidraulisk\u0101s e\u013c\u013cas nopl\u016bdi un nodro\u0161in\u0101tu efekt\u012bvu darb\u012bbu.<br \/>\n3. Iztur\u012bba: Sviras cilindram j\u0101b\u016bt izgatavotam no augstas iztur\u012bbas materi\u0101liem, tam j\u0101b\u016bt labai nodilumiztur\u012bbai un korozijas iztur\u012bbai, kas ir piem\u0113rota ilgsto\u0161ai lieto\u0161anai skarbos apst\u0101k\u013cos.<br \/>\n4. Dro\u0161\u012bba: Sviras cilindram j\u0101b\u016bt konstru\u0113tam ar dro\u0161\u012bbas funkcij\u0101m, lai nodro\u0161in\u0101tu ma\u0161\u012bnas dro\u0161u darb\u012bbu.<br \/>\n5. Apkopes pieejam\u012bba: Sviras cilindram j\u0101b\u016bt konstru\u0113tam t\u0101, lai to b\u016btu viegli apkopt un nomain\u012bt, t\u0101d\u0113j\u0101di samazinot iek\u0101rtu d\u012bkst\u0101ves laiku.<\/p>\n<p><img decoding=\"async\" src=\"https:\/\/www.hydraulic-cylinders.net\/wp-content\/uploads\/2025\/01\/songte-cylinder-head-with-all-kinds-excavator-models.webp\"><\/p>\n<p>Bl\u012bv\u0113\u0161ana un e\u013c\u013co\u0161ana<br \/>\nSviras cilindr\u0101 tiek izmantoti da\u017e\u0101di bl\u012bv\u0113\u0161anas komponenti, piem\u0113ram, virzu\u013ca bl\u012bv\u0113jumi, stie\u0146a bl\u012bv\u0113jumi utt. Bl\u012bv\u0113\u0161anas komponenti ir izgatavoti no nodilumiztur\u012bgiem materi\u0101liem, piem\u0113ram, poliuret\u0101na, nitrila gumijas utt., lai nodro\u0161in\u0101tu cilindra efekt\u012bvu darb\u012bbu. Cilindra korpuss un v\u012bt\u0146ot\u0101 gala virsma ir smalki apstr\u0101d\u0101ta, lai uzlabotu nodilumiztur\u012bbu. E\u013c\u013co\u0161anai nepiecie\u0161ams regul\u0101ri pievienot atbilsto\u0161u daudzumu hidraulisk\u0101s e\u013c\u013cas.<\/p>\n<p>Regul\u0101ra p\u0101rbaude un profilaktisk\u0101 apkope<br \/>\nSviras cilindram j\u0101veic \u0161\u0101di prevent\u012bvie apkopes pas\u0101kumi:<br \/>\n1. Regul\u0101ra cilindra un bl\u012bv\u0113jumu p\u0101rbaude, lai p\u0101rliecin\u0101tos, ka tie ir lab\u0101 st\u0101vokl\u012b.<br \/>\n2. P\u0101rbaudiet hidraulisko sist\u0113mu, vai nav nopl\u016b\u017eu.<br \/>\n3. Regul\u0101ra hidraulisk\u0101s e\u013c\u013cas nomai\u0146a, lai uztur\u0113tu atbilsto\u0161u e\u013c\u013co\u0161anas l\u012bmeni.<br \/>\n4. Boj\u0101tu vai nodilu\u0161u bl\u012bv\u0113jumu nomai\u0146a.<\/p>\n<p>Instal\u0101cijas rokasgr\u0101mata<br \/>\nSviras cilindra uzst\u0101d\u012b\u0161anas so\u013ci ir \u0161\u0101di:<br \/>\n1. Nosakiet pareizo uzst\u0101d\u012b\u0161anas vietu.<br \/>\n2. Novietojiet sviras cilindru ar mont\u0101\u017eas caurumiem un piestipriniet to pie iek\u0101rtas.<br \/>\n3. Pievelciet stiprin\u0101jumus, lai nostiprin\u0101tu cilindru.<br \/>\n4. Pievienojiet hidraulisk\u0101s \u0161\u013c\u016btenes cilindram.<\/p>\n<p><img decoding=\"async\" src=\"https:\/\/www.hydraulic-cylinders.net\/wp-content\/uploads\/2025\/01\/songte-bushings-with-all-kinds-of-excavator-models.webp\"><\/p>\n<p>Dro\u0161\u012bbas un vides apsv\u0113rumi<br \/>\nSviras cilindram j\u0101veic \u0161\u0101di dro\u0161\u012bbas pas\u0101kumi:<br \/>\n1. P\u0101rliecinieties, vai sviras cilindrs ir uzst\u0101d\u012bts un darbojas pareizi.<br \/>\n2. R\u012bkojoties ar balonu, izmantojiet atbilsto\u0161us individu\u0101los aizsardz\u012bbas l\u012bdzek\u013cus.<br \/>\n3. Regul\u0101ri p\u0101rbaudiet cilindru, vai tam nav boj\u0101jumu vai nodiluma.<br \/>\n4. Iev\u0113rojiet atbilsto\u0161os hidraulisk\u0101s e\u013c\u013cas un citu b\u012bstamu materi\u0101lu utiliz\u0101cijas noteikumus.<\/p>\n<p>Probl\u0113mu nov\u0113r\u0161ana un bie\u017ei sastopamas probl\u0113mas<br \/>\n\u0160\u012bs ir bie\u017e\u0101k sastopam\u0101s probl\u0113mas, kas var rasties ar sviras cilindru:<br \/>\n1. Hidraulisk\u0101s e\u013c\u013cas nopl\u016bde.<br \/>\n2. Balona bl\u012bv\u0113jumu nodilums vai boj\u0101jumi.<br \/>\n3. Cilindra nepareiza novieto\u0161ana.<br \/>\n4. Balona korpusa boj\u0101jumi.<br \/>\nLai atrisin\u0101tu \u0161\u012bs probl\u0113mas, var veikt \u0161\u0101dus pas\u0101kumus:<br \/>\n1. Pievelciet hidraulisk\u0101s \u0161\u013c\u016btenes un savienojumus.<br \/>\n2. Nomainiet boj\u0101tos cilindra bl\u012bv\u0113jumus.<br \/>\n3. Izl\u012bdziniet cilindru.<br \/>\n4. Nomainiet boj\u0101to cilindra korpusu.<\/p>\n<p><img decoding=\"async\" src=\"https:\/\/www.hydraulic-cylinders.net\/wp-content\/uploads\/2025\/01\/songte-chushion-collar.webp\"><\/p>\n<p>Secin\u0101jums<br \/>\nM\u0113s esam profesion\u0101ls hidraulisko cilindru ra\u017eot\u0101js ar pla\u0161u produktu kl\u0101stu. Esam k\u013cuvu\u0161i par vienu no vado\u0161ajiem hidraulisko cilindru ra\u017eot\u0101jiem un vairumtirdzniec\u012bbas izplat\u012bt\u0101jiem viet\u0113j\u0101 un starptautiskaj\u0101 tirg\u016b. M\u0113s vienm\u0113r iev\u0113rojam izcilas kvalit\u0101tes principu un nep\u0101rtraukti uzlabojam savas tehnolo\u0123ijas un ra\u017eo\u0161anas efektivit\u0101ti, izmantojot m\u016bsu industrializ\u0113to ra\u017eo\u0161anas vad\u012bbas strat\u0113\u0123iju. Mums ir sp\u0113c\u012bgas inovat\u012bvas sp\u0113jas un m\u016bsu m\u0113r\u0137is ir apmierin\u0101t klientu da\u017e\u0101d\u0101s vajadz\u012bbas ar augstu efektivit\u0101ti, precizit\u0101ti un augstas kvalit\u0101tes principiem.<\/p>\n<p>M\u016bsu uz\u0146\u0113mumam ir \u0161\u0101das \u012bpa\u0161\u012bbas:<br \/>\n1. Profesionalit\u0101te<br \/>\n2. Starptautisk\u0101 sertifik\u0101cija<br \/>\n3. Piel\u0101goti pakalpojumi<br \/>\n4. Ra\u017eo\u0161anas iek\u0101rtas<br \/>\n5. P\u0113cp\u0101rdo\u0161anas serviss<\/p>\n<p><img decoding=\"async\" src=\"https:\/\/www.hydraulic-cylinders.net\/wp-content\/uploads\/2025\/01\/songte-company-4.webp\"><br \/>\n<img decoding=\"async\" src=\"https:\/\/www.hydraulic-cylinders.net\/wp-content\/uploads\/2025\/01\/songte-company-3.webp\"><\/p>\n<p>Autors: lil<\/p>","protected":false},"excerpt":{"rendered":"<p>Arm Cylinder for Kobelco Large Excavator SK330-8 Introduction The arm cylinder is a type of hydraulic cylinder specially designed to provide linear motion and power for various types of machinery such as excavators, cranes, and manipulators. It plays a critical role in the hydraulic system, allowing for the effective movement and control of additional tools [&hellip;]<\/p>","protected":false},"featured_media":14779,"comment_status":"open","ping_status":"closed","template":"","meta":{"_et_pb_use_builder":"","_et_pb_old_content":"","_et_gb_content_width":""},"product_brand":[],"product_cat":[1497],"product_tag":[1498,1496],"class_list":{"0":"post-16297","1":"product","2":"type-product","3":"status-publish","4":"has-post-thumbnail","6":"product_cat-arm-cylinders","7":"product_tag-arm-cylinders","8":"product_tag-hydraulic-cylinders","10":"first","11":"instock","12":"shipping-taxable","13":"product-type-simple"},"amp_enabled":true,"_links":{"self":[{"href":"https:\/\/www.hydraulic-cylinders.net\/lv\/wp-json\/wp\/v2\/product\/16297","targetHints":{"allow":["GET"]}}],"collection":[{"href":"https:\/\/www.hydraulic-cylinders.net\/lv\/wp-json\/wp\/v2\/product"}],"about":[{"href":"https:\/\/www.hydraulic-cylinders.net\/lv\/wp-json\/wp\/v2\/types\/product"}],"replies":[{"embeddable":true,"href":"https:\/\/www.hydraulic-cylinders.net\/lv\/wp-json\/wp\/v2\/comments?post=16297"}],"wp:featuredmedia":[{"embeddable":true,"href":"https:\/\/www.hydraulic-cylinders.net\/lv\/wp-json\/wp\/v2\/media\/14779"}],"wp:attachment":[{"href":"https:\/\/www.hydraulic-cylinders.net\/lv\/wp-json\/wp\/v2\/media?parent=16297"}],"wp:term":[{"taxonomy":"product_brand","embeddable":true,"href":"https:\/\/www.hydraulic-cylinders.net\/lv\/wp-json\/wp\/v2\/product_brand?post=16297"},{"taxonomy":"product_cat","embeddable":true,"href":"https:\/\/www.hydraulic-cylinders.net\/lv\/wp-json\/wp\/v2\/product_cat?post=16297"},{"taxonomy":"product_tag","embeddable":true,"href":"https:\/\/www.hydraulic-cylinders.net\/lv\/wp-json\/wp\/v2\/product_tag?post=16297"}],"curies":[{"name":"wp","href":"https:\/\/api.w.org\/{rel}","templated":true}]}}