{"id":16300,"date":"2025-01-20T09:03:42","date_gmt":"2025-01-20T09:03:42","guid":{"rendered":"https:\/\/www.hydraulic-cylinders.net\/product\/arm-cylinderfor-kobelco-large-excavator-sk4608\/"},"modified":"2025-01-20T09:03:44","modified_gmt":"2025-01-20T09:03:44","slug":"arm-cylinderfor-kobelco-large-excavator-sk4608","status":"publish","type":"product","link":"https:\/\/www.hydraulic-cylinders.net\/lv\/products\/arm-cylinderfor-kobelco-large-excavator-sk4608\/","title":{"rendered":"Kobelco lielizm\u0113ra ekskavatora SK4608 sviras cilindrs"},"content":{"rendered":"<h1>Kobelco liel\u0101 ekskavatora SK4608 rokas cilindrs<\/h1>\n<h2>Produkta defin\u012bcija<\/h2>\n<p>Sviras cilindrs ir speci\u0101li izstr\u0101d\u0101ts hidrauliskais cilindrs, kas nodro\u0161ina line\u0101ru kust\u012bbu un jaudu da\u017e\u0101du ma\u0161\u012bnu, piem\u0113ram, ekskavatoru, celt\u0146u un meh\u0101nisko sviru, svirai. Tam ir iz\u0161\u0137iro\u0161a noz\u012bme hidrauliskaj\u0101s sist\u0113m\u0101s, nodro\u0161inot efekt\u012bvu pielikumu vai piederumu kust\u012bbu un vad\u012bbu. \u0160ie cilindri ne tikai nodro\u0161ina vienm\u0113r\u012bgu kust\u012bbu, bet ar\u012b iztur lielas slodzes, nodro\u0161inot ma\u0161\u012bnu efekt\u012bvu darb\u012bbu un uzticam\u012bbu da\u017e\u0101dos darba apst\u0101k\u013cos.<\/p>\n<p><img decoding=\"async\" src=\"https:\/\/www.hydraulic-cylinders.net\/wp-content\/uploads\/2025\/01\/songte-company-2.webp\"><\/p>\n<h2>Produkta funkcijas<\/h2>\n<ul>\n<li><strong>Augstas efektivit\u0101tes transmisija:<\/strong> Sviras cilindrs nodro\u0161ina jaud\u012bgu line\u0101ru kust\u012bbu un sp\u0113ku, garant\u0113jot meh\u0101nisk\u0101s sviras augstas veiktsp\u0113jas darb\u012bbu da\u017e\u0101d\u0101s oper\u0101cij\u0101s.<\/li>\n<li><strong>Prec\u012bza kontrole:<\/strong> Izmantojot hidraulisk\u0101s sist\u0113mas, sviras cilindrs nodro\u0161ina prec\u012bzu kust\u012bbas vad\u012bbu, padarot agreg\u0101tu darb\u012bbu elast\u012bg\u0101ku un prec\u012bz\u0101ku.<\/li>\n<li><strong>Iztur\u012bba:<\/strong> Sviru cilindri parasti ir izgatavoti no augstas iztur\u012bbas materi\u0101liem, kas nodro\u0161ina izcilu nodilumiztur\u012bbu un iztur\u012bbu pret koroziju, padarot tos piem\u0113rotus ilgsto\u0161ai lieto\u0161anai skarbos apst\u0101k\u013cos.<\/li>\n<li><strong>Daudzfunkcion\u0101la piel\u0101go\u0161an\u0101s sp\u0113ja:<\/strong> \u0160os cilindrus var pla\u0161i izmantot da\u017e\u0101d\u0101s ma\u0161\u012bn\u0101s, piem\u0113ram, ekskavatoros, celt\u0146os un meh\u0101niskaj\u0101s svir\u0101s, piel\u0101gojoties da\u017e\u0101d\u0101m darba pras\u012bb\u0101m.<\/li>\n<li><strong>Vienk\u0101r\u0161a apkope:<\/strong> Izstr\u0101d\u0101ts, \u0146emot v\u0113r\u0101 \u0113rt\u012bbas regul\u0101rai p\u0101rbaudei un apkopei, samazinot iek\u0101rtu d\u012bkst\u0101ves laiku.<\/li>\n<\/ul>\n<p><img decoding=\"async\" src=\"https:\/\/www.hydraulic-cylinders.net\/wp-content\/uploads\/2025\/01\/songte-oil-pipes-and-spare-parts.webp\"><\/p>\n<h2>Pieteikumi<\/h2>\n<p><strong>1. B\u016bvniec\u012bbas in\u017eenierija:<\/strong> Str\u0113les cilindri kontrol\u0113 kausu vai str\u0113les kust\u012bbu ekskavatoros un celt\u0146os, nodro\u0161inot zemes darbus, materi\u0101lu apstr\u0101di un konstrukciju uzst\u0101d\u012b\u0161anu.<\/p>\n<p><strong>2. Ra\u017eo\u0161anas nozare:<\/strong> Roku cilindri tiek izmantoti meh\u0101nisko roku kust\u012bbai automatiz\u0113t\u0101s ra\u017eo\u0161anas l\u012bnij\u0101s, atvieglojot t\u0101dus procesus k\u0101 mont\u0101\u017ea, metin\u0101\u0161ana un apstr\u0101de, uzlabojot ra\u017eo\u0161anas efektivit\u0101ti un precizit\u0101ti.<\/p>\n<p><strong>3. Lauksaimniec\u012bbas tehnika:<\/strong> Lauksaimniec\u012bbas ma\u0161\u012bn\u0101s, piem\u0113ram, kombainos un s\u0113jma\u0161\u012bn\u0101s, sviru cilindri kontrol\u0113 darbin\u0101\u0161anas sviru kust\u012bbu, veicot t\u0101dus uzdevumus k\u0101 s\u0113\u0161ana, m\u0113slo\u0161ana un ra\u017eas nov\u0101k\u0161ana.<\/p>\n<p><strong>4. Kalnr\u016bpniec\u012bba:<\/strong> Kalnr\u016bpniec\u012bbas iek\u0101rtu sviru cilindri kontrol\u0113 sviru kust\u012bbu r\u016bdas ieguvei un transport\u0113\u0161anai.<\/p>\n<p><strong>5. Lo\u0123istika un transports:<\/strong> Iekr\u0101v\u0113jos un apstr\u0101des robotos roku cilindri kontrol\u0113 dak\u0161u pacel\u0161anu un kust\u012bbu, nodro\u0161inot materi\u0101lu apstr\u0101di un sakrau\u0161anu.<\/p>\n<h2>Dizaina apsv\u0113rumi un atlases krit\u0113riji<\/h2>\n<ul>\n<li><strong>Nestsp\u0113ja:<\/strong> Sviras cilindram j\u0101b\u016bt konstru\u0113tam t\u0101, lai tas iztur\u0113tu paredz\u0113to slodzi un dro\u0161i darbotos da\u017e\u0101dos ekspluat\u0101cijas apst\u0101k\u013cos.<\/li>\n<li><strong>Bl\u012bv\u0113jums:<\/strong> J\u0101izmanto da\u017e\u0101di bl\u012bv\u0113\u0161anas elementi, piem\u0113ram, virzu\u013ca bl\u012bvsl\u0113gi \u200b\u200bun stie\u0146u bl\u012bvsl\u0113gi, no nodilumiztur\u012bgiem materi\u0101liem, piem\u0113ram, poliuret\u0101na un nitrilgumijas. Cilindra korpuss un v\u012bt\u0146otie gali ir r\u016bp\u012bgi j\u0101apstr\u0101d\u0101, lai uzlabotu nodilumiztur\u012bbu.<\/li>\n<li><strong>Iztur\u012bba:<\/strong> Sviras cilindram j\u0101b\u016bt izgatavotam no augstas kvalit\u0101tes materi\u0101liem, kas nodro\u0161ina iztur\u012bbu pret nodilumu un koroziju, lai iztur\u0113tu sare\u017e\u0123\u012btus vides apst\u0101k\u013cus.<\/li>\n<li><strong>Dro\u0161\u012bba:<\/strong> Projekt\u0113\u0161an\u0101 j\u0101iek\u013cauj dro\u0161\u012bbas elementi, lai nov\u0113rstu negad\u012bjumus un nodro\u0161in\u0101tu ma\u0161\u012bnas dro\u0161u darb\u012bbu.<\/li>\n<li><strong>Uzturam\u012bba:<\/strong> Projekt\u0113jot j\u0101\u0146em v\u0113r\u0101 apkopes un nomai\u0146as vienk\u0101r\u0161\u012bba, veicinot regul\u0101ras p\u0101rbaudes un samazinot iek\u0101rtu d\u012bkst\u0101ves laiku.<\/li>\n<\/ul>\n<p><img decoding=\"async\" src=\"https:\/\/www.hydraulic-cylinders.net\/wp-content\/uploads\/2025\/01\/songte-cylinder-head-with-all-kinds-excavator-models.webp\"><\/p>\n<h2>Bl\u012bv\u0113\u0161ana un e\u013c\u013co\u0161ana<\/h2>\n<p>Sviras cilindr\u0101 tiek izmantoti da\u017e\u0101di bl\u012bv\u0113\u0161anas komponenti, piem\u0113ram, virzu\u013ca bl\u012bvsl\u0113gi \u200b\u200bun stie\u0146a bl\u012bvsl\u0113gi, kas izgatavoti no nodilumiztur\u012bgiem materi\u0101liem, piem\u0113ram, poliuret\u0101na un nitrila gumijas. Cilindra korpuss un v\u012bt\u0146otie gali tiek r\u016bp\u012bgi apstr\u0101d\u0101ti, lai uzlabotu nodilumiztur\u012bbu. Lai nodro\u0161in\u0101tu vienm\u0113r\u012bgu darb\u012bbu, ir nepiecie\u0161ama regul\u0101ra e\u013c\u013co\u0161ana ar atbilsto\u0161u hidraulisk\u0101s e\u013c\u013cas daudzumu.<\/p>\n<h2>Regul\u0101ra p\u0101rbaude un profilaktisk\u0101 apkope<\/h2>\n<ul>\n<li>Regul\u0101ri p\u0101rbaudiet sviras cilindru, vai nav nodiluma, nopl\u016b\u017eu vai boj\u0101jumu paz\u012bmju.<\/li>\n<li>P\u0101rbaudiet un uzturiet atbilsto\u0161u hidraulisk\u0101s e\u013c\u013cas l\u012bmeni un kvalit\u0101ti.<\/li>\n<li>Pievelciet va\u013c\u012bgos savienojumus un nekav\u0113joties nomainiet boj\u0101t\u0101s bl\u012bves.<\/li>\n<li>Iev\u0113rojiet ra\u017eot\u0101ja nor\u0101d\u012bjumus par apkopes interv\u0101liem un proced\u016br\u0101m.<\/li>\n<li>Uzturiet sviras cilindru t\u012bru un bez gru\u017eiem vai pies\u0101r\u0146ot\u0101jiem.<\/li>\n<\/ul>\n<p><img decoding=\"async\" src=\"https:\/\/www.hydraulic-cylinders.net\/wp-content\/uploads\/2025\/01\/songte-chushion-collar.webp\"><\/p>\n<h2>Produkta uzst\u0101d\u012b\u0161anas rokasgr\u0101mata<\/h2>\n<p>Pareiza sviras cilindra uzst\u0101d\u012b\u0161ana ir b\u016btiska t\u0101 optim\u0101lai darb\u012bbai. Veiciet \u0161\u012bs darb\u012bbas:<\/p>\n<ol>\n<li>P\u0101rliecinieties, ka iek\u0101rta ir izsl\u0113gta un hidrauliskaj\u0101 sist\u0113m\u0101 nav spiediena.<\/li>\n<li>Novietojiet sviras cilindru paredz\u0113taj\u0101 mont\u0101\u017eas viet\u0101.<\/li>\n<li>Dro\u0161i pievienojiet cilindru pie iek\u0101rtas, izmantojot atbilsto\u0161as \u200b\u200bskr\u016bves un veidgabalus.<\/li>\n<li>Lai darb\u012bbas laik\u0101 izvair\u012btos no trauc\u0113jumiem, p\u0101rbaudiet pareizu izl\u012bdzin\u0101jumu un atstarpi.<\/li>\n<li>Divreiz p\u0101rbaudiet visus savienojumus un pievelciet, ja nepiecie\u0161ams.<\/li>\n<li>Pirms regul\u0101ras darb\u012bbas ats\u0101k\u0161anas p\u0101rbaudiet sviras cilindra darb\u012bbu.<\/li>\n<\/ol>\n<p><img decoding=\"async\" src=\"https:\/\/www.hydraulic-cylinders.net\/wp-content\/uploads\/2025\/01\/songte-bushings-with-all-kinds-of-excavator-models.webp\"><\/p>\n<h2>Dro\u0161\u012bbas apsv\u0113rumi un vides faktori<\/h2>\n<p>Izmantojot sviras cilindrus, ir svar\u012bgi priorit\u0101ri piev\u0113rsties dro\u0161\u012bbas pas\u0101kumiem. Pareiza apm\u0101c\u012bba, ekspluat\u0101cijas vadl\u012bniju iev\u0113ro\u0161ana un atbilsto\u0161a dro\u0161\u012bbas apr\u012bkojuma lieto\u0161ana var nov\u0113rst negad\u012bjumus un nodro\u0161in\u0101t dro\u0161u darba vidi. Turkl\u0101t, lai nodro\u0161in\u0101tu videi draudz\u012bgu praksi, ir svar\u012bgi \u0146emt v\u0113r\u0101 t\u0101dus vides faktorus k\u0101 nopl\u016bdes nov\u0113r\u0161ana un atbild\u012bga hidraulisk\u0101 \u0161\u0137idruma utiliz\u0101cija.<\/p>\n<h2>Probl\u0113mu nov\u0113r\u0161ana un bie\u017ei sastopamas probl\u0113mas<\/h2>\n<p>\u0160eit ir da\u017ei iesp\u0113jamie probl\u0113mu nov\u0113r\u0161anas padomi un risin\u0101jumi bie\u017ei sastopam\u0101m sviras cilindra probl\u0113m\u0101m:<\/p>\n<ul>\n<li>1.\u00a0probl\u0113ma: nopl\u016bde\u00a0\u2014 p\u0101rbaudiet, vai nav boj\u0101tu bl\u012bv\u0113jumu, un pievelciet savienojumus. Ja nepiecie\u0161ams, nomainiet nolietotos bl\u012bv\u0113jumus.<\/li>\n<li>2.\u00a0probl\u0113ma: nevienm\u0113r\u012bga vai saraust\u012bta kust\u012bba\u00a0\u2014 p\u0101rbaudiet, vai nav nob\u012bdes vai meh\u0101nisku \u0161\u0137\u0113r\u0161\u013cu. Iee\u013c\u013cojiet kust\u012bg\u0101s da\u013cas un nodro\u0161iniet pareizu hidraulisk\u0101s e\u013c\u013cas pl\u016bsmu un spiedienu.<\/li>\n<li>3.\u00a0probl\u0113ma: P\u0101rm\u0113r\u012bgs karstums\u00a0\u2014 p\u0101rbaudiet pareizu hidraulisk\u0101s e\u013c\u013cas l\u012bmeni un dzes\u0113\u0161anas sist\u0113mas darb\u012bbu. P\u0101rbaudiet, vai nav aizs\u0113r\u0113ju\u0161i filtri vai citi aizsprostojumi.<\/li>\n<li>4.\u00a0probl\u0113ma: trok\u0161\u0146aina darb\u012bba\u00a0\u2014 p\u0101rbaudiet, vai nav va\u013c\u012bgu vai boj\u0101tu deta\u013cu. Nomainiet vai pievelciet, ja nepiecie\u0161ams. Nodro\u0161iniet atbilsto\u0161u e\u013c\u013co\u0161anu.<\/li>\n<\/ul>\n<p>Nekav\u0113joties risinot \u0161\u012bs bie\u017ei sastopam\u0101s probl\u0113mas, las\u012bt\u0101ji var efekt\u012bvi diagnostic\u0113t un risin\u0101t probl\u0113mas, k\u0101 ar\u012b \u012bstenot prevent\u012bvus pas\u0101kumus, lai samazin\u0101tu potenci\u0101l\u0101s probl\u0113mas.<\/p>\n<p><img decoding=\"async\" src=\"https:\/\/www.hydraulic-cylinders.net\/wp-content\/uploads\/2025\/01\/songte-chushion-collar.webp\"><\/p>\n<p>Autors: lil<\/p>\n<h2>Par m\u016bsu uz\u0146\u0113mumu<\/h2>\n<p>M\u0113s esam profesion\u0101ls rezerves hidraulisko cilindru ra\u017eot\u0101js, kas pied\u0101v\u0101 pla\u0161u produktu kl\u0101stu. Esam k\u013cuvu\u0161i par vienu no vado\u0161ajiem hidraulisko cilindru ra\u017eot\u0101jiem un vairumtirgot\u0101jiem viet\u0113j\u0101 un starptautiskaj\u0101 tirg\u016b. M\u0113s iev\u0113rojam izcil\u012bbas principu, nep\u0101rtraukti uzlabojot savu tehnisko kompetenci un ra\u017eo\u0161anas efektivit\u0101ti, izmantojot prec\u012bzi noregul\u0113tus ra\u017eo\u0161anas procesus. Izmantojot modern\u0101k\u0101s digit\u0101l\u0101s ra\u017eo\u0161anas iek\u0101rtas un profesion\u0101l\u0101s test\u0113\u0161anas sist\u0113mas, m\u0113s optimiz\u0113jam savu ra\u017eo\u0161anas platformu un uzlabojam produktu kvalit\u0101tes kontroles procesus, demonstr\u0113jot sp\u0113c\u012bgas inov\u0101ciju sp\u0113jas. M\u016bsu m\u0113r\u0137is ir apmierin\u0101t da\u017e\u0101das klientu vajadz\u012bbas ar efektivit\u0101ti, precizit\u0101ti un augstas kvalit\u0101tes produktiem.<\/p>\n<p><img decoding=\"async\" src=\"https:\/\/www.hydraulic-cylinders.net\/wp-content\/uploads\/2025\/01\/songte-company-4.webp\"><br \/>\n<img decoding=\"async\" src=\"https:\/\/www.hydraulic-cylinders.net\/wp-content\/uploads\/2025\/01\/songte-company-3.webp\"><\/p>\n<p>M\u016bsu uz\u0146\u0113mums izce\u013cas ar:<\/p>\n<ul>\n<li><strong>Ekspert\u012bze:<\/strong> M\u016bsu komand\u0101 ir profesion\u0101\u013ci ar pieredzi hidraulisko cilindru ra\u017eo\u0161an\u0101 un projekt\u0113\u0161an\u0101.<\/li>\n<li><strong>Starptautisk\u0101s sertifik\u0101cijas:<\/strong> M\u016bsu produkti atbilst stingriem starptautiskajiem kvalit\u0101tes un dro\u0161\u012bbas standartiem.<\/li>\n<li><strong>Piel\u0101go\u0161anas pakalpojumi:<\/strong> M\u0113s pied\u0101v\u0101jam piel\u0101gotus risin\u0101jumus, lai apmierin\u0101tu \u012bpa\u0161as klientu pras\u012bbas.<\/li>\n<li><strong>Uzlabots ra\u017eo\u0161anas apr\u012bkojums:<\/strong> M\u016bsu ra\u017eotne ir apr\u012bkota ar augst\u0101k\u0101s klases digit\u0101laj\u0101m iek\u0101rt\u0101m.<\/li>","protected":false},"excerpt":{"rendered":"<p>Arm Cylinder for Kobelco Large Excavator SK4608 Product Definition The arm cylinder is a specially designed hydraulic cylinder that provides linear motion and power to the arm of various machinery, such as excavators, cranes, and mechanical arms. It plays a crucial role in hydraulic systems, enabling the effective movement and control of attachments or accessories. [&hellip;]<\/p>","protected":false},"featured_media":14772,"comment_status":"open","ping_status":"closed","template":"","meta":{"_et_pb_use_builder":"","_et_pb_old_content":"","_et_gb_content_width":""},"product_brand":[],"product_cat":[1497],"product_tag":[1498,1496],"class_list":{"0":"post-16300","1":"product","2":"type-product","3":"status-publish","4":"has-post-thumbnail","6":"product_cat-arm-cylinders","7":"product_tag-arm-cylinders","8":"product_tag-hydraulic-cylinders","10":"first","11":"instock","12":"shipping-taxable","13":"product-type-simple"},"amp_enabled":true,"_links":{"self":[{"href":"https:\/\/www.hydraulic-cylinders.net\/lv\/wp-json\/wp\/v2\/product\/16300","targetHints":{"allow":["GET"]}}],"collection":[{"href":"https:\/\/www.hydraulic-cylinders.net\/lv\/wp-json\/wp\/v2\/product"}],"about":[{"href":"https:\/\/www.hydraulic-cylinders.net\/lv\/wp-json\/wp\/v2\/types\/product"}],"replies":[{"embeddable":true,"href":"https:\/\/www.hydraulic-cylinders.net\/lv\/wp-json\/wp\/v2\/comments?post=16300"}],"wp:featuredmedia":[{"embeddable":true,"href":"https:\/\/www.hydraulic-cylinders.net\/lv\/wp-json\/wp\/v2\/media\/14772"}],"wp:attachment":[{"href":"https:\/\/www.hydraulic-cylinders.net\/lv\/wp-json\/wp\/v2\/media?parent=16300"}],"wp:term":[{"taxonomy":"product_brand","embeddable":true,"href":"https:\/\/www.hydraulic-cylinders.net\/lv\/wp-json\/wp\/v2\/product_brand?post=16300"},{"taxonomy":"product_cat","embeddable":true,"href":"https:\/\/www.hydraulic-cylinders.net\/lv\/wp-json\/wp\/v2\/product_cat?post=16300"},{"taxonomy":"product_tag","embeddable":true,"href":"https:\/\/www.hydraulic-cylinders.net\/lv\/wp-json\/wp\/v2\/product_tag?post=16300"}],"curies":[{"name":"wp","href":"https:\/\/api.w.org\/{rel}","templated":true}]}}