{"id":16303,"date":"2025-01-20T09:03:58","date_gmt":"2025-01-20T09:03:58","guid":{"rendered":"https:\/\/www.hydraulic-cylinders.net\/product\/arm-cylinderfor-yugong-wy15-7\/"},"modified":"2025-01-20T09:04:00","modified_gmt":"2025-01-20T09:04:00","slug":"arm-cylinderfor-yugong-wy15-7","status":"publish","type":"product","link":"https:\/\/www.hydraulic-cylinders.net\/lv\/products\/arm-cylinderfor-yugong-wy15-7\/","title":{"rendered":"Sviras cilindrs Yugong WY15-7"},"content":{"rendered":"<p>Sviras cilindrs Yugong WY15-7<\/p>\n<p>Sviras cilindrs ir specializ\u0113ts hidrauliskais cilindrs, kas paredz\u0113ts, lai nodro\u0161in\u0101tu line\u0101ru kust\u012bbu un jaudu da\u017e\u0101du veidu ma\u0161\u012bnu, piem\u0113ram, ekskavatoru, celt\u0146u un robotiz\u0113tu roku, svir\u0101m. Tam ir iz\u0161\u0137iro\u0161a noz\u012bme hidrauliskaj\u0101s sist\u0113m\u0101s, nodro\u0161inot efekt\u012bvu papildu instrumentu vai stiprin\u0101jumu p\u0101rvieto\u0161anu un vad\u012bbu. \u0160ie cilindri ne tikai nodro\u0161ina vienm\u0113r\u012bgu kust\u012bbu, bet ar\u012b iztur lielas slodzes, nodro\u0161inot ma\u0161\u012bnu efekt\u012bvu darb\u012bbu un uzticam\u012bbu da\u017e\u0101dos darba apst\u0101k\u013cos.<\/p>\n<p><img decoding=\"async\" src=\"https:\/\/www.hydraulic-cylinders.net\/wp-content\/uploads\/2025\/01\/songte-company-2.webp\"><\/p>\n<p>Funkcijas:<\/p>\n<p>1. Augstas efektivit\u0101tes transmisija: Sviras cilindrs nodro\u0161ina jaud\u012bgu line\u0101ru kust\u012bbu un sp\u0113ku, garant\u0113jot meh\u0101nisk\u0101s sviras augstu efektivit\u0101ti da\u017e\u0101d\u0101s darb\u012bb\u0101s.<\/p>\n<p>2. Prec\u012bza vad\u012bba: Izmantojot hidraulisko sist\u0113mu, rokas cilindrs var pan\u0101kt prec\u012bzu kust\u012bbas vad\u012bbu, padarot papildu instrumentu darb\u012bbu elast\u012bg\u0101ku un prec\u012bz\u0101ku.<\/p>\n<p>3. Sp\u0113c\u012bga iztur\u012bba: Roku cilindri parasti ir izgatavoti no augstas iztur\u012bbas materi\u0101liem, ar labu nodilumiztur\u012bbu un korozijas iztur\u012bbu, kas ir piem\u0113roti ilgsto\u0161ai lieto\u0161anai skarbos apst\u0101k\u013cos.<\/p>\n<p>4. Daudzpus\u012bga piel\u0101go\u0161an\u0101s sp\u0113ja: \u0161os cilindrus var pla\u0161i izmantot da\u017e\u0101d\u0101s meh\u0101nisk\u0101s iek\u0101rt\u0101s, piem\u0113ram, ekskavatoros, celt\u0146os un robotiz\u0113t\u0101s rok\u0101s, piel\u0101gojoties da\u017e\u0101d\u0101m darba pras\u012bb\u0101m.<\/p>\n<p>5. Vienk\u0101r\u0161a apkope: Projekt\u0113jot \u0146emta v\u0113r\u0101 apkopes un nomai\u0146as vienk\u0101r\u0161\u012bba, padarot regul\u0101ras p\u0101rbaudes un apkopi \u0113rt\u0101ku un samazinot iek\u0101rtu d\u012bkst\u0101ves laiku.<\/p>\n<p>M\u0113s varam ra\u017eot \u0161o produktu, un m\u016bsu produkti var lieliski aizst\u0101t \u0161os hidrauliskos cilindrus.<\/p>\n<p><img decoding=\"async\" src=\"https:\/\/www.hydraulic-cylinders.net\/wp-content\/uploads\/2025\/01\/songte-oil-pipes-and-spare-parts.webp\"><\/p>\n<p>Lietojumi:<\/p>\n<p>1. B\u016bvniec\u012bbas in\u017eenierija: Ekskavatoros un celt\u0146os sviras cilindrs tiek izmantots, lai vad\u012btu l\u0101pstas vai str\u0113les kust\u012bbu, veiktu zemes darbus, materi\u0101lu apstr\u0101di un konstrukciju uzst\u0101d\u012b\u0161anu.<\/p>\n<p>2. Ra\u017eo\u0161ana: Automatiz\u0113t\u0101s ra\u017eo\u0161anas l\u012bnij\u0101s rokas cilindrs tiek izmantots robotiz\u0113tu roku p\u0101rvieto\u0161anai, mont\u0101\u017eas, metin\u0101\u0161anas un apstr\u0101des procesu veik\u0161anai, uzlabojot ra\u017eo\u0161anas efektivit\u0101ti un precizit\u0101ti.<\/p>\n<p>3. Lauksaimniec\u012bbas tehnika: Lauksaimniec\u012bbas tehnik\u0101, piem\u0113ram, kombainos un s\u0113jma\u0161\u012bn\u0101s, sviras cilindrs kontrol\u0113 vad\u012bbas sviras kust\u012bbu, veicot t\u0101dus uzdevumus k\u0101 s\u0113\u0161ana, m\u0113slo\u0161ana un ra\u017eas nov\u0101k\u0161ana.<\/p>\n<p>4. Kalnr\u016bpniec\u012bba: Kalnr\u016bpniec\u012bbas iek\u0101rt\u0101s rokas cilindru izmanto, lai kontrol\u0113tu kalnr\u016bpniec\u012bbas iek\u0101rtu rokas kust\u012bbu, veicot r\u016bdas ieguvi un apstr\u0101di.<\/p>\n<p>5. Lo\u0123istika un transport\u0113\u0161ana: Iekr\u0101v\u0113jos un apstr\u0101des robotos rokas cilindrs tiek izmantots, lai kontrol\u0113tu kravas dak\u0161as pacel\u0161anu un kust\u012bbu, nodro\u0161inot materi\u0101lu apstr\u0101di un sakrau\u0161anu.<\/p>\n<p>Dizaina apsv\u0113rumi un atlases krit\u0113riji:<\/p>\n<p>1. Nestsp\u0113ja: Sviras cilindri j\u0101izv\u0113las, pamatojoties uz tehnikas maksim\u0101lo celtsp\u0113ju.<\/p>\n<p>2. Bl\u012bv\u0113juma veiktsp\u0113ja: Lai nodro\u0161in\u0101tu labu bl\u012bv\u0113juma veiktsp\u0113ju, j\u0101izmanto da\u017e\u0101di bl\u012bv\u0113juma komponenti, piem\u0113ram, virzu\u013ca bl\u012bv\u0113jumi un stie\u0146a bl\u012bv\u0113jumi, un bl\u012bv\u0113jumiem j\u0101izv\u0113las nodilumiztur\u012bgi materi\u0101li, piem\u0113ram, poliuret\u0101ns un nitrilgumija.<\/p>\n<p>3. Iztur\u012bba: Cilindra korpusam un v\u012bt\u0146otaj\u0101m gala virsm\u0101m j\u0101b\u016bt smalki apstr\u0101d\u0101t\u0101m, lai uzlabotu nodilumiztur\u012bbu.<\/p>\n<p>4. Dro\u0161\u012bba: Lai nov\u0113rstu p\u0101rslodzes vai trieciena izrais\u012btus negad\u012bjumus, j\u0101uzst\u0101da dro\u0161\u012bbas ier\u012bces, piem\u0113ram, dro\u0161\u012bbas v\u0101rsti un buferi.<\/p>\n<p>5. Apkope: Projekt\u0113jot j\u0101\u0146em v\u0113r\u0101 vienk\u0101r\u0161a apkope un nomai\u0146a, un cilindrs j\u0101piepilda ar atbilsto\u0161u hidraulisk\u0101s e\u013c\u013cas daudzumu e\u013c\u013co\u0161anai saska\u0146\u0101 ar ra\u017eot\u0101ja nor\u0101d\u012bjumiem.<\/p>\n<p><img decoding=\"async\" src=\"https:\/\/www.hydraulic-cylinders.net\/wp-content\/uploads\/2025\/01\/songte-cylinder-head-with-all-kinds-excavator-models.webp\"><\/p>\n<p>Regul\u0101ra p\u0101rbaude un profilaktisk\u0101 apkope:<\/p>\n<p>1. Regul\u0101ri p\u0101rbaudiet cilindra bl\u012bv\u0113juma veiktsp\u0113ju un, ja nepiecie\u0161ams, savlaic\u012bgi nomainiet bl\u012bv\u0113juma komponentus.<\/p>\n<p>2. Regul\u0101ri p\u0101rbaudiet cilindra korpusa un virzu\u013ca stie\u0146a nodilumu un, ja nepiecie\u0161ams, nomainiet tos.<\/p>\n<p>3. Regul\u0101ri p\u0101rbaudiet hidraulisk\u0101s e\u013c\u013cas l\u012bmeni un kvalit\u0101ti un, ja nepiecie\u0161ams, nomainiet vai papildiniet e\u013c\u013cu.<\/p>\n<p>4. Regul\u0101ri p\u0101rbaudiet dro\u0161\u012bbas ier\u012bces, lai p\u0101rliecin\u0101tos, ka t\u0101s darbojas pareizi.<\/p>\n<p>5. Regul\u0101ri t\u012briet cilindru un apk\u0101rt\u0113jo vidi, lai nov\u0113rstu pies\u0101r\u0146ojumu.<\/p>\n<p>Pareiza uzst\u0101d\u012b\u0161anas rokasgr\u0101mata:<\/p>\n<p>1. Izv\u0113lieties atbilsto\u0161o cilindru un atbilsto\u0161os piederumus atbilsto\u0161i iek\u0101rtas slodzes pras\u012bb\u0101m un uzst\u0101d\u012b\u0161anas apst\u0101k\u013ciem.<\/p>\n<p>2. Pievienojiet cilindru hidrauliskajai sist\u0113mai saska\u0146\u0101 ar ra\u017eot\u0101ja nor\u0101d\u012bjumiem un p\u0101rliecinieties, vai cauru\u013cvads ir pareizi uzst\u0101d\u012bts.<\/p>\n<p>3. Uzst\u0101diet cilindru un piederumus saska\u0146\u0101 ar ra\u017eot\u0101ja nor\u0101d\u012bjumiem.<\/p>\n<p>4. Pirms lieto\u0161anas p\u0101rliecinieties, vai cilindrs darbojas pareizi.<\/p>\n<p><img decoding=\"async\" src=\"https:\/\/www.hydraulic-cylinders.net\/wp-content\/uploads\/2025\/01\/songte-bushings-with-all-kinds-of-excavator-models.webp\"><\/p>\n<p>Dro\u0161\u012bbas apsv\u0113rumi un vides faktori:<\/p>\n<p>1. Dro\u0161\u012bba ir b\u016btiska, lietojot rokas cilindrus, un dro\u0161\u012bbas noteikumu iev\u0113ro\u0161ana ir nepiecie\u0161ama, lai nov\u0113rstu negad\u012bjumus.<\/p>\n<p>2. Izv\u0113loties materi\u0101lus balonam, j\u0101\u0146em v\u0113r\u0101 t\u0101di vides faktori k\u0101 temperat\u016bra, mitrums un \u0137\u012bmisk\u0101 erozija.<\/p>\n<p>K\u013c\u016bmju diagnostika un bie\u017e\u0101k sastopam\u0101s probl\u0113mas:<\/p>\n<p>1. Cilindra nopl\u016bde: bl\u012bv\u0113juma komponenti ir nodilu\u0161i vai boj\u0101ti, vai ar\u012b cilindra korpuss ir boj\u0101ts.<\/p>\n<p>2. Nepietiekams sp\u0113ks vai kust\u012bba: nepietiekams hidrauliskais spiediens, boj\u0101ts virzu\u013ca stienis vai nepietiekama e\u013c\u013co\u0161ana.<\/p>\n<p>3. Neparasts troksnis: Va\u013c\u012bgs cilindra vai piederumu savienojums vai boj\u0101jums, nepietiekama e\u013c\u013co\u0161ana vai hidraulisk\u0101 s\u016bk\u0146a boj\u0101jums.<\/p>\n<p>4. L\u0113na kust\u012bba: nepietiekams hidrauliskais spiediens, aizsprostots cauru\u013cvads vai boj\u0101ts virzu\u013ca stienis.<\/p>\n<p>5. Cilindra vibr\u0101cija: Va\u013c\u012bgs cilindra vai piederumu savienojums vai boj\u0101jums, vai nel\u012bdzsvarota slodze.<\/p>\n<p>Boj\u0101jumu apstr\u0101des un nov\u0113r\u0161anas pas\u0101kumi:<\/p>\n<p>1. Savlaic\u012bgi nomainiet nolietot\u0101s vai boj\u0101t\u0101s bl\u012bv\u0113juma deta\u013cas.<\/p>\n<p>2. P\u0101rbaudiet un noregul\u0113jiet hidraulisko spiedienu, lai p\u0101rliecin\u0101tos, ka tas atbilst pras\u012bb\u0101m.<\/p>\n<p>3. Laic\u012bgi nomainiet vai salabojiet boj\u0101t\u0101s deta\u013cas.<\/p>\n<p>4. Regul\u0101ri pievienojiet atbilsto\u0161u hidraulisk\u0101s e\u013c\u013cas daudzumu saska\u0146\u0101 ar ra\u017eot\u0101ja nor\u0101d\u012bjumiem.<\/p>\n<p>5. Regul\u0101ri p\u0101rbaudiet un apkopiet balonu un piederumus, lai izvair\u012btos no iesp\u0113jam\u0101m probl\u0113m\u0101m.<\/p>\n<p>M\u0113s esam profesion\u0101ls rezerves hidraulisko cilindru ra\u017eot\u0101js ar pla\u0161u produktu kl\u0101stu un esam k\u013cuvu\u0161i par vienu no vado\u0161ajiem hidraulisko cilindru ra\u017eot\u0101jiem un vairumtirdzniec\u012bbas izplat\u012bt\u0101jiem viet\u0113j\u0101 un starptautiskaj\u0101 tirg\u016b. M\u0113s vienm\u0113r iev\u0113rojam izcilas kvalit\u0101tes principu, pa\u013caujamies uz izsmalcin\u0101tas ra\u017eo\u0161anas darbn\u012bcas r\u016bpniecisk\u0101s ra\u017eo\u0161anas vad\u012bbas strat\u0113\u0123iju un nep\u0101rtraukti uzlabojam savas tehnolo\u0123ijas un ra\u017eo\u0161anas efektivit\u0101ti. Ievie\u0161ot augstas klases digit\u0101l\u0101s ra\u017eo\u0161anas iek\u0101rtas un profesion\u0101las test\u0113\u0161anas sist\u0113mas, m\u0113s optimiz\u0113jam ra\u017eo\u0161anas platformu un uzlabojam produktu kvalit\u0101tes kontroles procesus, apveltot sp\u0113c\u012bgas inov\u0101ciju sp\u0113jas. M\u016bsu m\u0113r\u0137is ir apmierin\u0101t klientu da\u017e\u0101d\u0101s vajadz\u012bbas, iev\u0113rojot augstas efektivit\u0101tes, precizit\u0101tes un augstas kvalit\u0101tes principus.<\/p>\n<p>S\u0101kot ar profesionalit\u0101ti, starptautisko sertifik\u0101ciju, piel\u0101gotiem pakalpojumiem, ra\u017eo\u0161anas iek\u0101rt\u0101m, p\u0113cp\u0101rdo\u0161anas apkalpo\u0161anu utt., m\u0113s varam sniegt detaliz\u0113t\u0101ku inform\u0101ciju par m\u016bsu uz\u0146\u0113mumu.<\/p>\n<p><img decoding=\"async\" src=\"https:\/\/www.hydraulic-cylinders.net\/wp-content\/uploads\/2025\/01\/songte-company-4.webp\"><br \/>\n<img decoding=\"async\" src=\"https:\/\/www.hydraulic-cylinders.net\/wp-content\/uploads\/2025\/01\/songte-company-3.webp\"><\/p>\n<p>Autors: Lails.<\/p>","protected":false},"excerpt":{"rendered":"<p>Arm Cylinder For Yugong WY15-7 Arm cylinder is a specialized hydraulic cylinder designed to provide linear motion and power to the arms of various types of machinery such as excavators, cranes, and robotic arms. It plays a crucial role in hydraulic systems, enabling the effective movement and control of additional tools or attachments. These cylinders [&hellip;]<\/p>","protected":false},"featured_media":14763,"comment_status":"open","ping_status":"closed","template":"","meta":{"_et_pb_use_builder":"","_et_pb_old_content":"","_et_gb_content_width":""},"product_brand":[],"product_cat":[1497],"product_tag":[1498,1496],"class_list":{"0":"post-16303","1":"product","2":"type-product","3":"status-publish","4":"has-post-thumbnail","6":"product_cat-arm-cylinders","7":"product_tag-arm-cylinders","8":"product_tag-hydraulic-cylinders","10":"first","11":"instock","12":"shipping-taxable","13":"product-type-simple"},"amp_enabled":true,"_links":{"self":[{"href":"https:\/\/www.hydraulic-cylinders.net\/lv\/wp-json\/wp\/v2\/product\/16303","targetHints":{"allow":["GET"]}}],"collection":[{"href":"https:\/\/www.hydraulic-cylinders.net\/lv\/wp-json\/wp\/v2\/product"}],"about":[{"href":"https:\/\/www.hydraulic-cylinders.net\/lv\/wp-json\/wp\/v2\/types\/product"}],"replies":[{"embeddable":true,"href":"https:\/\/www.hydraulic-cylinders.net\/lv\/wp-json\/wp\/v2\/comments?post=16303"}],"wp:featuredmedia":[{"embeddable":true,"href":"https:\/\/www.hydraulic-cylinders.net\/lv\/wp-json\/wp\/v2\/media\/14763"}],"wp:attachment":[{"href":"https:\/\/www.hydraulic-cylinders.net\/lv\/wp-json\/wp\/v2\/media?parent=16303"}],"wp:term":[{"taxonomy":"product_brand","embeddable":true,"href":"https:\/\/www.hydraulic-cylinders.net\/lv\/wp-json\/wp\/v2\/product_brand?post=16303"},{"taxonomy":"product_cat","embeddable":true,"href":"https:\/\/www.hydraulic-cylinders.net\/lv\/wp-json\/wp\/v2\/product_cat?post=16303"},{"taxonomy":"product_tag","embeddable":true,"href":"https:\/\/www.hydraulic-cylinders.net\/lv\/wp-json\/wp\/v2\/product_tag?post=16303"}],"curies":[{"name":"wp","href":"https:\/\/api.w.org\/{rel}","templated":true}]}}