{"id":16307,"date":"2025-01-20T09:04:16","date_gmt":"2025-01-20T09:04:16","guid":{"rendered":"https:\/\/www.hydraulic-cylinders.net\/product\/arm-cylinderfor-grand-cme65-9\/"},"modified":"2025-01-20T09:04:18","modified_gmt":"2025-01-20T09:04:18","slug":"arm-cylinderfor-grand-cme65-9","status":"publish","type":"product","link":"https:\/\/www.hydraulic-cylinders.net\/lv\/products\/arm-cylinderfor-grand-cme65-9\/","title":{"rendered":"Sviras cilindrs Grand CME65-9"},"content":{"rendered":"<p>Grand CME65-9 sviras cilindrs: defin\u012bcija un skaidrojums<\/p>\n<p>Sviras cilindrs ir specializ\u0113ta hidraulisk\u0101 cilindra veids, ko galvenok\u0101rt izmanto, lai nodro\u0161in\u0101tu line\u0101ru kust\u012bbu un jaudu da\u017e\u0101du veidu ma\u0161\u012bnu, piem\u0113ram, ekskavatoru, celt\u0146u un meh\u0101nisko sviru, svir\u0101m. Sviras cilindriem ir galven\u0101 loma hidrauliskaj\u0101s sist\u0113m\u0101s, nodro\u0161inot efekt\u012bvu papildu instrumentu vai stiprin\u0101jumu kust\u012bbu un vad\u012bbu. \u0160ie cilindri ne tikai nodro\u0161ina vienm\u0113r\u012bgu kust\u012bbu, bet ar\u012b iztur lielas slodzes, nodro\u0161inot ma\u0161\u012bnu efekt\u012bvu darb\u012bbu un uzticam\u012bbu da\u017e\u0101dos darba apst\u0101k\u013cos.<\/p>\n<p>Sviru cilindri parasti ir izgatavoti no augstas iztur\u012bbas materi\u0101liem un tiem ir laba nodilumiztur\u012bba un iztur\u012bba pret koroziju, padarot tos piem\u0113rotus ilgsto\u0161ai lieto\u0161anai skarbos apst\u0101k\u013cos. Tie ir daudzpus\u012bgi un tos var pla\u0161i izmantot da\u017e\u0101da veida ma\u0161\u012bn\u0101s, piel\u0101gojoties da\u017e\u0101d\u0101m darba vajadz\u012bb\u0101m. Turkl\u0101t tie ir paredz\u0113ti vienk\u0101r\u0161ai apkopei un nomai\u0146ai, padarot regul\u0101ru p\u0101rbaudi un apkopi \u0113rt\u0101ku un samazinot iek\u0101rtu d\u012bkst\u0101ves laiku.<\/p>\n<p>Grand CME65-9 sviras cilindra \u012bpa\u0161\u012bbas<\/p>\n<p>1. Augstas efektivit\u0101tes transmisija: Sviras cilindrs nodro\u0161ina jaud\u012bgu line\u0101ru kust\u012bbu un sp\u0113ku, garant\u0113jot meh\u0101nisko sviru augstu efektivit\u0101ti da\u017e\u0101d\u0101s darb\u012bb\u0101s.<\/p>\n<p>2. Prec\u012bza vad\u012bba: Izmantojot hidraulisko sist\u0113mu, rokas cilindrs var pan\u0101kt prec\u012bzu kust\u012bbas vad\u012bbu, padarot papildu instrumentu darb\u012bbu elast\u012bg\u0101ku un prec\u012bz\u0101ku.<\/p>\n<p>3. Iztur\u012bba: Sviru cilindri parasti ir izgatavoti no augstas stipr\u012bbas materi\u0101liem, ar labu nodilumiztur\u012bbu un iztur\u012bbu pret koroziju, padarot tos piem\u0113rotus ilgsto\u0161ai lieto\u0161anai skarbos apst\u0101k\u013cos.<\/p>\n<p>4. Daudzfunkcion\u0101la piel\u0101go\u0161an\u0101s sp\u0113ja: \u0161os cilindrus var pla\u0161i izmantot da\u017e\u0101da veida ma\u0161\u012bn\u0101s, piem\u0113ram, ekskavatoros, celt\u0146os un meh\u0101niskaj\u0101s svir\u0101s, piel\u0101gojoties da\u017e\u0101d\u0101m darba vajadz\u012bb\u0101m.<\/p>\n<p>5. Vienk\u0101r\u0161a apkope: Sviru cilindru konstrukcija ir veidota t\u0101, lai tos b\u016btu viegli apkopt un nomain\u012bt, padarot regul\u0101ru p\u0101rbaudi un apkopi \u0113rt\u0101ku un samazinot iek\u0101rtu d\u012bkst\u0101ves laiku.<\/p>\n<p>M\u016bsu rokas cilindrs Grand CME65-9 modelim<\/p>\n<p>M\u016bsu produkts var lieliski aizst\u0101t \u0161os hidrauliskos cilindrus. M\u0113s esam profesion\u0101ls rezerves hidraulisko cilindru ra\u017eot\u0101js ar pla\u0161u produktu kl\u0101stu un k\u013c\u016bstam par vienu no vado\u0161ajiem hidraulisko cilindru ra\u017eot\u0101jiem un vairumtirgot\u0101jiem viet\u0113j\u0101 un \u0101rvalstu tirgos. M\u0113s vienm\u0113r iev\u0113rojam izcilas kvalit\u0101tes principu, pa\u013caujoties uz smalku ra\u017eo\u0161anas darbn\u012bcu industrializ\u0113taj\u0101m ra\u017eo\u0161anas vad\u012bbas strat\u0113\u0123ij\u0101m, nep\u0101rtraukti uzlabojot tehnolo\u0123ijas un ra\u017eo\u0161anas efektivit\u0101ti. Ievie\u0161ot augstas klases digit\u0101l\u0101s ra\u017eo\u0161anas iek\u0101rtas un profesion\u0101las test\u0113\u0161anas sist\u0113mas, m\u0113s nep\u0101rtraukti optimiz\u0113jam ra\u017eo\u0161anas platformu, uzlabojam produktu kvalit\u0101tes kontroles procesu un mums ir sp\u0113c\u012bgas inov\u0101ciju iesp\u0113jas. M\u016bsu m\u0113r\u0137is ir apmierin\u0101t klientu da\u017e\u0101d\u0101s vajadz\u012bbas, iev\u0113rojot augstas efektivit\u0101tes, precizit\u0101tes un augstas kvalit\u0101tes principus.<\/p>\n<p>Sviras cilindra pielietojums Grand CME65-9<\/p>\n<p>1. B\u016bvniec\u012bbas in\u017eenierija: Ekskavatoros un celt\u0146os str\u0113les cilindri tiek izmantoti, lai kontrol\u0113tu kausu vai str\u0113les kust\u012bbu zemes p\u0101rvieto\u0161anas, materi\u0101lu apstr\u0101des un konstrukciju uzst\u0101d\u012b\u0161anas darbos.<\/p>\n<p>2. Ra\u017eo\u0161anas nozare: Automatiz\u0113t\u0101s ra\u017eo\u0161anas l\u012bnij\u0101s roku cilindri tiek izmantoti meh\u0101nisko roku p\u0101rvieto\u0161anai, piem\u0113ram, mont\u0101\u017eai, metin\u0101\u0161anai un apstr\u0101dei, lai uzlabotu ra\u017eo\u0161anas efektivit\u0101ti un precizit\u0101ti.<\/p>\n<p>3. Lauksaimniec\u012bbas tehnika: Lauksaimniec\u012bbas tehnik\u0101, piem\u0113ram, kombainos un s\u0113jma\u0161\u012bn\u0101s, sviru cilindri kontrol\u0113 vad\u012bbas sviru kust\u012bbu t\u0101diem uzdevumiem k\u0101 s\u0113\u0161ana, m\u0113slo\u0161ana un ra\u017eas nov\u0101k\u0161ana.<\/p>\n<p>4. Kalnr\u016bpniec\u012bba: Kalnr\u016bpniec\u012bbas iek\u0101rt\u0101s sviru cilindrus izmanto, lai kontrol\u0113tu kalnr\u016bpniec\u012bbas iek\u0101rtu sviru kust\u012bbu r\u016bdu ieguvei un apstr\u0101dei.<\/p>\n<p>5. Lo\u0123istika un transport\u0113\u0161ana: Iekr\u0101v\u0113jos un apstr\u0101des robotos roku cilindri tiek izmantoti, lai kontrol\u0113tu dak\u0161u pacel\u0161anu un kust\u012bbu, realiz\u0113jot materi\u0101lu apstr\u0101di un sakrau\u0161anu.<\/p>\n<p>Grand CME65-9 sviras cilindra projekt\u0113\u0161anas apsv\u0113rumi un izv\u0113les krit\u0113riji<\/p>\n<p>1. Nestsp\u0113ja: Sviras cilindram j\u0101sp\u0113j iztur\u0113t tam paredz\u0113t\u0101s slodzes, nodro\u0161inot dro\u0161u un stabilu darb\u012bbu.<\/p>\n<p>2. Bl\u012bv\u0113juma veiktsp\u0113ja: Sviras cilindram j\u0101b\u016bt ar labu bl\u012bv\u0113juma veiktsp\u0113ju, lai nov\u0113rstu \u0161\u0137idruma nopl\u016bdi, samazin\u0101tu ener\u0123ijas zudumus un nodro\u0161in\u0101tu hidraulisk\u0101s sist\u0113mas stabilit\u0101ti.<\/p>\n<p>3. Iztur\u012bba: Sviras cilindram j\u0101b\u016bt iztur\u012bgam un notur\u012bgam pret nodilumu un koroziju, nodro\u0161inot ilgsto\u0161u lieto\u0161anu skarbos apst\u0101k\u013cos.<\/p>\n<p>4. Dro\u0161\u012bba: Sviras cilindram j\u0101atbilst dro\u0161\u012bbas standartiem un tam j\u0101b\u016bt apr\u012bkotam ar dro\u0161\u012bbas funkcij\u0101m, lai darb\u012bbas laik\u0101 aizsarg\u0101tu cilv\u0113kus un ma\u0161\u012bnas no boj\u0101jumiem.<\/p>\n<p>5. Apkope: Sviras cilindram j\u0101b\u016bt konstru\u0113tam t\u0101, lai to b\u016btu viegli apkopt un nomain\u012bt, t\u0101d\u0113j\u0101di samazinot iek\u0101rtu d\u012bkst\u0101ves laiku.<\/p>\n<p>Grand CME65-9 sviras cilindra bl\u012bv\u0113\u0161ana un e\u013c\u013co\u0161ana<\/p>\n<p>Sviras cilindr\u0101 tiek izmantoti da\u017e\u0101di bl\u012bv\u0113\u0161anas komponenti, piem\u0113ram, virzu\u013ca bl\u012bvsl\u0113gi \u200b\u200bun stie\u0146a bl\u012bvsl\u0113gi, kas izgatavoti no nodilumiztur\u012bgiem materi\u0101liem, piem\u0113ram, poliuret\u0101na un nitrila gumijas. Cilindra korpuss un v\u012btnes gala virsma ir smalki apstr\u0101d\u0101ta, lai uzlabotu nodilumiztur\u012bbu. Lai saglab\u0101tu hidraulisk\u0101s sist\u0113mas stabilit\u0101ti un iztur\u012bbu, ir nepiecie\u0161ams regul\u0101ri pievienot atbilsto\u0161u hidraulisko e\u013c\u013cu e\u013c\u013co\u0161anai.<\/p>\n<p>Regul\u0101ras p\u0101rbaudes un profilaktisk\u0101s apkopes pas\u0101kumi Grand CME65-9 sviras cilindram<\/p>\n<p>1. Regul\u0101ra sviras cilindra p\u0101rbaude, tostarp \u0161\u0137idruma nopl\u016b\u017eu, nodiluma un bl\u012bv\u0113juma komponentu un citu deta\u013cu boj\u0101jumu p\u0101rbaude.<\/p>\n<p>2. Regul\u0101ra nodilu\u0161o vai boj\u0101to deta\u013cu nomai\u0146a, lai nodro\u0161in\u0101tu norm\u0101lu hidraulisk\u0101s sist\u0113mas darb\u012bbu.<\/p>\n<p>3. Hidraulisk\u0101s sist\u0113mas t\u012br\u012b\u0161ana un apkope, lai nov\u0113rstu pies\u0101r\u0146ojumu un citus faktorus, kas ietekm\u0113 sist\u0113mas stabilit\u0101ti un iztur\u012bbu.<\/p>\n<p>4. Regul\u0101ra sviras cilindra e\u013c\u013co\u0161ana, lai uztur\u0113tu t\u0101 veiktsp\u0113ju un izvair\u012btos no boj\u0101jumiem.<\/p>\n<p>5. Regul\u0101ra citu hidraulisko komponentu p\u0101rbaude un apkope, lai nodro\u0161in\u0101tu hidraulisk\u0101s sist\u0113mas norm\u0101lu darb\u012bbu.<\/p>\n<p>Grand CME65-9 sviras cilindra uzst\u0101d\u012b\u0161anas rokasgr\u0101mata<\/p>\n<p>1. P\u0101rliecinieties, vai uzst\u0101d\u012b\u0161anas vieta un apr\u012bkojums ir t\u012bri un sausi.<\/p>\n<p>2. Pirms uzst\u0101d\u012b\u0161anas p\u0101rbaudiet, vai sviras cilindram nav boj\u0101jumu vai citu anom\u0101liju.<\/p>\n<p>3. Uzst\u0101diet sviras cilindru saska\u0146\u0101 ar ra\u017eot\u0101ja nor\u0101d\u012bjumiem, piev\u0113r\u0161ot uzman\u012bbu pareizai uzst\u0101d\u012b\u0161anas poz\u012bcijai un skr\u016bvju pievilk\u0161anas griezes momentam.<\/p>\n<p>4. Pievienojiet hidraulisk\u0101s l\u012bnijas saska\u0146\u0101 ar hidraulisk\u0101s sist\u0113mas sh\u0113mu, nodro\u0161inot pareizus savienojumus un pien\u0101c\u012bgu bl\u012bv\u0113jumu.<\/p>\n<p>5. P\u0113c uzst\u0101d\u012b\u0161anas p\u0101rbaudiet sviras cilindru, lai p\u0101rliecin\u0101tos par t\u0101 norm\u0101lu darb\u012bbu.<\/p>\n<p>Grand CME65-9 rokas cilindra dro\u0161\u012bbas apsv\u0113rumi un vides faktori<\/p>\n<p>Dro\u0161\u012bba ir \u0101rk\u0101rt\u012bgi svar\u012bga, lietojot hidraulisk\u0101s iek\u0101rtas. Operatoriem un apkopes person\u0101lam j\u0101b\u016bt apm\u0101c\u012btiem dro\u0161\u012bbas proced\u016br\u0101s un j\u0101valk\u0101 atbilsto\u0161s aizsargapr\u012bkojums. Lai nodro\u0161in\u0101tu hidraulisko iek\u0101rtu stabilu un ilgsto\u0161u darb\u012bbu, j\u0101\u0146em v\u0113r\u0101 ar\u012b t\u0101di vides faktori k\u0101 temperat\u016bra, mitrums un putek\u013cu l\u012bmenis.<\/p>\n<p>Grand CME65-9 sviras cilindra k\u013c\u016bmju diagnostika, bie\u017e\u0101k sastopam\u0101s probl\u0113mas un probl\u0113mu nov\u0113r\u0161ana<\/p>\n<p>Bie\u017ei sastopamas sviras cilindra probl\u0113mas ir \u0161\u0137idruma nopl\u016bde, nepietiekama jauda un neparasts troksnis. Probl\u0113mu nov\u0113r\u0161ana var ietvert boj\u0101tu bl\u012bv\u0113jumu nomai\u0146u, hidraulisko l\u012bniju aizsprostojumu p\u0101rbaudi, k\u0101 ar\u012b boj\u0101tu deta\u013cu p\u0101rbaudi un remontu. Lai nov\u0113rstu probl\u0113mu ra\u0161anos, nepiecie\u0161ama regul\u0101ra p\u0101rbaude un apkope.<\/p>\n<p>Par mums<\/p>\n<p>M\u0113s esam profesion\u0101ls rezerves hidraulisko cilindru ra\u017eot\u0101js ar pieredzi augstas kvalit\u0101tes hidraulisko cilindru ra\u017eo\u0161an\u0101, kas atbilst starptautiskajiem standartiem. M\u0113s pied\u0101v\u0101jam piel\u0101gotus pakalpojumus, lai apmierin\u0101tu klientu da\u017e\u0101d\u0101s vajadz\u012bbas. M\u016bsu ra\u017eo\u0161anas iek\u0101rtas ir modernas un uzticamas, nodro\u0161inot augstas kvalit\u0101tes produktus un efekt\u012bvu ra\u017eo\u0161anu. M\u0113s nodro\u0161in\u0101m ar\u012b visaptvero\u0161u p\u0113cp\u0101rdo\u0161anas servisu, lai atrisin\u0101tu visas probl\u0113mas, ar kur\u0101m klienti var saskarties.<\/p>","protected":false},"excerpt":{"rendered":"<p>Arm Cylinder for Grand CME65-9: Definition and Explanation Arm cylinder is a type of specialized hydraulic cylinder primarily used to provide linear motion and power to arms of various types of machinery, such as excavators, cranes, and mechanical arms. Arm cylinders play a key role in hydraulic systems, enabling the effective movement and control of [&hellip;]<\/p>","protected":false},"featured_media":14779,"comment_status":"open","ping_status":"closed","template":"","meta":{"_et_pb_use_builder":"","_et_pb_old_content":"","_et_gb_content_width":""},"product_brand":[],"product_cat":[1497],"product_tag":[1498,1496],"class_list":{"0":"post-16307","1":"product","2":"type-product","3":"status-publish","4":"has-post-thumbnail","6":"product_cat-arm-cylinders","7":"product_tag-arm-cylinders","8":"product_tag-hydraulic-cylinders","10":"first","11":"instock","12":"shipping-taxable","13":"product-type-simple"},"amp_enabled":true,"_links":{"self":[{"href":"https:\/\/www.hydraulic-cylinders.net\/lv\/wp-json\/wp\/v2\/product\/16307","targetHints":{"allow":["GET"]}}],"collection":[{"href":"https:\/\/www.hydraulic-cylinders.net\/lv\/wp-json\/wp\/v2\/product"}],"about":[{"href":"https:\/\/www.hydraulic-cylinders.net\/lv\/wp-json\/wp\/v2\/types\/product"}],"replies":[{"embeddable":true,"href":"https:\/\/www.hydraulic-cylinders.net\/lv\/wp-json\/wp\/v2\/comments?post=16307"}],"wp:featuredmedia":[{"embeddable":true,"href":"https:\/\/www.hydraulic-cylinders.net\/lv\/wp-json\/wp\/v2\/media\/14779"}],"wp:attachment":[{"href":"https:\/\/www.hydraulic-cylinders.net\/lv\/wp-json\/wp\/v2\/media?parent=16307"}],"wp:term":[{"taxonomy":"product_brand","embeddable":true,"href":"https:\/\/www.hydraulic-cylinders.net\/lv\/wp-json\/wp\/v2\/product_brand?post=16307"},{"taxonomy":"product_cat","embeddable":true,"href":"https:\/\/www.hydraulic-cylinders.net\/lv\/wp-json\/wp\/v2\/product_cat?post=16307"},{"taxonomy":"product_tag","embeddable":true,"href":"https:\/\/www.hydraulic-cylinders.net\/lv\/wp-json\/wp\/v2\/product_tag?post=16307"}],"curies":[{"name":"wp","href":"https:\/\/api.w.org\/{rel}","templated":true}]}}