{"id":16308,"date":"2025-01-20T09:04:21","date_gmt":"2025-01-20T09:04:21","guid":{"rendered":"https:\/\/www.hydraulic-cylinders.net\/product\/arm-cylinderfor-grand-cme150lc\/"},"modified":"2025-01-20T09:04:23","modified_gmt":"2025-01-20T09:04:23","slug":"arm-cylinderfor-grand-cme150lc","status":"publish","type":"product","link":"https:\/\/www.hydraulic-cylinders.net\/lv\/products\/arm-cylinderfor-grand-cme150lc\/","title":{"rendered":"Sviras cilindrs Grand CME150LC"},"content":{"rendered":"<h1>Sviras cilindrs Grand CME150LC<\/h1>\n<h2>Ievads<\/h2>\n<p>\nSviras cilindrs ir speci\u0101li izstr\u0101d\u0101ts hidrauliskais cilindrs, kas nodro\u0161ina line\u0101ru kust\u012bbu un jaudu da\u017e\u0101du veidu ma\u0161\u012bnu, piem\u0113ram, ekskavatoru, celt\u0146u un meh\u0101nisko sviru, svirai. Tam ir iz\u0161\u0137iro\u0161a noz\u012bme hidrauliskaj\u0101s sist\u0113m\u0101s, nodro\u0161inot efekt\u012bvu papildu instrumentu vai stiprin\u0101jumu p\u0101rvieto\u0161anu un kontroli. \u0160ie cilindri ne tikai nodro\u0161ina vienm\u0113r\u012bgu kust\u012bbu, bet ar\u012b iztur lielas slodzes, nodro\u0161inot ma\u0161\u012bnu efekt\u012bvu darb\u012bbu un uzticam\u012bbu da\u017e\u0101dos darba apst\u0101k\u013cos.\n<\/p>\n<p><img decoding=\"async\" src=\"https:\/\/www.hydraulic-cylinders.net\/wp-content\/uploads\/2025\/01\/songte-company-2.webp\" alt=\"Sviras cilindra att\u0113ls\"><\/p>\n<h2>Funkcijas<\/h2>\n<ul>\n<li>Augstas efektivit\u0101tes transmisija: Sviras cilindrs nodro\u0161ina jaud\u012bgu line\u0101ru kust\u012bbu un sp\u0113ku, garant\u0113jot augstu veiktsp\u0113jas efektivit\u0101ti da\u017e\u0101d\u0101s darb\u012bb\u0101s.<\/li>\n<li>Prec\u012bza vad\u012bba: Izmantojot hidraulisko sist\u0113mu, rokas cilindrs nodro\u0161ina prec\u012bzu kust\u012bbas vad\u012bbu, padarot pievienoto instrumentu darb\u012bbu elast\u012bg\u0101ku un prec\u012bz\u0101ku.<\/li>\n<li>Iztur\u012bba: Sviru cilindri parasti tiek ra\u017eoti, izmantojot augstas iztur\u012bbas materi\u0101lus, kas nodro\u0161ina izcilu nodilumiztur\u012bbu un korozijas iztur\u012bbu, t\u0101p\u0113c ir piem\u0113roti ilgsto\u0161ai lieto\u0161anai skarbos apst\u0101k\u013cos.<\/li>\n<li>Daudzfunkcion\u0101la piel\u0101go\u0161an\u0101s sp\u0113ja: \u0160ie cilindri tiek pla\u0161i pielietoti da\u017e\u0101d\u0101s ma\u0161\u012bn\u0101s, piem\u0113ram, ekskavatoros, celt\u0146os un meh\u0101niskaj\u0101s svir\u0101s, piel\u0101gojoties da\u017e\u0101d\u0101m darba pras\u012bb\u0101m.<\/li>\n<li>Vienk\u0101r\u0161a apkope: Sviru cilindri, kas paredz\u0113ti vienk\u0101r\u0161ai apkopei un nomai\u0146ai, atvieglo regul\u0101ras p\u0101rbaudes un apkopi, samazinot iek\u0101rtu d\u012bkst\u0101ves laiku.<\/li>\n<\/ul>\n<p><img decoding=\"async\" src=\"https:\/\/www.hydraulic-cylinders.net\/wp-content\/uploads\/2025\/01\/songte-oil-pipes-and-spare-parts.webp\" alt=\"Sviras cilindra rezerves da\u013cu att\u0113ls\"><\/p>\n<h2>Pieteikumi<\/h2>\n<p>Sviru cilindri tiek pla\u0161i izmantoti \u0161\u0101d\u0101s nozar\u0113s:<\/p>\n<ol>\n<li>B\u016bvniec\u012bbas in\u017eenierija: Ekskavatoros un celt\u0146os str\u0113les cilindri kontrol\u0113 kausu vai str\u0113les kust\u012bbu zemes darbos, materi\u0101lu apstr\u0101d\u0113 un konstrukciju uzst\u0101d\u012b\u0161an\u0101.<\/li>\n<li>Ra\u017eo\u0161anas nozare: Automatiz\u0113t\u0101s ra\u017eo\u0161anas l\u012bnij\u0101s sviru cilindri nodro\u0161ina meh\u0101nisko sviru kust\u012bbu t\u0101dos procesos k\u0101 mont\u0101\u017ea, metin\u0101\u0161ana un apstr\u0101de, uzlabojot ra\u017eo\u0161anas efektivit\u0101ti un precizit\u0101ti.<\/li>\n<li>Lauksaimniec\u012bbas tehnika: Lauksaimniec\u012bbas tehnik\u0101, piem\u0113ram, kombainos un s\u0113jma\u0161\u012bn\u0101s, sviru cilindri kontrol\u0113 vad\u012bbas sviru kust\u012bbu t\u0101diem uzdevumiem k\u0101 s\u0113\u0161ana, m\u0113slo\u0161ana un ra\u017eas nov\u0101k\u0161ana.<\/li>\n<li>Kalnr\u016bpniec\u012bba: Kalnr\u016bpniec\u012bbas iek\u0101rt\u0101s sviras cilindri kontrol\u0113 kalnr\u016bpniec\u012bbas ma\u0161\u012bnu sviras kust\u012bbu, atvieglojot r\u016bdas ieguvi un transport\u0113\u0161anu.<\/li>\n<li>Lo\u0123istika un transports: Iekr\u0101v\u0113jos un apstr\u0101des robotos roku cilindri kontrol\u0113 dak\u0161u pacel\u0161anu un kust\u012bbu, nodro\u0161inot materi\u0101lu apstr\u0101di un sakrau\u0161anu.<\/li>\n<\/ol>\n<h2>Dizaina apsv\u0113rumi un atlases krit\u0113riji<\/h2>\n<ul>\n<li>Nestsp\u0113ja: Sviras cilindra konstrukcija \u0146em v\u0113r\u0101 t\u0101 sp\u0113ju iztur\u0113t paredz\u0113t\u0101s slodzes un sp\u0113kus.<\/li>\n<li>Bl\u012bv\u0113jums: Tiek izmantoti da\u017e\u0101di bl\u012bv\u0113\u0161anas komponenti, piem\u0113ram, virzu\u013ca bl\u012bvsl\u0113gi \u200b\u200bun stie\u0146a bl\u012bvsl\u0113gi, kas parasti ir izgatavoti no nodilumiztur\u012bgiem materi\u0101liem, piem\u0113ram, poliuret\u0101na un nitrila gumijas. Cilindra korpuss un v\u012bt\u0146otie gali tiek r\u016bp\u012bgi apstr\u0101d\u0101ti, lai uzlabotu nodilumiztur\u012bbu.<\/li>\n<li>Iztur\u012bba: Sviru cilindri ir izstr\u0101d\u0101ti, lai iztur\u0113tu skarbos ekspluat\u0101cijas apst\u0101k\u013cus un nodro\u0161in\u0101tu ilgu kalpo\u0161anas laiku.<\/li>\n<li>Dro\u0161\u012bba: Konstrukcij\u0101 ir iek\u013cautas dro\u0161\u012bbas funkcijas, lai nov\u0113rstu negad\u012bjumus un nodro\u0161in\u0101tu operatora aizsardz\u012bbu.<\/li>\n<li>Apkopes \u0113rtums: Sviru cilindri ir konstru\u0113ti t\u0101, lai tos b\u016btu viegli apkopt un remont\u0113t, t\u0101d\u0113j\u0101di samazinot d\u012bkst\u0101ves laiku un atvieglojot efekt\u012bvu apkopi.<\/li>\n<\/ul>\n<p><img decoding=\"async\" src=\"https:\/\/www.hydraulic-cylinders.net\/wp-content\/uploads\/2025\/01\/songte-cylinder-head-with-all-kinds-excavator-models.webp\" alt=\"Sviras cilindra dizaina att\u0113ls\"><\/p>\n<h2>Bl\u012bv\u0113\u0161ana un e\u013c\u013co\u0161ana<\/h2>\n<p>\nSviru cilindros tiek izmantoti da\u017e\u0101di bl\u012bv\u0113\u0161anas komponenti, lai saglab\u0101tu hidraulisk\u0101 \u0161\u0137idruma integrit\u0101ti. \u0160ie komponenti, piem\u0113ram, virzu\u013ca bl\u012bvsl\u0113gi \u200b\u200bun stie\u0146a bl\u012bvsl\u0113gi, ir izgatavoti no nodilumiztur\u012bgiem materi\u0101liem, piem\u0113ram, poliuret\u0101na un nitrila gumijas. Cilindra korpuss un v\u012bt\u0146otie gali tiek pak\u013cauti prec\u012bzai virsmas apstr\u0101dei, lai uzlabotu nodilumiztur\u012bbu. Lai nodro\u0161in\u0101tu vienm\u0113r\u012bgu darb\u012bbu un ilgm\u016b\u017e\u012bbu, ir nepiecie\u0161ama regul\u0101ra e\u013c\u013co\u0161ana ar piem\u0113rotu hidraulisko e\u013c\u013cu.\n<\/p>\n<h2>Regul\u0101ra p\u0101rbaude un profilaktisk\u0101 apkope<\/h2>\n<ul>\n<li>P\u0101rbaudiet visas bl\u012bv\u0113juma deta\u013cas, vai t\u0101s nav nodilu\u0161as vai boj\u0101tas, un, ja nepiecie\u0161ams, nomainiet t\u0101s.<\/li>\n<li>P\u0101rbaudiet, vai nav e\u013c\u013cas nopl\u016b\u017eu, un nekav\u0113joties t\u0101s salabojiet.<\/li>\n<li>Uzraugiet hidraulisk\u0101 \u0161\u0137idruma l\u012bmeni un papildiniet to p\u0113c nepiecie\u0161am\u012bbas.<\/li>\n<li>P\u0101rbaudiet cilindra korpusu un gala savienojumus, vai nav korozijas vai boj\u0101jumu paz\u012bmju.<\/li>\n<li>Nodro\u0161iniet pareizu cilindra izl\u012bdzin\u0101\u0161anu un vienm\u0113r\u012bgu darb\u012bbu.<\/li>\n<\/ul>\n<h2>Produkta uzst\u0101d\u012b\u0161anas rokasgr\u0101mata<\/h2>\n<p>\nLai pareizi uzst\u0101d\u012btu sviras cilindru, veiciet t\u0101l\u0101k nor\u0101d\u012bt\u0101s darb\u012bbas.\n<\/p>\n<ol>\n<li>Dro\u0161i piestipriniet cilindru paredz\u0113taj\u0101 viet\u0101, izmantojot atbilsto\u0161us stiprin\u0101jumus.<\/li>\n<li>P\u0101rliecinieties, vai visi hidrauliskie savienojumi ir cie\u0161i un bez nopl\u016bd\u0113m.<\/li>\n<li>Atgaisojiet hidraulisko sist\u0113mu, lai izvad\u012btu gaisa kabatas.<\/li>\n<li>Lai nodro\u0161in\u0101tu optim\u0101lu veiktsp\u0113ju, p\u0101rbaudiet cilindra pareizu novietojumu un izl\u012bdzin\u0101jumu.<\/li>\n<li>Veiciet funkcion\u0101lo p\u0101rbaudi, lai nodro\u0161in\u0101tu vienm\u0113r\u012bgu un prec\u012bzu darb\u012bbu.<\/li>\n<\/ol>\n<p><img decoding=\"async\" src=\"https:\/\/www.hydraulic-cylinders.net\/wp-content\/uploads\/2025\/01\/songte-bushings-with-all-kinds-of-excavator-models.webp\" alt=\"Sviras cilindra uzst\u0101d\u012b\u0161anas att\u0113ls\"><\/p>\n<h2>Dro\u0161\u012bbas apsv\u0113rumi un vides faktori<\/h2>\n<p>\nLietojot svircilindrus, ir \u0101rk\u0101rt\u012bgi svar\u012bgi iev\u0113rot dro\u0161\u012bbas pas\u0101kumus. J\u0101iev\u0113ro dro\u0161\u012bbas pas\u0101kumi, lai nov\u0113rstu negad\u012bjumus un nodro\u0161in\u0101tu operatoru labsaj\u016btu. Turkl\u0101t vides faktoru \u0146em\u0161ana v\u0113r\u0101 un videi draudz\u012bgas prakses ievie\u0161ana veicina ilgtsp\u0113j\u012bgu darb\u012bbu.\n<\/p>\n<h2>Probl\u0113mu nov\u0113r\u0161ana un bie\u017ei sastopamas probl\u0113mas<\/h2>\n<p>\nSviru cilindriem var rasties da\u017e\u0101das probl\u0113mas. Da\u017eas bie\u017ei sastopamas probl\u0113mas un to iesp\u0113jamie risin\u0101jumi ir \u0161\u0101di:\n<\/p>\n<ul>\n<li>Probl\u0113ma: L\u0113na cilindra kust\u012bba.<\/li>\n<p>Risin\u0101jums: P\u0101rbaudiet hidraulisk\u0101 \u0161\u0137idruma l\u012bmeni un kvalit\u0101ti, p\u0101rliecinoties, ka tas atbilst ra\u017eot\u0101ja specifik\u0101cij\u0101m. P\u0101rbaudiet cilindru, vai nav iek\u0161\u0113ju boj\u0101jumu vai pies\u0101r\u0146ojuma.<\/p>\n<li>Probl\u0113ma: P\u0101rm\u0113r\u012bgs troksnis darb\u012bbas laik\u0101.<\/li>\n<p>Risin\u0101jums: P\u0101rbaudiet, vai nav va\u013c\u012bgu savienojumu vai boj\u0101tu deta\u013cu. P\u0101rbaudiet, vai cilindrs nav nepareizi izl\u012bdzin\u0101ts vai uzst\u0101d\u012bts.<\/p>\n<li>Probl\u0113ma: No cilindra nopl\u016bst hidrauliskais \u0161\u0137idrums.<\/li>\n<p>Risin\u0101jums: P\u0101rbaudiet visas bl\u012bves un savienojumus, vai tie nav boj\u0101ti vai nodilu\u0161i. Nomainiet visas boj\u0101t\u0101s deta\u013cas un p\u0101rliecinieties, vai savienojumi ir pareizi pievilkti.<\/p>\n<\/ul>\n<p><img decoding=\"async\" src=\"https:\/\/www.hydraulic-cylinders.net\/wp-content\/uploads\/2025\/01\/songte-chushion-collar.webp\" alt=\"Sviras cilindra probl\u0113mu nov\u0113r\u0161anas att\u0113ls\"><\/p>\n<p>\nAtcerieties lo\u0123iski sak\u0101rtot rakstu, izmantot apak\u0161virsrakstus \u0113rtai navig\u0101cijai, iek\u013caut atbilsto\u0161us att\u0113lus vai diagrammas lab\u0101kai izpratnei un nodro\u0161in\u0101t skaidru un kodol\u012bgu saturu, kas piem\u0113rots las\u012bt\u0101jiem ar da\u017e\u0101d\u0101m tehnisk\u0101m zin\u0101\u0161an\u0101m.\n<\/p>\n<h2>Par mums<\/h2>\n<p>\nM\u0113s esam profesion\u0101ls rezerves hidraulisko cilindru ra\u017eot\u0101js, kas pied\u0101v\u0101 pla\u0161u produktu kl\u0101stu. K\u0101 viens no vado\u0161ajiem hidraulisko cilindru ra\u017eot\u0101jiem un vairumtirdzniec\u012bbas izplat\u012bt\u0101jiem viet\u0113j\u0101 un starptautiskaj\u0101 tirg\u016b, m\u0113s priorit\u0101ti pie\u0161\u0137iram izcil\u012bbai kvalit\u0101t\u0113. M\u016bsu ra\u017eo\u0161anas vad\u012bbas strat\u0113\u0123ija balst\u0101s uz pilnveidot\u0101m ra\u017eo\u0161anas darbn\u012bc\u0101m, nep\u0101rtraukti uzlabojot m\u016bsu tehnolo\u0123isk\u0101s iesp\u0113jas un ra\u017eo\u0161anas efektivit\u0101ti. Ievie\u0161ot augstas klases digit\u0101l\u0101s ra\u017eo\u0161anas iek\u0101rtas un profesion\u0101las test\u0113\u0161anas sist\u0113mas, m\u0113s optimiz\u0113jam savu ra\u017eo\u0161anas platformu, uzlabojam produktu kvalit\u0101tes kontroles procesus un mums piem\u012bt sp\u0113c\u012bgas inov\u0101ciju sp\u0113jas. M\u016bsu m\u0113r\u0137is ir apmierin\u0101t klientu da\u017e\u0101d\u0101s vajadz\u012bbas, iev\u0113rojot efektivit\u0101tes, precizit\u0101tes un augstas kvalit\u0101tes principus.\n<\/p>\n<p><img decoding=\"async\" src=\"https:\/\/www.hydraulic-cylinders.net\/wp-content\/uploads\/2025\/01\/songte-company-4.webp\" alt=\"Uz\u0146\u0113muma t\u0113ls\"><br \/>\n<img decoding=\"async\" src=\"https:\/\/www.hydraulic-cylinders.net\/wp-content\/uploads\/2025\/01\/songte-company-3.webp\" alt=\"Uz\u0146\u0113muma t\u0113ls\"><\/p>\n<p>Autors: Lails.<\/p>","protected":false},"excerpt":{"rendered":"<p>Arm Cylinder for Grand CME150LC Introduction Arm Cylinder is a specially designed hydraulic cylinder that provides linear motion and power to the arm of various types of machinery, such as excavators, cranes, and mechanical arms. It plays a crucial role in hydraulic systems, enabling the efficient movement and control of additional tools or attachments. These [&hellip;]<\/p>","protected":false},"featured_media":14777,"comment_status":"open","ping_status":"closed","template":"","meta":{"_et_pb_use_builder":"","_et_pb_old_content":"","_et_gb_content_width":""},"product_brand":[],"product_cat":[1497],"product_tag":[1498,1496],"class_list":{"0":"post-16308","1":"product","2":"type-product","3":"status-publish","4":"has-post-thumbnail","6":"product_cat-arm-cylinders","7":"product_tag-arm-cylinders","8":"product_tag-hydraulic-cylinders","10":"first","11":"instock","12":"shipping-taxable","13":"product-type-simple"},"amp_enabled":true,"_links":{"self":[{"href":"https:\/\/www.hydraulic-cylinders.net\/lv\/wp-json\/wp\/v2\/product\/16308","targetHints":{"allow":["GET"]}}],"collection":[{"href":"https:\/\/www.hydraulic-cylinders.net\/lv\/wp-json\/wp\/v2\/product"}],"about":[{"href":"https:\/\/www.hydraulic-cylinders.net\/lv\/wp-json\/wp\/v2\/types\/product"}],"replies":[{"embeddable":true,"href":"https:\/\/www.hydraulic-cylinders.net\/lv\/wp-json\/wp\/v2\/comments?post=16308"}],"wp:featuredmedia":[{"embeddable":true,"href":"https:\/\/www.hydraulic-cylinders.net\/lv\/wp-json\/wp\/v2\/media\/14777"}],"wp:attachment":[{"href":"https:\/\/www.hydraulic-cylinders.net\/lv\/wp-json\/wp\/v2\/media?parent=16308"}],"wp:term":[{"taxonomy":"product_brand","embeddable":true,"href":"https:\/\/www.hydraulic-cylinders.net\/lv\/wp-json\/wp\/v2\/product_brand?post=16308"},{"taxonomy":"product_cat","embeddable":true,"href":"https:\/\/www.hydraulic-cylinders.net\/lv\/wp-json\/wp\/v2\/product_cat?post=16308"},{"taxonomy":"product_tag","embeddable":true,"href":"https:\/\/www.hydraulic-cylinders.net\/lv\/wp-json\/wp\/v2\/product_tag?post=16308"}],"curies":[{"name":"wp","href":"https:\/\/api.w.org\/{rel}","templated":true}]}}