{"id":16311,"date":"2025-01-20T09:04:33","date_gmt":"2025-01-20T09:04:33","guid":{"rendered":"https:\/\/www.hydraulic-cylinders.net\/product\/arm-cylinderfor-volvo-small-excavator-bl-60b\/"},"modified":"2025-01-20T09:04:41","modified_gmt":"2025-01-20T09:04:41","slug":"arm-cylinderfor-volvo-small-excavator-bl-60b","status":"publish","type":"product","link":"https:\/\/www.hydraulic-cylinders.net\/lv\/products\/arm-cylinderfor-volvo-small-excavator-bl-60b\/","title":{"rendered":"Volvo maz\u0101 ekskavatora BL\/60B sviras cilindrs"},"content":{"rendered":"<h1>Volvo maz\u0101 ekskavatora BL\/60B sviras cilindrs<\/h1>\n<h2>Ievads<\/h2>\n<p>Sviras cilindrs ir specializ\u0113ts hidrauliskais cilindrs, kas paredz\u0113ts, lai nodro\u0161in\u0101tu line\u0101ru kust\u012bbu un jaudu da\u017e\u0101du veidu ma\u0161\u012bnu, piem\u0113ram, ekskavatoru, celt\u0146u un meh\u0101nisko sviru, svirai. Sviras cilindram ir iz\u0161\u0137iro\u0161a noz\u012bme hidrauliskaj\u0101 sist\u0113m\u0101, nodro\u0161inot efekt\u012bvu pielikumu vai piederumu kust\u012bbu un vad\u012bbu. \u0160ie cilindri ne tikai nodro\u0161ina vienm\u0113r\u012bgu kust\u012bbu, bet ar\u012b iztur lielas slodzes, nodro\u0161inot ma\u0161\u012bnu efekt\u012bvu darb\u012bbu un uzticam\u012bbu da\u017e\u0101dos ekspluat\u0101cijas apst\u0101k\u013cos.<\/p>\n<p><img decoding=\"async\" src=\"https:\/\/www.hydraulic-cylinders.net\/wp-content\/uploads\/2025\/01\/songte-company-2.webp\" alt=\"rokas cilindra att\u0113ls\"><\/p>\n<h3>Defin\u012bcija un skaidrojums<\/h3>\n<p>Sviras cilindrs ir hidraulisk\u0101 cilindra veids, ko izmanto da\u017e\u0101du veidu ma\u0161\u012bn\u0101s, lai nodro\u0161in\u0101tu line\u0101ru kust\u012bbu un jaudu svirai. Tas sast\u0101v no cilindriska mucas, virzu\u013ca un virzu\u013ca stie\u0146a, un darbojas, izmantojot spiediena hidraulisko \u0161\u0137idrumu. Sviras cilindrs ir galven\u0101 hidraulisk\u0101s sist\u0113mas sast\u0101vda\u013ca, kas nodro\u0161ina efekt\u012bvu pielikumu vai piederumu kust\u012bbu un vad\u012bbu. T\u0101 konstrukcija un konstrukcija ir \u013coti svar\u012bga, lai nodro\u0161in\u0101tu ma\u0161\u012bnu efekt\u012bvu darb\u012bbu un uzticam\u012bbu da\u017e\u0101dos ekspluat\u0101cijas apst\u0101k\u013cos.<\/p>\n<h2>Produkta funkcijas<\/h2>\n<ul>\n<li>\n<h3>Efekt\u012bva jaudas p\u0101rvade<\/h3>\n<p>Sviras cilindrs nodro\u0161ina jaud\u012bgu line\u0101ru kust\u012bbu un sp\u0113ku, garant\u0113jot meh\u0101nisk\u0101s sviras efekt\u012bvu darb\u012bbu da\u017e\u0101d\u0101s darb\u012bb\u0101s.<\/p>\n<\/li>\n<li>\n<h3>Prec\u012bza kontrole<\/h3>\n<p>Izmantojot hidraulisko sist\u0113mu, rokas cilindrs var pan\u0101kt prec\u012bzu kust\u012bbas vad\u012bbu, padarot pielikumu darb\u012bbu elast\u012bg\u0101ku un prec\u012bz\u0101ku.<\/p>\n<\/li>\n<li>\n<h3>Iztur\u012bba<\/h3>\n<p>Sviras cilindrs parasti ir izgatavots no augstas iztur\u012bbas materi\u0101liem, ar labu nodilumiztur\u012bbu un korozijas iztur\u012bbu, kas ir piem\u0113roti ilgsto\u0161ai lieto\u0161anai skarbos apst\u0101k\u013cos.<\/p>\n<\/li>\n<li>\n<h3>Daudzfunkcion\u0101la piel\u0101go\u0161an\u0101s sp\u0113ja<\/h3>\n<p>\u0160os cilindrus var pla\u0161i izmantot da\u017e\u0101da veida ma\u0161\u012bn\u0101s, piem\u0113ram, ekskavatoros, celt\u0146os un meh\u0101niskaj\u0101s svir\u0101s, lai apmierin\u0101tu da\u017e\u0101das darba pras\u012bbas.<\/p>\n<\/li>\n<li>\n<h3>Vienk\u0101r\u0161a apkope<\/h3>\n<p>Projekt\u0113jot \u0146emta v\u0113r\u0101 apkopes un nomai\u0146as vienk\u0101r\u0161\u012bba, padarot regul\u0101ras p\u0101rbaudes un apkopi \u0113rt\u0101ku un samazinot iek\u0101rtu d\u012bkst\u0101ves laiku.<\/p>\n<\/li>\n<\/ul>\n<p><img decoding=\"async\" src=\"https:\/\/www.hydraulic-cylinders.net\/wp-content\/uploads\/2025\/01\/songte-oil-pipes-and-spare-parts.webp\" alt=\"rezerves da\u013cu att\u0113ls\"><\/p>\n<h2>Lietojumprogrammu scen\u0101riji<\/h2>\n<p>Sviras cilindrs tiek pla\u0161i izmantots da\u017e\u0101d\u0101s nozar\u0113s un pielietojumos, tostarp:<\/p>\n<ul>\n<li>\n<h3>B\u016bvniec\u012bbas in\u017eenierija<\/h3>\n<p>Ekskavatoros un celt\u0146os sviras cilindru izmanto, lai kontrol\u0113tu kausu vai str\u0113les kust\u012bbu zemes p\u0101rvieto\u0161anas, materi\u0101lu apstr\u0101des un konstrukciju uzst\u0101d\u012b\u0161anas darbos.<\/p>\n<\/li>\n<li>\n<h3>Ra\u017eo\u0161ana<\/h3>\n<p>Automatiz\u0113t\u0101s ra\u017eo\u0161anas l\u012bnij\u0101s sviras cilindrs tiek izmantots meh\u0101nisko sviru p\u0101rvieto\u0161anai, mont\u0101\u017eas, metin\u0101\u0161anas un apstr\u0101des procesos, uzlabojot ra\u017eo\u0161anas efektivit\u0101ti un precizit\u0101ti.<\/p>\n<\/li>\n<li>\n<h3>Lauksaimniec\u012bbas tehnika<\/h3>\n<p>Lauksaimniec\u012bbas ma\u0161\u012bn\u0101s, piem\u0113ram, kombainos un s\u0113jma\u0161\u012bn\u0101s, sviras cilindrs kontrol\u0113 vad\u012bbas sviras kust\u012bbu, veicot t\u0101dus uzdevumus k\u0101 st\u0101d\u012b\u0161ana, m\u0113slo\u0161ana un ra\u017eas nov\u0101k\u0161ana.<\/p>\n<\/li>\n<li>\n<h3>Kalnr\u016bpniec\u012bba<\/h3>\n<p>Kalnr\u016bpniec\u012bbas iek\u0101rt\u0101s sviras cilindru izmanto, lai kontrol\u0113tu kalnr\u016bpniec\u012bbas iek\u0101rtu sviras kust\u012bbu r\u016bdas ieguvei un apstr\u0101dei.<\/p>\n<\/li>\n<li>\n<h3>Lo\u0123istika un transports<\/h3>\n<p>Iekr\u0101v\u0113jos un apstr\u0101des robotos rokas cilindrs tiek izmantots, lai kontrol\u0113tu pre\u010du cel\u0161anu un p\u0101rvieto\u0161anu, nodro\u0161inot materi\u0101lu apstr\u0101di un sakrau\u0161anu.<\/p>\n<\/li>\n<\/ul>\n<h2>Dizaina apsv\u0113rumi un atlases krit\u0113riji<\/h2>\n<p>Izv\u0113loties un projekt\u0113jot cilindru, j\u0101\u0146em v\u0113r\u0101 vair\u0101ki faktori:<\/p>\n<ul>\n<li>\n<h3>Kravnes\u012bba<\/h3>\n<p>Sviras cilindra kravnes\u012bbai j\u0101atbilst tehnikas pras\u012bb\u0101m, nodro\u0161inot efekt\u012bvu un dro\u0161u darb\u012bbu.<\/p>\n<\/li>\n<li>\n<h3>Bl\u012bv\u0113\u0161ana un e\u013c\u013co\u0161ana<\/h3>\n<p>Sviras cilindr\u0101 tiek izmantoti da\u017e\u0101di bl\u012bv\u0113\u0161anas komponenti, piem\u0113ram, virzu\u013ca bl\u012bvsl\u0113gi \u200b\u200bun stie\u0146a bl\u012bvsl\u0113gi, lai nov\u0113rstu \u0161\u0137idruma nopl\u016bdi un uztur\u0113tu \u0161\u0137idruma spiedienu. E\u013c\u013co\u0161ana ir ar\u012b svar\u012bga, lai samazin\u0101tu berzi starp kust\u012bgaj\u0101m da\u013c\u0101m un nov\u0113rstu nodilumu.<\/p>\n<\/li>\n<li>\n<h3>Iztur\u012bba<\/h3>\n<p>Sviras cilindram j\u0101b\u016bt izgatavotam no augstas iztur\u012bbas materi\u0101liem un j\u0101veic stingra p\u0101rbaude, lai nodro\u0161in\u0101tu uzticam\u012bbu un ilgu kalpo\u0161anas laiku skarbos ekspluat\u0101cijas apst\u0101k\u013cos.<\/p>\n<\/li>\n<li>\n<h3>Dro\u0161\u012bba<\/h3>\n<p>Sviras cilindram j\u0101b\u016bt apr\u012bkotam ar dro\u0161\u012bbas funkcij\u0101m, piem\u0113ram, spiediena samazin\u0101\u0161anas v\u0101rstiem un av\u0101rijas aptur\u0113\u0161anas pog\u0101m, lai nov\u0113rstu negad\u012bjumus un nodro\u0161in\u0101tu dro\u0161u darb\u012bbu.<\/p>\n<\/li>\n<li>\n<h3>Apkope<\/h3>\n<p>Sviras cilindram j\u0101b\u016bt konstru\u0113tam t\u0101, lai to b\u016btu viegli apkopt un nomain\u012bt, ar pieejam\u0101m sast\u0101vda\u013c\u0101m un skaidriem nor\u0101d\u012bjumiem par regul\u0101r\u0101m p\u0101rbaud\u0113m un remontu.<\/p>\n<\/li>\n<\/ul>\n<p><img decoding=\"async\" src=\"https:\/\/www.hydraulic-cylinders.net\/wp-content\/uploads\/2025\/01\/songte-cylinder-head-with-all-kinds-excavator-models.webp\" alt=\"rezerves da\u013cu att\u0113ls\"><\/p>\n<h2>Bl\u012bv\u0113\u0161ana un e\u013c\u013co\u0161ana<\/h2>\n<p>Sviras cilindr\u0101 tiek izmantoti da\u017e\u0101di bl\u012bv\u0113\u0161anas komponenti, piem\u0113ram, virzu\u013ca bl\u012bv\u0113jumi, stie\u0146a bl\u012bv\u0113jumi un stikla t\u012br\u012bt\u0101ju bl\u012bv\u0113jumi, lai nov\u0113rstu \u0161\u0137idruma nopl\u016bdi un uztur\u0113tu \u0161\u0137idruma spiedienu. Bl\u012bv\u0113\u0161anas elementi parasti ir izgatavoti no nodilumiztur\u012bgiem materi\u0101liem, piem\u0113ram, poliuret\u0101na un nitrila gumijas, ar augstas stipr\u012bbas auduma stiegrojumu. Turkl\u0101t cilindra korpuss un stie\u0146a virsma ir r\u016bp\u012bgi apstr\u0101d\u0101ti, lai uzlabotu nodilumiztur\u012bbu un samazin\u0101tu berzi.<\/p>\n<p>Sviras cilindrs regul\u0101ri j\u0101iee\u013c\u013co ar atbilsto\u0161u hidraulisko \u0161\u0137idrumu atkar\u012bb\u0101 no ekspluat\u0101cijas apst\u0101k\u013ciem un ra\u017eot\u0101ja ieteikumiem. \u0160\u0137idrumam j\u0101b\u016bt t\u012bram un bez piemais\u012bjumiem, lai nov\u0113rstu boj\u0101jumus un nodro\u0161in\u0101tu vienm\u0113r\u012bgu darb\u012bbu.<\/p>\n<p><img decoding=\"async\" src=\"https:\/\/www.hydraulic-cylinders.net\/wp-content\/uploads\/2025\/01\/songte-chushion-collar.webp\" alt=\"rezerves da\u013cu att\u0113ls\"><\/p>\n<h2>Apkope un remonts<\/h2>\n<p>Lai nodro\u0161in\u0101tu sviras cilindra dro\u0161u darb\u012bbu un ilgu kalpo\u0161anas laiku, ir nepiecie\u0161amas regul\u0101ras p\u0101rbaudes un apkope. J\u0101veic \u0161\u0101di pas\u0101kumi:<\/p>\n<ul>\n<li>\n<h3>P\u0101rbaudiet cilindra korpusu un stieni, vai nav nodiluma, korozijas vai boj\u0101jumu paz\u012bmju.<\/h3>\n<\/li>\n<li>\n<h3>P\u0101rbaudiet bl\u012bves, vai t\u0101m nav boj\u0101jumu, nopl\u016b\u017eu vai p\u0101rm\u0113r\u012bga nodiluma.<\/h3>\n<\/li>\n<li>\n<h3>P\u0101rbaudiet \u0161\u0137idruma l\u012bmeni un kvalit\u0101ti un, ja nepiecie\u0161ams, nomainiet \u0161\u0137idrumu.<\/h3>\n<\/li>\n<li>\n<h3>P\u0101rbaudiet stiprin\u0101juma skr\u016bvju un savienojumu stingr\u012bbu un nodilumu.<\/h3>\n<\/li>\n<li>\n<h3>Nomainiet visas boj\u0101t\u0101s vai nolietot\u0101s deta\u013cas ar ori\u0123in\u0101laj\u0101m rezerves da\u013c\u0101m.<\/h3>\n<\/li>\n<\/ul>\n<p>Ieteicams regul\u0101ri veikt profilaktisko apkopi, piem\u0113ram, ik p\u0113c 500 darba stund\u0101m, lai identific\u0113tu un nov\u0113rstu iesp\u0113jam\u0101s probl\u0113mas, pirms t\u0101s k\u013c\u016bst par nopietn\u0101m probl\u0113m\u0101m.<\/p>\n<h2>Instal\u0101cijas rokasgr\u0101mata<\/h2>\n<p>Sviras cilindrs j\u0101uzst\u0101da saska\u0146\u0101 ar ra\u017eot\u0101ja nor\u0101d\u012bjumiem un \u0161\u0101d\u0101m vadl\u012bnij\u0101m:<\/p>\n<ul>\n<li>\n<h3>P\u0101rbaudiet mont\u0101\u017eas virsmu un p\u0101rliecinieties, ka t\u0101 ir t\u012bra un l\u012bdzena.<\/h3>\n<\/li>\n<li>\n<h3>Izl\u012bdziniet mont\u0101\u017eas caurumus un skr\u016bves ar cilindru un pievelciet tos l\u012bdz ieteicamajam griezes momentam.<\/h3>\n<\/li>\n<li>\n<h3>Pievienojiet hidraulisk\u0101s \u0161\u013c\u016btenes un savienojumus cilindram un p\u0101rliecinieties, ka tie ir dro\u0161i pievilkti.<\/h3>\n<\/li>\n<li>\n<h3>Piepildiet hidraulisko sist\u0113mu ar ieteicamo \u0161\u0137idrumu un izlaidiet no sist\u0113mas gaisu.<\/h3>\n<\/li>\n<li>\n<h3>P\u0101rbaudiet cilindru, vai tas darbojas pareizi un vai taj\u0101 nav nopl\u016b\u017eu.<\/h3>\n<\/li>\n<\/ul>\n<p><img decoding=\"async\" src=\"https:\/\/www.hydraulic-cylinders.net\/wp-content\/uploads\/2025\/01\/songte-bushings-with-all-kinds-of-excavator-models.webp\" alt=\"rezerves da\u013cu att\u0113ls\"><\/p>\n<h2>Dro\u0161\u012bbas apsv\u0113rumi un vides faktori<\/h2>\n<p>Dro\u0161\u012bbas pas\u0101kumu, piem\u0113ram, spiediena samazin\u0101\u0161anas v\u0101rstu, av\u0101rijas aptur\u0113\u0161anas pogu un dro\u0161\u012bbas aizsargu, izmanto\u0161ana ir \u013coti svar\u012bga, lai nov\u0113rstu negad\u012bjumus un nodro\u0161in\u0101tu rokas cilindra dro\u0161u darb\u012bbu. Str\u0101d\u0101jot ar iek\u0101rtu vai veicot darbus ar to, ir svar\u012bgi iev\u0113rot ar\u012b viet\u0113jos dro\u0161\u012bbas noteikumus un vadl\u012bnijas.<\/p>\n<p>J\u0101\u0146em v\u0113r\u0101 ar\u012b sviras cilindra ietekme uz vidi, piem\u0113ram, videi draudz\u012bgu hidraulisko \u0161\u0137idrumu izmanto\u0161ana un izlietoto \u0161\u0137idrumu un komponentu pareiza utiliz\u0101cija.<\/p>\n<h2>Probl\u0113mu nov\u0113r\u0161ana un bie\u017ei sastopamas probl\u0113mas<\/h2>\n<p>T\u0101l\u0101k ir nor\u0101d\u012btas bie\u017ei sastopam\u0101s probl\u0113mas un to iesp\u0113jamie c\u0113lo\u0146i:<\/p>\n<ul>\n<li>\n<h3>Nopl\u016bsto\u0161s \u0161\u0137idrums<\/h3>\n<p>Iemesls var b\u016bt boj\u0101ti bl\u012bv\u0113jumi, va\u013c\u012bgi savienojumi vai nodilu\u0161as deta\u013cas. Balons ir j\u0101p\u0101rbauda un j\u0101remont\u0113, ja nepiecie\u0161ams.<\/p>\n<\/li>\n<li>\n<h3>L\u0113na vai nekonsekventa kust\u012bba<\/h3>\n<p>Iemesls var b\u016bt zems \u0161\u0137idruma l\u012bmenis, gaiss sist\u0113m\u0101 vai nodilu\u0161as deta\u013cas. J\u0101p\u0101rbauda \u0161\u0137idruma l\u012bmenis un, ja nepiecie\u0161ams, j\u0101atgaiso sist\u0113ma. J\u0101p\u0101rbauda ar\u012b cilindrs, vai nav nolietotu vai boj\u0101tu deta\u013cu.<\/p>\n<\/li>\n<li>\n<h3>Nav kust\u012bbas<\/h3>\n<p>C\u0113lonis var b\u016bt tuk\u0161a hidraulisk\u0101s e\u013c\u013cas tvertne, boj\u0101ta vai aizs\u0113r\u0113jusi hidraulisk\u0101 \u0161\u013c\u016btene vai boj\u0101ts hidrauliskais s\u016bknis. Tvertne ir j\u0101uzpilda, \u0161\u013c\u016btene j\u0101p\u0101rbauda, \u200b\u200bk\u0101 ar\u012b s\u016bknis j\u0101p\u0101rbauda un j\u0101nomaina, ja nepiecie\u0161ams.<\/p>\n<\/li>\n<li>\n<h3>P\u0101rm\u0113r\u012bgs troksnis vai vibr\u0101cija<\/h3>\n<p>Iemesls var b\u016bt nolietotas vai boj\u0101tas deta\u013cas, va\u013c\u012bgi savienojumi vai nepareiza izl\u012bdzin\u0101\u0161ana. Balons ir j\u0101p\u0101rbauda un j\u0101remont\u0113, ja nepiecie\u0161ams.<\/p>\n<\/li>\n<\/ul>\n<p>Lai nov\u0113rstu \u0161\u012bs probl\u0113mas, ieteicams veikt regul\u0101ras p\u0101rbaudes un apkopi, k\u0101 ar\u012b izmantot ori\u0123in\u0101l\u0101s rezerves da\u013cas un atbilsto\u0161us hidrauliskos \u0161\u0137idrumus.<\/p>\n<h2>Par mums<\/h2>\n<p>M\u0113s esam profesion\u0101ls rezerves hidraulisko cilindru ra\u017eot\u0101js ar pla\u0161u produktu un pakalpojumu kl\u0101stu. Esam k\u013cuvu\u0161i par vado\u0161o hidraulisko cilindru ra\u017eot\u0101ju un vairumtirdzniec\u012bbas izplat\u012bt\u0101ju viet\u0113j\u0101 un starptautiskaj\u0101 tirg\u016b. M\u0113s iev\u0113rojam izcilas kvalit\u0101tes principu un pa\u013caujamies uz smalku ra\u017eo\u0161anas darbn\u012bcu r\u016bpniecisk\u0101s ra\u017eo\u0161anas vad\u012bbas strat\u0113\u0123iju, lai nep\u0101rtraukti uzlabotu savu tehnisko l\u012bmeni un ra\u017eo\u0161anas efektivit\u0101ti. Ievie\u0161ot augstas klases digit\u0101l\u0101s ra\u017eo\u0161anas iek\u0101rtas un profesion\u0101las test\u0113\u0161anas sist\u0113mas, m\u0113s nep\u0101rtraukti optimiz\u0113jam savu ra\u017eo\u0161anas platformu, uzlabojam produktu kvalit\u0101tes kontroles procesus un mums ir sp\u0113c\u012bgas inov\u0101ciju iesp\u0113jas. M\u016bsu m\u0113r\u0137is ir apmierin\u0101t klientu da\u017e\u0101d\u0101s vajadz\u012bbas, iev\u0113rojot efektivit\u0101tes, precizit\u0101tes un augstas kvalit\u0101tes principus.<\/p>\n<p><img decoding=\"async\" src=\"https:\/\/www.hydraulic-cylinders.net\/wp-content\/uploads\/2025\/01\/songte-company-4.webp\" alt=\"uz\u0146\u0113muma t\u0113ls\"><br \/>\n<img decoding=\"async\" src=\"https:\/\/www.hydraulic-cylinders.net\/wp-content\/uploads\/2025\/01\/songte-company-3.webp\" alt=\"uz\u0146\u0113muma t\u0113ls\"><\/p>\n<h3>Profesionalit\u0101te<\/h3>\n<p>Mums ir pieredz\u0113ju\u0161u in\u017eenieru un tehni\u0137u komanda, kas specializ\u0113jas hidraulisko cilindru projekt\u0113\u0161an\u0101, izstr\u0101d\u0113 un kvalit\u0101tes kontrol\u0113. M\u0113s pied\u0101v\u0101jam ar\u012b piln\u012bgus piel\u0101go\u0161anas pakalpojumus, lai apmierin\u0101tu m\u016bsu klientu \u012bpa\u0161\u0101s pras\u012bbas.<\/p>\n<h3>Starptautisk\u0101 sertifik\u0101cija<\/h3>\n<p>M\u016bsu produkti ir iztur\u0113ju\u0161i da\u017e\u0101dus starptautiskus sertifik\u0101tus, piem\u0113ram, ISO 9001 un CE, kas apliecina to kvalit\u0101ti un uzticam\u012bbu.<\/p>\n<h3>Piel\u0101go\u0161anas pakalpojumi<\/h3>\n<p>M\u0113s pied\u0101v\u0101jam piln\u012bgus piel\u0101go\u0161anas pakalpojumus, tostarp dizainu, izstr\u0101di un ra\u017eo\u0161anu, lai apmierin\u0101tu m\u016bsu klientu \u012bpa\u0161\u0101s pras\u012bbas un pielietojumus.<\/p>\n<h3>Ra\u017eo\u0161anas iek\u0101rtas<\/h3>\n<p>Mums ir pla\u0161s modernu digit\u0101lo ra\u017eo\u0161anas iek\u0101rtu kl\u0101sts, tostarp CNC iek\u0101rtas, virpas, sl\u012bpma\u0161\u012bnas un test\u0113\u0161anas sist\u0113mas, lai nodro\u0161in\u0101tu m\u016bsu produktu precizit\u0101ti un kvalit\u0101ti.<\/p>\n<h3>P\u0113cp\u0101rdo\u0161anas serviss<\/h3>\n<p>M\u0113s pied\u0101v\u0101jam visaptvero\u0161us p\u0113cp\u0101rdo\u0161anas pakalpojumus, tostarp tehnisko atbalstu, apkopi un remontu, lai nodro\u0161in\u0101tu m\u016bsu klientu apmierin\u0101t\u012bbu un m\u016bsu produktu ilgtermi\u0146a lieto\u0161anu.<\/p>\n<p>Autors: lil<\/p>","protected":false},"excerpt":{"rendered":"<p>Arm Cylinder For Volvo Small Excavator BL\/60B Introduction An arm cylinder is a specialized hydraulic cylinder designed to provide linear motion and power to the arm of various types of machinery such as excavators, cranes, and mechanical arms. The arm cylinder plays a critical role in the hydraulic system, enabling the effective movement and control [&hellip;]<\/p>","protected":false},"featured_media":14770,"comment_status":"open","ping_status":"closed","template":"","meta":{"_et_pb_use_builder":"","_et_pb_old_content":"","_et_gb_content_width":""},"product_brand":[],"product_cat":[1497],"product_tag":[1498,1496],"class_list":{"0":"post-16311","1":"product","2":"type-product","3":"status-publish","4":"has-post-thumbnail","6":"product_cat-arm-cylinders","7":"product_tag-arm-cylinders","8":"product_tag-hydraulic-cylinders","10":"first","11":"instock","12":"shipping-taxable","13":"product-type-simple"},"amp_enabled":true,"_links":{"self":[{"href":"https:\/\/www.hydraulic-cylinders.net\/lv\/wp-json\/wp\/v2\/product\/16311","targetHints":{"allow":["GET"]}}],"collection":[{"href":"https:\/\/www.hydraulic-cylinders.net\/lv\/wp-json\/wp\/v2\/product"}],"about":[{"href":"https:\/\/www.hydraulic-cylinders.net\/lv\/wp-json\/wp\/v2\/types\/product"}],"replies":[{"embeddable":true,"href":"https:\/\/www.hydraulic-cylinders.net\/lv\/wp-json\/wp\/v2\/comments?post=16311"}],"wp:featuredmedia":[{"embeddable":true,"href":"https:\/\/www.hydraulic-cylinders.net\/lv\/wp-json\/wp\/v2\/media\/14770"}],"wp:attachment":[{"href":"https:\/\/www.hydraulic-cylinders.net\/lv\/wp-json\/wp\/v2\/media?parent=16311"}],"wp:term":[{"taxonomy":"product_brand","embeddable":true,"href":"https:\/\/www.hydraulic-cylinders.net\/lv\/wp-json\/wp\/v2\/product_brand?post=16311"},{"taxonomy":"product_cat","embeddable":true,"href":"https:\/\/www.hydraulic-cylinders.net\/lv\/wp-json\/wp\/v2\/product_cat?post=16311"},{"taxonomy":"product_tag","embeddable":true,"href":"https:\/\/www.hydraulic-cylinders.net\/lv\/wp-json\/wp\/v2\/product_tag?post=16311"}],"curies":[{"name":"wp","href":"https:\/\/api.w.org\/{rel}","templated":true}]}}