{"id":16312,"date":"2025-01-20T09:04:43","date_gmt":"2025-01-20T09:04:43","guid":{"rendered":"https:\/\/www.hydraulic-cylinders.net\/product\/arm-cylinderfor-volvo-small-excavator-ec-88d\/"},"modified":"2025-01-20T09:04:46","modified_gmt":"2025-01-20T09:04:46","slug":"arm-cylinderfor-volvo-small-excavator-ec-88d","status":"publish","type":"product","link":"https:\/\/www.hydraulic-cylinders.net\/lv\/products\/arm-cylinderfor-volvo-small-excavator-ec-88d\/","title":{"rendered":"Volvo maz\u0101 ekskavatora EC 88D sviras cilindrs"},"content":{"rendered":"<h1>Volvo maz\u0101 ekskavatora EC 88D sviras cilindrs<\/h1>\n<h2>Ievads<\/h2>\n<p>Sviras cilindrs ir speci\u0101li izstr\u0101d\u0101ts hidrauliskais cilindrs, ko izmanto, lai nodro\u0161in\u0101tu line\u0101ru kust\u012bbu un jaudu da\u017e\u0101du veidu ma\u0161\u012bnu svir\u0101m, piem\u0113ram, ekskavatoriem, celt\u0146iem un robotiz\u0113t\u0101m svir\u0101m. Sviras cilindram ir iz\u0161\u0137iro\u0161a noz\u012bme hidrauliskaj\u0101s sist\u0113m\u0101s, \u013caujot pielikumiem vai piederumiem efekt\u012bvi p\u0101rvietoties un vad\u012bties. \u0160ie cilindri ne tikai nodro\u0161ina vienm\u0113r\u012bgu kust\u012bbu, bet ar\u012b iztur lielas slodzes, nodro\u0161inot ma\u0161\u012bnu efekt\u012bvu darb\u012bbu un uzticam\u012bbu da\u017e\u0101dos ekspluat\u0101cijas apst\u0101k\u013cos.<\/p>\n<p><img decoding=\"async\" src=\"https:\/\/www.hydraulic-cylinders.net\/wp-content\/uploads\/2025\/01\/songte-company-2.webp\" alt=\"rokas cilindra att\u0113ls\"><\/p>\n<h2>Funkcijas<\/h2>\n<ul>\n<li>Augstas efektivit\u0101tes piedzi\u0146a: Sviras cilindri nodro\u0161ina jaud\u012bgu line\u0101ru kust\u012bbu un sp\u0113ku, garant\u0113jot ma\u0161\u012bnas sviras augstu efektivit\u0101ti da\u017e\u0101d\u0101s darb\u012bb\u0101s.<\/li>\n<li>Prec\u012bza vad\u012bba: Izmantojot hidraulisko sist\u0113mu, rokas cilindrs var pan\u0101kt prec\u012bzu kust\u012bbas vad\u012bbu, padarot pielikumu darb\u012bbu elast\u012bg\u0101ku un prec\u012bz\u0101ku.<\/li>\n<li>Augsta iztur\u012bba: Sviru cilindri parasti ir izgatavoti no augstas iztur\u012bbas materi\u0101liem, ar labu nodilumiztur\u012bbu un iztur\u012bbu pret koroziju, kas ir piem\u0113roti ilgsto\u0161ai lieto\u0161anai skarbos apst\u0101k\u013cos.<\/li>\n<li>Daudzfunkcion\u0101la piel\u0101go\u0161an\u0101s sp\u0113ja: \u0161os cilindrus var pla\u0161i izmantot da\u017e\u0101d\u0101s meh\u0101nisk\u0101s iek\u0101rt\u0101s, piem\u0113ram, ekskavatoros, celt\u0146os un robotiz\u0113t\u0101s rok\u0101s, lai izpild\u012btu da\u017e\u0101das darba pras\u012bbas.<\/li>\n<li>Vienk\u0101r\u0161a apkope: izstr\u0101d\u0101ts, lai atvieglotu apkopi un nomai\u0146u, padarot regul\u0101ru p\u0101rbaudi un apkopi \u0113rt\u0101ku un samazinot iek\u0101rtu d\u012bkst\u0101ves laiku.<\/li>\n<\/ul>\n<p><img decoding=\"async\" src=\"https:\/\/www.hydraulic-cylinders.net\/wp-content\/uploads\/2025\/01\/songte-oil-pipes-and-spare-parts.webp\" alt=\"rezerves da\u013cu att\u0113ls\"><\/p>\n<h2>Pieteikumi<\/h2>\n<p>Sviras cilindrs tiek izmantots da\u017e\u0101d\u0101s nozar\u0113s un scen\u0101rijos, piem\u0113ram:<\/p>\n<ul>\n<li>B\u016bvniec\u012bbas in\u017eenierija: Ekskavatoros un celt\u0146os str\u0113les cilindri tiek izmantoti, lai kontrol\u0113tu kausu vai str\u0113les kust\u012bbu zemes darbos, materi\u0101lu apstr\u0101d\u0113 un konstrukciju uzst\u0101d\u012b\u0161an\u0101.<\/li>\n<li>Ra\u017eo\u0161anas nozare: Automatiz\u0113t\u0101s ra\u017eo\u0161anas l\u012bnij\u0101s roku cilindri tiek izmantoti robotiz\u0113tu roku kust\u012bbai mont\u0101\u017eas, metin\u0101\u0161anas un apstr\u0101des procesos, uzlabojot ra\u017eo\u0161anas efektivit\u0101ti un precizit\u0101ti.<\/li>\n<li>Lauksaimniec\u012bbas tehnika: Lauksaimniec\u012bbas tehnik\u0101, piem\u0113ram, kombainos un s\u0113jma\u0161\u012bn\u0101s, sviru cilindri kontrol\u0113 vad\u012bbas sviru kust\u012bbu t\u0101diem uzdevumiem k\u0101 st\u0101d\u012b\u0161ana, m\u0113slo\u0161ana un ra\u017eas nov\u0101k\u0161ana.<\/li>\n<li>Kalnr\u016bpniec\u012bba: Kalnr\u016bpniec\u012bbas iek\u0101rt\u0101s roku cilindrus izmanto, lai kontrol\u0113tu roku kust\u012bbu miner\u0101lu ieguvei un transport\u0113\u0161anai.<\/li>\n<li>Lo\u0123istika un transport\u0113\u0161ana: Iekr\u0101v\u0113jos un apstr\u0101des robotos roku cilindri tiek izmantoti, lai kontrol\u0113tu dak\u0161u pacel\u0161anu un kust\u012bbu materi\u0101lu apstr\u0101dei un krau\u0161anai.<\/li>\n<\/ul>\n<h2>Dizaina apsv\u0113rumi un atlases krit\u0113riji<\/h2>\n<p>Izv\u0113loties cilindra sviras, j\u0101\u0146em v\u0113r\u0101 vair\u0101ki konstrukcijas apsv\u0113rumi un atlases krit\u0113riji:<\/p>\n<ul>\n<li>Nestsp\u0113ja: Sviras cilindram j\u0101sp\u0113j iztur\u0113t ma\u0161\u012bnas sviras un stiprin\u0101jumu slodzi.<\/li>\n<li>Bl\u012bv\u0113jums: Sviras cilindram j\u0101b\u016bt labi bl\u012bv\u0113tam, lai nov\u0113rstu e\u013c\u013cas nopl\u016bdi.<\/li>\n<li>Iztur\u012bba: Sviras cilindram j\u0101b\u016bt izgatavotam no augstas iztur\u012bbas materi\u0101liem ar labu nodilumiztur\u012bbu un korozijas iztur\u012bbu, lai iztur\u0113tu skarbu vidi.<\/li>\n<li>Dro\u0161\u012bba: Sviras cilindram j\u0101b\u016bt konstru\u0113tam ar dro\u0161\u012bbas funkcij\u0101m, lai nov\u0113rstu negad\u012bjumus.<\/li>\n<li>Uzturam\u012bba: Sviras cilindram j\u0101b\u016bt konstru\u0113tam t\u0101, lai to b\u016btu viegli apkopt un nomain\u012bt, lai samazin\u0101tu iek\u0101rtu d\u012bkst\u0101ves laiku.<\/li>\n<\/ul>\n<p><img decoding=\"async\" src=\"https:\/\/www.hydraulic-cylinders.net\/wp-content\/uploads\/2025\/01\/songte-cylinder-head-with-all-kinds-excavator-models.webp\" alt=\"cilindra galvas att\u0113ls\"><\/p>\n<h2>Bl\u012bv\u0113\u0161ana un e\u013c\u013co\u0161ana<\/h2>\n<p>Lai nodro\u0161in\u0101tu herm\u0113tisku bl\u012bv\u0113jumu, tiek izmantoti da\u017e\u0101di bl\u012bv\u0113\u0161anas elementi, piem\u0113ram, virzu\u013ca bl\u012bvsl\u0113gi, stie\u0146a bl\u012bvsl\u0113gi \u200b\u200butt., un nodilumiztur\u012bbas d\u0113\u013c tiek izmantoti bl\u012bv\u0113\u0161anas materi\u0101li, piem\u0113ram, poliuret\u0101ns un nitrila gumija. Cilindra korpuss un v\u012btnes gala virsma ir smalki apstr\u0101d\u0101ta, lai uzlabotu nodilumiztur\u012bbu. E\u013c\u013co\u0161anai ir nepiecie\u0161ama regul\u0101ra atbilsto\u0161as \u200b\u200bhidraulisk\u0101s e\u013c\u013cas uzpilde.<\/p>\n<h2>Apkope un piesardz\u012bbas pas\u0101kumi<\/h2>\n<p>Lai nodro\u0161in\u0101tu sviras cilindra nevainojamu darb\u012bbu, j\u0101veic regul\u0101ra p\u0101rbaude un profilaktisk\u0101 apkope. P\u0101rbaudiet, vai nav e\u013c\u013cas nopl\u016bdes, skr\u0101p\u0113jumu, plaisu un citu defektu, un, ja nepiecie\u0161ams, nomainiet deta\u013cas. Pareiza sviras cilindra lieto\u0161ana un ekspluat\u0101cija ir \u013coti svar\u012bga, lai nov\u0113rstu negad\u012bjumus un nodro\u0161in\u0101tu dro\u0161\u012bbu. <\/p>\n<p><img decoding=\"async\" src=\"https:\/\/www.hydraulic-cylinders.net\/wp-content\/uploads\/2025\/01\/songte-chushion-collar.webp\" alt=\"spilvena apkakles att\u0113ls\"><\/p>\n<h2>Instal\u0101cijas rokasgr\u0101mata<\/h2>\n<p>The installation of the arm cylinder should be carried out according to the manufacturer&#8217;s instructions. Ensure that the cylinder is aligned correctly and securely fastened. Connect the hydraulic hoses and fittings properly and check for leaks. Before operation, check the operation of the arm cylinder to ensure that it is working properly.<\/p>\n<h2>Dro\u0161\u012bbas apsv\u0113rumi un vides faktori<\/h2>\n<p>Dro\u0161\u012bba ir kritiski svar\u012bga, str\u0101d\u0101jot ar sviras cilindriem. Operatoriem j\u0101iev\u0113ro dro\u0161\u012bbas vadl\u012bnijas un proced\u016bras, lai nov\u0113rstu negad\u012bjumus un nodro\u0161in\u0101tu savu un citu dro\u0161\u012bbu. Izv\u0113loties un lietojot sviras cilindrus, j\u0101\u0146em v\u0113r\u0101 ar\u012b vides faktori, piem\u0113ram, temperat\u016bra, mitrums un putek\u013cu l\u012bmenis.<\/p>\n<h2>K\u013c\u016bmju diagnostika un bie\u017ei sastopam\u0101s probl\u0113mas<\/h2>\n<p>Bie\u017ei sastopamas probl\u0113mas ar sviru cilindriem ir e\u013c\u013cas nopl\u016bde, bl\u012bv\u0113jumu boj\u0101jumi un kust\u012bgo da\u013cu nodilums. Probl\u0113mu nov\u0113r\u0161anai un risin\u0101\u0161anai ir nepiecie\u0161amas tehniskas zin\u0101\u0161anas, un to j\u0101veic profesion\u0101\u013ciem. Regul\u0101ra p\u0101rbaude un profilaktisk\u0101 apkope var pal\u012bdz\u0113t nov\u0113rst \u0161o probl\u0113mu ra\u0161anos.<\/p>\n<h2>Par mums<\/h2>\n<p>M\u0113s esam profesion\u0101ls rezerves hidraulisko cilindru ra\u017eot\u0101js ar pla\u0161u produktu kl\u0101stu un esam k\u013cuvu\u0161i par vienu no vado\u0161ajiem hidraulisko cilindru ra\u017eot\u0101jiem un vairumtirdzniec\u012bbas izplat\u012bt\u0101jiem viet\u0113j\u0101 un starptautiskaj\u0101 tirg\u016b. M\u0113s vienm\u0113r iev\u0113rojam izcilas kvalit\u0101tes principu, pa\u013caujoties uz industrializ\u0113t\u0101m ra\u017eo\u0161anas vad\u012bbas strat\u0113\u0123ij\u0101m smalk\u0101s ra\u017eo\u0161anas darbn\u012bc\u0101s un nep\u0101rtraukti uzlabojot savas tehnisk\u0101s iesp\u0113jas un ra\u017eo\u0161anas efektivit\u0101ti. Ievie\u0161ot augstas klases digit\u0101l\u0101s ra\u017eo\u0161anas iek\u0101rtas un profesion\u0101las test\u0113\u0161anas sist\u0113mas, m\u0113s optimiz\u0113jam ra\u017eo\u0161anas platformu, uzlabojam produktu kvalit\u0101tes kontroles procesu un mums ir sp\u0113c\u012bgas inov\u0101ciju iesp\u0113jas. M\u016bsu m\u0113r\u0137is ir apmierin\u0101t klientu da\u017e\u0101d\u0101s vajadz\u012bbas ar augstu efektivit\u0101ti, precizit\u0101ti un augstas kvalit\u0101tes produktiem.<\/p>\n<ul>\n<li>Profesionalit\u0101te: Mums ir kvalific\u0113tu un pieredz\u0113ju\u0161u speci\u0101listu komanda, kas ir ap\u0146\u0113musies nodro\u0161in\u0101t klientus ar kvalitat\u012bviem produktiem un pakalpojumiem.<\/li>\n<li>Starptautisk\u0101 sertifik\u0101cija: M\u016bsu produkti ir iztur\u0113ju\u0161i ISO9001, CE un citus starptautiskus sertifik\u0101tus, kas nodro\u0161ina to kvalit\u0101ti un dro\u0161\u012bbu.<\/li>\n<li>Piel\u0101go\u0161ana: M\u0113s pied\u0101v\u0101jam piel\u0101go\u0161anas pakalpojumus atbilsto\u0161i klientu pras\u012bb\u0101m, piem\u0113ram, izm\u0113ram, spiedienam un g\u0101jienam.<\/li>\n<li>Ra\u017eo\u0161anas iek\u0101rtas: Mums ir modernas digit\u0101l\u0101s ra\u017eo\u0161anas iek\u0101rtas, piem\u0113ram, CNC virpas, apstr\u0101des centri un test\u0113\u0161anas sist\u0113mas.<\/li>\n<li>P\u0113cp\u0101rdo\u0161anas serviss: M\u0113s nodro\u0161in\u0101m savlaic\u012bgu un efekt\u012bvu p\u0113cp\u0101rdo\u0161anas servisu, lai nodro\u0161in\u0101tu klientu apmierin\u0101t\u012bbu.<\/li>\n<\/ul>\n<p><img decoding=\"async\" src=\"https:\/\/www.hydraulic-cylinders.net\/wp-content\/uploads\/2025\/01\/songte-company-4.webp\" alt=\"uz\u0146\u0113muma t\u0113ls\"><\/p>\n<p><img decoding=\"async\" src=\"https:\/\/www.hydraulic-cylinders.net\/wp-content\/uploads\/2025\/01\/songte-company-3.webp\" alt=\"uz\u0146\u0113muma t\u0113ls\"><\/p>\n<p>Autors: Lails.<\/p>","protected":false},"excerpt":{"rendered":"<p>Arm CylinderFor Volvo Small Excavator EC 88D Introduction The arm cylinder is a specially designed hydraulic cylinder used to provide linear motion and power to various types of machine arms, such as excavators, cranes, and robotic arms. The arm cylinder plays a critical role in hydraulic systems, enabling attachments or accessories to move and control [&hellip;]<\/p>","protected":false},"featured_media":14766,"comment_status":"open","ping_status":"closed","template":"","meta":{"_et_pb_use_builder":"","_et_pb_old_content":"","_et_gb_content_width":""},"product_brand":[],"product_cat":[1497],"product_tag":[1498,1496],"class_list":{"0":"post-16312","1":"product","2":"type-product","3":"status-publish","4":"has-post-thumbnail","6":"product_cat-arm-cylinders","7":"product_tag-arm-cylinders","8":"product_tag-hydraulic-cylinders","10":"first","11":"instock","12":"shipping-taxable","13":"product-type-simple"},"amp_enabled":true,"_links":{"self":[{"href":"https:\/\/www.hydraulic-cylinders.net\/lv\/wp-json\/wp\/v2\/product\/16312","targetHints":{"allow":["GET"]}}],"collection":[{"href":"https:\/\/www.hydraulic-cylinders.net\/lv\/wp-json\/wp\/v2\/product"}],"about":[{"href":"https:\/\/www.hydraulic-cylinders.net\/lv\/wp-json\/wp\/v2\/types\/product"}],"replies":[{"embeddable":true,"href":"https:\/\/www.hydraulic-cylinders.net\/lv\/wp-json\/wp\/v2\/comments?post=16312"}],"wp:featuredmedia":[{"embeddable":true,"href":"https:\/\/www.hydraulic-cylinders.net\/lv\/wp-json\/wp\/v2\/media\/14766"}],"wp:attachment":[{"href":"https:\/\/www.hydraulic-cylinders.net\/lv\/wp-json\/wp\/v2\/media?parent=16312"}],"wp:term":[{"taxonomy":"product_brand","embeddable":true,"href":"https:\/\/www.hydraulic-cylinders.net\/lv\/wp-json\/wp\/v2\/product_brand?post=16312"},{"taxonomy":"product_cat","embeddable":true,"href":"https:\/\/www.hydraulic-cylinders.net\/lv\/wp-json\/wp\/v2\/product_cat?post=16312"},{"taxonomy":"product_tag","embeddable":true,"href":"https:\/\/www.hydraulic-cylinders.net\/lv\/wp-json\/wp\/v2\/product_tag?post=16312"}],"curies":[{"name":"wp","href":"https:\/\/api.w.org\/{rel}","templated":true}]}}