{"id":16327,"date":"2025-01-20T09:06:10","date_gmt":"2025-01-20T09:06:10","guid":{"rendered":"https:\/\/www.hydraulic-cylinders.net\/product\/arm-cylinderfor-volvo-middle-excavator-ec250enz\/"},"modified":"2025-01-20T09:06:14","modified_gmt":"2025-01-20T09:06:14","slug":"arm-cylinderfor-volvo-middle-excavator-ec250enz","status":"publish","type":"product","link":"https:\/\/www.hydraulic-cylinders.net\/lv\/products\/arm-cylinderfor-volvo-middle-excavator-ec250enz\/","title":{"rendered":"Volvo vid\u0113j\u0101s klases ekskavatora EC250ENZ sviras cilindrs"},"content":{"rendered":"<h1>Volvo vid\u0113j\u0101 ekskavatora EC250ENZ sviras cilindrs<\/h1>\n<h2>Defin\u012bcija un skaidrojums<\/h2>\n<p>Sviras cilindrs ir speci\u0101li izstr\u0101d\u0101ts hidrauliskais cilindrs, ko izmanto, lai nodro\u0161in\u0101tu line\u0101ru kust\u012bbu un jaudu da\u017e\u0101du ma\u0161\u012bnu, piem\u0113ram, ekskavatoru, celt\u0146u un robotiz\u0113tu roku, svir\u0101m. Sviras cilindram ir iz\u0161\u0137iro\u0161a noz\u012bme hidrauliskaj\u0101s sist\u0113m\u0101s, nodro\u0161inot efekt\u012bvu papildu instrumentu vai stiprin\u0101jumu kust\u012bbu un vad\u012bbu. \u0160ie cilindri ne tikai nodro\u0161ina vienm\u0113r\u012bgu kust\u012bbu, bet ar\u012b iztur lielas slodzes, nodro\u0161inot augstu darb\u012bbas efektivit\u0101ti un ma\u0161\u012bnu uzticam\u012bbu da\u017e\u0101dos darba apst\u0101k\u013cos. <\/p>\n<p><img decoding=\"async\" src=\"https:\/\/www.hydraulic-cylinders.net\/wp-content\/uploads\/2025\/01\/songte-company-2.webp\"><\/p>\n<h2>Produkta funkcijas<\/h2>\n<ul>\n<li>Efekt\u012bva jaudas p\u0101rvade: Sviras cilindrs nodro\u0161ina sp\u0113c\u012bgu line\u0101ru kust\u012bbu un sp\u0113ku, garant\u0113jot meh\u0101nisk\u0101s sviras augstu veiktsp\u0113ju da\u017e\u0101d\u0101s darb\u012bb\u0101s.<\/li>\n<li>Prec\u012bza vad\u012bba: Izmantojot hidraulisko sist\u0113mu, rokas cilindrs nodro\u0161ina prec\u012bzu kust\u012bbas vad\u012bbu, padarot pievienoto instrumentu darb\u012bbu elast\u012bg\u0101ku un prec\u012bz\u0101ku.<\/li>\n<li>Iztur\u012bba: Sviru cilindri parasti ir izgatavoti no augstas iztur\u012bbas materi\u0101liem, kas nodro\u0161ina izcilu iztur\u012bbu pret nodilumu un koroziju, padarot tos piem\u0113rotus ilgsto\u0161ai lieto\u0161anai skarbos apst\u0101k\u013cos.<\/li>\n<li>Daudzfunkcion\u0101la piel\u0101go\u0161an\u0101s sp\u0113ja: \u0161os cilindrus var pla\u0161i izmantot da\u017e\u0101d\u0101s ma\u0161\u012bn\u0101s, piem\u0113ram, ekskavatoros, celt\u0146os un robotiz\u0113t\u0101s rok\u0101s, piel\u0101gojoties da\u017e\u0101d\u0101m darba pras\u012bb\u0101m.<\/li>\n<li>Vienk\u0101r\u0161a apkope: Sviras cilindrs, kas paredz\u0113ts vienk\u0101r\u0161ai apkopei un nomai\u0146ai, atvieglo regul\u0101ras p\u0101rbaudes un apkopi, samazinot iek\u0101rtu d\u012bkst\u0101ves laiku.<\/li>\n<\/ul>\n<p><img decoding=\"async\" src=\"https:\/\/www.hydraulic-cylinders.net\/wp-content\/uploads\/2025\/01\/songte-oil-pipes-and-spare-parts.webp\"><\/p>\n<h2>Pieteikumi<\/h2>\n<h3>1. B\u016bvniec\u012bbas in\u017eenierija<\/h3>\n<p>Ekskavatoros un celt\u0146os str\u0113les cilindri tiek izmantoti, lai kontrol\u0113tu kausu vai str\u0113les kust\u012bbu, nodro\u0161inot zemes p\u0101rvieto\u0161anas, materi\u0101lu apstr\u0101des un konstrukciju uzst\u0101d\u012b\u0161anas darbus.<\/p>\n<h3>2. Ra\u017eo\u0161anas nozare<\/h3>\n<p>Automatiz\u0113t\u0101s ra\u017eo\u0161anas l\u012bnij\u0101s robotiz\u0113to roku kust\u012bbai tiek izmantoti roku cilindri, kas atvieglo t\u0101dus procesus k\u0101 mont\u0101\u017ea, metin\u0101\u0161ana un materi\u0101lu apstr\u0101de, t\u0101d\u0113j\u0101di uzlabojot ra\u017eo\u0161anas efektivit\u0101ti un precizit\u0101ti.<\/p>\n<h3>3. Lauksaimniec\u012bbas tehnika<\/h3>\n<p>Lauksaimniec\u012bbas ma\u0161\u012bn\u0101s, piem\u0113ram, kombainos un s\u0113jma\u0161\u012bn\u0101s, sviru cilindri kontrol\u0113 darbin\u0101\u0161anas sviru kust\u012bbu, veicot t\u0101dus uzdevumus k\u0101 s\u0113\u0161ana, m\u0113slo\u0161ana un ra\u017eas nov\u0101k\u0161ana.<\/p>\n<h3>4. Kalnr\u016bpniec\u012bba<\/h3>\n<p>Kalnr\u016bpniec\u012bbas iek\u0101rt\u0101s sviru cilindri tiek izmantoti, lai kontrol\u0113tu kalnr\u016bpniec\u012bbas ma\u0161\u012bnu sviru kust\u012bbu, nodro\u0161inot r\u016bdas ieguvi un transport\u0113\u0161anu.<\/p>\n<h3>5. Lo\u0123istika un transports<\/h3>\n<p>Iekr\u0101v\u0113jos un apstr\u0101des robotos dak\u0161u pacel\u0161anas un kust\u012bbas vad\u012bbai tiek izmantoti roku cilindri, kas atvieglo materi\u0101lu apstr\u0101di un krau\u0161anu.<\/p>\n<p><img decoding=\"async\" src=\"https:\/\/www.hydraulic-cylinders.net\/wp-content\/uploads\/2025\/01\/songte-cylinder-head-with-all-kinds-excavator-models.webp\"><\/p>\n<h2>Dizaina apsv\u0113rumi un atlases krit\u0113riji<\/h2>\n<ul>\n<li>Nestsp\u0113ja: Apspriediet sviras cilindra sp\u0113ju nest smagas slodzes un t\u0101s noz\u012bmi atbilsto\u0161a cilindra izv\u0113l\u0113 konkr\u0113tiem lietojumiem.<\/li>\n<li>Bl\u012bv\u0113jums un iztur\u012bba: Izp\u0113tiet da\u017e\u0101du bl\u012bv\u0113jumu, piem\u0113ram, virzu\u013ca bl\u012bv\u0113jumu un stie\u0146a bl\u012bv\u0113jumu, izmanto\u0161anu, uzsverot bl\u012bv\u0113jumu izgatavo\u0161anai izmantotos nodilumiztur\u012bgos materi\u0101lus. Pieminiet cilindra korpusa un v\u012bt\u0146oto galu r\u016bp\u012bgo virsmas apstr\u0101di, lai uzlabotu nodilumiztur\u012bbu. Uzsveriet nepiecie\u0161am\u012bbu regul\u0101ri e\u013c\u013cot ar piem\u0113rotu hidraulisko e\u013c\u013cu.<\/li>\n<\/ul>\n<p><img decoding=\"async\" src=\"https:\/\/www.hydraulic-cylinders.net\/wp-content\/uploads\/2025\/01\/songte-chushion-collar.webp\"><\/p>\n<h2>Regul\u0101ra p\u0101rbaude un profilaktisk\u0101 apkope<\/h2>\n<ul>\n<li>Regul\u0101ra p\u0101rbaude: Sniedziet padomus par regul\u0101ras p\u0101rbaudes noz\u012bmi, tostarp p\u0101rbaudi, vai nav nopl\u016b\u017eu, neparasta trok\u0161\u0146a un bl\u012bv\u0113jumu nodiluma. Mudiniet las\u012bt\u0101ju iev\u0113rot ra\u017eot\u0101ja p\u0101rbaudes grafiku.<\/li>\n<li>Prevent\u012bvie apkopes pas\u0101kumi: Iesakiet t\u0101dus pas\u0101kumus k\u0101 atbilsto\u0161a e\u013c\u013co\u0161ana, savienojumu pievilk\u0161ana un nodilu\u0161o bl\u012bv\u0113jumu nomai\u0146a, lai samazin\u0101tu iesp\u0113jam\u0101s probl\u0113mas un pagarin\u0101tu sviras cilindra kalpo\u0161anas laiku.<\/li>\n<\/ul>\n<h2>Produkta uzst\u0101d\u012b\u0161anas rokasgr\u0101mata<\/h2>\n<p>Pareiza uzst\u0101d\u012b\u0161ana ir \u013coti svar\u012bga sviras cilindra optim\u0101lai darb\u012bbai un ilgm\u016b\u017e\u012bbai. Sniedziet detaliz\u0113tus nor\u0101d\u012bjumus, tostarp dro\u0161\u012bbas pas\u0101kumus, izl\u012bdzin\u0101\u0161anas proced\u016bras un stiprin\u0101jumu griezes momenta specifik\u0101cijas.<\/p>\n<p><img decoding=\"async\" src=\"https:\/\/www.hydraulic-cylinders.net\/wp-content\/uploads\/2025\/01\/songte-bushings-with-all-kinds-of-excavator-models.webp\"><\/p>\n<h2>Dro\u0161\u012bbas apsv\u0113rumi un vides faktori<\/h2>\n<p>Apspriediet dro\u0161\u012bbas pas\u0101kumu noz\u012bmi, str\u0101d\u0101jot ar sviras cilindriem, uzsverot atbilsto\u0161a dro\u0161\u012bbas apr\u012bkojuma lieto\u0161anu un nozares standartu un vadl\u012bniju iev\u0113ro\u0161anu. Piev\u0113rsiet uzman\u012bbu vides apsv\u0113rumiem, piem\u0113ram, pareizai hidraulisko \u0161\u0137idrumu utiliz\u0101cijai un vides noteikumu iev\u0113ro\u0161anai.<\/p>\n<h2>Probl\u0113mu nov\u0113r\u0161ana un bie\u017ei sastopamas probl\u0113mas<\/h2>\n<p>Izp\u0113tiet bie\u017e\u0101k sastopamos k\u013c\u016bmes un probl\u0113mas, ar kur\u0101m lietot\u0101ji var saskarties, lietojot sviru cilindrus. Sniedziet probl\u0113mu nov\u0113r\u0161anas padomus un risin\u0101jumus, lai pal\u012bdz\u0113tu las\u012bt\u0101jiem efekt\u012bvi diagnostic\u0113t un nov\u0113rst probl\u0113mas. Uzsveriet prevent\u012bvo pas\u0101kumu noz\u012bmi potenci\u0101lo probl\u0113mu mazin\u0101\u0161an\u0101.<\/p>\n<p><img decoding=\"async\" src=\"https:\/\/www.hydraulic-cylinders.net\/wp-content\/uploads\/2025\/01\/songte-chushion-collar.webp\"><\/p>\n<p>Autors: lil<\/p>\n<h2>Par m\u016bsu uz\u0146\u0113mumu<\/h2>\n<p>M\u0113s esam profesion\u0101ls rezerves hidraulisko cilindru ra\u017eot\u0101js, kas pied\u0101v\u0101 pla\u0161u produktu kl\u0101stu. Esam k\u013cuvu\u0161i par vienu no vado\u0161ajiem hidraulisko cilindru ra\u017eot\u0101jiem un vairumtirdzniec\u012bbas izplat\u012bt\u0101jiem gan viet\u0113j\u0101, gan starptautiskaj\u0101 tirg\u016b. Koncentr\u0113joties uz izcil\u012bbu, m\u0113s iev\u0113rojam augstas kvalit\u0101tes, industrializ\u0113tas ra\u017eo\u0161anas vad\u012bbas un nep\u0101rtrauktas tehnolo\u0123iju un ra\u017eo\u0161anas efektivit\u0101tes uzlabo\u0161anas principus.<\/p>\n<ul>\n<li>Kompetence: Izceliet m\u016bsu k\u0101 SEO tekstu autoru un e-komercijas speci\u0101listu kompetenci, nodro\u0161inot augstas kvalit\u0101tes saturu mekl\u0113t\u0101jprogrammu optimiz\u0101cijas uzlabo\u0161anai.<\/li>\n<li>Starptautisk\u0101s sertifik\u0101cijas: Pieminiet m\u016bsu uz\u0146\u0113muma starptautisk\u0101s sertifik\u0101cijas, piem\u0113ram, ISO 9001, kas apliecina m\u016bsu ap\u0146em\u0161anos nodro\u0161in\u0101t kvalit\u0101ti un klientu apmierin\u0101t\u012bbu.<\/li>\n<li>Piel\u0101go\u0161anas pakalpojumi: uzsveram m\u016bsu sp\u0113ju nodro\u0161in\u0101t piel\u0101gotus hidraulisko cilindru risin\u0101jumus, kas piel\u0101goti konkr\u0113t\u0101m klientu pras\u012bb\u0101m.<\/li>\n<li>Ra\u017eo\u0161anas iek\u0101rtas: Aprakstiet m\u016bsu modern\u0101k\u0101s ra\u017eo\u0161anas iek\u0101rtas un iek\u0101rtas, kas \u013cauj mums apmierin\u0101t da\u017e\u0101das klientu pras\u012bbas.<\/li>\n<li>P\u0113cp\u0101rdo\u0161anas serviss: Izceliet m\u016bsu ap\u0146em\u0161anos sniegt izcilu p\u0113cp\u0101rdo\u0161anas servisu, tostarp tehnisko atbalstu, garantijas segumu un \u0101tru atbildi uz klientu jaut\u0101jumiem.<\/li>\n<\/ul>\n<p><img decoding=\"async\" src=\"https:\/\/www.hydraulic-cylinders.net\/wp-content\/uploads\/2025\/01\/songte-company-4.webp\"><br \/>\n<img decoding=\"async\" src=\"https:\/\/www.hydraulic-cylinders.net\/wp-content\/uploads\/2025\/01\/songte-company-3.webp\"><\/p>\n<p>Autors: lil<\/p>","protected":false},"excerpt":{"rendered":"<p>Arm Cylinder for Volvo Middle Excavator EC250ENZ Definition and Explanation An arm cylinder is a specially designed hydraulic cylinder used to provide linear motion and power to the arms of various machinery, such as excavators, cranes, and robotic arms. The arm cylinder plays a crucial role in hydraulic systems, enabling efficient movement and control of [&hellip;]<\/p>","protected":false},"featured_media":14779,"comment_status":"open","ping_status":"closed","template":"","meta":{"_et_pb_use_builder":"","_et_pb_old_content":"","_et_gb_content_width":""},"product_brand":[],"product_cat":[1497],"product_tag":[1498,1496],"class_list":{"0":"post-16327","1":"product","2":"type-product","3":"status-publish","4":"has-post-thumbnail","6":"product_cat-arm-cylinders","7":"product_tag-arm-cylinders","8":"product_tag-hydraulic-cylinders","10":"first","11":"instock","12":"shipping-taxable","13":"product-type-simple"},"amp_enabled":true,"_links":{"self":[{"href":"https:\/\/www.hydraulic-cylinders.net\/lv\/wp-json\/wp\/v2\/product\/16327","targetHints":{"allow":["GET"]}}],"collection":[{"href":"https:\/\/www.hydraulic-cylinders.net\/lv\/wp-json\/wp\/v2\/product"}],"about":[{"href":"https:\/\/www.hydraulic-cylinders.net\/lv\/wp-json\/wp\/v2\/types\/product"}],"replies":[{"embeddable":true,"href":"https:\/\/www.hydraulic-cylinders.net\/lv\/wp-json\/wp\/v2\/comments?post=16327"}],"wp:featuredmedia":[{"embeddable":true,"href":"https:\/\/www.hydraulic-cylinders.net\/lv\/wp-json\/wp\/v2\/media\/14779"}],"wp:attachment":[{"href":"https:\/\/www.hydraulic-cylinders.net\/lv\/wp-json\/wp\/v2\/media?parent=16327"}],"wp:term":[{"taxonomy":"product_brand","embeddable":true,"href":"https:\/\/www.hydraulic-cylinders.net\/lv\/wp-json\/wp\/v2\/product_brand?post=16327"},{"taxonomy":"product_cat","embeddable":true,"href":"https:\/\/www.hydraulic-cylinders.net\/lv\/wp-json\/wp\/v2\/product_cat?post=16327"},{"taxonomy":"product_tag","embeddable":true,"href":"https:\/\/www.hydraulic-cylinders.net\/lv\/wp-json\/wp\/v2\/product_tag?post=16327"}],"curies":[{"name":"wp","href":"https:\/\/api.w.org\/{rel}","templated":true}]}}