{"id":16328,"date":"2025-01-20T09:06:17","date_gmt":"2025-01-20T09:06:17","guid":{"rendered":"https:\/\/www.hydraulic-cylinders.net\/product\/arm-cylinderfor-volvo-large-excavator-ec290b\/"},"modified":"2025-01-20T09:06:19","modified_gmt":"2025-01-20T09:06:19","slug":"arm-cylinderfor-volvo-large-excavator-ec290b","status":"publish","type":"product","link":"https:\/\/www.hydraulic-cylinders.net\/lv\/products\/arm-cylinderfor-volvo-large-excavator-ec290b\/","title":{"rendered":"Volvo lielizm\u0113ra ekskavatora EC290B sviras cilindrs"},"content":{"rendered":"<p><html><\/p>\n<h1>Volvo liel\u0101 ekskavatora EC290B sviras cilindrs<\/h1>\n<h2>Ievads<\/h2>\n<p>Sviras cilindrs ir speci\u0101li izstr\u0101d\u0101ts hidrauliskais cilindrs, kas nodro\u0161ina line\u0101ru kust\u012bbu un jaudu da\u017e\u0101du veidu ma\u0161\u012bnu, piem\u0113ram, ekskavatoru, celt\u0146u un robotiz\u0113tu roku, svirai. Sviras cilindram ir iz\u0161\u0137iro\u0161a noz\u012bme hidrauliskaj\u0101s sist\u0113m\u0101s, \u013caujot efekt\u012bvi p\u0101rvietot un kontrol\u0113t pielikumus vai piederumus. \u0160ie cilindri ne tikai nodro\u0161ina vienm\u0113r\u012bgu kust\u012bbu, bet ar\u012b iztur lielas slodzes, nodro\u0161inot ma\u0161\u012bnu efekt\u012bvu darb\u012bbu un uzticam\u012bbu da\u017e\u0101dos darba apst\u0101k\u013cos.<\/p>\n<p>  <img decoding=\"async\" src=\"https:\/\/www.hydraulic-cylinders.net\/wp-content\/uploads\/2025\/01\/songte-company-2.webp\" alt=\"Sviras cilindra att\u0113ls\"><\/p>\n<h2>Funkcijas<\/h2>\n<ul>\n<li><strong>Augstas efektivit\u0101tes p\u0101rraide:<\/strong> Sviras cilindrs nodro\u0161ina jaud\u012bgu line\u0101ru kust\u012bbu un sp\u0113ku, garant\u0113jot meh\u0101nisk\u0101s sviras augstu veiktsp\u0113ju da\u017e\u0101d\u0101s darb\u012bb\u0101s.<\/li>\n<li><strong>Prec\u012bza kontrole:<\/strong> Izmantojot hidraulisko sist\u0113mu, rokas cilindrs nodro\u0161ina prec\u012bzu kust\u012bbas kontroli, padarot pievienoto instrumentu darb\u012bbu elast\u012bg\u0101ku un prec\u012bz\u0101ku.<\/li>\n<li><strong>Iztur\u012bba:<\/strong> Sviru cilindri parasti ir izgatavoti no augstas iztur\u012bbas materi\u0101liem, kas nodro\u0161ina izcilu nodilumiztur\u012bbu un iztur\u012bbu pret koroziju, padarot tos piem\u0113rotus ilgsto\u0161ai lieto\u0161anai skarbos apst\u0101k\u013cos.<\/li>\n<li><strong>Daudzfunkcion\u0101la piel\u0101go\u0161an\u0101s sp\u0113ja:<\/strong> \u0160os cilindrus var pla\u0161i izmantot da\u017e\u0101d\u0101s ma\u0161\u012bn\u0101s, piem\u0113ram, ekskavatoros, celt\u0146os un robotiz\u0113t\u0101s rok\u0101s, piel\u0101gojoties da\u017e\u0101d\u0101m darba pras\u012bb\u0101m.<\/li>\n<li><strong>Vienk\u0101r\u0161a apkope:<\/strong> Projekt\u0113jot \u0146emta v\u0113r\u0101 apkopes un nomai\u0146as vienk\u0101r\u0161\u012bba, padarot regul\u0101ras p\u0101rbaudes un apkopi \u0113rt\u0101ku un samazinot iek\u0101rtu d\u012bkst\u0101ves laiku.<\/li>\n<\/ul>\n<p>  <img decoding=\"async\" src=\"https:\/\/www.hydraulic-cylinders.net\/wp-content\/uploads\/2025\/01\/songte-oil-pipes-and-spare-parts.webp\" alt=\"Sviras cilindra rezerves da\u013cu att\u0113ls\"><\/p>\n<h2>Pieteikumi<\/h2>\n<p>Sviras cilindrs tiek izmantots da\u017e\u0101d\u0101s nozar\u0113s:<\/p>\n<ul>\n<li><strong>B\u016bvniec\u012bbas in\u017eenierija:<\/strong> Ekskavatoros un celt\u0146os sviras cilindrs kontrol\u0113 kausa vai str\u0113les kust\u012bbu zemes darbu, materi\u0101lu apstr\u0101des un konstrukciju uzst\u0101d\u012b\u0161anas laik\u0101.<\/li>\n<li><strong>Ra\u017eo\u0161anas nozare:<\/strong> Automatiz\u0113t\u0101s ra\u017eo\u0161anas l\u012bnij\u0101s rokas cilindrs nodro\u0161ina robotiz\u0113to roku kust\u012bbu mont\u0101\u017eas, metin\u0101\u0161anas un apstr\u0101des procesos, uzlabojot ra\u017eo\u0161anas efektivit\u0101ti un precizit\u0101ti.<\/li>\n<li><strong>Lauksaimniec\u012bbas tehnika:<\/strong> Lauksaimniec\u012bbas apr\u012bkojum\u0101, piem\u0113ram, kombainos un s\u0113jma\u0161\u012bn\u0101s, sviras cilindrs kontrol\u0113 vad\u012bbas sviras kust\u012bbu t\u0101diem uzdevumiem k\u0101 s\u0113\u0161ana, m\u0113slo\u0161ana un ra\u017eas nov\u0101k\u0161ana.<\/li>\n<li><strong>Kalnr\u016bpniec\u012bbas nozare:<\/strong> Kalnr\u016bpniec\u012bbas iek\u0101rt\u0101s rokas cilindrs tiek izmantots, lai kontrol\u0113tu rokas kust\u012bbu r\u016bdas ieguvei un transport\u0113\u0161anai.<\/li>\n<li><strong>Lo\u0123istika un transports:<\/strong> Iekr\u0101v\u0113jos un apstr\u0101des robotos rokas cilindrs kontrol\u0113 dak\u0161u pacel\u0161anu un kust\u012bbu, lai atvieglotu materi\u0101lu apstr\u0101di un krau\u0161anu.<\/li>\n<\/ul>\n<h2>Dizaina apsv\u0113rumi un atlases krit\u0113riji<\/h2>\n<p>  <img decoding=\"async\" src=\"https:\/\/www.hydraulic-cylinders.net\/wp-content\/uploads\/2025\/01\/songte-cylinder-head-with-all-kinds-excavator-models.webp\" alt=\"Cilindra galvas att\u0113ls\"><\/p>\n<p>Projekt\u0113jot cilindra sviras, j\u0101\u0146em v\u0113r\u0101 vair\u0101ki faktori:<\/p>\n<ul>\n<li><strong>Nestsp\u0113ja:<\/strong> Apspriediet sviras cilindra sp\u0113ju iztur\u0113t da\u017e\u0101das slodzes un pareiz\u0101s jaudas izv\u0113les noz\u012bmi konkr\u0113tiem lietojumiem.<\/li>\n<li><strong>Bl\u012bv\u0113jums:<\/strong> Izskaidrojiet da\u017e\u0101du bl\u012bv\u0113\u0161anas komponentu, piem\u0113ram, virzu\u013ca bl\u012bv\u0113jumu un stie\u0146u bl\u012bv\u0113jumu, kas izgatavoti no nodilumiztur\u012bgiem materi\u0101liem, piem\u0113ram, poliuret\u0101na un nitrila gumijas, lieto\u0161anu un to, k\u0101 to pareiza izv\u0113le nov\u0113r\u0161 nopl\u016bdes.<\/li>\n<li><strong>Iztur\u012bba:<\/strong> Highlight the importance of using high-quality materials and precise manufacturing techniques to ensure the arm cylinders&#8217; durability and resistance to wear and tear.<\/li>\n<li><strong>Dro\u0161\u012bba:<\/strong> Apspriediet dro\u0161\u012bbas apsv\u0113rumus sviru cilindru projekt\u0113\u0161an\u0101, piem\u0113ram, dro\u0161\u012bbas funkciju iek\u013cau\u0161anu, lai nov\u0113rstu negad\u012bjumus un traumas darb\u012bbas laik\u0101.<\/li>\n<li><strong>Uzturam\u012bba:<\/strong> Paskaidrojiet, k\u0101 konstrukcijai vajadz\u0113tu atvieglot apkopi un remontu, \u013caujot \u0101tri veikt p\u0101rbaudes un nomain\u012bt deta\u013cas.<\/li>\n<\/ul>\n<h2>Bl\u012bv\u0113\u0161ana un e\u013c\u013co\u0161ana<\/h2>\n<p>Sviru cilindri izmanto da\u017e\u0101dus bl\u012bv\u0113juma komponentus, un tiem nepiecie\u0161ama regul\u0101ra e\u013c\u013co\u0161ana:<\/p>\n<ul>\n<li>Bl\u012bv\u0113jums: Sviru cilindriem tiek izmantoti da\u017e\u0101di bl\u012bv\u0113jumi, piem\u0113ram, virzu\u013ca bl\u012bv\u0113jumi un stie\u0146a bl\u012bv\u0113jumi, kas izgatavoti no nodilumiztur\u012bgiem materi\u0101liem, piem\u0113ram, poliuret\u0101na un nitrila gumijas. Cilindra korpuss un v\u012bt\u0146ot\u0101s gala virsmas tiek r\u016bp\u012bgi apstr\u0101d\u0101tas, lai uzlabotu nodilumiztur\u012bbu. Nepiecie\u0161ama regul\u0101ra piem\u0113rota hidraulisk\u0101s e\u013c\u013cas pievieno\u0161ana e\u013c\u013co\u0161anai.<\/li>\n<\/ul>\n<h2>P\u0101rbaude un profilaktisk\u0101 apkope<\/h2>\n<p>Regul\u0101ras p\u0101rbaudes un profilaktisk\u0101 apkope ir \u013coti svar\u012bgas optim\u0101lai veiktsp\u0113jai:<\/p>\n<ul>\n<li>P\u0101rbaude: Sniedziet padomus par sviras cilindra un t\u0101 sast\u0101vda\u013cu p\u0101rbaudi, tostarp nopl\u016b\u017eu, nodiluma un pareizas darb\u012bbas p\u0101rbaudi.<\/li>\n<li>Prevent\u012bv\u0101 apkope: Apspriediet prevent\u012bvos pas\u0101kumus, piem\u0113ram, atbilsto\u0161as \u200b\u200be\u013c\u013co\u0161anas nodro\u0161in\u0101\u0161anu, spiediena l\u012bme\u0146a uzraudz\u012bbu un jebk\u0101du nodiluma vai boj\u0101jumu paz\u012bmju nov\u0113r\u0161anu, pirms t\u0101s p\u0101raug nopietn\u0101s probl\u0113m\u0101s.<\/li>\n<\/ul>\n<h2>Instal\u0101cijas rokasgr\u0101mata<\/h2>\n<p>  <img decoding=\"async\" src=\"https:\/\/www.hydraulic-cylinders.net\/wp-content\/uploads\/2025\/01\/songte-bushings-with-all-kinds-of-excavator-models.webp\" alt=\"Bukses att\u0113ls\"><\/p>\n<p>Sniedziet detaliz\u0113tu rokasgr\u0101matu par pareizu rokas cilindra uzst\u0101d\u012b\u0161anu:<\/p>\n<ul>\n<li>Uzst\u0101d\u012b\u0161anas so\u013ci: soli pa solim izskaidrojiet sviras cilindra uzst\u0101d\u012b\u0161anas procesu, tostarp nepiecie\u0161amos instrumentus un veicamos piesardz\u012bbas pas\u0101kumus.<\/li>\n<li>Izl\u012bdzin\u0101\u0161ana: Uzsveriet pareizas izl\u012bdzin\u0101\u0161anas noz\u012bmi, lai nodro\u0161in\u0101tu vienm\u0113r\u012bgu darb\u012bbu un nov\u0113rstu priek\u0161laic\u012bgu nodilumu.<\/li>\n<\/ul>\n<h2>Dro\u0161\u012bbas apsv\u0113rumi un vides faktori<\/h2>\n<p>Apspriediet dro\u0161\u012bbas pas\u0101kumu un vides apsv\u0113rumu noz\u012bmi, lietojot rokas cilindrus:<\/p>\n<ul>\n<li>Dro\u0161\u012bbas pas\u0101kumi: Uzsveriet nepiecie\u0161am\u012bbu p\u0113c atbilsto\u0161as \u200b\u200bapm\u0101c\u012bbas, dro\u0161\u012bbas vadl\u012bniju iev\u0113ro\u0161anas un aizsargl\u012bdzek\u013cu lieto\u0161anas, lai nov\u0113rstu negad\u012bjumus un traumas.<\/li>\n<li>Vides faktori: Apspriediet, k\u0101 sviras cilindri veicina energoefektivit\u0101ti, emisiju samazin\u0101\u0161anu un vides ilgtsp\u0113j\u012bbu.<\/li>\n<\/ul>\n<h2>Probl\u0113mu nov\u0113r\u0161ana un bie\u017ei sastopamas probl\u0113mas<\/h2>\n<p>Nov\u0113rsiet iesp\u0113jamos darb\u012bbas trauc\u0113jumus un bie\u017ei sastopam\u0101s probl\u0113mas, kas saist\u012btas ar sviru cilindriem:<\/p>\n<ul>\n<li>Probl\u0113mu nov\u0113r\u0161ana: Sniedziet nor\u0101d\u012bjumus par bie\u017ei sastopamu probl\u0113mu, piem\u0113ram, nopl\u016b\u017eu, nepareizas kust\u012bbas vai samazin\u0101tas veiktsp\u0113jas, diagnostiku.<\/li>\n<li>Probl\u0113mu risin\u0101\u0161ana: Sniedziet padomus un risin\u0101jumus identific\u0113to probl\u0113mu nov\u0113r\u0161anai, pal\u012bdzot las\u012bt\u0101jiem efekt\u012bvi diagnostic\u0113t un nov\u0113rst probl\u0113mas. Iesakiet ar\u012b prevent\u012bvus pas\u0101kumus, lai samazin\u0101tu potenci\u0101l\u0101s probl\u0113mas.<\/li>\n<\/ul>\n<p>  <img decoding=\"async\" src=\"https:\/\/www.hydraulic-cylinders.net\/wp-content\/uploads\/2025\/01\/songte-chushion-collar.webp\" alt=\"\u010cusjona apkakles att\u0113ls\"><\/p>\n<p>Atcerieties lo\u0123iski sak\u0101rtot rakstu, izmantot apak\u0161virsrakstus \u0113rtai navig\u0101cijai, iek\u013caut atbilsto\u0161us att\u0113lus vai diagrammas, lai uzlabotu izpratni, un nodro\u0161in\u0101t, lai saturs b\u016btu skaidrs, kodol\u012bgs un piem\u0113rots las\u012bt\u0101jiem ar da\u017e\u0101diem tehnisko zin\u0101\u0161anu l\u012bme\u0146iem.<\/p>\n<h2>Par mums<\/h2>\n<p>  <img decoding=\"async\" src=\"https:\/\/www.hydraulic-cylinders.net\/wp-content\/uploads\/2025\/01\/songte-company-4.webp\" alt=\"Uz\u0146\u0113muma t\u0113ls\"><br \/>\n  <img decoding=\"async\" src=\"https:\/\/www.hydraulic-cylinders.net\/wp-content\/uploads\/2025\/01\/songte-company-3.webp\" alt=\"Uz\u0146\u0113muma t\u0113ls\"><\/p>\n<p>M\u0113s esam profesion\u0101ls rezerves hidraulisko cilindru ra\u017eot\u0101js ar pla\u0161u produktu kl\u0101stu. Esam k\u013cuvu\u0161i par vienu no vado\u0161ajiem hidraulisko cilindru ra\u017eot\u0101jiem un vairumtirdzniec\u012bbas izplat\u012bt\u0101jiem viet\u0113j\u0101 un starptautiskaj\u0101 tirg\u016b. Ap\u0146emoties sasniegt izcil\u012bbu, m\u0113s nep\u0101rtraukti uzlabojam savu tehnisko kompetenci un ra\u017eo\u0161anas efektivit\u0101ti, izmantojot industrializ\u0113tu ra\u017eo\u0161anas vad\u012bbu m\u016bsu sare\u017e\u0123\u012btaj\u0101s ra\u017eo\u0161anas darbn\u012bc\u0101s. Ievie\u0161ot modernu digit\u0101lo ra\u017eo\u0161anas apr\u012bkojumu un profesion\u0101las test\u0113\u0161anas sist\u0113mas, m\u0113s optimiz\u0113jam savu ra\u017eo\u0161anas platformu un uzlabojam produktu kvalit\u0101tes kontroles procesu, demonstr\u0113jot sp\u0113c\u012bgas inov\u0101ciju sp\u0113jas. M\u016bsu m\u0113r\u0137is ir apmierin\u0101t klientu da\u017e\u0101d\u0101s vajadz\u012bbas ar efektivit\u0101ti, precizit\u0101ti un augstiem kvalit\u0101tes standartiem.<\/p>\n<h2>M\u016bsu stipr\u0101s puses<\/h2>\n<ul>\n<li><strong>Ekspert\u012bze:<\/strong> M\u0113s esam e-komercijas SEO tekstu rakst\u012b\u0161anas komanda<br \/>","protected":false},"excerpt":{"rendered":"<p>Arm Cylinder For Volvo Large Excavator EC290B Introduction An arm cylinder is a specially designed hydraulic cylinder that provides linear motion and power to the arm of various types of machinery, such as excavators, cranes, and robotic arms. The arm cylinder plays a crucial role in hydraulic systems, allowing for the effective movement and control [&hellip;]<\/p>","protected":false},"featured_media":14777,"comment_status":"open","ping_status":"closed","template":"","meta":{"_et_pb_use_builder":"","_et_pb_old_content":"","_et_gb_content_width":""},"product_brand":[],"product_cat":[1497],"product_tag":[1498,1496],"class_list":{"0":"post-16328","1":"product","2":"type-product","3":"status-publish","4":"has-post-thumbnail","6":"product_cat-arm-cylinders","7":"product_tag-arm-cylinders","8":"product_tag-hydraulic-cylinders","10":"first","11":"instock","12":"shipping-taxable","13":"product-type-simple"},"amp_enabled":true,"_links":{"self":[{"href":"https:\/\/www.hydraulic-cylinders.net\/lv\/wp-json\/wp\/v2\/product\/16328","targetHints":{"allow":["GET"]}}],"collection":[{"href":"https:\/\/www.hydraulic-cylinders.net\/lv\/wp-json\/wp\/v2\/product"}],"about":[{"href":"https:\/\/www.hydraulic-cylinders.net\/lv\/wp-json\/wp\/v2\/types\/product"}],"replies":[{"embeddable":true,"href":"https:\/\/www.hydraulic-cylinders.net\/lv\/wp-json\/wp\/v2\/comments?post=16328"}],"wp:featuredmedia":[{"embeddable":true,"href":"https:\/\/www.hydraulic-cylinders.net\/lv\/wp-json\/wp\/v2\/media\/14777"}],"wp:attachment":[{"href":"https:\/\/www.hydraulic-cylinders.net\/lv\/wp-json\/wp\/v2\/media?parent=16328"}],"wp:term":[{"taxonomy":"product_brand","embeddable":true,"href":"https:\/\/www.hydraulic-cylinders.net\/lv\/wp-json\/wp\/v2\/product_brand?post=16328"},{"taxonomy":"product_cat","embeddable":true,"href":"https:\/\/www.hydraulic-cylinders.net\/lv\/wp-json\/wp\/v2\/product_cat?post=16328"},{"taxonomy":"product_tag","embeddable":true,"href":"https:\/\/www.hydraulic-cylinders.net\/lv\/wp-json\/wp\/v2\/product_tag?post=16328"}],"curies":[{"name":"wp","href":"https:\/\/api.w.org\/{rel}","templated":true}]}}