{"id":16332,"date":"2025-01-20T09:06:35","date_gmt":"2025-01-20T09:06:35","guid":{"rendered":"https:\/\/www.hydraulic-cylinders.net\/product\/arm-cylinderfor-volvo-large-excavator-ec480d\/"},"modified":"2025-01-20T09:06:44","modified_gmt":"2025-01-20T09:06:44","slug":"arm-cylinderfor-volvo-large-excavator-ec480d","status":"publish","type":"product","link":"https:\/\/www.hydraulic-cylinders.net\/lv\/products\/arm-cylinderfor-volvo-large-excavator-ec480d\/","title":{"rendered":"Volvo lielizm\u0113ra ekskavatora EC480D sviras cilindrs"},"content":{"rendered":"<h1>Volvo liel\u0101 ekskavatora EC480D sviras cilindrs<\/h1>\n<h2>Ievads<\/h2>\n<p>Sviras cilindrs ir speci\u0101li izstr\u0101d\u0101ts hidrauliskais cilindrs, kas nodro\u0161ina line\u0101ru kust\u012bbu un jaudu da\u017e\u0101du veidu ma\u0161\u012bnu, piem\u0113ram, ekskavatoru, celt\u0146u un robotiz\u0113tu roku, svirai. Tam ir iz\u0161\u0137iro\u0161a noz\u012bme hidrauliskaj\u0101s sist\u0113m\u0101s, \u013caujot efekt\u012bvi p\u0101rvietot un kontrol\u0113t pielikumus vai piederumus. \u0160ie cilindri ne tikai nodro\u0161ina vienm\u0113r\u012bgu kust\u012bbu, bet ar\u012b iztur lielas slodzes, nodro\u0161inot ma\u0161\u012bnu efekt\u012bvu darb\u012bbu un uzticam\u012bbu da\u017e\u0101dos darba apst\u0101k\u013cos.<\/p>\n<p><img decoding=\"async\" src=\"https:\/\/www.hydraulic-cylinders.net\/wp-content\/uploads\/2025\/01\/songte-company-2.webp\"><\/p>\n<h2>Funkcijas<\/h2>\n<ul>\n<li><strong>Augstas efektivit\u0101tes p\u0101rraide:<\/strong> Rokas cilindrs nodro\u0161ina jaud\u012bgu line\u0101ru kust\u012bbu un sp\u0113ku, garant\u0113jot robotiz\u0113t\u0101s rokas augstu veiktsp\u0113ju da\u017e\u0101d\u0101s oper\u0101cij\u0101s.<\/li>\n<li><strong>Prec\u012bza kontrole:<\/strong> Izmantojot hidraulisko sist\u0113mu, rokas cilindrs nodro\u0161ina prec\u012bzu kust\u012bbas vad\u012bbu, padarot agreg\u0101tu darb\u012bbu elast\u012bg\u0101ku un prec\u012bz\u0101ku.<\/li>\n<li><strong>Iztur\u012bba:<\/strong> Sviru cilindri parasti ir izgatavoti no augstas iztur\u012bbas materi\u0101liem, kas nodro\u0161ina izcilu iztur\u012bbu pret nodilumu un koroziju, padarot tos piem\u0113rotus ilgsto\u0161ai lieto\u0161anai skarbos apst\u0101k\u013cos.<\/li>\n<li><strong>Daudzfunkcion\u0101la piel\u0101go\u0161an\u0101s sp\u0113ja:<\/strong> \u0160os cilindrus var pla\u0161i izmantot da\u017e\u0101d\u0101s ma\u0161\u012bn\u0101s, piem\u0113ram, ekskavatoros, celt\u0146os un robotiz\u0113t\u0101s rok\u0101s, piel\u0101gojoties da\u017e\u0101d\u0101m darba pras\u012bb\u0101m.<\/li>\n<li><strong>Vienk\u0101r\u0161a apkope:<\/strong> Sviru cilindri, kas paredz\u0113ti vienk\u0101r\u0161ai apkopei un nomai\u0146ai, padara regul\u0101ras p\u0101rbaudes un apkopi \u0113rt\u0101ku, samazinot iek\u0101rtu d\u012bkst\u0101ves laiku.<\/li>\n<\/ul>\n<p><img decoding=\"async\" src=\"https:\/\/www.hydraulic-cylinders.net\/wp-content\/uploads\/2025\/01\/songte-oil-pipes-and-spare-parts.webp\"><\/p>\n<h2>Pieteikumi<\/h2>\n<p>Sviru cilindri tiek izmantoti da\u017e\u0101d\u0101s nozar\u0113s:<\/p>\n<ul>\n<li><strong>B\u016bvniec\u012bbas in\u017eenierija:<\/strong> Ekskavatoros un celt\u0146os str\u0113les cilindri kontrol\u0113 kausu vai str\u0113les kust\u012bbu zemes darbos, materi\u0101lu apstr\u0101d\u0113 un konstrukciju uzst\u0101d\u012b\u0161an\u0101.<\/li>\n<li><strong>Ra\u017eo\u0161ana:<\/strong> Automatiz\u0113t\u0101s ra\u017eo\u0161anas l\u012bnij\u0101s roku cilindri nodro\u0161ina robotiz\u0113tu roku kust\u012bbu mont\u0101\u017eas, metin\u0101\u0161anas un apstr\u0101des procesos, uzlabojot ra\u017eo\u0161anas efektivit\u0101ti un precizit\u0101ti.<\/li>\n<li><strong>Lauksaimniec\u012bbas tehnika:<\/strong> Lauksaimniec\u012bbas ma\u0161\u012bn\u0101s, piem\u0113ram, kombainos un s\u0113jma\u0161\u012bn\u0101s, sviru cilindri kontrol\u0113 vad\u012bbas sviru kust\u012bbu t\u0101diem uzdevumiem k\u0101 s\u0113\u0161ana, m\u0113slo\u0161ana un ra\u017eas nov\u0101k\u0161ana.<\/li>\n<li><strong>Kalnr\u016bpniec\u012bba:<\/strong> Kalnr\u016bpniec\u012bbas iek\u0101rt\u0101s sviru cilindrus izmanto, lai kontrol\u0113tu kalnr\u016bpniec\u012bbas ma\u0161\u012bnu sviru kust\u012bbu r\u016bdas ieguvei un transport\u0113\u0161anai.<\/li>\n<li><strong>Lo\u0123istika un transports:<\/strong> Iekr\u0101v\u0113jos un apstr\u0101des robotos roku cilindri kontrol\u0113 dak\u0161u pacel\u0161anu un kust\u012bbu, nodro\u0161inot materi\u0101lu apstr\u0101di un sakrau\u0161anu.<\/li>\n<\/ul>\n<h2>Dizaina apsv\u0113rumi un atlases krit\u0113riji<\/h2>\n<ul>\n<li><strong>Kravnes\u012bba:<\/strong> Apspriediet cilindra nestsp\u0113ju un t\u0101s noz\u012bmi dro\u0161as un efekt\u012bvas darb\u012bbas nodro\u0161in\u0101\u0161an\u0101.<\/li>\n<li><strong>Bl\u012bv\u0113\u0161ana un e\u013c\u013co\u0161ana:<\/strong> Aprakstiet da\u017e\u0101du bl\u012bv\u0113\u0161anas komponentu, piem\u0113ram, virzu\u013ca bl\u012bv\u0113jumu un stie\u0146u bl\u012bv\u0113jumu, kas izgatavoti no nodilumiztur\u012bgiem materi\u0101liem, piem\u0113ram, poliuret\u0101na un nitrila gumijas, izmanto\u0161anu. Uzsveriet nepiecie\u0161am\u012bbu regul\u0101ri e\u013c\u013cot ar atbilsto\u0161u hidraulisko e\u013c\u013cu.<\/li>\n<li><strong>Iztur\u012bba:<\/strong> Izskaidrojiet cilindru korpusu un v\u012bt\u0146oto galu smalko virsmas apstr\u0101di, lai uzlabotu nodilumiztur\u012bbu. Uzsveriet svircilindra kop\u0113jo iztur\u012bbu.<\/li>\n<li><strong>Dro\u0161\u012bba un apkope:<\/strong> Apspriediet dro\u0161\u012bbas apsv\u0113rumus un apkopes vienk\u0101r\u0161\u012bbu, tostarp regul\u0101ras p\u0101rbaudes un prevent\u012bvus pas\u0101kumus, lai samazin\u0101tu iesp\u0113jam\u0101s probl\u0113mas.<\/li>\n<\/ul>\n<p><img decoding=\"async\" src=\"https:\/\/www.hydraulic-cylinders.net\/wp-content\/uploads\/2025\/01\/songte-cylinder-head-with-all-kinds-excavator-models.webp\"><\/p>\n<h2>Probl\u0113mu nov\u0113r\u0161ana un bie\u017ei sastopamas probl\u0113mas<\/h2>\n<p>Risiniet bie\u017ei sastopamas probl\u0113mas un sniedziet probl\u0113mu nov\u0113r\u0161anas padomus un risin\u0101jumus, lai pal\u012bdz\u0113tu las\u012bt\u0101jiem efekt\u012bvi diagnostic\u0113t un nov\u0113rst probl\u0113mas. Pied\u0101v\u0101jiet prevent\u012bvus pas\u0101kumus, lai samazin\u0101tu potenci\u0101l\u0101s probl\u0113mas.<\/p>\n<p><img decoding=\"async\" src=\"https:\/\/www.hydraulic-cylinders.net\/wp-content\/uploads\/2025\/01\/songte-chushion-collar.webp\"><\/p>\n<h2>Instal\u0101cijas rokasgr\u0101mata<\/h2>\n<p>Sniedziet visaptvero\u0161u rokasgr\u0101matu par pareizu rokas cilindra uzst\u0101d\u012b\u0161anu, nodro\u0161inot pareizu darb\u012bbu un dro\u0161\u012bbu.<\/p>\n<p><img decoding=\"async\" src=\"https:\/\/www.hydraulic-cylinders.net\/wp-content\/uploads\/2025\/01\/songte-bushings-with-all-kinds-of-excavator-models.webp\"><\/p>\n<h2>Dro\u0161\u012bbas apsv\u0113rumi un vides faktori<\/h2>\n<p>Apspriediet dro\u0161\u012bbas pas\u0101kumu ievie\u0161anas noz\u012bmi, lietojot hidrauliskos cilindrus, un \u0146emiet v\u0113r\u0101 to darb\u012bbas ietekmi uz vidi.<\/p>\n<h2>Par m\u016bsu uz\u0146\u0113mumu<\/h2>\n<p>M\u0113s esam profesion\u0101ls rezerves hidraulisko cilindru ra\u017eot\u0101js, kas pied\u0101v\u0101 pla\u0161u produktu kl\u0101stu. Esam k\u013cuvu\u0161i par vienu no vado\u0161ajiem hidraulisko cilindru ra\u017eot\u0101jiem un vairumtirgot\u0101jiem viet\u0113j\u0101 un starptautiskaj\u0101 tirg\u016b. M\u0113s iev\u0113rojam izcilas kvalit\u0101tes principu un nep\u0101rtraukti uzlabojam savu tehnolo\u0123isko l\u012bmeni un ra\u017eo\u0161anas efektivit\u0101ti. Izmantojot modern\u0101k\u0101s digit\u0101l\u0101s ra\u017eo\u0161anas iek\u0101rtas un profesion\u0101l\u0101s test\u0113\u0161anas sist\u0113mas, m\u0113s optimiz\u0113jam savu ra\u017eo\u0161anas platformu un uzlabojam produktu kvalit\u0101tes kontroles procesus, demonstr\u0113jot sp\u0113c\u012bgas inovat\u012bvas sp\u0113jas. M\u016bsu m\u0113r\u0137is ir apmierin\u0101t klientu da\u017e\u0101d\u0101s vajadz\u012bbas ar efektivit\u0101ti, precizit\u0101ti un augstas kvalit\u0101tes produktiem.<\/p>\n<p><img decoding=\"async\" src=\"https:\/\/www.hydraulic-cylinders.net\/wp-content\/uploads\/2025\/01\/songte-company-4.webp\"><br \/>\n<img decoding=\"async\" src=\"https:\/\/www.hydraulic-cylinders.net\/wp-content\/uploads\/2025\/01\/songte-company-3.webp\"><\/p>\n<p>Autors: Lails.<\/p>","protected":false},"excerpt":{"rendered":"<p>Arm Cylinder For Volvo Large Excavator EC480D Introduction The arm cylinder is a specially designed hydraulic cylinder that provides linear motion and power to the arm of various types of machinery, such as excavators, cranes, and robotic arms. It plays a crucial role in hydraulic systems, allowing for the efficient movement and control of attachments [&hellip;]<\/p>","protected":false},"featured_media":14766,"comment_status":"open","ping_status":"closed","template":"","meta":{"_et_pb_use_builder":"","_et_pb_old_content":"","_et_gb_content_width":""},"product_brand":[],"product_cat":[1497],"product_tag":[1498,1496],"class_list":{"0":"post-16332","1":"product","2":"type-product","3":"status-publish","4":"has-post-thumbnail","6":"product_cat-arm-cylinders","7":"product_tag-arm-cylinders","8":"product_tag-hydraulic-cylinders","10":"first","11":"instock","12":"shipping-taxable","13":"product-type-simple"},"amp_enabled":true,"_links":{"self":[{"href":"https:\/\/www.hydraulic-cylinders.net\/lv\/wp-json\/wp\/v2\/product\/16332","targetHints":{"allow":["GET"]}}],"collection":[{"href":"https:\/\/www.hydraulic-cylinders.net\/lv\/wp-json\/wp\/v2\/product"}],"about":[{"href":"https:\/\/www.hydraulic-cylinders.net\/lv\/wp-json\/wp\/v2\/types\/product"}],"replies":[{"embeddable":true,"href":"https:\/\/www.hydraulic-cylinders.net\/lv\/wp-json\/wp\/v2\/comments?post=16332"}],"wp:featuredmedia":[{"embeddable":true,"href":"https:\/\/www.hydraulic-cylinders.net\/lv\/wp-json\/wp\/v2\/media\/14766"}],"wp:attachment":[{"href":"https:\/\/www.hydraulic-cylinders.net\/lv\/wp-json\/wp\/v2\/media?parent=16332"}],"wp:term":[{"taxonomy":"product_brand","embeddable":true,"href":"https:\/\/www.hydraulic-cylinders.net\/lv\/wp-json\/wp\/v2\/product_brand?post=16332"},{"taxonomy":"product_cat","embeddable":true,"href":"https:\/\/www.hydraulic-cylinders.net\/lv\/wp-json\/wp\/v2\/product_cat?post=16332"},{"taxonomy":"product_tag","embeddable":true,"href":"https:\/\/www.hydraulic-cylinders.net\/lv\/wp-json\/wp\/v2\/product_tag?post=16332"}],"curies":[{"name":"wp","href":"https:\/\/api.w.org\/{rel}","templated":true}]}}