{"id":16342,"date":"2025-01-20T09:07:26","date_gmt":"2025-01-20T09:07:26","guid":{"rendered":"https:\/\/www.hydraulic-cylinders.net\/product\/arm-cylinderfor-volvo-wheel-excavator-ew60c\/"},"modified":"2025-01-20T09:07:28","modified_gmt":"2025-01-20T09:07:28","slug":"arm-cylinderfor-volvo-wheel-excavator-ew60c","status":"publish","type":"product","link":"https:\/\/www.hydraulic-cylinders.net\/lv\/products\/arm-cylinderfor-volvo-wheel-excavator-ew60c\/","title":{"rendered":"Volvo rite\u0146u ekskavatora EW60C sviras cilindrs"},"content":{"rendered":"<p>Volvo rite\u0146u ekskavatora EW60C sviras cilindrs<\/p>\n<p>Ievads<\/p>\n<p>Sviras cilindrs ir specializ\u0113ts hidrauliskais cilindrs, kas paredz\u0113ts, lai nodro\u0161in\u0101tu line\u0101ru kust\u012bbu un jaudu da\u017e\u0101du veidu ma\u0161\u012bnu, piem\u0113ram, ekskavatoru, celt\u0146u un meh\u0101nisko sviru, svir\u0101m. Sviras cilindram ir iz\u0161\u0137iro\u0161a noz\u012bme hidrauliskaj\u0101 sist\u0113m\u0101, \u013caujot pielikumiem vai piederumiem p\u0101rvietoties un tos efekt\u012bvi vad\u012bt. \u0160ie cilindri ne tikai nodro\u0161ina vienm\u0113r\u012bgu kust\u012bbu, bet ar\u012b var iztur\u0113t lielas slodzes, nodro\u0161inot ma\u0161\u012bnu efekt\u012bvu darb\u012bbu un uzticam\u012bbu da\u017e\u0101dos darba apst\u0101k\u013cos.<\/p>\n<p>Defin\u012bcija un skaidrojums<\/p>\n<p>Sviras cilindrs ir hidraulisk\u0101s sist\u0113mas sast\u0101vda\u013ca, kas darbina ma\u0161\u012bnas sviru. Tas ir hidraulisk\u0101 cilindra veids, kas p\u0101rveido hidraulisko ener\u0123iju line\u0101r\u0101 kust\u012bb\u0101 un sp\u0113k\u0101. Cilindrs sast\u0101v no virzu\u013ca, virzu\u013ca stie\u0146a, cilindra korpusa un gala v\u0101ci\u0146iem. Kad hidrauliskais \u0161\u0137idrums zem spiediena tiek pievad\u012bts vienai virzu\u013ca pusei, tas p\u0101rvieto un darbina virzu\u013ca stieni, kas nodro\u0161ina line\u0101ru kust\u012bbu ma\u0161\u012bnas svirai. Sviras cilindrs ir b\u016btisks da\u017e\u0101du veidu ma\u0161\u012bnu, piem\u0113ram, ekskavatoru, celt\u0146u un meh\u0101nisko sviru, darb\u012bbai, un tam ir iz\u0161\u0137iro\u0161a noz\u012bme to augstas efektivit\u0101tes un uzticam\u012bbas nodro\u0161in\u0101\u0161an\u0101.<\/p>\n<p><img decoding=\"async\" src=\"https:\/\/www.hydraulic-cylinders.net\/wp-content\/uploads\/2025\/01\/songte-company-2.webp\" alt=\"Volvo rite\u0146u ekskavatora EW60C sviras cilindrs (att\u0113ls)\"><\/p>\n<p>Funkcijas<\/p>\n<p>Augstas efektivit\u0101tes transmisija: Sviras cilindrs nodro\u0161ina jaud\u012bgu line\u0101ru kust\u012bbu un sp\u0113ku, garant\u0113jot meh\u0101nisk\u0101s sviras augstu efektivit\u0101ti da\u017e\u0101d\u0101s darb\u012bb\u0101s.<\/p>\n<p>Prec\u012bza vad\u012bba: Izmantojot hidraulisko sist\u0113mu, rokas cilindrs var pan\u0101kt prec\u012bzu kust\u012bbas vad\u012bbu, padarot pielikumu darb\u012bbu elast\u012bg\u0101ku un prec\u012bz\u0101ku.<\/p>\n<p>Sp\u0113c\u012bga iztur\u012bba: Sviru cilindri parasti ir izgatavoti no augstas iztur\u012bbas materi\u0101liem, kas nodro\u0161ina labu nodilumiztur\u012bbu un iztur\u012bbu pret koroziju, piem\u0113roti ilgsto\u0161ai lieto\u0161anai skarbos apst\u0101k\u013cos.<\/p>\n<p>Daudzpus\u012bga piel\u0101go\u0161an\u0101s sp\u0113ja: \u0161os cilindrus var pla\u0161i izmantot da\u017e\u0101da veida ma\u0161\u012bn\u0101s, piem\u0113ram, ekskavatoros, celt\u0146os un meh\u0101niskaj\u0101s svir\u0101s, lai apmierin\u0101tu da\u017e\u0101das darba pras\u012bbas.<\/p>\n<p>Vienk\u0101r\u0161a apkope: paredz\u0113ts vienk\u0101r\u0161ai apkopei un nomai\u0146ai, regul\u0101ra p\u0101rbaude un apkope ir k\u013cuvusi \u0113rt\u0101ka, samazinot iek\u0101rtu d\u012bkst\u0101ves laiku.<\/p>\n<p>M\u016bsu produkcija<\/p>\n<p>M\u016bsu rokas cilindra produkts var lieliski aizst\u0101t \u0161os hidrauliskos cilindrus.<\/p>\n<p><img decoding=\"async\" src=\"https:\/\/www.hydraulic-cylinders.net\/wp-content\/uploads\/2025\/01\/songte-oil-pipes-and-spare-parts.webp\" alt=\"Volvo rite\u0146u ekskavatora EW60C sviras cilindrs (att\u0113ls)\"><\/p>\n<p>Pieteikumi<\/p>\n<p>\u0112ku b\u016bvniec\u012bba: Ekskavatoros un celt\u0146os sviras cilindrs tiek izmantots, lai kontrol\u0113tu kausa vai str\u0113les kust\u012bbu zemes darbos, materi\u0101lu apstr\u0101d\u0113 un konstrukciju uzst\u0101d\u012b\u0161an\u0101.<\/p>\n<p>Ra\u017eo\u0161anas nozare: Automatiz\u0113t\u0101s ra\u017eo\u0161anas l\u012bnij\u0101s sviras cilindrs tiek izmantots, lai p\u0101rvietotu meh\u0101nisko sviru mont\u0101\u017eas, metin\u0101\u0161anas un materi\u0101lu apstr\u0101des procesos, uzlabojot ra\u017eo\u0161anas efektivit\u0101ti un precizit\u0101ti.<\/p>\n<p>Lauksaimniec\u012bbas tehnika: Lauksaimniec\u012bbas tehnik\u0101, piem\u0113ram, kombainos un s\u0113jma\u0161\u012bn\u0101s, sviras cilindrs kontrol\u0113 vad\u012bbas sviras kust\u012bbu, veicot t\u0101dus uzdevumus k\u0101 s\u0113\u0161ana, m\u0113slo\u0161ana un ra\u017eas nov\u0101k\u0161ana.<\/p>\n<p>Kalnr\u016bpniec\u012bba: Kalnr\u016bpniec\u012bbas iek\u0101rt\u0101s rokas cilindrs tiek izmantots, lai kontrol\u0113tu kalnr\u016bpniec\u012bbas iek\u0101rtas rokas kust\u012bbu, ieg\u016bstot un transport\u0113jot r\u016bdu.<\/p>\n<p>Lo\u0123istika un transports: Iekr\u0101v\u0113jos un apstr\u0101des robotos rokas cilindrs tiek izmantots, lai kontrol\u0113tu dak\u0161u pacel\u0161anu un kust\u012bbu, realiz\u0113jot materi\u0101lu apstr\u0101di un sakrau\u0161anu.<\/p>\n<p>Dizaina apsv\u0113rumi un atlases krit\u0113riji<\/p>\n<p>Nestsp\u0113ja: Sviras cilindram j\u0101b\u016bt pietiekamam nestsp\u0113jai, lai iztur\u0113tu tehnikas un pielikumu svaru un slodzi.<\/p>\n<p>Bl\u012bv\u0113jums: Sviras cilindram j\u0101b\u016bt labi bl\u012bv\u0113tam, lai nov\u0113rstu hidraulisk\u0101 \u0161\u0137idruma nopl\u016bdi, nodro\u0161inot norm\u0101lu hidraulisk\u0101s sist\u0113mas darb\u012bbu.<\/p>\n<p>Iztur\u012bba: Sviras cilindram j\u0101b\u016bt iztur\u012bgam un ar izcilu nodilumiztur\u012bbu un korozijas iztur\u012bbu, piem\u0113rotam lieto\u0161anai skarbos apst\u0101k\u013cos.<\/p>\n<p>Dro\u0161\u012bba: Sviras cilindram j\u0101b\u016bt konstru\u0113tam ar dro\u0161\u012bbas funkcij\u0101m, lai nodro\u0161in\u0101tu person\u0101la un iek\u0101rtu dro\u0161\u012bbu darb\u012bbas laik\u0101.<\/p>\n<p>Apkope: Sviras cilindram j\u0101b\u016bt konstru\u0113tam ar viegli apkopjam\u0101m un nomain\u0101m\u0101m funkcij\u0101m, padarot regul\u0101ru p\u0101rbaudi un apkopi \u0113rt\u0101ku un samazinot iek\u0101rtu d\u012bkst\u0101ves laiku.<\/p>\n<p><img decoding=\"async\" src=\"https:\/\/www.hydraulic-cylinders.net\/wp-content\/uploads\/2025\/01\/songte-cylinder-head-with-all-kinds-excavator-models.webp\" alt=\"Volvo rite\u0146u ekskavatora EW60C sviras cilindrs (att\u0113ls)\"><\/p>\n<p>Bl\u012bv\u0113\u0161ana un e\u013c\u013co\u0161ana<\/p>\n<p>Tiek izmantoti da\u017e\u0101di bl\u012bv\u0113\u0161anas elementi, piem\u0113ram, virzu\u013ca bl\u012bvsl\u0113gi \u200b\u200bun stie\u0146a bl\u012bvsl\u0113gi, un tiek izv\u0113l\u0113ti nodilumiztur\u012bgi materi\u0101li, piem\u0113ram, poliuret\u0101ns un nitrilgumija. Cilindra korpuss un v\u012btnes gala virsma ir smalki apstr\u0101d\u0101ta, lai uzlabotu nodilumiztur\u012bbu. Regul\u0101ri j\u0101pievieno atbilsto\u0161s hidraulisk\u0101s e\u013c\u013cas daudzums, lai e\u013c\u013cotu cilindru un nodro\u0161in\u0101tu norm\u0101lu hidraulisk\u0101s sist\u0113mas darb\u012bbu.<\/p>\n<p>Apkope un piesardz\u012bbas pas\u0101kumi<\/p>\n<p>Lai nodro\u0161in\u0101tu norm\u0101lu iek\u0101rtas darb\u012bbu, ir nepiecie\u0161ama regul\u0101ra rokas cilindra p\u0101rbaude un apkope. Da\u017ei piesardz\u012bbas pas\u0101kumi ietver:<\/p>\n<p>\u2013 Regul\u0101ri p\u0101rbaudiet hidraulisk\u0101s e\u013c\u013cas l\u012bmeni un kvalit\u0101ti, lai p\u0101rliecin\u0101tos, ka e\u013c\u013ca atbilst pras\u012bb\u0101m.<\/p>\n<p>\u2013 P\u0101rbaudiet cilindra korpusu un virzu\u013ca stieni, vai tie nav nodilu\u0161i vai boj\u0101ti, un savlaic\u012bgi nomainiet tos.<\/p>\n<p>\u2013 P\u0101rbaudiet bl\u012bves, vai nav boj\u0101jumu un nopl\u016b\u017eu, un savlaic\u012bgi nomainiet t\u0101s.<\/p>\n<p>\u2013 Regul\u0101ri t\u012briet cilindra korpusu un virzu\u013ca stieni, lai no\u0146emtu net\u012brumus un gru\u017eus.<\/p>\n<p>\u2013 Iev\u0113rojiet ra\u017eot\u0101ja nor\u0101d\u012bjumus par apkopi un remontu.<\/p>\n<p>Instal\u0101cijas rokasgr\u0101mata<\/p>\n<p>Sviras cilindra uzst\u0101d\u012b\u0161anai ir nor\u0101d\u012btas \u0161\u0101das darb\u012bbas:<\/p>\n<p>\u2013 Sagatavojiet uzst\u0101d\u012b\u0161anas vietu un instrumentus.<\/p>\n<p>\u2013 Novietojiet cilindru uz mont\u0101\u017eas virsmas un izl\u012bdziniet skr\u016bvju caurumus.<\/p>\n<p>\u2013 Pievelciet skr\u016bves l\u012bdz nor\u0101d\u012btajam griezes momentam.<\/p>\n<p>\u2013 Pievienojiet hidraulisk\u0101s \u0161\u013c\u016btenes un savienojumus.<\/p>\n<p>\u2013 Uzpildiet hidraulisko sist\u0113mu ar ieteicamo hidraulisko e\u013c\u013cu.<\/p>\n<p>\u2013 P\u0101rbaudiet cilindru, vai nav nopl\u016b\u017eu un vai tas darbojas pareizi.<\/p>\n<p><img decoding=\"async\" src=\"https:\/\/www.hydraulic-cylinders.net\/wp-content\/uploads\/2025\/01\/songte-bushings-with-all-kinds-of-excavator-models.webp\" alt=\"Volvo rite\u0146u ekskavatora EW60C sviras cilindrs (att\u0113ls)\"><\/p>\n<p>Dro\u0161\u012bbas apsv\u0113rumi un vides faktori<\/p>\n<p>Sviras cilindra uzst\u0101d\u012b\u0161anas un ekspluat\u0101cijas laik\u0101 j\u0101iev\u0113ro dro\u0161\u012bbas pas\u0101kumi. Da\u017ei no dro\u0161\u012bbas pas\u0101kumiem ir \u0161\u0101di:<\/p>\n<p>\u2013 Valk\u0101jiet aizsargl\u012bdzek\u013cus, piem\u0113ram, cimdus un aizsargbrilles.<\/p>\n<p>\u2013 Lai izvair\u012btos no traum\u0101m, izmantojiet atbilsto\u0161u cel\u0161anas apr\u012bkojumu.<\/p>\n<p>\u2013 Str\u0101d\u0101jot hidraulisko sist\u0113mu tuvum\u0101, iev\u0113rojiet piesardz\u012bbu, lai izvair\u012btos no traum\u0101m, ko rada augstspiediena \u0161\u0137idrums.<\/p>\n<p>\u2013 Lai nodro\u0161in\u0101tu dro\u0161u ekspluat\u0101ciju, iev\u0113rojiet ra\u017eot\u0101ja nor\u0101d\u012bjumus.<\/p>\n<p>Sviras cilindra ra\u017eo\u0161anas un izv\u0113les laik\u0101 j\u0101\u0146em v\u0113r\u0101 ar\u012b t\u0101di vides faktori k\u0101 temperat\u016bra, mitrums un korozija.<\/p>\n<p>Probl\u0113mu nov\u0113r\u0161ana un bie\u017ei sastopamas probl\u0113mas<\/p>\n<p>Da\u017eas bie\u017ei sastopamas probl\u0113mas ar sviras cilindru ir nopl\u016bdes, nodilums un bl\u012bv\u0113jumu, cilindra un virzu\u013ca stie\u0146a boj\u0101jumi. T\u0101l\u0101k sniegti da\u017ei padomi \u0161o probl\u0113mu nov\u0113r\u0161anai un risin\u0101\u0161anai:<\/p>\n<p>\u2013 P\u0101rbaudiet hidraulisk\u0101s e\u013c\u013cas l\u012bmeni un kvalit\u0101ti un, ja nepiecie\u0161ams, papildiniet vai nomainiet e\u013c\u013cu.<\/p>\n<p>\u2013 P\u0101rbaudiet bl\u012bves, vai nav boj\u0101jumu un nopl\u016b\u017eu, un savlaic\u012bgi nomainiet t\u0101s.<\/p>\n<p>\u2013 P\u0101rbaudiet cilindra korpusu un virzu\u013ca stieni, vai tie nav nodilu\u0161i vai boj\u0101ti, un savlaic\u012bgi nomainiet tos.<\/p>\n<p>\u2013 P\u0101rbaudiet hidraulisk\u0101s \u0161\u013c\u016btenes un savienojumus, vai tiem nav nopl\u016b\u017eu un boj\u0101jumu, un savlaic\u012bgi nomainiet tos.<\/p>\n<p>Prevent\u012bvie pas\u0101kumi, piem\u0113ram, regul\u0101ra p\u0101rbaude un apkope, var pal\u012bdz\u0113t samazin\u0101t iesp\u0113jam\u0101s probl\u0113mas un pagarin\u0101t sviras cilindra kalpo\u0161anas laiku.<\/p>\n<p><img decoding=\"async\" src=\"https:\/\/www.hydraulic-cylinders.net\/wp-content\/uploads\/2025\/01\/songte-chushion-collar.webp\" alt=\"Volvo rite\u0146u ekskavatora EW60C sviras cilindrs (att\u0113ls)\"><\/p>\n<p>Uz\u0146\u0113muma ievads<\/p>\n<p>M\u0113s esam profesion\u0101ls alternat\u012bvo hidraulisko cilindru ra\u017eot\u0101js ar pla\u0161u produktu kl\u0101stu. Esam k\u013cuvu\u0161i par vienu no vado\u0161ajiem hidraulisko cilindru ra\u017eot\u0101jiem un vairumtirdzniec\u012bbas izplat\u012bt\u0101jiem viet\u0113j\u0101 un starptautiskaj\u0101 tirg\u016b. M\u0113s vienm\u0113r iev\u0113rojam izcilas kvalit\u0101tes principu, pa\u013caujoties uz industrializ\u0113t\u0101m ra\u017eo\u0161anas vad\u012bbas strat\u0113\u0123ij\u0101m, un nep\u0101rtraukti uzlabojam savu tehnisko l\u012bmeni un ra\u017eo\u0161anas efektivit\u0101ti. Ievie\u0161ot augstas klases digit\u0101l\u0101s ra\u017eo\u0161anas iek\u0101rtas un profesion\u0101las test\u0113\u0161anas sist\u0113mas, m\u0113s turpin\u0101m optimiz\u0113t ra\u017eo\u0161anas platformu, uzlabot m\u016bsu produktu kvalit\u0101tes kontroles procesu un mums ir sp\u0113c\u012bgas inov\u0101ciju iesp\u0113jas. M\u016bsu m\u0113r\u0137is ir apmierin\u0101t m\u016bsu klientu da\u017e\u0101d\u0101s vajadz\u012bbas, iev\u0113rojot augstu efektivit\u0101ti, precizit\u0101ti un augstas kvalit\u0101tes principus.<\/p>\n<p>M\u016bsu uz\u0146\u0113mums sniedz profesion\u0101lus piel\u0101go\u0161anas pakalpojumus, un m\u016bsu produkti ir ieguvu\u0161i t\u0101dus starptautiskus sertifik\u0101tus k\u0101 CE un ISO9001. Mums ir modernas ra\u017eo\u0161anas iek\u0101rtas un test\u0113\u0161anas iek\u0101rtas, piem\u0113ram, CNC virpas, apstr\u0101des centri un hidraulisko cilindru test\u0113\u0161anas iek\u0101rtas. Ar\u012b m\u016bsu p\u0113cp\u0101rdo\u0161anas serviss ir izcils, nodro\u0161inot savlaic\u012bgu un efekt\u012bvu tehnisko atbalstu un apkopes pakalpojumus m\u016bsu klientiem.<\/p>\n<p><img decoding=\"async\" src=\"https:\/\/www.hydraulic-cylinders.net\/wp-content\/uploads\/2025\/01\/songte-company-4.webp\" alt=\"Volvo rite\u0146u ekskavatora EW60C sviras cilindrs (att\u0113ls)\"><br \/>\n<img decoding=\"async\" src=\"https:\/\/www.hydraulic-cylinders.net\/wp-content\/uploads\/2025\/01\/songte-company-3.webp\" alt=\"Volvo rite\u0146u ekskavatora EW60C sviras cilindrs (att\u0113ls)\"><\/p>\n<p>Autors: Lails.<\/p>","protected":false},"excerpt":{"rendered":"<p>Arm Cylinder for Volvo Wheel Excavator EW60C Introduction Arm cylinder is a specialized hydraulic cylinder designed to provide linear motion and power to the arms of various types of machinery, such as excavators, cranes, and mechanical arms. The arm cylinder plays a crucial role in the hydraulic system, allowing attachments or accessories to move and [&hellip;]<\/p>","protected":false},"featured_media":14766,"comment_status":"open","ping_status":"closed","template":"","meta":{"_et_pb_use_builder":"","_et_pb_old_content":"","_et_gb_content_width":""},"product_brand":[],"product_cat":[1497],"product_tag":[1498,1496],"class_list":{"0":"post-16342","1":"product","2":"type-product","3":"status-publish","4":"has-post-thumbnail","6":"product_cat-arm-cylinders","7":"product_tag-arm-cylinders","8":"product_tag-hydraulic-cylinders","10":"first","11":"instock","12":"shipping-taxable","13":"product-type-simple"},"amp_enabled":true,"_links":{"self":[{"href":"https:\/\/www.hydraulic-cylinders.net\/lv\/wp-json\/wp\/v2\/product\/16342","targetHints":{"allow":["GET"]}}],"collection":[{"href":"https:\/\/www.hydraulic-cylinders.net\/lv\/wp-json\/wp\/v2\/product"}],"about":[{"href":"https:\/\/www.hydraulic-cylinders.net\/lv\/wp-json\/wp\/v2\/types\/product"}],"replies":[{"embeddable":true,"href":"https:\/\/www.hydraulic-cylinders.net\/lv\/wp-json\/wp\/v2\/comments?post=16342"}],"wp:featuredmedia":[{"embeddable":true,"href":"https:\/\/www.hydraulic-cylinders.net\/lv\/wp-json\/wp\/v2\/media\/14766"}],"wp:attachment":[{"href":"https:\/\/www.hydraulic-cylinders.net\/lv\/wp-json\/wp\/v2\/media?parent=16342"}],"wp:term":[{"taxonomy":"product_brand","embeddable":true,"href":"https:\/\/www.hydraulic-cylinders.net\/lv\/wp-json\/wp\/v2\/product_brand?post=16342"},{"taxonomy":"product_cat","embeddable":true,"href":"https:\/\/www.hydraulic-cylinders.net\/lv\/wp-json\/wp\/v2\/product_cat?post=16342"},{"taxonomy":"product_tag","embeddable":true,"href":"https:\/\/www.hydraulic-cylinders.net\/lv\/wp-json\/wp\/v2\/product_tag?post=16342"}],"curies":[{"name":"wp","href":"https:\/\/api.w.org\/{rel}","templated":true}]}}