{"id":16343,"date":"2025-01-20T09:07:31","date_gmt":"2025-01-20T09:07:31","guid":{"rendered":"https:\/\/www.hydraulic-cylinders.net\/product\/arm-cylinderfor-volvo-wheel-excavator-ew145bp\/"},"modified":"2025-01-20T09:07:33","modified_gmt":"2025-01-20T09:07:33","slug":"arm-cylinderfor-volvo-wheel-excavator-ew145bp","status":"publish","type":"product","link":"https:\/\/www.hydraulic-cylinders.net\/lv\/products\/arm-cylinderfor-volvo-wheel-excavator-ew145bp\/","title":{"rendered":"Volvo rite\u0146u ekskavatora EW145BP sviras cilindrs"},"content":{"rendered":"<p>Volvo rite\u0146u ekskavatora EW145BP sviras cilindrs: Kas jums j\u0101zina<\/p>\n<h2>Ievads<\/h2>\n<h3>Volvo rite\u0146u ekskavatora EW145BP defin\u0113jo\u0161\u0101 sviras cilindrs<\/h3>\n<p>Sviras cilindrs ir speci\u0101li izstr\u0101d\u0101ts hidrauliskais cilindrs, ko galvenok\u0101rt izmanto, lai nodro\u0161in\u0101tu line\u0101ru kust\u012bbu un jaudu da\u017e\u0101du veidu ma\u0161\u012bnu, piem\u0113ram, ekskavatoru, celt\u0146u un robotu roku, svir\u0101m. Sviras cilindriem ir iz\u0161\u0137iro\u0161a noz\u012bme hidrauliskaj\u0101s sist\u0113m\u0101s, \u013caujot pielikumiem vai piederumiem p\u0101rvietoties un tikt efekt\u012bvi vad\u012btiem. \u0160ie cilindri ne tikai nodro\u0161ina vienm\u0113r\u012bgu kust\u012bbu, bet ar\u012b var iztur\u0113t lielas slodzes, nodro\u0161inot ma\u0161\u012bnu efekt\u012bvu darb\u012bbu un uzticam\u012bbu da\u017e\u0101dos darba apst\u0101k\u013cos.<\/p>\n<p><img decoding=\"async\" src=\"https:\/\/www.hydraulic-cylinders.net\/wp-content\/uploads\/2025\/01\/songte-company-2.webp\" alt=\"Sviras cilindra att\u0113ls\"><\/p>\n<h3>Volvo rite\u0146u ekskavatora EW145BP sviras cilindra \u012bpa\u0161\u012bbas<\/h3>\n<p>Sviras cilindri pied\u0101v\u0101 virkni funkciju, kas padara tos ide\u0101li piem\u0113rotus lieto\u0161anai da\u017e\u0101d\u0101s ma\u0161\u012bn\u0101s. \u0160eit ir da\u017eas no galvenaj\u0101m \u012bpa\u0161\u012bb\u0101m:<\/p>\n<ul>\n<li><strong>Augstas efektivit\u0101tes p\u0101rraide:<\/strong> Sviras cilindri nodro\u0161ina jaud\u012bgu line\u0101ru kust\u012bbu un sp\u0113ku, garant\u0113jot augstu veiktsp\u0113jas efektivit\u0101ti da\u017e\u0101d\u0101s darb\u012bb\u0101s.<\/li>\n<li><strong>Prec\u012bza kontrole:<\/strong> Izmantojot hidraulisk\u0101s sist\u0113mas, roku cilindri var pan\u0101kt prec\u012bzu kust\u012bbas kontroli, padarot papildu instrumentu darb\u012bbu elast\u012bg\u0101ku un prec\u012bz\u0101ku.<\/li>\n<li><strong>Sp\u0113c\u012bga iztur\u012bba:<\/strong> Sviru cilindri parasti ir izgatavoti no augstas iztur\u012bbas materi\u0101liem, kuriem ir laba nodilumiztur\u012bba un iztur\u012bba pret koroziju, padarot tos piem\u0113rotus ilgsto\u0161ai lieto\u0161anai skarbos apst\u0101k\u013cos.<\/li>\n<li><strong>Daudzfunkcion\u0101la piel\u0101go\u0161an\u0101s sp\u0113ja:<\/strong> \u0160os cilindrus var pla\u0161i izmantot da\u017e\u0101da veida ma\u0161\u012bn\u0101s, piem\u0113ram, ekskavatoros, celt\u0146os un robotiz\u0113t\u0101s rok\u0101s, lai apmierin\u0101tu da\u017e\u0101das darba pras\u012bbas.<\/li>\n<li><strong>Vienk\u0101r\u0161a apkope:<\/strong> Sviru cilindri ir izstr\u0101d\u0101ti, \u0146emot v\u0113r\u0101 to, ka tos ir viegli apkopt un nomain\u012bt, padarot regul\u0101ru p\u0101rbaudi un apkopi \u0113rt\u0101ku un samazinot iek\u0101rtu d\u012bkst\u0101ves laiku.<\/li>\n<\/ul>\n<p>M\u016bsu produkti var lieliski aizst\u0101t \u0161os hidrauliskos cilindrus. M\u0113s pied\u0101v\u0101jam pla\u0161u rezerves da\u013cu kl\u0101stu, tostarp e\u013c\u013cas caurules un bukses, lai apmierin\u0101tu m\u016bsu klientu da\u017e\u0101d\u0101s vajadz\u012bbas.<\/p>\n<p><img decoding=\"async\" src=\"https:\/\/www.hydraulic-cylinders.net\/wp-content\/uploads\/2025\/01\/songte-oil-pipes-and-spare-parts.webp\" alt=\"Hidraulisko cilindru rezerves da\u013cas\"><\/p>\n<h3>Volvo rite\u0146u ekskavatora EW145BP sviras cilindra pielietojums<\/h3>\n<p>Sviru cilindrus var izmantot da\u017e\u0101da veida ma\u0161\u012bn\u0101s da\u017e\u0101d\u0101s nozar\u0113s, tostarp:<\/p>\n<ul>\n<li><strong>B\u016bvniec\u012bba:<\/strong> Ekskavatoros un celt\u0146os str\u0113les cilindri tiek izmantoti, lai kontrol\u0113tu kausa vai str\u0113les kust\u012bbu zemes p\u0101rvieto\u0161anas, materi\u0101lu apstr\u0101des un konstrukciju uzst\u0101d\u012b\u0161anas laik\u0101.<\/li>\n<li><strong>Ra\u017eo\u0161ana:<\/strong> Automatiz\u0113t\u0101s ra\u017eo\u0161anas l\u012bnij\u0101s roku cilindri tiek izmantoti, lai p\u0101rvietotu robotiz\u0113tas rokas mont\u0101\u017eai, metin\u0101\u0161anai un materi\u0101lu apstr\u0101dei, uzlabojot ra\u017eo\u0161anas efektivit\u0101ti un precizit\u0101ti.<\/li>\n<li><strong>Lauksaimniec\u012bbas tehnika:<\/strong> Lauksaimniec\u012bbas ma\u0161\u012bn\u0101s, piem\u0113ram, kombainos un s\u0113jma\u0161\u012bn\u0101s, sviru cilindri kontrol\u0113 vad\u012bbas sviru kust\u012bbu t\u0101diem uzdevumiem k\u0101 s\u0113\u0161ana, m\u0113slo\u0161ana un ra\u017eas nov\u0101k\u0161ana.<\/li>\n<li><strong>Kalnr\u016bpniec\u012bba:<\/strong> Kalnr\u016bpniec\u012bbas iek\u0101rt\u0101s sviru cilindrus izmanto, lai kontrol\u0113tu kalnr\u016bpniec\u012bbas iek\u0101rtu sviru kust\u012bbu kalnr\u016bpniec\u012bb\u0101 un materi\u0101lu apstr\u0101d\u0113.<\/li>\n<li><strong>Lo\u0123istika un transports:<\/strong> Iekr\u0101v\u0113jos un apstr\u0101des robotos roku cilindri tiek izmantoti, lai kontrol\u0113tu pre\u010du cel\u0161anu un p\u0101rvieto\u0161anu, \u013caujot veikt materi\u0101lu apstr\u0101di un sakrau\u0161anu.<\/li>\n<\/ul>\n<h2>Dizaina apsv\u0113rumi un atlases krit\u0113riji<\/h2>\n<h3>Dizaina apsv\u0113rumi<\/h3>\n<p>Projekt\u0113jot cilindra sviras, j\u0101\u0146em v\u0113r\u0101 vair\u0101ki faktori, tostarp:<\/p>\n<ul>\n<li><strong>Nestsp\u0113ja:<\/strong> Sviru cilindriem j\u0101b\u016bt konstru\u0113tiem t\u0101, lai tie iztur\u0113tu maksim\u0101lo slodzi un spiedienu, kas nepiecie\u0161ams konkr\u0113t\u0101m darb\u012bb\u0101m.<\/li>\n<li><strong>Bl\u012bv\u0113jums:<\/strong> Lai nodro\u0161in\u0101tu cilindra herm\u0113tiskumu un herm\u0113tiskumu, ir pareizi j\u0101izv\u0113las un j\u0101uzst\u0101da da\u017e\u0101di bl\u012bv\u0113\u0161anas komponenti, piem\u0113ram, virzu\u013ca bl\u012bvsl\u0113gi \u200b\u200bun stie\u0146a bl\u012bvsl\u0113gi.<\/li>\n<li><strong>Iztur\u012bba:<\/strong> Sviru cilindriem j\u0101b\u016bt izgatavotiem no augstas stipr\u012bbas materi\u0101liem un tiem j\u0101veic visaptvero\u0161a termisk\u0101 apstr\u0101de, lai uzlabotu to nodilumiztur\u012bbu un iztur\u012bbu pret koroziju.<\/li>\n<li><strong>Dro\u0161\u012bba:<\/strong> Balona konstrukcij\u0101 priorit\u0101te j\u0101pie\u0161\u0137ir dro\u0161\u012bbai, tostarp aizsardz\u012bbai pret p\u0101rspiedienu un iesp\u0113jamo apdraud\u0113jumu nov\u0113r\u0161anai, ko rada balona kust\u012bba.<\/li>\n<li><strong>Uzturam\u012bba:<\/strong> Sviru cilindriem j\u0101b\u016bt konstru\u0113tiem t\u0101, lai tos var\u0113tu viegli demont\u0113t, p\u0101rbaud\u012bt un uztur\u0113t, t\u0101d\u0113j\u0101di samazinot d\u012bkst\u0101ves laiku un apkopes izmaksas.<\/li>\n<\/ul>\n<p><img decoding=\"async\" src=\"https:\/\/www.hydraulic-cylinders.net\/wp-content\/uploads\/2025\/01\/songte-cylinder-head-with-all-kinds-excavator-models.webp\" alt=\"Cilindra galvas att\u0113ls\"><\/p>\n<h3>Bl\u012bv\u0113\u0161ana un e\u013c\u013co\u0161ana<\/h3>\n<p>Sviru cilindriem ir nepiecie\u0161ami da\u017e\u0101di bl\u012bv\u0113\u0161anas komponenti, piem\u0113ram, virzu\u013ca bl\u012bv\u0113jumi un stie\u0146a bl\u012bv\u0113jumi, lai nov\u0113rstu gaisa nopl\u016bdi un nodro\u0161in\u0101tu cilindra herm\u0113tiskumu. \u0160iem bl\u012bv\u0113\u0161anas komponentiem j\u0101b\u016bt izgatavotiem no nodilumiztur\u012bgiem materi\u0101liem, piem\u0113ram, poliuret\u0101na un nitrila gumijas, lai nodro\u0161in\u0101tu, ka cilindrs var iztur\u0113t lielas slodzes un efekt\u012bvi darboties skarbos apst\u0101k\u013cos. Cilindra korpuss un v\u012bt\u0146ot\u0101 gala virsma ir r\u016bp\u012bgi j\u0101apstr\u0101d\u0101, lai uzlabotu to nodilumiztur\u012bbu.<\/p>\n<p>Cilindrs ar\u012b regul\u0101ri j\u0101iee\u013c\u013co, un cilindram j\u0101pievieno atbilsto\u0161s hidraulisk\u0101s e\u013c\u013cas daudzums. P\u0101rpild\u012b\u0161ana un nepietiekama cilindra uzpild\u012b\u0161ana var saboj\u0101t cilindru un samazin\u0101t t\u0101 veiktsp\u0113ju.<\/p>\n<h3>Apkope un prevent\u012bvie pas\u0101kumi<\/h3>\n<p>Lai nodro\u0161in\u0101tu sviras cilindra ilgm\u016b\u017e\u012bbu un optim\u0101lu veiktsp\u0113ju, j\u0101veic regul\u0101ras p\u0101rbaudes un profilaktisk\u0101 apkope. \u0160eit ir da\u017ei prevent\u012bvie pas\u0101kumi, kas j\u0101apsver:<\/p>\n<ul>\n<li>Regul\u0101ri p\u0101rbaudiet un nomainiet bl\u012bv\u0113juma komponentus, lai nov\u0113rstu nopl\u016bdes un nodro\u0161in\u0101tu cilindra kalpo\u0161anas laiku.<\/li>\n<li>Regul\u0101ri t\u012briet cilindru, lai nov\u0113rstu putek\u013cu un citu sve\u0161\u0137erme\u0146u iek\u013c\u016b\u0161anu cilindr\u0101.<\/li>\n<li>P\u0101rbaudiet virzu\u013ca stieni, lai konstat\u0113tu boj\u0101jumus vai saliekumu, un, ja nepiecie\u0161ams, nekav\u0113joties nomainiet to.<\/li>\n<li>Lai izvair\u012btos no cilindra un meh\u0101nismu boj\u0101jumiem, nov\u0113rsiet cilindra p\u0101rslodzi un p\u0101rkar\u0161anu.<\/li>\n<li>Uzturiet hidraulisko e\u013c\u013cu t\u012bru un regul\u0101ri nomainiet to, lai saglab\u0101tu cilindra optim\u0101lu darb\u012bbu.<\/li>\n<\/ul>\n<p><img decoding=\"async\" src=\"https:\/\/www.hydraulic-cylinders.net\/wp-content\/uploads\/2025\/01\/songte-chushion-collar.webp\" alt=\"Spilvenu apkakles att\u0113ls\"><\/p>\n<h3>Instal\u0101cijas rokasgr\u0101mata<\/h3>\n<p>Lai uzst\u0101d\u012btu sviras cilindru, veiciet t\u0101l\u0101k nor\u0101d\u012bt\u0101s darb\u012bbas.<\/p>\n<ol>\n<li>P\u0101rliecinieties, vai cilindra modelis atbilst iek\u0101rtas modelim un specifik\u0101cij\u0101m.<\/li>\n<li>Not\u012briet meh\u0101nisma stiprin\u0101juma punktu virsmu.<\/li>\n<li>Uzst\u0101diet cilindru uz iek\u0101rtas, p\u0101rliecinoties, ka cilindrs ir l\u012bdzens un pareizi izl\u012bdzin\u0101ts.<\/li>\n<li>Piestipriniet cilindru pie ma\u0161\u012bnas, izmantojot bultskr\u016bves vai skr\u016bves ar atbilsto\u0161u griezes momentu.<\/li>\n<li>P\u0101rbaudiet cilindra kust\u012bbu, lai p\u0101rliecin\u0101tos, ka tas darbojas vienm\u0113r\u012bgi un efekt\u012bvi.<\/li>\n<\/ol>\n<p><img decoding=\"async\" src=\"https:\/\/www.hydraulic-cylinders.net\/wp-content\/uploads\/2025\/01\/songte-bushings-with-all-kinds-of-excavator-models.webp\" alt=\"Bukses att\u0113ls\"><\/p>\n<h3>Dro\u0161\u012bbas un vides apsv\u0113rumi<\/h3>\n<p>Izmantojot sviras cilindrus, j\u0101veic dro\u0161\u012bbas pas\u0101kumi, lai nov\u0113rstu iesp\u0113jamos apdraud\u0113jumus. Dro\u0161\u012bbas pas\u0101kumi ietver:<\/p>\n<ul>\n<li>R\u012bkojoties ar cilindru, valk\u0101jiet aizsargl\u012bdzek\u013cus, piem\u0113ram, cimdus un aizsargbrilles.<\/li>\n<li>Novietojiet balonu t\u0101l\u0101k no viegli uzliesmojo\u0161iem materi\u0101liem un b\u012bstam\u0101m zon\u0101m, lai izvair\u012btos no ugunsgr\u0113ka, spr\u0101dziena vai balona boj\u0101jumu riska.<\/li>\n<li>Nodro\u0161in\u0101t, lai cilindrs b\u016btu pareizi un dro\u0161i uzst\u0101d\u012bts, lai nov\u0113rstu t\u0101 negaid\u012btu nokri\u0161anu vai p\u0101rvieto\u0161anos.<\/li>\n<li>Izvairieties no balona p\u0101rslodzes un p\u0101rkar\u0161anas, kas var saboj\u0101t balonu un meh\u0101nismu.<\/li>\n<\/ul>\n<h3>Probl\u0113mu nov\u0113r\u0161ana un bie\u017ei sastopamas probl\u0113mas<\/h3>\n<p>\u0160eit ir da\u017eas bie\u017ei sastopamas probl\u0113mas, kas var rasties ar sviru cilindriem:<\/p>\n<ul>\n<li><strong>Nopl\u016bde:<\/strong> Balonam var b\u016bt probl\u0113mas ar bl\u012bv\u0113juma deta\u013c\u0101m vai cilindra korpusu.<\/li>\n<li><strong>P\u0101rkar\u0161ana:<\/strong> Cilindr\u0101 var tikt izmantota nepareiza veida hidraulisk\u0101 e\u013c\u013ca vai ar\u012b tas tiek izmantots p\u0101r\u0101k karst\u0101 laik\u0101.<\/li>\n<li><strong>L\u0113na darb\u012bba:<\/strong> Cilindr\u0101 var b\u016bt zems spiediens vai ar\u012b tam var b\u016bt probl\u0113mas ar hidraulisko sist\u0113mu.<\/li>\n<li><strong>Iestr\u0113dzis cilindrs:<\/strong> Balons var b\u016bt boj\u0101ts vai ar\u012b t\u0101 iek\u0161pus\u0113 var b\u016bt gru\u017ei vai sve\u0161\u0137erme\u0146i.<\/li>\n<li><strong>Neregul\u0101ra kust\u012bba:<\/strong> Cilindrs var neb\u016bt pareizi novietots vai tam var b\u016bt boj\u0101ti virzu\u013ca stie\u0146i.<\/li>\n<\/ul>\n<p>Ja rodas probl\u0113mas, veiciet probl\u0113mu nov\u0113r\u0161anas darb\u012bbas un, ja nepiecie\u0161ams, konsult\u0113jieties ar speci\u0101listu. Lai nov\u0113rstu probl\u0113mas, veiciet regul\u0101ras p\u0101rbaudes un apkopi.<\/p>\n<p><img decoding=\"async\" src=\"https:\/\/www.hydraulic-cylinders.net\/wp-content\/uploads\/2025\/01\/songte-company-4.webp\" alt=\"Uz\u0146\u0113muma t\u0113ls\"><\/p>\n<h2>Par m\u016bsu uz\u0146\u0113mumu<\/h2>\n<p>M\u0113s esam profesion\u0101ls hidraulisko cilindru ra\u017eot\u0101js, kas pied\u0101v\u0101 pla\u0161u produktu kl\u0101stu un ir k\u013cuvis par vienu no vado\u0161ajiem hidraulisko cilindru ra\u017eot\u0101jiem un vairumtirdzniec\u012bbas izplat\u012bt\u0101jiem gan viet\u0113j\u0101, gan starptautiskaj\u0101 tirg\u016b. M\u0113s vienm\u0113r esam iev\u0113roju\u0161i izcilas kvalit\u0101tes principu, pa\u013caujoties uz m\u016bsu sare\u017e\u0123\u012bt\u0101s ra\u017eo\u0161anas darbn\u012bcas industrializ\u0113to ra\u017eo\u0161anas vad\u012bbas strat\u0113\u0123iju, lai nep\u0101rtraukti uzlabotu m\u016bsu tehnisko l\u012bmeni un ra\u017eo\u0161anas efektivit\u0101ti. Ievie\u0161ot augstas klases digit\u0101l\u0101s ra\u017eo\u0161anas iek\u0101rtas un profesion\u0101las test\u0113\u0161anas sist\u0113mas, m\u0113s optimiz\u0113jam savu ra\u017eo\u0161anas platformu un uzlabojam produktu kvalit\u0101tes kontroles procesus, lai nodro\u0161in\u0101tu inovat\u012bvus risin\u0101jumus m\u016bsu klientu da\u017e\u0101daj\u0101m vajadz\u012bb\u0101m.<\/p>\n<p>M\u0113s pied\u0101v\u0101jam pla\u0161u profesion\u0101lu pakalpojumu kl\u0101stu, tostarp starptautisku sertifik\u0101ciju, piel\u0101gotus risin\u0101jumus, augstas kvalit\u0101tes ra\u017eo\u0161anas iek\u0101rtas un izcilu p\u0113cp\u0101rdo\u0161anas apkalpo\u0161anu. M\u016bsu uz\u0146\u0113mums ir ieguvis ISO 9001:2015 sertifik\u0101tu un ir sa\u0146\u0113mis daudzas balvas par m\u016bsu inovat\u012bvajiem risin\u0101jumiem un klientu apmierin\u0101t\u012bbu. M\u0113s esam ap\u0146\u0113mu\u0161ies apmierin\u0101t m\u016bsu klientu vajadz\u012bbas, nodro\u0161inot efekt\u012bvus, prec\u012bzus un augstas kvalit\u0101tes produktus.<\/p>\n<p><img decoding=\"async\" src=\"https:\/\/www.hydraulic-cylinders.net\/wp-content\/uploads\/2025\/01\/songte-company-3.webp\" alt=\"Uz\u0146\u0113muma t\u0113ls\"><\/p>\n<p>Autors: lil<\/p>","protected":false},"excerpt":{"rendered":"<p>Arm Cylinder for Volvo Wheel Excavator EW145BP: What You Need to Know Introduction Defining Arm Cylinder for Volvo Wheel Excavator EW145BP An arm cylinder is a specially designed hydraulic cylinder used primarily to provide linear motion and power for the arms of various types of machinery, such as excavators, cranes, and robotic arms. Arm cylinders [&hellip;]<\/p>","protected":false},"featured_media":14763,"comment_status":"open","ping_status":"closed","template":"","meta":{"_et_pb_use_builder":"","_et_pb_old_content":"","_et_gb_content_width":""},"product_brand":[],"product_cat":[1497],"product_tag":[1498,1496],"class_list":{"0":"post-16343","1":"product","2":"type-product","3":"status-publish","4":"has-post-thumbnail","6":"product_cat-arm-cylinders","7":"product_tag-arm-cylinders","8":"product_tag-hydraulic-cylinders","10":"first","11":"instock","12":"shipping-taxable","13":"product-type-simple"},"amp_enabled":true,"_links":{"self":[{"href":"https:\/\/www.hydraulic-cylinders.net\/lv\/wp-json\/wp\/v2\/product\/16343","targetHints":{"allow":["GET"]}}],"collection":[{"href":"https:\/\/www.hydraulic-cylinders.net\/lv\/wp-json\/wp\/v2\/product"}],"about":[{"href":"https:\/\/www.hydraulic-cylinders.net\/lv\/wp-json\/wp\/v2\/types\/product"}],"replies":[{"embeddable":true,"href":"https:\/\/www.hydraulic-cylinders.net\/lv\/wp-json\/wp\/v2\/comments?post=16343"}],"wp:featuredmedia":[{"embeddable":true,"href":"https:\/\/www.hydraulic-cylinders.net\/lv\/wp-json\/wp\/v2\/media\/14763"}],"wp:attachment":[{"href":"https:\/\/www.hydraulic-cylinders.net\/lv\/wp-json\/wp\/v2\/media?parent=16343"}],"wp:term":[{"taxonomy":"product_brand","embeddable":true,"href":"https:\/\/www.hydraulic-cylinders.net\/lv\/wp-json\/wp\/v2\/product_brand?post=16343"},{"taxonomy":"product_cat","embeddable":true,"href":"https:\/\/www.hydraulic-cylinders.net\/lv\/wp-json\/wp\/v2\/product_cat?post=16343"},{"taxonomy":"product_tag","embeddable":true,"href":"https:\/\/www.hydraulic-cylinders.net\/lv\/wp-json\/wp\/v2\/product_tag?post=16343"}],"curies":[{"name":"wp","href":"https:\/\/api.w.org\/{rel}","templated":true}]}}