{"id":16349,"date":"2025-01-20T09:08:03","date_gmt":"2025-01-20T09:08:03","guid":{"rendered":"https:\/\/www.hydraulic-cylinders.net\/product\/arm-cylinderfor-sany-small-excavator-sy115c-9\/"},"modified":"2025-01-20T09:08:05","modified_gmt":"2025-01-20T09:08:05","slug":"arm-cylinderfor-sany-small-excavator-sy115c-9","status":"publish","type":"product","link":"https:\/\/www.hydraulic-cylinders.net\/lv\/products\/arm-cylinderfor-sany-small-excavator-sy115c-9\/","title":{"rendered":"Sany maz\u0101 ekskavatora SY115C-9 sviras cilindrs"},"content":{"rendered":"<p>Sany maz\u0101 ekskavatora SY115C-9 sviras cilindrs<\/p>\n<p>Sviras cilindrs ir speci\u0101li izstr\u0101d\u0101ts hidrauliskais cilindrs, ko izmanto, lai nodro\u0161in\u0101tu line\u0101ru kust\u012bbu un jaudu da\u017e\u0101du ma\u0161\u012bnu, piem\u0113ram, ekskavatoru, celt\u0146u un robotiz\u0113tu roku, svirai. Tam ir iz\u0161\u0137iro\u0161a noz\u012bme hidrauliskaj\u0101s sist\u0113m\u0101s, \u013caujot pielikumiem vai piederumiem efekt\u012bvi p\u0101rvietoties un vad\u012bt. \u0160ie cilindri ne tikai nodro\u0161ina vienm\u0113r\u012bgu kust\u012bbu, bet ar\u012b iztur lielas slodzes, nodro\u0161inot augstu iek\u0101rtas efektivit\u0101ti un uzticam\u012bbu da\u017e\u0101dos ekspluat\u0101cijas apst\u0101k\u013cos.<\/p>\n<p>Defin\u012bcija un skaidrojums<\/p>\n<p>Sviras cilindri ir hidrauliskie cilindri, kas nodro\u0161ina jaudu un line\u0101ru kust\u012bbu tehnikas svirai. Tie ir paredz\u0113ti, lai iztur\u0113tu lielas slodzes un skarbu vidi, nodro\u0161inot vienm\u0113r\u012bgas un prec\u012bzas kust\u012bbas. Sviras cilindrs ir b\u016btiska hidraulisko sist\u0113mu sast\u0101vda\u013ca, kas \u013cauj prec\u012bzi un prec\u012bzi vad\u012bt da\u017e\u0101dus stiprin\u0101jumus. \u0160ie cilindri ir izgatavoti no augstas iztur\u012bbas materi\u0101liem, nodro\u0161inot iztur\u012bbu, nodilumiztur\u012bbu un iztur\u012bbu pret koroziju.<\/p>\n<p>Funkcijas<\/p>\n<p>1. Augstas efektivit\u0101tes transmisija: Sviras cilindri nodro\u0161ina sp\u0113c\u012bgu line\u0101ru kust\u012bbu un sp\u0113ku, garant\u0113jot augstu efektivit\u0101ti da\u017e\u0101d\u0101s darb\u012bb\u0101s.<\/p>\n<p>2. Prec\u012bza vad\u012bba: Sviru cilindri nodro\u0161ina prec\u012bzu kust\u012bbas vad\u012bbu, izmantojot hidraulisk\u0101s sist\u0113mas, padarot to elast\u012bgu un prec\u012bzu agreg\u0101tu vad\u012b\u0161anu.<\/p>\n<p>3. Augsta iztur\u012bba: Sviru cilindri parasti ir izgatavoti no augstas iztur\u012bbas materi\u0101liem, kas nodro\u0161ina iztur\u012bbu pret nodilumu un koroziju, piem\u0113roti ilgsto\u0161ai lieto\u0161anai skarbos apst\u0101k\u013cos.<\/p>\n<p>4. Daudzfunkcion\u0101la piel\u0101go\u0161an\u0101s sp\u0113ja: \u0161os cilindrus var pla\u0161i izmantot da\u017e\u0101d\u0101s ma\u0161\u012bn\u0101s, piem\u0113ram, ekskavatoros, celt\u0146os un robotiz\u0113t\u0101s rok\u0101s, piel\u0101gojoties da\u017e\u0101d\u0101m ekspluat\u0101cijas vajadz\u012bb\u0101m.<\/p>\n<p>5. Vienk\u0101r\u0161a apkope: Izstr\u0101d\u0101ts, \u0146emot v\u0113r\u0101 vienk\u0101r\u0161u apkopi un nomai\u0146u, tas padara regul\u0101ru p\u0101rbaudi un apkopi \u0113rt\u0101ku, samazinot iek\u0101rtu d\u012bkst\u0101ves laiku.<\/p>\n<p>M\u0113s varam ra\u017eot \u0161o produktu, un m\u016bsu produkts var lieliski aizst\u0101t \u0161os hidrauliskos cilindrus.<\/p>\n<p>Pieteikumi<\/p>\n<p>Sviru cilindri tiek pla\u0161i izmantoti da\u017e\u0101d\u0101s nozar\u0113s, piem\u0113ram:<\/p>\n<p>1. B\u016bvniec\u012bbas in\u017eenierija: Sviru cilindri kontrol\u0113 kausu vai celt\u0146u kust\u012bbu ekskavatoros un celt\u0146os, ko izmanto zemes darbos, materi\u0101lu apstr\u0101d\u0113 un konstrukciju uzst\u0101d\u012b\u0161an\u0101.<\/p>\n<p>2. Ra\u017eo\u0161ana: Roku cilindri tiek izmantoti robotiz\u0113tu roku kust\u012bb\u0101 automatiz\u0113t\u0101s ra\u017eo\u0161anas l\u012bnij\u0101s, mont\u0101\u017e\u0101, metin\u0101\u0161an\u0101 un apstr\u0101d\u0113, uzlabojot ra\u017eo\u0161anas efektivit\u0101ti un precizit\u0101ti.<\/p>\n<p>3. Lauksaimniec\u012bbas tehnika: Sviru cilindri kontrol\u0113 vad\u012bbas sviru kust\u012bbu lauksaimniec\u012bbas tehnik\u0101, piem\u0113ram, kombainos un s\u0113jma\u0161\u012bn\u0101s, ko izmanto s\u0113\u0161anas, m\u0113slo\u0161anas un ra\u017eas nov\u0101k\u0161anas darbos.<\/p>\n<p>4. Kalnr\u016bpniec\u012bba: Rokas cilindri kontrol\u0113 kalnr\u016bpniec\u012bbas iek\u0101rtu rokas kust\u012bbu, ko izmanto miner\u0101lu ieguv\u0113 un transport\u0113\u0161an\u0101.<\/p>\n<p>5. Lo\u0123istika un transport\u0113\u0161ana: Roku cilindri kontrol\u0113 dak\u0161u pacel\u0161anu un kust\u012bbu iekr\u0101v\u0113jos un apstr\u0101des robotos, ko izmanto materi\u0101lu apstr\u0101d\u0113 un krau\u0161an\u0101.<\/p>\n<p>Dizaina apsv\u0113rumi un atlases krit\u0113riji<\/p>\n<p>Izv\u0113loties cilindra sviras, j\u0101\u0146em v\u0113r\u0101 vair\u0101ki konstrukcijas apsv\u0113rumi un atlases krit\u0113riji, piem\u0113ram:<\/p>\n<p>1. Nestsp\u0113ja: Sviru cilindriem j\u0101b\u016bt ar pietiekamu nestsp\u0113ju, lai atbalst\u012btu iek\u0101rtas svaru un iztur\u0113tu lielas slodzes.<\/p>\n<p>2. Bl\u012bv\u0113juma veiktsp\u0113ja: Bl\u012bv\u0113juma veiktsp\u0113ja tie\u0161i ietekm\u0113 cilindra kalpo\u0161anas laiku un uzticam\u012bbu, k\u0101 ar\u012b t\u0101 apkopes pras\u012bbas.<\/p>\n<p>3. Iztur\u012bba: Sviru cilindriem j\u0101b\u016bt izgatavotiem no iztur\u012bgiem materi\u0101liem un j\u0101iztur skarbi vides apst\u0101k\u013ci, lai nodro\u0161in\u0101tu ilgu kalpo\u0161anas laiku.<\/p>\n<p>4. Dro\u0161\u012bba: Sviru cilindriem j\u0101b\u016bt konstru\u0113tiem ar dro\u0161\u012bbas funkcij\u0101m, lai nov\u0113rstu negad\u012bjumus un nodro\u0161in\u0101tu dro\u0161u lieto\u0161anu.<\/p>\n<p>5. Apkope: Lai samazin\u0101tu iek\u0101rtu d\u012bkst\u0101ves laiku, sviru cilindriem j\u0101b\u016bt viegli kopjamiem un nomain\u0101miem.<\/p>\n<p>Bl\u012bv\u0113\u0161ana un e\u013c\u013co\u0161ana<\/p>\n<p>Lai nodro\u0161in\u0101tu cilindra kalpo\u0161anas laiku un veiktsp\u0113ju, j\u0101veic da\u017e\u0101di bl\u012bv\u0113\u0161anas pas\u0101kumi, piem\u0113ram, j\u0101izmanto da\u017e\u0101di bl\u012bv\u0113\u0161anas komponenti, tostarp virzu\u013ca bl\u012bv\u0113jumi un stie\u0146a bl\u012bv\u0113jumi, kas izgatavoti no nodilumiztur\u012bgiem materi\u0101liem, piem\u0113ram, poliuret\u0101na un nitrila gumijas. Cilindra korpuss un v\u012bt\u0146ot\u0101 gala virsma ir smalki apstr\u0101d\u0101ta, lai uzlabotu nodilumiztur\u012bbu. Regul\u0101ri j\u0101pievieno atbilsto\u0161s hidraulisk\u0101s e\u013c\u013cas daudzums e\u013c\u013co\u0161anai.<\/p>\n<p>Apkope un profilakse<\/p>\n<p>Lai nodro\u0161in\u0101tu cilindra darb\u012bbu, ir nepiecie\u0161ama regul\u0101ra p\u0101rbaude un apkope, tostarp herm\u0113tiskuma, virzu\u013ca stie\u0146a nodiluma un gaisa kl\u0101tb\u016btnes hidrauliskaj\u0101 sist\u0113m\u0101 p\u0101rbaude. Lai izvair\u012btos no iesp\u0113jam\u0101m probl\u0113m\u0101m, j\u0101veic piesardz\u012bbas pas\u0101kumi, piem\u0113ram, j\u0101p\u0101rbauda e\u013c\u013cas l\u012bmenis un temperat\u016bra, j\u0101nodro\u0161ina hidraulisk\u0101s sist\u0113mas t\u012br\u012bba un j\u0101veic regul\u0101ra apkope.<\/p>\n<p>Instal\u0101cijas rokasgr\u0101mata<\/p>\n<p>1. No\u0146emiet ori\u0123in\u0101lo cilindru un not\u012briet uzst\u0101d\u012b\u0161anas virsmu.<\/p>\n<p>2. Uzst\u0101diet bukses, kuras tiek izv\u0113l\u0113tas atbilsto\u0161i cilindram un apr\u012bkojuma modelim.<\/p>\n<p>3. Uzst\u0101diet sviras cilindru, piev\u0113r\u0161ot uzman\u012bbu cilindra virzienam.<\/p>\n<p>4. Pievelciet skr\u016bves un uzgrie\u017e\u0146us l\u012bdz nor\u0101d\u012btajam griezes momentam.<\/p>\n<p>Dro\u0161\u012bbas apsv\u0113rumi un vides faktori<\/p>\n<p>Izmantojot sviras cilindrus, dro\u0161\u012bbai ir j\u0101b\u016bt galvenajai priorit\u0101tei. Iek\u0101rtas j\u0101izmanto kvalific\u0113tam person\u0101lam, un regul\u0101ri j\u0101p\u0101rbauda t\u0101das dro\u0161\u012bbas funkcijas k\u0101 av\u0101rijas aptur\u0113\u0161anas pogas un dro\u0161\u012bbas p\u0101rsegi. R\u012bkojoties ar hidraulisko e\u013c\u013cu, kas var b\u016bt b\u012bstama videi, j\u0101iev\u0113ro atbilsto\u0161i piesardz\u012bbas pas\u0101kumi.<\/p>\n<p>K\u013c\u016bmju diagnostika un bie\u017ei sastopam\u0101s probl\u0113mas<\/p>\n<p>Bie\u017ei sastopamas probl\u0113mas ar sviras cilindriem ir nopl\u016bdes, nepietiekama jauda un nevienm\u0113r\u012bga kust\u012bba. \u0160\u012bs probl\u0113mas var diagnostic\u0113t, p\u0101rbaudot bl\u012bv\u0113juma veiktsp\u0113ju, hidraulisko sist\u0113mu un cilindra k\u0101ta nodilumu. Ja nepiecie\u0161ams, cilindrs ir j\u0101remont\u0113 vai j\u0101nomaina.<\/p>\n<p>Secin\u0101jums<\/p>\n<p>M\u0113s esam profesion\u0101ls rezerves hidraulisko cilindru ra\u017eot\u0101js, kas pied\u0101v\u0101 pla\u0161u produktu un pakalpojumu kl\u0101stu. M\u016bsu produkti ir pla\u0161i atz\u012bti par vienu no vado\u0161ajiem hidraulisko cilindru ra\u017eot\u0101jiem un vairumtirgot\u0101jiem vis\u0101 pasaul\u0113. M\u0113s vienm\u0113r iev\u0113rojam izcilas kvalit\u0101tes principu un nep\u0101rtraukti uzlabojam savu ra\u017eo\u0161anas efektivit\u0101ti un tehnolo\u0123ijas. M\u016bsu m\u0113r\u0137is ir apmierin\u0101t klientu da\u017e\u0101d\u0101s vajadz\u012bbas ar augstu efektivit\u0101ti, precizit\u0101ti un augstas kvalit\u0101tes produktiem.<\/p>\n<p>M\u0113s esam specializ\u0113ts uz\u0146\u0113mums ar starptautisku sertifik\u0101ciju, piel\u0101go\u0161anas pakalpojumiem, modernu ra\u017eo\u0161anas apr\u012bkojumu un visaptvero\u0161iem p\u0113cp\u0101rdo\u0161anas pakalpojumiem. M\u016bsu produkti tiek pla\u0161i izmantoti da\u017e\u0101d\u0101s nozar\u0113s, piem\u0113ram, b\u016bvniec\u012bb\u0101, ra\u017eo\u0161an\u0101, lauksaimniec\u012bb\u0101, ieguves r\u016bpniec\u012bb\u0101 un lo\u0123istik\u0101.<\/p>","protected":false},"excerpt":{"rendered":"<p>Arm Cylinder for Sany Small Excavator SY115C-9 Arm cylinder is a specially designed hydraulic cylinder used to provide linear motion and power to the arm of various machinery such as excavators, cranes, and robotic arms. It plays a crucial role in hydraulic systems, enabling attachments or accessories to move and be controlled effectively. These cylinders [&hellip;]<\/p>","protected":false},"featured_media":14774,"comment_status":"open","ping_status":"closed","template":"","meta":{"_et_pb_use_builder":"","_et_pb_old_content":"","_et_gb_content_width":""},"product_brand":[],"product_cat":[1497],"product_tag":[1498,1496],"class_list":{"0":"post-16349","1":"product","2":"type-product","3":"status-publish","4":"has-post-thumbnail","6":"product_cat-arm-cylinders","7":"product_tag-arm-cylinders","8":"product_tag-hydraulic-cylinders","10":"first","11":"instock","12":"shipping-taxable","13":"product-type-simple"},"amp_enabled":true,"_links":{"self":[{"href":"https:\/\/www.hydraulic-cylinders.net\/lv\/wp-json\/wp\/v2\/product\/16349","targetHints":{"allow":["GET"]}}],"collection":[{"href":"https:\/\/www.hydraulic-cylinders.net\/lv\/wp-json\/wp\/v2\/product"}],"about":[{"href":"https:\/\/www.hydraulic-cylinders.net\/lv\/wp-json\/wp\/v2\/types\/product"}],"replies":[{"embeddable":true,"href":"https:\/\/www.hydraulic-cylinders.net\/lv\/wp-json\/wp\/v2\/comments?post=16349"}],"wp:featuredmedia":[{"embeddable":true,"href":"https:\/\/www.hydraulic-cylinders.net\/lv\/wp-json\/wp\/v2\/media\/14774"}],"wp:attachment":[{"href":"https:\/\/www.hydraulic-cylinders.net\/lv\/wp-json\/wp\/v2\/media?parent=16349"}],"wp:term":[{"taxonomy":"product_brand","embeddable":true,"href":"https:\/\/www.hydraulic-cylinders.net\/lv\/wp-json\/wp\/v2\/product_brand?post=16349"},{"taxonomy":"product_cat","embeddable":true,"href":"https:\/\/www.hydraulic-cylinders.net\/lv\/wp-json\/wp\/v2\/product_cat?post=16349"},{"taxonomy":"product_tag","embeddable":true,"href":"https:\/\/www.hydraulic-cylinders.net\/lv\/wp-json\/wp\/v2\/product_tag?post=16349"}],"curies":[{"name":"wp","href":"https:\/\/api.w.org\/{rel}","templated":true}]}}