{"id":16350,"date":"2025-01-20T09:08:07","date_gmt":"2025-01-20T09:08:07","guid":{"rendered":"https:\/\/www.hydraulic-cylinders.net\/product\/arm-cylinderfor-sany-small-excavator-sy135c-9\/"},"modified":"2025-01-20T09:08:10","modified_gmt":"2025-01-20T09:08:10","slug":"arm-cylinderfor-sany-small-excavator-sy135c-9","status":"publish","type":"product","link":"https:\/\/www.hydraulic-cylinders.net\/lv\/products\/arm-cylinderfor-sany-small-excavator-sy135c-9\/","title":{"rendered":"Sany maz\u0101 ekskavatora SY135C-9 sviras cilindrs"},"content":{"rendered":"<h2>Sany maz\u0101 ekskavatora SY135C-9 rokas cilindrs<\/h2>\n<p>Sviras cilindrs ir speci\u0101li izstr\u0101d\u0101ts hidrauliskais cilindrs, ko izmanto, lai nodro\u0161in\u0101tu line\u0101ru kust\u012bbu un jaudu da\u017e\u0101du veidu ma\u0161\u012bnu, piem\u0113ram, ekskavatoru, celt\u0146u un robotiz\u0113tu roku, svirai. Sviras cilindram ir iz\u0161\u0137iro\u0161a noz\u012bme hidrauliskaj\u0101s sist\u0113m\u0101s, nodro\u0161inot efekt\u012bvu papildu instrumentu vai stiprin\u0101jumu kust\u012bbu un vad\u012bbu. \u0160ie cilindri ne tikai nodro\u0161ina vienm\u0113r\u012bgu kust\u012bbu, bet ar\u012b iztur lielas slodzes, nodro\u0161inot ma\u0161\u012bnu efekt\u012bvu darb\u012bbu un uzticam\u012bbu da\u017e\u0101dos darba apst\u0101k\u013cos.<\/p>\n<p><img decoding=\"async\" src=\"https:\/\/www.hydraulic-cylinders.net\/wp-content\/uploads\/2025\/01\/songte-company-2.webp\" alt=\"Sviras cilindra att\u0113ls\"><\/p>\n<h3>Sviras cilindra \u012bpa\u0161\u012bbas:<\/h3>\n<ol>\n<li>Augstas efektivit\u0101tes transmisija: Sviras cilindrs nodro\u0161ina jaud\u012bgu line\u0101ru kust\u012bbu un sp\u0113ku, garant\u0113jot meh\u0101nisk\u0101s sviras augstu veiktsp\u0113ju da\u017e\u0101d\u0101s darb\u012bb\u0101s.<\/li>\n<li>Prec\u012bza vad\u012bba: Izmantojot hidraulisko sist\u0113mu, rokas cilindrs nodro\u0161ina prec\u012bzu kust\u012bbas vad\u012bbu, padarot pievienoto instrumentu darb\u012bbu elast\u012bg\u0101ku un prec\u012bz\u0101ku.<\/li>\n<li>Augsta iztur\u012bba: Sviru cilindri parasti tiek ra\u017eoti, izmantojot augstas iztur\u012bbas materi\u0101lus, kas nodro\u0161ina izcilu nodilumiztur\u012bbu un korozijas iztur\u012bbu, padarot tos piem\u0113rotus ilgsto\u0161ai lieto\u0161anai skarbos apst\u0101k\u013cos.<\/li>\n<li>Daudzfunkcion\u0101la piel\u0101go\u0161an\u0101s sp\u0113ja: \u0160ie cilindri ir pla\u0161i piem\u0113rojami da\u017e\u0101d\u0101m ma\u0161\u012bn\u0101m, piem\u0113ram, ekskavatoriem, celt\u0146iem un robotiz\u0113t\u0101m rok\u0101m, piel\u0101gojoties da\u017e\u0101d\u0101m darba pras\u012bb\u0101m.<\/li>\n<li>Vienk\u0101r\u0161a apkope: Projekt\u0113jot \u0146emta v\u0113r\u0101 apkopes un nomai\u0146as vienk\u0101r\u0161\u012bba, padarot regul\u0101ras p\u0101rbaudes un apkopi \u0113rt\u0101ku, samazinot iek\u0101rtu d\u012bkst\u0101ves laiku.<\/li>\n<\/ol>\n<p><img decoding=\"async\" src=\"https:\/\/www.hydraulic-cylinders.net\/wp-content\/uploads\/2025\/01\/songte-oil-pipes-and-spare-parts.webp\" alt=\"Sviras cilindra rezerves da\u013cu att\u0113ls\"><\/p>\n<p>M\u016bsu pied\u0101v\u0101tais sviras cilindrs ir ide\u0101ls \u0161o hidraulisko cilindru aizvietot\u0101js. <\/p>\n<h3>Rokas cilindra pielietojums:<\/h3>\n<p>1. B\u016bvniec\u012bbas in\u017eenierija: Ekskavatoros un celt\u0146os sviras cilindrs tiek izmantots, lai vad\u012btu kausu vai str\u0113les kust\u012bbu, veicot zemes darbus, materi\u0101lu apstr\u0101di un konstrukciju uzst\u0101d\u012b\u0161anu.<\/p>\n<p>2. Ra\u017eo\u0161anas nozare: Automatiz\u0113t\u0101s ra\u017eo\u0161anas l\u012bnij\u0101s rokas cilindrs tiek izmantots robotiz\u0113tu roku p\u0101rvieto\u0161anai, mont\u0101\u017eas, metin\u0101\u0161anas un apstr\u0101des procesu veik\u0161anai, uzlabojot ra\u017eo\u0161anas efektivit\u0101ti un precizit\u0101ti.<\/p>\n<p>3. Lauksaimniec\u012bbas tehnika: Lauksaimniec\u012bbas ma\u0161\u012bn\u0101s, piem\u0113ram, kombainos un s\u0113jma\u0161\u012bn\u0101s, sviras cilindrs kontrol\u0113 darbin\u0101\u0161anas sviru kust\u012bbu, veicot t\u0101dus uzdevumus k\u0101 s\u0113\u0161ana, m\u0113slo\u0161ana un ra\u017eas nov\u0101k\u0161ana.<\/p>\n<p>4. Kalnr\u016bpniec\u012bba: Kalnr\u016bpniec\u012bbas iek\u0101rt\u0101s rokas cilindrs tiek izmantots, lai kontrol\u0113tu kalnr\u016bpniec\u012bbas ma\u0161\u012bnu rokas kust\u012bbu, atvieglojot r\u016bdas ieguvi un transport\u0113\u0161anu.<\/p>\n<p>5. Lo\u0123istika un transport\u0113\u0161ana: Iekr\u0101v\u0113jos un apstr\u0101des robotos sviras cilindrs tiek izmantots, lai kontrol\u0113tu dak\u0161u pacel\u0161anu un kust\u012bbu, nodro\u0161inot materi\u0101lu apstr\u0101di un sakrau\u0161anu.<\/p>\n<h3>Dizaina apsv\u0113rumi un atlases krit\u0113riji:<\/h3>\n<p>Run\u0101jot par sviras cilindru projekt\u0113\u0161anas apsv\u0113rumiem un izv\u0113les krit\u0113rijiem, iz\u0161\u0137iro\u0161a noz\u012bme ir vair\u0101kiem faktoriem:<\/p>\n<ol>\n<li>Nestsp\u0113ja: Sviras cilindram j\u0101sp\u0113j iztur\u0113t paredzam\u0101s slodzes un sp\u0113kus ekspluat\u0101cijas laik\u0101.<\/li>\n<li>Bl\u012bv\u0113\u0161anas sp\u0113ja: Lai nodro\u0161in\u0101tu efekt\u012bvu bl\u012bv\u0113\u0161anu, j\u0101izmanto da\u017e\u0101di bl\u012bv\u0113\u0161anas komponenti, piem\u0113ram, virzu\u013ca bl\u012bvsl\u0113gi \u200b\u200bun stie\u0146a bl\u012bvsl\u0113gi. \u0160iem bl\u012bvsl\u0113giem parasti izv\u0113las poliuret\u0101nu un nitrila gumiju k\u0101 nodilumiztur\u012bgus materi\u0101lus.<\/li>\n<li>Iztur\u012bba: Cilindra korpuss un v\u012bt\u0146otie gali ir r\u016bp\u012bgi j\u0101apstr\u0101d\u0101, lai uzlabotu nodilumiztur\u012bbu. Lai nodro\u0161in\u0101tu pareizu darb\u012bbu, ir nepiecie\u0161ama regul\u0101ra e\u013c\u013co\u0161ana ar atbilsto\u0161u hidraulisko e\u013c\u013cu.<\/li>\n<li>Dro\u0161\u012bba: Hidrauliskaj\u0101 sist\u0113m\u0101 j\u0101iek\u013cauj dro\u0161\u012bbas pas\u0101kumi, piem\u0113ram, spiediena samazin\u0101\u0161anas v\u0101rsti, lai nov\u0113rstu p\u0101rm\u0113r\u012bgu spiedienu un nodro\u0161in\u0101tu dro\u0161u darb\u012bbu.<\/li>\n<li>Uzturam\u012bba: Projektam j\u0101veicina vienk\u0101r\u0161a apkope un remonts, \u013caujot \u0101tri p\u0101rbaud\u012bt un nomain\u012bt komponentus, t\u0101d\u0113j\u0101di samazinot d\u012bkst\u0101ves laiku.<\/li>\n<\/ol>\n<p><img decoding=\"async\" src=\"https:\/\/www.hydraulic-cylinders.net\/wp-content\/uploads\/2025\/01\/songte-cylinder-head-with-all-kinds-excavator-models.webp\" alt=\"Sviras cilindra dizaina att\u0113ls\"><\/p>\n<h3>Sviras cilindra bl\u012bv\u0113\u0161ana un e\u013c\u013co\u0161ana:<\/h3>\n<p>Sviru cilindros tiek izmantoti da\u017e\u0101di bl\u012bv\u0113\u0161anas komponenti, tostarp virzu\u013ca bl\u012bv\u0113jumi, stie\u0146a bl\u012bv\u0113jumi utt., kas ir izgatavoti no nodilumiztur\u012bgiem materi\u0101liem, piem\u0113ram, poliuret\u0101na un nitrila gumijas. Cilindra korpuss un v\u012bt\u0146otie gali tiek r\u016bp\u012bgi apstr\u0101d\u0101ti, lai uzlabotu nodilumiztur\u012bbu. Lai nodro\u0161in\u0101tu vienm\u0113r\u012bgu darb\u012bbu, ir nepiecie\u0161ama regul\u0101ra e\u013c\u013co\u0161ana ar atbilsto\u0161u hidraulisk\u0101s e\u013c\u013cas daudzumu.<\/p>\n<h3>Regul\u0101ra p\u0101rbaude un profilaktisk\u0101 apkope:<\/h3>\n<p>Lai nodro\u0161in\u0101tu optim\u0101lu sviras cilindra veiktsp\u0113ju un ilgm\u016b\u017e\u012bbu, ir svar\u012bgi veikt regul\u0101ras p\u0101rbaudes un profilaktisko apkopi:<\/p>\n<ol>\n<li>P\u0101rbaudiet, vai cilindra korpusam, bl\u012bv\u0113m un v\u012bt\u0146otajiem galiem nav nodiluma vai boj\u0101jumu paz\u012bmju.<\/li>\n<li>Regul\u0101ri p\u0101rbaudiet un t\u012briet hidraulisko sist\u0113mu, lai nov\u0113rstu pies\u0101r\u0146ot\u0101ju uzkr\u0101\u0161anos.<\/li>\n<li>Uzraudz\u012bt un uztur\u0113t atbilsto\u0161u hidraulisk\u0101s e\u013c\u013cas l\u012bmeni un kvalit\u0101ti.<\/li>\n<li>Pievelciet visus va\u013c\u012bgos savienojumus vai stiprin\u0101jumus.<\/li>\n<li>Iev\u0113rojiet ra\u017eot\u0101ja nor\u0101d\u012bjumus par apkopes grafikiem un proced\u016br\u0101m.<\/li>\n<\/ol>\n<h3>Pareizas uzst\u0101d\u012b\u0161anas rokasgr\u0101mata:<\/h3>\n<p>Uzst\u0101dot sviras cilindru, r\u012bkojieties \u0161\u0101di:<\/p>\n<ol>\n<li>P\u0101rliecinieties, vai ekskavators vai cita tehnika ir izsl\u0113gta un hidrauliskaj\u0101 sist\u0113m\u0101 nav spiediena.<\/li>\n<li>Dro\u0161i piestipriniet sviras cilindru pie nor\u0101d\u012btajiem stiprin\u0101juma punktiem, iev\u0113rojot iek\u0101rtas specifik\u0101cijas.<\/li>\n<li>Pievienojiet hidraulisk\u0101s \u0161\u013c\u016btenes atbilsto\u0161aj\u0101m piesl\u0113gviet\u0101m, nodro\u0161inot pareizu bl\u012bv\u0113jumu.<\/li>\n<li>S\u0101kotn\u0113j\u0101s darb\u012bbas laik\u0101 p\u0101rbaudiet, vai nav nopl\u016b\u017eu vai neparastu kust\u012bbu.<\/li>\n<li>P\u0101rbaudiet sviras cilindra funkcionalit\u0101ti un kust\u012bbu da\u017e\u0101dos darba apst\u0101k\u013cos.<\/li>\n<\/ol>\n<p><img decoding=\"async\" src=\"https:\/\/www.hydraulic-cylinders.net\/wp-content\/uploads\/2025\/01\/songte-bushings-with-all-kinds-of-excavator-models.webp\" alt=\"Sviras cilindra uzst\u0101d\u012b\u0161anas att\u0113ls\"><\/p>\n<h3>Dro\u0161\u012bbas apsv\u0113rumi un vides faktori:<\/h3>\n<p>Izmantojot sviras cilindrus, ir svar\u012bgi noteikt dro\u0161\u012bbas pas\u0101kumu priorit\u0101ti to pielietojuma rakstura d\u0113\u013c. Atbilsto\u0161u dro\u0161\u012bbas pas\u0101kumu ievie\u0161ana, piem\u0113ram, operatoru apm\u0101c\u012bba, regul\u0101ras p\u0101rbaudes un dro\u0161\u012bbas vadl\u012bniju iev\u0113ro\u0161ana, ir \u0101rk\u0101rt\u012bgi svar\u012bga, lai nov\u0113rstu negad\u012bjumus un nodro\u0161in\u0101tu dro\u0161u darba vidi.<\/p>\n<h3>Probl\u0113mu nov\u0113r\u0161ana un bie\u017ei sastopamas probl\u0113mas:<\/h3>\n<p>1. Nopl\u016bde: P\u0101rbaudiet, vai nav boj\u0101tu bl\u012bv\u0113jumu vai va\u013c\u012bgu savienojumu. Ja nepiecie\u0161ams, nomainiet bl\u012bv\u0113jumus un k\u0101rt\u012bgi pievelciet savienojumus.<\/p>\n<p>2. Neregul\u0101ras kust\u012bbas vai iespr\u016b\u0161ana: p\u0101rbaudiet, vai hidrauliskaj\u0101 sist\u0113m\u0101 nav gru\u017eu vai pies\u0101r\u0146ojuma. P\u0113c nepiecie\u0161am\u012bbas not\u012briet vai izskalojiet sist\u0113mu.<\/p>\n<p>3. Nepietiekama jauda: p\u0101rbaudiet hidraulisk\u0101s e\u013c\u013cas l\u012bmeni un kvalit\u0101ti. P\u0101rliecinieties, vai cilindrs nav p\u0101rslogots un vai hidrauliskaj\u0101s l\u012bnij\u0101s nav ierobe\u017eojumu.<\/p>\n<p>4. Neparasts troksnis: p\u0101rbaudiet, vai nav va\u013c\u012bgu vai nolietotu deta\u013cu. Attiec\u012bgi iee\u013c\u013cojiet vai nomainiet deta\u013cas.<\/p>\n<p>5. Cilindra nob\u012bde: p\u0101rbaudiet, vai nav iek\u0161\u0113ju nopl\u016b\u017eu vai nolietotu bl\u012bv\u0113jumu. Ja nepiecie\u0161ams, nomainiet bl\u012bv\u0113jumus.<\/p>\n<p>Iev\u0113rojot \u0161os probl\u0113mu nov\u0113r\u0161anas padomus un pied\u0101v\u0101jot risin\u0101jumus, las\u012bt\u0101ji var efekt\u012bvi diagnostic\u0113t un nov\u0113rst probl\u0113mas, k\u0101 ar\u012b ieviest prevent\u012bvus pas\u0101kumus, lai samazin\u0101tu potenci\u0101lo probl\u0113mu risku.<\/p>\n<p><img decoding=\"async\" src=\"https:\/\/www.hydraulic-cylinders.net\/wp-content\/uploads\/2025\/01\/songte-chushion-collar.webp\" alt=\"Sviras cilindra probl\u0113mu nov\u0113r\u0161anas att\u0113ls\"><\/p>\n<p>Atcerieties lo\u0123iski sak\u0101rtot rakstu, izmantot apak\u0161virsrakstus \u0113rtai navig\u0101cijai, iek\u013caut atbilsto\u0161us att\u0113lus vai diagrammas, lai uzlabotu izpratni, un nodro\u0161in\u0101t, lai saturs b\u016btu skaidrs, kodol\u012bgs un piem\u0113rots las\u012bt\u0101jiem ar da\u017e\u0101du tehnisko zin\u0101\u0161anu l\u012bmeni.<\/p>\n<p>Visbeidzot, m\u0113s esam profesion\u0101ls rezerves hidraulisko cilindru ra\u017eot\u0101js. Ar pla\u0161u produktu kl\u0101stu esam k\u013cuvu\u0161i par vienu no vado\u0161ajiem hidraulisko cilindru ra\u017eot\u0101jiem un vairumtirgot\u0101jiem viet\u0113j\u0101 un starptautiskaj\u0101 tirg\u016b. M\u0113s iev\u0113rojam izcil\u012bbas principu un nep\u0101rtraukti uzlabojam savu tehnisko kompetenci un ra\u017eo\u0161anas efektivit\u0101ti. Ievie\u0161ot modernu digit\u0101lo ra\u017eo\u0161anas apr\u012bkojumu un profesion\u0101las test\u0113\u0161anas sist\u0113mas, m\u0113s optimiz\u0113jam savu ra\u017eo\u0161anas platformu un uzlabojam produktu kvalit\u0101tes kontroles procesus, demonstr\u0113jot sp\u0113c\u012bgas inov\u0101ciju sp\u0113jas. M\u016bsu m\u0113r\u0137is ir apmierin\u0101t m\u016bsu klientu da\u017e\u0101d\u0101s vajadz\u012bbas ar efektivit\u0101ti, precizit\u0101ti un augstas kvalit\u0101tes produktiem.<\/p>\n<p><img decoding=\"async\" src=\"https:\/\/www.hydraulic-cylinders.net\/wp-content\/uploads\/2025\/01\/songte-company-4.webp\" alt=\"Uz\u0146\u0113muma ievada att\u0113ls\"><br \/>\n<img decoding=\"async\" src=\"https:\/\/www.hydraulic-cylinders.net\/wp-content\/uploads\/2025\/01\/songte-company-3.webp\" alt=\"Uz\u0146\u0113muma ievada att\u0113ls\"><\/p>\n<p><em>Autors: lil<\/em><\/p>","protected":false},"excerpt":{"rendered":"<p>Arm Cylinder For Sany Small Excavator SY135C-9 Arm Cylinder is a specially designed hydraulic cylinder that is used to provide linear motion and power to the arm of various types of machinery, such as excavators, cranes, and robotic arms. The arm cylinder plays a crucial role in hydraulic systems, enabling the effective movement and control [&hellip;]<\/p>","protected":false},"featured_media":14772,"comment_status":"open","ping_status":"closed","template":"","meta":{"_et_pb_use_builder":"","_et_pb_old_content":"","_et_gb_content_width":""},"product_brand":[],"product_cat":[1497],"product_tag":[1498,1496],"class_list":{"0":"post-16350","1":"product","2":"type-product","3":"status-publish","4":"has-post-thumbnail","6":"product_cat-arm-cylinders","7":"product_tag-arm-cylinders","8":"product_tag-hydraulic-cylinders","10":"first","11":"instock","12":"shipping-taxable","13":"product-type-simple"},"amp_enabled":true,"_links":{"self":[{"href":"https:\/\/www.hydraulic-cylinders.net\/lv\/wp-json\/wp\/v2\/product\/16350","targetHints":{"allow":["GET"]}}],"collection":[{"href":"https:\/\/www.hydraulic-cylinders.net\/lv\/wp-json\/wp\/v2\/product"}],"about":[{"href":"https:\/\/www.hydraulic-cylinders.net\/lv\/wp-json\/wp\/v2\/types\/product"}],"replies":[{"embeddable":true,"href":"https:\/\/www.hydraulic-cylinders.net\/lv\/wp-json\/wp\/v2\/comments?post=16350"}],"wp:featuredmedia":[{"embeddable":true,"href":"https:\/\/www.hydraulic-cylinders.net\/lv\/wp-json\/wp\/v2\/media\/14772"}],"wp:attachment":[{"href":"https:\/\/www.hydraulic-cylinders.net\/lv\/wp-json\/wp\/v2\/media?parent=16350"}],"wp:term":[{"taxonomy":"product_brand","embeddable":true,"href":"https:\/\/www.hydraulic-cylinders.net\/lv\/wp-json\/wp\/v2\/product_brand?post=16350"},{"taxonomy":"product_cat","embeddable":true,"href":"https:\/\/www.hydraulic-cylinders.net\/lv\/wp-json\/wp\/v2\/product_cat?post=16350"},{"taxonomy":"product_tag","embeddable":true,"href":"https:\/\/www.hydraulic-cylinders.net\/lv\/wp-json\/wp\/v2\/product_tag?post=16350"}],"curies":[{"name":"wp","href":"https:\/\/api.w.org\/{rel}","templated":true}]}}