{"id":16354,"date":"2025-01-20T09:08:29","date_gmt":"2025-01-20T09:08:29","guid":{"rendered":"https:\/\/www.hydraulic-cylinders.net\/product\/arm-cylinderfor-sany-small-excavator-sy95c-9\/"},"modified":"2025-01-20T09:08:31","modified_gmt":"2025-01-20T09:08:31","slug":"arm-cylinderfor-sany-small-excavator-sy95c-9","status":"publish","type":"product","link":"https:\/\/www.hydraulic-cylinders.net\/lv\/products\/arm-cylinderfor-sany-small-excavator-sy95c-9\/","title":{"rendered":"Sany maz\u0101 ekskavatora SY95C-9 sviras cilindrs"},"content":{"rendered":"<p>Sany maz\u0101 ekskavatora SY95C-9 sviras cilindrs<\/p>\n<p>Ievads<\/p>\n<p>Sviras cilindrs ir speci\u0101li izstr\u0101d\u0101ts hidrauliskais cilindrs, kas nodro\u0161ina line\u0101ru kust\u012bbu un jaudu da\u017e\u0101du veidu ma\u0161\u012bn\u0101m, piem\u0113ram, ekskavatoriem, celt\u0146iem un meh\u0101niskaj\u0101m svir\u0101m. Sviras cilindriem ir iz\u0161\u0137iro\u0161a noz\u012bme hidrauliskaj\u0101s sist\u0113m\u0101s, nodro\u0161inot efekt\u012bvu papildu instrumentu vai stiprin\u0101jumu p\u0101rvieto\u0161anu un vad\u012bbu. \u0160ie cilindri ne tikai nodro\u0161ina vienm\u0113r\u012bgu kust\u012bbu, bet ar\u012b iztur lielas slodzes, nodro\u0161inot ma\u0161\u012bnu efekt\u012bvu darb\u012bbu un uzticam\u012bbu da\u017e\u0101dos ekspluat\u0101cijas apst\u0101k\u013cos.<\/p>\n<p>Defin\u012bcija un skaidrojums<\/p>\n<p>Sviras cilindri ir hidrauliskie cilindri, kas nodro\u0161ina jaudu un line\u0101ru kust\u012bbu da\u017e\u0101du veidu ma\u0161\u012bnu svirai. Tie ir paredz\u0113ti vienm\u0113r\u012bgai darb\u012bbai un lielu slod\u017eu iztur\u0113\u0161anai, nodro\u0161inot uzticamu un efekt\u012bvu darb\u012bbu. Sviras cilindriem ir galven\u0101 loma hidrauliskaj\u0101s sist\u0113m\u0101s, \u013caujot efekt\u012bvi p\u0101rvietot un kontrol\u0113t papildu instrumentus vai stiprin\u0101jumus.<\/p>\n<p><img decoding=\"async\" src=\"https:\/\/www.hydraulic-cylinders.net\/wp-content\/uploads\/2025\/01\/songte-company-2.webp\" alt=\"Sany maz\u0101 ekskavatora SY95C-9 sviras cilindrs\" \/><\/p>\n<p>Funkcijas<\/p>\n<p>1. Augstas efektivit\u0101tes transmisija: Sviru cilindri nodro\u0161ina jaud\u012bgu line\u0101ru kust\u012bbu un sp\u0113ku, garant\u0113jot meh\u0101nisko sviru augstas veiktsp\u0113jas darb\u012bbu da\u017e\u0101d\u0101s oper\u0101cij\u0101s.<\/p>\n<p>2. Prec\u012bza vad\u012bba: Izmantojot hidraulisk\u0101s sist\u0113mas, roku cilindri var pan\u0101kt prec\u012bzu kust\u012bbas vad\u012bbu, padarot papildu instrumentu darb\u012bbu elast\u012bg\u0101ku un prec\u012bz\u0101ku.<\/p>\n<p>3. Sp\u0113c\u012bga iztur\u012bba: Roku cilindri parasti ir izgatavoti no augstas iztur\u012bbas materi\u0101liem un tiem ir laba nodilumiztur\u012bba un iztur\u012bba pret koroziju, padarot tos piem\u0113rotus ilgsto\u0161ai lieto\u0161anai skarbos apst\u0101k\u013cos.<\/p>\n<p>4. Daudzfunkcion\u0101la piel\u0101go\u0161an\u0101s sp\u0113ja: \u0161os cilindrus var pla\u0161i izmantot da\u017e\u0101d\u0101s meh\u0101nisk\u0101s iek\u0101rt\u0101s, piem\u0113ram, ekskavatoros, celt\u0146os un meh\u0101niskaj\u0101s svir\u0101s, lai apmierin\u0101tu da\u017e\u0101das darba pras\u012bbas.<\/p>\n<p>5. Vienk\u0101r\u0161a apkope: Sviru cilindri, kas paredz\u0113ti vienk\u0101r\u0161ai apkopei un nomai\u0146ai, padara regul\u0101ru p\u0101rbaudi un apkopi \u0113rt\u0101ku un samazina iek\u0101rtu d\u012bkst\u0101ves laiku.<\/p>\n<p>Ra\u017eo\u0161ana<\/p>\n<p>M\u016bsu produkts var lieliski aizst\u0101t \u0161os hidrauliskos cilindrus. M\u0113s esam profesion\u0101ls rezerves hidraulisko cilindru ra\u017eot\u0101js ar pla\u0161u produktu kl\u0101stu. M\u016bsu uz\u0146\u0113mums ir k\u013cuvis par vienu no vado\u0161ajiem hidraulisko cilindru ra\u017eot\u0101jiem un vairumtirgot\u0101jiem viet\u0113j\u0101 un starptautiskaj\u0101 tirg\u016b. M\u0113s vienm\u0113r iev\u0113rojam izcilas kvalit\u0101tes principu, pa\u013caujoties uz sare\u017e\u0123\u012btas ra\u017eo\u0161anas darbn\u012bcas r\u016bpniecisk\u0101s ra\u017eo\u0161anas vad\u012bbas strat\u0113\u0123iju un nep\u0101rtraukti uzlabojot m\u016bsu tehnolo\u0123ijas un ra\u017eo\u0161anas efektivit\u0101ti. Ievie\u0161ot augstas klases digit\u0101l\u0101s ra\u017eo\u0161anas iek\u0101rtas un profesion\u0101las test\u0113\u0161anas sist\u0113mas, m\u0113s nep\u0101rtraukti optimiz\u0113jam ra\u017eo\u0161anas platformu, uzlabojam produktu kvalit\u0101tes kontroles procesu un mums ir sp\u0113c\u012bgas inov\u0101ciju iesp\u0113jas. M\u016bsu m\u0113r\u0137is ir apmierin\u0101t klientu daudzveid\u012bg\u0101s vajadz\u012bbas, iev\u0113rojot efekt\u012bvus, prec\u012bzus un augstas kvalit\u0101tes principus.<\/p>\n<p>Pieteikumi<\/p>\n<p>1. B\u016bvniec\u012bbas in\u017eenierija: Ekskavatoros un celt\u0146os str\u0113les cilindri tiek izmantoti, lai kontrol\u0113tu kausu vai str\u0113les kust\u012bbu, veicot zemes darbus, materi\u0101lu apstr\u0101di un konstrukciju uzst\u0101d\u012b\u0161anu.<\/p>\n<p>2. Ra\u017eo\u0161anas nozare: Automatiz\u0113t\u0101s ra\u017eo\u0161anas l\u012bnij\u0101s roku cilindri tiek izmantoti meh\u0101nisko roku kust\u012bbai, mont\u0101\u017eas, metin\u0101\u0161anas un apstr\u0101des procesu veik\u0161anai, uzlabojot ra\u017eo\u0161anas efektivit\u0101ti un precizit\u0101ti.<\/p>\n<p>3. Lauksaimniec\u012bbas tehnika: Lauksaimniec\u012bbas tehnik\u0101, piem\u0113ram, kombainos un s\u0113jma\u0161\u012bn\u0101s, sviras cilindri kontrol\u0113 sviras darb\u012bbu un veic t\u0101dus uzdevumus k\u0101 s\u0113\u0161ana, m\u0113slo\u0161ana un ra\u017eas nov\u0101k\u0161ana.<\/p>\n<p>4. Kalnr\u016bpniec\u012bba: Kalnr\u016bpniec\u012bbas iek\u0101rt\u0101s rokas cilindrus izmanto, lai kontrol\u0113tu kalnr\u016bpniec\u012bbas iek\u0101rtu rokas kust\u012bbu, veicot r\u016bdas ieguvi un transport\u0113\u0161anu.<\/p>\n<p>5. Lo\u0123istika un transports: Iekr\u0101v\u0113jos un apstr\u0101des robotos roku cilindri tiek izmantoti, lai kontrol\u0113tu dak\u0161u pacel\u0161anu un kust\u012bbu, realiz\u0113jot materi\u0101lu apstr\u0101di un sakrau\u0161anu.<\/p>\n<p>Dizaina apsv\u0113rumi un atlases standarti<\/p>\n<p>1. Nestsp\u0113ja: Sviru cilindriem j\u0101sp\u0113j iztur\u0113t lielas slodzes, lai nodro\u0161in\u0101tu efekt\u012bvu darb\u012bbu da\u017e\u0101dos darba apst\u0101k\u013cos.<\/p>\n<p>2. Bl\u012bv\u0113jums: J\u0101izmanto da\u017e\u0101di bl\u012bv\u0113jumi, piem\u0113ram, virzu\u013ca bl\u012bv\u0113jumi un stie\u0146a bl\u012bv\u0113jumi, un j\u0101izv\u0113las nodilumiztur\u012bgi materi\u0101li, piem\u0113ram, poliuret\u0101ns un nitrilgumija.<\/p>\n<p>3. Iztur\u012bba: Cilindra korpusam un v\u012btnes gala virsmai j\u0101b\u016bt smalki apstr\u0101d\u0101tai, lai uzlabotu nodilumiztur\u012bbu.<\/p>\n<p>4. Dro\u0161\u012bba: Roku cilindriem j\u0101b\u016bt apr\u012bkotiem ar dro\u0161iem dro\u0161\u012bbas pas\u0101kumiem, lai nov\u0113rstu negad\u012bjumus.<\/p>\n<p>5. Apkope: Sviru cilindriem j\u0101b\u016bt viegli kopjamiem un remont\u0113jamiem, t\u0101d\u0113j\u0101di samazinot iek\u0101rtu d\u012bkst\u0101ves laiku.<\/p>\n<p><img decoding=\"async\" src=\"https:\/\/www.hydraulic-cylinders.net\/wp-content\/uploads\/2025\/01\/songte-cylinder-head-with-all-kinds-excavator-models.webp\" alt=\"Sany maz\u0101 ekskavatora SY95C-9 sviras cilindrs\" \/><\/p>\n<p>Bl\u012bv\u0113\u0161ana un e\u013c\u013co\u0161ana<\/p>\n<p>Sviru cilindros tiek izmantoti da\u017e\u0101di bl\u012bv\u0113jumu veidi, piem\u0113ram, virzu\u013ca bl\u012bv\u0113jumi un stie\u0146a bl\u012bv\u0113jumi, k\u0101 ar\u012b nodilumiztur\u012bgi materi\u0101li, piem\u0113ram, poliuret\u0101ns un nitrilgumija. Cilindra korpuss un v\u012btnes gala virsma ir smalki apstr\u0101d\u0101ta, lai uzlabotu nodilumiztur\u012bbu. Lai nodro\u0161in\u0101tu hidraulisk\u0101s sist\u0113mas efekt\u012bvu darb\u012bbu, ir nepiecie\u0161ams regul\u0101ri pievienot atbilsto\u0161u hidraulisk\u0101s e\u013c\u013cas daudzumu e\u013c\u013co\u0161anai.<\/p>\n<p>Apkope un prevent\u012bvie pas\u0101kumi<\/p>\n<p>1. Regul\u0101ra p\u0101rbaude un apkope: Regul\u0101ra sviru cilindru p\u0101rbaude un apkope var laikus identific\u0113t un atrisin\u0101t probl\u0113mas, samazinot iek\u0101rtu d\u012bkst\u0101ves laiku.<\/p>\n<p>2. Bl\u012bv\u0113jumu nomai\u0146a: Regul\u0101ri nomainiet virzu\u013ca bl\u012bv\u0113jumus un stie\u0146a bl\u012bv\u0113jumus, lai uztur\u0113tu sviru cilindru bl\u012bv\u0113juma veiktsp\u0113ju.<\/p>\n<p>3. T\u012br\u012b\u0161ana: Regul\u0101ri t\u012briet cilindra korpusu un v\u012btnes gala virsmu, lai nov\u0113rstu pies\u0101r\u0146ojumu un nodro\u0161in\u0101tu hidraulisk\u0101s sist\u0113mas efekt\u012bvu darb\u012bbu.<\/p>\n<p>4. Prevent\u012bvie pas\u0101kumi: Regul\u0101ri p\u0101rbaudiet un apkopiet hidraulisko sist\u0113mu, piem\u0113ram, izt\u012briet e\u013c\u013cas filtru, nomainiet hidraulisko e\u013c\u013cu un p\u0101rbaudiet hidraulisko s\u016bkni, lai samazin\u0101tu iesp\u0113jam\u0101s probl\u0113mas.<\/p>\n<p>Instal\u0101cijas rokasgr\u0101mata<\/p>\n<p>1. Sagatavojiet uzst\u0101d\u012b\u0161anas vietu un p\u0101rliecinieties, ka t\u0101 ir t\u012bra un bez gru\u017eiem.<\/p>\n<p>2. Uzst\u0101diet jauno sviras cilindru saska\u0146\u0101 ar pareizaj\u0101m uzst\u0101d\u012b\u0161anas instrukcij\u0101m un pareizi izl\u012bdziniet savienojo\u0161\u0101s skr\u016bves un mont\u0101\u017eas caurumus.<\/p>\n<p>3. Pievelciet savienojo\u0161\u0101s skr\u016bves atbilsto\u0161i nor\u0101d\u012btajam pievilk\u0161anas griezes momentam.<\/p>\n<p>4. P\u0113c uzst\u0101d\u012b\u0161anas p\u0101rbaudiet sviras cilindra bl\u012bv\u0113juma veiktsp\u0113ju.<\/p>\n<p>5. P\u0113c uzst\u0101d\u012b\u0161anas pabeig\u0161anas veiciet izm\u0113\u0123in\u0101juma darb\u012bbu, lai p\u0101rliecin\u0101tos, ka sviras cilindrs darbojas pareizi.<\/p>\n<p><img decoding=\"async\" src=\"https:\/\/www.hydraulic-cylinders.net\/wp-content\/uploads\/2025\/01\/songte-bushings-with-all-kinds-of-excavator-models.webp\" alt=\"Sany maz\u0101 ekskavatora SY95C-9 sviras cilindrs\" \/><\/p>\n<p>Dro\u0161\u012bbas apsv\u0113rumi un vides faktori<\/p>\n<p>Sviru cilindriem j\u0101b\u016bt apr\u012bkotiem ar uzticamiem dro\u0161\u012bbas pas\u0101kumiem, lai nov\u0113rstu negad\u012bjumus. J\u0101uzst\u0101da t\u0101di dro\u0161\u012bbas pas\u0101kumi k\u0101 p\u0101rslodzes aizsardz\u012bba, spiediena samazin\u0101\u0161anas v\u0101rsti un ierobe\u017eojo\u0161ie sl\u0113d\u017ei. Lai nodro\u0161in\u0101tu efekt\u012bvu darb\u012bbu un pagarin\u0101tu sviru cilindru kalpo\u0161anas laiku, j\u0101\u0146em v\u0113r\u0101 ar\u012b t\u0101di vides faktori k\u0101 temperat\u016bra, mitrums un putek\u013ci.<\/p>\n<p>K\u013c\u016bmju diagnostika un bie\u017ei sastopam\u0101s probl\u0113mas<\/p>\n<p>1. Cilindra korpusa nopl\u016bde: Cilindra korpuss var b\u016bt nodilis vai boj\u0101ts, un bl\u012bv\u0113jums var b\u016bt boj\u0101ts.<\/p>\n<p>2. Nepietiekams vilces sp\u0113ks: Var b\u016bt boj\u0101ts virzu\u013ca bl\u012bv\u0113jums, spiediens var b\u016bt nepietiekams vai hidrauliskaj\u0101 sist\u0113m\u0101 var b\u016bt aizsprostojums.<\/p>\n<p>3. Neparasts troksnis: Hidraulisk\u0101 e\u013c\u013ca var b\u016bt pies\u0101r\u0146ota vai ar\u012b var b\u016bt probl\u0113ma ar hidraulisko s\u016bkni.<\/p>\n<p>4. Slikta bl\u012bv\u0113juma veiktsp\u0113ja: Bl\u012bv\u0113jums var b\u016bt boj\u0101ts vai cilindra korpuss var b\u016bt nodilis.<\/p>\n<p>Probl\u0113mu nov\u0113r\u0161ana un risin\u0101jumi<\/p>\n<p>1. Nomainiet cilindra korpusu vai bl\u012bvi.<\/p>\n<p>2. Palieliniet spiedienu, nomainiet virzu\u013ca bl\u012bvi vai izt\u012briet hidraulisko sist\u0113mu.<\/p>\n<p>3. Nomainiet hidraulisko e\u013c\u013cu vai salabojiet hidraulisko s\u016bkni.<\/p>\n<p>4. Nomainiet bl\u012bvi vai cilindra korpusu.<\/p>\n<p><img decoding=\"async\" src=\"https:\/\/www.hydraulic-cylinders.net\/wp-content\/uploads\/2025\/01\/songte-chushion-collar.webp\" alt=\"Sany maz\u0101 ekskavatora SY95C-9 sviras cilindrs\" \/><\/p>\n<p>Secin\u0101jums<\/p>\n<p>Nosl\u0113gum\u0101 j\u0101saka, ka sviras cilindri ir hidrauliskie cilindri, kas nodro\u0161ina line\u0101ru kust\u012bbu un jaudu da\u017e\u0101du veidu ma\u0161\u012bn\u0101m. Tiem ir iz\u0161\u0137iro\u0161a noz\u012bme hidrauliskaj\u0101s sist\u0113m\u0101s, nodro\u0161inot efekt\u012bvu papildu instrumentu vai stiprin\u0101jumu kust\u012bbu un kontroli. M\u016bsu uz\u0146\u0113mums ir profesion\u0101ls rezerves hidraulisko cilindru ra\u017eot\u0101js, un m\u0113s vienm\u0113r iev\u0113rojam izcilas kvalit\u0101tes principu, pa\u013caujoties uz sare\u017e\u0123\u012btas ra\u017eo\u0161anas darbn\u012bcas r\u016bpniecisk\u0101s ra\u017eo\u0161anas vad\u012bbas strat\u0113\u0123iju un nep\u0101rtraukti uzlabojot m\u016bsu tehnolo\u0123iju un ra\u017eo\u0161anas efektivit\u0101ti. M\u0113s pied\u0101v\u0101jam piel\u0101gotus pakalpojumus, lai apmierin\u0101tu klientu daudzveid\u012bg\u0101s vajadz\u012bbas, un mums ir sp\u0113c\u012bgas inov\u0101ciju iesp\u0113jas. M\u0113s esam ap\u0146\u0113mu\u0161ies nodro\u0161in\u0101t m\u016bsu klientiem efekt\u012bvus, prec\u012bzus un augstas kvalit\u0101tes hidrauliskos cilindrus.<\/p>","protected":false},"excerpt":{"rendered":"<p>Arm Cylinder for Sany Small Excavator SY95C-9 Introduction An arm cylinder is a specially designed hydraulic cylinder that provides linear motion and power to various types of machinery, such as excavators, cranes, and mechanical arms. Arm cylinders play a critical role in hydraulic systems, enabling the efficient movement and control of additional tools or attachments. [&hellip;]<\/p>","protected":false},"featured_media":14759,"comment_status":"open","ping_status":"closed","template":"","meta":{"_et_pb_use_builder":"","_et_pb_old_content":"","_et_gb_content_width":""},"product_brand":[],"product_cat":[1497],"product_tag":[1498,1496],"class_list":{"0":"post-16354","1":"product","2":"type-product","3":"status-publish","4":"has-post-thumbnail","6":"product_cat-arm-cylinders","7":"product_tag-arm-cylinders","8":"product_tag-hydraulic-cylinders","10":"first","11":"instock","12":"shipping-taxable","13":"product-type-simple"},"amp_enabled":true,"_links":{"self":[{"href":"https:\/\/www.hydraulic-cylinders.net\/lv\/wp-json\/wp\/v2\/product\/16354","targetHints":{"allow":["GET"]}}],"collection":[{"href":"https:\/\/www.hydraulic-cylinders.net\/lv\/wp-json\/wp\/v2\/product"}],"about":[{"href":"https:\/\/www.hydraulic-cylinders.net\/lv\/wp-json\/wp\/v2\/types\/product"}],"replies":[{"embeddable":true,"href":"https:\/\/www.hydraulic-cylinders.net\/lv\/wp-json\/wp\/v2\/comments?post=16354"}],"wp:featuredmedia":[{"embeddable":true,"href":"https:\/\/www.hydraulic-cylinders.net\/lv\/wp-json\/wp\/v2\/media\/14759"}],"wp:attachment":[{"href":"https:\/\/www.hydraulic-cylinders.net\/lv\/wp-json\/wp\/v2\/media?parent=16354"}],"wp:term":[{"taxonomy":"product_brand","embeddable":true,"href":"https:\/\/www.hydraulic-cylinders.net\/lv\/wp-json\/wp\/v2\/product_brand?post=16354"},{"taxonomy":"product_cat","embeddable":true,"href":"https:\/\/www.hydraulic-cylinders.net\/lv\/wp-json\/wp\/v2\/product_cat?post=16354"},{"taxonomy":"product_tag","embeddable":true,"href":"https:\/\/www.hydraulic-cylinders.net\/lv\/wp-json\/wp\/v2\/product_tag?post=16354"}],"curies":[{"name":"wp","href":"https:\/\/api.w.org\/{rel}","templated":true}]}}