{"id":16369,"date":"2025-01-20T09:09:44","date_gmt":"2025-01-20T09:09:44","guid":{"rendered":"https:\/\/www.hydraulic-cylinders.net\/product\/arm-cylinderfor-sany-middle-excavator-sy215q\/"},"modified":"2025-01-20T09:09:46","modified_gmt":"2025-01-20T09:09:46","slug":"arm-cylinderfor-sany-middle-excavator-sy215q","status":"publish","type":"product","link":"https:\/\/www.hydraulic-cylinders.net\/lv\/products\/arm-cylinderfor-sany-middle-excavator-sy215q\/","title":{"rendered":"Sany vid\u0113j\u0101 ekskavatora SY215Q sviras cilindrs"},"content":{"rendered":"<h1>Sany vid\u0113j\u0101 ekskavatora SY215Q sviras cilindrs<\/h1>\n<h2>Ievads<\/h2>\n<p>Sviras cilindrs ir speci\u0101li izstr\u0101d\u0101ts hidrauliskais cilindrs, ko galvenok\u0101rt izmanto, lai nodro\u0161in\u0101tu line\u0101ru kust\u012bbu un jaudu da\u017e\u0101du ma\u0161\u012bnu, piem\u0113ram, ekskavatoru, celt\u0146u un robotiz\u0113tu roku, svirai. Sviras cilindram ir iz\u0161\u0137iro\u0161a noz\u012bme hidrauliskaj\u0101s sist\u0113m\u0101s, nodro\u0161inot efekt\u012bvu papildu instrumentu vai stiprin\u0101jumu p\u0101rvieto\u0161anu un vad\u012bbu. \u0160ie cilindri ne tikai nodro\u0161ina vienm\u0113r\u012bgu kust\u012bbu, bet ar\u012b iztur lielas slodzes, nodro\u0161inot augstu ma\u0161\u012bnas efektivit\u0101ti un uzticam\u012bbu da\u017e\u0101dos ekspluat\u0101cijas apst\u0101k\u013cos.<\/p>\n<p><img decoding=\"async\" src=\"https:\/\/www.hydraulic-cylinders.net\/wp-content\/uploads\/2025\/01\/songte-company-2.webp\" alt=\"Sviras cilindra att\u0113ls\"><\/p>\n<h2>Funkcijas<\/h2>\n<ul>\n<li><strong>Augstas efektivit\u0101tes p\u0101rraide:<\/strong> Sviras cilindrs nodro\u0161ina jaud\u012bgu line\u0101ru kust\u012bbu un sp\u0113ku, garant\u0113jot augstu veiktsp\u0113ju da\u017e\u0101d\u0101s darb\u012bb\u0101s.<\/li>\n<li><strong>Prec\u012bza kontrole:<\/strong> Izmantojot hidraulisko sist\u0113mu, rokas cilindrs nodro\u0161ina prec\u012bzu kust\u012bbas kontroli, padarot pievienoto instrumentu darb\u012bbu elast\u012bg\u0101ku un prec\u012bz\u0101ku.<\/li>\n<li><strong>Iztur\u012bba:<\/strong> Sviru cilindri parasti ir izgatavoti no augstas iztur\u012bbas materi\u0101liem ar izcilu nodilumiztur\u012bbu un korozijas iztur\u012bbu, kas ir piem\u0113roti ilgsto\u0161ai lieto\u0161anai skarbos apst\u0101k\u013cos.<\/li>\n<li><strong>Daudzfunkcion\u0101la piel\u0101go\u0161an\u0101s sp\u0113ja:<\/strong> \u0160os cilindrus var pla\u0161i pielietot da\u017e\u0101d\u0101m ma\u0161\u012bn\u0101m, piem\u0113ram, ekskavatoriem, celt\u0146iem un robotiz\u0113t\u0101m rok\u0101m, piel\u0101gojoties da\u017e\u0101d\u0101m darba pras\u012bb\u0101m.<\/li>\n<li><strong>Vienk\u0101r\u0161a apkope:<\/strong> Rokas cilindri, kas paredz\u0113ti vienk\u0101r\u0161ai apkopei un nomai\u0146ai, atvieglo regul\u0101ras p\u0101rbaudes un apkopi, samazinot iek\u0101rtu d\u012bkst\u0101ves laiku.<\/li>\n<\/ul>\n<p><img decoding=\"async\" src=\"https:\/\/www.hydraulic-cylinders.net\/wp-content\/uploads\/2025\/01\/songte-oil-pipes-and-spare-parts.webp\" alt=\"Hidrauliskie cilindri\"><\/p>\n<h2>Pieteikumi<\/h2>\n<p>Sviras cilindrs tiek izmantots da\u017e\u0101d\u0101s nozar\u0113s:<\/p>\n<ol>\n<li><strong>B\u016bvniec\u012bbas in\u017eenierija:<\/strong> Ekskavatoros un celt\u0146os sviras cilindrs kontrol\u0113 kausu vai str\u0113les kust\u012bbu zemes darbos, materi\u0101lu apstr\u0101d\u0113 un konstrukciju uzst\u0101d\u012b\u0161an\u0101.<\/li>\n<li><strong>Ra\u017eo\u0161ana:<\/strong> Automatiz\u0113t\u0101s ra\u017eo\u0161anas l\u012bnij\u0101s rokas cilindrs tiek izmantots robotiz\u0113tu roku kust\u012bbai t\u0101dos procesos k\u0101 mont\u0101\u017ea, metin\u0101\u0161ana un materi\u0101lu apstr\u0101de, uzlabojot ra\u017eo\u0161anas efektivit\u0101ti un precizit\u0101ti.<\/li>\n<li><strong>Lauksaimniec\u012bbas tehnika:<\/strong> Lauksaimniec\u012bbas ma\u0161\u012bn\u0101s, piem\u0113ram, kombainos un s\u0113jma\u0161\u012bn\u0101s, sviras cilindrs kontrol\u0113 darbin\u0101\u0161anas sviru kust\u012bbu, veicot t\u0101dus uzdevumus k\u0101 s\u0113\u0161ana, m\u0113slo\u0161ana un ra\u017eas nov\u0101k\u0161ana.<\/li>\n<li><strong>Kalnr\u016bpniec\u012bba:<\/strong> Kalnr\u016bpniec\u012bbas iek\u0101rt\u0101s rokas cilindrs kontrol\u0113 kalnr\u016bpniec\u012bbas ma\u0161\u012bnu rokas kust\u012bbu r\u016bdas ieguvei un transport\u0113\u0161anai.<\/li>\n<li><strong>Lo\u0123istika un transports:<\/strong> Iekr\u0101v\u0113jos un apstr\u0101des robotos rokas cilindrs kontrol\u0113 dak\u0161u pacel\u0161anu un kust\u012bbu, nodro\u0161inot materi\u0101lu apstr\u0101di un sakrau\u0161anu.<\/li>\n<\/ol>\n<h2>Dizaina apsv\u0113rumi un atlases krit\u0113riji<\/h2>\n<p>Run\u0101jot par sviras cilindru konstrukciju, iz\u0161\u0137iro\u0161i ir vair\u0101ki faktori:<\/p>\n<ol>\n<li><strong>Nestsp\u0113ja:<\/strong> Sviru cilindriem j\u0101b\u016bt konstru\u0113tiem t\u0101, lai tie iztur\u0113tu noteikt\u0101s slodzes pras\u012bbas bez boj\u0101jumiem.<\/li>\n<li><strong>Bl\u012bv\u0113jums:<\/strong> Lai nodro\u0161in\u0101tu pareizu bl\u012bv\u0113jumu, j\u0101izmanto da\u017e\u0101di bl\u012bv\u0113\u0161anas elementi, piem\u0113ram, virzu\u013ca bl\u012bvsl\u0113gi \u200b\u200bun stie\u0146u bl\u012bvsl\u0113gi. Bl\u012bv\u0113jumiem parasti tiek izmantoti iztur\u012bgi materi\u0101li, piem\u0113ram, poliuret\u0101ns un nitrilgumija.<\/li>\n<li><strong>Iztur\u012bba:<\/strong> Cilindra korpuss un v\u012bt\u0146otie gali ir r\u016bp\u012bgi j\u0101apstr\u0101d\u0101, lai uzlabotu nodilumiztur\u012bbu. Lai nodro\u0161in\u0101tu vienm\u0113r\u012bgu darb\u012bbu, ir nepiecie\u0161ama regul\u0101ra e\u013c\u013co\u0161ana ar piem\u0113rotu hidraulisko e\u013c\u013cu.<\/li>\n<li><strong>Dro\u0161\u012bba:<\/strong> Projekt\u0113\u0161an\u0101 j\u0101iek\u013cauj dro\u0161\u012bbas pas\u0101kumi, lai nov\u0113rstu negad\u012bjumus un nodro\u0161in\u0101tu operatora aizsardz\u012bbu.<\/li>\n<li><strong>Apkope:<\/strong> J\u0101\u0146em v\u0113r\u0101 apkopes un remonta vienk\u0101r\u0161\u012bba, kas \u013cauj \u0113rti veikt p\u0101rbaudi un samazin\u0101t d\u012bkst\u0101ves laiku.<\/li>\n<\/ol>\n<p><img decoding=\"async\" src=\"https:\/\/www.hydraulic-cylinders.net\/wp-content\/uploads\/2025\/01\/songte-cylinder-head-with-all-kinds-excavator-models.webp\" alt=\"Cilindra galva\"><\/p>\n<h2>Bl\u012bv\u0113\u0161ana un e\u013c\u013co\u0161ana<\/h2>\n<p>Lai nodro\u0161in\u0101tu pareizu bl\u012bv\u0113\u0161anu un e\u013c\u013co\u0161anu, sviru cilindros tiek izmantoti da\u017e\u0101di bl\u012bv\u0113jumi, piem\u0113ram, virzu\u013ca bl\u012bv\u0113jumi un stie\u0146a bl\u012bv\u0113jumi. \u0160ie bl\u012bv\u0113jumi ir izgatavoti no nodilumiztur\u012bgiem materi\u0101liem, piem\u0113ram, poliuret\u0101na un nitrila gumijas. Turkl\u0101t cilindra korpuss un v\u012bt\u0146otie gali tiek r\u016bp\u012bgi apstr\u0101d\u0101ti, lai uzlabotu nodilumiztur\u012bbu. Lai nodro\u0161in\u0101tu vienm\u0113r\u012bgu darb\u012bbu, ir nepiecie\u0161ama regul\u0101ra e\u013c\u013co\u0161ana ar atbilsto\u0161u hidraulisk\u0101s e\u013c\u013cas daudzumu.<\/p>\n<h2>Regul\u0101ra p\u0101rbaude un profilaktisk\u0101 apkope<\/h2>\n<p>Lai uztur\u0113tu optim\u0101lu rokas cilindra darb\u012bbu, ir nepiecie\u0161amas regul\u0101ras p\u0101rbaudes un profilaktisk\u0101 apkope. J\u0101veic \u0161\u0101di pas\u0101kumi:<\/p>\n<ol>\n<li>P\u0101rbaudiet cilindru, vai nav nopl\u016b\u017eu, boj\u0101jumu vai darb\u012bbas trauc\u0113jumu paz\u012bmju.<\/li>\n<li>Nekav\u0113joties p\u0101rbaudiet un nomainiet nolietot\u0101s bl\u012bves vai boj\u0101t\u0101s deta\u013cas.<\/li>\n<li>Nodro\u0161iniet pareizu e\u013c\u013co\u0161anu, regul\u0101ri pievienojot ieteicamo hidraulisk\u0101s e\u013c\u013cas daudzumu.<\/li>\n<li>P\u0113c nepiecie\u0161am\u012bbas pievelciet va\u013c\u012bgos savienojumus un stiprin\u0101jumus.<\/li>\n<li>Iev\u0113rojiet ra\u017eot\u0101ja sniegtos apkopes nor\u0101d\u012bjumus un skatiet konkr\u0113tus nor\u0101d\u012bjumus iek\u0101rtas rokasgr\u0101mat\u0101.<\/li>\n<\/ol>\n<p><img decoding=\"async\" src=\"https:\/\/www.hydraulic-cylinders.net\/wp-content\/uploads\/2025\/01\/songte-chushion-collar.webp\" alt=\"\u010cemod\u0101na apkakle\"><\/p>\n<h2>Produkta uzst\u0101d\u012b\u0161anas rokasgr\u0101mata<\/h2>\n<p>Pareiza uzst\u0101d\u012b\u0161ana ir \u013coti svar\u012bga sviras cilindra efekt\u012bvai darb\u012bbai. Veiciet \u0161\u012bs darb\u012bbas:<\/p>\n<ol>\n<li>P\u0101rliecinieties, ka visas sast\u0101vda\u013cas ir t\u012bras un bez net\u012brumiem vai gru\u017eiem.<\/li>\n<li>Uz cilindra v\u012bt\u0146otajiem galiem uzkl\u0101jiet piem\u0113rotu v\u012bt\u0146u herm\u0113ti\u0137i.<\/li>\n<li>Novietojiet cilindru ar ma\u0161\u012bnas stiprin\u0101juma punktiem un nostipriniet to, izmantojot atbilsto\u0161as \u200b\u200bskr\u016bves vai stiprin\u0101jumus.<\/li>\n<li>Pirms gal\u012bg\u0101s pievilk\u0161anas p\u0101rbaudiet cilindra izl\u012bdzin\u0101jumu un pareizu darb\u012bbu.<\/li>\n<li>Jebk\u0101dus konkr\u0113tus uzst\u0101d\u012b\u0161anas nor\u0101d\u012bjumus skatiet iek\u0101rtas rokasgr\u0101mat\u0101.<\/li>\n<\/ol>\n<p><img decoding=\"async\" src=\"https:\/\/www.hydraulic-cylinders.net\/wp-content\/uploads\/2025\/01\/songte-bushings-with-all-kinds-of-excavator-models.webp\" alt=\"Bukses\"><\/p>\n<h2>Dro\u0161\u012bbas apsv\u0113rumi un vides faktori<\/h2>\n<p>Lietojot sviras cilindrus, ir \u0101rk\u0101rt\u012bgi svar\u012bgi iev\u0113rot dro\u0161\u012bbas pas\u0101kumus. Dro\u0161\u012bbas vadl\u012bniju un noteikumu iev\u0113ro\u0161ana nodro\u0161ina operatoru aizsardz\u012bbu un nov\u0113r\u0161 negad\u012bjumus. Turkl\u0101t j\u0101\u0146em v\u0113r\u0101 vides faktori, piem\u0113ram, pareiza izlietot\u0101s hidraulisk\u0101s e\u013c\u013cas utiliz\u0101cija un vides noteikumu iev\u0113ro\u0161ana attiec\u012bb\u0101 uz materi\u0101lu izv\u0113li un ra\u017eo\u0161anas procesiem.<\/p>\n<h2>Probl\u0113mu nov\u0113r\u0161ana un bie\u017ei sastopamas probl\u0113mas<\/h2>\n<p>\u0160eit ir da\u017ei bie\u017ei sastopami probl\u0113mu nov\u0113r\u0161anas padomi un risin\u0101jumi sviru cilindriem:<\/p>\n<ol>\n<li><strong>Probl\u0113ma:<\/strong> Nopl\u016bde no cilindra.<br \/>\n  <strong>Risin\u0101jums:<\/strong> P\u0101rbaudiet un nomainiet boj\u0101t\u0101s bl\u012bves vai deta\u013cas, kas izraisa nopl\u016bdi.<\/li>\n<li><strong>Probl\u0113ma:<\/strong> Cilindrs nepareizi izb\u012bd\u0101s vai ievelkas.<br \/>\n  <strong>Risin\u0101jums:<\/strong> P\u0101rbaudiet, vai nav aizsprostojumu, boj\u0101tu virzu\u013cu vai nepietiekama hidraulisk\u0101 spiediena. Ja nepiecie\u0161ams, noregul\u0113jiet vai nomainiet komponentus.<\/li>\n<li><strong>Probl\u0113ma:<\/strong> Neparasts troksnis cilindra darb\u012bbas laik\u0101.<br \/>\n  <strong>Risin\u0101jums:<\/strong> P\u0101rbaudiet, vai nav va\u013c\u012bgu savienojumu, boj\u0101tu deta\u013cu vai nepietiekamas e\u013c\u013co\u0161anas. Nov\u0113rsiet probl\u0113mas atbilsto\u0161i.<\/li>\n<\/ol>\n<p><img decoding=\"async\" src=\"https:\/\/www.hydraulic-cylinders.net\/wp-content\/uploads\/2025\/01\/songte-chushion-collar.webp\" alt=\"\u010cemod\u0101na apkakle\"><\/p>\n<p>Iev\u0113rojot \u0161os probl\u0113mu nov\u0113r\u0161anas padomus un risin\u0101jumus, las\u012bt\u0101ji var efekt\u012bvi diagnostic\u0113t un nov\u0113rst probl\u0113mas, k\u0101 ar\u012b ieviest prevent\u012bvus pas\u0101kumus, lai samazin\u0101tu potenci\u0101lo probl\u0113mu risku.<\/p>\n<h2>Par mums<\/h2>\n<p>M\u0113s esam profesion\u0101ls rezerves hidraulisko cilindru ra\u017eot\u0101js, kas pied\u0101v\u0101 pla\u0161u produktu kl\u0101stu. K\u0101 viens no vado\u0161ajiem hidraulisko cilindru ra\u017eot\u0101jiem un vairumtirdzniec\u012bbas izplat\u012bt\u0101jiem viet\u0113j\u0101 un starptautiskaj\u0101 tirg\u016b, m\u0113s iev\u0113rojam izcil\u012bbas principu kvalit\u0101t\u0113. M\u0113s past\u0101v\u012bgi uzlabojam savu tehnisko kompetenci un ra\u017eo\u0161anas efektivit\u0101ti, izmantojot industrializ\u0113tas ra\u017eo\u0161anas vad\u012bbas strat\u0113\u0123ijas m\u016bsu sare\u017e\u0123\u012btaj\u0101 ra\u017eo\u0161anas darbn\u012bc\u0101.<\/p>\n<p>Ievie\u0161ot modernu digit\u0101lo ra\u017eo\u0161anas apr\u012bkojumu un profesion\u0101las test\u0113\u0161anas sist\u0113mas, m\u0113s optimiz\u0113jam savu ra\u017eo\u0161anas platformu un uzlabojam produktu kvalit\u0101tes kontroles procesus. Mums piem\u012bt sp\u0113c\u012bgas inov\u0101ciju sp\u0113jas, un m\u0113s cen\u0161amies apmierin\u0101t klientu da\u017e\u0101d\u0101s pras\u012bbas ar augstu efektivit\u0101ti, precizit\u0101ti un augstas kvalit\u0101tes produktiem.<\/p>\n<p><img decoding=\"async\" src=\"https:\/\/www.hydraulic-cylinders.net\/wp-content\/uploads\/2025\/01\/songte-company-4.webp\" alt=\"Uz\u0146\u0113muma t\u0113ls\"><br \/>\n<img","protected":false},"excerpt":{"rendered":"<p>Arm Cylinder For Sany Middle Excavator SY215Q Introduction The arm cylinder is a specially designed hydraulic cylinder that is primarily used to provide linear motion and power to the arm of various machinery, such as excavators, cranes, and robotic arms. The arm cylinder plays a crucial role in hydraulic systems, enabling the efficient movement and [&hellip;]<\/p>","protected":false},"featured_media":14774,"comment_status":"open","ping_status":"closed","template":"","meta":{"_et_pb_use_builder":"","_et_pb_old_content":"","_et_gb_content_width":""},"product_brand":[],"product_cat":[1497],"product_tag":[1498,1496],"class_list":{"0":"post-16369","1":"product","2":"type-product","3":"status-publish","4":"has-post-thumbnail","6":"product_cat-arm-cylinders","7":"product_tag-arm-cylinders","8":"product_tag-hydraulic-cylinders","10":"first","11":"instock","12":"shipping-taxable","13":"product-type-simple"},"amp_enabled":true,"_links":{"self":[{"href":"https:\/\/www.hydraulic-cylinders.net\/lv\/wp-json\/wp\/v2\/product\/16369","targetHints":{"allow":["GET"]}}],"collection":[{"href":"https:\/\/www.hydraulic-cylinders.net\/lv\/wp-json\/wp\/v2\/product"}],"about":[{"href":"https:\/\/www.hydraulic-cylinders.net\/lv\/wp-json\/wp\/v2\/types\/product"}],"replies":[{"embeddable":true,"href":"https:\/\/www.hydraulic-cylinders.net\/lv\/wp-json\/wp\/v2\/comments?post=16369"}],"wp:featuredmedia":[{"embeddable":true,"href":"https:\/\/www.hydraulic-cylinders.net\/lv\/wp-json\/wp\/v2\/media\/14774"}],"wp:attachment":[{"href":"https:\/\/www.hydraulic-cylinders.net\/lv\/wp-json\/wp\/v2\/media?parent=16369"}],"wp:term":[{"taxonomy":"product_brand","embeddable":true,"href":"https:\/\/www.hydraulic-cylinders.net\/lv\/wp-json\/wp\/v2\/product_brand?post=16369"},{"taxonomy":"product_cat","embeddable":true,"href":"https:\/\/www.hydraulic-cylinders.net\/lv\/wp-json\/wp\/v2\/product_cat?post=16369"},{"taxonomy":"product_tag","embeddable":true,"href":"https:\/\/www.hydraulic-cylinders.net\/lv\/wp-json\/wp\/v2\/product_tag?post=16369"}],"curies":[{"name":"wp","href":"https:\/\/api.w.org\/{rel}","templated":true}]}}