{"id":16370,"date":"2025-01-20T09:09:49","date_gmt":"2025-01-20T09:09:49","guid":{"rendered":"https:\/\/www.hydraulic-cylinders.net\/product\/arm-cylinderfor-sany-middle-excavator-sy230c\/"},"modified":"2025-01-20T09:09:57","modified_gmt":"2025-01-20T09:09:57","slug":"arm-cylinderfor-sany-middle-excavator-sy230c","status":"publish","type":"product","link":"https:\/\/www.hydraulic-cylinders.net\/lv\/products\/arm-cylinderfor-sany-middle-excavator-sy230c\/","title":{"rendered":"Sany vid\u0113j\u0101 ekskavatora SY230C sviras cilindrs"},"content":{"rendered":"<p>Sany vid\u0113j\u0101 ekskavatora SY230C sviras cilindrs<\/p>\n<p>Sany vid\u0113j\u0101 ekskavatora SY230C sviras cilindrs ir hidraulisk\u0101 cilindra veids, kas \u012bpa\u0161i paredz\u0113ts, lai nodro\u0161in\u0101tu line\u0101ru kust\u012bbu un jaudu da\u017e\u0101du veidu ma\u0161\u012bnu, piem\u0113ram, ekskavatoru, celt\u0146u un meh\u0101nisko sviru, svir\u0101m. Tam ir iz\u0161\u0137iro\u0161a noz\u012bme hidrauliskaj\u0101 sist\u0113m\u0101, \u013caujot efekt\u012bvi p\u0101rvietot un vad\u012bt papildu instrumentus vai stiprin\u0101jumus. \u0160ie cilindri ne tikai nodro\u0161ina vienm\u0113r\u012bgu kust\u012bbu, bet ar\u012b iztur lielas slodzes, nodro\u0161inot ma\u0161\u012bnas efekt\u012bvu darb\u012bbu un uzticam\u012bbu da\u017e\u0101dos ekspluat\u0101cijas apst\u0101k\u013cos.<\/p>\n<p><img decoding=\"async\" src=\"https:\/\/www.hydraulic-cylinders.net\/wp-content\/uploads\/2025\/01\/songte-company-2.webp\"><\/p>\n<p>Funkcijas:<\/p>\n<p>\u2013 Augstas efektivit\u0101tes transmisija: Sviras cilindrs nodro\u0161ina jaud\u012bgu line\u0101ru kust\u012bbu un sp\u0113ku, garant\u0113jot meh\u0101nisk\u0101s sviras augstu efektivit\u0101ti da\u017e\u0101d\u0101s darb\u012bb\u0101s.<br \/>\n\u2013 Prec\u012bza vad\u012bba: Izmantojot hidraulisko sist\u0113mu, rokas cilindrs var pan\u0101kt prec\u012bzu kust\u012bbas vad\u012bbu, padarot papildu instrumentu darb\u012bbu elast\u012bg\u0101ku un prec\u012bz\u0101ku.<br \/>\n\u2013 Iztur\u012bba: Sviras cilindrs parasti ir izgatavots no augstas iztur\u012bbas materi\u0101liem, kuriem ir lieliska nodilumiztur\u012bba un iztur\u012bba pret koroziju, padarot to piem\u0113rotu ilgsto\u0161ai lieto\u0161anai skarbos apst\u0101k\u013cos.<br \/>\n\u2013 Daudzfunkcionalit\u0101te: \u0161os cilindrus var pla\u0161i izmantot da\u017e\u0101d\u0101s meh\u0101nisk\u0101s iek\u0101rt\u0101s, piem\u0113ram, ekskavatoros, celt\u0146os un meh\u0101niskaj\u0101s svir\u0101s, lai apmierin\u0101tu da\u017e\u0101das darba pras\u012bbas.<br \/>\n\u2013 Vienk\u0101r\u0161a apkope: Projekt\u0113jot \u0146emta v\u0113r\u0101 vienk\u0101r\u0161a apkope un nomai\u0146a, padarot regul\u0101ru p\u0101rbaudi un apkopi \u0113rt\u0101ku, k\u0101 ar\u012b samazinot iek\u0101rtu d\u012bkst\u0101ves laiku.<\/p>\n<p>M\u0113s varam ra\u017eot \u0161o produktu, un m\u016bsu produkti var lieliski aizst\u0101t \u0161os hidrauliskos cilindrus.<\/p>\n<p><img decoding=\"async\" src=\"https:\/\/www.hydraulic-cylinders.net\/wp-content\/uploads\/2025\/01\/songte-oil-pipes-and-spare-parts.webp\"><\/p>\n<p>Lietojumi:<\/p>\n<p>\u2013 B\u016bvniec\u012bbas in\u017eenierija: Ekskavatoros un celt\u0146os sviras cilindrs tiek izmantots, lai vad\u012btu kausa vai str\u0113les kust\u012bbu zemes darbos, materi\u0101lu apstr\u0101d\u0113 un konstrukciju uzst\u0101d\u012b\u0161an\u0101.<br \/>\n\u2013 Ra\u017eo\u0161anas nozare: Automatiz\u0113t\u0101s ra\u017eo\u0161anas l\u012bnij\u0101s sviras cilindrs tiek izmantots meh\u0101nisko sviru p\u0101rvieto\u0161anai, mont\u0101\u017eas, metin\u0101\u0161anas un apstr\u0101des procesos, uzlabojot ra\u017eo\u0161anas efektivit\u0101ti un precizit\u0101ti.<br \/>\n\u2013 Lauksaimniec\u012bbas tehnika: Lauksaimniec\u012bbas tehnik\u0101, piem\u0113ram, kombainos un s\u0113jma\u0161\u012bn\u0101s, sviras cilindrs kontrol\u0113 vad\u012bbas sviras kust\u012bbu, veicot t\u0101dus uzdevumus k\u0101 s\u0113\u0161ana, m\u0113slo\u0161ana un ra\u017eas nov\u0101k\u0161ana.<br \/>\n\u2013 Kalnr\u016bpniec\u012bba: Kalnr\u016bpniec\u012bbas iek\u0101rt\u0101s sviras cilindrs tiek izmantots, lai kontrol\u0113tu kalnr\u016bpniec\u012bbas iek\u0101rtu sviras kust\u012bbu der\u012bgo izrakte\u0146u ieguvei un apstr\u0101dei.<br \/>\n\u2013 Lo\u0123istika un transports: Iekr\u0101v\u0113jos un apstr\u0101des robotos rokas cilindrs tiek izmantots, lai kontrol\u0113tu dak\u0161as pacel\u0161anu un kust\u012bbu, k\u0101 ar\u012b materi\u0101lu apstr\u0101di un sakrau\u0161anu.<\/p>\n<p>Dizaina apsv\u0113rumi un atlases krit\u0113riji:<\/p>\n<p>\u2013 Nestsp\u0113ja: Sviras cilindram j\u0101sp\u0113j iztur\u0113t iek\u0101rtas maksim\u0101lo slodzi, nodro\u0161inot dro\u0161u un uzticamu darb\u012bbu.<br \/>\n\u2013 Bl\u012bv\u0113juma veiktsp\u0113ja: Lai pan\u0101ktu izcilu bl\u012bv\u0113juma veiktsp\u0113ju, cilindram j\u0101b\u016bt apr\u012bkotam ar da\u017e\u0101diem bl\u012bv\u0113jumiem, piem\u0113ram, virzu\u013ca bl\u012bv\u0113juma gredzeniem un stie\u0146a bl\u012bv\u0113juma gredzeniem, kas izgatavoti no nodilumiztur\u012bgiem materi\u0101liem, piem\u0113ram, poliuret\u0101na un nitrila gumijas.<br \/>\n\u2013 Iztur\u012bba: Cilindra korpusam un v\u012bt\u0146otajai gala virsmai j\u0101b\u016bt smalki apstr\u0101d\u0101tai, lai uzlabotu nodilumiztur\u012bbu un pagarin\u0101tu kalpo\u0161anas laiku.<br \/>\n\u2013 Dro\u0161\u012bba: Balonam j\u0101b\u016bt apr\u012bkotam ar uzticam\u0101m dro\u0161\u012bbas ier\u012bc\u0113m, piem\u0113ram, dro\u0161\u012bbas v\u0101rstiem un ierobe\u017eojo\u0161ajiem sl\u0113d\u017eiem, lai nov\u0113rstu negad\u012bjumus, ko izraisa p\u0101rslodze vai citi defekti.<br \/>\n\u2013 Vienk\u0101r\u0161a apkope: Balonam j\u0101b\u016bt konstru\u0113tam t\u0101, lai to b\u016btu viegli apkopt un nomain\u012bt, lai atvieglotu regul\u0101ru p\u0101rbaudi un apkopi, k\u0101 ar\u012b samazin\u0101tu iek\u0101rtu d\u012bkst\u0101ves laiku.<\/p>\n<p><img decoding=\"async\" src=\"https:\/\/www.hydraulic-cylinders.net\/wp-content\/uploads\/2025\/01\/songte-cylinder-head-with-all-kinds-excavator-models.webp\"><\/p>\n<p>Bl\u012bv\u0113\u0161ana un e\u013c\u013co\u0161ana:<\/p>\n<p>Sviras cilindram j\u0101izmanto da\u017e\u0101di bl\u012bv\u0113\u0161anas komponenti, piem\u0113ram, virzu\u013ca bl\u012bv\u0113jumi un stie\u0146a bl\u012bv\u0113jumi, kas izgatavoti no nodilumiztur\u012bgiem materi\u0101liem, piem\u0113ram, poliuret\u0101na un nitrila gumijas, lai nodro\u0161in\u0101tu izcilu bl\u012bv\u0113\u0161anas veiktsp\u0113ju. Cilindra korpusam un v\u012bt\u0146otajai gala virsmai j\u0101b\u016bt smalki apstr\u0101d\u0101tai, lai uzlabotu nodilumiztur\u012bbu. Regul\u0101ra atbilsto\u0161a hidraulisk\u0101s e\u013c\u013cas daudzuma uzpild\u012b\u0161ana var nodro\u0161in\u0101t cilindra e\u013c\u013co\u0161anu un uzlabot bl\u012bv\u0113\u0161anas deta\u013cu kalpo\u0161anas laiku.<\/p>\n<p>Regul\u0101ras p\u0101rbaudes un profilaktisk\u0101s apkopes pas\u0101kumi:<\/p>\n<p>\u2013 Regul\u0101ri p\u0101rbaudiet cilindra darb\u012bbu, lai p\u0101rliecin\u0101tos, ka tas darbojas pareizi, un laikus identific\u0113tu iesp\u0113jam\u0101s probl\u0113mas.<br \/>\n\u2013 Regul\u0101ri p\u0101rbaudiet cilindra bl\u012bves un e\u013c\u013co\u0161anas sist\u0113mu, lai p\u0101rliecin\u0101tos, ka t\u0101s darbojas pareizi, un nekav\u0113joties nomainiet visas nolietot\u0101s deta\u013cas.<br \/>\n\u2013 Regul\u0101ri t\u012briet un kopjiet cilindra virsmu, lai nov\u0113rstu boj\u0101jumus, ko rada r\u016bsa, putek\u013ci un citi pies\u0101r\u0146ot\u0101ji.<br \/>\n\u2013 Izstr\u0101d\u0101t prevent\u012bv\u0101s apkopes pl\u0101nu, lai nodro\u0161in\u0101tu regul\u0101ru un savlaic\u012bgu apkopi un nov\u0113rstu iesp\u0113jam\u0101s probl\u0113mas, pirms t\u0101s rodas.<\/p>\n<p>Pareiza uzst\u0101d\u012b\u0161anas rokasgr\u0101mata:<\/p>\n<p>\u2013 Pirms uzst\u0101d\u012b\u0161anas p\u0101rliecinieties, vai uzst\u0101d\u012b\u0161anas vieta ir l\u012bdzena un cilindrs ir pien\u0101c\u012bgi izt\u012br\u012bts un iee\u013c\u013cots.<br \/>\n\u2013 P\u0101rliecinieties, vai cilindrs ir pareizi izl\u012bdzin\u0101ts ar apr\u012bkojumu un visas deta\u013cas ir pievilktas l\u012bdz nor\u0101d\u012btajam griezes momentam.<br \/>\n\u2013 P\u0113c uzst\u0101d\u012b\u0161anas p\u0101rbaudiet cilindra darb\u012bbu un p\u0101rliecinieties, ka tas darbojas pareizi.<\/p>\n<p><img decoding=\"async\" src=\"https:\/\/www.hydraulic-cylinders.net\/wp-content\/uploads\/2025\/01\/songte-bushings-with-all-kinds-of-excavator-models.webp\"><\/p>\n<p>Dro\u0161\u012bbas apsv\u0113rumi un vides faktori:<\/p>\n<p>Lietojot sviras cilindru, ir svar\u012bgi \u0146emt v\u0113r\u0101 dro\u0161\u012bbas pas\u0101kumus, piem\u0113ram, nodro\u0161in\u0101t cilindra pareizu uzst\u0101d\u012b\u0161anu un apkopi, k\u0101 ar\u012b izmantot uzticamas dro\u0161\u012bbas ier\u012bces, piem\u0113ram, dro\u0161\u012bbas v\u0101rstus un ierobe\u017eojuma sl\u0113d\u017eus. Ir svar\u012bgi \u0146emt v\u0113r\u0101 ar\u012b vides faktorus, piem\u0113ram, nodro\u0161in\u0101t, lai izmantot\u0101 hidraulisk\u0101 e\u013c\u013ca b\u016btu videi draudz\u012bga, un pareizi utiliz\u0113t jebk\u0101du izlietoto e\u013c\u013cu vai citus pies\u0101r\u0146ot\u0101jus.<\/p>\n<p>Bie\u017e\u0101k sastopamo k\u013c\u016bmju diagnostika un probl\u0113mu nov\u0113r\u0161ana:<\/p>\n<p>\u2013 Nepietiekama vilce vai \u0101trums: Nepietiekams hidraulisk\u0101s e\u013c\u013cas daudzums vai augsta pretest\u012bba cauru\u013cvad\u0101 var izrais\u012bt nepietiekamu vilci vai \u0101trumu. P\u0101rbaudiet hidraulisk\u0101s e\u013c\u013cas l\u012bmeni un cauru\u013cvadu, vai nav aizsprostojumu.<br \/>\n\u2013 Nopl\u016bde: Nopl\u016bdi var izrais\u012bt nolietotas bl\u012bves vai boj\u0101tas deta\u013cas. P\u0101rbaudiet bl\u012bves un nomainiet visas nolietot\u0101s deta\u013cas.<br \/>\n\u2013 Troksnis: P\u0101rm\u0113r\u012bgu troksni var izrais\u012bt nolietotas vai boj\u0101tas deta\u013cas. P\u0101rbaudiet cilindru un nomainiet visas nolietot\u0101s deta\u013cas.<\/p>\n<p>Padomi un risin\u0101jumi probl\u0113mu nov\u0113r\u0161anai:<\/p>\n<p>\u2013 Regul\u0101ri veiciet hidraulisk\u0101s sist\u0113mas apkopi un savlaic\u012bgi nomainiet visas nolietot\u0101s vai boj\u0101t\u0101s deta\u013cas, lai nov\u0113rstu k\u013c\u016bmju ra\u0161anos.<br \/>\n\u2013 Ja rodas k\u013c\u016bme, nekav\u0113joties p\u0101rtrauciet cilindra lieto\u0161anu un konsult\u0113jieties ar speci\u0101listu, lai veiktu diagnostiku un remontu.<br \/>\n\u2013 Izstr\u0101d\u0101t prevent\u012bv\u0101s apkopes pl\u0101nu, lai nodro\u0161in\u0101tu regul\u0101ru un savlaic\u012bgu apkopi un nov\u0113rstu iesp\u0113jam\u0101s probl\u0113mas, pirms t\u0101s rodas.<\/p>\n<p><img decoding=\"async\" src=\"https:\/\/www.hydraulic-cylinders.net\/wp-content\/uploads\/2025\/01\/songte-chushion-collar.webp\"><\/p>\n<p>M\u016bsu uz\u0146\u0113mums ir profesion\u0101ls rezerves hidraulisko cilindru ra\u017eot\u0101js. M\u016bsu produkti ir daudzveid\u012bgi, un m\u0113s esam k\u013cuvu\u0161i par vienu no vado\u0161ajiem hidraulisko cilindru ra\u017eot\u0101jiem un vairumtirdzniec\u012bbas izplat\u012bt\u0101jiem viet\u0113j\u0101 un starptautiskaj\u0101 tirg\u016b. M\u0113s vienm\u0113r iev\u0113rojam izcilas kvalit\u0101tes principu un pa\u013caujamies uz m\u016bsu sare\u017e\u0123\u012bt\u0101s ra\u017eo\u0161anas darbn\u012bcas industrializ\u0113to ra\u017eo\u0161anas vad\u012bbas strat\u0113\u0123iju, lai nep\u0101rtraukti uzlabotu savu tehnisko l\u012bmeni un ra\u017eo\u0161anas efektivit\u0101ti. Ievie\u0161ot modernu digit\u0101lo ra\u017eo\u0161anas apr\u012bkojumu un profesion\u0101las test\u0113\u0161anas sist\u0113mas, m\u0113s nep\u0101rtraukti optimiz\u0113jam savu ra\u017eo\u0161anas platformu, uzlabojam produktu kvalit\u0101tes kontroles procesu un mums ir sp\u0113c\u012bgas inov\u0101ciju iesp\u0113jas. M\u016bsu m\u0113r\u0137is ir apmierin\u0101t m\u016bsu klientu daudzveid\u012bg\u0101s vajadz\u012bbas ar augstu efektivit\u0101ti, precizit\u0101ti un augstas kvalit\u0101tes produktiem.<\/p>\n<p>M\u0113s pied\u0101v\u0101jam profesion\u0101lus piel\u0101go\u0161anas pakalpojumus, un m\u016bsu produkti ir iztur\u0113ju\u0161i starptautiskus sertifik\u0101tus, kas nodro\u0161ina to kvalit\u0101ti un dro\u0161\u012bbu. Ar\u012b m\u016bsu ra\u017eo\u0161anas iek\u0101rtas ir visaugst\u0101k\u0101s kvalit\u0101tes, un m\u016bsu p\u0113cp\u0101rdo\u0161anas serviss ir uzticams un savlaic\u012bgs.<\/p>\n<p><img decoding=\"async\" src=\"https:\/\/www.hydraulic-cylinders.net\/wp-content\/uploads\/2025\/01\/songte-company-4.webp\"> <img decoding=\"async\" src=\"https:\/\/www.hydraulic-cylinders.net\/wp-content\/uploads\/2025\/01\/songte-company-3.webp\"><\/p>\n<p>Autors: Lails.<\/p>","protected":false},"excerpt":{"rendered":"<p>Arm Cylinder For Sany Middle Excavator SY230C The Arm Cylinder for Sany Middle Excavator SY230C is a type of hydraulic cylinder specifically designed to provide linear motion and power to the arms of various types of machinery, such as excavators, cranes, and mechanical arms. It plays a crucial role in the hydraulic system, making it [&hellip;]<\/p>","protected":false},"featured_media":14772,"comment_status":"open","ping_status":"closed","template":"","meta":{"_et_pb_use_builder":"","_et_pb_old_content":"","_et_gb_content_width":""},"product_brand":[],"product_cat":[1497],"product_tag":[1498,1496],"class_list":{"0":"post-16370","1":"product","2":"type-product","3":"status-publish","4":"has-post-thumbnail","6":"product_cat-arm-cylinders","7":"product_tag-arm-cylinders","8":"product_tag-hydraulic-cylinders","10":"first","11":"instock","12":"shipping-taxable","13":"product-type-simple"},"amp_enabled":true,"_links":{"self":[{"href":"https:\/\/www.hydraulic-cylinders.net\/lv\/wp-json\/wp\/v2\/product\/16370","targetHints":{"allow":["GET"]}}],"collection":[{"href":"https:\/\/www.hydraulic-cylinders.net\/lv\/wp-json\/wp\/v2\/product"}],"about":[{"href":"https:\/\/www.hydraulic-cylinders.net\/lv\/wp-json\/wp\/v2\/types\/product"}],"replies":[{"embeddable":true,"href":"https:\/\/www.hydraulic-cylinders.net\/lv\/wp-json\/wp\/v2\/comments?post=16370"}],"wp:featuredmedia":[{"embeddable":true,"href":"https:\/\/www.hydraulic-cylinders.net\/lv\/wp-json\/wp\/v2\/media\/14772"}],"wp:attachment":[{"href":"https:\/\/www.hydraulic-cylinders.net\/lv\/wp-json\/wp\/v2\/media?parent=16370"}],"wp:term":[{"taxonomy":"product_brand","embeddable":true,"href":"https:\/\/www.hydraulic-cylinders.net\/lv\/wp-json\/wp\/v2\/product_brand?post=16370"},{"taxonomy":"product_cat","embeddable":true,"href":"https:\/\/www.hydraulic-cylinders.net\/lv\/wp-json\/wp\/v2\/product_cat?post=16370"},{"taxonomy":"product_tag","embeddable":true,"href":"https:\/\/www.hydraulic-cylinders.net\/lv\/wp-json\/wp\/v2\/product_tag?post=16370"}],"curies":[{"name":"wp","href":"https:\/\/api.w.org\/{rel}","templated":true}]}}