{"id":16372,"date":"2025-01-20T09:10:04","date_gmt":"2025-01-20T09:10:04","guid":{"rendered":"https:\/\/www.hydraulic-cylinders.net\/product\/arm-cylinderfor-sany-middle-excavator-sy265c-9\/"},"modified":"2025-01-20T09:10:06","modified_gmt":"2025-01-20T09:10:06","slug":"arm-cylinderfor-sany-middle-excavator-sy265c-9","status":"publish","type":"product","link":"https:\/\/www.hydraulic-cylinders.net\/lv\/products\/arm-cylinderfor-sany-middle-excavator-sy265c-9\/","title":{"rendered":"Sany vid\u0113j\u0101 ekskavatora SY265C-9 sviras cilindrs"},"content":{"rendered":"<h1>Sany vid\u0113j\u0101 ekskavatora SY265C-9 sviras cilindrs<\/h1>\n<h2>Ievads<\/h2>\n<p>Sviras cilindrs ir speci\u0101li izstr\u0101d\u0101ts hidrauliskais cilindrs, kas nodro\u0161ina line\u0101ru kust\u012bbu un jaudu da\u017e\u0101du ma\u0161\u012bnu, piem\u0113ram, ekskavatoru, celt\u0146u un robotiz\u0113tu roku, svirai. Tam ir iz\u0161\u0137iro\u0161a noz\u012bme hidrauliskaj\u0101s sist\u0113m\u0101s, nodro\u0161inot efekt\u012bvu pielikumu vai piederumu kust\u012bbu un vad\u012bbu. \u0160ie cilindri ne tikai nodro\u0161ina vienm\u0113r\u012bgu kust\u012bbu, bet ar\u012b iztur lielas slodzes, nodro\u0161inot ma\u0161\u012bnu efekt\u012bvu darb\u012bbu un uzticam\u012bbu da\u017e\u0101dos darba apst\u0101k\u013cos.<\/p>\n<p><img decoding=\"async\" src=\"https:\/\/www.hydraulic-cylinders.net\/wp-content\/uploads\/2025\/01\/songte-company-2.webp\"><\/p>\n<h2>Funkcijas<\/h2>\n<ul>\n<li><strong>Efekt\u012bva jaudas p\u0101rvade:<\/strong> Sviras cilindrs nodro\u0161ina jaud\u012bgu line\u0101ru kust\u012bbu un sp\u0113ku, garant\u0113jot meh\u0101nisk\u0101s sviras augstu efektivit\u0101ti da\u017e\u0101d\u0101s darb\u012bb\u0101s.<\/li>\n<li><strong>Prec\u012bza kontrole:<\/strong> Izmantojot hidraulisko sist\u0113mu, rokas cilindrs nodro\u0161ina prec\u012bzu kust\u012bbas kontroli, padarot pievienoto instrumentu darb\u012bbu elast\u012bg\u0101ku un prec\u012bz\u0101ku.<\/li>\n<li><strong>Iztur\u012bba:<\/strong> Sviru cilindri parasti ir izgatavoti no augstas iztur\u012bbas materi\u0101liem, kas nodro\u0161ina izcilu nodilumiztur\u012bbu un korozijas iztur\u012bbu, t\u0101p\u0113c ir piem\u0113roti ilgsto\u0161ai lieto\u0161anai skarbos apst\u0101k\u013cos.<\/li>\n<li><strong>Daudzfunkcion\u0101la piel\u0101go\u0161an\u0101s sp\u0113ja:<\/strong> \u0160os cilindrus var pla\u0161i pielietot da\u017e\u0101da veida ma\u0161\u012bn\u0101m, tostarp ekskavatoriem, celt\u0146iem un robotiz\u0113t\u0101m rok\u0101m, piel\u0101gojoties da\u017e\u0101d\u0101m darba pras\u012bb\u0101m.<\/li>\n<li><strong>Vienk\u0101r\u0161a apkope:<\/strong> Projekt\u0113jot ir \u0146emta v\u0113r\u0101 vienk\u0101r\u0161a apkope un nomai\u0146a, padarot regul\u0101ras p\u0101rbaudes un apkopi \u0113rt\u0101ku, samazinot iek\u0101rtu d\u012bkst\u0101ves laiku.<\/li>\n<\/ul>\n<p><img decoding=\"async\" src=\"https:\/\/www.hydraulic-cylinders.net\/wp-content\/uploads\/2025\/01\/songte-oil-pipes-and-spare-parts.webp\"><\/p>\n<h2>Pieteikumi<\/h2>\n<p>Sviras cilindrs tiek izmantots da\u017e\u0101d\u0101s nozar\u0113s:<\/p>\n<ul>\n<li><strong>B\u016bvniec\u012bbas in\u017eenierija:<\/strong> Ekskavatoros un celt\u0146os sviras cilindrs kontrol\u0113 kausa vai str\u0113les kust\u012bbu zemes darbu, materi\u0101lu apstr\u0101des un konstrukciju uzst\u0101d\u012b\u0161anas laik\u0101.<\/li>\n<li><strong>Ra\u017eo\u0161anas nozare:<\/strong> Automatiz\u0113t\u0101s ra\u017eo\u0161anas l\u012bnij\u0101s rokas cilindrs tiek izmantots robotiz\u0113tu roku kust\u012bbai t\u0101dos procesos k\u0101 mont\u0101\u017ea, metin\u0101\u0161ana un materi\u0101lu apstr\u0101de, uzlabojot ra\u017eo\u0161anas efektivit\u0101ti un precizit\u0101ti.<\/li>\n<li><strong>Lauksaimniec\u012bbas tehnika:<\/strong> Lauksaimniec\u012bbas tehnik\u0101, piem\u0113ram, kombainos un s\u0113jma\u0161\u012bn\u0101s, sviras cilindrs kontrol\u0113 vad\u012bbas sviru kust\u012bbu t\u0101diem uzdevumiem k\u0101 s\u0113\u0161ana, m\u0113slo\u0161ana un ra\u017eas nov\u0101k\u0161ana.<\/li>\n<li><strong>Kalnr\u016bpniec\u012bbas nozare:<\/strong> In mining equipment, the arm cylinder controls the arm&#8217;s movement for mining and material transportation.<\/li>\n<li><strong>Lo\u0123istika un transports:<\/strong> Iekr\u0101v\u0113jos un apstr\u0101des robotos rokas cilindrs tiek izmantots, lai kontrol\u0113tu dak\u0161u pacel\u0161anu un kust\u012bbu, nodro\u0161inot materi\u0101lu apstr\u0101di un sakrau\u0161anu.<\/li>\n<\/ul>\n<h2>Dizaina apsv\u0113rumi un atlases krit\u0113riji<\/h2>\n<ul>\n<li><strong>Nestsp\u0113ja:<\/strong> Sviras cilindra sp\u0113ja iztur\u0113t slodzes ir iz\u0161\u0137iro\u0161s konstrukcijas apsv\u0113rums.<\/li>\n<li><strong>Bl\u012bv\u0113jums:<\/strong> Da\u017e\u0101di bl\u012bv\u0113\u0161anas elementi, piem\u0113ram, virzu\u013ca bl\u012bvsl\u0113gi \u200b\u200bun stie\u0146u bl\u012bvsl\u0113gi, kas izgatavoti no nodilumiztur\u012bgiem materi\u0101liem, piem\u0113ram, poliuret\u0101na vai nitrila gumijas, nodro\u0161ina efekt\u012bvu bl\u012bv\u0113\u0161anu.<\/li>\n<li><strong>Iztur\u012bba:<\/strong> Cilindra korpuss un v\u012bt\u0146otie gali tiek r\u016bp\u012bgi apstr\u0101d\u0101ti, lai uzlabotu nodilumiztur\u012bbu.<\/li>\n<li><strong>Dro\u0161\u012bba:<\/strong> Projekt\u0113jot, tiek \u0146emti v\u0113r\u0101 dro\u0161\u012bbas apsv\u0113rumi, nodro\u0161inot dro\u0161u darb\u012bbu.<\/li>\n<li><strong>Uzturam\u012bba:<\/strong> Regul\u0101ra e\u013c\u013co\u0161ana ar atbilsto\u0161u hidraulisko e\u013c\u013cu un \u0113rta piek\u013cuve apkopei un remontam ir b\u016btiski konstrukcijas aspekti.<\/li>\n<\/ul>\n<p><img decoding=\"async\" src=\"https:\/\/www.hydraulic-cylinders.net\/wp-content\/uploads\/2025\/01\/songte-cylinder-head-with-all-kinds-excavator-models.webp\"><\/p>\n<h2>Bl\u012bv\u0113\u0161ana un e\u013c\u013co\u0161ana<\/h2>\n<p>Sviras cilindr\u0101 tiek izmantoti da\u017e\u0101di bl\u012bv\u0113\u0161anas komponenti, piem\u0113ram, virzu\u013ca bl\u012bvsl\u0113gi \u200b\u200bun stie\u0146a bl\u012bvsl\u0113gi, kas izgatavoti no nodilumiztur\u012bgiem materi\u0101liem, piem\u0113ram, poliuret\u0101na un nitrila gumijas. Cilindra korpuss un v\u012bt\u0146otie gali ir smalki apstr\u0101d\u0101ti, lai uzlabotu nodilumiztur\u012bbu. Lai nodro\u0161in\u0101tu efekt\u012bvu e\u013c\u013co\u0161anu, tas regul\u0101ri j\u0101iee\u013c\u013co ar atbilsto\u0161u hidraulisk\u0101s e\u013c\u013cas daudzumu.<\/p>\n<h2>Regul\u0101ra p\u0101rbaude un profilaktisk\u0101 apkope<\/h2>\n<ul>\n<li>Regul\u0101ri p\u0101rbaudiet sviras cilindru, vai nav nodiluma, nopl\u016b\u017eu vai boj\u0101jumu paz\u012bmju.<\/li>\n<li>P\u0101rbaudiet un nomainiet nolietot\u0101s bl\u012bves un citas sast\u0101vda\u013cas p\u0113c nepiecie\u0161am\u012bbas.<\/li>\n<li>Uzturiet atbilsto\u0161u e\u013c\u013co\u0161anu, kontrol\u0113jot hidraulisk\u0101s e\u013c\u013cas l\u012bmeni un nepiecie\u0161am\u012bbas gad\u012bjum\u0101 papildinot e\u013c\u013cu.<\/li>\n<li>Iev\u0113rojiet ra\u017eot\u0101ja ieteikto apkopes grafiku.<\/li>\n<li>P\u0101rliecinieties, ka apkopes proced\u016bru laik\u0101 ir iev\u0113roti visi dro\u0161\u012bbas pas\u0101kumi.<\/li>\n<\/ul>\n<h2>Produkta uzst\u0101d\u012b\u0161anas rokasgr\u0101mata<\/h2>\n<p>Lai pareizi uzst\u0101d\u012btu sviras cilindru, veiciet t\u0101l\u0101k nor\u0101d\u012bt\u0101s darb\u012bbas.<\/p>\n<ol>\n<li>P\u0101rliecinieties, vai iek\u0101rta ir izsl\u0113gta un viss hidrauliskais spiediens ir atbr\u012bvots.<\/li>\n<li>Novietojiet sviras cilindru paredz\u0113taj\u0101 mont\u0101\u017eas viet\u0101.<\/li>\n<li>Align the cylinder&#8217;s mounting holes with the corresponding holes in the machinery.<\/li>\n<li>Dro\u0161i nostipriniet cilindru, izmantojot atbilsto\u0161as \u200b\u200bskr\u016bves vai tapas.<\/li>\n<li>Make necessary hydraulic connections according to the manufacturer&#8217;s instructions.<\/li>\n<li>Test the cylinder&#8217;s functionality before resuming normal operation.<\/li>\n<\/ol>\n<p><img decoding=\"async\" src=\"https:\/\/www.hydraulic-cylinders.net\/wp-content\/uploads\/2025\/01\/songte-bushings-with-all-kinds-of-excavator-models.webp\"><\/p>\n<h2>Dro\u0161\u012bbas apsv\u0113rumi un vides faktori<\/h2>\n<p>Izmantojot svircilindrus, dro\u0161\u012bbas pas\u0101kumu iev\u0113ro\u0161ana ir \u0101rk\u0101rt\u012bgi svar\u012bga, lai nov\u0113rstu negad\u012bjumus un nodro\u0161in\u0101tu operatora dro\u0161\u012bbu. Lai saglab\u0101tu cilindru optim\u0101lu veiktsp\u0113ju un ilgm\u016b\u017e\u012bbu, j\u0101\u0146em v\u0113r\u0101 ar\u012b vides faktori, piem\u0113ram, temperat\u016bra un mitrums.<\/p>\n<h2>Probl\u0113mu nov\u0113r\u0161ana un bie\u017ei sastopamas probl\u0113mas<\/h2>\n<p>Bie\u017ei sastopamas probl\u0113mas ar sviras cilindriem var b\u016bt \u0161\u0101das:<\/p>\n<ul>\n<li>Hidraulisk\u0101 \u0161\u0137idruma nopl\u016bde<\/li>\n<li>P\u0101rm\u0113r\u012bgs troksnis darb\u012bbas laik\u0101<\/li>\n<li>L\u0113na vai nevienm\u0113r\u012bga kust\u012bba<\/li>\n<\/ul>\n<p>Lai risin\u0101tu \u0161\u012bs probl\u0113mas:<\/p>\n<ul>\n<li>P\u0101rbaudiet, vai nav boj\u0101tas bl\u012bves, un, ja nepiecie\u0161ams, nomainiet t\u0101s.<\/li>\n<li>P\u0101rbaudiet hidrauliskos savienojumus, vai nav nopl\u016b\u017eu, un nepiecie\u0161am\u012bbas gad\u012bjum\u0101 salabojiet.<\/li>\n<li>Nodro\u0161iniet visu kust\u012bgo da\u013cu pien\u0101c\u012bgu e\u013c\u013co\u0161anu.<\/li>\n<li>Consult the manufacturer&#8217;s troubleshooting guide or seek professional assistance if the problem persists.<\/li>\n<\/ul>\n<p><img decoding=\"async\" src=\"https:\/\/www.hydraulic-cylinders.net\/wp-content\/uploads\/2025\/01\/songte-chushion-collar.webp\"><\/p>\n<p>Lo\u0123iski organiz\u0113jiet rakstu ar apak\u0161virsrakstiem, lai atvieglotu navig\u0101ciju. Iek\u013caujiet atbilsto\u0161us att\u0113lus vai diagrammas, lai uzlabotu izpratni. P\u0101rliecinieties, ka saturs ir skaidrs, kodol\u012bgs un piem\u0113rots las\u012bt\u0101jiem ar da\u017e\u0101diem tehnisko zin\u0101\u0161anu l\u012bme\u0146iem.<\/p>\n<h2>Par m\u016bsu uz\u0146\u0113mumu<\/h2>\n<p>We are a professional manufacturer of replacement hydraulic cylinders, offering a wide range of products. We have become one of the leading manufacturers and wholesale distributors in the domestic and international markets. With a commitment to excellence, we rely on industrialized production management strategies in our refined manufacturing workshop to continuously improve our technological capabilities and production efficiency. By introducing advanced digital manufacturing equipment and professional testing systems, we optimize our manufacturing platform, perfect our product quality control processes, and possess strong innovative capabilities. Our goal is to meet customer&#8217;s diverse needs with efficiency, precision, and high quality.<\/p>\n<p><img decoding=\"async\" src=\"https:\/\/www.hydraulic-cylinders.net\/wp-content\/uploads\/2025\/01\/songte-company-4.webp\"><br \/>\n<img decoding=\"async\" src=\"https:\/\/www.hydraulic-cylinders.net\/wp-content\/uploads\/2025\/01\/songte-company-3.webp\"><\/p>\n<p>M\u016bsu uz\u0146\u0113mums ir paz\u012bstams ar:<\/p>\n<ul>\n<li>Profesionalit\u0101te un kompetence nozar\u0113<\/li>\n<li>Starptautiski sertifik\u0101ti, kas apliecina produktu kvalit\u0101ti<\/li>\n<li>Piel\u0101go\u0161anas pakalpojumi, lai atbilstu \u012bpa\u0161\u0101m pras\u012bb\u0101m<\/li>\n<li>Uzlabotas ra\u017eo\u0161anas iek\u0101rtas<\/li>\n<li>Visaptvero\u0161i p\u0113cp\u0101rdo\u0161anas pakalpojumi<\/li>\n<\/ul>\n<p>\u0160o rakstu ir sarakst\u012bjis Lails.<\/p>","protected":false},"excerpt":{"rendered":"<p>Arm CylinderFor Sany Middle Excavator SY265C-9 Introduction The arm cylinder is a specially designed hydraulic cylinder that provides linear motion and power to the arm of various machinery, such as excavators, cranes, and robotic arms. It plays a critical role in hydraulic systems, enabling the efficient movement and control of attachments or accessories. These cylinders [&hellip;]<\/p>","protected":false},"featured_media":14766,"comment_status":"open","ping_status":"closed","template":"","meta":{"_et_pb_use_builder":"","_et_pb_old_content":"","_et_gb_content_width":""},"product_brand":[],"product_cat":[1497],"product_tag":[1498,1496],"class_list":{"0":"post-16372","1":"product","2":"type-product","3":"status-publish","4":"has-post-thumbnail","6":"product_cat-arm-cylinders","7":"product_tag-arm-cylinders","8":"product_tag-hydraulic-cylinders","10":"first","11":"instock","12":"shipping-taxable","13":"product-type-simple"},"amp_enabled":true,"_links":{"self":[{"href":"https:\/\/www.hydraulic-cylinders.net\/lv\/wp-json\/wp\/v2\/product\/16372","targetHints":{"allow":["GET"]}}],"collection":[{"href":"https:\/\/www.hydraulic-cylinders.net\/lv\/wp-json\/wp\/v2\/product"}],"about":[{"href":"https:\/\/www.hydraulic-cylinders.net\/lv\/wp-json\/wp\/v2\/types\/product"}],"replies":[{"embeddable":true,"href":"https:\/\/www.hydraulic-cylinders.net\/lv\/wp-json\/wp\/v2\/comments?post=16372"}],"wp:featuredmedia":[{"embeddable":true,"href":"https:\/\/www.hydraulic-cylinders.net\/lv\/wp-json\/wp\/v2\/media\/14766"}],"wp:attachment":[{"href":"https:\/\/www.hydraulic-cylinders.net\/lv\/wp-json\/wp\/v2\/media?parent=16372"}],"wp:term":[{"taxonomy":"product_brand","embeddable":true,"href":"https:\/\/www.hydraulic-cylinders.net\/lv\/wp-json\/wp\/v2\/product_brand?post=16372"},{"taxonomy":"product_cat","embeddable":true,"href":"https:\/\/www.hydraulic-cylinders.net\/lv\/wp-json\/wp\/v2\/product_cat?post=16372"},{"taxonomy":"product_tag","embeddable":true,"href":"https:\/\/www.hydraulic-cylinders.net\/lv\/wp-json\/wp\/v2\/product_tag?post=16372"}],"curies":[{"name":"wp","href":"https:\/\/api.w.org\/{rel}","templated":true}]}}