{"id":16377,"date":"2025-01-20T09:10:31","date_gmt":"2025-01-20T09:10:31","guid":{"rendered":"https:\/\/www.hydraulic-cylinders.net\/product\/arm-cylinderfor-sany-large-excavator-sy700h-8\/"},"modified":"2025-01-20T09:10:33","modified_gmt":"2025-01-20T09:10:33","slug":"arm-cylinderfor-sany-large-excavator-sy700h-8","status":"publish","type":"product","link":"https:\/\/www.hydraulic-cylinders.net\/lv\/products\/arm-cylinderfor-sany-large-excavator-sy700h-8\/","title":{"rendered":"Sany lielajam ekskavatoram SY700H-8 paredz\u0113tais sviras cilindrs"},"content":{"rendered":"<h1>Sany liel\u0101 ekskavatora SY700H-8 rokas cilindrs<\/h1>\n<h2>Defin\u012bcija un skaidrojums<\/h2>\n<p>Sviras cilindrs ir speci\u0101li izstr\u0101d\u0101ts hidrauliskais cilindrs, kas nodro\u0161ina line\u0101ru kust\u012bbu un jaudu da\u017e\u0101du ma\u0161\u012bnu, piem\u0113ram, ekskavatoru, celt\u0146u un robotiz\u0113tu roku, svirai. Tam ir iz\u0161\u0137iro\u0161a noz\u012bme hidrauliskaj\u0101s sist\u0113m\u0101s, \u013caujot efekt\u012bvi p\u0101rvietot un kontrol\u0113t papildu instrumentus vai stiprin\u0101jumus. \u0160ie cilindri ne tikai nodro\u0161ina vienm\u0113r\u012bgu kust\u012bbu, bet ar\u012b iztur lielas slodzes, nodro\u0161inot augstu darb\u012bbas efektivit\u0101ti un ma\u0161\u012bnu uzticam\u012bbu da\u017e\u0101dos darba apst\u0101k\u013cos.<\/p>\n<p><img decoding=\"async\" src=\"https:\/\/www.hydraulic-cylinders.net\/wp-content\/uploads\/2025\/01\/songte-company-2.webp\" alt=\"Sviras cilindra att\u0113ls\"><\/p>\n<h2>Funkcijas<\/h2>\n<ul>\n<li>\n<h3>Augstas efektivit\u0101tes transmisija<\/h3>\n<p>Sviras cilindrs nodro\u0161ina jaud\u012bgu line\u0101ru kust\u012bbu un sp\u0113ku, garant\u0113jot meh\u0101nisk\u0101s sviras augstas veiktsp\u0113jas iesp\u0113jas da\u017e\u0101d\u0101s darb\u012bb\u0101s.<\/p>\n<\/li>\n<li>\n<h3>Prec\u012bza kontrole<\/h3>\n<p>Izmantojot hidraulisk\u0101s sist\u0113mas, rokas cilindrs nodro\u0161ina prec\u012bzu kust\u012bbas kontroli, padarot pievienoto instrumentu darb\u012bbu elast\u012bg\u0101ku un prec\u012bz\u0101ku.<\/p>\n<\/li>\n<li>\n<h3>Iztur\u012bba<\/h3>\n<p>Sviras cilindrs parasti tiek izgatavots, izmantojot augstas iztur\u012bbas materi\u0101lus, kas nodro\u0161ina izcilu nodilumiztur\u012bbu un iztur\u012bbu pret koroziju, padarot to piem\u0113rotu ilgsto\u0161ai lieto\u0161anai skarbos apst\u0101k\u013cos.<\/p>\n<\/li>\n<li>\n<h3>Daudzfunkcion\u0101la piel\u0101go\u0161an\u0101s sp\u0113ja<\/h3>\n<p>\u0160os cilindrus var pla\u0161i pielietot da\u017e\u0101d\u0101m ma\u0161\u012bn\u0101m, piem\u0113ram, ekskavatoriem, celt\u0146iem un robotiz\u0113t\u0101m rok\u0101m, piel\u0101gojoties da\u017e\u0101d\u0101m darba vajadz\u012bb\u0101m.<\/p>\n<\/li>\n<li>\n<h3>Vienk\u0101r\u0161a apkope<\/h3>\n<p>Sviru cilindru konstrukcija ir veidota, \u0146emot v\u0113r\u0101 vienk\u0101r\u0161u apkopi un nomai\u0146u, padarot regul\u0101ru p\u0101rbaudi un apkopi \u0113rtu un samazinot iek\u0101rtu d\u012bkst\u0101ves laiku.<\/p>\n<\/li>\n<\/ul>\n<p><img decoding=\"async\" src=\"https:\/\/www.hydraulic-cylinders.net\/wp-content\/uploads\/2025\/01\/songte-oil-pipes-and-spare-parts.webp\" alt=\"Cilindra deta\u013cu att\u0113ls\"><\/p>\n<h2>Pieteikumi<\/h2>\n<p>Sviras cilindrs tiek izmantots da\u017e\u0101d\u0101s nozar\u0113s:<\/p>\n<ul>\n<li>\n<h3>B\u016bvniec\u012bbas in\u017eenierija<\/h3>\n<p>Ekskavatoros un celt\u0146os sviras cilindrs tiek izmantots, lai kontrol\u0113tu kausu vai str\u0113les kust\u012bbu zemes p\u0101rvieto\u0161anas, materi\u0101lu apstr\u0101des un konstrukciju uzst\u0101d\u012b\u0161anas darbos.<\/p>\n<\/li>\n<li>\n<h3>Ra\u017eo\u0161ana<\/h3>\n<p>Automatiz\u0113t\u0101s ra\u017eo\u0161anas l\u012bnij\u0101s rokas cilindrs nodro\u0161ina robotiz\u0113tu roku kust\u012bbu t\u0101dos procesos k\u0101 mont\u0101\u017ea, metin\u0101\u0161ana un apstr\u0101de, uzlabojot ra\u017eo\u0161anas efektivit\u0101ti un precizit\u0101ti.<\/p>\n<\/li>\n<li>\n<h3>Lauksaimniec\u012bbas tehnika<\/h3>\n<p>Lauksaimniec\u012bbas tehnik\u0101, piem\u0113ram, kombainos un s\u0113jma\u0161\u012bn\u0101s, sviras cilindrs kontrol\u0113 vad\u012bbas sviru kust\u012bbu t\u0101diem uzdevumiem k\u0101 s\u0113\u0161ana, m\u0113slo\u0161ana un ra\u017eas nov\u0101k\u0161ana.<\/p>\n<\/li>\n<li>\n<h3>Kalnr\u016bpniec\u012bba<\/h3>\n<p>Kalnr\u016bpniec\u012bbas iek\u0101rt\u0101s rokas cilindrs tiek izmantots, lai kontrol\u0113tu kalnr\u016bpniec\u012bbas ma\u0161\u012bnu rokas kust\u012bbu r\u016bdas ieguvei un transport\u0113\u0161anai.<\/p>\n<\/li>\n<li>\n<h3>Lo\u0123istika un transports<\/h3>\n<p>Iekr\u0101v\u0113jos un apstr\u0101des robotos rokas cilindrs kontrol\u0113 dak\u0161u pacel\u0161anu un kust\u012bbu, nodro\u0161inot materi\u0101lu apstr\u0101di un sakrau\u0161anu.<\/p>\n<\/li>\n<\/ul>\n<h2>Dizaina apsv\u0113rumi un atlases krit\u0113riji<\/h2>\n<p>Projekt\u0113jot cilindra sviru, j\u0101\u0146em v\u0113r\u0101 vair\u0101ki faktori:<\/p>\n<ul>\n<li>\n<h3>Nestsp\u0113ja<\/h3>\n<p>Sviras cilindram j\u0101b\u016bt konstru\u0113tam t\u0101, lai tas iztur\u0113tu maksim\u0101l\u0101s slodzes, kur\u0101m tas tiks pak\u013cauts ekspluat\u0101cijas laik\u0101, nodro\u0161inot dro\u0161u un uzticamu darb\u012bbu.<\/p>\n<\/li>\n<li>\n<h3>Bl\u012bv\u0113\u0161ana<\/h3>\n<p>J\u0101izmanto da\u017e\u0101di bl\u012bv\u0113\u0161anas komponenti, piem\u0113ram, virzu\u013ca bl\u012bvsl\u0113gi \u200b\u200bun stie\u0146a bl\u012bvsl\u0113gi, kas izgatavoti no nodilumiztur\u012bgiem materi\u0101liem, piem\u0113ram, poliuret\u0101na un nitrila gumijas. Cilindra korpusam un v\u012bt\u0146otajiem galiem j\u0101veic smalka virsmas apstr\u0101de, lai uzlabotu nodilumiztur\u012bbu.<\/p>\n<\/li>\n<li>\n<h3>Iztur\u012bba<\/h3>\n<p>Sviras cilindram j\u0101b\u016bt izgatavotam no augstas iztur\u012bbas materi\u0101liem un tam j\u0101veic atbilsto\u0161a virsmas apstr\u0101de, lai tas iztur\u0113tu skarbus ekspluat\u0101cijas apst\u0101k\u013cus un nodro\u0161in\u0101tu ilgu kalpo\u0161anas laiku.<\/p>\n<\/li>\n<li>\n<h3>Dro\u0161\u012bba<\/h3>\n<p>Projekt\u0113\u0161anas apsv\u0113rumos j\u0101iek\u013cauj dro\u0161\u012bbas elementi negad\u012bjumu nov\u0113r\u0161anai, piem\u0113ram, spiediena samazin\u0101\u0161anas v\u0101rsti un p\u0101rslodzes aizsardz\u012bbas meh\u0101nismi.<\/p>\n<\/li>\n<li>\n<h3>Uzturam\u012bba<\/h3>\n<p>Projektam j\u0101b\u016bt t\u0101dam, lai nodro\u0161in\u0101tu \u0113rtu apkopi un remontu, ar pieejam\u0101m sast\u0101vda\u013c\u0101m un skaidr\u0101m instrukcij\u0101m, t\u0101d\u0113j\u0101di samazinot d\u012bkst\u0101ves laiku p\u0101rbau\u017eu un apkopes d\u0113\u013c.<\/p>\n<\/li>\n<\/ul>\n<p><img decoding=\"async\" src=\"https:\/\/www.hydraulic-cylinders.net\/wp-content\/uploads\/2025\/01\/songte-cylinder-head-with-all-kinds-excavator-models.webp\" alt=\"Cilindra galvas att\u0113ls\"><\/p>\n<h2>Bl\u012bv\u0113\u0161ana un e\u013c\u013co\u0161ana<\/h2>\n<p>Sviru cilindros tiek izmantoti da\u017e\u0101di bl\u012bv\u0113\u0161anas elementi, piem\u0113ram, virzu\u013ca bl\u012bvsl\u0113gi \u200b\u200bun stie\u0146a bl\u012bvsl\u0113gi, kas ir izgatavoti no nodilumiztur\u012bgiem materi\u0101liem, piem\u0113ram, poliuret\u0101na un nitrila gumijas. Cilindra korpuss un v\u012bt\u0146otie gali tiek pak\u013cauti smalkai virsmas apstr\u0101dei, lai uzlabotu nodilumiztur\u012bbu. Lai nodro\u0161in\u0101tu vienm\u0113r\u012bgu darb\u012bbu un pagarin\u0101tu bl\u012bv\u0113jumu un citu sast\u0101vda\u013cu kalpo\u0161anas laiku, ir nepiecie\u0161ama regul\u0101ra e\u013c\u013co\u0161ana ar atbilsto\u0161u hidraulisk\u0101s e\u013c\u013cas daudzumu.<\/p>\n<h2>Regul\u0101ra p\u0101rbaude un profilaktisk\u0101 apkope<\/h2>\n<ul>\n<li>\n<h3>P\u0101rbaude<\/h3>\n<p>Regul\u0101ri p\u0101rbaudiet sviras cilindru, vai nav nodiluma, nopl\u016b\u017eu vai boj\u0101jumu paz\u012bmju. Piev\u0113rsiet uzman\u012bbu bl\u012bv\u0113juma elementu, virzu\u013ca stie\u0146u, stiprin\u0101juma punktu un citu svar\u012bgu sast\u0101vda\u013cu st\u0101voklim.<\/p>\n<\/li>\n<li>\n<h3>Prevent\u012bv\u0101 apkope<\/h3>\n<p>Implement preventive measures such as regular lubrication, cleaning, and tightening of connections. Follow the manufacturer&#8217;s maintenance guidelines and schedule to ensure optimal performance and minimize the risk of failures.<\/p>\n<\/li>\n<\/ul>\n<h2>Produkta uzst\u0101d\u012b\u0161anas rokasgr\u0101mata<\/h2>\n<p>Pareiza sviras cilindra uzst\u0101d\u012b\u0161ana ir b\u016btiska, lai nodro\u0161in\u0101tu t\u0101 funkcionalit\u0101ti un ilgm\u016b\u017e\u012bbu. Veiciet \u0161\u012bs darb\u012bbas:<\/p>\n<ol>\n<li>Sagatavojiet mont\u0101\u017eas vietu un p\u0101rliecinieties, ka t\u0101 ir t\u012bra un bez gru\u017eiem.<\/li>\n<li>Novietojiet sviras cilindru v\u0113lamaj\u0101 viet\u0101, izl\u012bdzinot mont\u0101\u017eas caurumus.<\/li>\n<li>Securely fasten the arm cylinder using appropriate bolts and nuts, following the manufacturer&#8217;s specifications.<\/li>\n<li>Pievienojiet hidraulisk\u0101s \u0161\u013c\u016btenes vai caurules cilindru savienojumiem, nodro\u0161inot pareizu bl\u012bv\u0113jumu.<\/li>\n<li>P\u0101rbaudiet sviras cilindra pareizu darb\u012bbu, p\u0101rbaudot, vai nav nopl\u016b\u017eu, neparastu trok\u0161\u0146u vai neregul\u0101ru kust\u012bbu.<\/li>\n<\/ol>\n<p><img decoding=\"async\" src=\"https:\/\/www.hydraulic-cylinders.net\/wp-content\/uploads\/2025\/01\/songte-bushings-with-all-kinds-of-excavator-models.webp\" alt=\"Cilindra bukses att\u0113ls\"><\/p>\n<h2>Dro\u0161\u012bbas apsv\u0113rumi un vides faktori<\/h2>\n<p>Str\u0101d\u0101jot ar sviras cilindriem, dro\u0161\u012bbas pas\u0101kumi ir \u013coti svar\u012bgi, lai nov\u0113rstu negad\u012bjumus un traumas. Ir svar\u012bgi iev\u0113rot visas attiec\u012bg\u0101s dro\u0161\u012bbas vadl\u012bnijas, piem\u0113ram, valk\u0101t atbilsto\u0161us individu\u0101los aizsardz\u012bbas l\u012bdzek\u013cus un darbin\u0101t iek\u0101rtas noteiktaj\u0101s robe\u017e\u0101s. Turkl\u0101t, \u0146emot v\u0113r\u0101 ietekmi uz vidi, ir \u013coti svar\u012bgi pareizi utiliz\u0113t hidraulisko \u0161\u0137idrumu un iev\u0113rot vides noteikumus.<\/p>\n<h2>Probl\u0113mu nov\u0113r\u0161ana un bie\u017ei sastopamas probl\u0113mas<\/h2>\n<p>Ja rodas probl\u0113mas ar sviras cilindru, t\u0101l\u0101k nor\u0101d\u012bt\u0101s darb\u012bbas var pal\u012bdz\u0113t diagnostic\u0113t un nov\u0113rst probl\u0113mas:<\/p>\n<ul>\n<li>\n<h3>K\u013c\u016bmju diagnostika<\/h3>\n<p>R\u016bp\u012bgi p\u0101rbaudiet cilindru un ar to saist\u012bt\u0101s sast\u0101vda\u013cas, vai nav redzamu boj\u0101jumu vai anom\u0101liju. P\u0101rbaudiet, vai nav nopl\u016b\u017eu, va\u013c\u012bgu savienojumu vai nodiluma paz\u012bmju.<\/p>\n<\/li>\n<li>\n<h3>Bie\u017ei sastopamas probl\u0113mas<\/h3>\n<p>Da\u017eas bie\u017ei sastopamas probl\u0113mas ir nopl\u016bde, nepietiekams sp\u0113ks vai kust\u012bba, nevienm\u0113r\u012bga kust\u012bba vai neparasti trok\u0161\u0146i. Nosakiet galveno c\u0113loni, p\u0101rbaudot skart\u0101s sast\u0101vda\u013cas.<\/p>\n<\/li>\n<\/ul>\n<p>For troubleshooting guidance, refer to the manufacturer&#8217;s documentation or consult a professional technician. Implement preventive measures to minimize potential issues and ensure optimal performance.<\/p>\n<p><img decoding=\"async\" src=\"https:\/\/www.hydraulic-cylinders.net\/wp-content\/uploads\/2025\/01\/songte-chushion-collar.webp\" alt=\"Spilvenu apkakles att\u0113ls\"><\/p>\n<p>Atcerieties lo\u0123iski sak\u0101rtot rakstu, izmantot apak\u0161virsrakstus \u0113rtai navig\u0101cijai, iek\u013caut atbilsto\u0161us att\u0113lus vai diagrammas, lai uzlabotu izpratni, un nodro\u0161in\u0101t satura skaidr\u012bbu un kodol\u012bgumu las\u012bt\u0101jiem ar da\u017e\u0101du tehnisko zin\u0101\u0161anu l\u012bmeni.<\/p>\n<h2>Par m\u016bsu uz\u0146\u0113mumu<\/h2>\n<p>M\u0113s esam profesion\u0101ls rezerves hidraulisko cilindru ra\u017eot\u0101js, kas pied\u0101v\u0101 pla\u0161u produktu kl\u0101stu. Esam k\u013cuvu\u0161i par vienu no vado\u0161ajiem hidraulisko cilindru ra\u017eot\u0101jiem un vairumtirgot\u0101jiem viet\u0113j\u0101 un starptautiskaj\u0101 tirg\u016b. Iev\u0113rojot izcil\u012bbas principu, m\u0113s nep\u0101rtraukti uzlabojam savas tehnolo\u0123isk\u0101s iesp\u0113jas un ra\u017eo\u0161anas efektivit\u0101ti, pa\u013caujoties uz industrializ\u0113t\u0101m ra\u017eo\u0161anas vad\u012bbas strat\u0113\u0123ij\u0101m m\u016bsu sare\u017e\u0123\u012btaj\u0101 ra\u017eo\u0161anas darbn\u012bc\u0101. Ievie\u0161ot augstas klases digit\u0101l\u0101s ra\u017eo\u0161anas iek\u0101rtas un profesion\u0101las test\u0113\u0161anas sist\u0113mas, m\u0113s optimiz\u0113jam savu ra\u017eo\u0161anas platformu un uzlabojam produktu kvalit\u0101tes kontroles procesus, kas \u013cauj mums ieg\u016bt sp\u0113c\u012bgas inov\u0101ciju iesp\u0113jas. M\u016bsu m\u0113r\u0137is ir apmierin\u0101t da\u017e\u0101das klientu vajadz\u012bbas, iev\u0113rojot augstas efektivit\u0101tes, precizit\u0101tes un augstas kvalit\u0101tes principus.<\/p>\n<p><img","protected":false},"excerpt":{"rendered":"<p>Arm Cylinder for Sany Large Excavator SY700H-8 Definition and Explanation An arm cylinder is a specially designed hydraulic cylinder that provides linear motion and power to the arm of various machinery, such as excavators, cranes, and robotic arms. It plays a critical role in hydraulic systems, allowing for efficient movement and control of additional tools [&hellip;]<\/p>","protected":false},"featured_media":14779,"comment_status":"open","ping_status":"closed","template":"","meta":{"_et_pb_use_builder":"","_et_pb_old_content":"","_et_gb_content_width":""},"product_brand":[],"product_cat":[1497],"product_tag":[1498,1496],"class_list":{"0":"post-16377","1":"product","2":"type-product","3":"status-publish","4":"has-post-thumbnail","6":"product_cat-arm-cylinders","7":"product_tag-arm-cylinders","8":"product_tag-hydraulic-cylinders","10":"first","11":"instock","12":"shipping-taxable","13":"product-type-simple"},"amp_enabled":true,"_links":{"self":[{"href":"https:\/\/www.hydraulic-cylinders.net\/lv\/wp-json\/wp\/v2\/product\/16377","targetHints":{"allow":["GET"]}}],"collection":[{"href":"https:\/\/www.hydraulic-cylinders.net\/lv\/wp-json\/wp\/v2\/product"}],"about":[{"href":"https:\/\/www.hydraulic-cylinders.net\/lv\/wp-json\/wp\/v2\/types\/product"}],"replies":[{"embeddable":true,"href":"https:\/\/www.hydraulic-cylinders.net\/lv\/wp-json\/wp\/v2\/comments?post=16377"}],"wp:featuredmedia":[{"embeddable":true,"href":"https:\/\/www.hydraulic-cylinders.net\/lv\/wp-json\/wp\/v2\/media\/14779"}],"wp:attachment":[{"href":"https:\/\/www.hydraulic-cylinders.net\/lv\/wp-json\/wp\/v2\/media?parent=16377"}],"wp:term":[{"taxonomy":"product_brand","embeddable":true,"href":"https:\/\/www.hydraulic-cylinders.net\/lv\/wp-json\/wp\/v2\/product_brand?post=16377"},{"taxonomy":"product_cat","embeddable":true,"href":"https:\/\/www.hydraulic-cylinders.net\/lv\/wp-json\/wp\/v2\/product_cat?post=16377"},{"taxonomy":"product_tag","embeddable":true,"href":"https:\/\/www.hydraulic-cylinders.net\/lv\/wp-json\/wp\/v2\/product_tag?post=16377"}],"curies":[{"name":"wp","href":"https:\/\/api.w.org\/{rel}","templated":true}]}}