{"id":16380,"date":"2025-01-20T09:10:43","date_gmt":"2025-01-20T09:10:43","guid":{"rendered":"https:\/\/www.hydraulic-cylinders.net\/product\/arm-cylinderfor-sany-large-excavator-sy365\/"},"modified":"2025-01-20T09:10:45","modified_gmt":"2025-01-20T09:10:45","slug":"arm-cylinderfor-sany-large-excavator-sy365","status":"publish","type":"product","link":"https:\/\/www.hydraulic-cylinders.net\/lv\/products\/arm-cylinderfor-sany-large-excavator-sy365\/","title":{"rendered":"Sany lielajam ekskavatoram SY365 paredz\u0113tas sviras cilindra sviras"},"content":{"rendered":"<p>Sany liel\u0101 ekskavatora SY365 sviras cilindrs \u2014 viss, kas jums j\u0101zina<\/p>\n<h2>Ievads<\/h2>\n<h3>Produkta defin\u012bcija<\/h3>\n<p>Sviras cilindrs ir speci\u0101li izstr\u0101d\u0101ts hidrauliskais cilindrs, ko galvenok\u0101rt izmanto, lai nodro\u0161in\u0101tu line\u0101ru kust\u012bbu un jaudu da\u017e\u0101du veidu ma\u0161\u012bnu, piem\u0113ram, ekskavatoru, celt\u0146u un robotu roku, svir\u0101m. Sviras cilindriem ir iz\u0161\u0137iro\u0161a noz\u012bme hidrauliskaj\u0101s sist\u0113m\u0101s, \u013caujot efekt\u012bvi p\u0101rvietot un kontrol\u0113t papildu instrumentus vai stiprin\u0101jumus. \u0160ie cilindri ne tikai nodro\u0161ina vienm\u0113r\u012bgu kust\u012bbu, bet ar\u012b iztur lielas slodzes, nodro\u0161inot ma\u0161\u012bnu efekt\u012bvu darb\u012bbu un uzticam\u012bbu da\u017e\u0101dos darba apst\u0101k\u013cos. <\/p>\n<p><img decoding=\"async\" src=\"https:\/\/www.hydraulic-cylinders.net\/wp-content\/uploads\/2025\/01\/songte-company-2.webp\"><\/p>\n<h3>Produkta funkcijas<\/h3>\n<p>Sany liel\u0101 ekskavatora SY365 rokas cilindram ir \u0161\u0101das \u012bpa\u0161\u012bbas:<\/p>\n<ul>\n<li><strong>Augstas efektivit\u0101tes piedzi\u0146a:<\/strong> Sviras cilindri nodro\u0161ina jaud\u012bgu line\u0101ru kust\u012bbu un sp\u0113ku, garant\u0113jot meh\u0101nisk\u0101s sviras augstas veiktsp\u0113jas darb\u012bbu da\u017e\u0101d\u0101s oper\u0101cij\u0101s.<\/li>\n<li><strong>Prec\u012bza kontrole:<\/strong> Rokas cilindri var pan\u0101kt prec\u012bzu kust\u012bbas vad\u012bbu, izmantojot hidraulisk\u0101s sist\u0113mas, padarot papildu instrumentu darb\u012bbu elast\u012bg\u0101ku un prec\u012bz\u0101ku.<\/li>\n<li><strong>Iztur\u012bgs:<\/strong> Sviru cilindri parasti ir izgatavoti no augstas iztur\u012bbas materi\u0101liem ar labu nodilumiztur\u012bbu un iztur\u012bbu pret koroziju, padarot tos piem\u0113rotus ilgsto\u0161ai lieto\u0161anai skarbos apst\u0101k\u013cos.<\/li>\n<li><strong>Daudzfunkcion\u0101la piel\u0101go\u0161an\u0101s sp\u0113ja:<\/strong> \u0160os cilindrus var pla\u0161i pielietot da\u017e\u0101d\u0101m meh\u0101nisk\u0101m iek\u0101rt\u0101m, piem\u0113ram, ekskavatoriem, celt\u0146iem un robotiz\u0113t\u0101m rok\u0101m, piel\u0101gojoties da\u017e\u0101d\u0101m darba pras\u012bb\u0101m.<\/li>\n<li><strong>Vienk\u0101r\u0161a apkope:<\/strong> Projekt\u0113jot \u0146emta v\u0113r\u0101 apkopes un nomai\u0146as vienk\u0101r\u0161\u012bba, padarot regul\u0101ru p\u0101rbaudi un apkopi \u0113rt\u0101ku un samazinot iek\u0101rtu d\u012bkst\u0101ves laiku.<\/li>\n<\/ul>\n<p>M\u0113s varam ra\u017eot \u0161o produktu, un tas var lieliski aizst\u0101t \u0161os hidrauliskos cilindrus.<\/p>\n<p><img decoding=\"async\" src=\"https:\/\/www.hydraulic-cylinders.net\/wp-content\/uploads\/2025\/01\/songte-oil-pipes-and-spare-parts.webp\"><\/p>\n<h3>Produkta pielietojums<\/h3>\n<p>Sany liel\u0101 ekskavatora SY365 rokas cilindru var izmantot da\u017e\u0101d\u0101s nozar\u0113s un scen\u0101rijos:<\/p>\n<h4>B\u016bvniec\u012bba<\/h4>\n<p>Ekskavatoros un celt\u0146os str\u0113les cilindri kontrol\u0113 kausa vai str\u0113les kust\u012bbu, nodro\u0161inot zemes p\u0101rvieto\u0161anas darbus, materi\u0101lu apstr\u0101di un konstrukciju uzst\u0101d\u012b\u0161anu.<\/p>\n<h4>Ra\u017eo\u0161ana<\/h4>\n<p>Automatiz\u0113t\u0101s ra\u017eo\u0161anas l\u012bnij\u0101s roku cilindri kontrol\u0113 robotiz\u0113to roku kust\u012bbu, veicot mont\u0101\u017eas, metin\u0101\u0161anas un apstr\u0101des uzdevumus, t\u0101d\u0113j\u0101di palielinot efektivit\u0101ti un precizit\u0101ti.<\/p>\n<h4>Lauksaimniec\u012bbas tehnika<\/h4>\n<p>Lauksaimniec\u012bbas ma\u0161\u012bn\u0101s, piem\u0113ram, kombainos un s\u0113jma\u0161\u012bn\u0101s, sviru cilindri kontrol\u0113 vad\u012bbas sviru kust\u012bbu, veicot t\u0101dus uzdevumus k\u0101 s\u0113\u0161ana, m\u0113slo\u0161ana un ra\u017eas nov\u0101k\u0161ana.<\/p>\n<h4>Kalnr\u016bpniec\u012bba<\/h4>\n<p>Kalnr\u016bpniec\u012bbas iek\u0101rt\u0101s rokas cilindri kontrol\u0113 kalnr\u016bpniec\u012bbas iek\u0101rtu rokas kust\u012bbu, veicot miner\u0101lu ieguvi un transport\u0113\u0161anu.<\/p>\n<h4>Lo\u0123istika un transports<\/h4>\n<p>Iekr\u0101v\u0113jos un apstr\u0101des robotos roku cilindri kontrol\u0113 kravas cel\u0161anu un p\u0101rvieto\u0161anu, realiz\u0113jot materi\u0101lu apstr\u0101di un sakrau\u0161anu.<\/p>\n<h3>Produkta dizaina apsv\u0113rumi un atlases standarti<\/h3>\n<p>\u0145emot v\u0113r\u0101 konstrukcijas apsv\u0113rumus, Sany liel\u0101 ekskavatora SY365 rokas cilindram j\u0101b\u016bt \u0161\u0101d\u0101m \u012bpa\u0161\u012bb\u0101m:<\/p>\n<ul>\n<li><strong>Nestsp\u0113ja:<\/strong> Sviras cilindram j\u0101b\u016bt pietiekami iztur\u012bgam, lai iztur\u0113tu iek\u0101rtas svaru un t\u0101s nesto slodzi.<\/li>\n<li><strong>Bl\u012bv\u0113jums:<\/strong> Lai nodro\u0161in\u0101tu cilindra bl\u012bv\u0113\u0161anas efektu, nov\u0113rstu hidraulisk\u0101s e\u013c\u013cas nopl\u016bdi un nodro\u0161in\u0101tu cilindra kalpo\u0161anas laiku, tiek izmantoti da\u017e\u0101di bl\u012bv\u0113\u0161anas elementi, piem\u0113ram, virzu\u013ca bl\u012bv\u0113jumi, stie\u0146a bl\u012bv\u0113jumi utt.<\/li>\n<li><strong>Iztur\u012bba:<\/strong> Balonam j\u0101b\u016bt izgatavotam no augstas kvalit\u0101tes materi\u0101liem, lai nodro\u0161in\u0101tu t\u0101 iztur\u012bbu, iztur\u0113tu augsta spiediena un augstas temperat\u016bras vidi, k\u0101 ar\u012b pretotos nodilumam un korozijai.<\/li>\n<li><strong>Dro\u0161\u012bba:<\/strong> Balonam j\u0101darbojas dro\u0161i, izvairoties no k\u013c\u016bm\u0113m un negad\u012bjumiem, k\u0101 ar\u012b nodro\u0161inot iek\u0101rtu un person\u0101la dro\u0161\u012bbu.<\/li>\n<li><strong>Uzturam\u012bba:<\/strong> Balonam j\u0101b\u016bt viegli kopjamam un remont\u0113jamam, samazinot iek\u0101rtu d\u012bkst\u0101ves laiku, apkopes izmaksas un nodro\u0161inot iek\u0101rtu ilgsto\u0161u darb\u012bbu.<\/li>\n<\/ul>\n<p><img decoding=\"async\" src=\"https:\/\/www.hydraulic-cylinders.net\/wp-content\/uploads\/2025\/01\/songte-cylinder-head-with-all-kinds-excavator-models.webp\"><\/p>\n<h3>Produkta bl\u012bv\u0113\u0161ana un e\u013c\u013co\u0161ana<\/h3>\n<p>Lai nodro\u0161in\u0101tu cilindra bl\u012bv\u0113\u0161anas efektu, nov\u0113r\u0161ot hidraulisk\u0101s e\u013c\u013cas nopl\u016bdi un nodro\u0161inot cilindra kalpo\u0161anas laiku, tiek izmantoti da\u017e\u0101di bl\u012bv\u0113\u0161anas elementi, piem\u0113ram, virzu\u013ca bl\u012bv\u0113jumi, stie\u0146a bl\u012bv\u0113jumi utt. Bl\u012bv\u0113\u0161anas elementi ir izgatavoti no nodilumiztur\u012bgiem materi\u0101liem, piem\u0113ram, poliuret\u0101na un nitrila gumijas. <\/p>\n<p>Cilindra korpuss un v\u012bt\u0146ot\u0101 gala virsma tiek prec\u012bzi apstr\u0101d\u0101ti, uzlabojot to nodilumiztur\u012bbu. Lai nodro\u0161in\u0101tu vienm\u0113r\u012bgu darb\u012bbu un pagarin\u0101tu cilindra kalpo\u0161anas laiku, ir nepiecie\u0161ama regul\u0101ra e\u013c\u013co\u0161ana ar atbilsto\u0161u hidraulisk\u0101s e\u013c\u013cas daudzumu.<\/p>\n<h3>Regul\u0101ras p\u0101rbaudes un profilaktisk\u0101s apkopes pas\u0101kumi<\/h3>\n<p>Sany liel\u0101 ekskavatora SY365 sviras cilindram j\u0101veic regul\u0101ras p\u0101rbaudes un profilaktisk\u0101s apkopes pas\u0101kumi, tostarp:<\/p>\n<ul>\n<li>Regul\u0101ri p\u0101rbaudiet un nomainiet bl\u012bv\u0113juma elementus.<\/li>\n<li>Regul\u0101ri j\u0101p\u0101rbauda un j\u0101nomaina virzu\u013ca stie\u0146i un cilindru korpusi.<\/li>\n<li>Regul\u0101ri p\u0101rbaudiet un nomainiet hidraulisko e\u013c\u013cu.<\/li>\n<li>Regul\u0101ri nomainiet boj\u0101t\u0101s deta\u013cas, piem\u0113ram, uzgrie\u017e\u0146us, skr\u016bves utt.<\/li>\n<li>Regul\u0101ri pievelciet visus savienojumus un stiprin\u0101jumus.<\/li>\n<\/ul>\n<h3>Produkta uzst\u0101d\u012b\u0161anas rokasgr\u0101mata<\/h3>\n<p>Sany liel\u0101 ekskavatora SY365 sviras cilindra uzst\u0101d\u012b\u0161anai ir nepiecie\u0161amas profesion\u0101las prasmes un metodes. L\u016bdzu, veiciet t\u0101l\u0101k nor\u0101d\u012bt\u0101s darb\u012bbas.<\/p>\n<ol>\n<li>Uzman\u012bgi un dro\u0161i iz\u0146emiet veco cilindru no ier\u012bces.<\/li>\n<li>Not\u012briet mont\u0101\u017eas virsmu un p\u0101rliecinieties, ka t\u0101 ir gluda un bez r\u016bsas un gru\u017eiem.<\/li>\n<li>Uzst\u0101diet jauno sviras cilindru un pievelciet skr\u016bves saska\u0146\u0101 ar ra\u017eot\u0101ja nor\u0101d\u012bjumiem.<\/li>\n<li>Pievienojiet hidraulisk\u0101s \u0161\u013c\u016btenes un p\u0101rbaudiet, vai nav nopl\u016b\u017eu.<\/li>\n<li>Pirms rokas cilindra lieto\u0161anas ma\u0161\u012bn\u0101 p\u0101rbaudiet t\u0101 darb\u012bbu.<\/li>\n<\/ol>\n<p><img decoding=\"async\" src=\"https:\/\/www.hydraulic-cylinders.net\/wp-content\/uploads\/2025\/01\/songte-bushings-with-all-kinds-of-excavator-models.webp\"><\/p>\n<h3>Produkta dro\u0161\u012bbas apsv\u0113rumi un vides faktori<\/h3>\n<p>Str\u0101d\u0101jot ar rokas cilindru, l\u016bdzu, stingri iev\u0113rojiet dro\u0161\u012bbas noteikumus un vadl\u012bnijas. Valk\u0101jiet aizsargl\u012bdzek\u013cus, piem\u0113ram, cimdus, aizsargbrilles un \u0137iveri, ja nepiecie\u0161ams. Nep\u0101rsniedziet cilindra maksim\u0101lo slodzes iztur\u012bbu un izvairieties no p\u0101rslodzes vai p\u0113k\u0161\u0146a trieciena.<\/p>\n<p>Sany liel\u0101 ekskavatora SY365 sviras cilindrs ir videi draudz\u012bgs produkts, kas izgatavots no p\u0101rstr\u0101d\u0101jamiem materi\u0101liem un paredz\u0113ts efekt\u012bvai un ener\u0123iju taupo\u0161ai darb\u012bbai. Tas atbilst starptautiskajiem vides noteikumiem un standartiem.<\/p>\n<h3>Produkta defektu diagnostika un bie\u017ei sastopam\u0101s probl\u0113mas<\/h3>\n<p>Sany liel\u0101 ekskavatora SY365 rokas cilindra bie\u017e\u0101k sastopamie defekti un probl\u0113mas ir \u0161\u0101das:<\/p>\n<ul>\n<li>E\u013c\u013cas nopl\u016bde<\/li>\n<li>Troksnis darb\u012bbas laik\u0101<\/li>\n<li>L\u0113na kust\u012bba vai kust\u012bbas neesam\u012bba<\/li>\n<li>P\u0101rm\u0113r\u012bga vibr\u0101cija<\/li>\n<li>Nepietiekama jauda vai sp\u0113ks<\/li>\n<\/ul>\n<h3>Padomi un risin\u0101jumi k\u013c\u016bmju nov\u0113r\u0161anai<\/h3>\n<p>Ja rodas probl\u0113mas ar sviras cilindru, l\u016bdzu, iev\u0113rojiet t\u0101l\u0101k sniegtos padomus:<\/p>\n<ul>\n<li>P\u0101rbaudiet hidraulisko sist\u0113mu, vai nav e\u013c\u013cas nopl\u016bdes vai aizsprostojuma, un, ja nepiecie\u0161ams, nomainiet hidraulisko e\u013c\u013cu.<\/li>\n<li>P\u0101rbaudiet bl\u012bv\u0113juma elementus, vai tie nav boj\u0101ti vai nodilu\u0161i, un, ja nepiecie\u0161ams, nomainiet tos.<\/li>\n<li>P\u0101rbaudiet virzu\u013ca stieni un cilindra korpusu, vai tie nav boj\u0101ti, un, ja nepiecie\u0161ams, nomainiet tos.<\/li>\n<li>P\u0101rbaudiet hidraulisk\u0101s \u0161\u013c\u016btenes un savienojumus, vai nav nopl\u016b\u017eu, un, ja nepiecie\u0161ams, salabojiet vai nomainiet tos.<\/li>\n<li>P\u0101rbaudiet stiprin\u0101jumus un, ja nepiecie\u0161ams, pievelciet tos.<\/li>\n<\/ul>\n<h3>Par uz\u0146\u0113mumu<\/h3>\n<p>M\u0113s esam profesion\u0101ls rezerves hidraulisko cilindru ra\u017eot\u0101js, kas specializ\u0113jas da\u017e\u0101dos produktos un k\u013c\u016bst par vienu no vado\u0161ajiem hidraulisko cilindru ra\u017eot\u0101jiem un vairumtirdzniec\u012bbas izplat\u012bt\u0101jiem gan viet\u0113j\u0101, gan starptautiskaj\u0101 tirg\u016b. M\u0113s vienm\u0113r iev\u0113rojam izcil\u012bbas kvalit\u0101tes principu, pa\u013caujamies uz smalku ra\u017eo\u0161anas darbn\u012bcu r\u016bpniecisk\u0101s ra\u017eo\u0161anas vad\u012bbas strat\u0113\u0123iju, nep\u0101rtraukti uzlabojam tehnolo\u0123iju l\u012bmeni un ra\u017eo\u0161anas efektivit\u0101ti. Ievie\u0161ot augstas klases digit\u0101l\u0101s ra\u017eo\u0161anas iek\u0101rtas un profesion\u0101las test\u0113\u0161anas sist\u0113mas, m\u0113s nep\u0101rtraukti optimiz\u0113jam ra\u017eo\u0161anas platformu, uzlabojam produktu kvalit\u0101tes kontroles procesu un mums ir sp\u0113c\u012bgas inov\u0101ciju iesp\u0113jas. M\u016bsu m\u0113r\u0137is ir apmierin\u0101t klientu daudzveid\u012bg\u0101s vajadz\u012bbas, pamatojoties uz efektivit\u0101tes, precizit\u0101tes un augstas kvalit\u0101tes principiem.<\/p>\n<p><img decoding=\"async\" src=\"https:\/\/www.hydraulic-cylinders.net\/wp-content\/uploads\/2025\/01\/songte-company-4.webp\"><br \/>\n<img decoding=\"async\" src=\"https:\/\/www.hydraulic-cylinders.net\/wp-content\/uploads\/2025\/01\/songte-company-3.webp\"><\/p>\n<h3>M\u016bsu pakalpojumi<\/h3>\n<ul>\n<li><strong>Profesionalit\u0101te:<\/strong> Mums ir pieredz\u0113ju\u0161u in\u017eenieru un tehni\u0137u komanda, kas var sniegt profesion\u0101lu un visaptvero\u0161u atbalstu.<\/li>\n<li><strong>Starptautisk\u0101 sertifik\u0101cija:<\/strong> M\u016bsu produkti atbilst starptautiskajiem standartiem un sertifik\u0101tiem, piem\u0113ram, ISO9001, CE un ROHS.<\/li>\n<li><strong>Piel\u0101go\u0161ana:<\/strong> M\u0113s pied\u0101v\u0101jam piel\u0101gotus pakalpojumus atbilsto\u0161i klientu pras\u012bb\u0101m, tostarp izm\u0113ram, materi\u0101liem un cit\u0101m specifik\u0101cij\u0101m.<\/li>\n<li><strong>Ra\u017eo\u0161anas iek\u0101rtas:<\/strong> Mums ir modernas iek\u0101rtas, piem\u0113ram, CNC virpas, fr\u0113zma\u0161\u012bnas un sl\u012bpma\u0161\u012bnas, lai nodro\u0161in\u0101tu prec\u012bzu un efekt\u012bvu ra\u017eo\u0161anu.<\/li>\n<li><strong>P\u0113cp\u0101rdo\u0161anas serviss:<\/strong> M\u0113s pied\u0101v\u0101jam augstas kvalit\u0101tes p\u0113cp\u0101rdo\u0161anas pakalpojumus, tostarp tehnisko atbalstu, produktu garantiju un remonta pakalpojumus.<\/li>\n<\/ul>\n<h3>Secin\u0101jums<\/h3>\n<p>Nosl\u0113gum\u0101 j\u0101saka, ka Sany liel\u0101 ekskavatora SY365 sviras cilindrs ir b\u016btiska hidraulisko sist\u0113mu sast\u0101vda\u013ca, kas nodro\u0161ina line\u0101ru kust\u012bbu un jaudu meh\u0101niskajai svirai, \u013caujot veikt da\u017e\u0101das darb\u012bbas da\u017e\u0101d\u0101s nozar\u0113s un scen\u0101rijos. Pateicoties t\u0101 augstajai efektivit\u0101tei, prec\u012bzai vad\u012bbai, iztur\u012bbai, daudzfunkcion\u0101lai piel\u0101gojam\u012bbai un vienk\u0101r\u0161ai apkopei, tas ir k\u013cuvis par b\u016btisku produktu ma\u0161\u012bnb\u016bves nozar\u0113. K\u0101 profesion\u0101ls rezerves hidraulisko cilindru ra\u017eot\u0101js, m\u0113s vienm\u0113r tiecamies p\u0113c izcil\u012bbas un nodro\u0161in\u0101m augstas kvalit\u0101tes produktus un pakalpojumus, lai apmierin\u0101tu m\u016bsu klientu daudzveid\u012bg\u0101s vajadz\u012bbas. <\/p>\n<p><em>Autors: lil<\/em><\/p>","protected":false},"excerpt":{"rendered":"<p>Arm Cylinder for Sany Large Excavator SY365 &#8211; All You Need to Know Introduction Product Definition An arm cylinder is a specially designed hydraulic cylinder used primarily to provide linear motion and power to various types of machinery&#8217;s arm, such as excavators, cranes, and robotic arms. Arm cylinders play a critical role in hydraulic systems, [&hellip;]<\/p>","protected":false},"featured_media":14772,"comment_status":"open","ping_status":"closed","template":"","meta":{"_et_pb_use_builder":"","_et_pb_old_content":"","_et_gb_content_width":""},"product_brand":[],"product_cat":[1497],"product_tag":[1498,1496],"class_list":{"0":"post-16380","1":"product","2":"type-product","3":"status-publish","4":"has-post-thumbnail","6":"product_cat-arm-cylinders","7":"product_tag-arm-cylinders","8":"product_tag-hydraulic-cylinders","10":"first","11":"instock","12":"shipping-taxable","13":"product-type-simple"},"amp_enabled":true,"_links":{"self":[{"href":"https:\/\/www.hydraulic-cylinders.net\/lv\/wp-json\/wp\/v2\/product\/16380","targetHints":{"allow":["GET"]}}],"collection":[{"href":"https:\/\/www.hydraulic-cylinders.net\/lv\/wp-json\/wp\/v2\/product"}],"about":[{"href":"https:\/\/www.hydraulic-cylinders.net\/lv\/wp-json\/wp\/v2\/types\/product"}],"replies":[{"embeddable":true,"href":"https:\/\/www.hydraulic-cylinders.net\/lv\/wp-json\/wp\/v2\/comments?post=16380"}],"wp:featuredmedia":[{"embeddable":true,"href":"https:\/\/www.hydraulic-cylinders.net\/lv\/wp-json\/wp\/v2\/media\/14772"}],"wp:attachment":[{"href":"https:\/\/www.hydraulic-cylinders.net\/lv\/wp-json\/wp\/v2\/media?parent=16380"}],"wp:term":[{"taxonomy":"product_brand","embeddable":true,"href":"https:\/\/www.hydraulic-cylinders.net\/lv\/wp-json\/wp\/v2\/product_brand?post=16380"},{"taxonomy":"product_cat","embeddable":true,"href":"https:\/\/www.hydraulic-cylinders.net\/lv\/wp-json\/wp\/v2\/product_cat?post=16380"},{"taxonomy":"product_tag","embeddable":true,"href":"https:\/\/www.hydraulic-cylinders.net\/lv\/wp-json\/wp\/v2\/product_tag?post=16380"}],"curies":[{"name":"wp","href":"https:\/\/api.w.org\/{rel}","templated":true}]}}