{"id":16381,"date":"2025-01-20T09:10:49","date_gmt":"2025-01-20T09:10:49","guid":{"rendered":"https:\/\/www.hydraulic-cylinders.net\/product\/arm-cylinderfor-sany-large-excavator-sy465h-9\/"},"modified":"2025-01-20T09:10:58","modified_gmt":"2025-01-20T09:10:58","slug":"arm-cylinderfor-sany-large-excavator-sy465h-9","status":"publish","type":"product","link":"https:\/\/www.hydraulic-cylinders.net\/lv\/products\/arm-cylinderfor-sany-large-excavator-sy465h-9\/","title":{"rendered":"Sany lielajam ekskavatoram SY465H-9 paredz\u0113tais sviras cilindrs"},"content":{"rendered":"<h1>Sany liel\u0101 ekskavatora SY465H-9 rokas cilindrs<\/h1>\n<h2>Ievads<\/h2>\n<p>Sany liel\u0101 ekskavatora SY465H-9 sviras cilindrs ir \u012bpa\u0161i izstr\u0101d\u0101ts hidrauliskais cilindrs, kas nodro\u0161ina line\u0101ru kust\u012bbu un jaudu da\u017e\u0101du veidu ma\u0161\u012bnu, piem\u0113ram, ekskavatoru, celt\u0146u un robotiz\u0113tu roku, svirai. Sviras cilindriem ir iz\u0161\u0137iro\u0161a noz\u012bme hidrauliskaj\u0101s sist\u0113m\u0101s, \u013caujot efekt\u012bvi p\u0101rvietot un kontrol\u0113t pielikumus vai piederumus. \u0160ie cilindri ne tikai nodro\u0161ina vienm\u0113r\u012bgu kust\u012bbu, bet ar\u012b iztur lielas slodzes, nodro\u0161inot efekt\u012bvu darb\u012bbu un uzticam\u012bbu da\u017e\u0101dos darba apst\u0101k\u013cos.<\/p>\n<p><img decoding=\"async\" src=\"https:\/\/www.hydraulic-cylinders.net\/wp-content\/uploads\/2025\/01\/songte-company-2.webp\" alt=\"Sviras cilindra att\u0113ls\"><\/p>\n<h2>Funkcijas<\/h2>\n<ol>\n<li><strong>Augstas efektivit\u0101tes p\u0101rraide:<\/strong> Sviras cilindrs nodro\u0161ina jaud\u012bgu line\u0101ru kust\u012bbu un sp\u0113ku, garant\u0113jot meh\u0101nisk\u0101s sviras augstu efektivit\u0101ti da\u017e\u0101d\u0101s darb\u012bb\u0101s.<\/li>\n<li><strong>Prec\u012bza kontrole:<\/strong> Izmantojot hidraulisko sist\u0113mu, rokas cilindrs nodro\u0161ina prec\u012bzu kust\u012bbas kontroli, padarot pievienoto instrumentu darb\u012bbu elast\u012bg\u0101ku un prec\u012bz\u0101ku.<\/li>\n<li><strong>Iztur\u012bba:<\/strong> Sviras cilindrs parasti ir izgatavots no augstas iztur\u012bbas materi\u0101liem, kas nodro\u0161ina izcilu iztur\u012bbu pret nodilumu un koroziju, padarot to piem\u0113rotu ilgsto\u0161ai lieto\u0161anai skarbos apst\u0101k\u013cos.<\/li>\n<li><strong>Daudzfunkcion\u0101la piel\u0101go\u0161an\u0101s sp\u0113ja:<\/strong> \u0160os cilindrus var pla\u0161i izmantot da\u017e\u0101d\u0101s ma\u0161\u012bn\u0101s, piem\u0113ram, ekskavatoros, celt\u0146os un robotiz\u0113t\u0101s rok\u0101s, piel\u0101gojoties da\u017e\u0101d\u0101m ekspluat\u0101cijas pras\u012bb\u0101m.<\/li>\n<li><strong>Vienk\u0101r\u0161a apkope:<\/strong> Projekt\u0113\u0161anas apsv\u0113rumi par apkopes un nomai\u0146as vienk\u0101r\u0161\u012bbu padara regul\u0101ru p\u0101rbaudi un apkopi \u0113rt\u0101ku, samazinot iek\u0101rtu d\u012bkst\u0101ves laiku.<\/li>\n<\/ol>\n<p><img decoding=\"async\" src=\"https:\/\/www.hydraulic-cylinders.net\/wp-content\/uploads\/2025\/01\/songte-oil-pipes-and-spare-parts.webp\" alt=\"E\u013c\u013cas caurules un rezerves da\u013cu att\u0113ls\"><\/p>\n<h2>Pieteikumi<\/h2>\n<p>Sany liel\u0101 ekskavatora SY465H-9 sviras cilindrs tiek izmantots da\u017e\u0101d\u0101s nozar\u0113s:<\/p>\n<ul>\n<li><strong>B\u016bvniec\u012bbas in\u017eenierija:<\/strong> Ekskavatoros un celt\u0146os sviras cilindrs kontrol\u0113 kausu vai str\u0113les kust\u012bbu, atvieglojot zemes darbus, materi\u0101lu apstr\u0101di un konstrukciju uzst\u0101d\u012b\u0161anu.<\/li>\n<li><strong>Ra\u017eo\u0161anas nozare:<\/strong> Automatiz\u0113t\u0101s ra\u017eo\u0161anas l\u012bnij\u0101s rokas cilindrs nodro\u0161ina robotiz\u0113tu roku kust\u012bbu t\u0101dos procesos k\u0101 mont\u0101\u017ea, metin\u0101\u0161ana un materi\u0101lu apstr\u0101de, uzlabojot ra\u017eo\u0161anas efektivit\u0101ti un precizit\u0101ti.<\/li>\n<li><strong>Lauksaimniec\u012bbas tehnika:<\/strong> Lauksaimniec\u012bbas apr\u012bkojum\u0101, piem\u0113ram, kombainos un s\u0113jma\u0161\u012bn\u0101s, sviras cilindrs kontrol\u0113 darbin\u0101\u0161anas sviru kust\u012bbu, veicot t\u0101dus uzdevumus k\u0101 s\u0113\u0161ana, m\u0113slo\u0161ana un ra\u017eas nov\u0101k\u0161ana.<\/li>\n<li><strong>Kalnr\u016bpniec\u012bba:<\/strong> Kalnr\u016bpniec\u012bbas iek\u0101rt\u0101s sviras cilindrs kontrol\u0113 kalnr\u016bpniec\u012bbas ma\u0161\u012bnu sviras kust\u012bbu r\u016bdas ieguvei un transport\u0113\u0161anai.<\/li>\n<li><strong>Lo\u0123istika un transports:<\/strong> Iekr\u0101v\u0113jos un apstr\u0101des robotos rokas cilindrs kontrol\u0113 dak\u0161u pacel\u0161anu un kust\u012bbu, nodro\u0161inot materi\u0101lu apstr\u0101di un sakrau\u0161anu.<\/li>\n<\/ul>\n<h2>Dizaina apsv\u0113rumi un atlases krit\u0113riji<\/h2>\n<p>Run\u0101jot par sviras cilindra projekt\u0113\u0161anas apsv\u0113rumiem un izv\u0113les krit\u0113rijiem, j\u0101apsprie\u017e vair\u0101ki galvenie faktori:<\/p>\n<ol>\n<li><strong>Nestsp\u0113ja:<\/strong> Sviras cilindram j\u0101sp\u0113j iztur\u0113t paredzam\u0101s slodzes un sp\u0113kus, ar kuriem saskaras t\u0101 paredz\u0113tajos lietojumos.<\/li>\n<li><strong>Bl\u012bv\u0113jums:<\/strong> J\u0101izmanto da\u017e\u0101di bl\u012bv\u0113\u0161anas komponenti, piem\u0113ram, virzu\u013ca bl\u012bvsl\u0113gi \u200b\u200bun stie\u0146u bl\u012bvsl\u0113gi, no nodilumiztur\u012bgiem materi\u0101liem, piem\u0113ram, poliuret\u0101na un nitrilgumijas. Cilindra korpuss un v\u012bt\u0146otie gali ir r\u016bp\u012bgi j\u0101apstr\u0101d\u0101, lai uzlabotu nodilumiztur\u012bbu.<\/li>\n<li><strong>Iztur\u012bba:<\/strong> Sviras cilindram j\u0101b\u016bt konstru\u0113tam t\u0101, lai tas iztur\u0113tu nodilumu, koroziju un citus vides faktorus, nodro\u0161inot ilgsto\u0161u darb\u012bbu.<\/li>\n<li><strong>Dro\u0161\u012bba:<\/strong> Projekt\u0113\u0161an\u0101 j\u0101iek\u013cauj dro\u0161\u012bbas elementi, lai nov\u0113rstu negad\u012bjumus un nodro\u0161in\u0101tu ma\u0161\u012bnas dro\u0161u darb\u012bbu.<\/li>\n<li><strong>Uzturam\u012bba:<\/strong> J\u0101\u0146em v\u0113r\u0101 vienk\u0101r\u0161a deta\u013cu apkope un nomai\u0146a, padarot regul\u0101ru p\u0101rbaudi un apkopi \u0113rtu.<\/li>\n<\/ol>\n<p><img decoding=\"async\" src=\"https:\/\/www.hydraulic-cylinders.net\/wp-content\/uploads\/2025\/01\/songte-cylinder-head-with-all-kinds-excavator-models.webp\" alt=\"Cilindra galvas att\u0113ls\"><\/p>\n<h2>Bl\u012bv\u0113\u0161ana un e\u013c\u013co\u0161ana<\/h2>\n<p>Sviras cilindr\u0101 tiek izmantoti da\u017e\u0101di bl\u012bv\u0113\u0161anas elementi, piem\u0113ram, virzu\u013ca bl\u012bves un stie\u0146a bl\u012bves, kas izgatavotas no nodilumiztur\u012bgiem materi\u0101liem, piem\u0113ram, poliuret\u0101na un nitrila gumijas. Cilindra korpuss un v\u012bt\u0146otie gali tiek pak\u013cauti prec\u012bzai apstr\u0101dei, lai uzlabotu nodilumiztur\u012bbu. Lai nodro\u0161in\u0101tu vienm\u0113r\u012bgu darb\u012bbu, ir nepiecie\u0161ama regul\u0101ra e\u013c\u013co\u0161ana ar atbilsto\u0161u hidraulisk\u0101s e\u013c\u013cas daudzumu.<\/p>\n<h2>Regul\u0101ra p\u0101rbaude un profilaktisk\u0101 apkope<\/h2>\n<ul>\n<li>Regul\u0101ri p\u0101rbaudiet sviras cilindru, vai nav boj\u0101jumu, nopl\u016b\u017eu vai nodiluma paz\u012bmju.<\/li>\n<li>P\u0101rbaudiet un nomainiet nolietotas vai boj\u0101tas bl\u012bves, lai nov\u0113rstu \u0161\u0137idruma nopl\u016bdes.<\/li>\n<li>Nodro\u0161iniet pareizu e\u013c\u013co\u0161anu, p\u0101rbaudot e\u013c\u013cas l\u012bmeni un p\u0113c nepiecie\u0161am\u012bbas papildinot hidraulisko e\u013c\u013cu.<\/li>\n<li>P\u0101rbaudiet cilindra stiprin\u0101jumu un savienojumus, vai tie nav va\u013c\u012bgi vai boj\u0101ti.<\/li>\n<li>Perform preventive maintenance tasks according to the manufacturer&#8217;s guidelines to minimize potential issues.<\/li>\n<\/ul>\n<h2>Produkta uzst\u0101d\u012b\u0161anas rokasgr\u0101mata<\/h2>\n<p>Pareiza sviras cilindra uzst\u0101d\u012b\u0161ana ir \u013coti svar\u012bga optim\u0101lai veiktsp\u0113jai. Iev\u0113rojiet \u0161\u012bs vadl\u012bnijas:<\/p>\n<ol>\n<li>P\u0101rliecinieties, ka mont\u0101\u017eas virsmas ir t\u012bras un bez gru\u017eiem vai pies\u0101r\u0146ojuma.<\/li>\n<li>Novietojiet sviras cilindru ar mont\u0101\u017eas caurumiem un nostipriniet to, izmantojot atbilsto\u0161\u0101s skr\u016bves.<\/li>\n<li>Pak\u0101peniski un vienm\u0113r\u012bgi pievelciet skr\u016bves, lai izvair\u012btos no cilindra nepareizas novieto\u0161anas vai boj\u0101jumiem.<\/li>\n<li>Pievienojiet hidraulisk\u0101s \u0161\u013c\u016btenes vai caurules, p\u0101rliecinoties, ka t\u0101s ir pareizi nosl\u0113gtas un pievilktas.<\/li>\n<li>Test the Arm Cylinder&#8217;s functionality before putting it into full operation.<\/li>\n<\/ol>\n<p><img decoding=\"async\" src=\"https:\/\/www.hydraulic-cylinders.net\/wp-content\/uploads\/2025\/01\/songte-bushings-with-all-kinds-of-excavator-models.webp\" alt=\"Bukses att\u0113ls\"><\/p>\n<h2>Dro\u0161\u012bbas apsv\u0113rumi un vides faktori<\/h2>\n<p>Izmantojot rokas cilindru, ir svar\u012bgi noteikt dro\u0161\u012bbas pas\u0101kumu priorit\u0101ti, lai nov\u0113rstu negad\u012bjumus un nodro\u0161in\u0101tu operatora labsaj\u016btu. J\u0101\u0146em v\u0113r\u0101 ar\u012b vides faktori:<\/p>\n<ul>\n<li>Uzst\u0101d\u012b\u0161anas, ekspluat\u0101cijas un apkopes laik\u0101 stingri iev\u0113rojiet dro\u0161\u012bbas nor\u0101d\u012bjumus un noteikumus.<\/li>\n<li>Nodro\u0161in\u0101t operatoriem atbilsto\u0161u apm\u0101c\u012bbu un izgl\u012bt\u012bbu par tehnikas dro\u0161u lieto\u0161anu un apie\u0161anos ar to.<\/li>\n<li>\u0145emiet v\u0113r\u0101 ietekmi uz vidi un iev\u0113rojiet attiec\u012bgos noteikumus par hidraulisko \u0161\u0137idrumu un cilindru deta\u013cu pareizu utiliz\u0101ciju.<\/li>\n<\/ul>\n<h2>Probl\u0113mu nov\u0113r\u0161ana un bie\u017ei sastopamas probl\u0113mas<\/h2>\n<p>\u0160eit ir da\u017ei bie\u017ei sastopami probl\u0113mu nov\u0113r\u0161anas padomi un risin\u0101jumi rokas cilindram:<\/p>\n<ul>\n<li><strong>Probl\u0113ma:<\/strong> Cilindrs piln\u012bb\u0101 neizvirz\u0101s vai neievelkas.<\/li>\n<li><strong>Risin\u0101jums:<\/strong> P\u0101rbaudiet hidraulisk\u0101 \u0161\u0137idruma l\u012bmeni un spiedienu, p\u0101rbaudiet bl\u012bves, vai nav boj\u0101jumu vai nopl\u016b\u017eu, un nodro\u0161iniet pareizu e\u013c\u013co\u0161anu.<\/li>\n<li><strong>Probl\u0113ma:<\/strong> Cilindra \u0161\u0137idruma nopl\u016bde.<\/li>\n<li><strong>Risin\u0101jums:<\/strong> P\u0101rbaudiet un nomainiet boj\u0101t\u0101s bl\u012bves, pievelciet savienojumus un p\u0101rbaudiet, vai nav probl\u0113mu hidrauliskaj\u0101 sist\u0113m\u0101.<\/li>\n<li><strong>Probl\u0113ma:<\/strong> Cilindrs darbojas l\u0113ni vai nevienm\u0113r\u012bgi.<\/li>\n<li><strong>Risin\u0101jums:<\/strong> P\u0101rbaudiet hidraulisk\u0101 \u0161\u0137idruma viskozit\u0101ti un temperat\u016bru, p\u0101rbaudiet, vai hidrauliskaj\u0101 sist\u0113m\u0101 nav ierobe\u017eojumu, un p\u0101rliecinieties, ka vad\u012bbas v\u0101rsti darbojas pareizi.<\/li>\n<\/ul>\n<p><img decoding=\"async\" src=\"https:\/\/www.hydraulic-cylinders.net\/wp-content\/uploads\/2025\/01\/songte-chushion-collar.webp\" alt=\"\u010cusjona apkakles att\u0113ls\"><\/p>\n<p>Atcerieties lo\u0123iski sak\u0101rtot rakstu, izmantot apak\u0161virsrakstus \u0113rtai navig\u0101cijai, iek\u013caut atbilsto\u0161us att\u0113lus vai diagrammas, lai uzlabotu izpratni, un nodro\u0161in\u0101t, lai saturs b\u016btu skaidrs, kodol\u012bgs un piem\u0113rots las\u012bt\u0101jiem ar da\u017e\u0101diem tehnisko zin\u0101\u0161anu l\u012bme\u0146iem.<\/p>\n<h2>Par mums<\/h2>\n<p>M\u0113s esam profesion\u0101ls rezerves hidraulisko cilindru ra\u017eot\u0101js, kas pied\u0101v\u0101 pla\u0161u produktu kl\u0101stu. Esam k\u013cuvu\u0161i par vienu no vado\u0161ajiem hidraulisko cilindru ra\u017eot\u0101jiem un vairumtirgot\u0101jiem viet\u0113j\u0101 un starptautiskaj\u0101 tirg\u016b. M\u0113s iev\u0113rojam izcilas kvalit\u0101tes principu un sav\u0101 sare\u017e\u0123\u012btaj\u0101 ra\u017eo\u0161anas darbn\u012bc\u0101 pa\u013caujamies uz r\u016bpniecisk\u0101s ra\u017eo\u0161anas vad\u012bbas strat\u0113\u0123ij\u0101m, lai nep\u0101rtraukti uzlabotu savu tehnisko l\u012bmeni un ra\u017eo\u0161anas efektivit\u0101ti. Ievie\u0161ot augstas klases digit\u0101l\u0101s ra\u017eo\u0161anas iek\u0101rtas un profesion\u0101las test\u0113\u0161anas sist\u0113mas, m\u0113s optimiz\u0113jam savu ra\u017eo\u0161anas platformu, pilnveidojam produktu kvalit\u0101tes kontroles procesus un mums ir sp\u0113c\u012bgas inov\u0101ciju iesp\u0113jas. M\u016bsu m\u0113r\u0137is ir apmierin\u0101t da\u017e\u0101das klientu vajadz\u012bbas, iev\u0113rojot efektivit\u0101tes principus,<\/p>","protected":false},"excerpt":{"rendered":"<p>Arm Cylinder For Sany Large Excavator SY465H-9 Introduction The Arm Cylinder for Sany Large Excavator SY465H-9 is a specially designed hydraulic cylinder that provides linear motion and power for the arm of various types of machinery, such as excavators, cranes, and robotic arms. The arm cylinders play a crucial role in hydraulic systems, allowing for [&hellip;]<\/p>","protected":false},"featured_media":14770,"comment_status":"open","ping_status":"closed","template":"","meta":{"_et_pb_use_builder":"","_et_pb_old_content":"","_et_gb_content_width":""},"product_brand":[],"product_cat":[1497],"product_tag":[1498,1496],"class_list":{"0":"post-16381","1":"product","2":"type-product","3":"status-publish","4":"has-post-thumbnail","6":"product_cat-arm-cylinders","7":"product_tag-arm-cylinders","8":"product_tag-hydraulic-cylinders","10":"first","11":"instock","12":"shipping-taxable","13":"product-type-simple"},"amp_enabled":true,"_links":{"self":[{"href":"https:\/\/www.hydraulic-cylinders.net\/lv\/wp-json\/wp\/v2\/product\/16381","targetHints":{"allow":["GET"]}}],"collection":[{"href":"https:\/\/www.hydraulic-cylinders.net\/lv\/wp-json\/wp\/v2\/product"}],"about":[{"href":"https:\/\/www.hydraulic-cylinders.net\/lv\/wp-json\/wp\/v2\/types\/product"}],"replies":[{"embeddable":true,"href":"https:\/\/www.hydraulic-cylinders.net\/lv\/wp-json\/wp\/v2\/comments?post=16381"}],"wp:featuredmedia":[{"embeddable":true,"href":"https:\/\/www.hydraulic-cylinders.net\/lv\/wp-json\/wp\/v2\/media\/14770"}],"wp:attachment":[{"href":"https:\/\/www.hydraulic-cylinders.net\/lv\/wp-json\/wp\/v2\/media?parent=16381"}],"wp:term":[{"taxonomy":"product_brand","embeddable":true,"href":"https:\/\/www.hydraulic-cylinders.net\/lv\/wp-json\/wp\/v2\/product_brand?post=16381"},{"taxonomy":"product_cat","embeddable":true,"href":"https:\/\/www.hydraulic-cylinders.net\/lv\/wp-json\/wp\/v2\/product_cat?post=16381"},{"taxonomy":"product_tag","embeddable":true,"href":"https:\/\/www.hydraulic-cylinders.net\/lv\/wp-json\/wp\/v2\/product_tag?post=16381"}],"curies":[{"name":"wp","href":"https:\/\/api.w.org\/{rel}","templated":true}]}}