{"id":16387,"date":"2025-01-20T09:11:21","date_gmt":"2025-01-20T09:11:21","guid":{"rendered":"https:\/\/www.hydraulic-cylinders.net\/product\/arm-cylinderfor-xcmg-small-excavator-xe15\/"},"modified":"2025-01-20T09:11:23","modified_gmt":"2025-01-20T09:11:23","slug":"arm-cylinderfor-xcmg-small-excavator-xe15","status":"publish","type":"product","link":"https:\/\/www.hydraulic-cylinders.net\/lv\/products\/arm-cylinderfor-xcmg-small-excavator-xe15\/","title":{"rendered":"Sviras cilindrs XCMG mazajam ekskavatoram XE15"},"content":{"rendered":"<p>XCMG maz\u0101 ekskavatora XE15 rokas cilindrs <\/p>\n<p>Ievads:<br \/>\nSviras cilindrs ir speci\u0101li izstr\u0101d\u0101ts hidrauliskais cilindrs, kas nodro\u0161ina line\u0101ru kust\u012bbu un jaudu da\u017e\u0101du veidu ma\u0161\u012bnu svir\u0101m, piem\u0113ram, ekskavatoriem, celt\u0146iem un meh\u0101niskaj\u0101m svir\u0101m. Sviras cilindram ir iz\u0161\u0137iro\u0161a noz\u012bme hidrauliskaj\u0101 sist\u0113m\u0101, \u013caujot pielikumiem un piederumiem efekt\u012bvi p\u0101rvietoties un tikt vad\u012btiem. \u0160ie cilindri ne tikai nodro\u0161ina vienm\u0113r\u012bgu kust\u012bbu, bet ar\u012b iztur lielas slodzes, nodro\u0161inot ma\u0161\u012bnu efekt\u012bvu darb\u012bbu un uzticam\u012bbu da\u017e\u0101dos darba apst\u0101k\u013cos.<\/p>\n<p><img decoding=\"async\" src=\"https:\/\/www.hydraulic-cylinders.net\/wp-content\/uploads\/2025\/01\/songte-company-2.webp\"><\/p>\n<p>Defin\u012bcija un skaidrojums:<br \/>\nSviru cilindri ir hidrauliskie cilindri, kas ir \u012bpa\u0161i izstr\u0101d\u0101ti, lai nodro\u0161in\u0101tu line\u0101ru kust\u012bbu un jaudu ma\u0161\u012bnu svir\u0101m. \u0160ie cilindri ir svar\u012bgas hidraulisko sist\u0113mu sast\u0101vda\u013cas, kas \u013cauj pielikumiem un piederumiem efekt\u012bvi p\u0101rvietoties un kontrol\u0113t tos. Sviru cilindri ir izgatavoti no augstas iztur\u012bbas materi\u0101liem, kuriem ir izcilas nodilumiztur\u012bbas un korozijas iztur\u012bbas \u012bpa\u0161\u012bbas, padarot tos piem\u0113rotus lieto\u0161anai skarbos apst\u0101k\u013cos. Tie ir izstr\u0101d\u0101ti, lai nodro\u0161in\u0101tu vienk\u0101r\u0161u apkopi un nomai\u0146u, samazinot iek\u0101rtu d\u012bkst\u0101ves laiku un nodro\u0161inot augstu efektivit\u0101ti.<\/p>\n<p>Galven\u0101s iez\u012bmes:<br \/>\n1. Augstas efektivit\u0101tes transmisija: Sviru cilindri nodro\u0161ina jaud\u012bgu line\u0101ru kust\u012bbu un sp\u0113ku, garant\u0113jot ma\u0161\u012bnu sviru augstu efektivit\u0101ti da\u017e\u0101d\u0101s darb\u012bb\u0101s.<br \/>\n2. Prec\u012bza vad\u012bba: Izmantojot hidraulisko sist\u0113mu, sviras cilindri var pan\u0101kt prec\u012bzu kust\u012bbas vad\u012bbu, padarot pielikumu darb\u012bbu elast\u012bg\u0101ku un prec\u012bz\u0101ku.<br \/>\n3. Sp\u0113c\u012bga iztur\u012bba: Roku cilindri parasti ir izgatavoti no augstas iztur\u012bbas materi\u0101liem, kuriem ir laba nodilumiztur\u012bba un iztur\u012bba pret koroziju, kas ir piem\u0113roti ilgsto\u0161ai lieto\u0161anai skarbos apst\u0101k\u013cos.<br \/>\n4. Daudzpus\u012bba: \u0161os cilindrus var pla\u0161i izmantot da\u017e\u0101d\u0101s ma\u0161\u012bn\u0101s, piem\u0113ram, ekskavatoros, celt\u0146os un meh\u0101niskaj\u0101s svir\u0101s, piel\u0101gojoties da\u017e\u0101d\u0101m darba pras\u012bb\u0101m.<br \/>\n5. Vienk\u0101r\u0161a apkope: Dizains ir veidots, lai nodro\u0161in\u0101tu vienk\u0101r\u0161u apkopi un nomai\u0146u, padarot regul\u0101ru p\u0101rbaudi un apkopi \u0113rt\u0101ku, samazinot iek\u0101rtu d\u012bkst\u0101ves laiku.<\/p>\n<p><img decoding=\"async\" src=\"https:\/\/www.hydraulic-cylinders.net\/wp-content\/uploads\/2025\/01\/songte-oil-pipes-and-spare-parts.webp\"><\/p>\n<p>Pielietojums:<br \/>\nSviras cilindri tiek pla\u0161i izmantoti da\u017e\u0101d\u0101s nozar\u0113s, piem\u0113ram, b\u016bvniec\u012bb\u0101, ra\u017eo\u0161an\u0101, lauksaimniec\u012bb\u0101, ieguves r\u016bpniec\u012bb\u0101, lo\u0123istik\u0101 un transport\u0101.<br \/>\n\u2013 B\u016bvniec\u012bbas in\u017eenierija: Str\u0113les cilindri tiek izmantoti, lai kontrol\u0113tu kausu vai str\u0113les kust\u012bbu ekskavatoros un celt\u0146os, veicot zemes darbus, materi\u0101lu apstr\u0101di un konstrukciju uzst\u0101d\u012b\u0161anu.<br \/>\n\u2013 Ra\u017eo\u0161ana: Roku cilindri tiek izmantoti, lai kontrol\u0113tu meh\u0101nisko roku kust\u012bbu automatiz\u0113t\u0101s ra\u017eo\u0161anas l\u012bnij\u0101s, veicot mont\u0101\u017eas, metin\u0101\u0161anas un apstr\u0101des procesus, uzlabojot ra\u017eo\u0161anas efektivit\u0101ti un precizit\u0101ti.<br \/>\n\u2013 Lauksaimniec\u012bbas tehnika: Sviru cilindri kontrol\u0113 vad\u012bbas sviru kust\u012bbu lauksaimniec\u012bbas tehnik\u0101, piem\u0113ram, kombainos un s\u0113jma\u0161\u012bn\u0101s, veicot t\u0101dus uzdevumus k\u0101 s\u0113\u0161ana, m\u0113slo\u0161ana un ra\u017eas nov\u0101k\u0161ana.<br \/>\n\u2013 Kalnr\u016bpniec\u012bba: Roku cilindri tiek izmantoti, lai kontrol\u0113tu kalnr\u016bpniec\u012bbas iek\u0101rtu roku kust\u012bbu, veicot r\u016bdu ieguvi un transport\u0113\u0161anu.<br \/>\n\u2013 Lo\u0123istika un transport\u0113\u0161ana: Roku cilindri tiek izmantoti, lai kontrol\u0113tu iekr\u0101v\u0113ju un robotu cel\u0161anu un kust\u012bbu, nodro\u0161inot materi\u0101lu apstr\u0101di un sakrau\u0161anu.<\/p>\n<p>Dizaina apsv\u0113rumi un atlases krit\u0113riji:<br \/>\n\u2013 Slodzes iztur\u012bba: Sviras cilindra slodzes iztur\u012bbai j\u0101sp\u0113j iztur\u0113t maksim\u0101lo darb\u012bbu veico\u0161o slodzi.<br \/>\n\u2013 Bl\u012bv\u0113juma veiktsp\u0113ja: Sviru cilindriem ir nepiecie\u0161ama laba bl\u012bv\u0113juma veiktsp\u0113ja, lai nov\u0113rstu hidraulisk\u0101s e\u013c\u013cas nopl\u016bdi un pies\u0101r\u0146ojumu, aizsarg\u0101tu iek\u0161\u0113j\u0101s deta\u013cas no boj\u0101jumiem un nodro\u0161in\u0101tu ilgu kalpo\u0161anas laiku.<br \/>\n\u2013 Iztur\u012bba: Svircilindriem ir nepiecie\u0161ama augsta iztur\u012bba, lai iztur\u0113tu skarbu vidi un lielas slodzes. Augstas iztur\u012bbas materi\u0101li, prec\u012bza apstr\u0101de un r\u016bp\u012bga apkope var uzlabot cilindra iztur\u012bbu.<br \/>\n\u2013 Dro\u0161\u012bba: Sviru cilindriem j\u0101b\u016bt konstru\u0113tiem ar dro\u0161\u012bbas funkcij\u0101m, piem\u0113ram, spiediena samazin\u0101\u0161anas v\u0101rstiem, amortizatoriem un av\u0101rijas aptur\u0113\u0161anas ier\u012bc\u0113m, lai aizsarg\u0101tu apr\u012bkojumu un operatorus no negad\u012bjumiem.<br \/>\n\u2013 Apkope: Sviru cilindriem j\u0101b\u016bt konstru\u0113tiem t\u0101, lai tos b\u016btu viegli apkopt un remont\u0113t, nodro\u0161inot regul\u0101ras p\u0101rbaudes, savlaic\u012bgu apkopi un nomai\u0146u.<\/p>\n<p><img decoding=\"async\" src=\"https:\/\/www.hydraulic-cylinders.net\/wp-content\/uploads\/2025\/01\/songte-cylinder-head-with-all-kinds-excavator-models.webp\"><\/p>\n<p>Bl\u012bv\u0113\u0161ana un e\u013c\u013co\u0161ana:<br \/>\nSviru cilindriem ir nepiecie\u0161ami da\u017e\u0101di bl\u012bv\u0113\u0161anas komponenti, piem\u0113ram, virzu\u013ca bl\u012bv\u0113jumi, stie\u0146a bl\u012bv\u0113jumi un stikla t\u012br\u012bt\u0101ju bl\u012bv\u0113jumi, kas izgatavoti no nodilumiztur\u012bgiem materi\u0101liem, piem\u0113ram, poliuret\u0101na, nitrila gumijas vai citiem materi\u0101liem, lai nodro\u0161in\u0101tu labu bl\u012bv\u0113\u0161anas veiktsp\u0113ju. Cilindra galvas un skr\u016bves v\u012btnes virsma ir r\u016bp\u012bgi apstr\u0101d\u0101ta, lai uzlabotu nodilumiztur\u012bbu. Lai nodro\u0161in\u0101tu vienm\u0113r\u012bgu darb\u012bbu un samazin\u0101tu nodilumu, ir nepiecie\u0161ama regul\u0101ra e\u013c\u013co\u0161ana ar hidraulisko e\u013c\u013cu.<\/p>\n<p>Apkopes un prevent\u012bvie pas\u0101kumi:<br \/>\n\u2013 Regul\u0101ra p\u0101rbaude: Sviru cilindri regul\u0101ri j\u0101p\u0101rbauda, \u200b\u200blai atkl\u0101tu boj\u0101jumus, koroziju vai nopl\u016bdes, un savlaic\u012bgi j\u0101veic apkope un remonts.<br \/>\n\u2013 T\u012br\u012b\u0161ana: Cilindra virsma j\u0101uztur t\u012bra un bez net\u012brumiem vai gru\u017eiem, lai nov\u0113rstu iek\u0161\u0113jo da\u013cu pies\u0101r\u0146o\u0161anu.<br \/>\n\u2013 E\u013c\u013co\u0161ana: Regul\u0101ra e\u013c\u013co\u0161ana ar atbilsto\u0161u hidraulisko e\u013c\u013cu var nov\u0113rst nodilumu un nodro\u0161in\u0101t vienm\u0113r\u012bgu darb\u012bbu.<br \/>\n\u2013 Bl\u012bv\u0113juma komponentu nomai\u0146a: Nolietoti bl\u012bv\u0113juma komponenti regul\u0101ri j\u0101nomaina, lai nodro\u0161in\u0101tu labu bl\u012bv\u0113juma veiktsp\u0113ju.<br \/>\n\u2013 Dro\u0161\u012bbas pas\u0101kumi: Regul\u0101ri j\u0101p\u0101rbauda t\u0101das dro\u0161\u012bbas ier\u012bces k\u0101 spiediena samazin\u0101\u0161anas v\u0101rsti un amortizatori, lai nodro\u0161in\u0101tu to pareizu darb\u012bbu.<\/p>\n<p><img decoding=\"async\" src=\"https:\/\/www.hydraulic-cylinders.net\/wp-content\/uploads\/2025\/01\/songte-chushion-collar.webp\"><\/p>\n<p>Instal\u0113\u0161anas rokasgr\u0101mata:<br \/>\n\u2013 Dro\u0161\u012bbas pas\u0101kumi: Pirms uzst\u0101d\u012b\u0161anas p\u0101rliecinieties, vai iek\u0101rta ir izsl\u0113gta un vai ir ieviesti visi dro\u0161\u012bbas pas\u0101kumi, lai izvair\u012btos no negad\u012bjumiem.<br \/>\n\u2013 Uzst\u0101d\u012b\u0161anas poz\u012bcija: p\u0101rliecinieties, vai sviras cilindrs ir uzst\u0101d\u012bts pareizaj\u0101 poz\u012bcij\u0101 saska\u0146\u0101 ar iek\u0101rtas specifik\u0101cij\u0101m.<br \/>\n\u2013 Pievilk\u0161anas griezes moments: Skr\u016bves v\u012btne j\u0101pievelk l\u012bdz nepiecie\u0161amajam griezes momentam, lai nodro\u0161in\u0101tu, ka cilindrs ir stingri nostiprin\u0101ts viet\u0101.<br \/>\n\u2013 E\u013c\u013co\u0161ana: Pirms uzst\u0101d\u012b\u0161anas iee\u013c\u013cojiet cilindru un bl\u012bv\u0113juma komponentus ar hidraulisko e\u013c\u013cu.<\/p>\n<p>Dro\u0161\u012bbas un vides apsv\u0113rumi:<br \/>\n\u2013 Dro\u0161\u012bbas pas\u0101kumi: Operatoriem j\u0101sa\u0146em atbilsto\u0161a apm\u0101c\u012bba par iek\u0101rtu lieto\u0161anu un j\u0101iev\u0113ro visas dro\u0161\u012bbas vadl\u012bnijas, lai nov\u0113rstu negad\u012bjumus.<br \/>\n\u2013 Vides aizsardz\u012bba: Izlietot\u0101 hidraulisk\u0101 e\u013c\u013ca un nolietotie bl\u012bv\u0113juma komponenti ir j\u0101izn\u012bcina atbilsto\u0161i, lai izvair\u012btos no vides pies\u0101r\u0146o\u0161anas.<\/p>\n<p>Probl\u0113mu nov\u0113r\u0161ana un bie\u017ei sastopamas probl\u0113mas:<br \/>\n\u2013 Bie\u017ei sastopamas probl\u0113mas: Bie\u017ei sastopamas probl\u0113mas ar sviru cilindriem ir e\u013c\u013cas nopl\u016bde, neparasts troksnis, nepietiekama jauda un l\u0113na kust\u012bba.<br \/>\n\u2013 Probl\u0113mu nov\u0113r\u0161ana: Probl\u0113mu nov\u0113r\u0161ana var ietvert bl\u012bv\u0113juma komponentu, hidraulisk\u0101s e\u013c\u013cas l\u012bme\u0146a un spiediena p\u0101rbaudi, komponentu nodiluma vai boj\u0101jumu noteik\u0161anu un skr\u016bvju v\u012bt\u0146u stingr\u012bbas regul\u0113\u0161anu.<br \/>\n\u2013 Prevent\u012bvie pas\u0101kumi: regul\u0101ra p\u0101rbaude, apkope un nomai\u0146a var samazin\u0101t iesp\u0113jam\u0101s probl\u0113mas un nodro\u0161in\u0101t ilgu kalpo\u0161anas laiku.<\/p>\n<p><img decoding=\"async\" src=\"https:\/\/www.hydraulic-cylinders.net\/wp-content\/uploads\/2025\/01\/songte-bushings-with-all-kinds-of-excavator-models.webp\"><\/p>\n<p>Uz\u0146\u0113muma ievads:<br \/>\nM\u0113s esam profesion\u0101ls rezerves hidraulisko cilindru ra\u017eot\u0101js ar pla\u0161u produktu kl\u0101stu un esam k\u013cuvu\u0161i par vienu no vado\u0161ajiem hidraulisko cilindru ra\u017eot\u0101jiem un vairumtirdzniec\u012bbas izplat\u012bt\u0101jiem viet\u0113j\u0101 un starptautiskaj\u0101 tirg\u016b. M\u0113s vienm\u0113r iev\u0113rojam izcilas kvalit\u0101tes principu, pa\u013caujamies uz smalk\u0101s ra\u017eo\u0161anas darbn\u012bcas r\u016bpniecisk\u0101s ra\u017eo\u0161anas vad\u012bbas strat\u0113\u0123iju, nep\u0101rtraukti uzlabojam tehnisko l\u012bmeni un ra\u017eo\u0161anas efektivit\u0101ti. Ievie\u0161ot augstas klases digit\u0101l\u0101s ra\u017eo\u0161anas iek\u0101rtas un profesion\u0101las test\u0113\u0161anas sist\u0113mas, m\u0113s nep\u0101rtraukti optimiz\u0113jam ra\u017eo\u0161anas platformu, uzlabojam produktu kvalit\u0101tes kontroles procesu un mums ir sp\u0113c\u012bgas inov\u0101ciju iesp\u0113jas. M\u016bsu m\u0113r\u0137is ir apmierin\u0101t klientu da\u017e\u0101d\u0101s vajadz\u012bbas ar efekt\u012bviem, prec\u012bziem un augstas kvalit\u0101tes produktiem.<\/p>\n<p>\u2013 Profesionalit\u0101te: M\u016bsu tehniskajai komandai ir pla\u0161a pieredze hidraulisko cilindru projekt\u0113\u0161an\u0101 un ra\u017eo\u0161an\u0101. M\u0113s pied\u0101v\u0101jam profesion\u0101lus un piel\u0101gotus pakalpojumus, lai apmierin\u0101tu klientu \u012bpa\u0161\u0101s vajadz\u012bbas.<br \/>\n\u2013 Starptautisk\u0101 sertifik\u0101cija: M\u016bsu produkti ir ieguvu\u0161i starptautiskus sertifik\u0101tus, piem\u0113ram, ISO9001, CE un SGS, kas nodro\u0161ina m\u016bsu produktu un pakalpojumu kvalit\u0101ti, kas atbilst starptautiskajiem standartiem.<br \/>\n\u2013 Piel\u0101goti pakalpojumi: M\u0113s pied\u0101v\u0101jam piel\u0101gotus pakalpojumus atbilsto\u0161i klientu specifik\u0101cij\u0101m, materi\u0101liem, kr\u0101s\u0101m, iepakojumam un cit\u0101m pras\u012bb\u0101m, lai apmierin\u0101tu vi\u0146u individu\u0101l\u0101s vajadz\u012bbas.<br \/>\n\u2013 Ra\u017eo\u0161anas iek\u0101rtas: Mums ir modernas ra\u017eo\u0161anas iek\u0101rtas, piem\u0113ram, CNC apstr\u0101des centri, autom\u0101tisk\u0101s metin\u0101\u0161anas iek\u0101rtas un hidraulisk\u0101s test\u0113\u0161anas iek\u0101rtas, lai nodro\u0161in\u0101tu produktu kvalit\u0101ti.<br \/>\n\u2013 P\u0113cp\u0101rdo\u0161anas serviss: Visiem produktiem m\u0113s nodro\u0161in\u0101m viena gada garantiju, k\u0101 ar\u012b pied\u0101v\u0101jam savlaic\u012bgus un visaptvero\u0161us p\u0113cp\u0101rdo\u0161anas pakalpojumus, lai efekt\u012bvi atrisin\u0101tu klientu probl\u0113mas.<\/p>\n<p><img decoding=\"async\" src=\"https:\/\/www.hydraulic-cylinders.net\/wp-content\/uploads\/2025\/01\/songte-company-4.webp\"><br \/>\n<img decoding=\"async\" src=\"https:\/\/www.hydraulic-cylinders.net\/wp-content\/uploads\/2025\/01\/songte-company-3.webp\"><\/p>\n<p>Autors: lil<\/p>","protected":false},"excerpt":{"rendered":"<p>Arm Cylinder for XCMG Small Excavator XE15 Introduction: Arm cylinder is a specially designed hydraulic cylinder that provides linear motion and power for various types of machinery arms, such as excavators, cranes, and mechanical arms. The arm cylinder plays a crucial role in the hydraulic system, enabling attachments and accessories to move and be controlled [&hellip;]<\/p>","protected":false},"featured_media":14779,"comment_status":"open","ping_status":"closed","template":"","meta":{"_et_pb_use_builder":"","_et_pb_old_content":"","_et_gb_content_width":""},"product_brand":[],"product_cat":[1497],"product_tag":[1498,1496],"class_list":{"0":"post-16387","1":"product","2":"type-product","3":"status-publish","4":"has-post-thumbnail","6":"product_cat-arm-cylinders","7":"product_tag-arm-cylinders","8":"product_tag-hydraulic-cylinders","10":"first","11":"instock","12":"shipping-taxable","13":"product-type-simple"},"amp_enabled":true,"_links":{"self":[{"href":"https:\/\/www.hydraulic-cylinders.net\/lv\/wp-json\/wp\/v2\/product\/16387","targetHints":{"allow":["GET"]}}],"collection":[{"href":"https:\/\/www.hydraulic-cylinders.net\/lv\/wp-json\/wp\/v2\/product"}],"about":[{"href":"https:\/\/www.hydraulic-cylinders.net\/lv\/wp-json\/wp\/v2\/types\/product"}],"replies":[{"embeddable":true,"href":"https:\/\/www.hydraulic-cylinders.net\/lv\/wp-json\/wp\/v2\/comments?post=16387"}],"wp:featuredmedia":[{"embeddable":true,"href":"https:\/\/www.hydraulic-cylinders.net\/lv\/wp-json\/wp\/v2\/media\/14779"}],"wp:attachment":[{"href":"https:\/\/www.hydraulic-cylinders.net\/lv\/wp-json\/wp\/v2\/media?parent=16387"}],"wp:term":[{"taxonomy":"product_brand","embeddable":true,"href":"https:\/\/www.hydraulic-cylinders.net\/lv\/wp-json\/wp\/v2\/product_brand?post=16387"},{"taxonomy":"product_cat","embeddable":true,"href":"https:\/\/www.hydraulic-cylinders.net\/lv\/wp-json\/wp\/v2\/product_cat?post=16387"},{"taxonomy":"product_tag","embeddable":true,"href":"https:\/\/www.hydraulic-cylinders.net\/lv\/wp-json\/wp\/v2\/product_tag?post=16387"}],"curies":[{"name":"wp","href":"https:\/\/api.w.org\/{rel}","templated":true}]}}