{"id":16389,"date":"2025-01-20T09:11:35","date_gmt":"2025-01-20T09:11:35","guid":{"rendered":"https:\/\/www.hydraulic-cylinders.net\/product\/arm-cylinderfor-xcmg-small-excavator-xe75\/"},"modified":"2025-01-20T09:11:37","modified_gmt":"2025-01-20T09:11:37","slug":"arm-cylinderfor-xcmg-small-excavator-xe75","status":"publish","type":"product","link":"https:\/\/www.hydraulic-cylinders.net\/lv\/products\/arm-cylinderfor-xcmg-small-excavator-xe75\/","title":{"rendered":"Sviras cilindrs XCMG mazajam ekskavatoram XE75"},"content":{"rendered":"<p>XCMG maz\u0101 ekskavatora XE75 rokas cilindrs: defin\u012bcija un skaidrojums<\/p>\n<p>Sviras cilindrs ir specializ\u0113ts hidrauliskais cilindrs, kas nodro\u0161ina line\u0101ru kust\u012bbu un jaudu da\u017e\u0101du veidu ma\u0161\u012bnu, piem\u0113ram, ekskavatoru, celt\u0146u un robotiz\u0113tu roku, svirai. Tam ir iz\u0161\u0137iro\u0161a noz\u012bme hidrauliskaj\u0101 sist\u0113m\u0101, nodro\u0161inot efekt\u012bvu papildu instrumentu vai stiprin\u0101jumu p\u0101rvieto\u0161anu un vad\u012bbu. \u0160ie cilindri ne tikai nodro\u0161ina vienm\u0113r\u012bgu kust\u012bbu, bet ar\u012b iztur lielas slodzes, nodro\u0161inot ma\u0161\u012bnu efekt\u012bvu darb\u012bbu un uzticam\u012bbu da\u017e\u0101dos darba apst\u0101k\u013cos.<\/p>\n<p>Sviras cilindrs: funkcijas<\/p>\n<p>\u2013 Augstas efektivit\u0101tes piedzi\u0146a: Rokas cilindri nodro\u0161ina jaud\u012bgu line\u0101ru kust\u012bbu un sp\u0113ku, lai garant\u0113tu robotiz\u0113t\u0101s rokas augstas veiktsp\u0113jas darb\u012bbu da\u017e\u0101dos pielietojumos.<br \/>\n\u2013 Prec\u012bza vad\u012bba: Izmantojot hidraulisko sist\u0113mu, sviru cilindri var pan\u0101kt prec\u012bzu kust\u012bbas vad\u012bbu, padarot papildu instrumentu darb\u012bbu elast\u012bg\u0101ku un prec\u012bz\u0101ku.<br \/>\n\u2013 Augsta iztur\u012bba: Sviru cilindri parasti ir izgatavoti no augstas iztur\u012bbas materi\u0101liem, kas nodro\u0161ina labu nodilumiztur\u012bbu un korozijas iztur\u012bbu, padarot tos piem\u0113rotus ilgsto\u0161ai lieto\u0161anai skarbos apst\u0101k\u013cos.<br \/>\n\u2013 Daudzfunkcion\u0101la piel\u0101go\u0161an\u0101s sp\u0113ja: \u0161os cilindrus var pla\u0161i izmantot da\u017e\u0101d\u0101s meh\u0101nisk\u0101s iek\u0101rt\u0101s, piem\u0113ram, ekskavatoros, celt\u0146os un robotiz\u0113t\u0101s rok\u0101s, lai piel\u0101gotos da\u017e\u0101d\u0101m darba vajadz\u012bb\u0101m.<br \/>\n\u2013 Vienk\u0101r\u0161a apkope: Konstrukcija ir paredz\u0113ta vienk\u0101r\u0161ai apkopei un nomai\u0146ai, padarot regul\u0101ru p\u0101rbaudi un apkopi \u0113rt\u0101ku un samazinot iek\u0101rtu d\u012bkst\u0101ves laiku.<\/p>\n<p>M\u0113s varam ra\u017eot \u0161o produktu, un tas var lieliski aizst\u0101t \u0161os hidrauliskos cilindrus.<\/p>\n<p>Sviras cilindrs: pielietojumi<\/p>\n<p>\u2013 B\u016bvniec\u012bbas in\u017eenierija: Sviru cilindrus izmanto, lai kontrol\u0113tu kausu vai str\u0113les kust\u012bbu ekskavatoros un celt\u0146os, veicot zemes p\u0101rvieto\u0161anas, materi\u0101lu apstr\u0101des un konstrukciju uzst\u0101d\u012b\u0161anas darbus.<br \/>\n\u2013 Ra\u017eo\u0161ana: Automatiz\u0113t\u0101s ra\u017eo\u0161anas l\u012bnij\u0101s roku cilindri tiek izmantoti, lai p\u0101rvietotu robotiz\u0113tas rokas, veicot mont\u0101\u017eas, metin\u0101\u0161anas un apstr\u0101des procesus, lai uzlabotu ra\u017eo\u0161anas efektivit\u0101ti un precizit\u0101ti.<br \/>\n\u2013 Lauksaimniec\u012bbas tehnika: Lauksaimniec\u012bbas tehnik\u0101, piem\u0113ram, kombainos un s\u0113jma\u0161\u012bn\u0101s, sviru cilindri kontrol\u0113 darbin\u0101\u0161anas sviru kust\u012bbu, veicot s\u0113\u0161anas, m\u0113slo\u0161anas un ra\u017eas nov\u0101k\u0161anas uzdevumus.<br \/>\n\u2013 Kalnr\u016bpniec\u012bba: Kalnr\u016bpniec\u012bbas iek\u0101rt\u0101s rokas cilindrus izmanto, lai kontrol\u0113tu kalnr\u016bpniec\u012bbas iek\u0101rtu rokas kust\u012bbu, veicot r\u016bdas ieguvi un transport\u0113\u0161anu.<br \/>\n\u2013 Lo\u0123istika un transports: Iekr\u0101v\u0113jos un apstr\u0101des robotos roku cilindri tiek izmantoti, lai kontrol\u0113tu dak\u0161u pacel\u0161anu un kust\u012bbu, realiz\u0113jot materi\u0101lu apstr\u0101di un sakrau\u0161anu.<\/p>\n<p>Dizaina apsv\u0113rumi un atlases krit\u0113riji<\/p>\n<p>\u2013 Nestsp\u0113ja: Sviru cilindriem j\u0101b\u016bt konstru\u0113tiem t\u0101, lai tie iztur\u0113tu maksim\u0101lo slodzi ma\u0161\u012bn\u0101m, kur\u0101s tie ir uzst\u0101d\u012bti, nodro\u0161inot dro\u0161u un uzticamu darb\u012bbu.<br \/>\n\u2013 Bl\u012bv\u0113jums: Cilindra bl\u012bv\u0113juma nodro\u0161in\u0101\u0161anai tiek izmantoti da\u017e\u0101di bl\u012bv\u0113\u0161anas komponenti, piem\u0113ram, virzu\u013ca bl\u012bvsl\u0113gi \u200b\u200bun stie\u0146a bl\u012bvsl\u0113gi, un bl\u012bv\u0113jumu ra\u017eo\u0161an\u0101 bie\u017ei izmanto nodilumiztur\u012bgus materi\u0101lus, piem\u0113ram, poliuret\u0101nu un nitrilgumiju.<br \/>\n\u2013 Iztur\u012bba: Cilindra korpuss un v\u012bt\u0146ot\u0101 gala virsma ir smalki apstr\u0101d\u0101ta, lai uzlabotu nodilumiztur\u012bbu un iztur\u012bbu pret koroziju.<br \/>\n\u2013 Dro\u0161\u012bba: Sviru cilindriem j\u0101b\u016bt konstru\u0113tiem ar dro\u0161\u012bbas funkcij\u0101m, lai nov\u0113rstu t\u0101dus negad\u012bjumus k\u0101 p\u0101rslodze, cauru\u013cu pl\u012bsumi un e\u013c\u013cas nopl\u016bdes.<br \/>\n\u2013 Apkopes pieejam\u012bba: Apkopes un nomai\u0146as vienk\u0101r\u0161\u012bbas apsv\u0113r\u0161ana var samazin\u0101t iek\u0101rtu d\u012bkst\u0101ves laiku.<\/p>\n<p>Sviras cilindra bl\u012bv\u0113\u0161ana un e\u013c\u013co\u0161ana<\/p>\n<p>Lai nodro\u0161in\u0101tu cilindra herm\u0113tiskumu, tiek izmantoti da\u017e\u0101di bl\u012bv\u0113jumi, piem\u0113ram, virzu\u013ca bl\u012bv\u0113jumi un stie\u0146a bl\u012bv\u0113jumi. Poliuret\u0101ns un nitrila gumija ir izplat\u012bti nodilumiztur\u012bgi materi\u0101li, ko izmanto bl\u012bv\u0113jumu izgatavo\u0161anai. Cilindra korpuss un v\u012bt\u0146ot\u0101 gala virsma ir smalki apstr\u0101d\u0101ta, lai uzlabotu nodilumiztur\u012bbu un korozijas iztur\u012bbu. Lai nodro\u0161in\u0101tu cilindra efekt\u012bvu darb\u012bbu, ir nepiecie\u0161ama regul\u0101ra e\u013c\u013co\u0161ana.<\/p>\n<p>Profilaktisk\u0101 apkope un probl\u0113mu nov\u0113r\u0161ana<\/p>\n<p>Lai samazin\u0101tu nepl\u0101notu iek\u0101rtu d\u012bkst\u0101vi, ir nepiecie\u0161ama regul\u0101ra sviru cilindru p\u0101rbaude un profilaktisk\u0101 apkope. Probl\u0113mu gad\u012bjum\u0101 \u0161ie padomi var pal\u012bdz\u0113t diagnostic\u0113t un nov\u0113rst probl\u0113mas:<\/p>\n<p>\u2013 P\u0101rbaudiet, vai cilindra korpusam, virzu\u013ca stienim un bl\u012bv\u0113juma deta\u013c\u0101m nav nopl\u016b\u017eu vai boj\u0101jumu.<br \/>\n\u2013 P\u0101rbaudiet hidraulisk\u0101 \u0161\u0137idruma l\u012bmeni un kvalit\u0101ti, lai p\u0101rliecin\u0101tos, ka tas atbilst noteiktaj\u0101m pras\u012bb\u0101m.<br \/>\n\u2013 P\u0101rbaudiet, vai hidrauliskaj\u0101 sist\u0113m\u0101 nav redzamu boj\u0101jumu, un p\u0113c iesp\u0113jas \u0101tr\u0101k nomainiet visas boj\u0101t\u0101s deta\u013cas.<\/p>\n<p>Pareizas uzst\u0101d\u012b\u0161anas rokasgr\u0101mata<\/p>\n<p>\u2013 P\u0101rbaudiet cilindra sader\u012bbu ar iek\u0101rtu un p\u0101rliecinieties, ka tas atbilst tehniskaj\u0101m pras\u012bb\u0101m.<br \/>\n\u2013 P\u0101rbaudiet hidraulisk\u0101s sist\u0113mas t\u012br\u012bbu un p\u0101rliecinieties, ka taj\u0101 nav piemais\u012bjumu vai da\u013ci\u0146u, kas var\u0113tu saboj\u0101t cilindru un t\u0101 sast\u0101vda\u013cas.<br \/>\n\u2013 Uzst\u0101diet cilindru, p\u0101rliecinoties, ka tas ir izl\u012bdzin\u0101ts ar mont\u0101\u017eas kron\u0161teinu un ka skr\u016bves ir dro\u0161i pievilktas.<\/p>\n<p>Dro\u0161\u012bbas apsv\u0113rumi un vides faktori<\/p>\n<p>Dro\u0161\u012bba ir kritiski svar\u012bgs apsv\u0113rums, uzst\u0101dot un darbinot sviras cilindrus. Ir svar\u012bgi iev\u0113rot attiec\u012bgos dro\u0161\u012bbas noteikumus un vadl\u012bnijas, lai nov\u0113rstu negad\u012bjumus, piem\u0113ram, p\u0101rslodzi, cauru\u013cu pl\u012b\u0161anu un e\u013c\u013cas nopl\u016bdes. Sviras cilindri j\u0101projekt\u0113, \u0146emot v\u0113r\u0101 ar\u012b vides faktorus, piem\u0113ram, temperat\u016bru, mitrumu un iztur\u012bbu pret koroziju, lai nodro\u0161in\u0101tu uzticamu darb\u012bbu da\u017e\u0101dos apst\u0101k\u013cos.<\/p>\n<p>Nosl\u0113gum\u0101 m\u0113s esam profesion\u0101ls rezerves hidraulisko cilindru ra\u017eot\u0101js ar pla\u0161u produktu kl\u0101stu, k\u013c\u016bstot par vienu no vado\u0161ajiem hidraulisko cilindru ra\u017eot\u0101jiem un vairumtirdzniec\u012bbas izplat\u012bt\u0101jiem viet\u0113j\u0101 un starptautiskaj\u0101 tirg\u016b. M\u0113s vienm\u0113r iev\u0113rojam izcilas kvalit\u0101tes principu, pa\u013caujamies uz izsmalcin\u0101tas ra\u017eo\u0161anas darbn\u012bcas r\u016bpniecisk\u0101s ra\u017eo\u0161anas vad\u012bbas strat\u0113\u0123iju, nep\u0101rtraukti uzlabojam tehnisko l\u012bmeni un ra\u017eo\u0161anas efektivit\u0101ti. M\u016bsu m\u0113r\u0137is ir apmierin\u0101t klientu da\u017e\u0101d\u0101s vajadz\u012bbas, iev\u0113rojot augstu efektivit\u0101ti, precizit\u0101ti un augstas kvalit\u0101tes principus. M\u0113s pied\u0101v\u0101jam profesion\u0101lu un starptautisku sertifik\u0101ciju, piel\u0101gotus pakalpojumus, modernu ra\u017eo\u0161anas apr\u012bkojumu un visaptvero\u0161us p\u0113cp\u0101rdo\u0161anas pakalpojumus.<\/p>","protected":false},"excerpt":{"rendered":"<p>Arm Cylinder for XCMG Small Excavator XE75: Definition and Explanation Arm cylinder is a specialized hydraulic cylinder that provides linear motion and power to the arm of various types of machinery, such as excavators, cranes, and robotic arms. It plays a critical role in the hydraulic system, enabling the efficient movement and control of additional [&hellip;]<\/p>","protected":false},"featured_media":14774,"comment_status":"open","ping_status":"closed","template":"","meta":{"_et_pb_use_builder":"","_et_pb_old_content":"","_et_gb_content_width":""},"product_brand":[],"product_cat":[1497],"product_tag":[1498,1496],"class_list":{"0":"post-16389","1":"product","2":"type-product","3":"status-publish","4":"has-post-thumbnail","6":"product_cat-arm-cylinders","7":"product_tag-arm-cylinders","8":"product_tag-hydraulic-cylinders","10":"first","11":"instock","12":"shipping-taxable","13":"product-type-simple"},"amp_enabled":true,"_links":{"self":[{"href":"https:\/\/www.hydraulic-cylinders.net\/lv\/wp-json\/wp\/v2\/product\/16389","targetHints":{"allow":["GET"]}}],"collection":[{"href":"https:\/\/www.hydraulic-cylinders.net\/lv\/wp-json\/wp\/v2\/product"}],"about":[{"href":"https:\/\/www.hydraulic-cylinders.net\/lv\/wp-json\/wp\/v2\/types\/product"}],"replies":[{"embeddable":true,"href":"https:\/\/www.hydraulic-cylinders.net\/lv\/wp-json\/wp\/v2\/comments?post=16389"}],"wp:featuredmedia":[{"embeddable":true,"href":"https:\/\/www.hydraulic-cylinders.net\/lv\/wp-json\/wp\/v2\/media\/14774"}],"wp:attachment":[{"href":"https:\/\/www.hydraulic-cylinders.net\/lv\/wp-json\/wp\/v2\/media?parent=16389"}],"wp:term":[{"taxonomy":"product_brand","embeddable":true,"href":"https:\/\/www.hydraulic-cylinders.net\/lv\/wp-json\/wp\/v2\/product_brand?post=16389"},{"taxonomy":"product_cat","embeddable":true,"href":"https:\/\/www.hydraulic-cylinders.net\/lv\/wp-json\/wp\/v2\/product_cat?post=16389"},{"taxonomy":"product_tag","embeddable":true,"href":"https:\/\/www.hydraulic-cylinders.net\/lv\/wp-json\/wp\/v2\/product_tag?post=16389"}],"curies":[{"name":"wp","href":"https:\/\/api.w.org\/{rel}","templated":true}]}}