{"id":16400,"date":"2025-01-20T09:12:27","date_gmt":"2025-01-20T09:12:27","guid":{"rendered":"https:\/\/www.hydraulic-cylinders.net\/product\/arm-cylinderfor-xcmg-middle-excavator-xe265c\/"},"modified":"2025-01-20T09:12:33","modified_gmt":"2025-01-20T09:12:33","slug":"arm-cylinderfor-xcmg-middle-excavator-xe265c","status":"publish","type":"product","link":"https:\/\/www.hydraulic-cylinders.net\/lv\/products\/arm-cylinderfor-xcmg-middle-excavator-xe265c\/","title":{"rendered":"Sviras cilindrs XCMG vid\u0113ja lieluma ekskavatoram XE265C"},"content":{"rendered":"<h1>XCMG vid\u0113j\u0101 ekskavatora XE265C rokas cilindrs<\/h1>\n<h2>Ievads<\/h2>\n<h3>Defin\u012bcija un skaidrojums<\/h3>\n<p>Sviras cilindrs ir speci\u0101li izstr\u0101d\u0101ts hidrauliskais cilindrs, ko galvenok\u0101rt izmanto, lai nodro\u0161in\u0101tu line\u0101ru kust\u012bbu un jaudu da\u017e\u0101du veidu ma\u0161\u012bnu, piem\u0113ram, ekskavatoru, celt\u0146u un meh\u0101nisko sviru, svir\u0101m. Sviras cilindram ir iz\u0161\u0137iro\u0161a noz\u012bme hidrauliskaj\u0101s sist\u0113m\u0101s, nodro\u0161inot efekt\u012bvu papildu instrumentu vai stiprin\u0101jumu p\u0101rvieto\u0161anu un kontroli. \u0160ie cilindri ne tikai pan\u0101k vienm\u0113r\u012bgu kust\u012bbu, bet ar\u012b iztur lielas slodzes, nodro\u0161inot ma\u0161\u012bnu efekt\u012bvu darb\u012bbu un uzticam\u012bbu da\u017e\u0101dos ekspluat\u0101cijas apst\u0101k\u013cos.<\/p>\n<p><img decoding=\"async\" src=\"https:\/\/www.hydraulic-cylinders.net\/wp-content\/uploads\/2025\/01\/songte-company-2.webp\"><\/p>\n<h2>Funkcijas<\/h2>\n<ul>\n<li>Efekt\u012bva jaudas p\u0101rvade: Sviras cilindrs var nodro\u0161in\u0101t jaud\u012bgu line\u0101ru kust\u012bbu un sp\u0113ku, garant\u0113jot meh\u0101nisk\u0101s sviras augstu efektivit\u0101ti un veiktsp\u0113ju da\u017e\u0101d\u0101s darb\u012bb\u0101s.<\/li>\n<li>Prec\u012bza vad\u012bba: Izmantojot hidraulisko sist\u0113mu, rokas cilindrs var pan\u0101kt prec\u012bzu kust\u012bbas vad\u012bbu, padarot papildu instrumentu darb\u012bbu elast\u012bg\u0101ku un prec\u012bz\u0101ku.<\/li>\n<li>Iztur\u012bba: Sviru cilindri parasti ir izgatavoti no augstas stipr\u012bbas materi\u0101liem un tiem ir laba iztur\u012bba pret nodilumu un koroziju, padarot tos piem\u0113rotus ilgsto\u0161ai lieto\u0161anai skarbos apst\u0101k\u013cos.<\/li>\n<li>Daudzfunkcion\u0101la piel\u0101go\u0161an\u0101s sp\u0113ja: \u0161os cilindrus var pla\u0161i izmantot da\u017e\u0101d\u0101s meh\u0101nisk\u0101s iek\u0101rt\u0101s, piem\u0113ram, ekskavatoros, celt\u0146os un meh\u0101niskaj\u0101s svir\u0101s, lai piel\u0101gotos da\u017e\u0101d\u0101m darba vajadz\u012bb\u0101m.<\/li>\n<li>Vienk\u0101r\u0161a apkope: Dizaina apsv\u0113rumi, kas paredz vienk\u0101r\u0161u apkopi un nomai\u0146u, padara regul\u0101ras p\u0101rbaudes un apkopi \u0113rt\u0101ku, samazinot iek\u0101rtu d\u012bkst\u0101ves laiku.<\/li>\n<\/ul>\n<p><img decoding=\"async\" src=\"https:\/\/www.hydraulic-cylinders.net\/wp-content\/uploads\/2025\/01\/songte-oil-pipes-and-spare-parts.webp\"><\/p>\n<h2>Pieteikumi<\/h2>\n<ul>\n<li>\u0112ku b\u016bvniec\u012bba: Ekskavatoros un celt\u0146os str\u0113les cilindri tiek izmantoti, lai kontrol\u0113tu kausa vai str\u0113les kust\u012bbu zemes darbos, materi\u0101lu apstr\u0101d\u0113 un konstrukciju uzst\u0101d\u012b\u0161an\u0101.<\/li>\n<li>Ra\u017eo\u0161ana: Automatiz\u0113t\u0101s ra\u017eo\u0161anas l\u012bnij\u0101s roku cilindri tiek izmantoti meh\u0101nisko roku p\u0101rvieto\u0161anai, mont\u0101\u017eas, metin\u0101\u0161anas un apstr\u0101des procesu veik\u0161anai, lai uzlabotu ra\u017eo\u0161anas efektivit\u0101ti un precizit\u0101ti.<\/li>\n<li>Lauksaimniec\u012bbas tehnika: Lauksaimniec\u012bbas tehnik\u0101, piem\u0113ram, kombainos un s\u0113jma\u0161\u012bn\u0101s, sviru cilindri kontrol\u0113 vad\u012bbas sviru kust\u012bbu, veicot t\u0101dus uzdevumus k\u0101 s\u0113\u0161ana, m\u0113slo\u0161ana un ra\u017eas nov\u0101k\u0161ana.<\/li>\n<li>Kalnr\u016bpniec\u012bba: Kalnr\u016bpniec\u012bbas iek\u0101rt\u0101s rokas cilindrus izmanto, lai kontrol\u0113tu kalnr\u016bpniec\u012bbas iek\u0101rtu rokas kust\u012bbu r\u016bdu ieguvei un transport\u0113\u0161anai.<\/li>\n<li>Lo\u0123istika un transports: Iekr\u0101v\u0113jos un apstr\u0101des robotos roku cilindri tiek izmantoti, lai kontrol\u0113tu dak\u0161as pacel\u0161anu un kust\u012bbu materi\u0101lu apstr\u0101dei un sakrau\u0161anai.<\/li>\n<\/ul>\n<h2>Dizaina apsv\u0113rumi un atlases krit\u0113riji<\/h2>\n<h3>Nestsp\u0113ja<\/h3>\n<p>Sviras cilindru nestsp\u0113ja ir svar\u012bgs konstrukcijas apsv\u0113rums. Ir svar\u012bgi nodro\u0161in\u0101t, lai cilindrs iztur\u0113tu maksim\u0101lo slodzi, ar ko tas var saskarties darb\u012bbas laik\u0101.<\/p>\n<h3>Bl\u012bv\u0113\u0161ana<\/h3>\n<p>Sviru cilindros tiek izmantoti da\u017e\u0101di bl\u012bv\u0113\u0161anas komponenti, piem\u0113ram, virzu\u013ca bl\u012bvsl\u0113gi \u200b\u200bun stie\u0146u bl\u012bvsl\u0113gi. Bl\u012bv\u0113\u0161anas komponentiem izmantotie materi\u0101li, piem\u0113ram, poliuret\u0101ns un nitrilgumija, ir nodilumiztur\u012bgi un korozijiztur\u012bgi, nodro\u0161inot efekt\u012bvu darb\u012bbu un pagarinot cilindra kalpo\u0161anas laiku.<\/p>\n<h3>Iztur\u012bba<\/h3>\n<p>Sviru cilindri tiek pak\u013cauti skarbiem ekspluat\u0101cijas apst\u0101k\u013ciem, piem\u0113ram, augstam spiedienam un kod\u012bgai videi. T\u0101p\u0113c ir \u013coti svar\u012bgi izmantot augstas iztur\u012bbas materi\u0101lus un virsmas apstr\u0101di, lai uzlabotu cilindra iztur\u012bbu pret nodilumu un koroziju.<\/p>\n<h3>Dro\u0161\u012bba<\/h3>\n<p>Sviru cilindriem j\u0101atbilst dro\u0161\u012bbas standartiem, lai nodro\u0161in\u0101tu to dro\u0161u darb\u012bbu da\u017e\u0101dos darba apst\u0101k\u013cos, piem\u0113ram, p\u0101rslodzes un trieciena gad\u012bjum\u0101. Dro\u0161\u012bbas pas\u0101kumi var ietvert ierobe\u017eojo\u0161os sl\u0113d\u017eus, spiediena samazin\u0101\u0161anas v\u0101rstus un amortizatorus.<\/p>\n<h3>Apkope<\/h3>\n<p>Sviru cilindru konstrukcij\u0101 j\u0101\u0146em v\u0113r\u0101 vienk\u0101r\u0161a apkope un deta\u013cu nomai\u0146a, lai samazin\u0101tu d\u012bkst\u0101ves laiku un apkopes izmaksas.<\/p>\n<p><img decoding=\"async\" src=\"https:\/\/www.hydraulic-cylinders.net\/wp-content\/uploads\/2025\/01\/songte-cylinder-head-with-all-kinds-excavator-models.webp\"><\/p>\n<h2>Bl\u012bv\u0113\u0161ana un e\u013c\u013co\u0161ana<\/h2>\n<p>Sviru cilindros tiek izmantotas da\u017e\u0101das bl\u012bv\u0113\u0161anas sast\u0101vda\u013cas, piem\u0113ram, virzu\u013ca bl\u012bves un stie\u0146a bl\u012bves. Bl\u012bv\u0113\u0161anas sast\u0101vda\u013c\u0101m izmantotie materi\u0101li, piem\u0113ram, poliuret\u0101ns un nitrila gumija, ir nodilumiztur\u012bgi un korozijiztur\u012bgi, nodro\u0161inot efekt\u012bvu darb\u012bbu un pagarinot cilindra kalpo\u0161anas laiku. Cilindra korpuss un v\u012bt\u0146ot\u0101 gala virsma ir smalki apstr\u0101d\u0101ta, lai uzlabotu nodilumiztur\u012bbu. E\u013c\u013co\u0161anai nepiecie\u0161ama regul\u0101ra atbilsto\u0161as \u200b\u200bhidraulisk\u0101s e\u013c\u013cas pievieno\u0161ana.<\/p>\n<h2>Apkope un prevent\u012bvie pas\u0101kumi<\/h2>\n<ul>\n<li>Regul\u0101ra cilindra darb\u012bbas st\u0101vok\u013ca p\u0101rbaude, lai p\u0101rliecin\u0101tos, ka tas darbojas pareizi.<\/li>\n<li>Regul\u0101ra bl\u012bv\u0113juma deta\u013cu nomai\u0146a, lai nov\u0113rstu e\u013c\u013cas nopl\u016bdi un citu deta\u013cu boj\u0101jumus.<\/li>\n<li>Regul\u0101ra hidraulisk\u0101s e\u013c\u013cas pievieno\u0161ana, lai uztur\u0113tu nepiecie\u0161amo e\u013c\u013co\u0161anas l\u012bmeni.<\/li>\n<li>Nov\u0113rst cilindra darb\u012bbu apst\u0101k\u013cos, kas p\u0101rsniedz t\u0101 nomin\u0101lo ietilp\u012bbu.<\/li>\n<li>Nodro\u0161iniet hidraulisk\u0101s sist\u0113mas t\u012br\u012bbu, lai nov\u0113rstu pies\u0101r\u0146ojumu.<\/li>\n<\/ul>\n<p><img decoding=\"async\" src=\"https:\/\/www.hydraulic-cylinders.net\/wp-content\/uploads\/2025\/01\/songte-chushion-collar.webp\"><\/p>\n<h2>Instal\u0101cijas rokasgr\u0101mata<\/h2>\n<p>Pirms uzst\u0101d\u012b\u0161anas p\u0101rbaudiet, vai cilindram nav boj\u0101jumu, deform\u0101cijas vai r\u016bsas. P\u0101rliecinieties, vai uzst\u0101d\u012b\u0161anas poz\u012bcija ir pareiza un vai v\u012bt\u0146otie gali ir t\u012bri. Uzst\u0101diet cilindru saska\u0146\u0101 ar iek\u0101rtas ra\u017eot\u0101ja specifik\u0101cij\u0101m un pievelciet skr\u016bves ar pareizo griezes momentu. P\u0113c uzst\u0101d\u012b\u0161anas p\u0101rbaudiet cilindra pareizu darb\u012bbu, piem\u0113ram, vai nav nopl\u016bdes, vienm\u0113r\u012bga kust\u012bba un virzu\u013ca stie\u0146a pareiza novietojuma.<\/p>\n<p><img decoding=\"async\" src=\"https:\/\/www.hydraulic-cylinders.net\/wp-content\/uploads\/2025\/01\/songte-bushings-with-all-kinds-of-excavator-models.webp\"><\/p>\n<h2>Dro\u0161\u012bbas apsv\u0113rumi un vides faktori<\/h2>\n<p>Darbinot sviras cilindrus, j\u0101veic dro\u0161\u012bbas pas\u0101kumi, lai nov\u0113rstu p\u0101rslodzi, triecienus vai citas b\u012bstamas situ\u0101cijas. Lai samazin\u0101tu ietekmi uz vidi, ir svar\u012bgi ar\u012b pareizi utiliz\u0113t izlietoto hidraulisko e\u013c\u013cu un citus atkritumus.<\/p>\n<h2>Probl\u0113mu nov\u0113r\u0161ana un bie\u017ei sastopamas probl\u0113mas<\/h2>\n<ul>\n<li>Hidraulisk\u0101s e\u013c\u013cas nopl\u016bde: p\u0101rbaudiet bl\u012bv\u0113juma deta\u013cas un pievelciet v\u012bt\u0146otos savienojumus.<\/li>\n<li>L\u0113na kust\u012bba: p\u0101rbaudiet hidraulisk\u0101s pl\u016bsmas \u0101trumu un spiedienu.<\/li>\n<li>Neparasts troksnis: p\u0101rbaudiet, vai nav boj\u0101tas deta\u013cas vai va\u013c\u012bgi savienojumi.<\/li>\n<li>Nekust\u0113\u0161an\u0101s gad\u012bjum\u0101: p\u0101rbaudiet, vai darb\u012bbas apst\u0101k\u013ci atbilst cilindra nomin\u0101lajai ietilp\u012bbai.<\/li>\n<li>P\u0101rm\u0113r\u012bga vibr\u0101cija: p\u0101rbaudiet iek\u0101rtas pamatni un atbalstu.<\/li>\n<\/ul>\n<h2>Par mums<\/h2>\n<p>M\u0113s esam profesion\u0101ls rezerves hidraulisko cilindru ra\u017eot\u0101js, kas pied\u0101v\u0101 pla\u0161u produktu kl\u0101stu un k\u013c\u016bst par vienu no vado\u0161ajiem hidraulisko cilindru ra\u017eot\u0101jiem un vairumtirdzniec\u012bbas izplat\u012bt\u0101jiem viet\u0113j\u0101 un starptautiskaj\u0101 tirg\u016b. M\u0113s vienm\u0113r iev\u0113rojam izcilas kvalit\u0101tes principu un pa\u013caujamies uz prec\u012bz\u0101s ra\u017eo\u0161anas darbn\u012bcu industrializ\u0113to ra\u017eo\u0161anas vad\u012bbas strat\u0113\u0123iju, lai nep\u0101rtraukti uzlabotu tehnisko l\u012bmeni un ra\u017eo\u0161anas efektivit\u0101ti. Ievie\u0161ot augstas klases digit\u0101l\u0101s ra\u017eo\u0161anas iek\u0101rtas un profesion\u0101las test\u0113\u0161anas sist\u0113mas, m\u0113s nep\u0101rtraukti optimiz\u0113jam ra\u017eo\u0161anas platformu, uzlabojam produktu kvalit\u0101tes kontroles procesu un mums ir sp\u0113c\u012bgas inov\u0101ciju iesp\u0113jas. M\u016bsu m\u0113r\u0137is ir apmierin\u0101t klientu da\u017e\u0101d\u0101s vajadz\u012bbas, iev\u0113rojot efektivit\u0101tes, precizit\u0101tes un augstas kvalit\u0101tes principus.<\/p>\n<ul>\n<li>Profesionalit\u0101te<\/li>\n<li>Starptautisk\u0101 sertifik\u0101cija<\/li>\n<li>Piel\u0101go\u0161anas pakalpojumi<\/li>\n<li>Ra\u017eo\u0161anas iek\u0101rtas<\/li>\n<li>P\u0113cp\u0101rdo\u0161anas serviss<\/li>\n<\/ul>\n<p><img decoding=\"async\" src=\"https:\/\/www.hydraulic-cylinders.net\/wp-content\/uploads\/2025\/01\/songte-company-4.webp\"><br \/>\n<img decoding=\"async\" src=\"https:\/\/www.hydraulic-cylinders.net\/wp-content\/uploads\/2025\/01\/songte-company-3.webp\"><\/p>\n<p>Autors: lil<\/p>","protected":false},"excerpt":{"rendered":"<p>Arm Cylinder For XCMG Middle Excavator XE265C Introduction Definition and Explanation The arm cylinder is a specially designed hydraulic cylinder that is primarily used to provide linear motion and power to the arms of various types of machinery, such as excavators, cranes, and mechanical arms. The arm cylinder plays a crucial role in hydraulic systems, [&hellip;]<\/p>","protected":false},"featured_media":14772,"comment_status":"open","ping_status":"closed","template":"","meta":{"_et_pb_use_builder":"","_et_pb_old_content":"","_et_gb_content_width":""},"product_brand":[],"product_cat":[1497],"product_tag":[1498,1496],"class_list":{"0":"post-16400","1":"product","2":"type-product","3":"status-publish","4":"has-post-thumbnail","6":"product_cat-arm-cylinders","7":"product_tag-arm-cylinders","8":"product_tag-hydraulic-cylinders","10":"first","11":"instock","12":"shipping-taxable","13":"product-type-simple"},"amp_enabled":true,"_links":{"self":[{"href":"https:\/\/www.hydraulic-cylinders.net\/lv\/wp-json\/wp\/v2\/product\/16400","targetHints":{"allow":["GET"]}}],"collection":[{"href":"https:\/\/www.hydraulic-cylinders.net\/lv\/wp-json\/wp\/v2\/product"}],"about":[{"href":"https:\/\/www.hydraulic-cylinders.net\/lv\/wp-json\/wp\/v2\/types\/product"}],"replies":[{"embeddable":true,"href":"https:\/\/www.hydraulic-cylinders.net\/lv\/wp-json\/wp\/v2\/comments?post=16400"}],"wp:featuredmedia":[{"embeddable":true,"href":"https:\/\/www.hydraulic-cylinders.net\/lv\/wp-json\/wp\/v2\/media\/14772"}],"wp:attachment":[{"href":"https:\/\/www.hydraulic-cylinders.net\/lv\/wp-json\/wp\/v2\/media?parent=16400"}],"wp:term":[{"taxonomy":"product_brand","embeddable":true,"href":"https:\/\/www.hydraulic-cylinders.net\/lv\/wp-json\/wp\/v2\/product_brand?post=16400"},{"taxonomy":"product_cat","embeddable":true,"href":"https:\/\/www.hydraulic-cylinders.net\/lv\/wp-json\/wp\/v2\/product_cat?post=16400"},{"taxonomy":"product_tag","embeddable":true,"href":"https:\/\/www.hydraulic-cylinders.net\/lv\/wp-json\/wp\/v2\/product_tag?post=16400"}],"curies":[{"name":"wp","href":"https:\/\/api.w.org\/{rel}","templated":true}]}}