{"id":16404,"date":"2025-01-20T09:12:49","date_gmt":"2025-01-20T09:12:49","guid":{"rendered":"https:\/\/www.hydraulic-cylinders.net\/product\/arm-cylinderfor-xcmg-middle-excavator-xe260cll\/"},"modified":"2025-01-20T09:12:51","modified_gmt":"2025-01-20T09:12:51","slug":"arm-cylinderfor-xcmg-middle-excavator-xe260cll","status":"publish","type":"product","link":"https:\/\/www.hydraulic-cylinders.net\/lv\/products\/arm-cylinderfor-xcmg-middle-excavator-xe260cll\/","title":{"rendered":"Sviras cilindrs XCMG vid\u0113ja lieluma ekskavatoram XE260CLL"},"content":{"rendered":"<p>XCMG vid\u0113j\u0101 ekskavatora XE260CLL rokas cilindrs<\/p>\n<p>Sviras cilindrs ir hidraulisk\u0101 cilindra veids, kas \u012bpa\u0161i paredz\u0113ts, lai nodro\u0161in\u0101tu line\u0101ru kust\u012bbu un jaudu da\u017e\u0101du ma\u0161\u012bnu, piem\u0113ram, ekskavatoru, celt\u0146u un manipulatoru, svir\u0101m. Sviras cilindram ir iz\u0161\u0137iro\u0161a noz\u012bme hidrauliskaj\u0101 sist\u0113m\u0101, nodro\u0161inot efekt\u012bvu papildu instrumentu vai stiprin\u0101jumu kust\u012bbu un vad\u012bbu. \u0160ie cilindri ne tikai nodro\u0161ina vienm\u0113r\u012bgu kust\u012bbu, bet ar\u012b iztur lielas slodzes, nodro\u0161inot ma\u0161\u012bnas efekt\u012bvu darb\u012bbu un uzticam\u012bbu da\u017e\u0101dos darba apst\u0101k\u013cos.<\/p>\n<p><img decoding=\"async\" src=\"https:\/\/www.hydraulic-cylinders.net\/wp-content\/uploads\/2025\/01\/songte-company-2.webp\"><\/p>\n<p>Sviras cilindra \u012bpa\u0161\u012bbas:<br \/>\n\u2013 Efekt\u012bva jaudas p\u0101rvade: Sviras cilindrs nodro\u0161ina sp\u0113c\u012bgu line\u0101ru kust\u012bbu un sp\u0113ku, garant\u0113jot manipulatora augstu veiktsp\u0113jas efektivit\u0101ti da\u017e\u0101d\u0101s darb\u012bb\u0101s.<br \/>\n\u2013 Prec\u012bza vad\u012bba: Izmantojot hidraulisko sist\u0113mu, rokas cilindrs var pan\u0101kt prec\u012bzu kust\u012bbas vad\u012bbu, padarot papildu instrumentu darb\u012bbu elast\u012bg\u0101ku un prec\u012bz\u0101ku.<br \/>\n\u2013 Augsta iztur\u012bba: Sviras cilindrs parasti ir izgatavots no augstas iztur\u012bbas materi\u0101liem, ar labu nodilumiztur\u012bbu un korozijas iztur\u012bbu, kas ir piem\u0113roti ilgsto\u0161ai lieto\u0161anai skarbos apst\u0101k\u013cos.<br \/>\n\u2013 Daudzfunkcionalit\u0101te un piel\u0101gojam\u012bba: \u0161os cilindrus var pla\u0161i izmantot da\u017e\u0101d\u0101s meh\u0101nisk\u0101s iek\u0101rt\u0101s, piem\u0113ram, ekskavatoros, celt\u0146os un manipulatoros, lai apmierin\u0101tu da\u017e\u0101das darba pras\u012bbas.<br \/>\n\u2013 Vienk\u0101r\u0161a apkope: Projekt\u0113\u0161an\u0101 \u0146emta v\u0113r\u0101 apkopes un nomai\u0146as vienk\u0101r\u0161\u012bba, padarot regul\u0101ru p\u0101rbaudi un apkopi \u0113rt\u0101ku, samazinot iek\u0101rtu d\u012bkst\u0101ves laiku.<\/p>\n<p><img decoding=\"async\" src=\"https:\/\/www.hydraulic-cylinders.net\/wp-content\/uploads\/2025\/01\/songte-oil-pipes-and-spare-parts.webp\"><\/p>\n<p>Rokas cilindra pielietojums:<br \/>\n\u2013 B\u016bvniec\u012bbas in\u017eenierija: Str\u0113les cilindrus izmanto, lai kontrol\u0113tu kausu vai str\u0113les kust\u012bbu ekskavatoros un celt\u0146os, zemes darbos, materi\u0101lu apstr\u0101d\u0113 un konstrukciju uzst\u0101d\u012b\u0161an\u0101.<br \/>\n\u2013 Ra\u017eo\u0161anas nozare: Roku cilindri tiek izmantoti manipulatoru p\u0101rvieto\u0161anai automatiz\u0113t\u0101s ra\u017eo\u0161anas l\u012bnij\u0101s, mont\u0101\u017eas, metin\u0101\u0161anas un apstr\u0101des procesos, uzlabojot ra\u017eo\u0161anas efektivit\u0101ti un precizit\u0101ti.<br \/>\n\u2013 Lauksaimniec\u012bbas tehnika: Sviru cilindrus izmanto, lai vad\u012btu lauksaimniec\u012bbas tehnikas, piem\u0113ram, kombainu un s\u0113jma\u0161\u012bnu, vad\u012bbas sviru t\u0101diem uzdevumiem k\u0101 s\u0113ja, m\u0113slo\u0161ana un ra\u017eas nov\u0101k\u0161ana.<br \/>\n\u2013 Kalnr\u016bpniec\u012bba: Sviru cilindrus izmanto, lai kontrol\u0113tu kalnr\u016bpniec\u012bbas iek\u0101rtu sviru kust\u012bbu r\u016bdas ieguv\u0113 un p\u0101rkrau\u0161an\u0101.<br \/>\n\u2013 Lo\u0123istika un transport\u0113\u0161ana: Roku cilindri tiek izmantoti, lai kontrol\u0113tu dak\u0161u pacel\u0161anu un kust\u012bbu iekr\u0101v\u0113jos un apstr\u0101des robotos, materi\u0101lu apstr\u0101dei un krau\u0161anai.<\/p>\n<p>Dizaina apsv\u0113rumi un atlases krit\u0113riji:<br \/>\n\u2013 Nestsp\u0113ja: Sviras cilindram ir j\u0101iztur manipulatora un papildu instrumentu slodze, kas nosaka cilindra izm\u0113ru un iztur\u012bbu.<br \/>\n\u2013 Bl\u012bv\u0113jums: Lai nodro\u0161in\u0101tu hidraulisk\u0101s sist\u0113mas bl\u012bv\u0113jumu un nov\u0113rstu \u0161\u0137idruma nopl\u016bdi, tiek izmantoti da\u017e\u0101di bl\u012bv\u0113\u0161anas komponenti, piem\u0113ram, virzu\u013ca bl\u012bv\u0113jumi un stie\u0146a bl\u012bv\u0113jumi.<br \/>\n\u2013 Iztur\u012bba: Lai nodro\u0161in\u0101tu cilindra iztur\u012bbu un nodilumiztur\u012bbu, ir nepiecie\u0161ami augstas iztur\u012bbas materi\u0101li un prec\u012bza cilindra korpusa un gala virsmas apstr\u0101de.<br \/>\n\u2013 Dro\u0161\u012bba: Sviras cilindram ir j\u0101nodro\u0161ina dro\u0161a un uzticama darb\u012bba, nov\u0113r\u0161ot t\u0101dus negad\u012bjumus k\u0101 nopl\u016bde un sabruk\u0161ana.<br \/>\n\u2013 Apkopes pieejam\u012bba: Sviras cilindra konstrukcijai j\u0101\u0146em v\u0113r\u0101 apkopes un nomai\u0146as vienk\u0101r\u0161\u012bba, samazinot d\u012bkst\u0101ves laiku un apkopes izmaksas.<\/p>\n<p><img decoding=\"async\" src=\"https:\/\/www.hydraulic-cylinders.net\/wp-content\/uploads\/2025\/01\/songte-cylinder-head-with-all-kinds-excavator-models.webp\"><\/p>\n<p>Bl\u012bv\u0113\u0161ana un e\u013c\u013co\u0161ana:<br \/>\n\u2013 Lai nodro\u0161in\u0101tu hidraulisk\u0101s sist\u0113mas herm\u0113tiskumu un nov\u0113rstu \u0161\u0137idruma nopl\u016bdi, tiek izmantoti da\u017e\u0101di bl\u012bv\u0113\u0161anas komponenti, piem\u0113ram, virzu\u013ca bl\u012bv\u0113jumi un stie\u0146a bl\u012bv\u0113jumi.<br \/>\n\u2013 Bl\u012bv\u0113juma komponenti ir izgatavoti no nodilumiztur\u012bgiem materi\u0101liem, piem\u0113ram, poliuret\u0101na un nitrila gumijas, lai nodro\u0161in\u0101tu ilgsto\u0161u lieto\u0161anu.<br \/>\n\u2013 Cilindra korpuss un v\u012bt\u0146ot\u0101 gala virsma ir smalki apstr\u0101d\u0101ta, lai uzlabotu nodilumiztur\u012bbu.<br \/>\n\u2013 E\u013c\u013co\u0161anai regul\u0101ri j\u0101pievieno atbilsto\u0161s hidraulisk\u0101s e\u013c\u013cas daudzums.<\/p>\n<p>Regul\u0101ra p\u0101rbaude un profilaktisk\u0101 apkope:<br \/>\n\u2013 Lai atkl\u0101tu un nov\u0113rstu iesp\u0113jam\u0101s probl\u0113mas, ir nepiecie\u0161ama regul\u0101ra p\u0101rbaude un apkope.<br \/>\n\u2013 Regul\u0101ri j\u0101p\u0101rbauda virzu\u013ca stie\u0146a virsma, vai taj\u0101 nav boj\u0101jumu vai nodiluma.<br \/>\n\u2013 Hidraulisk\u0101s e\u013c\u013cas filtrs ir regul\u0101ri j\u0101p\u0101rbauda un j\u0101nomaina.<br \/>\n\u2013 Bl\u012bv\u0113juma komponenti ir regul\u0101ri j\u0101p\u0101rbauda un j\u0101nomaina.<br \/>\n\u2013 Balons regul\u0101ri j\u0101t\u012bra, lai izvair\u012btos no pies\u0101r\u0146ojuma.<\/p>\n<p><img decoding=\"async\" src=\"https:\/\/www.hydraulic-cylinders.net\/wp-content\/uploads\/2025\/01\/songte-chushion-collar.webp\"><\/p>\n<p>Instal\u0113\u0161anas rokasgr\u0101mata:<br \/>\n\u2013 Sviras cilindra uzst\u0101d\u012b\u0161anai j\u0101iev\u0113ro rokasgr\u0101mat\u0101 sniegtie nor\u0101d\u012bjumi.<br \/>\n\u2013 Lai nodro\u0161in\u0101tu pareizu darb\u012bbu, cilindrs ir j\u0101uzst\u0101da vertik\u0101li.<br \/>\n\u2013 Cilindram j\u0101b\u016bt dro\u0161i nostiprin\u0101tam, lai nov\u0113rstu vibr\u0101ciju un boj\u0101jumus.<br \/>\n\u2013 Lai nov\u0113rstu nopl\u016bdes, hidrauliskaj\u0101m caurul\u0113m un savienojumiem j\u0101b\u016bt pareizi savienotiem.<\/p>\n<p>Dro\u0161\u012bbas apsv\u0113rumi un vides faktori:<br \/>\n\u2013 Lai nodro\u0161in\u0101tu dro\u0161u darb\u012bbu, nepiecie\u0161ami dro\u0161\u012bbas pas\u0101kumi, piem\u0113ram, aizsargp\u0101rsegi un dro\u0161\u012bbas v\u0101rsti.<br \/>\n\u2013 Hidraulisk\u0101 e\u013c\u013ca ir j\u0101apietas pareizi, lai izvair\u012btos no vides pies\u0101r\u0146o\u0161anas.<\/p>\n<p>Probl\u0113mu nov\u0113r\u0161ana un bie\u017ei sastopamas probl\u0113mas:<br \/>\n\u2013 Bie\u017e\u0101k sastopam\u0101s probl\u0113mas ir \u0161\u0137idruma nopl\u016bde, cilindra k\u0101ta boj\u0101jumi un nepietiekama jauda.<br \/>\n\u2013 Probl\u0113mu nov\u0113r\u0161ana j\u0101veic sistem\u0101tiski saska\u0146\u0101 ar rokasgr\u0101matu.<br \/>\n\u2013 Pareiza apkope un p\u0101rbaude var nov\u0113rst iesp\u0113jam\u0101s probl\u0113mas.<\/p>\n<p><img decoding=\"async\" src=\"https:\/\/www.hydraulic-cylinders.net\/wp-content\/uploads\/2025\/01\/songte-bushings-with-all-kinds-of-excavator-models.webp\"><\/p>\n<p>M\u0113s esam profesion\u0101ls rezerves hidraulisko cilindru ra\u017eot\u0101js ar pla\u0161u produktu kl\u0101stu un esam k\u013cuvu\u0161i par vienu no vado\u0161ajiem hidraulisko cilindru ra\u017eot\u0101jiem un vairumtirgot\u0101jiem viet\u0113j\u0101 un starptautiskaj\u0101 tirg\u016b. M\u0113s vienm\u0113r iev\u0113rojam izcilas kvalit\u0101tes principu, pa\u013caujoties uz industrializ\u0113t\u0101m ra\u017eo\u0161anas vad\u012bbas strat\u0113\u0123ij\u0101m prec\u012bz\u0101s ra\u017eo\u0161anas darbn\u012bc\u0101s, lai nep\u0101rtraukti uzlabotu savu tehnisko l\u012bmeni un ra\u017eo\u0161anas efektivit\u0101ti. Ievie\u0161ot augstas klases digit\u0101l\u0101s ra\u017eo\u0161anas iek\u0101rtas un profesion\u0101las test\u0113\u0161anas sist\u0113mas, m\u0113s nep\u0101rtraukti optimiz\u0113jam ra\u017eo\u0161anas platformu un uzlabojam produktu kvalit\u0101tes kontroles procesu, ar sp\u0113c\u012bg\u0101m inov\u0101ciju iesp\u0113j\u0101m. M\u016bsu m\u0113r\u0137is ir apmierin\u0101t klientu da\u017e\u0101d\u0101s vajadz\u012bbas, iev\u0113rojot augstas efektivit\u0101tes, precizit\u0101tes un augstas kvalit\u0101tes principus.<\/p>\n<p>No profesionalit\u0101tes, starptautisk\u0101s sertifik\u0101cijas, piel\u0101goto pakalpojumu, ra\u017eo\u0161anas iek\u0101rtu un p\u0113cp\u0101rdo\u0161anas apkalpo\u0161anas aspektiem m\u0113s sniedzam visaptvero\u0161u ieskatu m\u016bsu uz\u0146\u0113mum\u0101.<\/p>\n<p><img decoding=\"async\" src=\"https:\/\/www.hydraulic-cylinders.net\/wp-content\/uploads\/2025\/01\/songte-company-4.webp\"><\/p>\n<p><img decoding=\"async\" src=\"https:\/\/www.hydraulic-cylinders.net\/wp-content\/uploads\/2025\/01\/songte-company-3.webp\"><\/p>\n<p>Autors: lil<\/p>","protected":false},"excerpt":{"rendered":"<p>Arm Cylinder For XCMG Middle Excavator XE260CLL Arm cylinder is a type of hydraulic cylinder specially designed to provide linear motion and power for arms of various machinery, such as excavators, cranes, and manipulators. The arm cylinder plays a crucial role in the hydraulic system, enabling the effective movement and control of additional tools or [&hellip;]<\/p>","protected":false},"featured_media":14759,"comment_status":"open","ping_status":"closed","template":"","meta":{"_et_pb_use_builder":"","_et_pb_old_content":"","_et_gb_content_width":""},"product_brand":[],"product_cat":[1497],"product_tag":[1498,1496],"class_list":{"0":"post-16404","1":"product","2":"type-product","3":"status-publish","4":"has-post-thumbnail","6":"product_cat-arm-cylinders","7":"product_tag-arm-cylinders","8":"product_tag-hydraulic-cylinders","10":"first","11":"instock","12":"shipping-taxable","13":"product-type-simple"},"amp_enabled":true,"_links":{"self":[{"href":"https:\/\/www.hydraulic-cylinders.net\/lv\/wp-json\/wp\/v2\/product\/16404","targetHints":{"allow":["GET"]}}],"collection":[{"href":"https:\/\/www.hydraulic-cylinders.net\/lv\/wp-json\/wp\/v2\/product"}],"about":[{"href":"https:\/\/www.hydraulic-cylinders.net\/lv\/wp-json\/wp\/v2\/types\/product"}],"replies":[{"embeddable":true,"href":"https:\/\/www.hydraulic-cylinders.net\/lv\/wp-json\/wp\/v2\/comments?post=16404"}],"wp:featuredmedia":[{"embeddable":true,"href":"https:\/\/www.hydraulic-cylinders.net\/lv\/wp-json\/wp\/v2\/media\/14759"}],"wp:attachment":[{"href":"https:\/\/www.hydraulic-cylinders.net\/lv\/wp-json\/wp\/v2\/media?parent=16404"}],"wp:term":[{"taxonomy":"product_brand","embeddable":true,"href":"https:\/\/www.hydraulic-cylinders.net\/lv\/wp-json\/wp\/v2\/product_brand?post=16404"},{"taxonomy":"product_cat","embeddable":true,"href":"https:\/\/www.hydraulic-cylinders.net\/lv\/wp-json\/wp\/v2\/product_cat?post=16404"},{"taxonomy":"product_tag","embeddable":true,"href":"https:\/\/www.hydraulic-cylinders.net\/lv\/wp-json\/wp\/v2\/product_tag?post=16404"}],"curies":[{"name":"wp","href":"https:\/\/api.w.org\/{rel}","templated":true}]}}