{"id":16408,"date":"2025-01-20T09:13:05","date_gmt":"2025-01-20T09:13:05","guid":{"rendered":"https:\/\/www.hydraulic-cylinders.net\/product\/arm-cylinderfor-xcmg-large-excavator-xe1300c\/"},"modified":"2025-01-20T09:13:14","modified_gmt":"2025-01-20T09:13:14","slug":"arm-cylinderfor-xcmg-large-excavator-xe1300c","status":"publish","type":"product","link":"https:\/\/www.hydraulic-cylinders.net\/lv\/products\/arm-cylinderfor-xcmg-large-excavator-xe1300c\/","title":{"rendered":"XCMG liela ekskavatora XE1300C rokas cilindrs"},"content":{"rendered":"<p>XCMG liel\u0101 ekskavatora XE1300C sviras cilindrs: defin\u012bcija, funkcijas, pielietojums un dizaina apsv\u0113rumi<\/p>\n<p>Sviras cilindra defin\u012bcija<\/p>\n<p>Sviras cilindrs ir specializ\u0113ta hidraulisk\u0101 cilindra veids, kas paredz\u0113ts, lai nodro\u0161in\u0101tu line\u0101ru kust\u012bbu un jaudu da\u017e\u0101du ma\u0161\u012bnu, piem\u0113ram, ekskavatoru, celt\u0146u un robotu roku, svir\u0101m. Sviras cilindriem ir iz\u0161\u0137iro\u0161a noz\u012bme hidrauliskaj\u0101s sist\u0113m\u0101s, nodro\u0161inot efekt\u012bvu papildu instrumentu vai stiprin\u0101jumu kust\u012bbu un vad\u012bbu. \u0160ie cilindri ne tikai nodro\u0161ina vienm\u0113r\u012bgu kust\u012bbu, bet ar\u012b iztur lielas slodzes, garant\u0113jot augstu darb\u012bbas efektivit\u0101ti un ma\u0161\u012bnu uzticam\u012bbu da\u017e\u0101dos darba apst\u0101k\u013cos.<\/p>\n<p><img loading=\"lazy\" decoding=\"async\" src=\"https:\/\/www.hydraulic-cylinders.net\/wp-content\/uploads\/2025\/01\/songte-company-2.webp\" alt=\"Sviras cilindrs\" width=\"500\" height=\"300\"><\/p>\n<p>Sviras cilindra funkcijas<\/p>\n<p>1. Augstas efektivit\u0101tes transmisija: Roku cilindri nodro\u0161ina jaud\u012bgu line\u0101ru kust\u012bbu un sp\u0113ku, garant\u0113jot ma\u0161\u012bnu roku augstu darb\u012bbas efektivit\u0101ti da\u017e\u0101d\u0101s oper\u0101cij\u0101s.<\/p>\n<p>2. Prec\u012bza vad\u012bba: Izmantojot hidraulisk\u0101s sist\u0113mas, roku cilindri var pan\u0101kt prec\u012bzu kust\u012bbas vad\u012bbu, uzlabojot papildu instrumenta darb\u012bbas elast\u012bbu un precizit\u0101ti.<\/p>\n<p>3. Iztur\u012bba: Sviru cilindri parasti ir izgatavoti no augstas iztur\u012bbas materi\u0101liem, piem\u0113ram, nodilumiztur\u012bgiem un korozijiztur\u012bgiem materi\u0101liem, kas ir piem\u0113roti ilgsto\u0161ai lieto\u0161anai skarbos apst\u0101k\u013cos.<\/p>\n<p>4. Daudzpus\u012bba: \u0160iem cilindriem ir pla\u0161s pielietojumu kl\u0101sts da\u017e\u0101d\u0101s ma\u0161\u012bn\u0101s, piem\u0113ram, ekskavatoros, celt\u0146os un robotiz\u0113t\u0101s rok\u0101s, piel\u0101gojoties da\u017e\u0101d\u0101m darba pras\u012bb\u0101m.<\/p>\n<p>5. Vienk\u0101r\u0161a apkope: Sviru cilindri ir izstr\u0101d\u0101ti, \u0146emot v\u0113r\u0101 vienk\u0101r\u0161u apkopi un nomai\u0146u, un tie padara regul\u0101ru p\u0101rbaudi un apkopi \u0113rt\u0101ku, samazinot iek\u0101rtu d\u012bkst\u0101ves laiku.<\/p>\n<p><img loading=\"lazy\" decoding=\"async\" src=\"https:\/\/www.hydraulic-cylinders.net\/wp-content\/uploads\/2025\/01\/songte-oil-pipes-and-spare-parts.webp\" alt=\"Sviras cilindra deta\u013cas\" width=\"500\" height=\"300\"><\/p>\n<p>Sviras cilindra pielietojumi<\/p>\n<p>1. B\u016bvniec\u012bba un konstrukcijas: Ekskavatoros un celt\u0146os str\u0113les cilindri kontrol\u0113 kausa vai str\u0113les kust\u012bbu, veicot zemes darbus, materi\u0101lu apstr\u0101di un konstrukciju uzst\u0101d\u012b\u0161anas darb\u012bbas.<\/p>\n<p>2. Ra\u017eo\u0161ana: Automatiz\u0113t\u0101s ra\u017eo\u0161anas l\u012bnij\u0101s roku cilindri kontrol\u0113 robotiz\u0113to roku kust\u012bbu, veicot mont\u0101\u017eas, metin\u0101\u0161anas un apstr\u0101des procesus, uzlabojot ra\u017eo\u0161anas efektivit\u0101ti un precizit\u0101ti.<\/p>\n<p>3. Lauksaimniec\u012bbas tehnika: Lauksaimniec\u012bbas tehnik\u0101, piem\u0113ram, kombainos un s\u0113jma\u0161\u012bn\u0101s, sviras cilindri kontrol\u0113 vad\u012bbas sviras kust\u012bbu, veicot t\u0101dus uzdevumus k\u0101 s\u0113\u0161ana, m\u0113slo\u0161ana un ra\u017eas nov\u0101k\u0161ana.<\/p>\n<p>4. Ieguves r\u016bpniec\u012bba: Ieguves iek\u0101rt\u0101s roku cilindri kontrol\u0113 ieguves iek\u0101rtu roku kust\u012bbu, veicot r\u016bdas ieguvi un p\u0101rkrau\u0161anas darb\u012bbas.<\/p>\n<p>5. Lo\u0123istika un transport\u0113\u0161ana: Iekr\u0101v\u0113jos un apstr\u0101des robotos roku cilindri kontrol\u0113 dak\u0161u pacel\u0161anu un kust\u012bbu, realiz\u0113jot materi\u0101lu apstr\u0101des un krau\u0161anas darb\u012bbas.<\/p>\n<p>Sviras cilindra konstrukcijas apsv\u0113rumi<\/p>\n<p>1. Nestsp\u0113ja: Balonam j\u0101b\u016bt konstru\u0113tam t\u0101, lai tas iztur\u0113tu maksim\u0101lo slodzi, kas paredzama ekspluat\u0101cijas laik\u0101.<\/p>\n<p>2. Bl\u012bv\u0113jums: Lai nov\u0113rstu hidraulisk\u0101 \u0161\u0137idruma nopl\u016bdi, j\u0101izmanto da\u017e\u0101di bl\u012bv\u0113\u0161anas komponenti, piem\u0113ram, virzu\u013ca bl\u012bvsl\u0113gi \u200b\u200bun stie\u0146a bl\u012bvsl\u0113gi.<\/p>\n<p>3. Iztur\u012bba: Balonam j\u0101b\u016bt izgatavotam no nodilumiztur\u012bgiem un korozijiztur\u012bgiem materi\u0101liem, lai nodro\u0161in\u0101tu ilgm\u016b\u017e\u012bbu skarbos apst\u0101k\u013cos.<\/p>\n<p>4. Dro\u0161\u012bba: Balonam j\u0101b\u016bt konstru\u0113tam ar dro\u0161\u012bbas funkcij\u0101m, piem\u0113ram, spiediena samazin\u0101\u0161anas v\u0101rstiem, lai nov\u0113rstu negad\u012bjumus.<\/p>\n<p>5. Apkope: Balona konstrukcijai j\u0101\u0146em v\u0113r\u0101 vienk\u0101r\u0161a apkope un nomai\u0146a, t\u0101d\u0113j\u0101di samazinot d\u012bkst\u0101ves laiku.<\/p>\n<p><img loading=\"lazy\" decoding=\"async\" src=\"https:\/\/www.hydraulic-cylinders.net\/wp-content\/uploads\/2025\/01\/songte-cylinder-head-with-all-kinds-excavator-models.webp\" alt=\"Cilindra galva\" width=\"500\" height=\"300\"><\/p>\n<p>Sviras cilindra bl\u012bv\u0113\u0161ana un e\u013c\u013co\u0161ana<\/p>\n<p>1. Da\u017e\u0101du bl\u012bv\u0113\u0161anas komponentu, piem\u0113ram, virzu\u013ca bl\u012bv\u0113jumu un stie\u0146u bl\u012bv\u0113jumu, izmanto\u0161ana, kas izgatavoti no nodilumiztur\u012bgiem materi\u0101liem, piem\u0113ram, poliuret\u0101na un nitrila gumijas, lai nov\u0113rstu hidraulisk\u0101 \u0161\u0137idruma nopl\u016bdi.<\/p>\n<p>2. Cilindra korpusam un v\u012btnes gala virsmai j\u0101veic smalka apstr\u0101de, lai uzlabotu nodilumiztur\u012bbu.<\/p>\n<p>3. Regul\u0101ra atbilsto\u0161as \u200b\u200bhidraulisk\u0101s e\u013c\u013cas pievieno\u0161ana e\u013c\u013co\u0161anai un apkopei.<\/p>\n<p>Sviras cilindra apkope un probl\u0113mu nov\u0113r\u0161ana<\/p>\n<p>1. Lai nodro\u0161in\u0101tu balona pareizu darb\u012bbu, j\u0101veic regul\u0101ras p\u0101rbaudes un apkope.<\/p>\n<p>2. Neparasta trok\u0161\u0146a, nopl\u016bdes vai citu defektu gad\u012bjum\u0101 j\u0101veic probl\u0113mu nov\u0113r\u0161ana.<\/p>\n<p>3. J\u0101sniedz padomi un risin\u0101jumi probl\u0113mu nov\u0113r\u0161anai, lai pal\u012bdz\u0113tu efekt\u012bvi diagnostic\u0113t un risin\u0101t probl\u0113mas.<\/p>\n<p>4. J\u0101veic prevent\u012bvi pas\u0101kumi, lai mazin\u0101tu iesp\u0113jam\u0101s probl\u0113mas.<\/p>\n<p><img loading=\"lazy\" decoding=\"async\" src=\"https:\/\/www.hydraulic-cylinders.net\/wp-content\/uploads\/2025\/01\/songte-chushion-collar.webp\" alt=\"Apkakle\" width=\"500\" height=\"300\"><\/p>\n<p>Instal\u0101cijas rokasgr\u0101mata<\/p>\n<p>1. Iev\u0113rojiet cilindra ra\u017eot\u0101ja sniegtos uzst\u0101d\u012b\u0161anas nor\u0101d\u012bjumus.<\/p>\n<p>2. Pirms uzst\u0101d\u012b\u0161anas p\u0101rbaudiet, vai cilindram nav defektu vai boj\u0101jumu.<\/p>\n<p>3. Uzst\u0101d\u012b\u0161anas laik\u0101 izmantojiet atbilsto\u0161us instrumentus un apr\u012bkojumu.<\/p>\n<p>4. Nodro\u0161iniet pareizu cilindra izl\u012bdzin\u0101\u0161anu un pievieno\u0161anu.<\/p>\n<p>5. P\u0113c uzst\u0101d\u012b\u0161anas veiciet testa braucienu un p\u0101rbaudi.<\/p>\n<p>Par mums<\/p>\n<p>M\u0113s esam vado\u0161ais hidraulisko cilindru ra\u017eot\u0101js un vairumtirdzniec\u012bbas izplat\u012bt\u0101js viet\u0113j\u0101 un starptautiskaj\u0101 tirg\u016b, pied\u0101v\u0101jot pla\u0161u produktu kl\u0101stu. M\u0113s vienm\u0113r iev\u0113rojam izcilas kvalit\u0101tes principu, pa\u013caujoties uz sare\u017e\u0123\u012btas ra\u017eo\u0161anas darbn\u012bcas industrializ\u0113tu ra\u017eo\u0161anas vad\u012bbas strat\u0113\u0123iju, nep\u0101rtraukti uzlabojot savu tehnisko l\u012bmeni un ra\u017eo\u0161anas efektivit\u0101ti. Ievie\u0161ot augstas klases digit\u0101l\u0101s ra\u017eo\u0161anas iek\u0101rtas un profesion\u0101las test\u0113\u0161anas sist\u0113mas, m\u0113s optimiz\u0113jam ra\u017eo\u0161anas platformu un pilnveidojam produktu kvalit\u0101tes kontroles procesu, ar sp\u0113c\u012bgu inov\u0101ciju sp\u0113ju. M\u016bsu m\u0113r\u0137is ir apmierin\u0101t klientu da\u017e\u0101d\u0101s vajadz\u012bbas, iev\u0113rojot augstas efektivit\u0101tes, precizit\u0101tes un augstas kvalit\u0101tes principus.<\/p>\n<p>M\u0113s lepojamies ar savu profesionalit\u0101ti, starptautiskajiem sertifik\u0101tiem, pas\u016bt\u012bjuma pakalpojumiem, ra\u017eo\u0161anas iek\u0101rt\u0101m un p\u0113cp\u0101rdo\u0161anas pakalpojumiem.<\/p>\n<p><img loading=\"lazy\" decoding=\"async\" src=\"https:\/\/www.hydraulic-cylinders.net\/wp-content\/uploads\/2025\/01\/songte-company-4.webp\" alt=\"Uz\u0146\u0113mums\" width=\"500\" height=\"300\"><br \/>\n<img loading=\"lazy\" decoding=\"async\" src=\"https:\/\/www.hydraulic-cylinders.net\/wp-content\/uploads\/2025\/01\/songte-company-3.webp\" alt=\"II. komp\u0101nija\" width=\"500\" height=\"300\"><\/p>\n<p>Autors: lil<\/p>","protected":false},"excerpt":{"rendered":"<p>Arm Cylinder for XCMG Large Excavator XE1300C: Definition, Features, Applications, and Design Considerations Arm Cylinder Definition An arm cylinder is a type of specialized hydraulic cylinder designed to provide linear motion and power to the arms of various machinery such as excavators, cranes, and robotic arms. Arm cylinders play a critical role in hydraulic systems, [&hellip;]<\/p>","protected":false},"featured_media":14777,"comment_status":"open","ping_status":"closed","template":"","meta":{"_et_pb_use_builder":"","_et_pb_old_content":"","_et_gb_content_width":""},"product_brand":[],"product_cat":[1497],"product_tag":[1498,1496],"class_list":{"0":"post-16408","1":"product","2":"type-product","3":"status-publish","4":"has-post-thumbnail","6":"product_cat-arm-cylinders","7":"product_tag-arm-cylinders","8":"product_tag-hydraulic-cylinders","10":"first","11":"instock","12":"shipping-taxable","13":"product-type-simple"},"amp_enabled":true,"_links":{"self":[{"href":"https:\/\/www.hydraulic-cylinders.net\/lv\/wp-json\/wp\/v2\/product\/16408","targetHints":{"allow":["GET"]}}],"collection":[{"href":"https:\/\/www.hydraulic-cylinders.net\/lv\/wp-json\/wp\/v2\/product"}],"about":[{"href":"https:\/\/www.hydraulic-cylinders.net\/lv\/wp-json\/wp\/v2\/types\/product"}],"replies":[{"embeddable":true,"href":"https:\/\/www.hydraulic-cylinders.net\/lv\/wp-json\/wp\/v2\/comments?post=16408"}],"wp:featuredmedia":[{"embeddable":true,"href":"https:\/\/www.hydraulic-cylinders.net\/lv\/wp-json\/wp\/v2\/media\/14777"}],"wp:attachment":[{"href":"https:\/\/www.hydraulic-cylinders.net\/lv\/wp-json\/wp\/v2\/media?parent=16408"}],"wp:term":[{"taxonomy":"product_brand","embeddable":true,"href":"https:\/\/www.hydraulic-cylinders.net\/lv\/wp-json\/wp\/v2\/product_brand?post=16408"},{"taxonomy":"product_cat","embeddable":true,"href":"https:\/\/www.hydraulic-cylinders.net\/lv\/wp-json\/wp\/v2\/product_cat?post=16408"},{"taxonomy":"product_tag","embeddable":true,"href":"https:\/\/www.hydraulic-cylinders.net\/lv\/wp-json\/wp\/v2\/product_tag?post=16408"}],"curies":[{"name":"wp","href":"https:\/\/api.w.org\/{rel}","templated":true}]}}