{"id":16412,"date":"2025-01-20T09:13:27","date_gmt":"2025-01-20T09:13:27","guid":{"rendered":"https:\/\/www.hydraulic-cylinders.net\/product\/arm-cylinderfor-xcmg-large-excavator-xe700c\/"},"modified":"2025-01-20T09:13:29","modified_gmt":"2025-01-20T09:13:29","slug":"arm-cylinderfor-xcmg-large-excavator-xe700c","status":"publish","type":"product","link":"https:\/\/www.hydraulic-cylinders.net\/lv\/products\/arm-cylinderfor-xcmg-large-excavator-xe700c\/","title":{"rendered":"XCMG liela ekskavatora XE700C rokas cilindrs"},"content":{"rendered":"<p>XCMG liela ekskavatora XE700C rokas cilindrs<\/p>\n<p>Sviras cilindrs ir speci\u0101li izstr\u0101d\u0101ta hidraulisk\u0101 cilindra veids, ko galvenok\u0101rt izmanto, lai nodro\u0161in\u0101tu line\u0101ru kust\u012bbu un jaudu da\u017e\u0101du veidu ma\u0161\u012bnu, piem\u0113ram, ekskavatoru, celt\u0146u un meh\u0101nisko sviru, svir\u0101m. Sviras cilindram ir iz\u0161\u0137iro\u0161a noz\u012bme hidrauliskaj\u0101s sist\u0113m\u0101s, nodro\u0161inot efekt\u012bvu pievienoto instrumentu vai piederumu kust\u012bbu un vad\u012bbu. \u0160ie cilindri ne tikai nodro\u0161ina vienm\u0113r\u012bgu kust\u012bbu, bet ar\u012b iztur lielas slodzes, nodro\u0161inot ma\u0161\u012bnu efekt\u012bvu darb\u012bbu un uzticam\u012bbu da\u017e\u0101dos darba apst\u0101k\u013cos.<\/p>\n<p><img decoding=\"async\" src=\"https:\/\/www.hydraulic-cylinders.net\/wp-content\/uploads\/2025\/01\/songte-company-2.webp\"><\/p>\n<p>Sviras cilindra \u012bpa\u0161\u012bbas:<br \/>\n\u2013 Augstas efektivit\u0101tes transmisija: Sviras cilindrs nodro\u0161ina jaud\u012bgu line\u0101ru kust\u012bbu un sp\u0113ku, garant\u0113jot meh\u0101nisk\u0101s sviras augstu efektivit\u0101ti da\u017e\u0101d\u0101s darb\u012bb\u0101s.<br \/>\n\u2013 Prec\u012bza vad\u012bba: Izmantojot hidraulisko sist\u0113mu, rokas cilindrs var pan\u0101kt prec\u012bzu kust\u012bbas vad\u012bbu, padarot pievienoto instrumentu darb\u012bbu elast\u012bg\u0101ku un prec\u012bz\u0101ku.<br \/>\n\u2013 Augsta iztur\u012bba: Sviru cilindri parasti ir izgatavoti no augstas iztur\u012bbas materi\u0101liem un tiem ir laba nodilumiztur\u012bba un korozijas iztur\u012bba, kas ir piem\u0113rota ilgsto\u0161ai lieto\u0161anai skarbos apst\u0101k\u013cos.<br \/>\n\u2013 Daudzfunkcion\u0101la piel\u0101gojam\u012bba: \u0161os cilindrus var pla\u0161i izmantot da\u017e\u0101da veida ma\u0161\u012bn\u0101s, piem\u0113ram, ekskavatoros, celt\u0146os un meh\u0101niskaj\u0101s svir\u0101s, piel\u0101gojoties da\u017e\u0101d\u0101m darba pras\u012bb\u0101m.<br \/>\n\u2013 Vienk\u0101r\u0161a apkope: Konstrukcij\u0101 ir \u0146emta v\u0113r\u0101 vienk\u0101r\u0161a apkope un nomai\u0146a, padarot regul\u0101ras p\u0101rbaudes un apkopi \u0113rt\u0101ku un samazinot iek\u0101rtu d\u012bkst\u0101ves laiku.<\/p>\n<p>M\u016bsu produkti var lieliski aizst\u0101t \u0161os hidrauliskos cilindrus.<\/p>\n<p><img decoding=\"async\" src=\"https:\/\/www.hydraulic-cylinders.net\/wp-content\/uploads\/2025\/01\/songte-oil-pipes-and-spare-parts.webp\"><\/p>\n<p>Lietojumi:<br \/>\n\u2013 B\u016bvniec\u012bbas in\u017eenierija: Str\u0113les cilindrus izmanto ekskavatoros un celt\u0146os, lai kontrol\u0113tu kausa vai str\u0113les kust\u012bbu zemes p\u0101rvieto\u0161anas, materi\u0101lu apstr\u0101des un konstrukciju uzst\u0101d\u012b\u0161anas darbos.<br \/>\n\u2013 Ra\u017eo\u0161ana: Automatiz\u0113t\u0101s ra\u017eo\u0161anas l\u012bnij\u0101s roku cilindri kontrol\u0113 meh\u0101nisko roku kust\u012bbu mont\u0101\u017eas, metin\u0101\u0161anas un apstr\u0101des laik\u0101, uzlabojot ra\u017eo\u0161anas efektivit\u0101ti un precizit\u0101ti.<br \/>\n\u2013 Lauksaimniec\u012bbas tehnika: Lauksaimniec\u012bbas tehnik\u0101, piem\u0113ram, kombainos un s\u0113jma\u0161\u012bn\u0101s, sviru cilindri kontrol\u0113 darbin\u0101\u0161anas sviru kust\u012bbu, veicot t\u0101dus uzdevumus k\u0101 st\u0101d\u012b\u0161ana, m\u0113slo\u0161ana un ra\u017eas nov\u0101k\u0161ana.<br \/>\n\u2013 Ieguves r\u016bpniec\u012bba: Ieguves apr\u012bkojum\u0101 sviras cilindrus izmanto, lai kontrol\u0113tu ieguves iek\u0101rtu sviras kust\u012bbu r\u016bdas ieguvei un apstr\u0101dei.<br \/>\n\u2013 Lo\u0123istika un transports: Iekr\u0101v\u0113jos un apstr\u0101des robotos dak\u0161u pacel\u0161anas un kust\u012bbas vad\u012bbai tiek izmantoti roku cilindri, lai nodro\u0161in\u0101tu materi\u0101lu apstr\u0101di un sakrau\u0161anu.<\/p>\n<p>Dizaina apsv\u0113rumi un atlases standarti:<br \/>\n\u2013 Nestsp\u0113ja: Sviras cilindram j\u0101sp\u0113j iztur\u0113t iek\u0101rtas maksim\u0101lo nestsp\u0113ju.<br \/>\n\u2013 Bl\u012bv\u0113jam\u012bba: J\u0101izmanto da\u017e\u0101di bl\u012bv\u0113\u0161anas komponenti, piem\u0113ram, virzu\u013ca bl\u012bvgredzeni un stie\u0146a bl\u012bvgredzeni, un bl\u012bv\u0113m j\u0101b\u016bt izgatavot\u0101m no nodilumiztur\u012bgiem materi\u0101liem, piem\u0113ram, poliuret\u0101na un nitrila gumijas.<br \/>\n\u2013 Iztur\u012bba: Cilindra korpusam un v\u012btnes gala virsmai j\u0101b\u016bt smalki apstr\u0101d\u0101tai, lai uzlabotu nodilumiztur\u012bbu.<br \/>\n\u2013 Dro\u0161\u012bba: Sviras cilindram j\u0101b\u016bt konstru\u0113tam ar dro\u0161\u012bbas koeficientu, lai nov\u0113rstu negad\u012bjumus, ko izraisa p\u0101rm\u0113r\u012bga slodze.<br \/>\n\u2013 Apkope: Projekt\u0113jot j\u0101\u0146em v\u0113r\u0101 viegla apkope un nomai\u0146a, padarot regul\u0101ras p\u0101rbaudes un apkopi \u0113rt\u0101ku.<\/p>\n<p><img decoding=\"async\" src=\"https:\/\/www.hydraulic-cylinders.net\/wp-content\/uploads\/2025\/01\/songte-cylinder-head-with-all-kinds-excavator-models.webp\"><\/p>\n<p>Bl\u012bv\u0113\u0161ana un e\u013c\u013co\u0161ana:<br \/>\n\u2013 J\u0101izmanto da\u017e\u0101di bl\u012bv\u0113\u0161anas komponenti, piem\u0113ram, virzu\u013ca bl\u012bvgredzeni un stie\u0146a bl\u012bvgredzeni, un bl\u012bv\u0113m j\u0101b\u016bt izgatavot\u0101m no nodilumiztur\u012bgiem materi\u0101liem, piem\u0113ram, poliuret\u0101na un nitrila gumijas.<br \/>\n\u2013 Cilindra korpusam un v\u012btnes gala virsmai j\u0101b\u016bt smalki apstr\u0101d\u0101tai, lai uzlabotu nodilumiztur\u012bbu.<br \/>\n\u2013 E\u013c\u013co\u0161anai regul\u0101ri j\u0101pievieno atbilsto\u0161s hidraulisk\u0101s e\u013c\u013cas daudzums.<\/p>\n<p>Regul\u0101ras p\u0101rbaudes un profilaktisk\u0101s apkopes pas\u0101kumi:<br \/>\n\u2013 Regul\u0101ri p\u0101rbaudiet sviras cilindru, vai nav nodiluma vai boj\u0101jumu paz\u012bmju, un savlaic\u012bgi nomainiet nolietot\u0101s vai boj\u0101t\u0101s deta\u013cas.<br \/>\n\u2013 Regul\u0101ri p\u0101rbaudiet hidraulisko e\u013c\u013cu, vai taj\u0101 nav piemais\u012bjumu, un savlaic\u012bgi nomainiet to.<br \/>\n\u2013 Regul\u0101ri p\u0101rbaudiet bl\u012bv\u0113juma deta\u013cas un savlaic\u012bgi nomainiet t\u0101s, ja t\u0101s ir boj\u0101tas vai nodilu\u0161as.<\/p>\n<p>Pareiza produkta uzst\u0101d\u012b\u0161anas rokasgr\u0101mata:<br \/>\n\u2013 Pirms uzst\u0101d\u012b\u0161anas not\u012briet iek\u0101rtas uzst\u0101d\u012b\u0161anas virsmu un sviras cilindra v\u012bt\u0146ot\u0101 gala virsmu.<br \/>\n\u2013 Uzkl\u0101jiet sm\u0113rvielas sl\u0101ni uz sviras cilindra v\u012bt\u0146ot\u0101s gala virsmas un uzst\u0101diet to uz iek\u0101rtas.<br \/>\n\u2013 Pievelciet savienojuma skr\u016bves l\u012bdz nor\u0101d\u012btajam griezes momentam.<\/p>\n<p><img decoding=\"async\" src=\"https:\/\/www.hydraulic-cylinders.net\/wp-content\/uploads\/2025\/01\/songte-bushings-with-all-kinds-of-excavator-models.webp\"><\/p>\n<p>Dro\u0161\u012bbas apsv\u0113rumi un vides faktori:<br \/>\n\u2013 Sviras cilindra uzst\u0101d\u012b\u0161anas, ekspluat\u0101cijas un apkopes laik\u0101 j\u0101iev\u0113ro dro\u0161\u012bbas pas\u0101kumi.<br \/>\n\u2013 Izmantotajai hidrauliskajai e\u013c\u013cai j\u0101b\u016bt videi draudz\u012bgai, un p\u0113c lieto\u0161anas t\u0101 ir pareizi utiliz\u0113jama.<\/p>\n<p>K\u013c\u016bmju diagnostika un bie\u017e\u0101k sastopam\u0101s probl\u0113mas:<br \/>\n\u2013 Nepietiekama vai p\u0101rm\u0113r\u012bga e\u013c\u013co\u0161ana var izrais\u012bt neparastu troksni vai nepietiekamu jaudu.<br \/>\n\u2013 Bl\u012bv\u0113juma deta\u013cu boj\u0101jumi var izrais\u012bt hidraulisk\u0101s e\u013c\u013cas nopl\u016bdi.<br \/>\n\u2013 Meh\u0101nisks nodilums vai boj\u0101jumi var izrais\u012bt nepietiekamu jaudu vai nestabilu kust\u012bbu.<\/p>\n<p>Padomi k\u013c\u016bmju nov\u0113r\u0161anai un risin\u0101jumiem:<br \/>\n\u2013 P\u0101rbaudiet un noregul\u0113jiet hidraulisk\u0101s e\u013c\u013cas daudzumu.<br \/>\n\u2013 Nomainiet boj\u0101t\u0101s bl\u012bv\u0113juma deta\u013cas.<br \/>\n\u2013 Nomainiet nolietot\u0101s vai boj\u0101t\u0101s deta\u013cas.<\/p>\n<p><img decoding=\"async\" src=\"https:\/\/www.hydraulic-cylinders.net\/wp-content\/uploads\/2025\/01\/songte-chushion-collar.webp\"><\/p>\n<p>M\u0113s esam profesion\u0101ls rezerves hidraulisko cilindru ra\u017eot\u0101js ar pla\u0161u produktu kl\u0101stu. Esam k\u013cuvu\u0161i par vienu no vado\u0161ajiem hidraulisko cilindru ra\u017eot\u0101jiem un vairumtirgot\u0101jiem viet\u0113j\u0101 un starptautiskaj\u0101 tirg\u016b. M\u0113s vienm\u0113r iev\u0113rojam izcilas kvalit\u0101tes principu, pa\u013caujoties uz izsmalcin\u0101tas ra\u017eo\u0161anas darbn\u012bcas industrializ\u0113to ra\u017eo\u0161anas vad\u012bbas strat\u0113\u0123iju, un past\u0101v\u012bgi uzlabojam savu tehnisko l\u012bmeni un ra\u017eo\u0161anas efektivit\u0101ti. Ievie\u0161ot augstas klases digit\u0101l\u0101s ra\u017eo\u0161anas iek\u0101rtas un profesion\u0101las test\u0113\u0161anas sist\u0113mas, m\u0113s nep\u0101rtraukti optimiz\u0113jam ra\u017eo\u0161anas platformu, uzlabojam produktu kvalit\u0101tes kontroles procesu un mums ir sp\u0113c\u012bgas inov\u0101ciju iesp\u0113jas. M\u016bsu m\u0113r\u0137is ir apmierin\u0101t klientu da\u017e\u0101d\u0101s vajadz\u012bbas, iev\u0113rojot efektivit\u0101tes, precizit\u0101tes un augstas kvalit\u0101tes principus.<\/p>\n<p>M\u0113s pied\u0101v\u0101jam profesion\u0101lus pakalpojumus, starptautiskus sertifik\u0101tus, piel\u0101gotus pakalpojumus, ra\u017eo\u0161anas iek\u0101rtas un p\u0113cp\u0101rdo\u0161anas pakalpojumus.<\/p>\n<p><img decoding=\"async\" src=\"https:\/\/www.hydraulic-cylinders.net\/wp-content\/uploads\/2025\/01\/songte-company-4.webp\"><br \/>\n<img decoding=\"async\" src=\"https:\/\/www.hydraulic-cylinders.net\/wp-content\/uploads\/2025\/01\/songte-company-3.webp\"><br \/>\nAutors: Lails.<\/p>","protected":false},"excerpt":{"rendered":"<p>Arm Cylinder for XCMG Large Excavator XE700C Arm cylinder is a type of specially designed hydraulic cylinder that is mainly used to provide linear motion and power to the arms of various types of machinery, such as excavators, cranes, and mechanical arms. The arm cylinder plays a critical role in hydraulic systems, enabling the effective [&hellip;]<\/p>","protected":false},"featured_media":14766,"comment_status":"open","ping_status":"closed","template":"","meta":{"_et_pb_use_builder":"","_et_pb_old_content":"","_et_gb_content_width":""},"product_brand":[],"product_cat":[1497],"product_tag":[1498,1496],"class_list":{"0":"post-16412","1":"product","2":"type-product","3":"status-publish","4":"has-post-thumbnail","6":"product_cat-arm-cylinders","7":"product_tag-arm-cylinders","8":"product_tag-hydraulic-cylinders","10":"first","11":"instock","12":"shipping-taxable","13":"product-type-simple"},"amp_enabled":true,"_links":{"self":[{"href":"https:\/\/www.hydraulic-cylinders.net\/lv\/wp-json\/wp\/v2\/product\/16412","targetHints":{"allow":["GET"]}}],"collection":[{"href":"https:\/\/www.hydraulic-cylinders.net\/lv\/wp-json\/wp\/v2\/product"}],"about":[{"href":"https:\/\/www.hydraulic-cylinders.net\/lv\/wp-json\/wp\/v2\/types\/product"}],"replies":[{"embeddable":true,"href":"https:\/\/www.hydraulic-cylinders.net\/lv\/wp-json\/wp\/v2\/comments?post=16412"}],"wp:featuredmedia":[{"embeddable":true,"href":"https:\/\/www.hydraulic-cylinders.net\/lv\/wp-json\/wp\/v2\/media\/14766"}],"wp:attachment":[{"href":"https:\/\/www.hydraulic-cylinders.net\/lv\/wp-json\/wp\/v2\/media?parent=16412"}],"wp:term":[{"taxonomy":"product_brand","embeddable":true,"href":"https:\/\/www.hydraulic-cylinders.net\/lv\/wp-json\/wp\/v2\/product_brand?post=16412"},{"taxonomy":"product_cat","embeddable":true,"href":"https:\/\/www.hydraulic-cylinders.net\/lv\/wp-json\/wp\/v2\/product_cat?post=16412"},{"taxonomy":"product_tag","embeddable":true,"href":"https:\/\/www.hydraulic-cylinders.net\/lv\/wp-json\/wp\/v2\/product_tag?post=16412"}],"curies":[{"name":"wp","href":"https:\/\/api.w.org\/{rel}","templated":true}]}}