{"id":16417,"date":"2025-01-20T09:13:53","date_gmt":"2025-01-20T09:13:53","guid":{"rendered":"https:\/\/www.hydraulic-cylinders.net\/product\/arm-cylinderfor-xcmg-wheel-excavator-xe150w\/"},"modified":"2025-01-20T09:13:55","modified_gmt":"2025-01-20T09:13:55","slug":"arm-cylinderfor-xcmg-wheel-excavator-xe150w","status":"publish","type":"product","link":"https:\/\/www.hydraulic-cylinders.net\/lv\/products\/arm-cylinderfor-xcmg-wheel-excavator-xe150w\/","title":{"rendered":"XCMG rite\u0146u ekskavatora XE150W rokas cilindrs"},"content":{"rendered":"<h1>XCMG rite\u0146u ekskavatora XE150W rokas cilindrs<\/h1>\n<h2>Ievads<\/h2>\n<p>Rokas cilindrs ir speci\u0101li izstr\u0101d\u0101ts hidrauliskais cilindrs, kas nodro\u0161ina line\u0101ru kust\u012bbu un jaudu da\u017e\u0101du ma\u0161\u012bnu, piem\u0113ram, ekskavatoru, celt\u0146u un robotiz\u0113tu roku, svir\u0101m. Rokas cilindram ir iz\u0161\u0137iro\u0161a noz\u012bme hidrauliskaj\u0101s sist\u0113m\u0101s, nodro\u0161inot efekt\u012bvu papildu instrumentu vai stiprin\u0101jumu kust\u012bbu un vad\u012bbu. \u0160ie cilindri ne tikai nodro\u0161ina vienm\u0113r\u012bgu kust\u012bbu, bet ar\u012b iztur lielas slodzes, nodro\u0161inot ma\u0161\u012bnu efekt\u012bvu darb\u012bbu un uzticam\u012bbu da\u017e\u0101dos darba apst\u0101k\u013cos.<\/p>\n<p><img decoding=\"async\" src=\"https:\/\/www.hydraulic-cylinders.net\/wp-content\/uploads\/2025\/01\/songte-company-2.webp\" alt=\"Sviras cilindra att\u0113ls\"><\/p>\n<h2>Funkcijas<\/h2>\n<ul>\n<li>Augstas efektivit\u0101tes transmisija: Sviras cilindrs nodro\u0161ina jaud\u012bgu line\u0101ru kust\u012bbu un sp\u0113ku, garant\u0113jot augstas veiktsp\u0113jas iesp\u0113jas da\u017e\u0101du darb\u012bbu laik\u0101.<\/li>\n<li>Prec\u012bza vad\u012bba: Izmantojot hidraulisko sist\u0113mu, rokas cilindrs nodro\u0161ina prec\u012bzu kust\u012bbas vad\u012bbu, padarot pievienoto instrumentu darb\u012bbu elast\u012bg\u0101ku un prec\u012bz\u0101ku.<\/li>\n<li>Augsta iztur\u012bba: Sviru cilindri parasti tiek ra\u017eoti, izmantojot augstas iztur\u012bbas materi\u0101lus, kas nodro\u0161ina izcilu iztur\u012bbu pret nodilumu un koroziju, padarot tos piem\u0113rotus ilgsto\u0161ai lieto\u0161anai skarbos apst\u0101k\u013cos.<\/li>\n<li>Daudzfunkcion\u0101la piel\u0101gojam\u012bba: \u0161os cilindrus var pla\u0161i pielietot da\u017e\u0101d\u0101m ma\u0161\u012bn\u0101m, piem\u0113ram, ekskavatoriem, celt\u0146iem un robotiz\u0113t\u0101m rok\u0101m, kas atbilst da\u017e\u0101d\u0101m ekspluat\u0101cijas pras\u012bb\u0101m.<\/li>\n<li>Vienk\u0101r\u0161a apkope: Izstr\u0101d\u0101ts, \u0146emot v\u0113r\u0101 apkopes un nomai\u0146as vienk\u0101r\u0161\u012bbu, regul\u0101ras p\u0101rbaudes un apkope ir \u0113rtas, samazinot iek\u0101rtu d\u012bkst\u0101ves laiku.<\/li>\n<\/ul>\n<p><img decoding=\"async\" src=\"https:\/\/www.hydraulic-cylinders.net\/wp-content\/uploads\/2025\/01\/songte-oil-pipes-and-spare-parts.webp\" alt=\"Produkta att\u0113ls\"><\/p>\n<h2>Pieteikumi<\/h2>\n<p>Sviras cilindrs tiek izmantots da\u017e\u0101d\u0101s nozar\u0113s:<\/p>\n<ul>\n<li>B\u016bvniec\u012bbas in\u017eenierija: Ekskavatoros un celt\u0146os sviras cilindrs kontrol\u0113 kausu vai str\u0113les kust\u012bbu, atvieglojot zemes darbus, materi\u0101lu apstr\u0101di un konstrukciju uzst\u0101d\u012b\u0161anu.<\/li>\n<li>Ra\u017eo\u0161anas nozare: Automatiz\u0113t\u0101s ra\u017eo\u0161anas l\u012bnij\u0101s rokas cilindrs nodro\u0161ina robotiz\u0113to roku kust\u012bbu mont\u0101\u017eas, metin\u0101\u0161anas un apstr\u0101des procesos, uzlabojot ra\u017eo\u0161anas efektivit\u0101ti un precizit\u0101ti.<\/li>\n<li>Lauksaimniec\u012bbas tehnika: Lauksaimniec\u012bbas tehnik\u0101, piem\u0113ram, kombainos un s\u0113jma\u0161\u012bn\u0101s, sviras cilindrs kontrol\u0113 vad\u012bbas sviru kust\u012bbu t\u0101diem uzdevumiem k\u0101 s\u0113\u0161ana, m\u0113slo\u0161ana un ra\u017eas nov\u0101k\u0161ana.<\/li>\n<li>Kalnr\u016bpniec\u012bba: Kalnr\u016bpniec\u012bbas iek\u0101rt\u0101s rokas cilindrs kontrol\u0113 kalnr\u016bpniec\u012bbas tehnikas rokas kust\u012bbu, atvieglojot r\u016bdas ieguvi un transport\u0113\u0161anu.<\/li>\n<li>Lo\u0123istika un transports: Iekr\u0101v\u0113jos un apstr\u0101des robotos rokas cilindrs kontrol\u0113 dak\u0161u pacel\u0161anu un kust\u012bbu, nodro\u0161inot materi\u0101lu apstr\u0101di un sakrau\u0161anu.<\/li>\n<\/ul>\n<h2>Dizaina apsv\u0113rumi un atlases krit\u0113riji<\/h2>\n<p>Izv\u0113loties un apr\u012bkojot sviras cilindrus, j\u0101\u0146em v\u0113r\u0101 vair\u0101ki galvenie faktori:<\/p>\n<ul>\n<li>Nestsp\u0113ja: Sviras cilindram j\u0101sp\u0113j iztur\u0113t paredz\u0113t\u0101s slodzes pras\u012bbas.<\/li>\n<li>Bl\u012bv\u0113\u0161anas iesp\u0113jas: Da\u017e\u0101di bl\u012bv\u0113\u0161anas komponenti, piem\u0113ram, virzu\u013ca bl\u012bvsl\u0113gi \u200b\u200bun stie\u0146u bl\u012bvsl\u0113gi, kas izgatavoti no nodilumiztur\u012bgiem materi\u0101liem, piem\u0113ram, poliuret\u0101na un nitrila gumijas, nodro\u0161ina efekt\u012bvu bl\u012bv\u0113\u0161anu.<\/li>\n<li>Iztur\u012bba: Cilindra korpuss un v\u012bt\u0146ot\u0101 gala virsma tiek r\u016bp\u012bgi apstr\u0101d\u0101ta, lai uzlabotu nodilumiztur\u012bbu.<\/li>\n<li>Dro\u0161\u012bba: Lai nov\u0113rstu negad\u012bjumus, j\u0101iek\u013cauj t\u0101di dro\u0161\u012bbas aspekti k\u0101 spiediena samazin\u0101\u0161anas v\u0101rsti un av\u0101rijas aptur\u0113\u0161anas funkcijas.<\/li>\n<li>Uzturam\u012bba: J\u0101apsver regul\u0101ra e\u013c\u013co\u0161ana ar atbilsto\u0161u hidraulisk\u0101s e\u013c\u013cas daudzumu un \u0113rta piek\u013cuve apkopes uzdevumiem.<\/li>\n<\/ul>\n<p><img decoding=\"async\" src=\"https:\/\/www.hydraulic-cylinders.net\/wp-content\/uploads\/2025\/01\/songte-cylinder-head-with-all-kinds-excavator-models.webp\" alt=\"Produkta att\u0113ls\"><\/p>\n<h2>Bl\u012bv\u0113\u0161ana un e\u013c\u013co\u0161ana<\/h2>\n<p>Sviras cilindr\u0101 tiek izmantoti da\u017e\u0101di bl\u012bv\u0113jumi, piem\u0113ram, virzu\u013ca bl\u012bv\u0113jumi un stie\u0146a bl\u012bv\u0113jumi, kas izgatavoti no nodilumiztur\u012bgiem materi\u0101liem, piem\u0113ram, poliuret\u0101na un nitrila gumijas. Cilindra korpuss un v\u012bt\u0146ot\u0101 gala virsma ir smalki apstr\u0101d\u0101ta, lai uzlabotu nodilumiztur\u012bbu. Lai nodro\u0161in\u0101tu vienm\u0113r\u012bgu darb\u012bbu, nepiecie\u0161ama regul\u0101ra e\u013c\u013co\u0161ana ar atbilsto\u0161u hidraulisk\u0101s e\u013c\u013cas daudzumu.<\/p>\n<h2>Regul\u0101ra p\u0101rbaude un profilaktisk\u0101 apkope<\/h2>\n<p>Lai uztur\u0113tu optim\u0101lu veiktsp\u0113ju, ir svar\u012bgi veikt regul\u0101ras p\u0101rbaudes un profilaktisk\u0101s apkopes pas\u0101kumus:<\/p>\n<ul>\n<li>P\u0101rbaudiet bl\u012bves, vai t\u0101s nav nodilu\u0161as vai boj\u0101tas.<\/li>\n<li>P\u0101rbaudiet, vai hidrauliskaj\u0101 sist\u0113m\u0101 nav nopl\u016b\u017eu.<\/li>\n<li>Uzraugiet e\u013c\u013cas l\u012bmeni un kvalit\u0101ti.<\/li>\n<li>Nodro\u0161iniet pareizu deta\u013cu izl\u012bdzin\u0101\u0161anu un nostiprin\u0101\u0161anu.<\/li>\n<li>Veiciet periodisku t\u012br\u012b\u0161anu un e\u013c\u013co\u0161anu.<\/li>\n<\/ul>\n<h2>Produkta uzst\u0101d\u012b\u0161anas rokasgr\u0101mata<\/h2>\n<p>Pareiza sviras cilindra uzst\u0101d\u012b\u0161ana ir b\u016btiska optim\u0101lai veiktsp\u0113jai. Veiciet \u0161\u012bs darb\u012bbas:<\/p>\n<ol>\n<li>P\u0101rliecinieties, vai iek\u0101rta ir izsl\u0113gta un novietota dro\u0161\u0101 viet\u0101.<\/li>\n<li>No\u0146emiet veco cilindru, ja t\u0101ds ir.<\/li>\n<li>P\u0101rbaudiet jauno sviras cilindru, vai nav boj\u0101jumu paz\u012bmju.<\/li>\n<li>Dro\u0161i piestipriniet cilindru pie nor\u0101d\u012btajiem stiprin\u0101juma punktiem.<\/li>\n<li>Pievienojiet hidraulisk\u0101s l\u012bnijas, nodro\u0161inot pareizu bl\u012bv\u0113jumu.<\/li>\n<li>Veiciet r\u016bp\u012bgu instal\u0101cijas p\u0101rbaudi.<\/li>\n<li>Iesl\u0113dziet apr\u012bkojumu un p\u0101rbaudiet sviras cilindra darb\u012bbu.<\/li>\n<\/ol>\n<p><img decoding=\"async\" src=\"https:\/\/www.hydraulic-cylinders.net\/wp-content\/uploads\/2025\/01\/songte-bushings-with-all-kinds-of-excavator-models.webp\" alt=\"Produkta att\u0113ls\"><\/p>\n<h2>Dro\u0161\u012bbas apsv\u0113rumi un vides faktori<\/h2>\n<p>Izmantojot rokas cilindru, dro\u0161\u012bbas pas\u0101kumi ir \u0101rk\u0101rt\u012bgi svar\u012bgi. Dro\u0161\u012bbas pas\u0101kumu iev\u0113ro\u0161ana nodro\u0161ina negad\u012bjumu nov\u0113r\u0161anu un person\u0101la un tehnikas aizsardz\u012bbu.<\/p>\n<h2>Probl\u0113mu nov\u0113r\u0161ana un bie\u017ei sastopamas probl\u0113mas<\/h2>\n<p>\u0160eit ir da\u017eas bie\u017ei sastopamas probl\u0113mas, kas var rasties ar sviru cilindriem:<\/p>\n<ul>\n<li>P\u0101rm\u0113r\u012bgs troksnis darb\u012bbas laik\u0101<\/li>\n<li>Neparastas vibr\u0101cijas<\/li>\n<li>L\u0113na vai saraust\u012bta kust\u012bba<\/li>\n<li>Hidraulisk\u0101 \u0161\u0137idruma nopl\u016bde<\/li>\n<li>Nepietiekams sp\u0113ks vai jauda<\/li>\n<\/ul>\n<p>Ja rodas probl\u0113mas ar sviras cilindru, iev\u0113rojiet \u0161os probl\u0113mu nov\u0113r\u0161anas padomus un risin\u0101jumus:<\/p>\n<ul>\n<li>P\u0101rbaudiet, vai nav va\u013c\u012bgu savienojumu, un, ja nepiecie\u0161ams, pievelciet.<\/li>\n<li>P\u0101rbaudiet bl\u012bves, vai t\u0101s nav nodilu\u0161as vai boj\u0101tas, un nomainiet, ja nepiecie\u0161ams.<\/li>\n<li>P\u0101rliecinieties, vai hidraulisk\u0101 \u0161\u0137idruma l\u012bmenis ir pietiekams un pareizas kvalit\u0101tes.<\/li>\n<li>Regul\u0101ri t\u012briet un iee\u013c\u013cojiet cilindra deta\u013cas.<\/li>\n<li>Ja probl\u0113ma joproj\u0101m past\u0101v, konsult\u0113jieties ar profesion\u0101lu tehni\u0137i.<\/li>\n<\/ul>\n<p><img decoding=\"async\" src=\"https:\/\/www.hydraulic-cylinders.net\/wp-content\/uploads\/2025\/01\/songte-chushion-collar.webp\" alt=\"Produkta att\u0113ls\"><\/p>\n<p>Atcerieties lo\u0123iski sak\u0101rtot rakstu, izmantot apak\u0161virsrakstus \u0113rtai navig\u0101cijai, iek\u013caut atbilsto\u0161us att\u0113lus vai diagrammas, lai uzlabotu izpratni, un nodro\u0161in\u0101t, lai saturs b\u016btu skaidrs, kodol\u012bgs un piem\u0113rots las\u012bt\u0101jiem ar da\u017e\u0101diem tehnisko zin\u0101\u0161anu l\u012bme\u0146iem.<\/p>\n<p><em>Autors: lil<\/em><\/p>\n<h2>Par m\u016bsu uz\u0146\u0113mumu<\/h2>\n<p>M\u0113s esam profesion\u0101ls rezerves hidraulisko cilindru ra\u017eot\u0101js, kas pied\u0101v\u0101 pla\u0161u produktu kl\u0101stu. Esam k\u013cuvu\u0161i par vienu no vado\u0161ajiem hidraulisko cilindru ra\u017eot\u0101jiem un vairumtirgot\u0101jiem gan viet\u0113j\u0101, gan starptautiskaj\u0101 tirg\u016b. Ap\u0146emoties sasniegt izcil\u012bbu, m\u0113s nep\u0101rtraukti uzlabojam savu tehnolo\u0123isko pieredzi un ra\u017eo\u0161anas efektivit\u0101ti, izmantojot pilnveidotus ra\u017eo\u0161anas procesus m\u016bsu modern\u0101kaj\u0101s darbn\u012bc\u0101s. Ievie\u0161ot modernu digit\u0101lo ra\u017eo\u0161anas apr\u012bkojumu un profesion\u0101las test\u0113\u0161anas sist\u0113mas, m\u0113s optimiz\u0113jam savu ra\u017eo\u0161anas platformu un uzlabojam produktu kvalit\u0101tes kontroles procesus, demonstr\u0113jot sp\u0113c\u012bgas inov\u0101ciju sp\u0113jas. M\u016bsu m\u0113r\u0137is ir apmierin\u0101t da\u017e\u0101das klientu vajadz\u012bbas, iev\u0113rojot efektivit\u0101tes, precizit\u0101tes un augstas kvalit\u0101tes principus.<\/p>\n<p><img decoding=\"async\" src=\"https:\/\/www.hydraulic-cylinders.net\/wp-content\/uploads\/2025\/01\/songte-company-4.webp\" alt=\"Uz\u0146\u0113muma t\u0113ls\"><br \/>\n<img decoding=\"async\" src=\"https:\/\/www.hydraulic-cylinders.net\/wp-content\/uploads\/2025\/01\/songte-company-3.webp\" alt=\"Uz\u0146\u0113muma t\u0113ls\"><\/p>\n<p>Turkl\u0101t m\u0113s lepojamies ar savu profesionalit\u0101ti, starptautiskajiem sertifik\u0101tiem, pas\u016bt\u012bjuma pakalpojumiem, ra\u017eo\u0161anas apr\u012bkojumu un p\u0113cp\u0101rdo\u0161anas atbalstu.<\/p>","protected":false},"excerpt":{"rendered":"<p>Arm Cylinder For XCMG Wheel Excavator XE150W Introduction The arm cylinder is a specially designed hydraulic cylinder that provides linear motion and power to the arms of various machinery, such as excavators, cranes, and robotic arms. The arm cylinder plays a crucial role in hydraulic systems, enabling the effective movement and control of additional tools [&hellip;]<\/p>","protected":false},"featured_media":14779,"comment_status":"open","ping_status":"closed","template":"","meta":{"_et_pb_use_builder":"","_et_pb_old_content":"","_et_gb_content_width":""},"product_brand":[],"product_cat":[1497],"product_tag":[1498,1496],"class_list":{"0":"post-16417","1":"product","2":"type-product","3":"status-publish","4":"has-post-thumbnail","6":"product_cat-arm-cylinders","7":"product_tag-arm-cylinders","8":"product_tag-hydraulic-cylinders","10":"first","11":"instock","12":"shipping-taxable","13":"product-type-simple"},"amp_enabled":true,"_links":{"self":[{"href":"https:\/\/www.hydraulic-cylinders.net\/lv\/wp-json\/wp\/v2\/product\/16417","targetHints":{"allow":["GET"]}}],"collection":[{"href":"https:\/\/www.hydraulic-cylinders.net\/lv\/wp-json\/wp\/v2\/product"}],"about":[{"href":"https:\/\/www.hydraulic-cylinders.net\/lv\/wp-json\/wp\/v2\/types\/product"}],"replies":[{"embeddable":true,"href":"https:\/\/www.hydraulic-cylinders.net\/lv\/wp-json\/wp\/v2\/comments?post=16417"}],"wp:featuredmedia":[{"embeddable":true,"href":"https:\/\/www.hydraulic-cylinders.net\/lv\/wp-json\/wp\/v2\/media\/14779"}],"wp:attachment":[{"href":"https:\/\/www.hydraulic-cylinders.net\/lv\/wp-json\/wp\/v2\/media?parent=16417"}],"wp:term":[{"taxonomy":"product_brand","embeddable":true,"href":"https:\/\/www.hydraulic-cylinders.net\/lv\/wp-json\/wp\/v2\/product_brand?post=16417"},{"taxonomy":"product_cat","embeddable":true,"href":"https:\/\/www.hydraulic-cylinders.net\/lv\/wp-json\/wp\/v2\/product_cat?post=16417"},{"taxonomy":"product_tag","embeddable":true,"href":"https:\/\/www.hydraulic-cylinders.net\/lv\/wp-json\/wp\/v2\/product_tag?post=16417"}],"curies":[{"name":"wp","href":"https:\/\/api.w.org\/{rel}","templated":true}]}}