{"id":16420,"date":"2025-01-20T09:14:05","date_gmt":"2025-01-20T09:14:05","guid":{"rendered":"https:\/\/www.hydraulic-cylinders.net\/product\/arm-cylinderfor-zoomlion-small-excavator-ze60e\/"},"modified":"2025-01-20T09:14:07","modified_gmt":"2025-01-20T09:14:07","slug":"arm-cylinderfor-zoomlion-small-excavator-ze60e","status":"publish","type":"product","link":"https:\/\/www.hydraulic-cylinders.net\/lv\/products\/arm-cylinderfor-zoomlion-small-excavator-ze60e\/","title":{"rendered":"Zoomlion maz\u0101 ekskavatora ZE60E rokas cilindrs"},"content":{"rendered":"<h2>Zoomlion maz\u0101 ekskavatora ZE60E rokas cilindrs<\/h2>\n<h3>Ievads<\/h3>\n<p>Sviras cilindrs ir \u012bpa\u0161i izstr\u0101d\u0101ts hidrauliskais cilindrs, ko galvenok\u0101rt izmanto, lai nodro\u0161in\u0101tu line\u0101ru kust\u012bbu un jaudu da\u017e\u0101du veidu ma\u0161\u012bnu, piem\u0113ram, ekskavatoru, celt\u0146u un robotiz\u0113tu roku, svirai. Tam ir galven\u0101 loma hidrauliskaj\u0101 sist\u0113m\u0101, \u013caujot efekt\u012bvi p\u0101rvietot un vad\u012bt papildu instrumentus vai stiprin\u0101jumus. \u0160ie cilindri ne tikai nodro\u0161ina vienm\u0113r\u012bgu kust\u012bbu, bet ar\u012b iztur lielas slodzes, nodro\u0161inot ma\u0161\u012bnas efekt\u012bvu darb\u012bbu un uzticam\u012bbu da\u017e\u0101dos ekspluat\u0101cijas apst\u0101k\u013cos.<\/p>\n<p><img decoding=\"async\" src=\"https:\/\/www.hydraulic-cylinders.net\/wp-content\/uploads\/2025\/01\/songte-company-2.webp\" alt=\"Sviras cilindra att\u0113ls\"><\/p>\n<h3>Funkcijas<\/h3>\n<ul>\n<li>Augstas efektivit\u0101tes jaudas p\u0101rvade: Sviras cilindrs nodro\u0161ina jaud\u012bgu line\u0101ru kust\u012bbu un sp\u0113ku, garant\u0113jot ma\u0161\u012bnas sviras efekt\u012bvu darb\u012bbu da\u017e\u0101d\u0101s darb\u012bb\u0101s.<\/li>\n<li>Prec\u012bza vad\u012bba: Sviras cilindrs var pan\u0101kt prec\u012bzu kust\u012bbas vad\u012bbu, izmantojot hidraulisko sist\u0113mu, padarot papildu instrumentu darb\u012bbu elast\u012bg\u0101ku un prec\u012bz\u0101ku.<\/li>\n<li>Iztur\u012bgs: Sviru cilindri parasti ir izgatavoti no augstas iztur\u012bbas materi\u0101liem, ar labu nodilumiztur\u012bbu un korozijas iztur\u012bbu, piem\u0113roti ilgsto\u0161ai lieto\u0161anai skarbos apst\u0101k\u013cos.<\/li>\n<li>Daudzfunkcion\u0101la piel\u0101go\u0161an\u0101s sp\u0113ja: \u0161os cilindrus var pla\u0161i izmantot da\u017e\u0101da veida ma\u0161\u012bn\u0101s, piem\u0113ram, ekskavatoros, celt\u0146os un robotiz\u0113t\u0101s rok\u0101s, piel\u0101gojoties da\u017e\u0101d\u0101m darba pras\u012bb\u0101m.<\/li>\n<li>Vienk\u0101r\u0161a apkope: Projekt\u0113jot \u0146emta v\u0113r\u0101 apkopes un nomai\u0146as vienk\u0101r\u0161\u012bba, padarot regul\u0101ru p\u0101rbaudi un apkopi \u0113rt\u0101ku un samazinot iek\u0101rtu d\u012bkst\u0101ves laiku.<\/li>\n<\/ul>\n<p>M\u0113s ra\u017eojam \u0161o produktu, un m\u016bsu produkti ir lieliski piem\u0113roti \u0161o hidraulisko cilindru nomai\u0146ai.<\/p>\n<p><img decoding=\"async\" src=\"https:\/\/www.hydraulic-cylinders.net\/wp-content\/uploads\/2025\/01\/songte-oil-pipes-and-spare-parts.webp\" alt=\"Rezerves da\u013cu att\u0113ls\"><\/p>\n<h3>Pieteikumi<\/h3>\n<ul>\n<li>B\u016bvniec\u012bbas in\u017eenierija: Ekskavatoros un celt\u0146os sviras cilindri tiek izmantoti, lai kontrol\u0113tu kausa vai str\u0113les kust\u012bbu zemes p\u0101rvieto\u0161anas, materi\u0101lu apstr\u0101des un konstrukciju uzst\u0101d\u012b\u0161anas darbos.<\/li>\n<li>Ra\u017eo\u0161ana: Automatiz\u0113t\u0101s ra\u017eo\u0161anas l\u012bnij\u0101s roku cilindri tiek izmantoti robotiz\u0113tu roku p\u0101rvieto\u0161anai, mont\u0101\u017eai, metin\u0101\u0161anai un materi\u0101lu apstr\u0101dei, uzlabojot ra\u017eo\u0161anas efektivit\u0101ti un precizit\u0101ti.<\/li>\n<li>Lauksaimniec\u012bbas tehnika: Lauksaimniec\u012bbas tehnik\u0101, piem\u0113ram, kombainos un s\u0113jma\u0161\u012bn\u0101s, sviru cilindri kontrol\u0113 vad\u012bbas sviru kust\u012bbu, veicot t\u0101dus uzdevumus k\u0101 s\u0113\u0161ana, m\u0113slo\u0161ana un ra\u017eas nov\u0101k\u0161ana.<\/li>\n<li>Kalnr\u016bpniec\u012bba: Kalnr\u016bpniec\u012bbas iek\u0101rt\u0101s sviru cilindri tiek izmantoti, lai kontrol\u0113tu kalnr\u016bpniec\u012bbas iek\u0101rtu sviru kust\u012bbu kalnr\u016bpniec\u012bb\u0101 un materi\u0101lu apstr\u0101d\u0113.<\/li>\n<li>Lo\u0123istika un transports: Iekr\u0101v\u0113jos un apstr\u0101des robotos roku cilindri tiek izmantoti, lai kontrol\u0113tu dak\u0161u pacel\u0161anu un kust\u012bbu materi\u0101lu apstr\u0101dei un krau\u0161anai.<\/li>\n<\/ul>\n<h3>Dizaina apsv\u0113rumi un atlases krit\u0113riji<\/h3>\n<ul>\n<li>Nestsp\u0113ja: Sviras cilindram j\u0101b\u016bt pietiekamam nestsp\u0113jai, lai iztur\u0113tu slodzi darb\u012bbas laik\u0101.<\/li>\n<li>Bl\u012bv\u0113jums: Lai nov\u0113rstu hidraulisk\u0101s e\u013c\u013cas nopl\u016bdi, j\u0101izmanto da\u017e\u0101di bl\u012bv\u0113\u0161anas komponenti, piem\u0113ram, virzu\u013ca bl\u012bvsl\u0113gi \u200b\u200bun stie\u0146a bl\u012bvsl\u0113gi.<\/li>\n<li>Iztur\u012bba: Sviru cilindri parasti ir pak\u013cauti skarbai videi, t\u0101p\u0113c tiem j\u0101b\u016bt izgatavotiem no augstas stipr\u012bbas materi\u0101liem ar labu nodilumiztur\u012bbu un korozijas iztur\u012bbu.<\/li>\n<li>Dro\u0161\u012bba: Projekt\u0113jot j\u0101\u0146em v\u0113r\u0101 operatora un citu iek\u0101rtu tuvum\u0101 str\u0101d\u0101jo\u0161o personu dro\u0161\u012bba.<\/li>\n<li>Apkope: Dizainam j\u0101b\u016bt lietot\u0101jam draudz\u012bgam un viegli kopjamam, ar \u0113rtu piek\u013cuvi komponentiem, lai tos nepiecie\u0161am\u012bbas gad\u012bjum\u0101 nomain\u012btu un remont\u0113tu.<\/li>\n<\/ul>\n<p><img decoding=\"async\" src=\"https:\/\/www.hydraulic-cylinders.net\/wp-content\/uploads\/2025\/01\/songte-cylinder-head-with-all-kinds-excavator-models.webp\" alt=\"Cilindra galvas att\u0113ls\"><\/p>\n<h3>Bl\u012bv\u0113\u0161ana un e\u013c\u013co\u0161ana<\/h3>\n<p>Lai nov\u0113rstu hidraulisk\u0101s e\u013c\u013cas nopl\u016bdi, j\u0101izmanto da\u017e\u0101di bl\u012bv\u0113\u0161anas komponenti, piem\u0113ram, virzu\u013ca bl\u012bvsl\u0113gi \u200b\u200bun stie\u0146a bl\u012bvsl\u0113gi. Bie\u017ei tiek izmantoti bl\u012bvsl\u0113gi, kas izgatavoti no nodilumiztur\u012bgiem materi\u0101liem, piem\u0113ram, poliuret\u0101na un nitrila gumijas. Cilindra korpuss un v\u012btnes gala virsma ir r\u016bp\u012bgi j\u0101apstr\u0101d\u0101, lai uzlabotu nodilumiztur\u012bbu. Regul\u0101ra e\u013c\u013co\u0161ana ar hidraulisko e\u013c\u013cu ir nepiecie\u0161ama, lai nodro\u0161in\u0101tu vienm\u0113r\u012bgu kust\u012bbu un pagarin\u0101tu cilindra kalpo\u0161anas laiku.<\/p>\n<h3>Apkope un remonts<\/h3>\n<ul>\n<li>Regul\u0101ri p\u0101rbaudiet cilindru, vai nav nodiluma vai boj\u0101jumu.<\/li>\n<li>P\u0113c nepiecie\u0161am\u012bbas nomainiet bl\u012bves un citas nolietot\u0101s deta\u013cas.<\/li>\n<li>P\u0101rliecinieties, ka hidraulisk\u0101 e\u013c\u013ca ir t\u012bra un atbilsto\u0161\u0101 l\u012bmen\u012b.<\/li>\n<li>Izjaucot un saliekot ier\u012bci atpaka\u013c, iev\u0113rojiet ra\u017eot\u0101ja nor\u0101d\u012bjumus.<\/li>\n<\/ul>\n<p><img decoding=\"async\" src=\"https:\/\/www.hydraulic-cylinders.net\/wp-content\/uploads\/2025\/01\/songte-chushion-collar.webp\" alt=\"\u010cusjona apkakles att\u0113ls\"><\/p>\n<h3>Instal\u0101cijas rokasgr\u0101mata<\/h3>\n<p>Pirms uzst\u0101d\u012b\u0161anas p\u0101rliecinieties, vai cilindrs un p\u0101r\u0113jais apr\u012bkojums ir t\u012brs un bez net\u012brumiem un gru\u017eiem. Veiciet \u0161\u012bs darb\u012bbas:<\/p>\n<ol>\n<li>Novietojiet cilindru pareizaj\u0101 poz\u012bcij\u0101 un nostipriniet to ar atbilsto\u0161iem stiprin\u0101juma kron\u0161teiniem vai tap\u0101m.<\/li>\n<li>Pareizi pievienojiet hidraulisk\u0101s \u0161\u013c\u016btenes un caurules saska\u0146\u0101 ar ra\u017eot\u0101ja nor\u0101d\u012bjumiem.<\/li>\n<li>Piepildiet hidraulisko sist\u0113mu ar ieteicamo hidraulisko e\u013c\u013cu un p\u0101rbaudiet, vai nav nopl\u016b\u017eu.<\/li>\n<li>P\u0101rbaudiet cilindru, lai p\u0101rliecin\u0101tos, ka tas darbojas pareizi un vienm\u0113r\u012bgi.<\/li>\n<\/ol>\n<h3>Dro\u0161\u012bbas apsv\u0113rumi un vides faktori<\/h3>\n<p>Izmantojot rokas cilindru, ir svar\u012bgi iev\u0113rot dro\u0161\u012bbas proced\u016bras, lai nov\u0113rstu negad\u012bjumus un traumas. Ir svar\u012bgi ar\u012b \u0146emt v\u0113r\u0101 hidraulisk\u0101 apr\u012bkojuma lieto\u0161anas ietekmi uz vidi un veikt pas\u0101kumus, lai to samazin\u0101tu l\u012bdz minimumam.<\/p>\n<h3>Probl\u0113mu nov\u0113r\u0161ana un bie\u017ei sastopamas probl\u0113mas<\/h3>\n<p>Bie\u017ei sastopamas probl\u0113mas ar sviras cilindriem ir nopl\u016bde, nepietiekama jauda un nevienm\u0113r\u012bga kust\u012bba. Lai diagnostic\u0113tu un nov\u0113rstu \u0161\u012bs probl\u0113mas, veiciet t\u0101l\u0101k nor\u0101d\u012bt\u0101s darb\u012bbas.<\/p>\n<ol>\n<li>P\u0101rbaudiet, vai bl\u012bves un citas sast\u0101vda\u013cas nav boj\u0101tas vai nodilu\u0161as.<\/li>\n<li>Nodro\u0161iniet atbilsto\u0161u hidraulisk\u0101 \u0161\u0137idruma l\u012bmeni un p\u0101rbaudiet, vai nav pies\u0101r\u0146ojuma.<\/li>\n<li>P\u0101rbaudiet cilindru, vai nav boj\u0101jumu vai nepareizas izl\u012bdzin\u0101\u0161anas.<\/li>\n<li>P\u0101rbaudiet hidraulisk\u0101s \u0161\u013c\u016btenes un caurules, vai nav boj\u0101jumu, aizsprostojumu vai citu probl\u0113mu.<\/li>\n<\/ol>\n<p>Lai nov\u0113rstu probl\u0113mas, ir svar\u012bgi regul\u0101ri veikt sviras cilindra un cita hidraulisk\u0101 apr\u012bkojuma apkopi un p\u0101rbaudi.<\/p>\n<p><img decoding=\"async\" src=\"https:\/\/www.hydraulic-cylinders.net\/wp-content\/uploads\/2025\/01\/songte-bushings-with-all-kinds-of-excavator-models.webp\" alt=\"Bukses att\u0113ls\"><\/p>\n<h3>Par mums<\/h3>\n<p>M\u0113s esam profesion\u0101ls rezerves hidraulisko cilindru ra\u017eot\u0101js, kas pied\u0101v\u0101 pla\u0161u produktu kl\u0101stu. Esam k\u013cuvu\u0161i par vienu no vado\u0161ajiem hidraulisko cilindru ra\u017eot\u0101jiem un vairumtirdzniec\u012bbas izplat\u012bt\u0101jiem viet\u0113j\u0101 un starptautiskaj\u0101 tirg\u016b. M\u0113s vienm\u0113r iev\u0113rojam izcilas kvalit\u0101tes principu, pa\u013caujoties uz m\u016bsu industrializ\u0113to ra\u017eo\u0161anas vad\u012bbas strat\u0113\u0123iju pilnveidot\u0101 ra\u017eo\u0161anas ceh\u0101, lai nep\u0101rtraukti uzlabotu savu tehnisko l\u012bmeni un ra\u017eo\u0161anas efektivit\u0101ti. M\u016bsu m\u0113r\u0137is ir apmierin\u0101t m\u016bsu klientu da\u017e\u0101d\u0101s vajadz\u012bbas, iev\u0113rojot augstu efektivit\u0101ti, precizit\u0101ti un augstas kvalit\u0101tes principus.<\/p>\n<h3>M\u016bsu pakalpojumi<\/h3>\n<ul>\n<li>Profesionalit\u0101te: Mums ir kvalific\u0113tu speci\u0101listu komanda ar pla\u0161u pieredzi hidraulisko cilindru nozar\u0113.<\/li>\n<li>Starptautisk\u0101 sertifik\u0101cija: M\u016bsu produkti ir iztur\u0113ju\u0161i ISO9001, CE un citus starptautiskus sertifik\u0101tus, kas nodro\u0161ina to kvalit\u0101ti un dro\u0161\u012bbu.<\/li>\n<li>Piel\u0101go\u0161ana: M\u0113s pied\u0101v\u0101jam piel\u0101go\u0161anas pakalpojumus, lai apmierin\u0101tu m\u016bsu klientu \u012bpa\u0161\u0101s vajadz\u012bbas.<\/li>\n<li>Ra\u017eo\u0161anas iek\u0101rtas: M\u0113s izmantojam modernu digit\u0101lo ra\u017eo\u0161anas apr\u012bkojumu un profesion\u0101las test\u0113\u0161anas sist\u0113mas, lai optimiz\u0113tu m\u016bsu ra\u017eo\u0161anas platformu un uzlabotu produktu kvalit\u0101tes kontroles procesus.<\/li>\n<li>P\u0113cp\u0101rdo\u0161anas serviss: M\u0113s nodro\u0161in\u0101m visaptvero\u0161u un savlaic\u012bgu p\u0113cp\u0101rdo\u0161anas servisu, lai nodro\u0161in\u0101tu klientu apmierin\u0101t\u012bbu.<\/li>\n<\/ul>\n<p><img decoding=\"async\" src=\"https:\/\/www.hydraulic-cylinders.net\/wp-content\/uploads\/2025\/01\/songte-company-4.webp\" alt=\"Uz\u0146\u0113muma t\u0113ls\"><br \/>\n<img decoding=\"async\" src=\"https:\/\/www.hydraulic-cylinders.net\/wp-content\/uploads\/2025\/01\/songte-company-3.webp\" alt=\"Uz\u0146\u0113muma t\u0113ls\"><\/p>\n<p>Autors: lil<\/p>","protected":false},"excerpt":{"rendered":"<p>Arm Cylinder for Zoomlion Small Excavator ZE60E Introduction The arm cylinder is a specifically designed hydraulic cylinder primarily used to provide linear motion and power to the arm of various types of machinery such as excavators, cranes, and robotic arms. It plays a key role in the hydraulic system, enabling additional tools or attachments to [&hellip;]<\/p>","protected":false},"featured_media":14772,"comment_status":"open","ping_status":"closed","template":"","meta":{"_et_pb_use_builder":"","_et_pb_old_content":"","_et_gb_content_width":""},"product_brand":[],"product_cat":[1497],"product_tag":[1498,1496],"class_list":{"0":"post-16420","1":"product","2":"type-product","3":"status-publish","4":"has-post-thumbnail","6":"product_cat-arm-cylinders","7":"product_tag-arm-cylinders","8":"product_tag-hydraulic-cylinders","10":"first","11":"instock","12":"shipping-taxable","13":"product-type-simple"},"amp_enabled":true,"_links":{"self":[{"href":"https:\/\/www.hydraulic-cylinders.net\/lv\/wp-json\/wp\/v2\/product\/16420","targetHints":{"allow":["GET"]}}],"collection":[{"href":"https:\/\/www.hydraulic-cylinders.net\/lv\/wp-json\/wp\/v2\/product"}],"about":[{"href":"https:\/\/www.hydraulic-cylinders.net\/lv\/wp-json\/wp\/v2\/types\/product"}],"replies":[{"embeddable":true,"href":"https:\/\/www.hydraulic-cylinders.net\/lv\/wp-json\/wp\/v2\/comments?post=16420"}],"wp:featuredmedia":[{"embeddable":true,"href":"https:\/\/www.hydraulic-cylinders.net\/lv\/wp-json\/wp\/v2\/media\/14772"}],"wp:attachment":[{"href":"https:\/\/www.hydraulic-cylinders.net\/lv\/wp-json\/wp\/v2\/media?parent=16420"}],"wp:term":[{"taxonomy":"product_brand","embeddable":true,"href":"https:\/\/www.hydraulic-cylinders.net\/lv\/wp-json\/wp\/v2\/product_brand?post=16420"},{"taxonomy":"product_cat","embeddable":true,"href":"https:\/\/www.hydraulic-cylinders.net\/lv\/wp-json\/wp\/v2\/product_cat?post=16420"},{"taxonomy":"product_tag","embeddable":true,"href":"https:\/\/www.hydraulic-cylinders.net\/lv\/wp-json\/wp\/v2\/product_tag?post=16420"}],"curies":[{"name":"wp","href":"https:\/\/api.w.org\/{rel}","templated":true}]}}