{"id":16430,"date":"2025-01-20T09:14:59","date_gmt":"2025-01-20T09:14:59","guid":{"rendered":"https:\/\/www.hydraulic-cylinders.net\/product\/arm-cylinderfor-zoomlion-middle-excavator-ze210e-9\/"},"modified":"2025-01-20T09:15:02","modified_gmt":"2025-01-20T09:15:02","slug":"arm-cylinderfor-zoomlion-middle-excavator-ze210e-9","status":"publish","type":"product","link":"https:\/\/www.hydraulic-cylinders.net\/lv\/products\/arm-cylinderfor-zoomlion-middle-excavator-ze210e-9\/","title":{"rendered":"Zoomlion vid\u0113j\u0101 ekskavatora ZE210E-9 rokas cilindrs"},"content":{"rendered":"<p>Zoomlion vid\u0113j\u0101 ekskavatora ZE210E-9 rokas cilindrs<\/p>\n<p>Sviras cilindrs ir speci\u0101li izstr\u0101d\u0101ts hidrauliskais cilindrs, kas nodro\u0161ina line\u0101ru kust\u012bbu un jaudu da\u017e\u0101du veidu ma\u0161\u012bnu, piem\u0113ram, ekskavatoru, celt\u0146u un robotiz\u0113tu roku, svir\u0101m. Sviras cilindram ir iz\u0161\u0137iro\u0161a noz\u012bme hidrauliskaj\u0101 sist\u0113m\u0101, nodro\u0161inot efekt\u012bvu agreg\u0101tu un piederumu kust\u012bbu un vad\u012bbu. \u0160ie cilindri ne tikai nodro\u0161ina vienm\u0113r\u012bgu kust\u012bbu, bet ar\u012b iztur lielas slodzes, garant\u0113jot ma\u0161\u012bnu augstu efektivit\u0101ti un uzticam\u012bbu da\u017e\u0101dos ekspluat\u0101cijas apst\u0101k\u013cos.<\/p>\n<p>Funkcijas:<\/p>\n<p>1. Augstas efektivit\u0101tes transmisija: Sviras cilindri nodro\u0161ina jaud\u012bgu line\u0101ru kust\u012bbu un sp\u0113ku, garant\u0113jot augstu efektivit\u0101ti da\u017e\u0101d\u0101s darb\u012bb\u0101s.<\/p>\n<p>2. Prec\u012bza vad\u012bba: Sviru cilindri var pan\u0101kt prec\u012bzu kust\u012bbas vad\u012bbu, izmantojot hidraulisko sist\u0113mu, nodro\u0161inot elast\u012bg\u0101k un prec\u012bz\u0101ku agreg\u0101tu darb\u012bbu.<\/p>\n<p>3. Sp\u0113c\u012bga iztur\u012bba: Roku cilindri parasti ir izgatavoti no augstas iztur\u012bbas materi\u0101liem, kuriem ir laba nodilumiztur\u012bba un iztur\u012bba pret koroziju, kas ir piem\u0113roti ilgsto\u0161ai lieto\u0161anai skarbos apst\u0101k\u013cos.<\/p>\n<p>4. Daudzfunkcion\u0101la piel\u0101go\u0161an\u0101s sp\u0113ja: \u0161os cilindrus var pla\u0161i izmantot da\u017e\u0101d\u0101s meh\u0101nisk\u0101s iek\u0101rt\u0101s, piem\u0113ram, ekskavatoros, celt\u0146os un robotiz\u0113t\u0101s rok\u0101s, lai apmierin\u0101tu da\u017e\u0101das darba vajadz\u012bbas.<\/p>\n<p>5. Vienk\u0101r\u0161a apkope: Dizains ir veidots, lai nodro\u0161in\u0101tu vienk\u0101r\u0161u apkopi un nomai\u0146u, padarot regul\u0101ras p\u0101rbaudes un apkopi \u0113rt\u0101ku, samazinot iek\u0101rtu d\u012bkst\u0101ves laiku.<\/p>\n<p>Lietojumi:<\/p>\n<p>1. B\u016bvniec\u012bbas in\u017eenierija: Sviru cilindrus izmanto, lai kontrol\u0113tu kausu vai str\u0113les kust\u012bbu ekskavatoros un celt\u0146os, zemes darbos, materi\u0101lu apstr\u0101d\u0113 un konstrukciju uzst\u0101d\u012b\u0161an\u0101.<\/p>\n<p>2. Ra\u017eo\u0161ana: Roku cilindri tiek izmantoti robotiz\u0113tu roku p\u0101rvieto\u0161anai automatiz\u0113t\u0101s ra\u017eo\u0161anas l\u012bnij\u0101s, mont\u0101\u017eas, metin\u0101\u0161anas un materi\u0101lu apstr\u0101des procesos, uzlabojot ra\u017eo\u0161anas efektivit\u0101ti un precizit\u0101ti.<\/p>\n<p>3. Lauksaimniec\u012bbas tehnika: Sviru cilindri tiek izmantoti, lai kontrol\u0113tu vad\u012bbas sviru kust\u012bbu lauksaimniec\u012bbas tehnik\u0101, piem\u0113ram, kombainos un s\u0113jma\u0161\u012bn\u0101s, t\u0101diem uzdevumiem k\u0101 s\u0113\u0161ana, m\u0113slo\u0161ana un ra\u017eas nov\u0101k\u0161ana.<\/p>\n<p>4. Kalnr\u016bpniec\u012bba: Sviru cilindrus izmanto, lai kontrol\u0113tu kalnr\u016bpniec\u012bbas iek\u0101rtu sviru kust\u012bbu miner\u0101lu ieguvei un transport\u0113\u0161anai.<\/p>\n<p>5. Lo\u0123istika un transport\u0113\u0161ana: Roku cilindri tiek izmantoti, lai kontrol\u0113tu dak\u0161u pacel\u0161anu un kust\u012bbu iekr\u0101v\u0113jos un apstr\u0101des robotos, materi\u0101lu apstr\u0101dei un krau\u0161anai.<\/p>\n<p>Dizaina apsv\u0113rumi un atlases krit\u0113riji:<\/p>\n<p>1. Nestsp\u0113ja: Sviras cilindram j\u0101sp\u0113j iztur\u0113t konkr\u0113tajam pielietojumam nepiecie\u0161amo slodzi.<\/p>\n<p>2. Bl\u012bv\u0113jums: Sviras cilindram j\u0101b\u016bt apr\u012bkotam ar piem\u0113rot\u0101m bl\u012bv\u0113\u0161anas ier\u012bc\u0113m, piem\u0113ram, virzu\u013ca bl\u012bv\u0113m un stie\u0146a bl\u012bv\u0113m, lai nov\u0113rstu \u0161\u0137idruma nopl\u016bdi.<\/p>\n<p>3. Iztur\u012bba: Sviras cilindra materi\u0101li un virsmas apstr\u0101de j\u0101izv\u0113las t\u0101, lai nodro\u0161in\u0101tu labu nodilumiztur\u012bbu un korozijas iztur\u012bbu.<\/p>\n<p>4. Dro\u0161\u012bba: Sviras cilindram j\u0101b\u016bt konstru\u0113tam t\u0101, lai nov\u0113rstu negad\u012bjumus un nodro\u0161in\u0101tu dro\u0161u darb\u012bbu.<\/p>\n<p>5. Apkope: Sviras cilindram j\u0101b\u016bt konstru\u0113tam t\u0101, lai to b\u016btu viegli apkopt un remont\u0113t.<\/p>\n<p>Bl\u012bv\u0113\u0161ana un e\u013c\u013co\u0161ana:<\/p>\n<p>Sviru cilindros tiek izmantoti da\u017e\u0101di bl\u012bv\u0113\u0161anas komponenti, piem\u0113ram, virzu\u013ca bl\u012bvsl\u0113gi \u200b\u200bun stie\u0146a bl\u012bvsl\u0113gi, lai nov\u0113rstu \u0161\u0137idruma nopl\u016bdi. Cilindra korpuss un v\u012bt\u0146ot\u0101s gala virsmas ir smalki apstr\u0101d\u0101tas, lai uzlabotu nodilumiztur\u012bbu, un ir nepiecie\u0161ama regul\u0101ra e\u013c\u013co\u0161ana ar piem\u0113rotu hidraulisko e\u013c\u013cu.<\/p>\n<p>Instal\u0113\u0161anas rokasgr\u0101mata:<\/p>\n<p>1. Izv\u0113lieties atbilsto\u0161o sviras cilindru atbilsto\u0161i konkr\u0113taj\u0101m lieto\u0161anas pras\u012bb\u0101m.<\/p>\n<p>2. Install the arm cylinder according to the manufacturer&#8217;s instructions, ensuring that all mounting bolts and nuts are tightened.<\/p>\n<p>3. Pievienojiet sviras cilindru hidrauliskajai sist\u0113mai, nodro\u0161inot pareizu \u0161\u0137idruma pl\u016bsmu un spiedienu.<\/p>\n<p>Dro\u0161\u012bbas apsv\u0113rumi un vides faktori:<\/p>\n<p>It is essential to pay attention to safety when using the arm cylinder, such as avoiding overloading and ensuring the hydraulic system&#8217;s correct operation. Environmental factors such as temperature and moisture should also be considered in the selection and use of the arm cylinder.<\/p>\n<p>K\u013c\u016bmju diagnostika un probl\u0113mu nov\u0113r\u0161ana:<\/p>\n<p>Bie\u017ei sastopamas probl\u0113mas ar sviras cilindriem ir \u0161\u0137idruma nopl\u016bde, nepietiekams sp\u0113ks un neparasts troksnis. Regul\u0101ras p\u0101rbaudes un apkope var pal\u012bdz\u0113t nov\u0113rst \u0161\u012bs probl\u0113mas. Ja rodas \u0161\u0101das probl\u0113mas, nekav\u0113joties j\u0101nosaka c\u0113lonis un j\u0101veic atbilsto\u0161i pas\u0101kumi, lai t\u0101s nov\u0113rstu.<\/p>\n<p>Uz\u0146\u0113muma ievads:<\/p>\n<p>We are a professional manufacturer of replacement hydraulic cylinders, offering a wide range of products and becoming one of the leading hydraulic cylinder manufacturers and wholesale distributors in the domestic and foreign markets. We always adhere to the principle of excellent quality, and rely on the industrial production management strategy of fine manufacturing workshop to continuously improve our technical level and production efficiency. Through the introduction of high-end digital manufacturing equipment and professional testing systems, we continuously optimize our manufacturing platform, improve product quality control processes, and have strong innovation capabilities. Our goal is to meet customers&#8217; diverse needs with high efficiency, precision, and high-quality principles.<\/p>\n<p>M\u0113s lepojamies ar savu profesionalit\u0101ti, starptautiskajiem sertifik\u0101tiem, piel\u0101gotajiem pakalpojumiem, modernu ra\u017eo\u0161anas apr\u012bkojumu un izcilu p\u0113cp\u0101rdo\u0161anas apkalpo\u0161anu.<\/p>\n<p>Autors: lil<\/p>","protected":false},"excerpt":{"rendered":"<p>Arm Cylinder for Zoomlion Middle Excavator ZE210E-9 Arm cylinder is a specially designed hydraulic cylinder that provides linear motion and power to the arms of various types of machinery, such as excavators, cranes, and robotic arms. The arm cylinder plays a crucial role in the hydraulic system, enabling the efficient movement and control of attachments [&hellip;]<\/p>","protected":false},"featured_media":14772,"comment_status":"open","ping_status":"closed","template":"","meta":{"_et_pb_use_builder":"","_et_pb_old_content":"","_et_gb_content_width":""},"product_brand":[],"product_cat":[1497],"product_tag":[1498,1496],"class_list":{"0":"post-16430","1":"product","2":"type-product","3":"status-publish","4":"has-post-thumbnail","6":"product_cat-arm-cylinders","7":"product_tag-arm-cylinders","8":"product_tag-hydraulic-cylinders","10":"first","11":"instock","12":"shipping-taxable","13":"product-type-simple"},"amp_enabled":true,"_links":{"self":[{"href":"https:\/\/www.hydraulic-cylinders.net\/lv\/wp-json\/wp\/v2\/product\/16430","targetHints":{"allow":["GET"]}}],"collection":[{"href":"https:\/\/www.hydraulic-cylinders.net\/lv\/wp-json\/wp\/v2\/product"}],"about":[{"href":"https:\/\/www.hydraulic-cylinders.net\/lv\/wp-json\/wp\/v2\/types\/product"}],"replies":[{"embeddable":true,"href":"https:\/\/www.hydraulic-cylinders.net\/lv\/wp-json\/wp\/v2\/comments?post=16430"}],"wp:featuredmedia":[{"embeddable":true,"href":"https:\/\/www.hydraulic-cylinders.net\/lv\/wp-json\/wp\/v2\/media\/14772"}],"wp:attachment":[{"href":"https:\/\/www.hydraulic-cylinders.net\/lv\/wp-json\/wp\/v2\/media?parent=16430"}],"wp:term":[{"taxonomy":"product_brand","embeddable":true,"href":"https:\/\/www.hydraulic-cylinders.net\/lv\/wp-json\/wp\/v2\/product_brand?post=16430"},{"taxonomy":"product_cat","embeddable":true,"href":"https:\/\/www.hydraulic-cylinders.net\/lv\/wp-json\/wp\/v2\/product_cat?post=16430"},{"taxonomy":"product_tag","embeddable":true,"href":"https:\/\/www.hydraulic-cylinders.net\/lv\/wp-json\/wp\/v2\/product_tag?post=16430"}],"curies":[{"name":"wp","href":"https:\/\/api.w.org\/{rel}","templated":true}]}}