{"id":16434,"date":"2025-01-20T09:15:17","date_gmt":"2025-01-20T09:15:17","guid":{"rendered":"https:\/\/www.hydraulic-cylinders.net\/product\/arm-cylinderfor-zoomlion-large-excavator-ze520e\/"},"modified":"2025-01-20T09:15:19","modified_gmt":"2025-01-20T09:15:19","slug":"arm-cylinderfor-zoomlion-large-excavator-ze520e","status":"publish","type":"product","link":"https:\/\/www.hydraulic-cylinders.net\/lv\/products\/arm-cylinderfor-zoomlion-large-excavator-ze520e\/","title":{"rendered":"Zoomlion lielajam ekskavatoram ZE520E paredz\u0113tais rokas cilindrs"},"content":{"rendered":"<p>Zoomlion liela ekskavatora ZE520E rokas cilindrs<\/p>\n<p>Sviras cilindrs ir speci\u0101li izstr\u0101d\u0101ts hidrauliskais cilindrs, kas nodro\u0161ina line\u0101ru kust\u012bbu un jaudu da\u017e\u0101du veidu ma\u0161\u012bnu, piem\u0113ram, ekskavatoru, celt\u0146u un meh\u0101nisko sviru, svir\u0101m. Sviras cilindram ir galven\u0101 loma hidrauliskaj\u0101 sist\u0113m\u0101, \u013caujot pievienotajiem instrumentiem vai stiprin\u0101jumiem efekt\u012bvi p\u0101rvietoties un tos vad\u012bt. \u0160ie cilindri ne tikai nodro\u0161ina vienm\u0113r\u012bgu kust\u012bbu, bet ar\u012b iztur lielas slodzes, garant\u0113jot augstu ma\u0161\u012bnu efektivit\u0101ti un uzticam\u012bbu da\u017e\u0101dos ekspluat\u0101cijas apst\u0101k\u013cos.<\/p>\n<p>Defin\u012bcija un skaidrojums<\/p>\n<p>Sviras cilindrs ir kritiski svar\u012bga hidraulisko sist\u0113mu sast\u0101vda\u013ca, kas nodro\u0161ina jaudu smago ma\u0161\u012bnu sviras p\u0101rvieto\u0161anai. Cilindrs ir izgatavots no augstas iztur\u012bbas materi\u0101liem, lai nodro\u0161in\u0101tu, ka tas var darboties skarbos apst\u0101k\u013cos ilgsto\u0161i. Cilindrs sast\u0101v no virzu\u013ca, kas p\u0101rvietojas cilindra urbum\u0101, p\u0101rveidojot hidraulisko ener\u0123iju line\u0101r\u0101 kust\u012bb\u0101. Cilindram ir ar\u012b hidrauliskais ports \u0161\u0137idruma iepl\u016bdei un hidrauliskais ports \u0161\u0137idruma atgrie\u0161anai.<\/p>\n<p>Funkcijas<\/p>\n<p>T\u0101l\u0101k ir nor\u0101d\u012btas da\u017eas no rokas cilindru galvenaj\u0101m iez\u012bm\u0113m:<\/p>\n<p>1. Augstas efektivit\u0101tes transmisija: Sviru cilindri nodro\u0161ina jaud\u012bgu line\u0101ru kust\u012bbu un sp\u0113ku, garant\u0113jot meh\u0101nisko sviru augstu darb\u012bbas efektivit\u0101ti da\u017e\u0101d\u0101s darb\u012bb\u0101s.<\/p>\n<p>2. Prec\u012bza vad\u012bba: Sviru cilindri var pan\u0101kt prec\u012bzu kust\u012bbas vad\u012bbu, izmantojot hidraulisko sist\u0113mu, padarot papildu instrumentu darb\u012bbu elast\u012bg\u0101ku un prec\u012bz\u0101ku.<\/p>\n<p>3. Augsta iztur\u012bba: Sviru cilindri parasti ir izgatavoti no augstas iztur\u012bbas materi\u0101liem, kuriem ir lieliska nodilumiztur\u012bba un iztur\u012bba pret koroziju. Tie ir piem\u0113roti ilgsto\u0161ai lieto\u0161anai skarbos apst\u0101k\u013cos.<\/p>\n<p>4. Daudzfunkcion\u0101la piel\u0101go\u0161an\u0101s sp\u0113ja: \u0161os cilindrus var pla\u0161i izmantot da\u017e\u0101d\u0101s ma\u0161\u012bn\u0101s, piem\u0113ram, ekskavatoros, celt\u0146os un meh\u0101niskaj\u0101s svir\u0101s, lai piel\u0101gotos da\u017e\u0101d\u0101m darba pras\u012bb\u0101m.<\/p>\n<p>5. Vienk\u0101r\u0161a apkope: Sviras cilindra konstrukcija nodro\u0161ina \u0113rtu apkopi un nomai\u0146u, padarot regul\u0101ru p\u0101rbaudi un apkopi \u0113rt\u0101ku un samazinot iek\u0101rtu d\u012bkst\u0101ves laiku.<\/p>\n<p>Ra\u017eo\u0161ana<\/p>\n<p>M\u016bsu uz\u0146\u0113mums var ra\u017eot augstas kvalit\u0101tes sviras cilindrus, kas var aizst\u0101t citus hidrauliskos cilindrus. Mums ir iesp\u0113jas ra\u017eot pla\u0161u cilindru kl\u0101stu, kas ir piem\u0113roti da\u017e\u0101da veida ma\u0161\u012bn\u0101m. M\u016bsu produkti ir iztur\u0113ju\u0161i stingru kvalit\u0101tes kontroli, lai nodro\u0161in\u0101tu augstu veiktsp\u0113ju un uzticam\u012bbu. <\/p>\n<p>Pieteikumi<\/p>\n<p>Sviru cilindriem ir da\u017e\u0101di pielietojumi, tostarp, bet ne tikai:<\/p>\n<p>1. B\u016bvniec\u012bbas in\u017eenierija: Ekskavatoros un celt\u0146os str\u0113les cilindri tiek izmantoti, lai kontrol\u0113tu kausu vai celt\u0146a str\u0113les kust\u012bbu zemes darbos, materi\u0101lu apstr\u0101d\u0113 un konstrukciju uzst\u0101d\u012b\u0161an\u0101.<\/p>\n<p>2. Ra\u017eo\u0161ana: Automatiz\u0113t\u0101s ra\u017eo\u0161anas l\u012bnij\u0101s roku cilindri kontrol\u0113 meh\u0101nisko roku kust\u012bbu mont\u0101\u017eas, metin\u0101\u0161anas un apstr\u0101des procesos, uzlabojot ra\u017eo\u0161anas efektivit\u0101ti un precizit\u0101ti.<\/p>\n<p>3. Lauksaimniec\u012bbas tehnika: Lauksaimniec\u012bbas tehnik\u0101, piem\u0113ram, kombainos un s\u0113jma\u0161\u012bn\u0101s, sviru cilindri kontrol\u0113 vad\u012bbas sviru kust\u012bbu t\u0101diem uzdevumiem k\u0101 s\u0113\u0161ana, m\u0113slo\u0161ana un ra\u017eas nov\u0101k\u0161ana.<\/p>\n<p>4. Kalnr\u016bpniec\u012bba: Kalnr\u016bpniec\u012bbas iek\u0101rt\u0101s sviru cilindri tiek izmantoti, lai kontrol\u0113tu kalnr\u016bpniec\u012bbas iek\u0101rtu kust\u012bbu r\u016bdas ieguvei un apstr\u0101dei.<\/p>\n<p>5. Lo\u0123istika un transport\u0113\u0161ana: Iekr\u0101v\u0113jos un apstr\u0101des robotos kravas cel\u0161anas un p\u0101rvieto\u0161anas vad\u012bbai tiek izmantoti roku cilindri, kas \u013cauj apstr\u0101d\u0101t un sakrauj materi\u0101lus.<\/p>\n<p>Projekt\u0113\u0161anas apsv\u0113rumi un atlases standarti<\/p>\n<p>T\u0101l\u0101k ir sniegti da\u017ei sviru cilindru konstrukcijas apsv\u0113rumi un izv\u0113les standarti:<\/p>\n<p>1. Kravnes\u012bba: Sviru cilindriem j\u0101b\u016bt konstru\u0113tiem t\u0101, lai tie iztur\u0113tu slodzes, kas tiem tiek rad\u012btas darb\u012bbas laik\u0101.<\/p>\n<p>2. Bl\u012bv\u0113jums: Sviras cilindra bl\u012bv\u0113jums ir b\u016btisks, lai nov\u0113rstu \u0161\u0137idruma nopl\u016bdi un uztur\u0113tu pareizu spiediena l\u012bmeni.<\/p>\n<p>3. Iztur\u012bba: Sviru cilindriem j\u0101b\u016bt izgatavotiem no augstas iztur\u012bbas materi\u0101liem, lai nodro\u0161in\u0101tu ilgu kalpo\u0161anas laiku un iztur\u012bbu pret nodilumu un koroziju.<\/p>\n<p>4. Dro\u0161\u012bba: Sviru cilindriem j\u0101b\u016bt konstru\u0113tiem, \u0146emot v\u0113r\u0101 dro\u0161\u012bbu, piem\u0113ram, iek\u013caujot dro\u0161\u012bbas v\u0101rstus, lai nov\u0113rstu p\u0101rm\u0113r\u012bgu spiediena palielin\u0101\u0161anos.<\/p>\n<p>5. Apkope: Sviru cilindriem j\u0101b\u016bt viegli kopjamiem un remont\u0113jamiem, ar viegli pieejam\u0101m deta\u013c\u0101m nomai\u0146ai un regul\u0101rai p\u0101rbaudei.<\/p>\n<p>Bl\u012bv\u0113\u0161ana un e\u013c\u013co\u0161ana<\/p>\n<p>Sviru cilindros tiek izmantoti da\u017e\u0101di bl\u012bv\u0113\u0161anas komponenti, tostarp virzu\u013ca bl\u012bvgredzeni, stie\u0146a bl\u012bvgredzeni un stie\u0146a t\u012br\u012bt\u0101ja bl\u012bves. \u0160\u012bs bl\u012bves parasti ir izgatavotas no poliuret\u0101na vai nitrila gumijas, kas ir nodilumiztur\u012bgi materi\u0101li, kas var iztur\u0113t hidraulisk\u0101s e\u013c\u013cas un augstspiediena iedarb\u012bbu. Cilindra urbums un stie\u0146a virsma parasti tiek apstr\u0101d\u0101ta, lai uzlabotu nodilumiztur\u012bbu, un regul\u0101ra e\u013c\u013co\u0161ana ar hidraulisko e\u013c\u013cu ir nepiecie\u0161ama, lai nodro\u0161in\u0101tu vienm\u0113r\u012bgu darb\u012bbu.<\/p>\n<p>Apkope un piesardz\u012bbas pas\u0101kumi<\/p>\n<p>Lai nodro\u0161in\u0101tu optim\u0101lu veiktsp\u0113ju, ir svar\u012bgi veikt regul\u0101ras sviru cilindru p\u0101rbaudes un profilaktisko apkopi. T\u0101l\u0101k ir nor\u0101d\u012bti da\u017ei prevent\u012bvie pas\u0101kumi:<\/p>\n<p>1. Regul\u0101ra cilindra p\u0101rbaude, vai nav nodiluma vai boj\u0101jumu paz\u012bmju.<\/p>\n<p>2. Nodilu\u0161u vai boj\u0101tu bl\u012bv\u0113jumu nomai\u0146a, lai nov\u0113rstu \u0161\u0137idruma nopl\u016bdi.<\/p>\n<p>3. Hidraulisk\u0101 \u0161\u0137idruma l\u012bme\u0146a un kvalit\u0101tes p\u0101rbaude un nepiecie\u0161am\u012bbas gad\u012bjum\u0101 nomai\u0146a.<\/p>\n<p>Instal\u0101cijas rokasgr\u0101mata<\/p>\n<p>Sviru cilindru uzst\u0101d\u012b\u0161ana prasa r\u016bp\u012bgu uzman\u012bbu deta\u013c\u0101m un dro\u0161\u012bbas protokolu iev\u0113ro\u0161anu. T\u0101l\u0101k ir sniegti da\u017ei uzst\u0101d\u012b\u0161anas nor\u0101d\u012bjumi:<\/p>\n<p>1. P\u0101rliecinieties, vai rezerves cilindrs ir sader\u012bgs ar iek\u0101rtu.<\/p>\n<p>2. Not\u012briet hidraulisko sist\u0113mu un t\u0101s sast\u0101vda\u013cas, lai nov\u0113rstu pies\u0101r\u0146ojumu.<\/p>\n<p>3. Uzman\u012bgi uzst\u0101diet cilindru un p\u0101rliecinieties, vai tas ir pareizi izl\u012bdzin\u0101ts un nostiprin\u0101ts.<\/p>\n<p>4. Veiciet funkcion\u0101lo p\u0101rbaudi, lai p\u0101rliecin\u0101tos par pareizu darb\u012bbu.<\/p>\n<p>Dro\u0161\u012bbas apsv\u0113rumi un vides faktori<\/p>\n<p>Sviras cilindri j\u0101lieto piesardz\u012bgi, lai nov\u0113rstu traumas vai tehnikas boj\u0101jumus. Lai nov\u0113rstu p\u0101rm\u0113r\u012bgu spiediena palielin\u0101\u0161anos, j\u0101uzst\u0101da dro\u0161\u012bbas pas\u0101kumi, piem\u0113ram, dro\u0161\u012bbas v\u0101rsti un spiediena m\u0113r\u012bt\u0101ji. Vides faktori, piem\u0113ram, temperat\u016bra un mitrums, var ietekm\u0113t sviras cilindru darb\u012bbu, un tie j\u0101\u0146em v\u0113r\u0101, izv\u0113loties cilindru.<\/p>\n<p>K\u013c\u016bmju diagnostika un bie\u017ei sastopam\u0101s probl\u0113mas<\/p>\n<p>Bie\u017ei sastopamas probl\u0113mas ar sviru cilindriem ir \u0161\u0137idruma nopl\u016bde, stie\u0146a boj\u0101jumi un virzu\u013ca boj\u0101jumi. \u0160\u012bs probl\u0113mas var rasties p\u0101rm\u0113r\u012bga spiediena, pies\u0101r\u0146ojuma vai bl\u012bv\u0113jumu boj\u0101jumu d\u0113\u013c. Lai diagnostic\u0113tu \u0161\u012bs probl\u0113mas, ir j\u0101p\u0101rbauda cilindrs un j\u0101nosaka probl\u0113mas c\u0113lonis. Savlaic\u012bga remonta vai nomai\u0146as veik\u0161ana var nov\u0113rst turpm\u0101kus boj\u0101jumus un nodro\u0161in\u0101t optim\u0101lu veiktsp\u0113ju.<\/p>\n<p>Secin\u0101jums<\/p>\n<p>K\u0101 profesion\u0101ls hidraulisko cilindru ra\u017eot\u0101js, m\u0113s pied\u0101v\u0101jam da\u017e\u0101dus augstas kvalit\u0101tes svircilindrus, kas nodro\u0161ina jaud\u012bgu line\u0101ru kust\u012bbu un prec\u012bzu vad\u012bbu da\u017e\u0101du veidu ma\u0161\u012bn\u0101m. M\u016bsu produkti ir izgatavoti no augstas iztur\u012bbas materi\u0101liem un ir iztur\u0113ju\u0161i stingru kvalit\u0101tes kontroli, lai nodro\u0161in\u0101tu uzticamu darb\u012bbu skarbos apst\u0101k\u013cos. M\u0113s esam ap\u0146\u0113mu\u0161ies nodro\u0161in\u0101t m\u016bsu klientus ar efekt\u012bviem, prec\u012bziem un augstas kvalit\u0101tes hidrauliskajiem cilindriem. <\/p>\n<p>M\u016bsu uz\u0146\u0113mums ir ap\u0146\u0113mies nodro\u0161in\u0101t m\u016bsu klientiem piel\u0101gotus pakalpojumus, augstas kvalit\u0101tes ra\u017eo\u0161anas iek\u0101rtas un lielisku p\u0113cp\u0101rdo\u0161anas apkalpo\u0161anu. M\u016bsu produkti ir starptautiski sertific\u0113ti, un mums ir profesion\u0101\u013cu komanda, kas var pal\u012bdz\u0113t ar jebkuru projekta vajadz\u012bbu apmierin\u0101\u0161anu. M\u016bsu m\u0113r\u0137is ir sniegt m\u016bsu klientiem vislab\u0101kos iesp\u0113jamos risin\u0101jumus, lai apmierin\u0101tu vi\u0146u vajadz\u012bbas un pras\u012bbas. <\/p>\n<p>Autors: lil<\/p>","protected":false},"excerpt":{"rendered":"<p>Arm Cylinder For Zoomlion Large Excavator ZE520E Arm cylinder is a specially designed hydraulic cylinder that provides linear motion and power for the arms of various types of machinery, such as excavators, cranes, and mechanical arms. The arm cylinder plays a key role in the hydraulic system, enabling add-on tools or attachments to move and [&hellip;]<\/p>","protected":false},"featured_media":14759,"comment_status":"open","ping_status":"closed","template":"","meta":{"_et_pb_use_builder":"","_et_pb_old_content":"","_et_gb_content_width":""},"product_brand":[],"product_cat":[1497],"product_tag":[1498,1496],"class_list":{"0":"post-16434","1":"product","2":"type-product","3":"status-publish","4":"has-post-thumbnail","6":"product_cat-arm-cylinders","7":"product_tag-arm-cylinders","8":"product_tag-hydraulic-cylinders","10":"first","11":"instock","12":"shipping-taxable","13":"product-type-simple"},"amp_enabled":true,"_links":{"self":[{"href":"https:\/\/www.hydraulic-cylinders.net\/lv\/wp-json\/wp\/v2\/product\/16434","targetHints":{"allow":["GET"]}}],"collection":[{"href":"https:\/\/www.hydraulic-cylinders.net\/lv\/wp-json\/wp\/v2\/product"}],"about":[{"href":"https:\/\/www.hydraulic-cylinders.net\/lv\/wp-json\/wp\/v2\/types\/product"}],"replies":[{"embeddable":true,"href":"https:\/\/www.hydraulic-cylinders.net\/lv\/wp-json\/wp\/v2\/comments?post=16434"}],"wp:featuredmedia":[{"embeddable":true,"href":"https:\/\/www.hydraulic-cylinders.net\/lv\/wp-json\/wp\/v2\/media\/14759"}],"wp:attachment":[{"href":"https:\/\/www.hydraulic-cylinders.net\/lv\/wp-json\/wp\/v2\/media?parent=16434"}],"wp:term":[{"taxonomy":"product_brand","embeddable":true,"href":"https:\/\/www.hydraulic-cylinders.net\/lv\/wp-json\/wp\/v2\/product_brand?post=16434"},{"taxonomy":"product_cat","embeddable":true,"href":"https:\/\/www.hydraulic-cylinders.net\/lv\/wp-json\/wp\/v2\/product_cat?post=16434"},{"taxonomy":"product_tag","embeddable":true,"href":"https:\/\/www.hydraulic-cylinders.net\/lv\/wp-json\/wp\/v2\/product_tag?post=16434"}],"curies":[{"name":"wp","href":"https:\/\/api.w.org\/{rel}","templated":true}]}}