{"id":16437,"date":"2025-01-20T09:15:38","date_gmt":"2025-01-20T09:15:38","guid":{"rendered":"https:\/\/www.hydraulic-cylinders.net\/product\/arm-cylinderfor-zoomlion-large-excavator-ze520esp\/"},"modified":"2025-01-20T09:15:40","modified_gmt":"2025-01-20T09:15:40","slug":"arm-cylinderfor-zoomlion-large-excavator-ze520esp","status":"publish","type":"product","link":"https:\/\/www.hydraulic-cylinders.net\/lv\/products\/arm-cylinderfor-zoomlion-large-excavator-ze520esp\/","title":{"rendered":"Zoomlion liela ekskavatora ZE520ESP rokas cilindrs"},"content":{"rendered":"<p>Zoomlion liel\u0101 ekskavatora ZE520ESP sviras cilindrs: defin\u012bcija un skaidrojums<\/p>\n<p>Sviras cilindrs ir hidraulisk\u0101 cilindra veids, kas paredz\u0113ts, lai nodro\u0161in\u0101tu line\u0101ru kust\u012bbu un jaudu da\u017e\u0101du veidu ma\u0161\u012bnu, piem\u0113ram, ekskavatoru, celt\u0146u un meh\u0101nisko sviru, svir\u0101m. Tam ir iz\u0161\u0137iro\u0161a noz\u012bme hidrauliskaj\u0101s sist\u0113m\u0101s, \u013caujot pielikumiem vai piederumiem efekt\u012bvi p\u0101rvietoties un vad\u012bt. \u0160ie cilindri ne tikai nodro\u0161ina vienm\u0113r\u012bgu kust\u012bbu, bet ar\u012b iztur lielas slodzes, nodro\u0161inot ma\u0161\u012bnu efekt\u012bvu darb\u012bbu un uzticam\u012bbu da\u017e\u0101dos darba apst\u0101k\u013cos.<\/p>\n<p><img decoding=\"async\" src=\"https:\/\/www.hydraulic-cylinders.net\/wp-content\/uploads\/2025\/01\/songte-company-2.webp\"><\/p>\n<p>Zoomlion liel\u0101 ekskavatora ZE520ESP rokas cilindra \u012bpa\u0161\u012bbas<\/p>\n<p>1. Augstas efektivit\u0101tes transmisija: Sviras cilindrs nodro\u0161ina jaud\u012bgu line\u0101ru kust\u012bbu un sp\u0113ku, garant\u0113jot meh\u0101nisko sviru augstu efektivit\u0101ti da\u017e\u0101d\u0101s darb\u012bb\u0101s.<br \/>\n2. Prec\u012bza vad\u012bba: Izmantojot hidraulisko sist\u0113mu, rokas cilindrs var pan\u0101kt prec\u012bzu kust\u012bbas vad\u012bbu, padarot pielikumu darb\u012bbu elast\u012bg\u0101ku un prec\u012bz\u0101ku.<br \/>\n3. Sp\u0113c\u012bga iztur\u012bba: Roku cilindri parasti ir izgatavoti no augstas iztur\u012bbas materi\u0101liem, ar labu nodilumiztur\u012bbu un iztur\u012bbu pret koroziju, piem\u0113roti ilgsto\u0161ai lieto\u0161anai skarbos apst\u0101k\u013cos.<br \/>\n4. Daudzfunkcion\u0101la piel\u0101go\u0161an\u0101s sp\u0113ja: \u0161os cilindrus var pla\u0161i izmantot da\u017e\u0101d\u0101s meh\u0101nisk\u0101s iek\u0101rt\u0101s, piem\u0113ram, ekskavatoros, celt\u0146os un meh\u0101niskaj\u0101s svir\u0101s, lai apmierin\u0101tu da\u017e\u0101das darba vajadz\u012bbas.<br \/>\n5. Vienk\u0101r\u0161a apkope: Dizains ir veidots, lai nodro\u0161in\u0101tu vienk\u0101r\u0161u apkopi un nomai\u0146u, padarot regul\u0101ru p\u0101rbaudi un apkopi \u0113rt\u0101ku un samazinot iek\u0101rtu d\u012bkst\u0101ves laiku.<\/p>\n<p><img decoding=\"async\" src=\"https:\/\/www.hydraulic-cylinders.net\/wp-content\/uploads\/2025\/01\/songte-oil-pipes-and-spare-parts.webp\"><\/p>\n<p>Zoomlion liel\u0101 ekskavatora ZE520ESP rokas cilindra pielietojums<\/p>\n<p>1. B\u016bvniec\u012bbas in\u017eenierija: Sviru cilindri tiek izmantoti ekskavatoros un celt\u0146os, lai kontrol\u0113tu kausu vai str\u0113les kust\u012bbu zemes p\u0101rvieto\u0161anas, materi\u0101lu apstr\u0101des un konstrukciju uzst\u0101d\u012b\u0161anas darbos.<br \/>\n2. Ra\u017eo\u0161anas nozare: Roku cilindri tiek izmantoti automatiz\u0113t\u0101s ra\u017eo\u0161anas l\u012bnij\u0101s, lai kontrol\u0113tu meh\u0101nisko roku kust\u012bbu mont\u0101\u017eas, metin\u0101\u0161anas un apstr\u0101des procesos, uzlabojot ra\u017eo\u0161anas efektivit\u0101ti un precizit\u0101ti.<br \/>\n3. Lauksaimniec\u012bbas tehnika: Sviru cilindri kontrol\u0113 vad\u012bbas sviru kust\u012bbu lauksaimniec\u012bbas tehnik\u0101, piem\u0113ram, kombainos un s\u0113jma\u0161\u012bn\u0101s, veicot t\u0101dus uzdevumus k\u0101 s\u0113\u0161ana, m\u0113slo\u0161ana un ra\u017eas nov\u0101k\u0161ana.<br \/>\n4. Kalnr\u016bpniec\u012bba: Sviru cilindrus izmanto, lai kontrol\u0113tu kalnr\u016bpniec\u012bbas iek\u0101rtu sviru kust\u012bbu r\u016bdas ieguvei un transport\u0113\u0161anai.<br \/>\n5. Lo\u0123istika un transport\u0113\u0161ana: Roku cilindri tiek izmantoti iekr\u0101v\u0113jos un apstr\u0101des robotos, lai kontrol\u0113tu dak\u0161u pacel\u0161anu un kust\u012bbu, realiz\u0113jot materi\u0101lu apstr\u0101di un sakrau\u0161anu.<\/p>\n<p>Dizaina apsv\u0113rumi un atlases krit\u0113riji<\/p>\n<p>1. Nestsp\u0113ja: Sviru cilindri j\u0101projekt\u0113 un j\u0101izv\u0113las atbilsto\u0161i to nestsp\u0113jai, lai nodro\u0161in\u0101tu ma\u0161\u012bnu dro\u0161u un efekt\u012bvu darb\u012bbu.<br \/>\n2. Bl\u012bv\u0113jums: Lai nodro\u0161in\u0101tu bl\u012bv\u0113juma veiktsp\u0113ju un nov\u0113rstu e\u013c\u013cas nopl\u016bdi, j\u0101izmanto da\u017e\u0101di bl\u012bv\u0113juma komponenti, piem\u0113ram, virzu\u013ca bl\u012bv\u0113jumi un stie\u0146a bl\u012bv\u0113jumi.<br \/>\n3. Iztur\u012bba: Cilindra korpusam un v\u012bt\u0146otajai gala virsmai j\u0101b\u016bt smalki apstr\u0101d\u0101tai, lai uzlabotu nodilumiztur\u012bbu un iztur\u012bbu pret koroziju.<br \/>\n4. Dro\u0161\u012bba: Sviru cilindri j\u0101projekt\u0113 un j\u0101izv\u0113las, \u0146emot v\u0113r\u0101 dro\u0161\u012bbas apsv\u0113rumus, lai izvair\u012btos no negad\u012bjumiem, ko izraisa cilindra nopl\u016bde vai boj\u0101jumi.<br \/>\n5. Apkope: Sviru cilindriem j\u0101b\u016bt viegli kopjamiem un nomain\u0101miem, lai samazin\u0101tu iek\u0101rtu d\u012bkst\u0101ves laiku.<\/p>\n<p><img decoding=\"async\" src=\"https:\/\/www.hydraulic-cylinders.net\/wp-content\/uploads\/2025\/01\/songte-cylinder-head-with-all-kinds-excavator-models.webp\"><\/p>\n<p>Zoomlion liel\u0101 ekskavatora ZE520ESP sviras cilindra bl\u012bv\u0113\u0161ana un e\u013c\u013co\u0161ana<\/p>\n<p>1. Lai nodro\u0161in\u0101tu bl\u012bv\u0113juma veiktsp\u0113ju un nov\u0113rstu e\u013c\u013cas nopl\u016bdi, j\u0101izmanto da\u017e\u0101di bl\u012bv\u0113juma komponenti, piem\u0113ram, virzu\u013ca bl\u012bvsl\u0113gi \u200b\u200bun stie\u0146a bl\u012bvsl\u0113gi.<br \/>\n2. Bl\u012bv\u0113juma komponentiem j\u0101b\u016bt izgatavotiem no nodilumiztur\u012bgiem materi\u0101liem, piem\u0113ram, poliuret\u0101na un nitrila gumijas, lai pagarin\u0101tu cilindra kalpo\u0161anas laiku.<br \/>\n3. Cilindra korpuss un v\u012bt\u0146ot\u0101 gala virsma ir j\u0101apstr\u0101d\u0101 smalki, lai uzlabotu nodilumiztur\u012bbu un iztur\u012bbu pret koroziju.<br \/>\n4. Regul\u0101ri j\u0101pievieno atbilsto\u0161a hidraulisk\u0101 e\u013c\u013ca, lai e\u013c\u013cotu un uztur\u0113tu cilindru, nodro\u0161inot vienm\u0113r\u012bgu un efekt\u012bvu darb\u012bbu.<\/p>\n<p>Regul\u0101ras p\u0101rbaudes un profilaktisk\u0101s apkopes pas\u0101kumi<\/p>\n<p>1. Regul\u0101ri p\u0101rbaudiet cilindru, vai nav nodiluma, nopl\u016b\u017eu vai boj\u0101jumu paz\u012bmju.<br \/>\n2. Laic\u012bgi nomainiet boj\u0101tos vai nolietotos bl\u012bv\u0113juma komponentus.<br \/>\n3. Regul\u0101ri t\u012briet cilindra korpusu un v\u012bt\u0146oto gala virsmu, lai nov\u0113rstu koroziju un nodilumu.<br \/>\n4. Uztur\u0113t hidraulisk\u0101s e\u013c\u013cas l\u012bmeni un kvalit\u0101ti un regul\u0101ri nomain\u012bt e\u013c\u013cu.<br \/>\n5. Regul\u0101ri p\u0101rbaudiet un apkopiet hidraulisko sist\u0113mu, lai nodro\u0161in\u0101tu sviras cilindra efekt\u012bvu un dro\u0161u darb\u012bbu.<\/p>\n<p><img decoding=\"async\" src=\"https:\/\/www.hydraulic-cylinders.net\/wp-content\/uploads\/2025\/01\/songte-chushion-collar.webp\"><\/p>\n<p>Produkta uzst\u0101d\u012b\u0161anas rokasgr\u0101mata<\/p>\n<p>1. Pirms uzst\u0101d\u012b\u0161anas p\u0101rbaudiet, vai sviras cilindrs atbilst ekskavatora modelim un vai bl\u012bv\u0113juma komponenti ir neskarti.<br \/>\n2. Not\u012briet cilindra stiprin\u0101juma virsmu un p\u0101rliecinieties, ka t\u0101 ir l\u012bdzena un bez gru\u017eiem.<br \/>\n3. Uzst\u0101diet sviras cilindru vertik\u0101li un pievelciet skr\u016bves l\u012bdz nor\u0101d\u012btajam griezes momentam.<br \/>\n4. Pievienojiet hidraulisk\u0101s e\u013c\u013cas cauru\u013cvadu saska\u0146\u0101 ar uzst\u0101d\u012b\u0161anas sh\u0113mu un uzpildiet hidraulisko e\u013c\u013cu.<br \/>\n5. P\u0101rbaudiet sviras cilindra darb\u012bbu un p\u0101rbaudiet, vai nav nopl\u016b\u017eu.<\/p>\n<p>Dro\u0161\u012bbas apsv\u0113rumi un vides faktori<\/p>\n<p>1. Sviru cilindri j\u0101projekt\u0113 un j\u0101izv\u0113las, \u0146emot v\u0113r\u0101 dro\u0161\u012bbas apsv\u0113rumus, lai izvair\u012btos no negad\u012bjumiem, ko izraisa cilindra nopl\u016bde vai boj\u0101jumi.<br \/>\n2. Operatoriem j\u0101b\u016bt apm\u0101c\u012btiem un instru\u0113tiem par pareizu sviras cilindru lieto\u0161anu un apkopi, lai nodro\u0161in\u0101tu dro\u0161u darb\u012bbu.<br \/>\n3. Izlietot\u0101s hidraulisk\u0101s e\u013c\u013cas un nolietoto cilindru utiliz\u0101cijai j\u0101atbilst vides aizsardz\u012bbas noteikumiem.<\/p>\n<p>Probl\u0113mu nov\u0113r\u0161ana un bie\u017ei sastopamas probl\u0113mas<\/p>\n<p>1. Nopl\u016bde: p\u0101rbaudiet un nomainiet boj\u0101t\u0101s bl\u012bv\u0113\u0161anas deta\u013cas vai salabojiet cilindra korpusu.<br \/>\n2. L\u0113na darb\u012bba: p\u0101rbaudiet hidraulisk\u0101s e\u013c\u013cas l\u012bmeni un kvalit\u0101ti, k\u0101 ar\u012b to, vai hidrauliskaj\u0101 sist\u0113m\u0101 nav aizsprostojumu vai boj\u0101jumu.<br \/>\n3. Neparasts troksnis: p\u0101rbaudiet, vai cilindra korpuss nav boj\u0101ts vai virzu\u013ca stienis nav saliekts.<br \/>\n4. Cilindra nob\u012bde: p\u0101rbaudiet un noregul\u0113jiet hidraulisk\u0101s sist\u0113mas spiedienu un pl\u016bsmas \u0101trumu vai salabojiet cilindra korpusu.<\/p>\n<p><img decoding=\"async\" src=\"https:\/\/www.hydraulic-cylinders.net\/wp-content\/uploads\/2025\/01\/songte-bushings-with-all-kinds-of-excavator-models.webp\"><\/p>\n<p>Par m\u016bsu uz\u0146\u0113mumu<\/p>\n<p>M\u0113s esam profesion\u0101ls rezerves hidraulisko cilindru ra\u017eot\u0101js ar pla\u0161u produktu kl\u0101stu un esam k\u013cuvu\u0161i par vienu no vado\u0161ajiem hidraulisko cilindru ra\u017eot\u0101jiem un vairumtirdzniec\u012bbas izplat\u012bt\u0101jiem viet\u0113j\u0101 un starptautiskaj\u0101 tirg\u016b. M\u0113s vienm\u0113r iev\u0113rojam izcilas kvalit\u0101tes principu, pa\u013caujoties uz izsmalcin\u0101tu ra\u017eo\u0161anas darbn\u012bcu r\u016bpniecisk\u0101s ra\u017eo\u0161anas vad\u012bbas strat\u0113\u0123iju, lai nep\u0101rtraukti uzlabotu m\u016bsu tehnolo\u0123ijas un ra\u017eo\u0161anas efektivit\u0101ti. Ievie\u0161ot augstas klases digit\u0101l\u0101s ra\u017eo\u0161anas iek\u0101rtas un profesion\u0101las test\u0113\u0161anas sist\u0113mas, m\u0113s optimiz\u0113jam ra\u017eo\u0161anas platformu, uzlabojam produktu kvalit\u0101tes kontroles procesu un mums ir sp\u0113c\u012bgas inov\u0101ciju iesp\u0113jas. M\u016bsu m\u0113r\u0137is ir apmierin\u0101t klientu da\u017e\u0101d\u0101s vajadz\u012bbas ar augstu efektivit\u0101ti, precizit\u0101ti un augstas kvalit\u0101tes produktiem.<\/p>\n<p>M\u0113s pied\u0101v\u0101jam piel\u0101gotus pakalpojumus, un m\u016bsu produkti ir iztur\u0113ju\u0161i starptautiskus sertifik\u0101tus, piem\u0113ram, ISO9001, CE un RoHS. Mums ir modernas ra\u017eo\u0161anas iek\u0101rtas, tostarp CNC virpas, sl\u012bpma\u0161\u012bnas un mont\u0101\u017eas l\u012bnijas. Mums ir ar\u012b profesion\u0101la p\u0113cp\u0101rdo\u0161anas apkalpo\u0161anas komanda, kas nodro\u0161ina savlaic\u012bgus un efekt\u012bvus risin\u0101jumus klientu probl\u0113m\u0101m.<\/p>\n<p><img decoding=\"async\" src=\"https:\/\/www.hydraulic-cylinders.net\/wp-content\/uploads\/2025\/01\/songte-company-4.webp\"><\/p>\n<p><img decoding=\"async\" src=\"https:\/\/www.hydraulic-cylinders.net\/wp-content\/uploads\/2025\/01\/songte-company-3.webp\"><\/p>\n<p>Autors: Lails.<\/p>","protected":false},"excerpt":{"rendered":"<p>Arm Cylinder for Zoomlion Large Excavator ZE520ESP: Definition and Explanation Arm cylinder is a type of hydraulic cylinder designed to provide linear motion and power to the arms of various types of machinery such as excavators, cranes, and mechanical arms. It plays a critical role in hydraulic systems, enabling attachments or accessories to move and [&hellip;]<\/p>","protected":false},"featured_media":14779,"comment_status":"open","ping_status":"closed","template":"","meta":{"_et_pb_use_builder":"","_et_pb_old_content":"","_et_gb_content_width":""},"product_brand":[],"product_cat":[1497],"product_tag":[1498,1496],"class_list":{"0":"post-16437","1":"product","2":"type-product","3":"status-publish","4":"has-post-thumbnail","6":"product_cat-arm-cylinders","7":"product_tag-arm-cylinders","8":"product_tag-hydraulic-cylinders","10":"first","11":"instock","12":"shipping-taxable","13":"product-type-simple"},"amp_enabled":true,"_links":{"self":[{"href":"https:\/\/www.hydraulic-cylinders.net\/lv\/wp-json\/wp\/v2\/product\/16437","targetHints":{"allow":["GET"]}}],"collection":[{"href":"https:\/\/www.hydraulic-cylinders.net\/lv\/wp-json\/wp\/v2\/product"}],"about":[{"href":"https:\/\/www.hydraulic-cylinders.net\/lv\/wp-json\/wp\/v2\/types\/product"}],"replies":[{"embeddable":true,"href":"https:\/\/www.hydraulic-cylinders.net\/lv\/wp-json\/wp\/v2\/comments?post=16437"}],"wp:featuredmedia":[{"embeddable":true,"href":"https:\/\/www.hydraulic-cylinders.net\/lv\/wp-json\/wp\/v2\/media\/14779"}],"wp:attachment":[{"href":"https:\/\/www.hydraulic-cylinders.net\/lv\/wp-json\/wp\/v2\/media?parent=16437"}],"wp:term":[{"taxonomy":"product_brand","embeddable":true,"href":"https:\/\/www.hydraulic-cylinders.net\/lv\/wp-json\/wp\/v2\/product_brand?post=16437"},{"taxonomy":"product_cat","embeddable":true,"href":"https:\/\/www.hydraulic-cylinders.net\/lv\/wp-json\/wp\/v2\/product_cat?post=16437"},{"taxonomy":"product_tag","embeddable":true,"href":"https:\/\/www.hydraulic-cylinders.net\/lv\/wp-json\/wp\/v2\/product_tag?post=16437"}],"curies":[{"name":"wp","href":"https:\/\/api.w.org\/{rel}","templated":true}]}}