{"id":16441,"date":"2025-01-20T09:16:03","date_gmt":"2025-01-20T09:16:03","guid":{"rendered":"https:\/\/www.hydraulic-cylinders.net\/product\/arm-cylinderfor-sunward-small-excavator-swe70e\/"},"modified":"2025-01-20T09:16:04","modified_gmt":"2025-01-20T09:16:04","slug":"arm-cylinderfor-sunward-small-excavator-swe70e","status":"publish","type":"product","link":"https:\/\/www.hydraulic-cylinders.net\/lv\/products\/arm-cylinderfor-sunward-small-excavator-swe70e\/","title":{"rendered":"Sviras cilindrs Sunward mazajam ekskavatoram SWE70E"},"content":{"rendered":"<h2>Sviras cilindrs Sunward mazajam ekskavatoram SWE70E<\/h2>\n<h3>Ievads<\/h3>\n<p>Sviras cilindrs ir specializ\u0113ts hidrauliskais cilindrs, kas paredz\u0113ts line\u0101ras kust\u012bbas un jaudas nodro\u0161in\u0101\u0161anai da\u017e\u0101du veidu ma\u0161\u012bn\u0101m, piem\u0113ram, ekskavatoriem, celt\u0146iem un meh\u0101niskaj\u0101m svir\u0101m. Sviras cilindram ir iz\u0161\u0137iro\u0161a noz\u012bme hidrauliskaj\u0101s sist\u0113m\u0101s, \u013caujot pielikumiem vai piederumiem p\u0101rvietoties un tikt efekt\u012bvi vad\u012btiem. \u0160ie cilindri ne tikai nodro\u0161ina vienm\u0113r\u012bgu kust\u012bbu, bet ar\u012b iztur lielas slodzes, nodro\u0161inot ma\u0161\u012bnas efekt\u012bvu darb\u012bbu un uzticam\u012bbu da\u017e\u0101dos ekspluat\u0101cijas apst\u0101k\u013cos.<\/p>\n<p><img decoding=\"async\" src=\"https:\/\/www.hydraulic-cylinders.net\/wp-content\/uploads\/2025\/01\/songte-company-2.webp\" alt=\"Sviras cilindrs\"\/><\/p>\n<h3>Funkcijas<\/h3>\n<ul>\n<li>Efekt\u012bva jaudas p\u0101rvade: Sviras cilindrs nodro\u0161ina jaud\u012bgu line\u0101ru kust\u012bbu un sp\u0113ku, garant\u0113jot meh\u0101nisk\u0101s sviras augstu efektivit\u0101ti da\u017e\u0101d\u0101s darb\u012bb\u0101s.<\/li>\n<li>Prec\u012bza vad\u012bba: Izmantojot hidraulisko sist\u0113mu, rokas cilindrs var pan\u0101kt prec\u012bzu kust\u012bbas vad\u012bbu, padarot pielikumu darb\u012bbu elast\u012bg\u0101ku un prec\u012bz\u0101ku.<\/li>\n<li>Sp\u0113c\u012bga iztur\u012bba: Sviras cilindrs parasti ir izgatavots no augstas iztur\u012bbas materi\u0101liem, ar labu nodilumiztur\u012bbu un iztur\u012bbu pret koroziju, piem\u0113rots ilgsto\u0161ai lieto\u0161anai skarbos apst\u0101k\u013cos.<\/li>\n<li>Daudzfunkcion\u0101la piel\u0101go\u0161an\u0101s sp\u0113ja: \u0161os cilindrus var pla\u0161i izmantot da\u017e\u0101d\u0101s meh\u0101nisk\u0101s iek\u0101rt\u0101s, piem\u0113ram, ekskavatoros, celt\u0146os un meh\u0101niskaj\u0101s svir\u0101s, piel\u0101gojoties da\u017e\u0101d\u0101m darba vajadz\u012bb\u0101m.<\/li>\n<li>Vienk\u0101r\u0161a apkope: Izstr\u0101d\u0101ts vienk\u0101r\u0161ai apkopei un nomai\u0146ai, regul\u0101ras p\u0101rbaudes un apkope k\u013c\u016bst \u0113rt\u0101kas, samazinot iek\u0101rtu d\u012bkst\u0101ves laiku.<\/li>\n<\/ul>\n<p>M\u0113s varam ra\u017eot \u0161o produktu, kas var lieliski aizst\u0101t \u0161os hidrauliskos cilindrus.<\/p>\n<p><img decoding=\"async\" src=\"https:\/\/www.hydraulic-cylinders.net\/wp-content\/uploads\/2025\/01\/songte-oil-pipes-and-spare-parts.webp\" alt=\"Hidraulisko cilindru rezerves da\u013cas\"\/><\/p>\n<h3>Pieteikumi<\/h3>\n<p>Sviras cilindrs tiek pla\u0161i izmantots da\u017e\u0101d\u0101s nozar\u0113s, tostarp:<\/p>\n<ul>\n<li>B\u016bvniec\u012bbas in\u017eenierija: Ekskavatoros un celt\u0146os sviras cilindrs tiek izmantots, lai kontrol\u0113tu kausu vai str\u0113les kust\u012bbu, veicot zemes p\u0101rvieto\u0161anas, materi\u0101lu apstr\u0101des un konstrukciju uzst\u0101d\u012b\u0161anas darbus.<\/li>\n<li>Ra\u017eo\u0161ana: Automatiz\u0113t\u0101s ra\u017eo\u0161anas l\u012bnij\u0101s sviras cilindrs tiek izmantots meh\u0101nisko sviru p\u0101rvieto\u0161anai, mont\u0101\u017eas, metin\u0101\u0161anas un apstr\u0101des procesu veik\u0161anai, uzlabojot ra\u017eo\u0161anas efektivit\u0101ti un precizit\u0101ti.<\/li>\n<li>Lauksaimniec\u012bbas tehnika: Lauksaimniec\u012bbas tehnik\u0101, piem\u0113ram, kombainos un s\u0113jma\u0161\u012bn\u0101s, sviras cilindrs kontrol\u0113 vad\u012bbas sviras kust\u012bbu, veicot t\u0101dus uzdevumus k\u0101 st\u0101d\u012b\u0161ana, m\u0113slo\u0161ana un ra\u017eas nov\u0101k\u0161ana.<\/li>\n<li>Kalnr\u016bpniec\u012bba: Kalnr\u016bpniec\u012bbas iek\u0101rt\u0101s rokas cilindrs tiek izmantots, lai kontrol\u0113tu kalnr\u016bpniec\u012bbas iek\u0101rtu rokas kust\u012bbu, veicot kalnr\u016bpniec\u012bbu un materi\u0101lu apstr\u0101di.<\/li>\n<li>Lo\u0123istika un transports: Iekr\u0101v\u0113jos un apstr\u0101des robotos rokas cilindrs tiek izmantots, lai kontrol\u0113tu dak\u0161u pacel\u0161anu un kust\u012bbu, realiz\u0113jot materi\u0101lu apstr\u0101di un sakrau\u0161anu.<\/li>\n<\/ul>\n<h3>Dizaina apsv\u0113rumi un atlases krit\u0113riji<\/h3>\n<p>\u0145emot v\u0113r\u0101 konstrukcijas apsv\u0113rumus, sviras cilindram ir j\u0101b\u016bt \u0161\u0101d\u0101m \u012bpa\u0161\u012bb\u0101m:<\/p>\n<ul>\n<li>Nestsp\u0113ja: Sviras cilindram ir j\u0101b\u016bt pietiekamai nestsp\u0113jai, lai apmierin\u0101tu da\u017e\u0101du darba apst\u0101k\u013cu vajadz\u012bbas.<\/li>\n<li>Bl\u012bv\u0113juma veiktsp\u0113ja: Sviras cilindram ir j\u0101b\u016bt labai bl\u012bv\u0113juma veiktsp\u0113jai, lai nov\u0113rstu e\u013c\u013cas nopl\u016bdi un nodro\u0161in\u0101tu stabilu darb\u012bbu.<\/li>\n<li>Iztur\u012bba: Sviras cilindram ir j\u0101b\u016bt iztur\u012bgam un notur\u012bgam pret nodilumu un koroziju, lai nodro\u0161in\u0101tu ilgsto\u0161u lieto\u0161anu skarbos apst\u0101k\u013cos.<\/li>\n<li>Dro\u0161\u012bba: Sviras cilindram ir j\u0101atbilst dro\u0161\u012bbas pras\u012bb\u0101m, lai ekspluat\u0101cijas laik\u0101 izvair\u012btos no negad\u012bjumiem.<\/li>\n<li>Uztur\u0113\u0161anas \u0113rtums: Sviras cilindram ir j\u0101b\u016bt viegli apkopjamam un remont\u0113jamam, lai samazin\u0101tu iek\u0101rtu d\u012bkst\u0101ves laiku.<\/li>\n<\/ul>\n<p><img decoding=\"async\" src=\"https:\/\/www.hydraulic-cylinders.net\/wp-content\/uploads\/2025\/01\/songte-cylinder-head-with-all-kinds-excavator-models.webp\" alt=\"Cilindra galva\"\/><\/p>\n<h3>Bl\u012bv\u0113\u0161ana un e\u013c\u013co\u0161ana<\/h3>\n<p>Sviras cilindr\u0101 tiek izmantoti da\u017e\u0101di bl\u012bv\u0113\u0161anas komponenti, piem\u0113ram, virzu\u013ca bl\u012bv\u0113jumi, stie\u0146a bl\u012bv\u0113jumi utt. Bl\u012bv\u0113\u0161anas komponenti ir izgatavoti no nodilumiztur\u012bgiem materi\u0101liem, piem\u0113ram, poliuret\u0101na, nitrila gumijas utt. Cilindra korpuss un v\u012btnes gala virsma ir smalki apstr\u0101d\u0101ta, lai uzlabotu nodilumiztur\u012bbu. Lai sviras cilindrs darbotos nevainojami, ir nepiecie\u0161ams regul\u0101ri pievienot atbilsto\u0161u hidraulisko e\u013c\u013cu e\u013c\u013co\u0161anai.<\/p>\n<h3>Profilaktisk\u0101 apkope un probl\u0113mu nov\u0113r\u0161ana<\/h3>\n<p>Regul\u0101ra p\u0101rbaude un profilaktisk\u0101 apkope var samazin\u0101t sviras cilindra atteices iesp\u0113jam\u012bbu. Ja rodas probl\u0113mas, var veikt \u0161\u0101das probl\u0113mu nov\u0113r\u0161anas darb\u012bbas:<\/p>\n<ul>\n<li>P\u0101rbaudiet, vai hidrauliskaj\u0101 sist\u0113m\u0101 nav nopl\u016b\u017eu, un savlaic\u012bgi t\u0101s salabojiet.<\/li>\n<li>P\u0101rbaudiet bl\u012bv\u0113juma nodilumu un savlaic\u012bgi nomainiet to.<\/li>\n<li>P\u0101rbaudiet hidraulisk\u0101s e\u013c\u013cas t\u012br\u012bbu un, ja nepiecie\u0161ams, nomainiet to.<\/li>\n<li>P\u0101rbaudiet uzgrie\u017e\u0146u un skr\u016bvju stingr\u012bbu un, ja nepiecie\u0161ams, pievelciet tos.<\/li>\n<li>P\u0101rbaudiet cilindra korpusa nodilumu un, ja nepiecie\u0161ams, salabojiet vai nomainiet to.<\/li>\n<\/ul>\n<p>Lai nov\u0113rstu probl\u0113mas, ieteicams:<\/p>\n<ul>\n<li>Regul\u0101ri t\u012briet un apkopiet hidraulisko sist\u0113mu, lai nov\u0113rstu pies\u0101r\u0146ojumu.<\/li>\n<li>Regul\u0101ri p\u0101rbaudiet sviras cilindru, vai nav nodiluma paz\u012bmju, un savlaic\u012bgi nomainiet nolietot\u0101s deta\u013cas.<\/li>\n<li>Lai izvair\u012btos no p\u0101rslodzes, izmantojiet sviras cilindru nor\u0101d\u012bto parametru robe\u017e\u0101s.<\/li>\n<\/ul>\n<p><img decoding=\"async\" src=\"https:\/\/www.hydraulic-cylinders.net\/wp-content\/uploads\/2025\/01\/songte-chushion-collar.webp\" alt=\"Spilvenu apkakle\"\/><\/p>\n<h3>Instal\u0101cijas rokasgr\u0101mata<\/h3>\n<p>Pirms uzst\u0101d\u012b\u0161anas p\u0101rliecinieties, vai sviras cilindrs atbilst ekskavatora modelim un vai visas hidraulisk\u0101s l\u012bnijas ir t\u012bras. Uzst\u0101d\u012b\u0161anai veiciet t\u0101l\u0101k nor\u0101d\u012bt\u0101s darb\u012bbas.<\/p>\n<ol>\n<li>Piestipriniet sviras cilindru pie ekskavatora, izmantojot skr\u016bves un uzgrie\u017e\u0146us.<\/li>\n<li>Pievienojiet hidraulisk\u0101s l\u012bnijas sviras cilindram saska\u0146\u0101 ar ra\u017eot\u0101ja nor\u0101d\u012bjumiem.<\/li>\n<li>P\u0101rbaudiet, vai nav nopl\u016b\u017eu, un, ja nepiecie\u0161ams, salabojiet t\u0101s.<\/li>\n<li>P\u0101rbaudiet sviras cilindru, lai p\u0101rliecin\u0101tos, ka tas darbojas nevainojami un pareizi.<\/li>\n<\/ol>\n<h3>Par mums<\/h3>\n<p>M\u0113s esam profesion\u0101ls rezerves hidraulisko cilindru ra\u017eot\u0101js ar pla\u0161u produktu kl\u0101stu un esam k\u013cuvu\u0161i par vienu no vado\u0161ajiem hidraulisko cilindru ra\u017eot\u0101jiem un vairumtirdzniec\u012bbas izplat\u012bt\u0101jiem viet\u0113j\u0101 un \u0101rvalstu tirgos. M\u0113s vienm\u0113r iev\u0113rojam izcilas kvalit\u0101tes principu un nep\u0101rtraukti uzlabojam savu tehnolo\u0123iju un ra\u017eo\u0161anas efektivit\u0101ti, izmantojot industrializ\u0113tas ra\u017eo\u0161anas vad\u012bbas strat\u0113\u0123ijas sare\u017e\u0123\u012bt\u0101s ra\u017eo\u0161anas darbn\u012bc\u0101s. Ievie\u0161ot augstas klases digit\u0101l\u0101s ra\u017eo\u0161anas iek\u0101rtas un profesion\u0101las test\u0113\u0161anas sist\u0113mas, m\u0113s nep\u0101rtraukti optimiz\u0113jam ra\u017eo\u0161anas platformu un uzlabojam produktu kvalit\u0101tes kontroles procesus, pateicoties sp\u0113c\u012bg\u0101m inov\u0101ciju sp\u0113j\u0101m. M\u016bsu m\u0113r\u0137is ir apmierin\u0101t klientu daudzveid\u012bg\u0101s vajadz\u012bbas, iev\u0113rojot efektivit\u0101tes, precizit\u0101tes un augstas kvalit\u0101tes principus.<\/p>\n<p><img decoding=\"async\" src=\"https:\/\/www.hydraulic-cylinders.net\/wp-content\/uploads\/2025\/01\/songte-company-4.webp\" alt=\"Uz\u0146\u0113mums\"\/><\/p>\n<h3>Profesionalit\u0101te, starptautiska sertifik\u0101cija, piel\u0101goti pakalpojumi, ra\u017eo\u0161anas iek\u0101rtas un p\u0113cp\u0101rdo\u0161anas serviss<\/h3>\n<ul>\n<li>Profesionalit\u0101te: M\u016bsu komandu veido pieredz\u0113ju\u0161i in\u017eenieri un tehni\u0137i, kas var sniegt profesion\u0101lus risin\u0101jumus klientiem.<\/li>\n<li>Starptautisk\u0101 sertifik\u0101cija: M\u016bsu produkti ir iztur\u0113ju\u0161i t\u0101dus starptautiskus sertifik\u0101tus k\u0101 ISO9001, CE un UL.<\/li>\n<li>Piel\u0101goti pakalpojumi: M\u0113s varam nodro\u0161in\u0101t piel\u0101gotus hidrauliskos cilindrus atbilsto\u0161i klientu pras\u012bb\u0101m.<\/li>\n<li>Ra\u017eo\u0161anas iek\u0101rtas: M\u0113s izmantojam modernas digit\u0101l\u0101s ra\u017eo\u0161anas iek\u0101rtas, lai nodro\u0161in\u0101tu produktu kvalit\u0101ti un ra\u017eo\u0161anas efektivit\u0101ti.<\/li>\n<li>P\u0113cp\u0101rdo\u0161anas serviss: M\u0113s pied\u0101v\u0101jam visaptvero\u0161us p\u0113cp\u0101rdo\u0161anas pakalpojumus, lai nodro\u0161in\u0101tu klientu apmierin\u0101t\u012bbu.<\/li>\n<\/ul>\n<p><img decoding=\"async\" src=\"https:\/\/www.hydraulic-cylinders.net\/wp-content\/uploads\/2025\/01\/songte-company-3.webp\" alt=\"Uz\u0146\u0113mums\"\/><\/p>\n<p>Autors: Lails.<\/p>","protected":false},"excerpt":{"rendered":"<p>Arm Cylinder For Sunward Small Excavator SWE70E Introduction The Arm Cylinder is a specialized hydraulic cylinder designed to provide linear motion and power for various types of machinery, such as excavators, cranes, and mechanical arms. The Arm Cylinder plays a crucial role in hydraulic systems, allowing attachments or accessories to move and be controlled effectively. [&hellip;]<\/p>","protected":false},"featured_media":14770,"comment_status":"open","ping_status":"closed","template":"","meta":{"_et_pb_use_builder":"","_et_pb_old_content":"","_et_gb_content_width":""},"product_brand":[],"product_cat":[1497],"product_tag":[1498,1496],"class_list":{"0":"post-16441","1":"product","2":"type-product","3":"status-publish","4":"has-post-thumbnail","6":"product_cat-arm-cylinders","7":"product_tag-arm-cylinders","8":"product_tag-hydraulic-cylinders","10":"first","11":"instock","12":"shipping-taxable","13":"product-type-simple"},"amp_enabled":true,"_links":{"self":[{"href":"https:\/\/www.hydraulic-cylinders.net\/lv\/wp-json\/wp\/v2\/product\/16441","targetHints":{"allow":["GET"]}}],"collection":[{"href":"https:\/\/www.hydraulic-cylinders.net\/lv\/wp-json\/wp\/v2\/product"}],"about":[{"href":"https:\/\/www.hydraulic-cylinders.net\/lv\/wp-json\/wp\/v2\/types\/product"}],"replies":[{"embeddable":true,"href":"https:\/\/www.hydraulic-cylinders.net\/lv\/wp-json\/wp\/v2\/comments?post=16441"}],"wp:featuredmedia":[{"embeddable":true,"href":"https:\/\/www.hydraulic-cylinders.net\/lv\/wp-json\/wp\/v2\/media\/14770"}],"wp:attachment":[{"href":"https:\/\/www.hydraulic-cylinders.net\/lv\/wp-json\/wp\/v2\/media?parent=16441"}],"wp:term":[{"taxonomy":"product_brand","embeddable":true,"href":"https:\/\/www.hydraulic-cylinders.net\/lv\/wp-json\/wp\/v2\/product_brand?post=16441"},{"taxonomy":"product_cat","embeddable":true,"href":"https:\/\/www.hydraulic-cylinders.net\/lv\/wp-json\/wp\/v2\/product_cat?post=16441"},{"taxonomy":"product_tag","embeddable":true,"href":"https:\/\/www.hydraulic-cylinders.net\/lv\/wp-json\/wp\/v2\/product_tag?post=16441"}],"curies":[{"name":"wp","href":"https:\/\/api.w.org\/{rel}","templated":true}]}}