{"id":16442,"date":"2025-01-20T09:16:06","date_gmt":"2025-01-20T09:16:06","guid":{"rendered":"https:\/\/www.hydraulic-cylinders.net\/product\/arm-cylinderfor-sunward-small-excavator-swe90e\/"},"modified":"2025-01-20T09:16:08","modified_gmt":"2025-01-20T09:16:08","slug":"arm-cylinderfor-sunward-small-excavator-swe90e","status":"publish","type":"product","link":"https:\/\/www.hydraulic-cylinders.net\/lv\/products\/arm-cylinderfor-sunward-small-excavator-swe90e\/","title":{"rendered":"Sviras cilindrs Sunward mazajam ekskavatoram SWE90E"},"content":{"rendered":"<h1>Sunward maz\u0101 ekskavatora SWE90E rokas cilindrs<\/h1>\n<h2>Ievads<\/h2>\n<p>Sviras cilindrs ir speci\u0101li izstr\u0101d\u0101ts hidrauliskais cilindrs, kas nodro\u0161ina line\u0101ru kust\u012bbu un jaudu da\u017e\u0101du ma\u0161\u012bnu, piem\u0113ram, ekskavatoru, celt\u0146u un meh\u0101nisko sviru, svirai. Tam ir galven\u0101 loma hidrauliskaj\u0101s sist\u0113m\u0101s, \u013caujot efekt\u012bvi p\u0101rvietot un kontrol\u0113t papildu instrumentus vai stiprin\u0101jumus. \u0160ie cilindri ne tikai nodro\u0161ina vienm\u0113r\u012bgu kust\u012bbu, bet ar\u012b iztur lielas slodzes, nodro\u0161inot ma\u0161\u012bnu efekt\u012bvu darb\u012bbu un uzticam\u012bbu da\u017e\u0101dos darba apst\u0101k\u013cos.<\/p>\n<p><img decoding=\"async\" src=\"https:\/\/www.hydraulic-cylinders.net\/wp-content\/uploads\/2025\/01\/songte-company-2.webp\"><\/p>\n<h2>Funkcijas<\/h2>\n<ul>\n<li><b>Augstas efektivit\u0101tes transmisija:<\/b> Sviras cilindrs nodro\u0161ina jaud\u012bgu line\u0101ru kust\u012bbu un sp\u0113ku, garant\u0113jot meh\u0101nisk\u0101s rokas augstas veiktsp\u0113jas iesp\u0113jas da\u017e\u0101d\u0101s darb\u012bb\u0101s.<\/li>\n<li><b>Prec\u012bza kontrole:<\/b> Izmantojot hidraulisko sist\u0113mu, rokas cilindrs nodro\u0161ina prec\u012bzu kust\u012bbas kontroli, padarot darb\u012bbas ar papildu instrumentiem elast\u012bg\u0101kas un prec\u012bz\u0101kas.<\/li>\n<li><b>Iztur\u012bba:<\/b> Sviru cilindri parasti tiek ra\u017eoti, izmantojot augstas iztur\u012bbas materi\u0101lus, un tiem ir lieliska nodilumiztur\u012bba un iztur\u012bba pret koroziju, padarot tos piem\u0113rotus ilgsto\u0161ai lieto\u0161anai skarbos apst\u0101k\u013cos.<\/li>\n<li><b>Daudzfunkcion\u0101la piel\u0101go\u0161an\u0101s sp\u0113ja:<\/b> \u0160os cilindrus var pla\u0161i pielietot da\u017e\u0101d\u0101m ma\u0161\u012bn\u0101m, piem\u0113ram, ekskavatoriem, celt\u0146iem un meh\u0101niskaj\u0101m svir\u0101m, lai apmierin\u0101tu da\u017e\u0101das darba pras\u012bbas.<\/li>\n<li><b>Vienk\u0101r\u0161a apkope:<\/b> Projekt\u0113jot \u0146emta v\u0113r\u0101 apkopes un nomai\u0146as vienk\u0101r\u0161\u012bba, padarot regul\u0101ras p\u0101rbaudes un apkopi \u0113rt\u0101ku, k\u0101 ar\u012b samazinot iek\u0101rtu d\u012bkst\u0101ves laiku.<\/li>\n<\/ul>\n<p><img decoding=\"async\" src=\"https:\/\/www.hydraulic-cylinders.net\/wp-content\/uploads\/2025\/01\/songte-oil-pipes-and-spare-parts.webp\"><\/p>\n<h2>Pieteikumi<\/h2>\n<p>Sviras cilindrs tiek izmantots da\u017e\u0101d\u0101s nozar\u0113s un scen\u0101rijos:<\/p>\n<ol>\n<li><b>B\u016bvniec\u012bbas in\u017eenierija:<\/b> Ekskavatoros un celt\u0146os sviras cilindrs tiek izmantots, lai kontrol\u0113tu kausu vai str\u0113les kust\u012bbu zemes p\u0101rvieto\u0161anas, materi\u0101lu apstr\u0101des un konstrukciju uzst\u0101d\u012b\u0161anas darbos.<\/li>\n<li><b>Ra\u017eo\u0161anas nozare:<\/b> Automatiz\u0113t\u0101s ra\u017eo\u0161anas l\u012bnij\u0101s sviras cilindrs nodro\u0161ina meh\u0101nisko sviru kust\u012bbu t\u0101dos procesos k\u0101 mont\u0101\u017ea, metin\u0101\u0161ana un materi\u0101lu apstr\u0101de, t\u0101d\u0113j\u0101di uzlabojot ra\u017eo\u0161anas efektivit\u0101ti un precizit\u0101ti.<\/li>\n<li><b>Lauksaimniec\u012bbas tehnika:<\/b> Lauksaimniec\u012bbas apr\u012bkojum\u0101, piem\u0113ram, kombainos un s\u0113jma\u0161\u012bn\u0101s, sviras cilindrs kontrol\u0113 vad\u012bbas sviru kust\u012bbu t\u0101diem uzdevumiem k\u0101 s\u0113\u0161ana, m\u0113slo\u0161ana un ra\u017eas nov\u0101k\u0161ana.<\/li>\n<li><b>Kalnr\u016bpniec\u012bba:<\/b> Kalnr\u016bpniec\u012bbas iek\u0101rt\u0101s sviras cilindrs tiek izmantots, lai kontrol\u0113tu kalnr\u016bpniec\u012bbas ma\u0161\u012bnu sviras kust\u012bbu r\u016bdas ieguvei un transport\u0113\u0161anai.<\/li>\n<li><b>Lo\u0123istika un transports:<\/b> Iekr\u0101v\u0113jos un apstr\u0101des robotos rokas cilindrs tiek izmantots, lai kontrol\u0113tu dak\u0161u pacel\u0161anu un kust\u012bbu, nodro\u0161inot materi\u0101lu apstr\u0101di un sakrau\u0161anu.<\/li>\n<\/ol>\n<h2>Projekt\u0113\u0161anas apsv\u0113rumi un atlases standarti<\/h2>\n<p>Run\u0101jot par dizaina apsv\u0113rumiem un atlases standartiem, iz\u0161\u0137iro\u0161i svar\u012bgi ir \u0161\u0101di aspekti:<\/p>\n<ol>\n<li><b>Nestsp\u0113ja:<\/b> Sviras cilindram j\u0101sp\u0113j iztur\u0113t maksim\u0101lo slodzi, kas nepiecie\u0161ama konkr\u0113tajam pielietojumam.<\/li>\n<li><b>Bl\u012bv\u0113jums:<\/b> Lai nodro\u0161in\u0101tu pareizu bl\u012bv\u0113jumu, j\u0101izmanto da\u017e\u0101di bl\u012bv\u0113\u0161anas komponenti, piem\u0113ram, virzu\u013ca bl\u012bvsl\u0113gi \u200b\u200bun stie\u0146u bl\u012bvsl\u0113gi, kas izgatavoti no nodilumiztur\u012bgiem materi\u0101liem, piem\u0113ram, poliuret\u0101na un nitrila gumijas.<\/li>\n<li><b>Iztur\u012bba:<\/b> Balona korpusam un v\u012bt\u0146otaj\u0101m gala virsm\u0101m j\u0101veic smalka apstr\u0101de, lai uzlabotu nodilumiztur\u012bbu.<\/li>\n<li><b>Dro\u0161\u012bba:<\/b> Projekt\u0113\u0161anas laik\u0101 j\u0101\u0146em v\u0113r\u0101 dro\u0161\u012bbas pas\u0101kumi, lai nov\u0113rstu negad\u012bjumus un nodro\u0161in\u0101tu meh\u0101nismu dro\u0161u darb\u012bbu.<\/li>\n<li><b>Uzturam\u012bba:<\/b> Pareiza e\u013c\u013co\u0161ana ar hidraulisko e\u013c\u013cu un regul\u0101ra apkope ir b\u016btiska, lai pagarin\u0101tu sviras cilindra kalpo\u0161anas laiku.<\/li>\n<\/ol>\n<p><img decoding=\"async\" src=\"https:\/\/www.hydraulic-cylinders.net\/wp-content\/uploads\/2025\/01\/songte-cylinder-head-with-all-kinds-excavator-models.webp\"><\/p>\n<h2>Bl\u012bv\u0113\u0161ana un e\u013c\u013co\u0161ana<\/h2>\n<p>Efekt\u012bvai bl\u012bv\u0113\u0161anai un e\u013c\u013co\u0161anai sviras cilindrs izmanto da\u017e\u0101dus bl\u012bv\u0113\u0161anas komponentus, piem\u0113ram, virzu\u013ca bl\u012bves un stie\u0146a bl\u012bves, kas izgatavotas no nodilumiztur\u012bgiem materi\u0101liem, piem\u0113ram, poliuret\u0101na un nitrila gumijas. Cilindra korpuss un v\u012bt\u0146ot\u0101s gala virsmas tiek r\u016bp\u012bgi apstr\u0101d\u0101tas, lai uzlabotu nodilumiztur\u012bbu. Lai nodro\u0161in\u0101tu pareizu e\u013c\u013co\u0161anu, ir nepiecie\u0161ama regul\u0101ra hidraulisk\u0101s e\u013c\u013cas papildin\u0101\u0161ana.<\/p>\n<h2>Regul\u0101ra p\u0101rbaude un profilaktisk\u0101 apkope<\/h2>\n<p>Lai nodro\u0161in\u0101tu optim\u0101lu veiktsp\u0113ju un ilgm\u016b\u017e\u012bbu, j\u0101veic regul\u0101ras p\u0101rbaudes un profilaktisk\u0101 apkope:<\/p>\n<ol>\n<li>P\u0101rbaudiet sviras cilindru, vai nav nodiluma, nopl\u016bdes vai boj\u0101jumu paz\u012bmju.<\/li>\n<li>P\u0101rbaudiet un uzturiet atbilsto\u0161u hidraulisk\u0101s e\u013c\u013cas l\u012bmeni.<\/li>\n<li>Regul\u0101ri p\u0101rbaudiet un t\u012briet bl\u012bv\u0113juma komponentus.<\/li>\n<li>P\u0101rliecinieties, vai visi savienojumi un stiprin\u0101jumi ir dro\u0161i.<\/li>\n<li>Iev\u0113rojiet ra\u017eot\u0101ja nor\u0101d\u012bjumus par apkopes interv\u0101liem un proced\u016br\u0101m.<\/li>\n<\/ol>\n<h2>Instal\u0101cijas rokasgr\u0101mata<\/h2>\n<p>Pareiza sviras cilindra uzst\u0101d\u012b\u0161ana ir \u013coti svar\u012bga t\u0101 funkcionalit\u0101tei un dro\u0161\u012bbai. Veiciet \u0161\u012bs darb\u012bbas:<\/p>\n<ol>\n<li>Sagatavojiet mont\u0101\u017eas vietu un p\u0101rliecinieties, ka t\u0101 ir t\u012bra un bez gru\u017eiem.<\/li>\n<li>Novietojiet sviras cilindru paredz\u0113taj\u0101 viet\u0101 un izl\u012bdziniet to ar mont\u0101\u017eas caurumiem.<\/li>\n<li>Dro\u0161i nostipriniet cilindru, izmantojot atbilsto\u0161as \u200b\u200bskr\u016bves un stiprin\u0101jumus.<\/li>\n<li>Pievienojiet hidraulisk\u0101s \u0161\u013c\u016btenes saska\u0146\u0101 ar ra\u017eot\u0101ja nor\u0101d\u012bjumiem.<\/li>\n<li>P\u0101rbaudiet cilindra darb\u012bbu, lai nodro\u0161in\u0101tu pareizu funkcionalit\u0101ti.<\/li>\n<\/ol>\n<p><img decoding=\"async\" src=\"https:\/\/www.hydraulic-cylinders.net\/wp-content\/uploads\/2025\/01\/songte-bushings-with-all-kinds-of-excavator-models.webp\"><\/p>\n<h2>Dro\u0161\u012bbas apsv\u0113rumi un vides faktori<\/h2>\n<p>Izmantojot rokas cilindru, ir svar\u012bgi noteikt dro\u0161\u012bbas pas\u0101kumu priorit\u0101ti. Atbilsto\u0161u dro\u0161\u012bbas pas\u0101kumu ievie\u0161ana un nozares standartu un vadl\u012bniju iev\u0113ro\u0161ana ir \u013coti svar\u012bga, lai nov\u0113rstu negad\u012bjumus un nodro\u0161in\u0101tu operatoru un apk\u0101rt\u0113j\u0101 person\u0101la labkl\u0101j\u012bbu.<\/p>\n<h2>Probl\u0113mu nov\u0113r\u0161ana un bie\u017ei sastopamas probl\u0113mas<\/h2>\n<p>\u0160eit ir da\u017ei bie\u017ei sastopami probl\u0113mu nov\u0113r\u0161anas padomi un risin\u0101jumi iesp\u0113jam\u0101m probl\u0113m\u0101m, kas var rasties:<\/p>\n<ol>\n<li><b>Probl\u0113ma:<\/b> L\u0113na kust\u012bba vai jaudas tr\u016bkums sviras cilindr\u0101.<br \/>\n    <br \/><b>Risin\u0101jums:<\/b> P\u0101rbaudiet hidraulisk\u0101 \u0161\u0137idruma l\u012bmeni un p\u0101rliecinieties, ka tas ir ieteicamaj\u0101 l\u012bmen\u012b. P\u0101rbaudiet hidraulisko s\u016bkni, vai nav boj\u0101jumu vai darb\u012bbas trauc\u0113jumu.<\/li>\n<li><b>Probl\u0113ma:<\/b> Nopl\u016bde sviras cilindr\u0101.<br \/>\n    <br \/><b>Risin\u0101jums:<\/b> P\u0101rbaudiet bl\u012bves un nomainiet visas boj\u0101t\u0101s vai nolietot\u0101s bl\u012bves. Pievelciet visus savienojumus un stiprin\u0101jumus.<\/li>\n<li><b>Probl\u0113ma:<\/b> P\u0101rm\u0113r\u012bgs troksnis darb\u012bbas laik\u0101.<br \/>\n    <br \/><b>Risin\u0101jums:<\/b> P\u0101rbaudiet, vai nav va\u013c\u012bgu savienojumu vai stiprin\u0101jumu. P\u0101rbaudiet cilindru, vai nav boj\u0101jumu vai nepareizas izl\u012bdzin\u0101\u0161anas paz\u012bmju.<\/li>\n<\/ol>\n<p>Prevent\u012bvu pas\u0101kumu, piem\u0113ram, regul\u0101ras apkopes, pareizas e\u013c\u013co\u0161anas un ra\u017eot\u0101ja vadl\u012bniju iev\u0113ro\u0161anas, ievie\u0161ana var pal\u012bdz\u0113t samazin\u0101t iesp\u0113jam\u0101s probl\u0113mas.<\/p>\n<p><img decoding=\"async\" src=\"https:\/\/www.hydraulic-cylinders.net\/wp-content\/uploads\/2025\/01\/songte-chushion-collar.webp\"><\/p>\n<p>Atcerieties lo\u0123iski sak\u0101rtot rakstu, izmantot apak\u0161virsrakstus \u0113rtai navig\u0101cijai, iek\u013caut atbilsto\u0161us att\u0113lus vai diagrammas, lai uzlabotu izpratni, un nodro\u0161in\u0101t, lai saturs b\u016btu skaidrs, kodol\u012bgs un piem\u0113rots las\u012bt\u0101jiem ar da\u017e\u0101du tehnisko zin\u0101\u0161anu l\u012bmeni.<\/p>\n<h2>Par mums<\/h2>\n<p>M\u0113s esam profesion\u0101ls rezerves hidraulisko cilindru ra\u017eot\u0101js ar pla\u0161u produktu kl\u0101stu. Esam k\u013cuvu\u0161i par vienu no vado\u0161ajiem hidraulisko cilindru ra\u017eot\u0101jiem un vairumtirdzniec\u012bbas izplat\u012bt\u0101jiem viet\u0113j\u0101 un starptautiskaj\u0101 tirg\u016b. M\u016bsu ap\u0146em\u0161anos nodro\u0161in\u0101t izcil\u012bbu kvalit\u0101t\u0113 nodro\u0161ina m\u016bsu prec\u012bzi noregul\u0113t\u0101s ra\u017eo\u0161anas darbn\u012bcas, industrializ\u0113t\u0101s ra\u017eo\u0161anas vad\u012bbas strat\u0113\u0123ijas un nep\u0101rtraukta tehnolo\u0123iju un ra\u017eo\u0161anas efektivit\u0101tes uzlabo\u0161ana. Ievie\u0161ot augstas klases digit\u0101l\u0101s ra\u017eo\u0161anas iek\u0101rtas un profesion\u0101las test\u0113\u0161anas sist\u0113mas, m\u0113s optimiz\u0113jam savu ra\u017eo\u0161anas platformu un uzlabojam produktu kvalit\u0101tes kontroles procesus, \u013caujot mums pied\u0101v\u0101t inovat\u012bvus risin\u0101jumus. M\u016bsu m\u0113r\u0137is ir apmierin\u0101t da\u017e\u0101das klientu vajadz\u012bbas, iev\u0113rojot efektivit\u0101tes, precizit\u0101tes un augstas kvalit\u0101tes principus.<\/p>\n<p><img decoding=\"async\" src=\"https:\/\/www.hydraulic-cylinders.net\/wp-content\/uploads\/2025\/01\/songte-company-4.webp\"><br \/>\n<img decoding=\"async\" src=\"https:\/\/www.hydraulic-cylinders.net\/wp-content\/uploads\/2025\/01\/songte-company-3.webp\"><\/p>\n<p><em>Autors: lil<\/em><\/p>","protected":false},"excerpt":{"rendered":"<p>Arm Cylinder For Sunward Small Excavator SWE90E Introduction The Arm Cylinder is a specially designed hydraulic cylinder that provides linear motion and power to the arm of various machinery, such as excavators, cranes, and mechanical arms. It plays a key role in hydraulic systems, allowing for effective movement and control of additional tools or attachments. [&hellip;]<\/p>","protected":false},"featured_media":14766,"comment_status":"open","ping_status":"closed","template":"","meta":{"_et_pb_use_builder":"","_et_pb_old_content":"","_et_gb_content_width":""},"product_brand":[],"product_cat":[1497],"product_tag":[1498,1496],"class_list":{"0":"post-16442","1":"product","2":"type-product","3":"status-publish","4":"has-post-thumbnail","6":"product_cat-arm-cylinders","7":"product_tag-arm-cylinders","8":"product_tag-hydraulic-cylinders","10":"first","11":"instock","12":"shipping-taxable","13":"product-type-simple"},"amp_enabled":true,"_links":{"self":[{"href":"https:\/\/www.hydraulic-cylinders.net\/lv\/wp-json\/wp\/v2\/product\/16442","targetHints":{"allow":["GET"]}}],"collection":[{"href":"https:\/\/www.hydraulic-cylinders.net\/lv\/wp-json\/wp\/v2\/product"}],"about":[{"href":"https:\/\/www.hydraulic-cylinders.net\/lv\/wp-json\/wp\/v2\/types\/product"}],"replies":[{"embeddable":true,"href":"https:\/\/www.hydraulic-cylinders.net\/lv\/wp-json\/wp\/v2\/comments?post=16442"}],"wp:featuredmedia":[{"embeddable":true,"href":"https:\/\/www.hydraulic-cylinders.net\/lv\/wp-json\/wp\/v2\/media\/14766"}],"wp:attachment":[{"href":"https:\/\/www.hydraulic-cylinders.net\/lv\/wp-json\/wp\/v2\/media?parent=16442"}],"wp:term":[{"taxonomy":"product_brand","embeddable":true,"href":"https:\/\/www.hydraulic-cylinders.net\/lv\/wp-json\/wp\/v2\/product_brand?post=16442"},{"taxonomy":"product_cat","embeddable":true,"href":"https:\/\/www.hydraulic-cylinders.net\/lv\/wp-json\/wp\/v2\/product_cat?post=16442"},{"taxonomy":"product_tag","embeddable":true,"href":"https:\/\/www.hydraulic-cylinders.net\/lv\/wp-json\/wp\/v2\/product_tag?post=16442"}],"curies":[{"name":"wp","href":"https:\/\/api.w.org\/{rel}","templated":true}]}}