{"id":16443,"date":"2025-01-20T09:16:10","date_gmt":"2025-01-20T09:16:10","guid":{"rendered":"https:\/\/www.hydraulic-cylinders.net\/product\/arm-cylinderfor-sunward-small-excavator-swe150elr\/"},"modified":"2025-01-20T09:16:12","modified_gmt":"2025-01-20T09:16:12","slug":"arm-cylinderfor-sunward-small-excavator-swe150elr","status":"publish","type":"product","link":"https:\/\/www.hydraulic-cylinders.net\/lv\/products\/arm-cylinderfor-sunward-small-excavator-swe150elr\/","title":{"rendered":"Sviras cilindrs Sunward mazajam ekskavatoram SWE150ELR"},"content":{"rendered":"<h1>Sviras cilindrs Sunward mazajam ekskavatoram SWE150ELR<\/h1>\n<h2>Ievads<\/h2>\n<h3>Sviras cilindra defin\u012bcija<\/h3>\n<p>Sviras cilindrs ir speci\u0101li izstr\u0101d\u0101ts hidrauliskais cilindrs, ko galvenok\u0101rt izmanto, lai nodro\u0161in\u0101tu line\u0101ru kust\u012bbu un jaudu da\u017e\u0101du veidu ma\u0161\u012bnu, piem\u0113ram, ekskavatoru, celt\u0146u un manipulatoru, svir\u0101m. Sviras cilindram ir iz\u0161\u0137iro\u0161a noz\u012bme hidrauliskaj\u0101 sist\u0113m\u0101, nodro\u0161inot pievienoto instrumentu vai piederumu efekt\u012bvu kust\u012bbu un vad\u012bbu. \u0160ie cilindri ne tikai nodro\u0161ina vienm\u0113r\u012bgu kust\u012bbu, bet ar\u012b iztur lielas slodzes, nodro\u0161inot ma\u0161\u012bnu efekt\u012bvu darb\u012bbu un uzticam\u012bbu da\u017e\u0101dos darba apst\u0101k\u013cos.<\/p>\n<p><img decoding=\"async\" src=\"https:\/\/www.hydraulic-cylinders.net\/wp-content\/uploads\/2025\/01\/songte-company-2.webp\"><\/p>\n<h2>Produkta funkcijas<\/h2>\n<ul>\n<li>\n<h3>Augstas efektivit\u0101tes transmisija<\/h3>\n<p>Rokas cilindrs var nodro\u0161in\u0101t jaud\u012bgu line\u0101ru kust\u012bbu un sp\u0113ku, garant\u0113jot ma\u0161\u012bnas rokas augstu efektivit\u0101ti da\u017e\u0101d\u0101s darb\u012bb\u0101s.<\/p>\n<\/li>\n<li>\n<h3>Prec\u012bza kontrole<\/h3>\n<p>Izmantojot hidraulisko sist\u0113mu, rokas cilindrs var pan\u0101kt prec\u012bzu kust\u012bbas kontroli, padarot pievienoto instrumentu darb\u012bbu elast\u012bg\u0101ku un prec\u012bz\u0101ku.<\/p>\n<\/li>\n<li>\n<h3>Sp\u0113c\u012bga iztur\u012bba<\/h3>\n<p>Sviras cilindrs parasti ir izgatavots no augstas iztur\u012bbas materi\u0101liem, un tam ir laba nodilumiztur\u012bba un iztur\u012bba pret koroziju, padarot to piem\u0113rotu ilgsto\u0161ai lieto\u0161anai skarbos apst\u0101k\u013cos.<\/p>\n<\/li>\n<li>\n<h3>Daudzfunkcion\u0101la piel\u0101go\u0161an\u0101s sp\u0113ja<\/h3>\n<p>\u0160os cilindrus var pla\u0161i izmantot da\u017e\u0101d\u0101s meh\u0101nisk\u0101s iek\u0101rt\u0101s, piem\u0113ram, ekskavatoros, celt\u0146os un manipulatoros, lai piel\u0101gotos da\u017e\u0101d\u0101m darba pras\u012bb\u0101m.<\/p>\n<\/li>\n<li>\n<h3>Vienk\u0101r\u0161a apkope<\/h3>\n<p>Projekt\u0113\u0161an\u0101 \u0146emta v\u0113r\u0101 apkopes un nomai\u0146as vienk\u0101r\u0161\u012bba, padarot regul\u0101ru p\u0101rbaudi un apkopi \u0113rt\u0101ku un samazinot iek\u0101rtu d\u012bkst\u0101ves laiku.<\/p>\n<\/li>\n<\/ul>\n<p><img decoding=\"async\" src=\"https:\/\/www.hydraulic-cylinders.net\/wp-content\/uploads\/2025\/01\/songte-oil-pipes-and-spare-parts.webp\"><\/p>\n<h2>Pieteikumi<\/h2>\n<p>Sviras cilindram ir da\u017e\u0101di pielietojumi da\u017e\u0101d\u0101s nozar\u0113s:<\/p>\n<ul>\n<li>\n<h3>B\u016bvniec\u012bbas in\u017eenierija<\/h3>\n<p>Ekskavatoros un celt\u0146os sviras cilindrs tiek izmantots, lai kontrol\u0113tu kausa vai str\u0113les kust\u012bbu zemes darbos, materi\u0101lu apstr\u0101d\u0113 un konstrukciju uzst\u0101d\u012b\u0161an\u0101.<\/p>\n<\/li>\n<li>\n<h3>Ra\u017eo\u0161anas nozare<\/h3>\n<p>Automatiz\u0113t\u0101s ra\u017eo\u0161anas l\u012bnij\u0101s rokas cilindrs tiek izmantots manipulatoru p\u0101rvieto\u0161anai, piem\u0113ram, mont\u0101\u017eai, metin\u0101\u0161anai un apstr\u0101dei, lai uzlabotu ra\u017eo\u0161anas efektivit\u0101ti un precizit\u0101ti.<\/p>\n<\/li>\n<li>\n<h3>Lauksaimniec\u012bbas tehnika<\/h3>\n<p>Lauksaimniec\u012bbas ma\u0161\u012bn\u0101s, piem\u0113ram, kombainos un s\u0113jma\u0161\u012bn\u0101s, sviras cilindrs kontrol\u0113 vad\u012bbas sviras kust\u012bbu t\u0101diem uzdevumiem k\u0101 s\u0113\u0161ana, m\u0113slo\u0161ana un ra\u017eas nov\u0101k\u0161ana.<\/p>\n<\/li>\n<li>\n<h3>Kalnr\u016bpniec\u012bba<\/h3>\n<p>Kalnr\u016bpniec\u012bbas iek\u0101rt\u0101s rokas cilindrs tiek izmantots, lai kontrol\u0113tu kalnr\u016bpniec\u012bbas iek\u0101rtu rokas kust\u012bbu r\u016bdas ieguvei un apstr\u0101dei.<\/p>\n<\/li>\n<li>\n<h3>Lo\u0123istika un transports<\/h3>\n<p>Iekr\u0101v\u0113jos un apstr\u0101des robotos rokas cilindrs tiek izmantots, lai kontrol\u0113tu dak\u0161as pacel\u0161anu un kust\u012bbu materi\u0101lu apstr\u0101dei un sakrau\u0161anai.<\/p>\n<\/li>\n<\/ul>\n<h2>Dizaina apsv\u0113rumi un atlases krit\u0113riji<\/h2>\n<p>Sviras cilindra konstrukcijai j\u0101\u0146em v\u0113r\u0101 \u0161\u0101di faktori:<\/p>\n<ul>\n<li>\n<h3>Nestsp\u0113ja<\/h3>\n<p>Balonam j\u0101sp\u0113j iztur\u0113t maksim\u0101lo slodzi, kas nepiecie\u0161ama konkr\u0113taj\u0101 lieto\u0161anas situ\u0101cij\u0101.<\/p>\n<\/li>\n<li>\n<h3>Bl\u012bv\u0113\u0161ana<\/h3>\n<p>Balonam j\u0101izmanto da\u017e\u0101di bl\u012bv\u0113jumi, piem\u0113ram, virzu\u013ca bl\u012bv\u0113jumi un stie\u0146a bl\u012bv\u0113jumi, kas izgatavoti no nodilumiztur\u012bgiem materi\u0101liem, piem\u0113ram, poliuret\u0101na un nitrila gumijas, lai nodro\u0161in\u0101tu cilindra bl\u012bv\u0113juma veiktsp\u0113ju.<\/p>\n<\/li>\n<li>\n<h3>Iztur\u012bba<\/h3>\n<p>Balonam j\u0101b\u016bt izgatavotam no augstas stipr\u012bbas materi\u0101liem un tam j\u0101veic prec\u012bza virsmas apstr\u0101de, piem\u0113ram, cilindra korpusa un v\u012bt\u0146ot\u0101 gala virsmas apstr\u0101de, lai uzlabotu nodilumiztur\u012bbu.<\/p>\n<\/li>\n<li>\n<h3>Dro\u0161\u012bba<\/h3>\n<p>Balonam j\u0101atbilst attiec\u012bgajiem dro\u0161\u012bbas standartiem, lai lieto\u0161anas laik\u0101 nodro\u0161in\u0101tu person\u0101la un apr\u012bkojuma dro\u0161\u012bbu.<\/p>\n<\/li>\n<li>\n<h3>Uzturam\u012bba<\/h3>\n<p>Balonam j\u0101b\u016bt konstru\u0113tam t\u0101, lai to b\u016btu viegli apkopt un nomain\u012bt deta\u013cas, piem\u0113ram, viegli no\u0146emamus bl\u012bv\u0113jumus, kas atvieglotu un pa\u0101trin\u0101tu balona remontu un apkopi.<\/p>\n<\/li>\n<\/ul>\n<p><img decoding=\"async\" src=\"https:\/\/www.hydraulic-cylinders.net\/wp-content\/uploads\/2025\/01\/songte-cylinder-head-with-all-kinds-excavator-models.webp\"><\/p>\n<h2>Bl\u012bv\u0113\u0161ana un e\u013c\u013co\u0161ana<\/h2>\n<p>Lai nodro\u0161in\u0101tu cilindra bl\u012bv\u0113juma veiktsp\u0113ju, j\u0101izmanto da\u017e\u0101di bl\u012bv\u0113jumi, piem\u0113ram, virzu\u013ca bl\u012bv\u0113jumi un stie\u0146a bl\u012bv\u0113jumi. Bl\u012bv\u0113jumi ir izgatavoti no nodilumiztur\u012bgiem materi\u0101liem, piem\u0113ram, poliuret\u0101na un nitrila gumijas. Cilindra korpuss un v\u012bt\u0146ot\u0101 gala virsma tiek r\u016bp\u012bgi apstr\u0101d\u0101ta, lai uzlabotu nodilumiztur\u012bbu. Regul\u0101ri j\u0101pievieno atbilsto\u0161s hidraulisk\u0101s e\u013c\u013cas daudzums e\u013c\u013co\u0161anai.<\/p>\n<h2>Regul\u0101ras p\u0101rbaudes un profilaktisk\u0101s apkopes pas\u0101kumi<\/h2>\n<p>Regul\u0101rai p\u0101rbaudei un profilaktiskai apkopei j\u0101veic \u0161\u0101di pas\u0101kumi:<\/p>\n<ul>\n<li>\n<h3>P\u0101rbaudiet cilindra virsmu, vai taj\u0101 nav boj\u0101jumu<\/h3>\n<p>P\u0101rbaudiet cilindra virsmu, vai nav skr\u0101p\u0113jumu, korozijas un citu boj\u0101jumu. Ja tiek konstat\u0113ti boj\u0101jumi, cilindrs nekav\u0113joties j\u0101nomaina.<\/p>\n<\/li>\n<li>\n<h3>P\u0101rbaudiet virzuli un stieni<\/h3>\n<p>P\u0101rbaudiet virzuli un stieni, vai tie nav saliekti un boj\u0101ti. Ja tiek konstat\u0113ti boj\u0101jumi, cilindrs nekav\u0113joties j\u0101nomaina.<\/p>\n<\/li>\n<li>\n<h3>P\u0101rbaudiet bl\u012bves<\/h3>\n<p>P\u0101rbaudiet bl\u012bves, vai t\u0101s nav nodilu\u0161as vai boj\u0101tas. Ja tiek konstat\u0113ts nodilums vai boj\u0101jums, bl\u012bves savlaic\u012bgi j\u0101nomaina.<\/p>\n<\/li>\n<li>\n<h3>P\u0101rbaudiet hidraulisko sist\u0113mu<\/h3>\n<p>P\u0101rbaudiet hidraulisko sist\u0113mu, vai nav nopl\u016b\u017eu vai citu anom\u0101liju. Ja tiek konstat\u0113tas k\u0101das anom\u0101lijas, sist\u0113ma nekav\u0113joties j\u0101remont\u0113.<\/p>\n<\/li>\n<\/ul>\n<p><img decoding=\"async\" src=\"https:\/\/www.hydraulic-cylinders.net\/wp-content\/uploads\/2025\/01\/songte-chushion-collar.webp\"><\/p>\n<h2>Produkta uzst\u0101d\u012b\u0161anas rokasgr\u0101mata<\/h2>\n<p>Lai pareizi uzst\u0101d\u012btu cilindra sviru, j\u0101veic \u0161\u0101das darb\u012bbas:<\/p>\n<ol>\n<li>Sagatavojiet uzst\u0101d\u012b\u0161anas vietu un p\u0101rliecinieties, ka t\u0101 ir t\u012bra un l\u012bdzena.<\/li>\n<li>Saska\u0146ojiet cilindru ar pareizo uzst\u0101d\u012b\u0161anas poz\u012bciju un virzienu.<\/li>\n<li>Uzst\u0101diet cilindru un pievienojiet hidraulisko sist\u0113mu.<\/li>\n<li>P\u0101rbaudiet cilindru, lai p\u0101rliecin\u0101tos par pareizu darb\u012bbu.<\/li>\n<\/ol>\n<p><img decoding=\"async\" src=\"https:\/\/www.hydraulic-cylinders.net\/wp-content\/uploads\/2025\/01\/songte-bushings-with-all-kinds-of-excavator-models.webp\"><\/p>\n<h2>Dro\u0161\u012bbas apsv\u0113rumi un vides faktori<\/h2>\n<p>Izmantojot rokas cilindru, j\u0101iev\u0113ro attiec\u012bgie dro\u0161\u012bbas standarti, lai nodro\u0161in\u0101tu person\u0101la un apr\u012bkojuma dro\u0161\u012bbu. J\u0101\u0146em v\u0113r\u0101 ar\u012b vides faktori, piem\u0113ram, temperat\u016bra, mitrums un putek\u013ci, lai nodro\u0161in\u0101tu cilindra stabilu un uzticamu darb\u012bbu.<\/p>\n<h2>Probl\u0113mu nov\u0113r\u0161ana un bie\u017ei sastopamas probl\u0113mas<\/h2>\n<p>T\u0101l\u0101k ir nor\u0101d\u012btas da\u017eas bie\u017ei sastopamas probl\u0113mas, kas var rasties ar sviras cilindru:<\/p>\n<ul>\n<li>\n<h3>Bl\u012bv\u0113juma nopl\u016bde<\/h3>\n<p>Ja bl\u012bv\u0113jums ir boj\u0101ts vai nodilis, tas var izrais\u012bt nopl\u016bdi. Bl\u012bv\u0113jums ir j\u0101nomaina savlaic\u012bgi.<\/p>\n<\/li>\n<li>\n<h3>Virzu\u013ca iestr\u0113g\u0161ana<\/h3>\n<p>Ja virzulis ir iespr\u016bdis, tas var izrais\u012bt cilindra darb\u012bbas trauc\u0113jumus. Virzulis ir savlaic\u012bgi j\u0101t\u012bra vai j\u0101nomaina.<\/p>\n<\/li>\n<li>\n<h3>Nepietiekams sp\u0113ks<\/h3>\n<p>Ja cilindra rad\u012btais sp\u0113ks ir nepietiekams, to var izrais\u012bt nepietiekams spiediens vai cilindra boj\u0101jums. Hidraulisk\u0101s sist\u0113mas spiediens ir j\u0101palielina vai cilindrs savlaic\u012bgi j\u0101nomaina.<\/p>\n<\/li>\n<\/ul>\n<p>Lai nov\u0113rstu \u0161\u012bs probl\u0113mas ra\u0161anos, ieteicams regul\u0101ri p\u0101rbaud\u012bt un apkopt cilindru.<\/p>\n<h2>Par mums<\/h2>\n<p>M\u0113s esam profesion\u0101ls rezerves hidraulisko cilindru ra\u017eot\u0101js ar pla\u0161u produktu kl\u0101stu. Esam k\u013cuvu\u0161i par vienu no vado\u0161ajiem hidraulisko cilindru ra\u017eot\u0101jiem un vairumtirdzniec\u012bbas izplat\u012bt\u0101jiem viet\u0113j\u0101 un starptautiskaj\u0101 tirg\u016b. M\u0113s vienm\u0113r iev\u0113rojam izcilas kvalit\u0101tes principu, pa\u013caujamies uz industrializ\u0113t\u0101m ra\u017eo\u0161anas vad\u012bbas strat\u0113\u0123ij\u0101m sare\u017e\u0123\u012bt\u0101s ra\u017eo\u0161anas darbn\u012bc\u0101s, nep\u0101rtraukti uzlabojam savu tehnolo\u0123isko l\u012bmeni un ra\u017eo\u0161anas efektivit\u0101ti. Ievie\u0161ot augstas klases digit\u0101l\u0101s ra\u017eo\u0161anas iek\u0101rtas un profesion\u0101las test\u0113\u0161anas sist\u0113mas, m\u0113s optimiz\u0113jam ra\u017eo\u0161anas platformu un pilnveidojam produktu kvalit\u0101tes kontroles procesu, k\u0101 ar\u012b mums ir sp\u0113c\u012bgas inov\u0101ciju iesp\u0113jas. M\u016bsu m\u0113r\u0137is ir apmierin\u0101t klientu daudzveid\u012bg\u0101s vajadz\u012bbas ar augstu efektivit\u0101ti, precizit\u0101ti un augstu kvalit\u0101ti.<\/p>\n<p>M\u0113s pied\u0101v\u0101jam profesion\u0101lus, starptautiski sertific\u0113tus un piel\u0101gotus pakalpojumus, k\u0101 ar\u012b pied\u0101v\u0101jam modernas ra\u017eo\u0161anas iek\u0101rtas un lielisku p\u0113cp\u0101rdo\u0161anas servisu.<\/p>\n<p><img decoding=\"async\" src=\"https:\/\/www.hydraulic-cylinders.net\/wp-content\/uploads\/2025\/01\/songte-company-4.webp\"><\/p>\n<p><img decoding=\"async\" src=\"https:\/\/www.hydraulic-cylinders.net\/wp-content\/uploads\/2025\/01\/songte-company-3.webp\"><\/p>\n<p>Autors: lil<\/p>","protected":false},"excerpt":{"rendered":"<p>Arm CylinderFor Sunward Small Excavator SWE150ELR Introduction Definition of Arm Cylinder An arm cylinder is a specially designed hydraulic cylinder that is mainly used to provide linear motion and power to the arms of various types of machinery, such as excavators, cranes, and manipulators. The arm cylinder plays a critical role in the hydraulic system, [&hellip;]<\/p>","protected":false},"featured_media":14763,"comment_status":"open","ping_status":"closed","template":"","meta":{"_et_pb_use_builder":"","_et_pb_old_content":"","_et_gb_content_width":""},"product_brand":[],"product_cat":[1497],"product_tag":[1498,1496],"class_list":{"0":"post-16443","1":"product","2":"type-product","3":"status-publish","4":"has-post-thumbnail","6":"product_cat-arm-cylinders","7":"product_tag-arm-cylinders","8":"product_tag-hydraulic-cylinders","10":"first","11":"instock","12":"shipping-taxable","13":"product-type-simple"},"amp_enabled":true,"_links":{"self":[{"href":"https:\/\/www.hydraulic-cylinders.net\/lv\/wp-json\/wp\/v2\/product\/16443","targetHints":{"allow":["GET"]}}],"collection":[{"href":"https:\/\/www.hydraulic-cylinders.net\/lv\/wp-json\/wp\/v2\/product"}],"about":[{"href":"https:\/\/www.hydraulic-cylinders.net\/lv\/wp-json\/wp\/v2\/types\/product"}],"replies":[{"embeddable":true,"href":"https:\/\/www.hydraulic-cylinders.net\/lv\/wp-json\/wp\/v2\/comments?post=16443"}],"wp:featuredmedia":[{"embeddable":true,"href":"https:\/\/www.hydraulic-cylinders.net\/lv\/wp-json\/wp\/v2\/media\/14763"}],"wp:attachment":[{"href":"https:\/\/www.hydraulic-cylinders.net\/lv\/wp-json\/wp\/v2\/media?parent=16443"}],"wp:term":[{"taxonomy":"product_brand","embeddable":true,"href":"https:\/\/www.hydraulic-cylinders.net\/lv\/wp-json\/wp\/v2\/product_brand?post=16443"},{"taxonomy":"product_cat","embeddable":true,"href":"https:\/\/www.hydraulic-cylinders.net\/lv\/wp-json\/wp\/v2\/product_cat?post=16443"},{"taxonomy":"product_tag","embeddable":true,"href":"https:\/\/www.hydraulic-cylinders.net\/lv\/wp-json\/wp\/v2\/product_tag?post=16443"}],"curies":[{"name":"wp","href":"https:\/\/api.w.org\/{rel}","templated":true}]}}