{"id":16456,"date":"2025-01-21T05:26:34","date_gmt":"2025-01-21T05:26:34","guid":{"rendered":"https:\/\/www.hydraulic-cylinders.net\/product\/arm-cylinder-for-sunward-large-excavator-swe470elr\/"},"modified":"2025-01-21T05:26:36","modified_gmt":"2025-01-21T05:26:36","slug":"arm-cylinder-for-sunward-large-excavator-swe470elr","status":"publish","type":"product","link":"https:\/\/www.hydraulic-cylinders.net\/lv\/products\/arm-cylinder-for-sunward-large-excavator-swe470elr\/","title":{"rendered":"Sunward lieljaudas ekskavatora SWE470ELR rokas cilindrs"},"content":{"rendered":"<h2>Sunward lieljaudas ekskavatora SWE470ELR rokas cilindrs<\/h2>\n<h3>Ievads<\/h3>\n<p>Sviras cilindrs ir speci\u0101li izstr\u0101d\u0101ts hidrauliskais cilindrs, kas nodro\u0161ina line\u0101ru kust\u012bbu un jaudu da\u017e\u0101du ma\u0161\u012bnu, piem\u0113ram, ekskavatoru, celt\u0146u un meh\u0101nisko sviru, svir\u0101m. Sviras cilindriem ir iz\u0161\u0137iro\u0161a noz\u012bme hidrauliskaj\u0101s sist\u0113m\u0101s, \u013caujot pielikumiem un piederumiem efekt\u012bvi p\u0101rvietoties un tikt vad\u012btiem. \u0160ie cilindri ne tikai nodro\u0161ina vienm\u0113r\u012bgu kust\u012bbu, bet ar\u012b iztur lielas slodzes, nodro\u0161inot ma\u0161\u012bnas efekt\u012bvu darb\u012bbu un uzticam\u012bbu da\u017e\u0101dos ekspluat\u0101cijas apst\u0101k\u013cos.<\/p>\n<p><img decoding=\"async\" src=\"https:\/\/www.hydraulic-cylinders.net\/wp-content\/uploads\/2025\/01\/songte-company-2.webp\"><\/p>\n<h3>Funkcijas<\/h3>\n<ul>\n<li>Efekt\u012bva jaudas p\u0101rvade: Sviras cilindrs nodro\u0161ina jaud\u012bgu line\u0101ru kust\u012bbu un sp\u0113ku, garant\u0113jot meh\u0101nisk\u0101s sviras augstu veiktsp\u0113jas efektivit\u0101ti da\u017e\u0101d\u0101s darb\u012bb\u0101s.<\/li>\n<li>Prec\u012bza vad\u012bba: Sviras cilindrs nodro\u0161ina prec\u012bzu kust\u012bbas vad\u012bbu, izmantojot hidraulisko sist\u0113mu, padarot pievienoto instrumentu darb\u012bbu elast\u012bg\u0101ku un prec\u012bz\u0101ku.<\/li>\n<li>Sp\u0113c\u012bga iztur\u012bba: Sviru cilindri parasti ir izgatavoti no augstas iztur\u012bbas materi\u0101liem un tiem ir laba iztur\u012bba pret nodilumu un koroziju, kas ir piem\u0113rota ilgsto\u0161ai lieto\u0161anai skarbos apst\u0101k\u013cos.<\/li>\n<li>Daudzfunkcion\u0101la piel\u0101go\u0161an\u0101s sp\u0113ja: \u0161os cilindrus var pla\u0161i izmantot da\u017e\u0101d\u0101s meh\u0101nisk\u0101s iek\u0101rt\u0101s, piem\u0113ram, ekskavatoros, celt\u0146os un meh\u0101niskaj\u0101s svir\u0101s, lai piel\u0101gotos da\u017e\u0101d\u0101m darba pras\u012bb\u0101m.<\/li>\n<li>Vienk\u0101r\u0161a apkope: Projekt\u0113\u0161anas apsv\u0113rumi, kas paredz\u0113ti apkopes un nomai\u0146as vienk\u0101r\u0161\u012bbai, padara regul\u0101ru p\u0101rbaudi un apkopi \u0113rt\u0101ku, samazinot iek\u0101rtu d\u012bkst\u0101ves laiku.<\/li>\n<\/ul>\n<p>M\u0113s varam ra\u017eot \u0161o produktu, un tas var lieliski aizst\u0101t \u0161os hidrauliskos cilindrus.<\/p>\n<p><img decoding=\"async\" src=\"https:\/\/www.hydraulic-cylinders.net\/wp-content\/uploads\/2025\/01\/songte-oil-pipes-and-spare-parts.webp\"><\/p>\n<h3>Pieteikumi<\/h3>\n<p>Sviru cilindriem ir pla\u0161s pielietojums da\u017e\u0101d\u0101s nozar\u0113s un ma\u0161\u012bn\u0101s, piem\u0113ram:<\/p>\n<ul>\n<li>Konstrukcija: Sviru cilindri tiek izmantoti, lai kontrol\u0113tu kausu vai str\u0113les kust\u012bbu ekskavatoros un celt\u0146os zemes p\u0101rvieto\u0161anai, materi\u0101lu apstr\u0101dei un konstrukciju uzst\u0101d\u012b\u0161anai.<\/li>\n<li>Ra\u017eo\u0161ana: Roku cilindri tiek izmantoti meh\u0101nisko roku p\u0101rvieto\u0161anai automatiz\u0113t\u0101s ra\u017eo\u0161anas l\u012bnij\u0101s mont\u0101\u017eas, metin\u0101\u0161anas un apstr\u0101des procesos, uzlabojot ra\u017eo\u0161anas efektivit\u0101ti un precizit\u0101ti.<\/li>\n<li>Lauksaimniec\u012bbas tehnika: Sviru cilindri kontrol\u0113 vad\u012bbas sviru kust\u012bbu lauksaimniec\u012bbas tehnik\u0101, piem\u0113ram, kombainos un s\u0113jma\u0161\u012bn\u0101s, veicot t\u0101dus uzdevumus k\u0101 s\u0113\u0161ana, m\u0113slo\u0161ana un ra\u017eas nov\u0101k\u0161ana.<\/li>\n<li>Kalnr\u016bpniec\u012bba: Rokas cilindri tiek izmantoti, lai kontrol\u0113tu kalnr\u016bpniec\u012bbas iek\u0101rtu rokas kust\u012bbu miner\u0101lu ieguvei un transport\u0113\u0161anai.<\/li>\n<li>Lo\u0123istika un transport\u0113\u0161ana: Roku cilindri tiek izmantoti, lai kontrol\u0113tu dak\u0161u pacel\u0161anu un kust\u012bbu iekr\u0101v\u0113jos un apstr\u0101des robotos, realiz\u0113jot materi\u0101lu apstr\u0101di un sakrau\u0161anu.<\/li>\n<\/ul>\n<h3>Dizaina apsv\u0113rumi un atlases krit\u0113riji<\/h3>\n<p>No konstrukcijas viedok\u013ca, svircilindriem j\u0101\u0146em v\u0113r\u0101 to nestsp\u0113ja, bl\u012bv\u0113jums, iztur\u012bba, dro\u0161\u012bba un apkopes iesp\u0113jas. T\u0101l\u0101k ir min\u0113ti galvenie diskusijas punkti:<\/p>\n<ol>\n<li>Nestsp\u0113ja: Sviru cilindriem ir j\u0101atbilst da\u017e\u0101du ma\u0161\u012bnu un darb\u012bbu pras\u012bb\u0101m, nodro\u0161inot vienm\u0113r\u012bgu un stabilu kust\u012bbu un izturot lielas slodzes.<\/li>\n<li>Bl\u012bv\u0113jums: Lai nodro\u0161in\u0101tu labu bl\u012bv\u0113juma veiktsp\u0113ju, sviru cilindriem j\u0101izmanto da\u017e\u0101di bl\u012bv\u0113juma komponenti, piem\u0113ram, virzu\u013ca bl\u012bv\u0113jumi un stie\u0146a bl\u012bv\u0113jumi, kas izgatavoti no nodilumiztur\u012bgiem materi\u0101liem, piem\u0113ram, poliuret\u0101na un nitrila gumijas.<\/li>\n<li>Iztur\u012bba: Sviru cilindriem j\u0101izmanto augstas iztur\u012bbas materi\u0101li un j\u0101veic smalka virsmas apstr\u0101de, lai uzlabotu nodilumiztur\u012bbu un iztur\u012bbu pret koroziju.<\/li>\n<li>Dro\u0161\u012bba: Sviru cilindriem j\u0101izmanto dro\u0161\u012bbas ier\u012bces, piem\u0113ram, p\u0101rspiediena v\u0101rsti, lai nodro\u0161in\u0101tu dro\u0161u darb\u012bbu p\u0101rspiediena vai citu negad\u012bjumu gad\u012bjum\u0101.<\/li>\n<li>Uzturam\u012bba: Sviru cilindriem j\u0101b\u016bt konstru\u0113tiem t\u0101, lai atvieglotu apkopi un nomai\u0146u, vienk\u0101r\u0161ojot p\u0101rbaudi un apkopi, k\u0101 ar\u012b samazinot d\u012bkst\u0101ves laiku.<\/li>\n<\/ol>\n<p><img decoding=\"async\" src=\"https:\/\/www.hydraulic-cylinders.net\/wp-content\/uploads\/2025\/01\/songte-cylinder-head-with-all-kinds-excavator-models.webp\"><\/p>\n<h3>Bl\u012bv\u0113\u0161ana un e\u013c\u013co\u0161ana<\/h3>\n<p>Sviru cilindriem j\u0101izmanto da\u017e\u0101di bl\u012bv\u0113\u0161anas komponenti, piem\u0113ram, virzu\u013ca bl\u012bv\u0113jumi un stie\u0146a bl\u012bv\u0113jumi, kas izgatavoti no nodilumiztur\u012bgiem materi\u0101liem, piem\u0113ram, poliuret\u0101na un nitrila gumijas, lai nodro\u0161in\u0101tu labu bl\u012bv\u0113\u0161anas veiktsp\u0113ju. Cilindra korpusam un v\u012btnes gala virsmai nepiecie\u0161ama smalka virsmas apstr\u0101de, lai uzlabotu nodilumiztur\u012bbu. Lai nodro\u0161in\u0101tu cilindra vienm\u0113r\u012bgu darb\u012bbu, ir nepiecie\u0161ams regul\u0101ri pievienot piem\u0113rotu hidraulisko e\u013c\u013cu e\u013c\u013co\u0161anai.<\/p>\n<p><img decoding=\"async\" src=\"https:\/\/www.hydraulic-cylinders.net\/wp-content\/uploads\/2025\/01\/songte-chushion-collar.webp\"><\/p>\n<h3>Apkope un probl\u0113mu nov\u0113r\u0161ana<\/h3>\n<p>Regul\u0101ra p\u0101rbaude un profilaktisk\u0101 apkope ir \u013coti svar\u012bga sviras cilindriem, lai pagarin\u0101tu to kalpo\u0161anas laiku. T\u0101l\u0101k sniegti da\u017ei padomi un risin\u0101jumi probl\u0113mu nov\u0113r\u0161anai:<\/p>\n<ol>\n<li>P\u0101rbaudiet stiprin\u0101juma skr\u016bves un uzgrie\u017e\u0146us un, ja nepiecie\u0161ams, pievelciet tos.<\/li>\n<li>P\u0101rbaudiet cilindra stieni, vai taj\u0101 nav skr\u0101p\u0113jumu vai citu boj\u0101jumu, un, ja nepiecie\u0161ams, nomainiet to.<\/li>\n<li>P\u0101rbaudiet virzu\u013ca bl\u012bv\u0113jumu un stie\u0146a bl\u012bv\u0113jumu herm\u0113tiskumu un nomainiet tos, ja tie ir nodilu\u0161i vai boj\u0101ti.<\/li>\n<li>P\u0101rbaudiet hidraulisko e\u013c\u013cu, vai t\u0101 nav pies\u0101r\u0146ota vai boj\u0101ta, un, ja nepiecie\u0161ams, nomainiet to.<\/li>\n<\/ol>\n<p>Prevent\u012bvie pas\u0101kumi ietver atbilsto\u0161a hidraulisk\u0101s e\u013c\u013cas l\u012bme\u0146a uztur\u0113\u0161anu, p\u0101rslodzes vai nomin\u0101l\u0101 spiediena p\u0101rsnieg\u0161anas nov\u0113r\u0161anu, k\u0101 ar\u012b regul\u0101ru cilindra t\u012br\u012b\u0161anu. \u0160ie pas\u0101kumi var pal\u012bdz\u0113t samazin\u0101t iesp\u0113jam\u0101s probl\u0113mas un nodro\u0161in\u0101t sviras cilindra dro\u0161u un efekt\u012bvu darb\u012bbu.<\/p>\n<h3>Instal\u0101cijas rokasgr\u0101mata<\/h3>\n<p>Lai uzst\u0101d\u012btu sviras cilindru, j\u0101veic \u0161\u0101das darb\u012bbas:<\/p>\n<ol>\n<li>P\u0101rliecinieties, vai cilindrs ir piem\u0113rots tehnikai un ekspluat\u0101cijas pras\u012bb\u0101m.<\/li>\n<li>Sagatavojiet visus nepiecie\u0161amos instrumentus un apr\u012bkojumu un p\u0101rliecinieties, ka tie ir lab\u0101 st\u0101vokl\u012b.<\/li>\n<li>No\u0146emiet veco cilindru un not\u012briet stiprin\u0101juma virsmu.<\/li>\n<li>Uzst\u0101diet jauno cilindru un pievelciet stiprin\u0101juma skr\u016bves un uzgrie\u017e\u0146us l\u012bdz nor\u0101d\u012btajam griezes momentam.<\/li>\n<li>Pievienojiet hidraulisk\u0101s \u0161\u013c\u016btenes un savienojumus cilindram un p\u0101rbaudiet t\u0101 darb\u012bbu.<\/li>\n<\/ol>\n<p>Uzst\u0101d\u012b\u0161anas process j\u0101veic piesardz\u012bgi un saska\u0146\u0101 ar ra\u017eot\u0101ja nor\u0101d\u012bjumiem, lai izvair\u012btos no negad\u012bjumiem vai cilindra vai meh\u0101nismu boj\u0101jumiem.<\/p>\n<h3>Uz\u0146\u0113muma ievads<\/h3>\n<p>M\u0113s esam profesion\u0101ls rezerves hidraulisko cilindru ra\u017eot\u0101js ar pla\u0161u produktu kl\u0101stu un esam k\u013cuvu\u0161i par vienu no vado\u0161ajiem hidraulisko cilindru ra\u017eot\u0101jiem un vairumtirdzniec\u012bbas izplat\u012bt\u0101jiem viet\u0113j\u0101 un starptautiskaj\u0101 tirg\u016b. M\u0113s vienm\u0113r iev\u0113rojam izcilas kvalit\u0101tes principu un pa\u013caujamies uz industrializ\u0113t\u0101m ra\u017eo\u0161anas vad\u012bbas strat\u0113\u0123ij\u0101m smalk\u0101s ra\u017eo\u0161anas darbn\u012bc\u0101s, lai nep\u0101rtraukti uzlabotu savu tehnisko l\u012bmeni un ra\u017eo\u0161anas efektivit\u0101ti. Ievie\u0161ot augstas klases digit\u0101l\u0101s ra\u017eo\u0161anas iek\u0101rtas un profesion\u0101las test\u0113\u0161anas sist\u0113mas, m\u0113s nep\u0101rtraukti optimiz\u0113jam ra\u017eo\u0161anas platformu un uzlabojam produktu kvalit\u0101tes kontroles procesu, pateicoties sp\u0113c\u012bg\u0101m inov\u0101ciju sp\u0113j\u0101m. M\u016bsu m\u0113r\u0137is ir apmierin\u0101t klientu da\u017e\u0101d\u0101s vajadz\u012bbas ar efektivit\u0101ti, precizit\u0101ti un augstu kvalit\u0101ti.<\/p>\n<p>M\u016bsu uz\u0146\u0113mums nodro\u0161ina profesion\u0101lus pakalpojumus, starptautiskus sertifik\u0101tus, pas\u016bt\u012bjuma pakalpojumus, ra\u017eo\u0161anas iek\u0101rtas un p\u0113cp\u0101rdo\u0161anas pakalpojumus, lai apmierin\u0101tu klientu vajadz\u012bbas.<\/p>\n<p><img decoding=\"async\" src=\"https:\/\/www.hydraulic-cylinders.net\/wp-content\/uploads\/2025\/01\/songte-company-4.webp\"><br \/>\n<img decoding=\"async\" src=\"https:\/\/www.hydraulic-cylinders.net\/wp-content\/uploads\/2025\/01\/songte-company-3.webp\"><\/p>\n<p>Autors: Lails.<\/p>","protected":false},"excerpt":{"rendered":"<p>Arm Cylinder For Sunward Large Excavator SWE470ELR Introduction Arm cylinder is a specially designed hydraulic cylinder that provides linear motion and power to the arms of various machines, such as excavators, cranes, and mechanical arms. Arm cylinders play a crucial role in hydraulic systems, enabling attachments and accessories to move and be controlled effectively. These [&hellip;]<\/p>","protected":false},"featured_media":14786,"comment_status":"open","ping_status":"closed","template":"","meta":{"_et_pb_use_builder":"","_et_pb_old_content":"","_et_gb_content_width":""},"product_brand":[],"product_cat":[1497],"product_tag":[1498,1496],"class_list":{"0":"post-16456","1":"product","2":"type-product","3":"status-publish","4":"has-post-thumbnail","6":"product_cat-arm-cylinders","7":"product_tag-arm-cylinders","8":"product_tag-hydraulic-cylinders","10":"first","11":"instock","12":"shipping-taxable","13":"product-type-simple"},"amp_enabled":true,"_links":{"self":[{"href":"https:\/\/www.hydraulic-cylinders.net\/lv\/wp-json\/wp\/v2\/product\/16456","targetHints":{"allow":["GET"]}}],"collection":[{"href":"https:\/\/www.hydraulic-cylinders.net\/lv\/wp-json\/wp\/v2\/product"}],"about":[{"href":"https:\/\/www.hydraulic-cylinders.net\/lv\/wp-json\/wp\/v2\/types\/product"}],"replies":[{"embeddable":true,"href":"https:\/\/www.hydraulic-cylinders.net\/lv\/wp-json\/wp\/v2\/comments?post=16456"}],"wp:featuredmedia":[{"embeddable":true,"href":"https:\/\/www.hydraulic-cylinders.net\/lv\/wp-json\/wp\/v2\/media\/14786"}],"wp:attachment":[{"href":"https:\/\/www.hydraulic-cylinders.net\/lv\/wp-json\/wp\/v2\/media?parent=16456"}],"wp:term":[{"taxonomy":"product_brand","embeddable":true,"href":"https:\/\/www.hydraulic-cylinders.net\/lv\/wp-json\/wp\/v2\/product_brand?post=16456"},{"taxonomy":"product_cat","embeddable":true,"href":"https:\/\/www.hydraulic-cylinders.net\/lv\/wp-json\/wp\/v2\/product_cat?post=16456"},{"taxonomy":"product_tag","embeddable":true,"href":"https:\/\/www.hydraulic-cylinders.net\/lv\/wp-json\/wp\/v2\/product_tag?post=16456"}],"curies":[{"name":"wp","href":"https:\/\/api.w.org\/{rel}","templated":true}]}}