{"id":1647,"date":"2023-10-10T06:38:09","date_gmt":"2023-10-10T06:38:09","guid":{"rendered":"https:\/\/hydraulic-cylinders.net\/?post_type=product&#038;p=1647"},"modified":"2025-04-11T03:46:26","modified_gmt":"2025-04-11T03:46:26","slug":"press-leveling-cylinder","status":"publish","type":"product","link":"https:\/\/www.hydraulic-cylinders.net\/lv\/products\/press-leveling-cylinder\/","title":{"rendered":"Preses izl\u012bdzin\u0101\u0161anas cilindrs"},"content":{"rendered":"<h1 style=\"text-align: center;\"><strong>Preses izl\u012bdzin\u0101\u0161anas cilindrs<\/strong><\/h1>\n<p><img loading=\"lazy\" decoding=\"async\" class=\"aligncenter wp-image-1648\" src=\"https:\/\/hydraulic-cylinders.net\/wp-content\/uploads\/2023\/10\/leveling-cylinder-1-300x300.webp\" alt=\"\" width=\"400\" height=\"400\" \/><\/p>\n<p>Preses izl\u012bdzin\u0101\u0161anas cilindrs ir moderns produkts ar izcilu precizit\u0101ti un stabilit\u0101ti da\u017e\u0101dos r\u016bpnieciskos pielietojumos. Pateicoties t\u0101 uzlabotaj\u0101m funkcij\u0101m un iztur\u012bgajai konstrukcijai, \u0161is cilindrs pied\u0101v\u0101 uzticamas izl\u012bdzin\u0101\u0161anas iesp\u0113jas, nodro\u0161inot optim\u0101lu apstr\u0101des, mont\u0101\u017eas un izl\u012bdzin\u0101\u0161anas veiktsp\u0113ju.<\/p>\n<p>Preses izl\u012bdzin\u0101\u0161anas cilindrs ir neaizst\u0101jams instruments precizit\u0101tes un stabilit\u0101tes sasnieg\u0161anai r\u016bpnieciskos pielietojumos. Pateicoties prec\u012bzaj\u0101m izl\u012bdzin\u0101\u0161anas iesp\u0113j\u0101m, iztur\u012bgajai konstrukcijai un augstuma regul\u0113jam\u012bbai, \u0161is cilindrs \u013cauj optimiz\u0113t sagatavju vai iek\u0101rtu izl\u012bdzin\u0101\u0161anu un pozicion\u0113\u0161anu. Iev\u0113rojot ieteicam\u0101s lieto\u0161anas metodes un apkopes praksi, j\u016bs varat maksim\u0101li palielin\u0101t preses izl\u012bdzin\u0101\u0161anas cilindra veiktsp\u0113ju, ilgm\u016b\u017e\u012bbu un dro\u0161\u012bbu sav\u0101 r\u016bpnieciskaj\u0101 vid\u0113. Izv\u0113lieties \u0161o cilindru, lai uzlabotu savu r\u016bpniecisko darb\u012bbu precizit\u0101ti, efektivit\u0101ti un kvalit\u0101ti.<\/p>\n<p>Preses izl\u012bdzin\u0101\u0161anas cilindra galven\u0101s \u012bpa\u0161\u012bbas:<\/p>\n<ol>\n<li>Prec\u012bza izl\u012bdzin\u0101\u0161ana:<\/li>\n<\/ol>\n<ul>\n<li>Preses izl\u012bdzin\u0101\u0161anas cilindrs ir izstr\u0101d\u0101ts, lai nodro\u0161in\u0101tu prec\u012bzas izl\u012bdzin\u0101\u0161anas iesp\u0113jas, \u013caujot prec\u012bzi izl\u012bdzin\u0101t un novietot sagataves vai iek\u0101rtas.<\/li>\n<li>Ar savu smalko regul\u0113\u0161anas meh\u0101nismu un augsto nestsp\u0113ju \u0161is cilindrs nodro\u0161ina stabilas un l\u012bdzenas virsmas, samazinot k\u013c\u016bdas un uzlabojot kvalit\u0101ti.<\/li>\n<\/ul>\n<ol start=\"2\">\n<li>Iztur\u012bga konstrukcija:<\/li>\n<\/ol>\n<ul>\n<li>\u0160is cilindrs ir izgatavots no iztur\u012bgiem materi\u0101liem, kas nodro\u0161ina t\u0101 sp\u0113ju iztur\u0113t lielas slodzes un skarbus ekspluat\u0101cijas apst\u0101k\u013cus.<\/li>\n<li>Preses izl\u012bdzin\u0101\u0161anas cilindra iztur\u012bg\u0101 konstrukcija garant\u0113 ilgm\u016b\u017e\u012bbu un uzticam\u012bbu, padarot to piem\u0113rotu pras\u012bg\u0101m r\u016bpniecisk\u0101m vid\u0113m.<\/li>\n<\/ul>\n<ol start=\"3\">\n<li>Augstuma regul\u0113jam\u012bba:<\/li>\n<\/ol>\n<ul>\n<li>Cilindrs pied\u0101v\u0101 \u0113rtu augstuma regul\u0113\u0161anu, kas \u013cauj prec\u012bzi noregul\u0113t sagataves vai iek\u0101rtas l\u012bmeni.<\/li>\n<li>Ar t\u0101 viegli lietojamo augstuma regul\u0113\u0161anas meh\u0101nismu j\u016bs varat pan\u0101kt prec\u012bzu izl\u012bdzin\u0101\u0161anu, piel\u0101gojoties virsmas apst\u0101k\u013ciem vai apr\u012bkojuma pras\u012bbu izmai\u0146\u0101m.<\/li>\n<\/ul>\n<ol start=\"4\">\n<li>\u0100tra un vienk\u0101r\u0161a uzst\u0101d\u012b\u0161ana:<\/li>\n<\/ol>\n<ul>\n<li>Preses izl\u012bdzin\u0101\u0161anas cilindrs ir paredz\u0113ts neman\u0101mai uzst\u0101d\u012b\u0161anai, nodro\u0161inot bezr\u016bp\u012bgu iestat\u012b\u0161anas procesu.<\/li>\n<li>T\u0101s lietot\u0101jam draudz\u012bg\u0101s uzst\u0101d\u012b\u0161anas funkcijas samazina d\u012bkst\u0101ves laiku un nodro\u0161ina \u0101tru integr\u0101ciju j\u016bsu eso\u0161aj\u0101s r\u016bpnieciskaj\u0101s sist\u0113m\u0101s.<\/li>\n<\/ul>\n<h2><strong>Preses izl\u012bdzin\u0101\u0161anas cilindra parametrs:<\/strong><\/h2>\n<table border=\"1\" cellspacing=\"0\" cellpadding=\"0\">\n<tbody>\n<tr>\n<td>Produkta nosaukums<\/td>\n<td>Hidraulisk\u0101 preses izl\u012bdzin\u0101\u0161anas cilindrs<\/td>\n<\/tr>\n<tr>\n<td>Funkcijas:<\/td>\n<td>Sagatavju vai deta\u013cu paral\u0113la pacel\u0161ana<\/td>\n<\/tr>\n<tr>\n<td>Urbuma diametrs:<\/td>\n<td>\u00a090 mm\uff5e380 mm<\/td>\n<\/tr>\n<tr>\n<td>Stie\u0146a diametrs:<\/td>\n<td>50 mm\uff5e280 mm<br \/>\nG\u0101jiens \u22642500 mm<\/td>\n<\/tr>\n<tr>\n<td>Vilces sp\u0113ks:<\/td>\n<td>Maksim\u0101l\u0101 jauda 2835 kN<br \/>\n(Cilindra diametrs 380 mm\/spiediens 25 MPa)<\/td>\n<\/tr>\n<tr>\n<td>Hidraulisk\u0101 preses izl\u012bdzin\u0101\u0161anas cilindra pielietojums:<\/td>\n<td>Hidraulisk\u0101 prese<\/td>\n<\/tr>\n<\/tbody>\n<\/table>\n<div><\/div>\n<div>\n<div class=\"txtboxL\">Funkcijas:<\/div>\n<div class=\"txtboxR\">Sagatavju vai deta\u013cu paral\u0113la pacel\u0161ana<\/div>\n<div class=\"txtboxL\">Specifik\u0101cija:<\/div>\n<div class=\"txtboxR\">Urbuma diametrs: 90 mm ~ 380 mm<br \/>\nStie\u0146a diametrs: 50 mm ~ 280 mm<br \/>\nG\u0101jiens \u22642500 mm<\/div>\n<div class=\"txtboxL\">Vilces sp\u0113ks:<\/div>\n<div class=\"txtboxR\">Maksim\u0101l\u0101 jauda 2835 kN<br \/>\n(Cilindra diametrs 380 mm\/spiediens 25 MPa)<\/div>\n<\/div>\n<h2><strong>Preses cilindru r\u016bpn\u012bca:<\/strong><\/h2>\n<p><img loading=\"lazy\" decoding=\"async\" class=\"alignnone wp-image-1619 size-full\" src=\"https:\/\/hydraulic-cylinders.net\/wp-content\/uploads\/2023\/10\/press-cylinder.webp\" alt=\"\" width=\"1418\" height=\"946\" srcset=\"https:\/\/hydraulic-cylinders.net\/wp-content\/uploads\/2023\/10\/press-cylinder.webp 1418w, https:\/\/hydraulic-cylinders.net\/wp-content\/uploads\/2023\/10\/press-cylinder-1280x854.webp 1280w, https:\/\/hydraulic-cylinders.net\/wp-content\/uploads\/2023\/10\/press-cylinder-980x654.webp 980w, https:\/\/hydraulic-cylinders.net\/wp-content\/uploads\/2023\/10\/press-cylinder-480x320.webp 480w\" sizes=\"(min-width: 0px) and (max-width: 480px) 480px, (min-width: 481px) and (max-width: 980px) 980px, (min-width: 981px) and (max-width: 1280px) 1280px, (min-width: 1281px) 1418px, 100vw\" \/><\/p>\n<h2><strong>Preses izl\u012bdzin\u0101\u0161anas cilindra lieto\u0161anas metode<\/strong><strong>:<\/strong><\/h2>\n<ol>\n<li><strong>Gatavo\u0161an\u0101s uzst\u0101d\u012b\u0161anai:<\/strong><\/li>\n<\/ol>\n<ul>\n<li>Pirms preses izl\u012bdzin\u0101\u0161anas cilindra uzst\u0101d\u012b\u0161anas p\u0101rliecinieties, vai darba virsma vai meh\u0101nisms ir t\u012brs un bez gru\u017eiem vai \u0161\u0137\u0113r\u0161\u013ciem.<\/li>\n<li>Nosakiet atbilsto\u0161os stiprin\u0101juma punktus un attiec\u012bgi novietojiet cilindru.<\/li>\n<\/ul>\n<ol start=\"2\">\n<li><strong>Cilindra mont\u0101\u017ea:<\/strong><\/li>\n<\/ol>\n<ul>\n<li>Dro\u0161i piestipriniet cilindru pie nor\u0101d\u012btajiem stiprin\u0101juma punktiem, izmantojot komplekt\u0101 iek\u013cautos stiprin\u0101juma kron\u0161teinus vai stiprin\u0101jumus.<\/li>\n<li>Iev\u0113rojiet ra\u017eot\u0101ja nor\u0101d\u012bjumus un vadl\u012bnijas, lai nodro\u0161in\u0101tu pareizu izl\u012bdzin\u0101\u0161anu un stabilit\u0101ti.<\/li>\n<\/ul>\n<ol start=\"3\">\n<li><strong>L\u012bme\u0146a regul\u0113\u0161ana:<\/strong><\/li>\n<\/ol>\n<ul>\n<li>Aktiviz\u0113jiet augstuma regul\u0113\u0161anas meh\u0101nismu uz preses izl\u012bdzin\u0101\u0161anas cilindra saska\u0146\u0101 ar ra\u017eot\u0101ja nor\u0101d\u012bjumiem.<\/li>\n<li>Pak\u0101peniski regul\u0113jiet cilindru, lai sasniegtu v\u0113lamo l\u012bmeni, \u0146emot v\u0113r\u0101 j\u016bsu lietojuma \u012bpa\u0161\u0101s pras\u012bbas.<\/li>\n<\/ul>\n<ol start=\"4\">\n<li><strong>L\u012bme\u0146a blo\u0137\u0113\u0161ana:<\/strong><\/li>\n<\/ol>\n<ul>\n<li>Kad ir sasniegts v\u0113lamais l\u012bmenis, iesl\u0113dziet blo\u0137\u0113\u0161anas meh\u0101nismu, lai nostiprin\u0101tu cilindru.<\/li>\n<li>Blo\u0137\u0113\u0161anas meh\u0101nisms nodro\u0161ina stabilit\u0101ti un nov\u0113r\u0161 nejau\u0161u kust\u012bbu vai regul\u0113\u0161anu.<\/li>\n<\/ul>\n<h2><strong>K\u0101 p\u0101rbaud\u012bt, vai hidrauliskaj\u0101 cilindr\u0101 ir iek\u0161\u0113ja nopl\u016bde?<\/strong><\/h2>\n<div class=\"ChatMessage_chatMessage__xkgHx\" data-complete=\"true\">\n<div class=\"ChatMessage_botMessageHeader__8yA1R\">\n<div class=\"ChatMessage_headerWrapper__UeGSI\">Hidraulisk\u0101 cilindra iek\u0161\u0113jo nopl\u016b\u017eu p\u0101rbaude ir b\u016btisks apkopes uzdevums, lai nodro\u0161in\u0101tu optim\u0101lu veiktsp\u0113ju un nov\u0113rstu iesp\u0113jamus boj\u0101jumus. T\u0101l\u0101k ir nor\u0101d\u012btas darb\u012bbas, lai p\u0101rbaud\u012btu, vai hidrauliskaj\u0101 cilindr\u0101 ir iek\u0161\u0113j\u0101 nopl\u016bde:<\/div>\n<\/div>\n<div class=\"ChatMessage_messageRow__DHlnq\">\n<div class=\"ChatMessage_messageWrapper__4Ugd6\">\n<div class=\"Message_row__ug_UU\">\n<div class=\"Message_botMessageBubble__aYctV\">\n<div class=\"Markdown_markdownContainer__Tz3HQ\">\n<ol>\n<li><strong>Dro\u0161\u012bbas pas\u0101kumi:<\/strong> Pirms jebk\u0101das p\u0101rbaudes uzs\u0101k\u0161anas iev\u0113rojiet atbilsto\u0161as \u200b\u200bdro\u0161\u012bbas proced\u016bras. Izsl\u0113dziet hidraulisko baro\u0161anas avotu, samaziniet spiedienu sist\u0113m\u0101 un p\u0101rliecinieties, vai cilindrs ir piln\u012bb\u0101 ievilkts.<\/li>\n<li><strong>Vizu\u0101la p\u0101rbaude:<\/strong> S\u0101ciet ar hidraulisk\u0101 cilindra \u0101r\u0113j\u0101s virsmas vizu\u0101lu p\u0101rbaudi, vai nav e\u013c\u013cas nopl\u016b\u017eu paz\u012bmju. Mekl\u0113jiet e\u013c\u013cas traipus, mitrus plankumus vai uzkr\u0101ju\u0161os e\u013c\u013cu ap cilindra korpusu, stieni vai bl\u012bv\u0113m. \u0100r\u0113jas nopl\u016bdes var liecin\u0101t par iek\u0161\u0113j\u0101m nopl\u016bd\u0113m.<\/li>\n<li><strong>Izstiepiet cilindru:<\/strong> Piln\u012bb\u0101 izstiepiet hidraulisko cilindru. Tas atsegs stieni un \u013caus jums nov\u0113rot jebk\u0101du e\u013c\u013cas nopl\u016bdi no stie\u0146a bl\u012bv\u0113juma zonas.<\/li>\n<li><strong>Noslaukiet un iev\u0113rojiet:<\/strong> Izmantojiet t\u012bru dr\u0101nu, lai noslauc\u012btu visu stie\u0146a garumu. P\u0101rbaudiet dr\u0101nu, vai nav redzamas e\u013c\u013cas paliekas. Ja uz auduma paman\u0101t iev\u0113rojamu daudzumu e\u013c\u013cas, tas var liecin\u0101t par iek\u0161\u0113ju nopl\u016bdi.<\/li>\n<li><strong>Kontrolstie\u0146a kust\u012bba:<\/strong> L\u0113n\u0101m ievelciet cilindru, vienlaikus nov\u0113rojot stie\u0146a kust\u012bbu. Piev\u0113rsiet uzman\u012bbu jebk\u0101dai saraust\u012btai vai nevienm\u0113r\u012bgai kust\u012bbai, kas var\u0113tu liecin\u0101t par iek\u0161\u0113ju nopl\u016bdi vai boj\u0101tiem bl\u012bv\u0113jumiem.<\/li>\n<li><strong>Cilindra dreifa tests:<\/strong> Kad cilindrs ir piln\u012bb\u0101 ievilkts un hidraulisk\u0101 sist\u0113ma ir izsl\u0113gta, nov\u0113rojiet, vai cilindr\u0101 nav negaid\u012btu kust\u012bbu. Ja cilindrs s\u0101k izstiepties vai l\u0113n\u0101m novirz\u012bties uz \u0101ru, tas var liecin\u0101t par iek\u0161\u0113ju nopl\u016bdi.<\/li>\n<li><strong>Spiediena p\u0101rbaude:<\/strong> Spiediena p\u0101rbaudi var veikt, ja ir aizdomas par iek\u0161\u0113ju nopl\u016bdi, bet t\u0101 nav vizu\u0101li redzama. Lai dro\u0161i veiktu spiediena p\u0101rbaudi, iepaz\u012bstieties ar ra\u017eot\u0101ja vadl\u012bnij\u0101m vai sazinieties ar hidraulikas speci\u0101listu. Tas ietver balona spiediena paaugstin\u0101\u0161anu un spiediena zuduma uzraudz\u012bbu noteikt\u0101 laika period\u0101. Iev\u0113rojams spiediena kritums var liecin\u0101t par iek\u0161\u0113ju nopl\u016bdi.<\/li>\n<li><strong>E\u013c\u013cas anal\u012bze:<\/strong> Ja ir aizdomas par iek\u0161\u0113ju nopl\u016bdi, bet t\u0101 nav apstiprin\u0101ta ar vizu\u0101lu p\u0101rbaudi vai cit\u0101m metod\u0113m, apsveriet iesp\u0113ju veikt e\u013c\u013cas anal\u012bzi. Pa\u0146emiet no sist\u0113mas hidraulisk\u0101 \u0161\u0137idruma paraugu un nododiet to laboratorijai anal\u012bzei. P\u0113t\u012bjum\u0101 var identific\u0113t pies\u0101r\u0146ot\u0101jus vai patolo\u0123isku nodiluma da\u013ci\u0146u l\u012bmeni, kas var liecin\u0101t par iek\u0161\u0113ju nopl\u016bdi vai cit\u0101m probl\u0113m\u0101m.<\/li>\n<\/ol>\n<\/div>\n<\/div>\n<\/div>\n<\/div>\n<\/div>\n<\/div>\n<h2><strong>R\u016bpn\u012bcas iesp\u0113jas un jauda:<\/strong><\/h2>\n<h3>(1) Mont\u0101\u017ea<\/h3>\n<p>Mums ir pirmklas\u012bga neatkar\u012bga p\u0113tniec\u012bbas un att\u012bst\u012bbas mont\u0101\u017eas platforma. Hidraulisko cilindru ra\u017eo\u0161anas darbn\u012bc\u0101 ir \u010detras pusautom\u0101tiskas pacel\u0161anas cilindru mont\u0101\u017eas l\u012bnijas un viena autom\u0101tisk\u0101 sl\u012bpuma cilindru mont\u0101\u017eas l\u012bnija ar projekt\u0113to gada ra\u017eo\u0161anas jaudu 1 miljons vien\u012bbu. Speci\u0101lo cilindru darbn\u012bca ir apr\u012bkota ar da\u017e\u0101du specifik\u0101ciju pusautom\u0101tisku t\u012br\u012b\u0161anas mont\u0101\u017eas sist\u0113mu ar projekt\u0113to gada ra\u017eo\u0161anas jaudu 200 000 vien\u012bbu un apr\u012bkota ar slaven\u0101m CNC apstr\u0101des iek\u0101rt\u0101m, apstr\u0101des centru, augstas precizit\u0101tes cilindru apstr\u0101des speci\u0101lo apr\u012bkojumu, robotiz\u0113tu metin\u0101\u0161anas iek\u0101rtu, autom\u0101tisku t\u012br\u012b\u0161anas iek\u0101rtu, autom\u0101tisku cilindru mont\u0101\u017eas iek\u0101rtu un autom\u0101tisku kr\u0101so\u0161anas ra\u017eo\u0161anas l\u012bniju. Eso\u0161ais kritiskais apr\u012bkojums ir vair\u0101k nek\u0101 300 komplektu (komplektu). Optim\u0101la iek\u0101rtu resursu sadale un efekt\u012bva izmanto\u0161ana nodro\u0161ina produktu precizit\u0101tes pras\u012bbas un apmierina produktu augst\u0101s kvalit\u0101tes pras\u012bbas.<\/p>\n<p><img loading=\"lazy\" decoding=\"async\" class=\"alignnone wp-image-626\" src=\"https:\/\/hydraulic-cylinders.net\/wp-content\/uploads\/2023\/08\/hydraulic-cylinder-product-1-300x158.webp\" alt=\"\" width=\"495\" height=\"260\" srcset=\"https:\/\/hydraulic-cylinders.net\/wp-content\/uploads\/2023\/08\/hydraulic-cylinder-product-1-300x158.webp 495w, https:\/\/hydraulic-cylinders.net\/wp-content\/uploads\/2023\/08\/hydraulic-cylinder-product-1-480x252.webp 480w\" sizes=\"(min-width: 0px) and (max-width: 480px) 480px, (min-width: 481px) 495px, 100vw\" \/> <img loading=\"lazy\" decoding=\"async\" class=\"alignnone wp-image-627\" src=\"https:\/\/hydraulic-cylinders.net\/wp-content\/uploads\/2023\/08\/hydraulic-cylinder-product-2-300x189.webp\" alt=\"\" width=\"413\" height=\"260\" \/><\/p>\n<h3>(2) Apstr\u0101de<\/h3>\n<p>Apstr\u0101des cehs ir apr\u012bkots ar piel\u0101gotu sl\u012bpo slie\u017eu virpo\u0161anas centru, apstr\u0101des centru, \u0101trgaitas asin\u0101\u0161anas ma\u0161\u012bnu, metin\u0101\u0161anas robotu un citu saist\u012btu apr\u012bkojumu, kas var apstr\u0101d\u0101t cilindriskas caurules ar maksim\u0101lo iek\u0161\u0113jo diametru 400 mm un maksim\u0101lo garumu 6 metri.<\/p>\n<p><img loading=\"lazy\" decoding=\"async\" class=\"alignnone wp-image-628 size-large\" src=\"https:\/\/hydraulic-cylinders.net\/wp-content\/uploads\/2023\/08\/hydraulic-cylinder-product-3-1024x391.webp\" alt=\"\" width=\"1024\" height=\"391\" srcset=\"https:\/\/hydraulic-cylinders.net\/wp-content\/uploads\/2023\/08\/hydraulic-cylinder-product-3-980x374.webp 980w, https:\/\/hydraulic-cylinders.net\/wp-content\/uploads\/2023\/08\/hydraulic-cylinder-product-3-480x183.webp 480w\" sizes=\"(min-width: 0px) and (max-width: 480px) 480px, (min-width: 481px) and (max-width: 980px) 980px, (min-width: 981px) 1024px, 100vw\" \/><\/p>\n<h3>(3) Metin\u0101\u0161ana<\/h3>\n<p><img loading=\"lazy\" decoding=\"async\" class=\"alignnone wp-image-629 size-large\" src=\"https:\/\/hydraulic-cylinders.net\/wp-content\/uploads\/2023\/08\/hydraulic-cylinder-product-4-1024x510.webp\" alt=\"\" width=\"1024\" height=\"510\" srcset=\"https:\/\/hydraulic-cylinders.net\/wp-content\/uploads\/2023\/08\/hydraulic-cylinder-product-4-980x488.webp 980w, https:\/\/hydraulic-cylinders.net\/wp-content\/uploads\/2023\/08\/hydraulic-cylinder-product-4-480x239.webp 480w\" sizes=\"(min-width: 0px) and (max-width: 480px) 480px, (min-width: 481px) and (max-width: 980px) 980px, (min-width: 981px) 1024px, 100vw\" \/><\/p>\n<h3>(4) Kr\u0101so\u0161ana un p\u0101rkl\u0101\u0161ana<\/h3>\n<p>Ar maz\u0101m un vid\u0113ja izm\u0113ra cilindrisk\u0101m autom\u0101tisk\u0101m \u016bdens b\u0101zes kr\u0101su p\u0101rkl\u0101\u0161anas l\u012bnij\u0101m, lai pan\u0101ktu autom\u0101tisku robotu iekrau\u0161anu un izkrau\u0161anu un autom\u0101tisku izsmidzin\u0101\u0161anu, projekt\u0113t\u0101 jauda ir 4000 gabali mai\u0146\u0101;<br \/>\nMums ir ar\u012b pusautom\u0101tiska kr\u0101su ra\u017eo\u0161anas l\u012bnija lieliem baloniem, ko darbina \u0137\u0113des piedzi\u0146a, ar 60 kastu konstrukcijas jaudu vien\u0101 mai\u0146\u0101.<\/p>\n<p><img loading=\"lazy\" decoding=\"async\" class=\"alignnone wp-image-630\" src=\"https:\/\/hydraulic-cylinders.net\/wp-content\/uploads\/2023\/08\/hydraulic-cylinder-product-5-300x213.webp\" alt=\"\" width=\"366\" height=\"260\" \/> <img loading=\"lazy\" decoding=\"async\" class=\"alignnone wp-image-631\" src=\"https:\/\/hydraulic-cylinders.net\/wp-content\/uploads\/2023\/08\/hydraulic-cylinder-product-6-300x225.webp\" alt=\"\" width=\"347\" height=\"260\" \/><\/p>\n<h3>(5) Test\u0113\u0161ana<\/h3>\n<p>Mums ir augst\u0101k\u0101s klases p\u0101rbaudes iek\u0101rtas un test\u0113\u0161anas stendi, lai nodro\u0161in\u0101tu, ka balona veiktsp\u0113ja atbilst pras\u012bb\u0101m.<\/p>\n<p><img loading=\"lazy\" decoding=\"async\" class=\"alignnone wp-image-632\" src=\"https:\/\/hydraulic-cylinders.net\/wp-content\/uploads\/2023\/08\/hydraulic-cylinder-product-8-300x200.webp\" alt=\"\" width=\"389\" height=\"260\" \/><\/p>\n<p>&nbsp;<\/p>\n<p>&nbsp;<\/p>\n<p>M\u0113s esam viens no lab\u0101kajiem hidraulisko cilindru ra\u017eot\u0101jiem. M\u0113s varam pied\u0101v\u0101t visaptvero\u0161us hidrauliskos cilindrus. M\u0113s nodro\u0161in\u0101m ar\u012b atbilsto\u0161us <a href=\"https:\/\/hzpt.com\/agricultural-pto-gearbox\/\" target=\"_blank\" rel=\"noopener\">lauksaimniec\u012bbas p\u0101rnesumk\u0101rbas<\/a>. M\u0113s esam eksport\u0113ju\u0161i savus produktus klientiem vis\u0101 pasaul\u0113 un esam ieguvu\u0161i labu reput\u0101ciju, pateicoties m\u016bsu izcilajai produktu kvalit\u0101tei un p\u0113cp\u0101rdo\u0161anas servisam. M\u0113s aicin\u0101m klientus no valsts un \u0101rvalst\u012bm sazin\u0101ties ar mums, lai risin\u0101tu biznesa sarunas, apmain\u012btos ar inform\u0101ciju un... <a href=\"https:\/\/www.hydraulic-cylinders.net\/lv\/contact-us\/\">sadarboties ar mums<\/a>!<\/p>","protected":false},"excerpt":{"rendered":"<p>Press Leveling Cylinder The press leveling cylinder is a state-of-the-art product with exceptional precision and stability in various industrial applications. With its advanced features and robust construction, this cylinder offers reliable leveling capabilities, ensuring optimal machining, assembly, and alignment performance. The press leveling cylinder is an indispensable tool for achieving precision and stability in industrial [&hellip;]<\/p>","protected":false},"featured_media":1649,"comment_status":"open","ping_status":"closed","template":"","meta":{"_et_pb_use_builder":"","_et_pb_old_content":"","_et_gb_content_width":""},"product_brand":[],"product_cat":[1550,1522,1376],"product_tag":[1380],"class_list":{"0":"post-1647","1":"product","2":"type-product","3":"status-publish","4":"has-post-thumbnail","6":"product_cat-double-acting-hydraulic-cylinder","7":"product_cat-press-hydraulic-cylinders","8":"product_cat-hydraulic-cylinder","9":"product_tag-hydraulic-cylinder","11":"first","12":"instock","13":"shipping-taxable","14":"product-type-simple"},"amp_enabled":true,"_links":{"self":[{"href":"https:\/\/www.hydraulic-cylinders.net\/lv\/wp-json\/wp\/v2\/product\/1647","targetHints":{"allow":["GET"]}}],"collection":[{"href":"https:\/\/www.hydraulic-cylinders.net\/lv\/wp-json\/wp\/v2\/product"}],"about":[{"href":"https:\/\/www.hydraulic-cylinders.net\/lv\/wp-json\/wp\/v2\/types\/product"}],"replies":[{"embeddable":true,"href":"https:\/\/www.hydraulic-cylinders.net\/lv\/wp-json\/wp\/v2\/comments?post=1647"}],"wp:featuredmedia":[{"embeddable":true,"href":"https:\/\/www.hydraulic-cylinders.net\/lv\/wp-json\/wp\/v2\/media\/1649"}],"wp:attachment":[{"href":"https:\/\/www.hydraulic-cylinders.net\/lv\/wp-json\/wp\/v2\/media?parent=1647"}],"wp:term":[{"taxonomy":"product_brand","embeddable":true,"href":"https:\/\/www.hydraulic-cylinders.net\/lv\/wp-json\/wp\/v2\/product_brand?post=1647"},{"taxonomy":"product_cat","embeddable":true,"href":"https:\/\/www.hydraulic-cylinders.net\/lv\/wp-json\/wp\/v2\/product_cat?post=1647"},{"taxonomy":"product_tag","embeddable":true,"href":"https:\/\/www.hydraulic-cylinders.net\/lv\/wp-json\/wp\/v2\/product_tag?post=1647"}],"curies":[{"name":"wp","href":"https:\/\/api.w.org\/{rel}","templated":true}]}}