{"id":16471,"date":"2025-01-21T05:27:37","date_gmt":"2025-01-21T05:27:37","guid":{"rendered":"https:\/\/www.hydraulic-cylinders.net\/product\/arm-cylinder-for-lishide-middle-excavator-sc220-8\/"},"modified":"2025-01-21T05:27:39","modified_gmt":"2025-01-21T05:27:39","slug":"arm-cylinder-for-lishide-middle-excavator-sc220-8","status":"publish","type":"product","link":"https:\/\/www.hydraulic-cylinders.net\/lv\/products\/arm-cylinder-for-lishide-middle-excavator-sc220-8\/","title":{"rendered":"Lishide vid\u0113j\u0101 ekskavatora SC220.8 rokas cilindrs"},"content":{"rendered":"<h2>Lishide vid\u0113j\u0101 ekskavatora SC220.8 rokas cilindrs<\/h2>\n<p>Sviras cilindrs ir speci\u0101li izstr\u0101d\u0101ts hidrauliskais cilindrs, ko galvenok\u0101rt izmanto, lai nodro\u0161in\u0101tu line\u0101ru kust\u012bbu un jaudu da\u017e\u0101du veidu ma\u0161\u012bnu, piem\u0113ram, ekskavatoru, celt\u0146u un robotiz\u0113tu roku, svir\u0101m. Sviras cilindram ir iz\u0161\u0137iro\u0161a noz\u012bme hidrauliskaj\u0101s sist\u0113m\u0101s, nodro\u0161inot efekt\u012bvu papildu instrumentu vai stiprin\u0101jumu kust\u012bbu un vad\u012bbu. \u0160ie cilindri ne tikai nodro\u0161ina vienm\u0113r\u012bgu kust\u012bbu, bet ar\u012b iztur lielas slodzes, nodro\u0161inot ma\u0161\u012bnu efekt\u012bvu darb\u012bbu un uzticam\u012bbu da\u017e\u0101dos darba apst\u0101k\u013cos.<\/p>\n<p><img decoding=\"async\" src=\"https:\/\/www.hydraulic-cylinders.net\/wp-content\/uploads\/2025\/01\/songte-company-2.webp\" alt=\"Lishide vid\u0113j\u0101 ekskavatora SC220.8 rokas cilindra att\u0113ls\"><\/p>\n<h2>Produkta funkcijas<\/h2>\n<ul>\n<li><strong>Augstas efektivit\u0101tes p\u0101rraide:<\/strong> Rokas cilindrs nodro\u0161ina jaud\u012bgu line\u0101ru kust\u012bbu un sp\u0113ku, garant\u0113jot robotiz\u0113t\u0101s rokas augstu veiktsp\u0113ju da\u017e\u0101d\u0101s oper\u0101cij\u0101s.<\/li>\n<li><strong>Prec\u012bza kontrole:<\/strong> Izmantojot hidraulisko sist\u0113mu, rokas cilindrs nodro\u0161ina prec\u012bzu kust\u012bbas kontroli, padarot papildu instrumentu darb\u012bbu elast\u012bg\u0101ku un prec\u012bz\u0101ku.<\/li>\n<li><strong>Iztur\u012bba:<\/strong> Sviru cilindri parasti tiek ra\u017eoti, izmantojot augstas iztur\u012bbas materi\u0101lus, kas nodro\u0161ina izcilu nodilumiztur\u012bbu un iztur\u012bbu pret koroziju, padarot tos piem\u0113rotus ilgsto\u0161ai lieto\u0161anai skarbos apst\u0101k\u013cos.<\/li>\n<li><strong>Daudzfunkcion\u0101la piel\u0101go\u0161an\u0101s sp\u0113ja:<\/strong> \u0160os cilindrus var pla\u0161i pielietot da\u017e\u0101da veida ma\u0161\u012bn\u0101m, piem\u0113ram, ekskavatoriem, celt\u0146iem un robotiz\u0113t\u0101m rok\u0101m, lai apmierin\u0101tu da\u017e\u0101das ekspluat\u0101cijas pras\u012bbas.<\/li>\n<li><strong>Apkopes vienk\u0101r\u0161\u012bba:<\/strong> \u0160o cilindru konstrukcij\u0101 ir \u0146emta v\u0113r\u0101 apkopes un nomai\u0146as vienk\u0101r\u0161\u012bba, padarot regul\u0101ru p\u0101rbaudi un apkopi \u0113rt\u0101ku un samazinot iek\u0101rtu d\u012bkst\u0101ves laiku.<\/li>\n<\/ul>\n<p><img decoding=\"async\" src=\"https:\/\/www.hydraulic-cylinders.net\/wp-content\/uploads\/2025\/01\/songte-oil-pipes-and-spare-parts.webp\" alt=\"Lishide vid\u0113j\u0101 ekskavatora SC220.8 rokas cilindra att\u0113ls\"><\/p>\n<h2>Pieteikumi<\/h2>\n<p>Sviras cilindrs tiek izmantots da\u017e\u0101d\u0101s nozar\u0113s:<\/p>\n<ul>\n<li><strong>B\u016bvniec\u012bbas in\u017eenierija:<\/strong> Ekskavatoros un celt\u0146os sviras cilindrs tiek izmantots, lai kontrol\u0113tu kausa vai str\u0113les kust\u012bbu, nodro\u0161inot zemes darbus, materi\u0101lu apstr\u0101di un konstrukciju uzst\u0101d\u012b\u0161anu.<\/li>\n<li><strong>Ra\u017eo\u0161ana:<\/strong> Automatiz\u0113t\u0101s ra\u017eo\u0161anas l\u012bnij\u0101s rokas cilindrs tiek izmantots robotiz\u0113tu roku kust\u012bbai, nodro\u0161inot mont\u0101\u017eas, metin\u0101\u0161anas un materi\u0101lu apstr\u0101des procesus, t\u0101d\u0113j\u0101di uzlabojot ra\u017eo\u0161anas efektivit\u0101ti un precizit\u0101ti.<\/li>\n<li><strong>Lauksaimniec\u012bbas tehnika:<\/strong> Lauksaimniec\u012bbas ma\u0161\u012bn\u0101s, piem\u0113ram, kombainos un s\u0113jma\u0161\u012bn\u0101s, sviras cilindrs kontrol\u0113 vad\u012bbas sviras kust\u012bbu, veicot t\u0101dus uzdevumus k\u0101 st\u0101d\u012b\u0161ana, m\u0113slo\u0161ana un ra\u017eas nov\u0101k\u0161ana.<\/li>\n<li><strong>Kalnr\u016bpniec\u012bba:<\/strong> Kalnr\u016bpniec\u012bbas iek\u0101rt\u0101s sviras cilindrs tiek izmantots, lai kontrol\u0113tu kalnr\u016bpniec\u012bbas iek\u0101rtu sviru kust\u012bbu, atvieglojot r\u016bdas ieguvi un transport\u0113\u0161anu.<\/li>\n<li><strong>Lo\u0123istika un transports:<\/strong> Iekr\u0101v\u0113jos un apstr\u0101des robotos rokas cilindrs tiek izmantots, lai kontrol\u0113tu dak\u0161u pacel\u0161anu un kust\u012bbu, nodro\u0161inot materi\u0101lu apstr\u0101di un sakrau\u0161anu.<\/li>\n<\/ul>\n<h2>Dizaina apsv\u0113rumi un atlases krit\u0113riji<\/h2>\n<p>Run\u0101jot par sviras cilindru projekt\u0113\u0161anas apsv\u0113rumiem un izv\u0113les krit\u0113rijiem, j\u0101\u0146em v\u0113r\u0101 vair\u0101ki faktori:<\/p>\n<ul>\n<li><strong>Nestsp\u0113ja:<\/strong> Sviru cilindriem j\u0101sp\u0113j iztur\u0113t paredzam\u0101s slodzes un sp\u0113kus to paredz\u0113tajos lietojumos.<\/li>\n<li><strong>Bl\u012bv\u0113jums:<\/strong> Tiek izmantoti da\u017e\u0101di bl\u012bv\u0113\u0161anas komponenti, piem\u0113ram, virzu\u013ca bl\u012bvsl\u0113gi \u200b\u200bun stie\u0146u bl\u012bvsl\u0113gi, kas bie\u017ei vien ir izgatavoti no nodilumiztur\u012bgiem materi\u0101liem, piem\u0113ram, poliuret\u0101na un nitrila gumijas. Cilindra korpuss un v\u012bt\u0146otie gali tiek pak\u013cauti prec\u012bzai apstr\u0101dei, lai uzlabotu nodilumiztur\u012bbu.<\/li>\n<li><strong>Iztur\u012bba:<\/strong> Sviru cilindri ir izstr\u0101d\u0101ti t\u0101, lai iztur\u0113tu to lieto\u0161anas sare\u017e\u0123\u012btos apst\u0101k\u013cus, nodro\u0161inot ilgu kalpo\u0161anas laiku un uzticamu veiktsp\u0113ju.<\/li>\n<li><strong>Dro\u0161\u012bba:<\/strong> Projekt\u0113\u0161an\u0101 ir iek\u013cautas dro\u0161\u012bbas funkcijas, lai nov\u0113rstu negad\u012bjumus un nodro\u0161in\u0101tu dro\u0161u ma\u0161\u012bnas darb\u012bbu.<\/li>\n<li><strong>Uzturam\u012bba:<\/strong> \u0160is dizains nodro\u0161ina \u0113rtu apkopi un deta\u013cu nomai\u0146u, samazinot d\u012bkst\u0101ves laiku un atvieglojot efekt\u012bvu apkopi.<\/li>\n<\/ul>\n<p><img decoding=\"async\" src=\"https:\/\/www.hydraulic-cylinders.net\/wp-content\/uploads\/2025\/01\/songte-cylinder-head-with-all-kinds-excavator-models.webp\" alt=\"Lishide vid\u0113j\u0101 ekskavatora SC220.8 rokas cilindra att\u0113ls\"><\/p>\n<h2>Bl\u012bv\u0113\u0161ana un e\u013c\u013co\u0161ana<\/h2>\n<p>Sviru cilindros tiek izmantoti da\u017e\u0101di bl\u012bv\u0113\u0161anas komponenti, piem\u0113ram, virzu\u013ca bl\u012bvsl\u0113gi \u200b\u200bun stie\u0146a bl\u012bvsl\u0113gi, kas izgatavoti no nodilumiztur\u012bgiem materi\u0101liem, piem\u0113ram, poliuret\u0101na un nitrila gumijas. Cilindra korpuss un v\u012bt\u0146otie gali tiek pak\u013cauti prec\u012bzai apstr\u0101dei, lai uzlabotu nodilumiztur\u012bbu. Lai nodro\u0161in\u0101tu vienm\u0113r\u012bgu darb\u012bbu, ir nepiecie\u0161ama regul\u0101ra e\u013c\u013co\u0161ana ar atbilsto\u0161u hidraulisko e\u013c\u013cu.<\/p>\n<h2>Regul\u0101ra p\u0101rbaude un profilaktisk\u0101 apkope<\/h2>\n<p>Lai nodro\u0161in\u0101tu optim\u0101lu sviras cilindra darb\u012bbu un ilgm\u016b\u017e\u012bbu, j\u0101veic regul\u0101ras p\u0101rbaudes un profilaktisk\u0101s apkopes pas\u0101kumi:<\/p>\n<ul>\n<li>P\u0101rbaudiet cilindru, vai nav nopl\u016b\u017eu, nodiluma vai boj\u0101jumu paz\u012bmju.<\/li>\n<li>P\u0101rbaudiet bl\u012bves un, ja nepiecie\u0161ams, nomainiet t\u0101s.<\/li>\n<li>Not\u012briet un iee\u013c\u013cojiet cilindru un t\u0101 sast\u0101vda\u013cas.<\/li>\n<li>P\u0101rbaudiet cilindra izl\u012bdzin\u0101jumu un novietojumu.<\/li>\n<li>Pievelciet visus va\u013c\u012bgos savienojumus vai stiprin\u0101jumus.<\/li>\n<\/ul>\n<h2>Produkta uzst\u0101d\u012b\u0161anas rokasgr\u0101mata<\/h2>\n<p>Pareiza sviras cilindra uzst\u0101d\u012b\u0161ana ir \u013coti svar\u012bga t\u0101 veiktsp\u0113jai un dro\u0161\u012bbai. T\u0101l\u0101k ir nor\u0101d\u012btas darb\u012bbas, kas j\u0101veic:<\/p>\n<ol>\n<li>Sagatavojiet mont\u0101\u017eas vietu un p\u0101rliecinieties, ka t\u0101 ir t\u012bra un bez gru\u017eiem.<\/li>\n<li>Dro\u0161i piestipriniet cilindru pie mont\u0101\u017eas kron\u0161teina, izmantojot atbilsto\u0161us stiprin\u0101jumus.<\/li>\n<li>Pievienojiet hidraulisk\u0101s \u0161\u013c\u016btenes vai caurules cilindru savienojumiem.<\/li>\n<li>Pievelciet visus savienojumus ar nor\u0101d\u012bto griezes momentu.<\/li>\n<li>P\u0101rbaudiet cilindra pareizu darb\u012bbu un p\u0101rbaudiet, vai nav nopl\u016b\u017eu.<\/li>\n<\/ol>\n<p><img decoding=\"async\" src=\"https:\/\/www.hydraulic-cylinders.net\/wp-content\/uploads\/2025\/01\/songte-bushings-with-all-kinds-of-excavator-models.webp\" alt=\"Lishide vid\u0113j\u0101 ekskavatora SC220.8 rokas cilindra att\u0113ls\"><\/p>\n<h2>Dro\u0161\u012bbas apsv\u0113rumi un vides faktori<\/h2>\n<p>Izmantojot sviras cilindrus, ir svar\u012bgi priorit\u0101ri piev\u0113rsties dro\u0161\u012bbas pas\u0101kumiem, lai nov\u0113rstu negad\u012bjumus un nodro\u0161in\u0101tu operatoru un apk\u0101rt\u0113j\u0101 person\u0101la labkl\u0101j\u012bbu. Turkl\u0101t vides faktoru \u0146em\u0161ana v\u0113r\u0101 sviras cilindru projekt\u0113\u0161an\u0101 un lieto\u0161an\u0101 pal\u012bdz samazin\u0101t ietekmi uz vidi un veicin\u0101t ilgtsp\u0113j\u012bbu.<\/p>\n<h2>K\u013c\u016bmju diagnostika un bie\u017e\u0101k sastopam\u0101s probl\u0113mas<\/h2>\n<p>Neskatoties uz iztur\u012bbu, sviras cilindriem var rasties k\u013c\u016bmes vai probl\u0113mas. \u0160eit ir da\u017ei bie\u017ei sastopami defekti:<\/p>\n<ul>\n<li>Nopl\u016bde no bl\u012bv\u0113m vai savienojumiem<\/li>\n<li>L\u0113na vai nevienm\u0113r\u012bga kust\u012bba<\/li>\n<li>Nepiln\u012bga pagarin\u0101\u0161ana vai ievilk\u0161ana<\/li>\n<li>Neparastas ska\u0146as darb\u012bbas laik\u0101<\/li>\n<\/ul>\n<p>Saskaroties ar \u0161\u012bm probl\u0113m\u0101m, t\u0101l\u0101k sniegtie probl\u0113mu nov\u0113r\u0161anas padomi un risin\u0101jumi var pal\u012bdz\u0113t t\u0101s efekt\u012bvi diagnostic\u0113t un nov\u0113rst:<\/p>\n<ul>\n<li>P\u0101rbaudiet un nomainiet nolietotas vai boj\u0101tas bl\u012bves vai stiprin\u0101jumus.<\/li>\n<li>Not\u012briet un iee\u013c\u013cojiet cilindru un t\u0101 sast\u0101vda\u013cas.<\/li>\n<li>P\u0101rbaudiet hidraulisk\u0101 \u0161\u0137idruma l\u012bmeni un, ja nepiecie\u0161ams, uzpildiet.<\/li>\n<li>P\u0101rbaudiet hidraulisko spiedienu un, ja nepiecie\u0161ams, noregul\u0113jiet.<\/li>\n<li>Ja probl\u0113ma joproj\u0101m past\u0101v vai past\u0101v ba\u017eas par dro\u0161\u012bbu, mekl\u0113jiet profesion\u0101lu pal\u012bdz\u012bbu.<\/li>\n<\/ul>\n<p><img decoding=\"async\" src=\"https:\/\/www.hydraulic-cylinders.net\/wp-content\/uploads\/2025\/01\/songte-chushion-collar.webp\" alt=\"Lishide vid\u0113j\u0101 ekskavatora SC220.8 rokas cilindra att\u0113ls\"><\/p>\n<p>Atcerieties lo\u0123iski sak\u0101rtot rakstu, izmantot apak\u0161virsrakstus \u0113rtai navig\u0101cijai, iek\u013caut atbilsto\u0161us att\u0113lus vai diagrammas, lai uzlabotu izpratni, un nodro\u0161in\u0101t, lai saturs b\u016btu skaidrs, kodol\u012bgs un piem\u0113rots las\u012bt\u0101jiem ar da\u017e\u0101du tehnisko zin\u0101\u0161anu l\u012bmeni.<\/p>\n<p>Autors: lil<\/p>\n<p><img decoding=\"async\" src=\"https:\/\/www.hydraulic-cylinders.net\/wp-content\/uploads\/2025\/01\/songte-company-4.webp\" alt=\"Lishide vid\u0113j\u0101 ekskavatora SC220.8 rokas cilindra att\u0113ls\"><br \/>\n<img decoding=\"async\" src=\"https:\/\/www.hydraulic-cylinders.net\/wp-content\/uploads\/2025\/01\/songte-company-3.webp\" alt=\"Lishide vid\u0113j\u0101 ekskavatora SC220.8 rokas cilindra att\u0113ls\"><\/p>","protected":false},"excerpt":{"rendered":"<p>Arm Cylinder For Lishide Middle Excavator SC220.8 The arm cylinder is a specially designed hydraulic cylinder that is primarily used to provide linear motion and power to the arms of various types of machinery, such as excavators, cranes, and robotic arms. The arm cylinder plays a crucial role in hydraulic systems, enabling the effective movement [&hellip;]<\/p>","protected":false},"featured_media":14772,"comment_status":"open","ping_status":"closed","template":"","meta":{"_et_pb_use_builder":"","_et_pb_old_content":"","_et_gb_content_width":""},"product_brand":[],"product_cat":[1497],"product_tag":[1498,1496],"class_list":{"0":"post-16471","1":"product","2":"type-product","3":"status-publish","4":"has-post-thumbnail","6":"product_cat-arm-cylinders","7":"product_tag-arm-cylinders","8":"product_tag-hydraulic-cylinders","10":"first","11":"instock","12":"shipping-taxable","13":"product-type-simple"},"amp_enabled":true,"_links":{"self":[{"href":"https:\/\/www.hydraulic-cylinders.net\/lv\/wp-json\/wp\/v2\/product\/16471","targetHints":{"allow":["GET"]}}],"collection":[{"href":"https:\/\/www.hydraulic-cylinders.net\/lv\/wp-json\/wp\/v2\/product"}],"about":[{"href":"https:\/\/www.hydraulic-cylinders.net\/lv\/wp-json\/wp\/v2\/types\/product"}],"replies":[{"embeddable":true,"href":"https:\/\/www.hydraulic-cylinders.net\/lv\/wp-json\/wp\/v2\/comments?post=16471"}],"wp:featuredmedia":[{"embeddable":true,"href":"https:\/\/www.hydraulic-cylinders.net\/lv\/wp-json\/wp\/v2\/media\/14772"}],"wp:attachment":[{"href":"https:\/\/www.hydraulic-cylinders.net\/lv\/wp-json\/wp\/v2\/media?parent=16471"}],"wp:term":[{"taxonomy":"product_brand","embeddable":true,"href":"https:\/\/www.hydraulic-cylinders.net\/lv\/wp-json\/wp\/v2\/product_brand?post=16471"},{"taxonomy":"product_cat","embeddable":true,"href":"https:\/\/www.hydraulic-cylinders.net\/lv\/wp-json\/wp\/v2\/product_cat?post=16471"},{"taxonomy":"product_tag","embeddable":true,"href":"https:\/\/www.hydraulic-cylinders.net\/lv\/wp-json\/wp\/v2\/product_tag?post=16471"}],"curies":[{"name":"wp","href":"https:\/\/api.w.org\/{rel}","templated":true}]}}